{"id":11024,"date":"2019-04-30T13:22:49","date_gmt":"2019-04-30T13:22:49","guid":{"rendered":"https:\/\/experiencekrk.com\/wakeboard-cable-krk\/"},"modified":"2020-04-01T11:52:14","modified_gmt":"2020-04-01T11:52:14","slug":"wakeboard-cable-krk-hr","status":"publish","type":"page","link":"https:\/\/experiencekrk.com\/hr\/pustolovni-turizam\/wakeboard-cable-krk-hr\/","title":{"rendered":"Wakeboard Cable Krk"},"content":{"rendered":"<p>[vc_row][vc_column]<div class=\"mkdf-section-title-holder\">\n\t<h1 class=\"mkdf-section-title mkdf-section-title-medium\" >\n\tWakeboard Cable Krk<\/h1>\n<\/div>[vc_row_inner][vc_column_inner width=&#8221;1\/2&#8243;][vc_column_text]Wakeboard Cable Krk, smje\u0161ten u Puntarskoj dragi, nudi jedinstven do\u017eivljaj skijanja na vodi uz moderan ski lift. Tijekom ljetnih mjeseci organiziraju i \u0161kolu wakeboardinga za djecu. Za vi\u0161e informacija obratite im se izravno.<\/p>\n<p>Telefon: <a href=\"tel:+38551621211\">+385 51 621 211<\/a><br \/>\nMobitel: <a href=\"tel:+385912627303\">+385 91 262 7303<\/a><br \/>\nE-mail: <a href=\"mailto:contact@wakeboarder.hr\">contact@wakeboarder.hr<\/a><br \/>\n<a href=\"http:\/\/www.wakeboarder.hr\/?lang=en\" target=\"_blank\" rel=\"noopener noreferrer\">www.wakeboarder.hr<\/a><\/p>\n<p>Adresa: Dunat bb, Korni\u0107[\/vc_column_text][\/vc_column_inner][vc_column_inner width=&#8221;1\/2&#8243;][vc_single_image image=&#8221;4710&#8243; img_size=&#8221;full&#8221;][\/vc_column_inner][\/vc_row_inner][vc_empty_space][vc_column_text][\/vc_column_text][\/vc_column][\/vc_row][vc_row][vc_column]<div class=\"mkdf-section-title-holder\">\n\t<h1 class=\"mkdf-section-title mkdf-section-title-small\" >\n\tLokacija<\/h1>\n<\/div>[vc_row_inner][vc_column_inner][vc_raw_html]JTNDaWZyYW1lJTIwc3JjJTNEJTIyaHR0cHMlM0ElMkYlMkZ3d3cuZ29vZ2xlLmNvbSUyRm1hcHMlMkZlbWJlZCUzRnBiJTNEJTIxMW0xNCUyMTFtOCUyMTFtMyUyMTFkMjYyNTAuNTU4NTkwNTQwNzk3JTIxMmQxNC41ODIyOTIzMzQyNzg1ODglMjEzZDQ1LjAzMTYyOTU5NzAzMzU4JTIxM20yJTIxMWkxMDI0JTIxMmk3NjglMjE0ZjEzLjElMjEzbTMlMjExbTIlMjExczB4MCUyNTNBMHg4MTEyNzcxNmE3ZmM5YjE4JTIxMnNXYWtlYm9hcmQlMkJDYWJsZSUyQktyayUyMTVlMCUyMTNtMiUyMTFzZW4lMjEyc2hyJTIxNHYxNTU2NjMxMDc4MjU4JTIxNW0yJTIxMXNlbiUyMTJzaHIlMjIlMjB3aWR0aCUzRCUyMjk4MCUyMiUyMGhlaWdodCUzRCUyMjMwMCUyMiUyMGZyYW1lYm9yZGVyJTNEJTIyMCUyMiUyMHN0eWxlJTNEJTIyYm9yZGVyJTNBMCUyMiUyMGFsbG93ZnVsbHNjcmVlbiUzRSUzQyUyRmlmcmFtZSUzRQ==[\/vc_raw_html][\/vc_column_inner][\/vc_row_inner][\/vc_column][\/vc_row]<\/p>\n","protected":false},"excerpt":{"rendered":"<p>[vc_row][vc_column][vc_row_inner][vc_column_inner width=&#8221;1\/2&#8243;][vc_column_text]Wakeboard Cable Krk, smje\u0161ten u Puntarskoj dragi, nudi jedinstven do\u017eivljaj skijanja na vodi uz moderan ski lift. Tijekom ljetnih mjeseci organiziraju i \u0161kolu wakeboardinga za djecu. Za vi\u0161e informacija obratite im se izravno. Telefon: +385 51 621 211 Mobitel: +385 91 262 7303 E-mail: contact@wakeboarder.hr www.wakeboarder.hr Adresa: Dunat bb, Korni\u0107[\/vc_column_text][\/vc_column_inner][vc_column_inner width=&#8221;1\/2&#8243;][vc_single_image image=&#8221;4710&#8243; img_size=&#8221;full&#8221;][\/vc_column_inner][\/vc_row_inner][vc_empty_space][vc_column_text][\/vc_column_text][\/vc_column][\/vc_row][vc_row][vc_column][vc_row_inner][vc_column_inner][vc_raw_html]JTNDaWZyYW1lJTIwc3JjJTNEJTIyaHR0cHMlM0ElMkYlMkZ3d3cuZ29vZ2xlLmNvbSUyRm1hcHMlMkZlbWJlZCUzRnBiJTNEJTIxMW0xNCUyMTFtOCUyMTFtMyUyMTFkMjYyNTAuNTU4NTkwNTQwNzk3JTIxMmQxNC41ODIyOTIzMzQyNzg1ODglMjEzZDQ1LjAzMTYyOTU5NzAzMzU4JTIxM20yJTIxMWkxMDI0JTIxMmk3NjglMjE0ZjEzLjElMjEzbTMlMjExbTIlMjExczB4MCUyNTNBMHg4MTEyNzcxNmE3ZmM5YjE4JTIxMnNXYWtlYm9hcmQlMkJDYWJsZSUyQktyayUyMTVlMCUyMTNtMiUyMTFzZW4lMjEyc2hyJTIxNHYxNTU2NjMxMDc4MjU4JTIxNW0yJTIxMXNlbiUyMTJzaHIlMjIlMjB3aWR0aCUzRCUyMjk4MCUyMiUyMGhlaWdodCUzRCUyMjMwMCUyMiUyMGZyYW1lYm9yZGVyJTNEJTIyMCUyMiUyMHN0eWxlJTNEJTIyYm9yZGVyJTNBMCUyMiUyMGFsbG93ZnVsbHNjcmVlbiUzRSUzQyUyRmlmcmFtZSUzRQ==[\/vc_raw_html][\/vc_column_inner][\/vc_row_inner][\/vc_column][\/vc_row]<\/p>\n","protected":false},"author":1,"featured_media":0,"parent":11481,"menu_order":0,"comment_status":"closed","ping_status":"closed","template":"","meta":[],"yoast_head":"<!-- This site is optimized with the Yoast SEO plugin v16.0.1 - https:\/\/yoast.com\/wordpress\/plugins\/seo\/ -->\n<title>Wakeboard Cable Krk - Experience Krk<\/title>\n<link rel=\"canonical\" href=\"https:\/\/experiencekrk.com\/hr\/pustolovni-turizam\/wakeboard-cable-krk-hr\/\" \/>\n<meta property=\"og:locale\" content=\"hr_HR\" \/>\n<meta property=\"og:type\" content=\"article\" \/>\n<meta property=\"og:title\" content=\"Wakeboard Cable Krk - Experience Krk\" \/>\n<meta property=\"og:description\" content=\"[vc_row][vc_column][vc_row_inner][vc_column_inner width=&#8221;1\/2&#8243;][vc_column_text]Wakeboard Cable Krk, smje\u0161ten u Puntarskoj dragi, nudi jedinstven do\u017eivljaj skijanja na vodi uz moderan ski lift. Tijekom ljetnih mjeseci organiziraju i \u0161kolu wakeboardinga za djecu. Za vi\u0161e informacija obratite im se izravno. Telefon: +385 51 621 211 Mobitel: +385 91 262 7303 E-mail: contact@wakeboarder.hr www.wakeboarder.hr Adresa: Dunat bb, Korni\u0107[\/vc_column_text][\/vc_column_inner][vc_column_inner width=&#8221;1\/2&#8243;][vc_single_image image=&#8221;4710&#8243; img_size=&#8221;full&#8221;][\/vc_column_inner][\/vc_row_inner][vc_empty_space][vc_column_text][\/vc_column_text][\/vc_column][\/vc_row][vc_row][vc_column][vc_row_inner][vc_column_inner][vc_raw_html]JTNDaWZyYW1lJTIwc3JjJTNEJTIyaHR0cHMlM0ElMkYlMkZ3d3cuZ29vZ2xlLmNvbSUyRm1hcHMlMkZlbWJlZCUzRnBiJTNEJTIxMW0xNCUyMTFtOCUyMTFtMyUyMTFkMjYyNTAuNTU4NTkwNTQwNzk3JTIxMmQxNC41ODIyOTIzMzQyNzg1ODglMjEzZDQ1LjAzMTYyOTU5NzAzMzU4JTIxM20yJTIxMWkxMDI0JTIxMmk3NjglMjE0ZjEzLjElMjEzbTMlMjExbTIlMjExczB4MCUyNTNBMHg4MTEyNzcxNmE3ZmM5YjE4JTIxMnNXYWtlYm9hcmQlMkJDYWJsZSUyQktyayUyMTVlMCUyMTNtMiUyMTFzZW4lMjEyc2hyJTIxNHYxNTU2NjMxMDc4MjU4JTIxNW0yJTIxMXNlbiUyMTJzaHIlMjIlMjB3aWR0aCUzRCUyMjk4MCUyMiUyMGhlaWdodCUzRCUyMjMwMCUyMiUyMGZyYW1lYm9yZGVyJTNEJTIyMCUyMiUyMHN0eWxlJTNEJTIyYm9yZGVyJTNBMCUyMiUyMGFsbG93ZnVsbHNjcmVlbiUzRSUzQyUyRmlmcmFtZSUzRQ==[\/vc_raw_html][\/vc_column_inner][\/vc_row_inner][\/vc_column][\/vc_row]\" \/>\n<meta property=\"og:url\" content=\"https:\/\/experiencekrk.com\/hr\/pustolovni-turizam\/wakeboard-cable-krk-hr\/\" \/>\n<meta property=\"og:site_name\" content=\"Experience Krk\" \/>\n<meta property=\"article:modified_time\" content=\"2020-04-01T11:52:14+00:00\" \/>\n<meta name=\"twitter:card\" content=\"summary_large_image\" \/>\n<meta name=\"twitter:label1\" content=\"Procijenjeno vrijeme \u010ditanja\">\n\t<meta name=\"twitter:data1\" content=\"1 minuta\">\n<script type=\"application\/ld+json\" class=\"yoast-schema-graph\">{\"@context\":\"https:\/\/schema.org\",\"@graph\":[{\"@type\":\"WebSite\",\"@id\":\"https:\/\/experiencekrk.com\/#website\",\"url\":\"https:\/\/experiencekrk.com\/\",\"name\":\"Experience Krk\",\"description\":\"Cultural Tours, Food &amp; Wine and more\",\"potentialAction\":[{\"@type\":\"SearchAction\",\"target\":\"https:\/\/experiencekrk.com\/?s={search_term_string}\",\"query-input\":\"required name=search_term_string\"}],\"inLanguage\":\"hr\"},{\"@type\":\"WebPage\",\"@id\":\"https:\/\/experiencekrk.com\/hr\/pustolovni-turizam\/wakeboard-cable-krk-hr\/#webpage\",\"url\":\"https:\/\/experiencekrk.com\/hr\/pustolovni-turizam\/wakeboard-cable-krk-hr\/\",\"name\":\"Wakeboard Cable Krk - Experience Krk\",\"isPartOf\":{\"@id\":\"https:\/\/experiencekrk.com\/#website\"},\"datePublished\":\"2019-04-30T13:22:49+00:00\",\"dateModified\":\"2020-04-01T11:52:14+00:00\",\"breadcrumb\":{\"@id\":\"https:\/\/experiencekrk.com\/hr\/pustolovni-turizam\/wakeboard-cable-krk-hr\/#breadcrumb\"},\"inLanguage\":\"hr\",\"potentialAction\":[{\"@type\":\"ReadAction\",\"target\":[\"https:\/\/experiencekrk.com\/hr\/pustolovni-turizam\/wakeboard-cable-krk-hr\/\"]}]},{\"@type\":\"BreadcrumbList\",\"@id\":\"https:\/\/experiencekrk.com\/hr\/pustolovni-turizam\/wakeboard-cable-krk-hr\/#breadcrumb\",\"itemListElement\":[{\"@type\":\"ListItem\",\"position\":1,\"item\":{\"@type\":\"WebPage\",\"@id\":\"https:\/\/experiencekrk.com\/hr\/\",\"url\":\"https:\/\/experiencekrk.com\/hr\/\",\"name\":\"Home\"}},{\"@type\":\"ListItem\",\"position\":2,\"item\":{\"@type\":\"WebPage\",\"@id\":\"https:\/\/experiencekrk.com\/hr\/pustolovni-turizam\/\",\"url\":\"https:\/\/experiencekrk.com\/hr\/pustolovni-turizam\/\",\"name\":\"Pustolovni turizam\"}},{\"@type\":\"ListItem\",\"position\":3,\"item\":{\"@type\":\"WebPage\",\"@id\":\"https:\/\/experiencekrk.com\/hr\/pustolovni-turizam\/wakeboard-cable-krk-hr\/\",\"url\":\"https:\/\/experiencekrk.com\/hr\/pustolovni-turizam\/wakeboard-cable-krk-hr\/\",\"name\":\"Wakeboard Cable Krk\"}}]}]}<\/script>\n<!-- \/ Yoast SEO plugin. -->","_links":{"self":[{"href":"https:\/\/experiencekrk.com\/hr\/wp-json\/wp\/v2\/pages\/11024"}],"collection":[{"href":"https:\/\/experiencekrk.com\/hr\/wp-json\/wp\/v2\/pages"}],"about":[{"href":"https:\/\/experiencekrk.com\/hr\/wp-json\/wp\/v2\/types\/page"}],"author":[{"embeddable":true,"href":"https:\/\/experiencekrk.com\/hr\/wp-json\/wp\/v2\/users\/1"}],"replies":[{"embeddable":true,"href":"https:\/\/experiencekrk.com\/hr\/wp-json\/wp\/v2\/comments?post=11024"}],"version-history":[{"count":3,"href":"https:\/\/experiencekrk.com\/hr\/wp-json\/wp\/v2\/pages\/11024\/revisions"}],"predecessor-version":[{"id":11565,"href":"https:\/\/experiencekrk.com\/hr\/wp-json\/wp\/v2\/pages\/11024\/revisions\/11565"}],"up":[{"embeddable":true,"href":"https:\/\/experiencekrk.com\/hr\/wp-json\/wp\/v2\/pages\/11481"}],"wp:attachment":[{"href":"https:\/\/experiencekrk.com\/hr\/wp-json\/wp\/v2\/media?parent=11024"}],"curies":[{"name":"wp","href":"https:\/\/api.w.org\/{rel}","templated":true}]}}