{"id":11013,"date":"2019-06-06T12:40:14","date_gmt":"2019-06-06T12:40:14","guid":{"rendered":"https:\/\/experiencekrk.com\/hiking\/franciscan-promenade\/"},"modified":"2020-04-01T11:49:55","modified_gmt":"2020-04-01T11:49:55","slug":"staza-do-franjevackog-samostana","status":"publish","type":"page","link":"https:\/\/experiencekrk.com\/hr\/hiking-hr\/staza-do-franjevackog-samostana\/","title":{"rendered":"Staza do franjeva\u010dkog samostana"},"content":{"rendered":"<p>[vc_row][vc_column]<div class=\"mkdf-section-title-holder\">\n\t<h1 class=\"mkdf-section-title mkdf-section-title-medium\" >\n\tStaza do franjeva\u010dkog samostana<\/h1>\n<\/div>[\/vc_column][\/vc_row][vc_row][vc_column width=&#8221;1\/2&#8243; css=&#8221;.vc_custom_1559125178706{padding-top: 0px !important;}&#8221;][vc_column_text css=&#8221;.vc_custom_1585490336647{border-top-width: 0px !important;padding-top: 0px !important;}&#8221;]Staza do franjeva\u010dkog samostana vodit \u0107e vas uz obalu grada Krka, sve do malog oto\u010di\u0107a Ko\u0161ljun na kojem se nalazi franjeva\u010dki samostan. Natrag do grada Krka po\u0111ite preko Punata i malog sela Korni\u0107. Izvrsna je to prilika za vidjeti kako je franjeva\u010dki red stolje\u0107ima utjecao na \u017eivot mje\u0161tana .<\/p>\n<p>Trajanje \u0161etnice do franjeva\u010dkog samostana Krk-Punat-Krk traje 3 sata i ima blizu 11 km.[\/vc_column_text][\/vc_column][vc_column width=&#8221;1\/2&#8243; css=&#8221;.vc_custom_1559125192021{border-top-width: 0px !important;padding-top: 10px !important;}&#8221;]<div class=\"mkdf-image-gallery\">\n\t<div class=\"mkdf-image-gallery-slider \" data-autoplay=\"5\" data-animation=\"slide\" data-navigation=\"yes\" data-pagination=\"yes\">\n\t\t\t\t\t\t\t\t\t<img width=\"600\" height=\"400\" src=\"https:\/\/experiencekrk.com\/wp-content\/uploads\/2019\/06\/City-of-Krk-hiking-2.jpg\" class=\"attachment-full size-full\" alt=\"\" loading=\"lazy\" srcset=\"https:\/\/experiencekrk.com\/wp-content\/uploads\/2019\/06\/City-of-Krk-hiking-2.jpg 600w, https:\/\/experiencekrk.com\/wp-content\/uploads\/2019\/06\/City-of-Krk-hiking-2-300x200.jpg 300w\" sizes=\"(max-width: 600px) 100vw, 600px\" \/>\t\t\t\t\t\t\t\t\t\t\t\t\t<img width=\"600\" height=\"400\" src=\"https:\/\/experiencekrk.com\/wp-content\/uploads\/2019\/06\/City-of-Krk-hiking-4.jpg\" class=\"attachment-full size-full\" alt=\"\" loading=\"lazy\" srcset=\"https:\/\/experiencekrk.com\/wp-content\/uploads\/2019\/06\/City-of-Krk-hiking-4.jpg 600w, https:\/\/experiencekrk.com\/wp-content\/uploads\/2019\/06\/City-of-Krk-hiking-4-300x200.jpg 300w\" sizes=\"(max-width: 600px) 100vw, 600px\" \/>\t\t\t\t\t\t\t<\/div>\n<\/div>[\/vc_column][\/vc_row][vc_row][vc_column][vc_empty_space height=&#8221;10px&#8221;]<div class=\"mkdf-section-title-holder\">\n\t<h1 class=\"mkdf-section-title mkdf-section-title-small\" >\n\tStaza do franjeva\u010dkog samostana<\/h1>\n<\/div>[vc_raw_html]JTNDaWZyYW1lJTIwc3JjJTNEJTIyaHR0cHMlM0ElMkYlMkZ3d3cuZ29vZ2xlLmNvbSUyRm1hcHMlMkZkJTJGdSUyRjAlMkZlbWJlZCUzRm1pZCUzRDEtNzVOQVExYzNEakhyZ1RabGhLMklSVHFXMEJEUENvcyUyMiUyMHdpZHRoJTNEJTIyOTgwJTIyJTIwaGVpZ2h0JTNEJTIyMzUwJTIyJTNFJTNDJTJGaWZyYW1lJTNF[\/vc_raw_html][\/vc_column][\/vc_row]<\/p>\n","protected":false},"excerpt":{"rendered":"<p>[vc_row][vc_column][\/vc_column][\/vc_row][vc_row][vc_column width=&#8221;1\/2&#8243; css=&#8221;.vc_custom_1559125178706{padding-top: 0px !important;}&#8221;][vc_column_text css=&#8221;.vc_custom_1585490336647{border-top-width: 0px !important;padding-top: 0px !important;}&#8221;]Staza do franjeva\u010dkog samostana vodit \u0107e vas uz obalu grada Krka, sve do malog oto\u010di\u0107a Ko\u0161ljun na kojem se nalazi franjeva\u010dki samostan. Natrag do grada Krka po\u0111ite preko Punata i malog sela Korni\u0107. Izvrsna je to prilika za vidjeti kako je franjeva\u010dki red stolje\u0107ima utjecao na \u017eivot mje\u0161tana . Trajanje \u0161etnice do franjeva\u010dkog samostana Krk-Punat-Krk traje 3 sata i ima blizu 11 km.[\/vc_column_text][\/vc_column][vc_column width=&#8221;1\/2&#8243; css=&#8221;.vc_custom_1559125192021{border-top-width: 0px !important;padding-top: 10px !important;}&#8221;][\/vc_column][\/vc_row][vc_row][vc_column][vc_empty_space height=&#8221;10px&#8221;][vc_raw_html]JTNDaWZyYW1lJTIwc3JjJTNEJTIyaHR0cHMlM0ElMkYlMkZ3d3cuZ29vZ2xlLmNvbSUyRm1hcHMlMkZkJTJGdSUyRjAlMkZlbWJlZCUzRm1pZCUzRDEtNzVOQVExYzNEakhyZ1RabGhLMklSVHFXMEJEUENvcyUyMiUyMHdpZHRoJTNEJTIyOTgwJTIyJTIwaGVpZ2h0JTNEJTIyMzUwJTIyJTNFJTNDJTJGaWZyYW1lJTNF[\/vc_raw_html][\/vc_column][\/vc_row]<\/p>\n","protected":false},"author":1,"featured_media":0,"parent":11002,"menu_order":0,"comment_status":"closed","ping_status":"closed","template":"","meta":[],"yoast_head":"<!-- This site is optimized with the Yoast SEO plugin v16.0.1 - https:\/\/yoast.com\/wordpress\/plugins\/seo\/ -->\n<title>Staza do franjeva\u010dkog samostana - Experience Krk<\/title>\n<link rel=\"canonical\" href=\"https:\/\/experiencekrk.com\/hr\/hiking-hr\/staza-do-franjevackog-samostana\/\" \/>\n<meta property=\"og:locale\" content=\"hr_HR\" \/>\n<meta property=\"og:type\" content=\"article\" \/>\n<meta property=\"og:title\" content=\"Staza do franjeva\u010dkog samostana - Experience Krk\" \/>\n<meta property=\"og:description\" content=\"[vc_row][vc_column][\/vc_column][\/vc_row][vc_row][vc_column width=&#8221;1\/2&#8243; css=&#8221;.vc_custom_1559125178706{padding-top: 0px !important;}&#8221;][vc_column_text css=&#8221;.vc_custom_1585490336647{border-top-width: 0px !important;padding-top: 0px !important;}&#8221;]Staza do franjeva\u010dkog samostana vodit \u0107e vas uz obalu grada Krka, sve do malog oto\u010di\u0107a Ko\u0161ljun na kojem se nalazi franjeva\u010dki samostan. Natrag do grada Krka po\u0111ite preko Punata i malog sela Korni\u0107. Izvrsna je to prilika za vidjeti kako je franjeva\u010dki red stolje\u0107ima utjecao na \u017eivot mje\u0161tana . Trajanje \u0161etnice do franjeva\u010dkog samostana Krk-Punat-Krk traje 3 sata i ima blizu 11 km.[\/vc_column_text][\/vc_column][vc_column width=&#8221;1\/2&#8243; css=&#8221;.vc_custom_1559125192021{border-top-width: 0px !important;padding-top: 10px !important;}&#8221;][\/vc_column][\/vc_row][vc_row][vc_column][vc_empty_space height=&#8221;10px&#8221;][vc_raw_html]JTNDaWZyYW1lJTIwc3JjJTNEJTIyaHR0cHMlM0ElMkYlMkZ3d3cuZ29vZ2xlLmNvbSUyRm1hcHMlMkZkJTJGdSUyRjAlMkZlbWJlZCUzRm1pZCUzRDEtNzVOQVExYzNEakhyZ1RabGhLMklSVHFXMEJEUENvcyUyMiUyMHdpZHRoJTNEJTIyOTgwJTIyJTIwaGVpZ2h0JTNEJTIyMzUwJTIyJTNFJTNDJTJGaWZyYW1lJTNF[\/vc_raw_html][\/vc_column][\/vc_row]\" \/>\n<meta property=\"og:url\" content=\"https:\/\/experiencekrk.com\/hr\/hiking-hr\/staza-do-franjevackog-samostana\/\" \/>\n<meta property=\"og:site_name\" content=\"Experience Krk\" \/>\n<meta property=\"article:modified_time\" content=\"2020-04-01T11:49:55+00:00\" \/>\n<meta name=\"twitter:card\" content=\"summary_large_image\" \/>\n<meta name=\"twitter:label1\" content=\"Procijenjeno vrijeme \u010ditanja\">\n\t<meta name=\"twitter:data1\" content=\"1 minuta\">\n<script type=\"application\/ld+json\" class=\"yoast-schema-graph\">{\"@context\":\"https:\/\/schema.org\",\"@graph\":[{\"@type\":\"WebSite\",\"@id\":\"https:\/\/experiencekrk.com\/#website\",\"url\":\"https:\/\/experiencekrk.com\/\",\"name\":\"Experience Krk\",\"description\":\"Cultural Tours, Food &amp; Wine and more\",\"potentialAction\":[{\"@type\":\"SearchAction\",\"target\":\"https:\/\/experiencekrk.com\/?s={search_term_string}\",\"query-input\":\"required name=search_term_string\"}],\"inLanguage\":\"hr\"},{\"@type\":\"WebPage\",\"@id\":\"https:\/\/experiencekrk.com\/hr\/hiking-hr\/staza-do-franjevackog-samostana\/#webpage\",\"url\":\"https:\/\/experiencekrk.com\/hr\/hiking-hr\/staza-do-franjevackog-samostana\/\",\"name\":\"Staza do franjeva\\u010dkog samostana - Experience Krk\",\"isPartOf\":{\"@id\":\"https:\/\/experiencekrk.com\/#website\"},\"datePublished\":\"2019-06-06T12:40:14+00:00\",\"dateModified\":\"2020-04-01T11:49:55+00:00\",\"breadcrumb\":{\"@id\":\"https:\/\/experiencekrk.com\/hr\/hiking-hr\/staza-do-franjevackog-samostana\/#breadcrumb\"},\"inLanguage\":\"hr\",\"potentialAction\":[{\"@type\":\"ReadAction\",\"target\":[\"https:\/\/experiencekrk.com\/hr\/hiking-hr\/staza-do-franjevackog-samostana\/\"]}]},{\"@type\":\"BreadcrumbList\",\"@id\":\"https:\/\/experiencekrk.com\/hr\/hiking-hr\/staza-do-franjevackog-samostana\/#breadcrumb\",\"itemListElement\":[{\"@type\":\"ListItem\",\"position\":1,\"item\":{\"@type\":\"WebPage\",\"@id\":\"https:\/\/experiencekrk.com\/hr\/\",\"url\":\"https:\/\/experiencekrk.com\/hr\/\",\"name\":\"Home\"}},{\"@type\":\"ListItem\",\"position\":2,\"item\":{\"@type\":\"WebPage\",\"@id\":\"https:\/\/experiencekrk.com\/hr\/hiking-hr\/\",\"url\":\"https:\/\/experiencekrk.com\/hr\/hiking-hr\/\",\"name\":\"Hiking\"}},{\"@type\":\"ListItem\",\"position\":3,\"item\":{\"@type\":\"WebPage\",\"@id\":\"https:\/\/experiencekrk.com\/hr\/hiking-hr\/staza-do-franjevackog-samostana\/\",\"url\":\"https:\/\/experiencekrk.com\/hr\/hiking-hr\/staza-do-franjevackog-samostana\/\",\"name\":\"Staza do franjeva\\u010dkog samostana\"}}]}]}<\/script>\n<!-- \/ Yoast SEO plugin. -->","_links":{"self":[{"href":"https:\/\/experiencekrk.com\/hr\/wp-json\/wp\/v2\/pages\/11013"}],"collection":[{"href":"https:\/\/experiencekrk.com\/hr\/wp-json\/wp\/v2\/pages"}],"about":[{"href":"https:\/\/experiencekrk.com\/hr\/wp-json\/wp\/v2\/types\/page"}],"author":[{"embeddable":true,"href":"https:\/\/experiencekrk.com\/hr\/wp-json\/wp\/v2\/users\/1"}],"replies":[{"embeddable":true,"href":"https:\/\/experiencekrk.com\/hr\/wp-json\/wp\/v2\/comments?post=11013"}],"version-history":[{"count":3,"href":"https:\/\/experiencekrk.com\/hr\/wp-json\/wp\/v2\/pages\/11013\/revisions"}],"predecessor-version":[{"id":11017,"href":"https:\/\/experiencekrk.com\/hr\/wp-json\/wp\/v2\/pages\/11013\/revisions\/11017"}],"up":[{"embeddable":true,"href":"https:\/\/experiencekrk.com\/hr\/wp-json\/wp\/v2\/pages\/11002"}],"wp:attachment":[{"href":"https:\/\/experiencekrk.com\/hr\/wp-json\/wp\/v2\/media?parent=11013"}],"curies":[{"name":"wp","href":"https:\/\/api.w.org\/{rel}","templated":true}]}}