{"id":11009,"date":"2019-06-06T12:56:40","date_gmt":"2019-06-06T12:56:40","guid":{"rendered":"https:\/\/experiencekrk.com\/hiking\/recreational-trail-kornic\/"},"modified":"2020-04-01T11:48:25","modified_gmt":"2020-04-01T11:48:25","slug":"rekreativna-staza-kornic","status":"publish","type":"page","link":"https:\/\/experiencekrk.com\/hr\/hiking-hr\/rekreativna-staza-kornic\/","title":{"rendered":"Rekreativna staza Korni\u0107"},"content":{"rendered":"<p>[vc_row][vc_column]<div class=\"mkdf-section-title-holder\">\n\t<h1 class=\"mkdf-section-title mkdf-section-title-medium\" >\n\tRekreativna staza Korni\u0107<\/h1>\n<\/div>[\/vc_column][\/vc_row][vc_row][vc_column width=&#8221;1\/2&#8243; css=&#8221;.vc_custom_1559125178706{padding-top: 0px !important;}&#8221;][vc_column_text css=&#8221;.vc_custom_1585489982075{border-top-width: 0px !important;padding-top: 0px !important;}&#8221;]Budite i aktivni i istra\u017eite prirodne ljepote malog sela Korni\u0107 koje se nalazi u neposrednoj blizini grada Krka. Pro\u0161e\u0107ite ruralnim krajolikom, istra\u017eite prirodne ljepote malog sela, u\u017eivajte u svje\u017eem zraku i malo vje\u017ebajte.<\/p>\n<p>Tijekom boravka u Korni\u0107u preporu\u010dujemo vam da posjetite\u00a0 <a href=\"https:\/\/experiencekrk.com\/hr\/povijest-i-kultura\/etno-bastina\/\">etnografsku zbirku Korni\u0107a<\/a>\u00a0i vidite kako su ljudi prije \u017eivjeli.<\/p>\n<p>Ova rekreativna staza duga\u010dka je ne\u0161to vi\u0161e od 3 km i trebat \u0107e vam otprilike 1:30 sati da ju pro\u0111ete.[\/vc_column_text][\/vc_column][vc_column width=&#8221;1\/2&#8243; css=&#8221;.vc_custom_1559125192021{border-top-width: 0px !important;padding-top: 10px !important;}&#8221;]<div class=\"mkdf-image-gallery\">\n\t<div class=\"mkdf-image-gallery-slider \" data-autoplay=\"5\" data-animation=\"slide\" data-navigation=\"yes\" data-pagination=\"yes\">\n\t\t\t\t\t\t\t\t\t<img width=\"600\" height=\"400\" src=\"https:\/\/experiencekrk.com\/wp-content\/uploads\/2019\/06\/City-of-Krk-krk-bike-story-4.jpg\" class=\"attachment-full size-full\" alt=\"\" loading=\"lazy\" srcset=\"https:\/\/experiencekrk.com\/wp-content\/uploads\/2019\/06\/City-of-Krk-krk-bike-story-4.jpg 600w, https:\/\/experiencekrk.com\/wp-content\/uploads\/2019\/06\/City-of-Krk-krk-bike-story-4-300x200.jpg 300w\" sizes=\"(max-width: 600px) 100vw, 600px\" \/>\t\t\t\t\t\t\t\t\t\t\t\t\t<img width=\"600\" height=\"400\" src=\"https:\/\/experiencekrk.com\/wp-content\/uploads\/2019\/06\/City-of-Krk-hiking-and-jogging.jpg\" class=\"attachment-full size-full\" alt=\"\" loading=\"lazy\" srcset=\"https:\/\/experiencekrk.com\/wp-content\/uploads\/2019\/06\/City-of-Krk-hiking-and-jogging.jpg 600w, https:\/\/experiencekrk.com\/wp-content\/uploads\/2019\/06\/City-of-Krk-hiking-and-jogging-300x200.jpg 300w\" sizes=\"(max-width: 600px) 100vw, 600px\" \/>\t\t\t\t\t\t\t<\/div>\n<\/div>[\/vc_column][\/vc_row][vc_row][vc_column][vc_empty_space height=&#8221;10px&#8221;]<div class=\"mkdf-section-title-holder\">\n\t<h1 class=\"mkdf-section-title mkdf-section-title-small\" >\n\tRecreational path Korni\u0107<\/h1>\n<\/div>[vc_raw_html]JTNDaWZyYW1lJTIwc3JjJTNEJTIyaHR0cHMlM0ElMkYlMkZ3d3cuZ29vZ2xlLmNvbSUyRm1hcHMlMkZkJTJGdSUyRjAlMkZlbWJlZCUzRm1pZCUzRDFIbUg5T1lLRHNFbGw5QXZNQkJNMWlScGJnMHpYbmpaYSUyMiUyMHdpZHRoJTNEJTIyOTgwJTIyJTIwaGVpZ2h0JTNEJTIyMzUwJTIyJTNFJTNDJTJGaWZyYW1lJTNF[\/vc_raw_html]<div class=\"mkdf-separator-holder clearfix  mkdf-separator-center mkdf-separator-full-width\">\n\t<div class=\"mkdf-separator\" style=\"border-color: #ebebeb;border-style: solid;border-bottom-width: 1px;margin-top: 20px;margin-bottom: 45px\"><\/div>\n<\/div>\n[\/vc_column][\/vc_row]<\/p>\n","protected":false},"excerpt":{"rendered":"<p>[vc_row][vc_column][\/vc_column][\/vc_row][vc_row][vc_column width=&#8221;1\/2&#8243; css=&#8221;.vc_custom_1559125178706{padding-top: 0px !important;}&#8221;][vc_column_text css=&#8221;.vc_custom_1585489982075{border-top-width: 0px !important;padding-top: 0px !important;}&#8221;]Budite i aktivni i istra\u017eite prirodne ljepote malog sela Korni\u0107 koje se nalazi u neposrednoj blizini grada Krka. Pro\u0161e\u0107ite ruralnim krajolikom, istra\u017eite prirodne ljepote malog sela, u\u017eivajte u svje\u017eem zraku i malo vje\u017ebajte. Tijekom boravka u Korni\u0107u preporu\u010dujemo vam da posjetite\u00a0 etnografsku zbirku Korni\u0107a\u00a0i vidite kako su ljudi prije \u017eivjeli. Ova rekreativna staza duga\u010dka je ne\u0161to vi\u0161e od 3 km i trebat \u0107e vam otprilike 1:30 sati da ju pro\u0111ete.[\/vc_column_text][\/vc_column][vc_column width=&#8221;1\/2&#8243; css=&#8221;.vc_custom_1559125192021{border-top-width: 0px !important;padding-top: 10px !important;}&#8221;][\/vc_column][\/vc_row][vc_row][vc_column][vc_empty_space height=&#8221;10px&#8221;][vc_raw_html]JTNDaWZyYW1lJTIwc3JjJTNEJTIyaHR0cHMlM0ElMkYlMkZ3d3cuZ29vZ2xlLmNvbSUyRm1hcHMlMkZkJTJGdSUyRjAlMkZlbWJlZCUzRm1pZCUzRDFIbUg5T1lLRHNFbGw5QXZNQkJNMWlScGJnMHpYbmpaYSUyMiUyMHdpZHRoJTNEJTIyOTgwJTIyJTIwaGVpZ2h0JTNEJTIyMzUwJTIyJTNFJTNDJTJGaWZyYW1lJTNF[\/vc_raw_html][\/vc_column][\/vc_row]<\/p>\n","protected":false},"author":1,"featured_media":0,"parent":11002,"menu_order":0,"comment_status":"closed","ping_status":"closed","template":"","meta":[],"yoast_head":"<!-- This site is optimized with the Yoast SEO plugin v16.0.1 - https:\/\/yoast.com\/wordpress\/plugins\/seo\/ -->\n<title>Rekreativna staza Korni\u0107 - Experience Krk<\/title>\n<link rel=\"canonical\" href=\"https:\/\/experiencekrk.com\/hr\/hiking-hr\/rekreativna-staza-kornic\/\" \/>\n<meta property=\"og:locale\" content=\"hr_HR\" \/>\n<meta property=\"og:type\" content=\"article\" \/>\n<meta property=\"og:title\" content=\"Rekreativna staza Korni\u0107 - Experience Krk\" \/>\n<meta property=\"og:description\" content=\"[vc_row][vc_column][\/vc_column][\/vc_row][vc_row][vc_column width=&#8221;1\/2&#8243; css=&#8221;.vc_custom_1559125178706{padding-top: 0px !important;}&#8221;][vc_column_text css=&#8221;.vc_custom_1585489982075{border-top-width: 0px !important;padding-top: 0px !important;}&#8221;]Budite i aktivni i istra\u017eite prirodne ljepote malog sela Korni\u0107 koje se nalazi u neposrednoj blizini grada Krka. Pro\u0161e\u0107ite ruralnim krajolikom, istra\u017eite prirodne ljepote malog sela, u\u017eivajte u svje\u017eem zraku i malo vje\u017ebajte. Tijekom boravka u Korni\u0107u preporu\u010dujemo vam da posjetite\u00a0 etnografsku zbirku Korni\u0107a\u00a0i vidite kako su ljudi prije \u017eivjeli. Ova rekreativna staza duga\u010dka je ne\u0161to vi\u0161e od 3 km i trebat \u0107e vam otprilike 1:30 sati da ju pro\u0111ete.[\/vc_column_text][\/vc_column][vc_column width=&#8221;1\/2&#8243; css=&#8221;.vc_custom_1559125192021{border-top-width: 0px !important;padding-top: 10px !important;}&#8221;][\/vc_column][\/vc_row][vc_row][vc_column][vc_empty_space height=&#8221;10px&#8221;][vc_raw_html]JTNDaWZyYW1lJTIwc3JjJTNEJTIyaHR0cHMlM0ElMkYlMkZ3d3cuZ29vZ2xlLmNvbSUyRm1hcHMlMkZkJTJGdSUyRjAlMkZlbWJlZCUzRm1pZCUzRDFIbUg5T1lLRHNFbGw5QXZNQkJNMWlScGJnMHpYbmpaYSUyMiUyMHdpZHRoJTNEJTIyOTgwJTIyJTIwaGVpZ2h0JTNEJTIyMzUwJTIyJTNFJTNDJTJGaWZyYW1lJTNF[\/vc_raw_html][\/vc_column][\/vc_row]\" \/>\n<meta property=\"og:url\" content=\"https:\/\/experiencekrk.com\/hr\/hiking-hr\/rekreativna-staza-kornic\/\" \/>\n<meta property=\"og:site_name\" content=\"Experience Krk\" \/>\n<meta property=\"article:modified_time\" content=\"2020-04-01T11:48:25+00:00\" \/>\n<meta name=\"twitter:card\" content=\"summary_large_image\" \/>\n<meta name=\"twitter:label1\" content=\"Procijenjeno vrijeme \u010ditanja\">\n\t<meta name=\"twitter:data1\" content=\"1 minuta\">\n<script type=\"application\/ld+json\" class=\"yoast-schema-graph\">{\"@context\":\"https:\/\/schema.org\",\"@graph\":[{\"@type\":\"WebSite\",\"@id\":\"https:\/\/experiencekrk.com\/#website\",\"url\":\"https:\/\/experiencekrk.com\/\",\"name\":\"Experience Krk\",\"description\":\"Cultural Tours, Food &amp; Wine and more\",\"potentialAction\":[{\"@type\":\"SearchAction\",\"target\":\"https:\/\/experiencekrk.com\/?s={search_term_string}\",\"query-input\":\"required name=search_term_string\"}],\"inLanguage\":\"hr\"},{\"@type\":\"WebPage\",\"@id\":\"https:\/\/experiencekrk.com\/hr\/hiking-hr\/rekreativna-staza-kornic\/#webpage\",\"url\":\"https:\/\/experiencekrk.com\/hr\/hiking-hr\/rekreativna-staza-kornic\/\",\"name\":\"Rekreativna staza Korni\\u0107 - Experience Krk\",\"isPartOf\":{\"@id\":\"https:\/\/experiencekrk.com\/#website\"},\"datePublished\":\"2019-06-06T12:56:40+00:00\",\"dateModified\":\"2020-04-01T11:48:25+00:00\",\"breadcrumb\":{\"@id\":\"https:\/\/experiencekrk.com\/hr\/hiking-hr\/rekreativna-staza-kornic\/#breadcrumb\"},\"inLanguage\":\"hr\",\"potentialAction\":[{\"@type\":\"ReadAction\",\"target\":[\"https:\/\/experiencekrk.com\/hr\/hiking-hr\/rekreativna-staza-kornic\/\"]}]},{\"@type\":\"BreadcrumbList\",\"@id\":\"https:\/\/experiencekrk.com\/hr\/hiking-hr\/rekreativna-staza-kornic\/#breadcrumb\",\"itemListElement\":[{\"@type\":\"ListItem\",\"position\":1,\"item\":{\"@type\":\"WebPage\",\"@id\":\"https:\/\/experiencekrk.com\/hr\/\",\"url\":\"https:\/\/experiencekrk.com\/hr\/\",\"name\":\"Home\"}},{\"@type\":\"ListItem\",\"position\":2,\"item\":{\"@type\":\"WebPage\",\"@id\":\"https:\/\/experiencekrk.com\/hr\/hiking-hr\/\",\"url\":\"https:\/\/experiencekrk.com\/hr\/hiking-hr\/\",\"name\":\"Hiking\"}},{\"@type\":\"ListItem\",\"position\":3,\"item\":{\"@type\":\"WebPage\",\"@id\":\"https:\/\/experiencekrk.com\/hr\/hiking-hr\/rekreativna-staza-kornic\/\",\"url\":\"https:\/\/experiencekrk.com\/hr\/hiking-hr\/rekreativna-staza-kornic\/\",\"name\":\"Rekreativna staza Korni\\u0107\"}}]}]}<\/script>\n<!-- \/ Yoast SEO plugin. -->","_links":{"self":[{"href":"https:\/\/experiencekrk.com\/hr\/wp-json\/wp\/v2\/pages\/11009"}],"collection":[{"href":"https:\/\/experiencekrk.com\/hr\/wp-json\/wp\/v2\/pages"}],"about":[{"href":"https:\/\/experiencekrk.com\/hr\/wp-json\/wp\/v2\/types\/page"}],"author":[{"embeddable":true,"href":"https:\/\/experiencekrk.com\/hr\/wp-json\/wp\/v2\/users\/1"}],"replies":[{"embeddable":true,"href":"https:\/\/experiencekrk.com\/hr\/wp-json\/wp\/v2\/comments?post=11009"}],"version-history":[{"count":2,"href":"https:\/\/experiencekrk.com\/hr\/wp-json\/wp\/v2\/pages\/11009\/revisions"}],"predecessor-version":[{"id":11011,"href":"https:\/\/experiencekrk.com\/hr\/wp-json\/wp\/v2\/pages\/11009\/revisions\/11011"}],"up":[{"embeddable":true,"href":"https:\/\/experiencekrk.com\/hr\/wp-json\/wp\/v2\/pages\/11002"}],"wp:attachment":[{"href":"https:\/\/experiencekrk.com\/hr\/wp-json\/wp\/v2\/media?parent=11009"}],"curies":[{"name":"wp","href":"https:\/\/api.w.org\/{rel}","templated":true}]}}