{"id":11002,"date":"2019-06-06T12:26:43","date_gmt":"2019-06-06T12:26:43","guid":{"rendered":"https:\/\/experiencekrk.com\/hiking\/"},"modified":"2020-12-04T18:14:02","modified_gmt":"2020-12-04T18:14:02","slug":"hiking-hr","status":"publish","type":"page","link":"https:\/\/experiencekrk.com\/hr\/hiking-hr\/","title":{"rendered":"Hiking"},"content":{"rendered":"<p>[vc_row][vc_column]<div class=\"mkdf-section-title-holder\">\n\t<h1 class=\"mkdf-section-title mkdf-section-title-medium\" >\n\tHiking<\/h1>\n<\/div>[vc_column_text]Otok Krk uz blagu mediteransku klimu nudi i prekrasnu prirodu koja na prolje\u0107e i jesen privla\u010di izletnike. Pje\u0161a\u010dke staze koje prate morsku obalu (lungomare) idealne su za sve generacije. Postoji i nekoliko tematskih staza koje se preporu\u010duju obiteljima s djecom kao i rekreativnim \u0161eta\u010dima &#8211; staza Putevima zlatnih kapi kr\u010dkog blaga, Pou\u010dna staza &#8220;Put lokava&#8221; te Staza glagoljice. Ove tematske staze odli\u010dne su za istra\u017eivanje kulturne ba\u0161tine otoka Krka i pomo\u0107i \u0107e vam saznati vi\u0161e o njegovim prirodnim ljepotama i gastronomskoj ba\u0161tini.<br \/>\nZahtjevnije rute koje vode kroz netaknutu prirodu preporu\u010duju se profesionalnim alpinistima i iskusnim \u0161eta\u010dima. Preuzmite aplikaciju Krk Hike kako bi saznati informacije o pojedinoj stazi (link za preuzimanje za <a href=\"https:\/\/itunes.apple.com\/us\/app\/krk-hike\/id1404228785?ls=1&amp;mt=8tri\" target=\"_blank\" rel=\"noopener noreferrer\">iPhone<\/a> i za\u00a0 <a href=\"https:\/\/play.google.com\/store\/apps\/details?id=hr.molekula.krkhike\" target=\"_blank\" rel=\"noopener noreferrer\">Android<\/a>).[\/vc_column_text][\/vc_column][\/vc_row][vc_row][vc_column][vc_empty_space height=&#8221;17px&#8221;][vc_gallery type=&#8221;image_grid&#8221; images=&#8221;10095,10087,10091&#8243; img_size=&#8221;medium&#8221;][vc_empty_space height=&#8221;17px&#8221;][vc_single_image image=&#8221;10076&#8243; img_size=&#8221;medium&#8221; alignment=&#8221;center&#8221;]<div class=\"mkdf-testimonials-holder clearfix dark\"><div class=\"mkdf-testimonials testimonials-grid\"><div class=\"mkdf-testimonials-holder-inner\">\n\t<div id=\"mkdf-testimonials11712\" class=\"mkdf-testimonial-content testimonials-grid mkdf-two-columns\">\n\t\t<div class=\"mkdf-testimonial-text-inner \">\n\t\t\t\n\t\t\t\t\t\t\t<div class=\"mkdf-testimonial-author\">\n\t\t\t\t\t<h6 class=\"mkdf-testimonial-author-text \">seeingwithmyheart, Montenegro<\/h6>\n\t\t\t\t\t\n\t\t\t\t<\/div>\n\t\t\t\t\t<\/div>\n\t\t<p class=\"mkdf-testimonial-text \">\"The food was amazing.... and the views reminiscent of ancient Greece\"<\/p>\n\n\t<\/div>\n<\/div>\n<div class=\"mkdf-testimonials-holder-inner\">\n\t<div id=\"mkdf-testimonials11714\" class=\"mkdf-testimonial-content testimonials-grid mkdf-two-columns\">\n\t\t<div class=\"mkdf-testimonial-text-inner \">\n\t\t\t\n\t\t\t\t\t\t\t<div class=\"mkdf-testimonial-author\">\n\t\t\t\t\t<h6 class=\"mkdf-testimonial-author-text \">Kristen K, Connecticut<\/h6>\n\t\t\t\t\t\n\t\t\t\t<\/div>\n\t\t\t\t\t<\/div>\n\t\t<p class=\"mkdf-testimonial-text \">\" ...the views and color of the water, breathtaking! It reminded me of California a bit, but there is no water that color in California!...a must see!!!\"<\/p>\n\n\t<\/div>\n<\/div>\n<div class=\"mkdf-testimonials-holder-inner\">\n\t<div id=\"mkdf-testimonials11715\" class=\"mkdf-testimonial-content testimonials-grid mkdf-two-columns\">\n\t\t<div class=\"mkdf-testimonial-text-inner \">\n\t\t\t\n\t\t\t\t\t\t\t<div class=\"mkdf-testimonial-author\">\n\t\t\t\t\t<h6 class=\"mkdf-testimonial-author-text \">Cropelka, Poland<\/h6>\n\t\t\t\t\t\n\t\t\t\t<\/div>\n\t\t\t\t\t<\/div>\n\t\t<p class=\"mkdf-testimonial-text \">\" a place for those who need peace and quiet on their holiday. It's worth a longer stay, otherwise you might not discover the whole peace and beauty... The pebble beaches there are really excellent and one of the most beautiful in Croatia\"<\/p>\n\n\t<\/div>\n<\/div>\n<div class=\"mkdf-testimonials-holder-inner\">\n\t<div id=\"mkdf-testimonials11718\" class=\"mkdf-testimonial-content testimonials-grid mkdf-two-columns\">\n\t\t<div class=\"mkdf-testimonial-text-inner \">\n\t\t\t\n\t\t\t\t\t\t\t<div class=\"mkdf-testimonial-author\">\n\t\t\t\t\t<h6 class=\"mkdf-testimonial-author-text \">Asiyah Noemi K, Pula<\/h6>\n\t\t\t\t\t\n\t\t\t\t<\/div>\n\t\t\t\t\t<\/div>\n\t\t<p class=\"mkdf-testimonial-text \">\"Untouched nature, wonderful people and rich history make this place special. Architecture in the city of Krk is enchanting. Everything is built in stone like a castle, an exterior wall, a town hall, squares ... beautiful and relaxing\"<\/p>\n\n\t<\/div>\n<\/div>\n<\/div><\/div>[vc_empty_space height=&#8221;17px&#8221;][vc_column_text][\/vc_column_text][\/vc_column][\/vc_row][vc_row][vc_column]<div class=\"mkdf-separator-holder clearfix  mkdf-separator-center mkdf-separator-full-width\">\n\t<div class=\"mkdf-separator\" style=\"border-color: #ebebeb;border-style: solid;border-bottom-width: 1px;margin-top: 20px;margin-bottom: 45px\"><\/div>\n<\/div>\n[vc_row_inner][vc_column_inner width=&#8221;1\/3&#8243;][vc_single_image image=&#8221;5730&#8243; img_size=&#8221;full&#8221; alignment=&#8221;center&#8221; style=&#8221;vc_box_rounded&#8221; onclick=&#8221;custom_link&#8221; link=&#8221;https:\/\/experiencekrk.com\/family-vacation\/family-themed-paths\/&#8221;][vc_column_text el_class=&#8221;custom-tour-text&#8221;]<\/p>\n<p style=\"text-align: center;\"><a href=\"https:\/\/experiencekrk.com\/hr\/obiteljski-odmor\/obiteljske-tematske-staze\/\" target=\"_blank\" rel=\"noopener noreferrer\"><span style=\"color: #870337;\"><strong>Obiteljske tematske staze<\/strong><\/span><\/a><\/p>\n<p>[\/vc_column_text][\/vc_column_inner][vc_column_inner width=&#8221;1\/3&#8243;][vc_single_image image=&#8221;5930&#8243; img_size=&#8221;full&#8221; alignment=&#8221;center&#8221; style=&#8221;vc_box_rounded&#8221; onclick=&#8221;custom_link&#8221; link=&#8221;https:\/\/experiencekrk.com\/hiking\/recreational-trail-kornic\/&#8221;][vc_column_text el_class=&#8221;custom-tour-text&#8221;]<\/p>\n<p style=\"text-align: center;\"><a href=\"https:\/\/experiencekrk.com\/hr\/hiking-hr\/rekreativna-staza-kornic\/\"><span style=\"color: #870337;\"><strong>Rekreativna staza Korni\u0107<\/strong><\/span><\/a><\/p>\n<p>[\/vc_column_text][\/vc_column_inner][vc_column_inner width=&#8221;1\/3&#8243;][vc_single_image image=&#8221;5926&#8243; img_size=&#8221;full&#8221; alignment=&#8221;center&#8221; style=&#8221;vc_box_rounded&#8221; onclick=&#8221;custom_link&#8221; link=&#8221;https:\/\/experiencekrk.com\/hiking\/franciscan-promenade\/&#8221;][vc_column_text el_class=&#8221;custom-tour-text&#8221; css=&#8221;.vc_custom_1585489310649{border-right-width: 0px !important;border-left-width: 0px !important;background-position: center !important;background-repeat: no-repeat !important;background-size: contain !important;}&#8221;]<\/p>\n<p style=\"text-align: center;\"><span style=\"color: #870337;\"><strong><a href=\"https:\/\/experiencekrk.com\/hr\/hiking-hr\/staza-do-franjevackog-samostana\/\">Staza do franjeva\u010dkog samostana<\/a><br \/>\n<\/strong><\/span><\/p>\n<p>[\/vc_column_text][\/vc_column_inner][\/vc_row_inner][\/vc_column][\/vc_row][vc_row][vc_column][vc_empty_space]<div class=\"mkdf-separator-holder clearfix  mkdf-separator-center mkdf-separator-full-width\">\n\t<div class=\"mkdf-separator\" style=\"border-color: #ebebeb;border-style: solid;border-bottom-width: 1px;margin-top: 20px;margin-bottom: 45px\"><\/div>\n<\/div>\n<div class=\"mkdf-section-title-holder\">\n\t<h1 class=\"mkdf-section-title mkdf-section-title-medium\" >\n\tRecommended tours<\/h1>\n<\/div><div class=\"mkdf-tours-list-holder mkdf-tours-gallery-with-hover\">\n\t\t\t<p>No tours match your criteria<\/p>\n\t\t<\/div>[\/vc_column][\/vc_row]<\/p>\n","protected":false},"excerpt":{"rendered":"<p>[vc_row][vc_column][vc_column_text]Otok Krk uz blagu mediteransku klimu nudi i prekrasnu prirodu koja na prolje\u0107e i jesen privla\u010di izletnike. Pje\u0161a\u010dke staze koje prate morsku obalu (lungomare) idealne su za sve generacije. Postoji i nekoliko tematskih staza koje se preporu\u010duju obiteljima s djecom kao i rekreativnim \u0161eta\u010dima &#8211; staza Putevima zlatnih kapi kr\u010dkog blaga, Pou\u010dna staza &#8220;Put lokava&#8221; te Staza glagoljice. Ove tematske staze odli\u010dne su za istra\u017eivanje kulturne ba\u0161tine otoka Krka i pomo\u0107i \u0107e vam saznati vi\u0161e o njegovim prirodnim ljepotama i gastronomskoj ba\u0161tini. Zahtjevnije rute koje vode kroz netaknutu prirodu preporu\u010duju&#8230;<\/p>\n","protected":false},"author":1,"featured_media":0,"parent":0,"menu_order":0,"comment_status":"closed","ping_status":"closed","template":"","meta":[],"yoast_head":"<!-- This site is optimized with the Yoast SEO plugin v16.0.1 - https:\/\/yoast.com\/wordpress\/plugins\/seo\/ -->\n<title>Hiking - Experience Krk<\/title>\n<link rel=\"canonical\" href=\"https:\/\/experiencekrk.com\/hr\/hiking-hr\/\" \/>\n<meta property=\"og:locale\" content=\"hr_HR\" \/>\n<meta property=\"og:type\" content=\"article\" \/>\n<meta property=\"og:title\" content=\"Hiking - Experience Krk\" \/>\n<meta property=\"og:description\" content=\"[vc_row][vc_column][vc_column_text]Otok Krk uz blagu mediteransku klimu nudi i prekrasnu prirodu koja na prolje\u0107e i jesen privla\u010di izletnike. Pje\u0161a\u010dke staze koje prate morsku obalu (lungomare) idealne su za sve generacije. Postoji i nekoliko tematskih staza koje se preporu\u010duju obiteljima s djecom kao i rekreativnim \u0161eta\u010dima &#8211; staza Putevima zlatnih kapi kr\u010dkog blaga, Pou\u010dna staza &#8220;Put lokava&#8221; te Staza glagoljice. Ove tematske staze odli\u010dne su za istra\u017eivanje kulturne ba\u0161tine otoka Krka i pomo\u0107i \u0107e vam saznati vi\u0161e o njegovim prirodnim ljepotama i gastronomskoj ba\u0161tini. Zahtjevnije rute koje vode kroz netaknutu prirodu preporu\u010duju...\" \/>\n<meta property=\"og:url\" content=\"https:\/\/experiencekrk.com\/hr\/hiking-hr\/\" \/>\n<meta property=\"og:site_name\" content=\"Experience Krk\" \/>\n<meta property=\"article:modified_time\" content=\"2020-12-04T18:14:02+00:00\" \/>\n<meta name=\"twitter:card\" content=\"summary_large_image\" \/>\n<meta name=\"twitter:label1\" content=\"Procijenjeno vrijeme \u010ditanja\">\n\t<meta name=\"twitter:data1\" content=\"2 minute\">\n<script type=\"application\/ld+json\" class=\"yoast-schema-graph\">{\"@context\":\"https:\/\/schema.org\",\"@graph\":[{\"@type\":\"WebSite\",\"@id\":\"https:\/\/experiencekrk.com\/#website\",\"url\":\"https:\/\/experiencekrk.com\/\",\"name\":\"Experience Krk\",\"description\":\"Cultural Tours, Food &amp; Wine and more\",\"potentialAction\":[{\"@type\":\"SearchAction\",\"target\":\"https:\/\/experiencekrk.com\/?s={search_term_string}\",\"query-input\":\"required name=search_term_string\"}],\"inLanguage\":\"hr\"},{\"@type\":\"WebPage\",\"@id\":\"https:\/\/experiencekrk.com\/hr\/hiking-hr\/#webpage\",\"url\":\"https:\/\/experiencekrk.com\/hr\/hiking-hr\/\",\"name\":\"Hiking - Experience Krk\",\"isPartOf\":{\"@id\":\"https:\/\/experiencekrk.com\/#website\"},\"datePublished\":\"2019-06-06T12:26:43+00:00\",\"dateModified\":\"2020-12-04T18:14:02+00:00\",\"breadcrumb\":{\"@id\":\"https:\/\/experiencekrk.com\/hr\/hiking-hr\/#breadcrumb\"},\"inLanguage\":\"hr\",\"potentialAction\":[{\"@type\":\"ReadAction\",\"target\":[\"https:\/\/experiencekrk.com\/hr\/hiking-hr\/\"]}]},{\"@type\":\"BreadcrumbList\",\"@id\":\"https:\/\/experiencekrk.com\/hr\/hiking-hr\/#breadcrumb\",\"itemListElement\":[{\"@type\":\"ListItem\",\"position\":1,\"item\":{\"@type\":\"WebPage\",\"@id\":\"https:\/\/experiencekrk.com\/hr\/\",\"url\":\"https:\/\/experiencekrk.com\/hr\/\",\"name\":\"Home\"}},{\"@type\":\"ListItem\",\"position\":2,\"item\":{\"@type\":\"WebPage\",\"@id\":\"https:\/\/experiencekrk.com\/hr\/hiking-hr\/\",\"url\":\"https:\/\/experiencekrk.com\/hr\/hiking-hr\/\",\"name\":\"Hiking\"}}]}]}<\/script>\n<!-- \/ Yoast SEO plugin. -->","_links":{"self":[{"href":"https:\/\/experiencekrk.com\/hr\/wp-json\/wp\/v2\/pages\/11002"}],"collection":[{"href":"https:\/\/experiencekrk.com\/hr\/wp-json\/wp\/v2\/pages"}],"about":[{"href":"https:\/\/experiencekrk.com\/hr\/wp-json\/wp\/v2\/types\/page"}],"author":[{"embeddable":true,"href":"https:\/\/experiencekrk.com\/hr\/wp-json\/wp\/v2\/users\/1"}],"replies":[{"embeddable":true,"href":"https:\/\/experiencekrk.com\/hr\/wp-json\/wp\/v2\/comments?post=11002"}],"version-history":[{"count":3,"href":"https:\/\/experiencekrk.com\/hr\/wp-json\/wp\/v2\/pages\/11002\/revisions"}],"predecessor-version":[{"id":32711,"href":"https:\/\/experiencekrk.com\/hr\/wp-json\/wp\/v2\/pages\/11002\/revisions\/32711"}],"wp:attachment":[{"href":"https:\/\/experiencekrk.com\/hr\/wp-json\/wp\/v2\/media?parent=11002"}],"curies":[{"name":"wp","href":"https:\/\/api.w.org\/{rel}","templated":true}]}}