{"id":10933,"date":"2019-06-05T12:35:12","date_gmt":"2019-06-05T12:35:12","guid":{"rendered":"https:\/\/experiencekrk.com\/family-vacation\/boat-trips\/"},"modified":"2020-04-01T11:41:35","modified_gmt":"2020-04-01T11:41:35","slug":"izleti-brodom","status":"publish","type":"page","link":"https:\/\/experiencekrk.com\/hr\/obiteljski-odmor\/izleti-brodom\/","title":{"rendered":"Izleti brodom"},"content":{"rendered":"<p>[vc_row][vc_column]<div class=\"mkdf-section-title-holder\">\n\t<h1 class=\"mkdf-section-title mkdf-section-title-medium\" >\n\tLov na blago - izlet brodom<\/h1>\n<\/div>[\/vc_column][\/vc_row][vc_row][vc_column width=&#8221;1\/2&#8243; css=&#8221;.vc_custom_1559125178706{padding-top: 0px !important;}&#8221;][vc_column_text css=&#8221;.vc_custom_1585589298756{border-top-width: 0px !important;padding-top: 0px !important;}&#8221;]Lokalna legenda ka\u017ee da su se u 16. stolje\u0107u gusari sukobili s trgova\u010dkom galijom koja je prevozila vrijedan teret. Bitka se vodila u kanalu izme\u0111u dva napu\u0161tena otoka &#8211; Malog Plavnika i Plavnika. U toj bitci prin\u010devi su \u010duvari potopili gusarski brod, a pre\u017eivio je samo jedan gusar. Pre\u017eivjeli gusar stigao je na otok Plavnik gdje je zakopao blago. Odatle je nestao bez traga, a skriveno blago jo\u0161 nije prona\u0111eno. Tko zna, mo\u017eda \u0107ete ba\u0161 vi biti sretni pronalaza\u010d.<\/p>\n<p>Mobitel: <a href=\"tel:+38591788 269\">+385 91 788 3269<\/a><br \/>\nE-mail: <a href=\"mailto:otacrokokrk@gmail.com\">otacrokokrk@gmail.com<\/a><br \/>\nWeb: www.otacroko.hr<br \/>\nAdresa: Kr\u010dkih iseljenika 9, 51500 Krk[\/vc_column_text][vc_column_text][\/vc_column_text][\/vc_column][vc_column width=&#8221;1\/2&#8243; css=&#8221;.vc_custom_1559125192021{border-top-width: 0px !important;padding-top: 10px !important;}&#8221;][vc_single_image image=&#8221;5756&#8243; img_size=&#8221;full&#8221;][\/vc_column][\/vc_row][vc_row][vc_column]<div class=\"mkdf-separator-holder clearfix  mkdf-separator-center mkdf-separator-full-width\">\n\t<div class=\"mkdf-separator\" style=\"border-color: #ebebeb;border-style: solid;border-bottom-width: 1px;margin-top: 20px;margin-bottom: 45px\"><\/div>\n<\/div>\n[vc_empty_space height=&#8221;40px&#8221;][vc_column_text]U\u017eivajte u svje\u017eem morskom zraku i laganom povjetarcu na izletima brodom koji se organiziraju iz grada Krka do obli\u017enjih otoka, uvala i skrivenih pla\u017ea. Informacije o izletima brodom iz grada Krka najbolje \u0107ete prona\u0107i u gradskoj luci, gdje odmah mo\u017eete i rezervirati svoje mjesto na jednoj od ponu\u0111enih brodskih tura. Ako \u017eelite rezervirati unaprijed, pogledajte popis agencija koje organiziraju izlete brodom i izravno im se obratite.[\/vc_column_text][\/vc_column][\/vc_row][vc_row][vc_column width=&#8221;1\/2&#8243; css=&#8221;.vc_custom_1559123188863{padding-top: 15px !important;}&#8221;][vc_column_text css=&#8221;.vc_custom_1585484715171{border-top-width: 0px !important;padding-top: 0px !important;}&#8221;]<strong>&#8216;BURA&#8221; 216 KK &#8211; vlasnik Denis Stolfa<\/strong><br \/>\nMobitel: <a href=\"tel:+385989464215\">+385 98 946 4215<\/a><br \/>\nE-mail: <a href=\"mailto:o.stolfa@gmail.com\">o.stolfa@gmail.com<\/a><br \/>\nWeb: <a href=\"http:\/\/www.krkapartments.info\" target=\"_blank\" rel=\"noopener noreferrer\">www.krkapartments.info<\/a><br \/>\nAddress: Ivana Zajca 1, 51500 Krk<\/p>\n<p><strong>DIVER Krk<\/strong><br \/>\nMobitel: <a href=\"tel:+385912222390\">+385 91 2222 390<\/a><br \/>\nE-mail: <a href=\"mailto:info@diver-krk.hr\">info@diver-krk.hr<\/a><br \/>\nWeb: <a href=\"http:\/\/www.diver-krk.hr\" target=\"_blank\" rel=\"noopener noreferrer\">www.diver-krk.hr<\/a><br \/>\nAdresa: Bra\u0107e Juras 9, 51500 Krk[\/vc_column_text][\/vc_column][vc_column width=&#8221;1\/2&#8243; css=&#8221;.vc_custom_1559125093053{border-top-width: 0px !important;padding-top: 25px !important;}&#8221;][vc_single_image image=&#8221;5762&#8243; img_size=&#8221;full&#8221;][\/vc_column][\/vc_row][vc_row][vc_column][vc_empty_space height=&#8221;10px&#8221;][\/vc_column][\/vc_row][vc_row][vc_column width=&#8221;1\/2&#8243; css=&#8221;.vc_custom_1559819676827{padding-top: 15px !important;}&#8221; offset=&#8221;vc_hidden-sm vc_hidden-xs&#8221;][vc_single_image image=&#8221;5760&#8243; img_size=&#8221;full&#8221;][\/vc_column][vc_column width=&#8221;1\/2&#8243; css=&#8221;.vc_custom_1559819681236{border-top-width: 0px !important;padding-top: 25px !important;}&#8221; offset=&#8221;vc_hidden-sm vc_hidden-xs&#8221;][vc_column_text css=&#8221;.vc_custom_1585484796041{border-top-width: 0px !important;padding-top: 0px !important;}&#8221;]<strong>m\/b &#8221;EIGIDA&#8221; &#8211; vlasnik Miljenko Str\u010di\u0107<\/strong><br \/>\nTelefon: <a href=\"tel:+38551221083\">+385 51 221 083<\/a><br \/>\nMobitel: <a href=\"tel:+385915239142\">+385 91 523 9142<\/a><br \/>\nE-mail: <a href=\"mailto:strcicp@gmail.com\">strcicp@gmail.com<\/a><br \/>\nAdresa: S. Nikoli\u0107a 20, 51500 Krk<\/p>\n<p><strong>m\/B DORIA- vlasnik Marko \u017dili\u0107<\/strong><br \/>\nTelafon: <a href=\"tel:+38551222449\">+385 51 222 449<\/a><br \/>\nMobitel: <a href=\"tel:+385912516060\">+385 91 251 6060<\/a><br \/>\nE-mail: <a href=\"mailto:marko.zilic@ri.t-com.hr\">marko.zilic@ri.t-com.hr<\/a><br \/>\nAdresa: Frankopanska 20, 51500 Krk[\/vc_column_text][\/vc_column][\/vc_row][vc_row][vc_column width=&#8221;1\/2&#8243; css=&#8221;.vc_custom_1559819686738{padding-top: 15px !important;}&#8221; offset=&#8221;vc_hidden-lg vc_hidden-md&#8221;][vc_column_text css=&#8221;.vc_custom_1559739307856{border-top-width: 0px !important;padding-top: 0px !important;}&#8221;]<strong>m\/b &#8221;EIGIDA&#8221; &#8211; owner Miljenko Str\u010di\u0107<\/strong><br \/>\nPhone: <a href=\"tel:+38551221083\">+385 51 221 083<\/a><br \/>\nMobile: <a href=\"tel:+385915239142\">+385 91 523 9142<\/a><br \/>\nE-mail: <a href=\"mailto:strcicp@gmail.com\">strcicp@gmail.com<\/a><br \/>\nAddress: S. Nikoli\u0107a 20, 51500 Krk<\/p>\n<p><strong>m\/B DORIA- owner Marko \u017dili\u0107<\/strong><br \/>\nPhone: <a href=\"tel:+38551222449\">+385 51 222 449<\/a><br \/>\nMobile: <a href=\"tel:+385912516060\">+385 91 251 6060<\/a><br \/>\nE-mail: <a href=\"mailto:marko.zilic@ri.t-com.hr\">marko.zilic@ri.t-com.hr<\/a><br \/>\nAddress: Frankopanska 20, 51500 Krk[\/vc_column_text][\/vc_column][vc_column width=&#8221;1\/2&#8243; css=&#8221;.vc_custom_1559819691347{border-top-width: 0px !important;padding-top: 25px !important;}&#8221; offset=&#8221;vc_hidden-lg vc_hidden-md&#8221;][vc_single_image image=&#8221;5760&#8243; img_size=&#8221;full&#8221;][\/vc_column][\/vc_row][vc_row][vc_column][vc_empty_space height=&#8221;10px&#8221;][\/vc_column][\/vc_row][vc_row][vc_column width=&#8221;1\/2&#8243; css=&#8221;.vc_custom_1559123188863{padding-top: 15px !important;}&#8221;][vc_column_text css=&#8221;.vc_custom_1585484855258{border-top-width: 0px !important;padding-top: 0px !important;}&#8221;]<strong>m\/b &#8221;MALI PIN&#8221; &amp; &#8220;NEMO&#8221;- vlasnik Marijan Volari\u0107<\/strong><br \/>\nMobitel: <a href=\"tel:+385915052916\">+385 91 505 2916<\/a><br \/>\nE-mail: <a href=\"mailto:franev@net.hr\">franev@net.hr<\/a><br \/>\nWeb: <a href=\"http:\/\/www.mali-pin.com\" target=\"_blank\" rel=\"noopener noreferrer\">www.mali-pin.com<\/a><br \/>\nAdresa: Drage Gervaisa 8, 51500 Krk<\/p>\n<p><strong>m\/b MORENA&#8221; &amp; &#8221;TAJANA&#8221; &#8211; vlasnik Anton \u017du\u017ei\u0107<\/strong><br \/>\nMobitel: <a href=\"tel:+385911221280\">+385 91 122 1280<\/a><br \/>\nMobitel: <a href=\"tel:+385917898828\">+385 91 789 88 28<\/a><br \/>\nE-mail: <a href=\"mailto:info@zuzic-krk.com\">info@zuzic-krk.com<\/a><br \/>\nWeb: <a href=\"http:\/\/info@zuzic-krk.com\" target=\"_blank\" rel=\"noopener noreferrer\">www.zuzic-krk.com<\/a><br \/>\nAdresa: Lakmartinska 23, 51500 Krk[\/vc_column_text][\/vc_column][vc_column width=&#8221;1\/2&#8243; css=&#8221;.vc_custom_1559125093053{border-top-width: 0px !important;padding-top: 25px !important;}&#8221;][vc_single_image image=&#8221;5759&#8243; img_size=&#8221;full&#8221;][\/vc_column][\/vc_row][vc_row][vc_column][vc_empty_space height=&#8221;10px&#8221;][\/vc_column][\/vc_row][vc_row][vc_column width=&#8221;1\/2&#8243; css=&#8221;.vc_custom_1559819710014{padding-top: 15px !important;}&#8221; offset=&#8221;vc_hidden-sm vc_hidden-xs&#8221;][vc_single_image image=&#8221;5757&#8243; img_size=&#8221;full&#8221;][\/vc_column][vc_column width=&#8221;1\/2&#8243; css=&#8221;.vc_custom_1559819714923{border-top-width: 0px !important;padding-top: 25px !important;}&#8221; offset=&#8221;vc_hidden-sm vc_hidden-xs&#8221;][vc_column_text css=&#8221;.vc_custom_1585484925768{border-top-width: 0px !important;padding-top: 0px !important;}&#8221;]<strong>m\/b \u201cSV. PETAR\u201d &amp; m\/j &#8221;PIPI&#8221; \u2013 ADRIA EXPLORER&#8221; &#8211; I.R.T.D.A. d.o.o.<\/strong><br \/>\nTelefon: <a href=\"tel:+38551862148\">+385 51 862 148<\/a><br \/>\nMobitel: <a href=\"tel:+385917964656\">+385 91 796 4656<\/a><br \/>\nE-mail: <a href=\"mailto:kontakt@correct-diving.com\">kontakt@correct-diving.com<\/a><br \/>\nAdresa: Brzac 33, 51500 Krk<\/p>\n<p><strong>m\/b &#8220;BRODICA 282 KRK&#8221; &#8211; vlasnik Nikica Depikolozvane<\/strong><br \/>\nTelefon: <a href=\"tel:+38551220159\">+385 51 220 159<\/a><br \/>\nMobitel: <a href=\"tel:+385912511068\">+385 91 251 1068<\/a><br \/>\nE-mail: <a href=\"mailto:nikica.depikolozvane@ri.t-com.hr\">nikica.depikolozvane@ri.t-com.hr<\/a><br \/>\nAdresa: Kr\u010dkih iseljenika 15, 51500 Krk[\/vc_column_text][\/vc_column][\/vc_row][vc_row][vc_column width=&#8221;1\/2&#8243; css=&#8221;.vc_custom_1559819720706{padding-top: 15px !important;}&#8221; offset=&#8221;vc_hidden-lg vc_hidden-md&#8221;][vc_column_text css=&#8221;.vc_custom_1559739778654{border-top-width: 0px !important;padding-top: 0px !important;}&#8221;]<strong>m\/b \u201cSV. PETAR\u201d &amp; m\/j &#8221;PIPI&#8221; \u2013 ADRIA EXPLORER&#8221; &#8211; I.R.T.D.A. d.o.o.<\/strong><br \/>\nPhone: <a href=\"tel:+38551862148\">+385 51 862 148<\/a><br \/>\nMobile: <a href=\"tel:+385917964656\">+385 91 796 4656<\/a><br \/>\nE-mail: <a href=\"mailto:kontakt@correct-diving.com\">kontakt@correct-diving.com<\/a><br \/>\nAddress: Brzac 33, 51500 Krk<\/p>\n<p><strong>m\/b &#8220;BRODICA 282 KRK&#8221; &#8211; owner Nikica Depikolozvane<\/strong><br \/>\nPhone: <a href=\"tel:+38551220159\">+385 51 220 159<\/a><br \/>\nMobile: <a href=\"tel:+385912511068\">+385 91 251 1068<\/a><br \/>\nE-mail: <a href=\"mailto:nikica.depikolozvane@ri.t-com.hr\">nikica.depikolozvane@ri.t-com.hr<\/a><br \/>\nAddress: Kr\u010dkih iseljenika 15, 51500 Krk[\/vc_column_text][\/vc_column][vc_column width=&#8221;1\/2&#8243; css=&#8221;.vc_custom_1559819724589{border-top-width: 0px !important;padding-top: 25px !important;}&#8221; offset=&#8221;vc_hidden-lg vc_hidden-md&#8221;][vc_single_image image=&#8221;5757&#8243; img_size=&#8221;full&#8221;][\/vc_column][\/vc_row][vc_row][vc_column][vc_empty_space height=&#8221;10px&#8221;][\/vc_column][\/vc_row][vc_row][vc_column width=&#8221;1\/2&#8243; css=&#8221;.vc_custom_1559123188863{padding-top: 15px !important;}&#8221;][vc_column_text css=&#8221;.vc_custom_1585484999473{border-top-width: 0px !important;padding-top: 0px !important;}&#8221;]<strong>m\/b &#8221;VOJGA&#8221; &#8211; vlasnik Miro Volari\u0107<\/strong><br \/>\nMobitel:<a href=\"tel:+38598283257\"> +385 98 283 257<\/a><br \/>\nE-mail: <a href=\"mailto:miro.volaric@ri.t-com.hr\">miro.volaric@ri.t-com.hr<\/a><br \/>\nAdresa: Borik 4, 51500 Krk<\/p>\n<p><strong>&#8216;OBELIX&#8221; 231 KK &#8211; vlasnik Andreja Jurasi\u0107 and Geza Szarka<\/strong><br \/>\nTelefon: <a href=\"tel:+38551604248\">+385 51 604 248<\/a><br \/>\nMobitel: <a href=\"tel:+385981856032\">+385 98 185 6032<\/a><br \/>\nE-mail: <a href=\"mailto:adrijan.krk@ri.t-com.hr\">adrijan.krk@ri.t-com.hr<\/a><br \/>\nWeb: <a href=\"http:\/\/www.adrijan-krk.hr\" target=\"_blank\" rel=\"noopener noreferrer\">www.adrijan-krk.hr<\/a><br \/>\nAdresa: Creska 12, 51500 Krk[\/vc_column_text][vc_column_text][\/vc_column_text][\/vc_column][vc_column width=&#8221;1\/2&#8243; css=&#8221;.vc_custom_1559125093053{border-top-width: 0px !important;padding-top: 25px !important;}&#8221;][vc_single_image image=&#8221;5761&#8243; img_size=&#8221;full&#8221;][\/vc_column][\/vc_row][vc_row][vc_column][vc_empty_space height=&#8221;10px&#8221;][\/vc_column][\/vc_row][vc_row][vc_column width=&#8221;1\/2&#8243; css=&#8221;.vc_custom_1559819739709{padding-top: 15px !important;}&#8221; offset=&#8221;vc_hidden-sm vc_hidden-xs&#8221;][vc_single_image image=&#8221;5758&#8243; img_size=&#8221;full&#8221;][\/vc_column][vc_column width=&#8221;1\/2&#8243; css=&#8221;.vc_custom_1559819743472{border-top-width: 0px !important;padding-top: 25px !important;}&#8221; offset=&#8221;vc_hidden-sm vc_hidden-xs&#8221;][vc_column_text css=&#8221;.vc_custom_1585485032465{border-top-width: 0px !important;padding-top: 0px !important;}&#8221;]<strong>&#8220;RIBA T&#8221;<\/strong><br \/>\nTelefon: <a href=\"tel:+38551863222\">+385 51 863 222<\/a><br \/>\nMobitel: <a href=\"tel:+385915301692\">+385 91 530 1692<\/a><br \/>\nE-mail: <a href=\"mailto:anton.zuzic1@gmail.com\">anton.zuzic1@gmail.com<\/a><br \/>\nWeb: <a href=\"http:\/\/www.diving-zuzic.com\" target=\"_blank\" rel=\"noopener noreferrer\">www.diving-zuzic.com<\/a><br \/>\nAdresa: Put sv. Fuske 19, Pinezi\u0107[\/vc_column_text][\/vc_column][\/vc_row][vc_row][vc_column width=&#8221;1\/2&#8243; css=&#8221;.vc_custom_1559819747590{padding-top: 15px !important;}&#8221; offset=&#8221;vc_hidden-lg vc_hidden-md&#8221;][vc_column_text css=&#8221;.vc_custom_1559740149241{border-top-width: 0px !important;padding-top: 0px !important;}&#8221;]<strong>&#8220;RIBA T&#8221;<\/strong><br \/>\nPhone: <a href=\"tel:+38551863222\">+385 51 863 222<\/a><br \/>\nMobile: <a href=\"tel:+385915301692\">+385 91 530 1692<\/a><br \/>\nE-mail: <a href=\"mailto:anton.zuzic1@gmail.com\">anton.zuzic1@gmail.com<\/a><br \/>\nWeb: <a href=\"http:\/\/www.diving-zuzic.com\" target=\"_blank\" rel=\"noopener noreferrer\">www.diving-zuzic.com<\/a><br \/>\nAddress: Put sv. Fuske 19, Pinezi\u0107[\/vc_column_text][\/vc_column][vc_column width=&#8221;1\/2&#8243; css=&#8221;.vc_custom_1559819751569{border-top-width: 0px !important;padding-top: 25px !important;}&#8221; offset=&#8221;vc_hidden-lg vc_hidden-md&#8221;][vc_single_image image=&#8221;5758&#8243; img_size=&#8221;full&#8221;][\/vc_column][\/vc_row]<\/p>\n","protected":false},"excerpt":{"rendered":"<p>[vc_row][vc_column][\/vc_column][\/vc_row][vc_row][vc_column width=&#8221;1\/2&#8243; css=&#8221;.vc_custom_1559125178706{padding-top: 0px !important;}&#8221;][vc_column_text css=&#8221;.vc_custom_1585589298756{border-top-width: 0px !important;padding-top: 0px !important;}&#8221;]Lokalna legenda ka\u017ee da su se u 16. stolje\u0107u gusari sukobili s trgova\u010dkom galijom koja je prevozila vrijedan teret. Bitka se vodila u kanalu izme\u0111u dva napu\u0161tena otoka &#8211; Malog Plavnika i Plavnika. U toj bitci prin\u010devi su \u010duvari potopili gusarski brod, a pre\u017eivio je samo jedan gusar. Pre\u017eivjeli gusar stigao je na otok Plavnik gdje je zakopao blago. Odatle je nestao bez traga, a skriveno blago jo\u0161 nije prona\u0111eno. Tko zna, mo\u017eda \u0107ete ba\u0161 vi biti sretni pronalaza\u010d. Mobitel: +385&#8230;<\/p>\n","protected":false},"author":1,"featured_media":0,"parent":10744,"menu_order":0,"comment_status":"closed","ping_status":"closed","template":"","meta":[],"yoast_head":"<!-- This site is optimized with the Yoast SEO plugin v16.0.1 - https:\/\/yoast.com\/wordpress\/plugins\/seo\/ -->\n<title>Izleti brodom - Experience Krk<\/title>\n<link rel=\"canonical\" href=\"https:\/\/experiencekrk.com\/hr\/obiteljski-odmor\/izleti-brodom\/\" \/>\n<meta property=\"og:locale\" content=\"hr_HR\" \/>\n<meta property=\"og:type\" content=\"article\" \/>\n<meta property=\"og:title\" content=\"Izleti brodom - Experience Krk\" \/>\n<meta property=\"og:description\" content=\"[vc_row][vc_column][\/vc_column][\/vc_row][vc_row][vc_column width=&#8221;1\/2&#8243; css=&#8221;.vc_custom_1559125178706{padding-top: 0px !important;}&#8221;][vc_column_text css=&#8221;.vc_custom_1585589298756{border-top-width: 0px !important;padding-top: 0px !important;}&#8221;]Lokalna legenda ka\u017ee da su se u 16. stolje\u0107u gusari sukobili s trgova\u010dkom galijom koja je prevozila vrijedan teret. Bitka se vodila u kanalu izme\u0111u dva napu\u0161tena otoka &#8211; Malog Plavnika i Plavnika. U toj bitci prin\u010devi su \u010duvari potopili gusarski brod, a pre\u017eivio je samo jedan gusar. Pre\u017eivjeli gusar stigao je na otok Plavnik gdje je zakopao blago. Odatle je nestao bez traga, a skriveno blago jo\u0161 nije prona\u0111eno. Tko zna, mo\u017eda \u0107ete ba\u0161 vi biti sretni pronalaza\u010d. Mobitel: +385...\" \/>\n<meta property=\"og:url\" content=\"https:\/\/experiencekrk.com\/hr\/obiteljski-odmor\/izleti-brodom\/\" \/>\n<meta property=\"og:site_name\" content=\"Experience Krk\" \/>\n<meta property=\"article:modified_time\" content=\"2020-04-01T11:41:35+00:00\" \/>\n<meta name=\"twitter:card\" content=\"summary_large_image\" \/>\n<meta name=\"twitter:label1\" content=\"Procijenjeno vrijeme \u010ditanja\">\n\t<meta name=\"twitter:data1\" content=\"6 minuta\">\n<script type=\"application\/ld+json\" class=\"yoast-schema-graph\">{\"@context\":\"https:\/\/schema.org\",\"@graph\":[{\"@type\":\"WebSite\",\"@id\":\"https:\/\/experiencekrk.com\/#website\",\"url\":\"https:\/\/experiencekrk.com\/\",\"name\":\"Experience Krk\",\"description\":\"Cultural Tours, Food &amp; Wine and more\",\"potentialAction\":[{\"@type\":\"SearchAction\",\"target\":\"https:\/\/experiencekrk.com\/?s={search_term_string}\",\"query-input\":\"required name=search_term_string\"}],\"inLanguage\":\"hr\"},{\"@type\":\"WebPage\",\"@id\":\"https:\/\/experiencekrk.com\/hr\/obiteljski-odmor\/izleti-brodom\/#webpage\",\"url\":\"https:\/\/experiencekrk.com\/hr\/obiteljski-odmor\/izleti-brodom\/\",\"name\":\"Izleti brodom - Experience Krk\",\"isPartOf\":{\"@id\":\"https:\/\/experiencekrk.com\/#website\"},\"datePublished\":\"2019-06-05T12:35:12+00:00\",\"dateModified\":\"2020-04-01T11:41:35+00:00\",\"breadcrumb\":{\"@id\":\"https:\/\/experiencekrk.com\/hr\/obiteljski-odmor\/izleti-brodom\/#breadcrumb\"},\"inLanguage\":\"hr\",\"potentialAction\":[{\"@type\":\"ReadAction\",\"target\":[\"https:\/\/experiencekrk.com\/hr\/obiteljski-odmor\/izleti-brodom\/\"]}]},{\"@type\":\"BreadcrumbList\",\"@id\":\"https:\/\/experiencekrk.com\/hr\/obiteljski-odmor\/izleti-brodom\/#breadcrumb\",\"itemListElement\":[{\"@type\":\"ListItem\",\"position\":1,\"item\":{\"@type\":\"WebPage\",\"@id\":\"https:\/\/experiencekrk.com\/hr\/\",\"url\":\"https:\/\/experiencekrk.com\/hr\/\",\"name\":\"Home\"}},{\"@type\":\"ListItem\",\"position\":2,\"item\":{\"@type\":\"WebPage\",\"@id\":\"https:\/\/experiencekrk.com\/hr\/obiteljski-odmor\/\",\"url\":\"https:\/\/experiencekrk.com\/hr\/obiteljski-odmor\/\",\"name\":\"Obiteljski odmor\"}},{\"@type\":\"ListItem\",\"position\":3,\"item\":{\"@type\":\"WebPage\",\"@id\":\"https:\/\/experiencekrk.com\/hr\/obiteljski-odmor\/izleti-brodom\/\",\"url\":\"https:\/\/experiencekrk.com\/hr\/obiteljski-odmor\/izleti-brodom\/\",\"name\":\"Izleti brodom\"}}]}]}<\/script>\n<!-- \/ Yoast SEO plugin. -->","_links":{"self":[{"href":"https:\/\/experiencekrk.com\/hr\/wp-json\/wp\/v2\/pages\/10933"}],"collection":[{"href":"https:\/\/experiencekrk.com\/hr\/wp-json\/wp\/v2\/pages"}],"about":[{"href":"https:\/\/experiencekrk.com\/hr\/wp-json\/wp\/v2\/types\/page"}],"author":[{"embeddable":true,"href":"https:\/\/experiencekrk.com\/hr\/wp-json\/wp\/v2\/users\/1"}],"replies":[{"embeddable":true,"href":"https:\/\/experiencekrk.com\/hr\/wp-json\/wp\/v2\/comments?post=10933"}],"version-history":[{"count":4,"href":"https:\/\/experiencekrk.com\/hr\/wp-json\/wp\/v2\/pages\/10933\/revisions"}],"predecessor-version":[{"id":11529,"href":"https:\/\/experiencekrk.com\/hr\/wp-json\/wp\/v2\/pages\/10933\/revisions\/11529"}],"up":[{"embeddable":true,"href":"https:\/\/experiencekrk.com\/hr\/wp-json\/wp\/v2\/pages\/10744"}],"wp:attachment":[{"href":"https:\/\/experiencekrk.com\/hr\/wp-json\/wp\/v2\/media?parent=10933"}],"curies":[{"name":"wp","href":"https:\/\/api.w.org\/{rel}","templated":true}]}}