{"id":10914,"date":"2019-06-04T13:16:23","date_gmt":"2019-06-04T13:16:23","guid":{"rendered":"https:\/\/experiencekrk.com\/family-vacation\/family-themed-paths\/"},"modified":"2020-04-01T11:26:34","modified_gmt":"2020-04-01T11:26:34","slug":"obiteljske-tematske-staze","status":"publish","type":"page","link":"https:\/\/experiencekrk.com\/hr\/obiteljski-odmor\/obiteljske-tematske-staze\/","title":{"rendered":"Obiteljske tematske staze"},"content":{"rendered":"<p>[vc_row][vc_column]<div class=\"mkdf-section-title-holder\">\n\t<h1 class=\"mkdf-section-title mkdf-section-title-medium\" >\n\tPutevima zlatnih kapi kr\u010dkog blaga<\/h1>\n<\/div>[\/vc_column][\/vc_row][vc_row][vc_column width=&#8221;1\/2&#8243; css=&#8221;.vc_custom_1559125178706{padding-top: 0px !important;}&#8221;][vc_column_text css=&#8221;.vc_custom_1585473509819{border-top-width: 0px !important;padding-top: 0px !important;}&#8221;]Treba ne\u0161to re\u0107i i o zanimljivim tematskim pje\u0161a\u010dkim stazama posve\u0107enim kr\u010dkom teku\u0107em blagu &#8211; maslinovom ulju. Tematska staza Putevima zlatnih kapi kr\u010dkog blaga preporu\u010duje se svima koji vole \u0161etnju prirodom.<\/p>\n<p>Postoje dvije staze, obje umjereno zahtjevne, i dok hodaju posjetiteljima se govori o oto\u010dnoj poljoprivredi, o maslinama, ljekovitom bilju i svemu onome \u0161to \u0107e vjerojatno susresti na stazi. Staze prolaze kroz maslinike oko sela Korni\u0107 i Vrh te nisu pretjerano zahtjevne, duga\u010dke su 9,5 km i 12,5 km.[\/vc_column_text][vc_column_text][\/vc_column_text][\/vc_column][vc_column width=&#8221;1\/2&#8243; css=&#8221;.vc_custom_1559125192021{border-top-width: 0px !important;padding-top: 10px !important;}&#8221;]<div class=\"mkdf-image-gallery\">\n\t<div class=\"mkdf-image-gallery-slider \" data-autoplay=\"5\" data-animation=\"slide\" data-navigation=\"yes\" data-pagination=\"yes\">\n\t\t\t\t\t\t\t\t\t<img width=\"600\" height=\"400\" src=\"https:\/\/experiencekrk.com\/wp-content\/uploads\/2019\/06\/City-of-Krk-olive-paths-2.jpg\" class=\"attachment-full size-full\" alt=\"\" loading=\"lazy\" srcset=\"https:\/\/experiencekrk.com\/wp-content\/uploads\/2019\/06\/City-of-Krk-olive-paths-2.jpg 600w, https:\/\/experiencekrk.com\/wp-content\/uploads\/2019\/06\/City-of-Krk-olive-paths-2-300x200.jpg 300w\" sizes=\"(max-width: 600px) 100vw, 600px\" \/>\t\t\t\t\t\t\t\t\t\t\t\t\t<img width=\"600\" height=\"400\" src=\"https:\/\/experiencekrk.com\/wp-content\/uploads\/2019\/06\/City-of-Krk-olive-paths.jpg\" class=\"attachment-full size-full\" alt=\"\" loading=\"lazy\" srcset=\"https:\/\/experiencekrk.com\/wp-content\/uploads\/2019\/06\/City-of-Krk-olive-paths.jpg 600w, https:\/\/experiencekrk.com\/wp-content\/uploads\/2019\/06\/City-of-Krk-olive-paths-300x200.jpg 300w\" sizes=\"(max-width: 600px) 100vw, 600px\" \/>\t\t\t\t\t\t\t<\/div>\n<\/div>[\/vc_column][\/vc_row][vc_row][vc_column]<div class=\"mkdf-separator-holder clearfix  mkdf-separator-center mkdf-separator-full-width\">\n\t<div class=\"mkdf-separator\" style=\"border-color: #ebebeb;border-style: solid;border-bottom-width: 1px;margin-top: 20px;margin-bottom: 45px\"><\/div>\n<\/div>\n[vc_empty_space height=&#8221;40px&#8221;]<div class=\"mkdf-section-title-holder\">\n\t<h1 class=\"mkdf-section-title mkdf-section-title-small\" >\n\tPou\u010dna staza ``Put lokava``<\/h1>\n<\/div>[\/vc_column][\/vc_row][vc_row][vc_column width=&#8221;1\/2&#8243; css=&#8221;.vc_custom_1559123188863{padding-top: 15px !important;}&#8221;][vc_column_text css=&#8221;.vc_custom_1585473581642{border-top-width: 0px !important;padding-top: 0px !important;}&#8221;]Na otoku Krku postoji vi\u0161e od 300 ve\u0107ih kr\u0161kih lokvi. U kr\u0161kom terenu bez vode, takva jezerca su neo\u010dekivana pojava koja krajoliku daje posebnu dra\u017e. Ova staza vodi uglavnom drvenim i ruralnim dijelom otoka Krka, poznatim kao \u0160otovento. Prolazi pored dvije lokve Ormatine, smje\u0161tene pored izuzetnih prirodnih atrakcija &#8211; drevni hrast medunac na podru\u010dju Dolinji Drmun. Sljede\u0107e je jezerce Menkova u selu Poljica i dva \u017eivopisna ribnjaka pod nazivom \u017diva (jedan je ribnjak bio izvor vode za pi\u0107e, a drugi za stoku).<\/p>\n<p>Staza vodi kroz \u0161umu i lagana je za pro\u0161etati. Du\u017eina staze: 6,1 km, trajanje 2 sata.[\/vc_column_text][vc_column_text][\/vc_column_text][\/vc_column][vc_column width=&#8221;1\/2&#8243; css=&#8221;.vc_custom_1559125093053{border-top-width: 0px !important;padding-top: 25px !important;}&#8221;]<div class=\"mkdf-image-gallery\">\n\t<div class=\"mkdf-image-gallery-slider \" data-autoplay=\"5\" data-animation=\"slide\" data-navigation=\"yes\" data-pagination=\"yes\">\n\t\t\t\t\t\t\t\t\t<img width=\"600\" height=\"400\" src=\"https:\/\/experiencekrk.com\/wp-content\/uploads\/2019\/06\/City-of-Krk-karst-path.jpg\" class=\"attachment-full size-full\" alt=\"\" loading=\"lazy\" srcset=\"https:\/\/experiencekrk.com\/wp-content\/uploads\/2019\/06\/City-of-Krk-karst-path.jpg 600w, https:\/\/experiencekrk.com\/wp-content\/uploads\/2019\/06\/City-of-Krk-karst-path-300x200.jpg 300w\" sizes=\"(max-width: 600px) 100vw, 600px\" \/>\t\t\t\t\t\t\t\t\t\t\t\t\t<img width=\"600\" height=\"400\" src=\"https:\/\/experiencekrk.com\/wp-content\/uploads\/2019\/06\/City-of-Krk-karst-paths-2.jpg\" class=\"attachment-full size-full\" alt=\"\" loading=\"lazy\" srcset=\"https:\/\/experiencekrk.com\/wp-content\/uploads\/2019\/06\/City-of-Krk-karst-paths-2.jpg 600w, https:\/\/experiencekrk.com\/wp-content\/uploads\/2019\/06\/City-of-Krk-karst-paths-2-300x200.jpg 300w\" sizes=\"(max-width: 600px) 100vw, 600px\" \/>\t\t\t\t\t\t\t<\/div>\n<\/div>[\/vc_column][\/vc_row][vc_row][vc_column]<div class=\"mkdf-separator-holder clearfix  mkdf-separator-center mkdf-separator-full-width\">\n\t<div class=\"mkdf-separator\" style=\"border-color: #ebebeb;border-style: solid;border-bottom-width: 1px;margin-top: 20px;margin-bottom: 45px\"><\/div>\n<\/div>\n[vc_empty_space height=&#8221;40px&#8221;]<div class=\"mkdf-section-title-holder\">\n\t<h1 class=\"mkdf-section-title mkdf-section-title-medium\" >\n\tStaza glagoljice<\/h1>\n<\/div>[\/vc_column][\/vc_row][vc_row][vc_column width=&#8221;1\/2&#8243; css=&#8221;.vc_custom_1559123188863{padding-top: 15px !important;}&#8221;][vc_column_text css=&#8221;.vc_custom_1585473634456{border-top-width: 0px !important;padding-top: 0px !important;}&#8221;]Abeceda je nesumnjivo jedan od klju\u010dnih temelja civilizacije. Dvojica redovnika, sveci \u0106irill i Metod, koje je bizantski car poslao da pro\u0161ire evan\u0111elje me\u0111u poganima srednje i isto\u010dne Europe u 9. stolje\u0107u, bili su svjesni te \u010dinjenice. Kako bi bili sigurni da se da se kr\u0161\u0107anstvo doista ukorijenilo, osmislili su novu abecedu &#8211; glagoljicu. Kori\u0161tenjme geometrijskih oblika i teolo\u0161ke simbolike glagoljica je stolje\u0107ima sastavni dio kulturne ba\u0161tine na Kvarnerskim otocima, posebno Krku.<\/p>\n<p>Najstariji povijesni zapis iz 1105. godine napisan na hrvatskom jeziku Ba\u0161\u0107anska je plo\u010da uklesana u kamenu. Ovaj jedinstveni povijesni dokument poslu\u017ei je kao inspiracija za osmi\u0161ljavanje Staze glagoljice.[\/vc_column_text][vc_column_text][\/vc_column_text][\/vc_column][vc_column width=&#8221;1\/2&#8243; css=&#8221;.vc_custom_1559124688182{border-top-width: 0px !important;padding-top: 15px !important;}&#8221;][vc_single_image image=&#8221;3346&#8243; img_size=&#8221;full&#8221;][\/vc_column][\/vc_row][vc_row][vc_column]<div class=\"mkdf-separator-holder clearfix  mkdf-separator-center mkdf-separator-full-width\">\n\t<div class=\"mkdf-separator\" style=\"border-color: #ebebeb;border-style: solid;border-bottom-width: 1px;margin-top: 20px;margin-bottom: 45px\"><\/div>\n<\/div>\n[vc_empty_space height=&#8221;40px&#8221;][\/vc_column][\/vc_row]<\/p>\n","protected":false},"excerpt":{"rendered":"<p>[vc_row][vc_column][\/vc_column][\/vc_row][vc_row][vc_column width=&#8221;1\/2&#8243; css=&#8221;.vc_custom_1559125178706{padding-top: 0px !important;}&#8221;][vc_column_text css=&#8221;.vc_custom_1585473509819{border-top-width: 0px !important;padding-top: 0px !important;}&#8221;]Treba ne\u0161to re\u0107i i o zanimljivim tematskim pje\u0161a\u010dkim stazama posve\u0107enim kr\u010dkom teku\u0107em blagu &#8211; maslinovom ulju. Tematska staza Putevima zlatnih kapi kr\u010dkog blaga preporu\u010duje se svima koji vole \u0161etnju prirodom. Postoje dvije staze, obje umjereno zahtjevne, i dok hodaju posjetiteljima se govori o oto\u010dnoj poljoprivredi, o maslinama, ljekovitom bilju i svemu onome \u0161to \u0107e vjerojatno susresti na stazi. Staze prolaze kroz maslinike oko sela Korni\u0107 i Vrh te nisu pretjerano zahtjevne, duga\u010dke su 9,5 km i 12,5 km.[\/vc_column_text][vc_column_text][\/vc_column_text][\/vc_column][vc_column width=&#8221;1\/2&#8243; css=&#8221;.vc_custom_1559125192021{border-top-width: 0px&#8230;<\/p>\n","protected":false},"author":1,"featured_media":0,"parent":10744,"menu_order":0,"comment_status":"closed","ping_status":"closed","template":"","meta":[],"yoast_head":"<!-- This site is optimized with the Yoast SEO plugin v16.0.1 - https:\/\/yoast.com\/wordpress\/plugins\/seo\/ -->\n<title>Obiteljske tematske staze - Experience Krk<\/title>\n<link rel=\"canonical\" href=\"https:\/\/experiencekrk.com\/hr\/obiteljski-odmor\/obiteljske-tematske-staze\/\" \/>\n<meta property=\"og:locale\" content=\"hr_HR\" \/>\n<meta property=\"og:type\" content=\"article\" \/>\n<meta property=\"og:title\" content=\"Obiteljske tematske staze - Experience Krk\" \/>\n<meta property=\"og:description\" content=\"[vc_row][vc_column][\/vc_column][\/vc_row][vc_row][vc_column width=&#8221;1\/2&#8243; css=&#8221;.vc_custom_1559125178706{padding-top: 0px !important;}&#8221;][vc_column_text css=&#8221;.vc_custom_1585473509819{border-top-width: 0px !important;padding-top: 0px !important;}&#8221;]Treba ne\u0161to re\u0107i i o zanimljivim tematskim pje\u0161a\u010dkim stazama posve\u0107enim kr\u010dkom teku\u0107em blagu &#8211; maslinovom ulju. Tematska staza Putevima zlatnih kapi kr\u010dkog blaga preporu\u010duje se svima koji vole \u0161etnju prirodom. Postoje dvije staze, obje umjereno zahtjevne, i dok hodaju posjetiteljima se govori o oto\u010dnoj poljoprivredi, o maslinama, ljekovitom bilju i svemu onome \u0161to \u0107e vjerojatno susresti na stazi. Staze prolaze kroz maslinike oko sela Korni\u0107 i Vrh te nisu pretjerano zahtjevne, duga\u010dke su 9,5 km i 12,5 km.[\/vc_column_text][vc_column_text][\/vc_column_text][\/vc_column][vc_column width=&#8221;1\/2&#8243; css=&#8221;.vc_custom_1559125192021{border-top-width: 0px...\" \/>\n<meta property=\"og:url\" content=\"https:\/\/experiencekrk.com\/hr\/obiteljski-odmor\/obiteljske-tematske-staze\/\" \/>\n<meta property=\"og:site_name\" content=\"Experience Krk\" \/>\n<meta property=\"article:modified_time\" content=\"2020-04-01T11:26:34+00:00\" \/>\n<meta name=\"twitter:card\" content=\"summary_large_image\" \/>\n<meta name=\"twitter:label1\" content=\"Procijenjeno vrijeme \u010ditanja\">\n\t<meta name=\"twitter:data1\" content=\"3 minute\">\n<script type=\"application\/ld+json\" class=\"yoast-schema-graph\">{\"@context\":\"https:\/\/schema.org\",\"@graph\":[{\"@type\":\"WebSite\",\"@id\":\"https:\/\/experiencekrk.com\/#website\",\"url\":\"https:\/\/experiencekrk.com\/\",\"name\":\"Experience Krk\",\"description\":\"Cultural Tours, Food &amp; Wine and more\",\"potentialAction\":[{\"@type\":\"SearchAction\",\"target\":\"https:\/\/experiencekrk.com\/?s={search_term_string}\",\"query-input\":\"required name=search_term_string\"}],\"inLanguage\":\"hr\"},{\"@type\":\"WebPage\",\"@id\":\"https:\/\/experiencekrk.com\/hr\/obiteljski-odmor\/obiteljske-tematske-staze\/#webpage\",\"url\":\"https:\/\/experiencekrk.com\/hr\/obiteljski-odmor\/obiteljske-tematske-staze\/\",\"name\":\"Obiteljske tematske staze - Experience Krk\",\"isPartOf\":{\"@id\":\"https:\/\/experiencekrk.com\/#website\"},\"datePublished\":\"2019-06-04T13:16:23+00:00\",\"dateModified\":\"2020-04-01T11:26:34+00:00\",\"breadcrumb\":{\"@id\":\"https:\/\/experiencekrk.com\/hr\/obiteljski-odmor\/obiteljske-tematske-staze\/#breadcrumb\"},\"inLanguage\":\"hr\",\"potentialAction\":[{\"@type\":\"ReadAction\",\"target\":[\"https:\/\/experiencekrk.com\/hr\/obiteljski-odmor\/obiteljske-tematske-staze\/\"]}]},{\"@type\":\"BreadcrumbList\",\"@id\":\"https:\/\/experiencekrk.com\/hr\/obiteljski-odmor\/obiteljske-tematske-staze\/#breadcrumb\",\"itemListElement\":[{\"@type\":\"ListItem\",\"position\":1,\"item\":{\"@type\":\"WebPage\",\"@id\":\"https:\/\/experiencekrk.com\/hr\/\",\"url\":\"https:\/\/experiencekrk.com\/hr\/\",\"name\":\"Home\"}},{\"@type\":\"ListItem\",\"position\":2,\"item\":{\"@type\":\"WebPage\",\"@id\":\"https:\/\/experiencekrk.com\/hr\/obiteljski-odmor\/\",\"url\":\"https:\/\/experiencekrk.com\/hr\/obiteljski-odmor\/\",\"name\":\"Obiteljski odmor\"}},{\"@type\":\"ListItem\",\"position\":3,\"item\":{\"@type\":\"WebPage\",\"@id\":\"https:\/\/experiencekrk.com\/hr\/obiteljski-odmor\/obiteljske-tematske-staze\/\",\"url\":\"https:\/\/experiencekrk.com\/hr\/obiteljski-odmor\/obiteljske-tematske-staze\/\",\"name\":\"Obiteljske tematske staze\"}}]}]}<\/script>\n<!-- \/ Yoast SEO plugin. -->","_links":{"self":[{"href":"https:\/\/experiencekrk.com\/hr\/wp-json\/wp\/v2\/pages\/10914"}],"collection":[{"href":"https:\/\/experiencekrk.com\/hr\/wp-json\/wp\/v2\/pages"}],"about":[{"href":"https:\/\/experiencekrk.com\/hr\/wp-json\/wp\/v2\/types\/page"}],"author":[{"embeddable":true,"href":"https:\/\/experiencekrk.com\/hr\/wp-json\/wp\/v2\/users\/1"}],"replies":[{"embeddable":true,"href":"https:\/\/experiencekrk.com\/hr\/wp-json\/wp\/v2\/comments?post=10914"}],"version-history":[{"count":2,"href":"https:\/\/experiencekrk.com\/hr\/wp-json\/wp\/v2\/pages\/10914\/revisions"}],"predecessor-version":[{"id":10917,"href":"https:\/\/experiencekrk.com\/hr\/wp-json\/wp\/v2\/pages\/10914\/revisions\/10917"}],"up":[{"embeddable":true,"href":"https:\/\/experiencekrk.com\/hr\/wp-json\/wp\/v2\/pages\/10744"}],"wp:attachment":[{"href":"https:\/\/experiencekrk.com\/hr\/wp-json\/wp\/v2\/media?parent=10914"}],"curies":[{"name":"wp","href":"https:\/\/api.w.org\/{rel}","templated":true}]}}