{"id":10908,"date":"2019-04-15T08:01:42","date_gmt":"2019-04-15T08:01:42","guid":{"rendered":"https:\/\/experiencekrk.com\/family-vacation\/krk-aquariums\/"},"modified":"2020-04-01T11:43:45","modified_gmt":"2020-04-01T11:43:45","slug":"krk-aquarium","status":"publish","type":"page","link":"https:\/\/experiencekrk.com\/hr\/obiteljski-odmor\/krk-aquarium\/","title":{"rendered":"Krk Aquarium"},"content":{"rendered":"<p>[vc_row][vc_column]<div class=\"mkdf-section-title-holder\">\n\t<h1 class=\"mkdf-section-title mkdf-section-title-medium\" >\n\tAquarium Terrarium<\/h1>\n<\/div>[vc_row_inner css=&#8221;.vc_custom_1560345374338{padding-bottom: 20px !important;}&#8221;][vc_column_inner width=&#8221;1\/2&#8243;][vc_column_text]U Aquarium Terrarium Krk mo\u017eete vidjeti raznoliku slatkovodnu faunu iz Hrvatske kao i iz ostatka svijeta. Kajman, boa, kraljevski piton, kameleoni, iguane, japanski \u0161aran, ke\u010diga i \u0161tuka samo su neki od stanovnika ovog akvarija i terarija. Pozivamo vas sve da posjetite na\u0161 akvarij i terarij te otkrijete opu\u0161taju\u0107i svijet slatkovodnih riba i gmazova.<\/p>\n<p>Telefon: <a href=\"tel:+38551221167\">+385 51 221 167<\/a><br \/>\nE-mail: <a href=\"mailto:siloturist@ri.t-com.hr\">siloturist@ri.t-com.hr<\/a><br \/>\nWeb: <a href=\"https:\/\/www.aquariumkrk.com\/_en\/index.html\" target=\"_blank\" rel=\"noopener noreferrer\">www.aquariumkrk.com<\/a><br \/>\nAdresa: Ul. Stjepana Radi\u0107a 2c, 51500 Krk[\/vc_column_text][\/vc_column_inner][vc_column_inner width=&#8221;1\/2&#8243;]<div class=\"mkdf-image-gallery\">\n\t<div class=\"mkdf-image-gallery-slider \" data-autoplay=\"disable\" data-animation=\"slide\" data-navigation=\"yes\" data-pagination=\"yes\">\n\t\t\t\t\t\t\t\t\t<img width=\"600\" height=\"400\" src=\"https:\/\/experiencekrk.com\/wp-content\/uploads\/2019\/06\/City-of-Krk-Aquarium-Terarrium-Krk-3.jpg\" class=\"attachment-full size-full\" alt=\"\" loading=\"lazy\" srcset=\"https:\/\/experiencekrk.com\/wp-content\/uploads\/2019\/06\/City-of-Krk-Aquarium-Terarrium-Krk-3.jpg 600w, https:\/\/experiencekrk.com\/wp-content\/uploads\/2019\/06\/City-of-Krk-Aquarium-Terarrium-Krk-3-300x200.jpg 300w\" sizes=\"(max-width: 600px) 100vw, 600px\" \/>\t\t\t\t\t\t\t\t\t\t\t\t\t<img width=\"600\" height=\"400\" src=\"https:\/\/experiencekrk.com\/wp-content\/uploads\/2019\/06\/City-of-Krk-Aquarium-Terarrium-Krk.jpg\" class=\"attachment-full size-full\" alt=\"\" loading=\"lazy\" srcset=\"https:\/\/experiencekrk.com\/wp-content\/uploads\/2019\/06\/City-of-Krk-Aquarium-Terarrium-Krk.jpg 600w, https:\/\/experiencekrk.com\/wp-content\/uploads\/2019\/06\/City-of-Krk-Aquarium-Terarrium-Krk-300x200.jpg 300w\" sizes=\"(max-width: 600px) 100vw, 600px\" \/>\t\t\t\t\t\t\t\t\t\t\t\t\t<img width=\"600\" height=\"400\" src=\"https:\/\/experiencekrk.com\/wp-content\/uploads\/2019\/06\/City-of-Krk-Aquarium-Terarrium-Krk-5.jpg\" class=\"attachment-full size-full\" alt=\"\" loading=\"lazy\" srcset=\"https:\/\/experiencekrk.com\/wp-content\/uploads\/2019\/06\/City-of-Krk-Aquarium-Terarrium-Krk-5.jpg 600w, https:\/\/experiencekrk.com\/wp-content\/uploads\/2019\/06\/City-of-Krk-Aquarium-Terarrium-Krk-5-300x200.jpg 300w\" sizes=\"(max-width: 600px) 100vw, 600px\" \/>\t\t\t\t\t\t\t\t\t\t\t\t\t<img width=\"600\" height=\"400\" src=\"https:\/\/experiencekrk.com\/wp-content\/uploads\/2019\/06\/City-of-Krk-Aquarium-Terarrium-Krk-6.jpg\" class=\"attachment-full size-full\" alt=\"\" loading=\"lazy\" srcset=\"https:\/\/experiencekrk.com\/wp-content\/uploads\/2019\/06\/City-of-Krk-Aquarium-Terarrium-Krk-6.jpg 600w, https:\/\/experiencekrk.com\/wp-content\/uploads\/2019\/06\/City-of-Krk-Aquarium-Terarrium-Krk-6-300x200.jpg 300w\" sizes=\"(max-width: 600px) 100vw, 600px\" \/>\t\t\t\t\t\t\t\t\t\t\t\t\t<img width=\"600\" height=\"400\" src=\"https:\/\/experiencekrk.com\/wp-content\/uploads\/2019\/06\/City-of-Krk-Aquarium-Terarrium-Krk-2.jpg\" class=\"attachment-full size-full\" alt=\"\" loading=\"lazy\" srcset=\"https:\/\/experiencekrk.com\/wp-content\/uploads\/2019\/06\/City-of-Krk-Aquarium-Terarrium-Krk-2.jpg 600w, https:\/\/experiencekrk.com\/wp-content\/uploads\/2019\/06\/City-of-Krk-Aquarium-Terarrium-Krk-2-300x200.jpg 300w\" sizes=\"(max-width: 600px) 100vw, 600px\" \/>\t\t\t\t\t\t\t\t\t\t\t\t\t<img width=\"600\" height=\"400\" src=\"https:\/\/experiencekrk.com\/wp-content\/uploads\/2019\/06\/City-of-Krk-Aquarium-Terarrium-Krk-4.jpg\" class=\"attachment-full size-full\" alt=\"\" loading=\"lazy\" srcset=\"https:\/\/experiencekrk.com\/wp-content\/uploads\/2019\/06\/City-of-Krk-Aquarium-Terarrium-Krk-4.jpg 600w, https:\/\/experiencekrk.com\/wp-content\/uploads\/2019\/06\/City-of-Krk-Aquarium-Terarrium-Krk-4-300x200.jpg 300w\" sizes=\"(max-width: 600px) 100vw, 600px\" \/>\t\t\t\t\t\t\t<\/div>\n<\/div>[\/vc_column_inner][\/vc_row_inner][\/vc_column][\/vc_row][vc_row][vc_column][vc_row_inner][vc_column_inner]<div class=\"mkdf-tabs mkdf-horizontal mkdf-tab-text clearfix\">\n\t<ul class=\"mkdf-tabs-nav\">\n\t\t\t\t\t<li>\n\t\t\t\t<a href=\"#tab-location\">\n\t\t\t\t\tLocation\t\t\t\t<\/a>\n\t\t\t<\/li>\n\t\t\t\t\t<li>\n\t\t\t\t<a href=\"#tab-working-hours\">\n\t\t\t\t\tWorking hours\t\t\t\t<\/a>\n\t\t\t<\/li>\n\t\t\t\t<li class=\"mkdf-tab-line\"><\/li>\n\t<\/ul>\n\t<div class=\"mkdf-tab-container\" id=\"tab-location-808\" data-icon-pack=\"font_awesome\" data-icon-html=\"&lt;i class=&quot;mkdf-icon-font-awesome fa  &quot; &gt;&lt;\/i&gt;\">\n\t[vc_raw_html]JTNDaWZyYW1lJTIwc3JjJTNEJTIyaHR0cHMlM0ElMkYlMkZ3d3cuZ29vZ2xlLmNvbSUyRm1hcHMlMkZlbWJlZCUzRnBiJTNEJTIxMW0xOCUyMTFtMTIlMjExbTMlMjExZDIwNTM4LjY0NDAzNTAwNDA2JTIxMmQxNC41NzgwMTEzMzk3MjIxMTIlMjEzZDQ1LjAyNTI5NjYzNTgzMjEzNCUyMTJtMyUyMTFmMCUyMTJmMCUyMTNmMCUyMTNtMiUyMTFpMTAyNCUyMTJpNzY4JTIxNGYxMy4xJTIxM20zJTIxMW0yJTIxMXMweDQ3NjM3MjBkOWQxMzkyZDklMjUzQTB4NjBhNmZmNzFiMTgzMjIlMjEyc0FxdWFyaXVtJTJCVGVycmFyaXVtJTJCS3JrJTIxNWUwJTIxM20yJTIxMXNlbiUyMTJzaHIlMjE0djE1NTUzMTU2NDMzNDklMjE1bTIlMjExc2VuJTIxMnNociUyMiUyMHdpZHRoJTNEJTIyOTgwJTIyJTIwaGVpZ2h0JTNEJTIyMzUwJTIyJTIwZnJhbWVib3JkZXIlM0QlMjIwJTIyJTIwc3R5bGUlM0QlMjJib3JkZXIlM0EwJTIyJTIwYWxsb3dmdWxsc2NyZWVuJTNFJTNDJTJGaWZyYW1lJTNF[\/vc_raw_html]<\/div>\t\n\n<div class=\"mkdf-tab-container\" id=\"tab-working-hours-15\" data-icon-pack=\"font_awesome\" data-icon-html=\"&lt;i class=&quot;mkdf-icon-font-awesome fa  &quot; &gt;&lt;\/i&gt;\">\n\t[vc_column_text]Listopad do Travanj:<br \/>\nPon-Ned: 10:00 \u2013 15:00<\/p>\n<p>Svibanj do Rujan::<br \/>\nPon-Ned: 9:00 \u2013 17:00[\/vc_column_text]<\/div>\t\n\n<\/div>\n\n[\/vc_column_inner][\/vc_row_inner][\/vc_column][\/vc_row][vc_row][vc_column][vc_empty_space height=&#8221;40px&#8221;]<div class=\"mkdf-separator-holder clearfix  mkdf-separator-center\">\n\t<div class=\"mkdf-separator\" style=\"border-color: #ededed;border-bottom-width: 2pxpx\"><\/div>\n<\/div>\n<div class=\"mkdf-section-title-holder\">\n\t<h1 class=\"mkdf-section-title mkdf-section-title-medium\" >\n\tTropski akvarij Krk<\/h1>\n<\/div>[vc_row_inner css=&#8221;.vc_custom_1560345682243{padding-bottom: 20px !important;}&#8221;][vc_column_inner width=&#8221;1\/2&#8243;][vc_column_text]Prvi tropski akvarij u Hrvatskoj, Tropski akvarij Krk, pru\u017ea jedinstvenu kombinaciju morskih i slatkovodnih tropskih podru\u010dja svijeta. Bogatstvo i raznolikost tropskih riba (koraljni morski pas, piranha, riba klaun, diskusi, koralji &#8230;) nadopunjuje se i tropskom kolekcijom \u0161koljki i pu\u017eeva. Posjetite nas u srcu grada Krka i pogledajte vi\u0161e od 100 vrsta riba i 200 vrsta \u0161koljki i pu\u017eeva!<\/p>\n<p>Mobitel: <a href=\"tel:+38598211630\">+385 98 211 630<\/a>, <a href=\"tel:+38598247875\">+385 98 247 875<\/a><br \/>\nE-mail: <a href=\"mailto:siloturist@ri.t-com.hr\">siloturist@ri.t-com.hr<\/a><br \/>\nWeb: <a href=\"http:\/\/www.akvarij-krk.com.hr\/tropical-aquarium-krk.html#\" target=\"_blank\" rel=\"noopener noreferrer\">www.akvarij-krk.com.hr<\/a><br \/>\nAdresa: Matije Gubca 1, 51500 Krk[\/vc_column_text][\/vc_column_inner][vc_column_inner width=&#8221;1\/2&#8243;]<div class=\"mkdf-image-gallery\">\n\t<div class=\"mkdf-image-gallery-slider \" data-autoplay=\"5\" data-animation=\"slide\" data-navigation=\"yes\" data-pagination=\"yes\">\n\t\t\t\t\t\t\t\t\t<img width=\"600\" height=\"400\" src=\"https:\/\/experiencekrk.com\/wp-content\/uploads\/2019\/06\/City-of-Krk-Tropical-Aquarium-Krk.jpg\" class=\"attachment-full size-full\" alt=\"\" loading=\"lazy\" srcset=\"https:\/\/experiencekrk.com\/wp-content\/uploads\/2019\/06\/City-of-Krk-Tropical-Aquarium-Krk.jpg 600w, https:\/\/experiencekrk.com\/wp-content\/uploads\/2019\/06\/City-of-Krk-Tropical-Aquarium-Krk-300x200.jpg 300w\" sizes=\"(max-width: 600px) 100vw, 600px\" \/>\t\t\t\t\t\t\t\t\t\t\t\t\t<img width=\"600\" height=\"400\" src=\"https:\/\/experiencekrk.com\/wp-content\/uploads\/2019\/06\/City-of-Krk-Tropical-Aquarium-Krk-5.jpg\" class=\"attachment-full size-full\" alt=\"\" loading=\"lazy\" srcset=\"https:\/\/experiencekrk.com\/wp-content\/uploads\/2019\/06\/City-of-Krk-Tropical-Aquarium-Krk-5.jpg 600w, https:\/\/experiencekrk.com\/wp-content\/uploads\/2019\/06\/City-of-Krk-Tropical-Aquarium-Krk-5-300x200.jpg 300w\" sizes=\"(max-width: 600px) 100vw, 600px\" \/>\t\t\t\t\t\t\t\t\t\t\t\t\t<img width=\"600\" height=\"400\" src=\"https:\/\/experiencekrk.com\/wp-content\/uploads\/2019\/06\/City-of-Krk-Tropical-Aquarium-Krk-4.jpg\" class=\"attachment-full size-full\" alt=\"\" loading=\"lazy\" srcset=\"https:\/\/experiencekrk.com\/wp-content\/uploads\/2019\/06\/City-of-Krk-Tropical-Aquarium-Krk-4.jpg 600w, https:\/\/experiencekrk.com\/wp-content\/uploads\/2019\/06\/City-of-Krk-Tropical-Aquarium-Krk-4-300x200.jpg 300w\" sizes=\"(max-width: 600px) 100vw, 600px\" \/>\t\t\t\t\t\t\t\t\t\t\t\t\t<img width=\"600\" height=\"400\" src=\"https:\/\/experiencekrk.com\/wp-content\/uploads\/2019\/06\/City-of-Krk-Tropical-Aquarium-Krk-3.jpg\" class=\"attachment-full size-full\" alt=\"\" loading=\"lazy\" srcset=\"https:\/\/experiencekrk.com\/wp-content\/uploads\/2019\/06\/City-of-Krk-Tropical-Aquarium-Krk-3.jpg 600w, https:\/\/experiencekrk.com\/wp-content\/uploads\/2019\/06\/City-of-Krk-Tropical-Aquarium-Krk-3-300x200.jpg 300w\" sizes=\"(max-width: 600px) 100vw, 600px\" \/>\t\t\t\t\t\t\t\t\t\t\t\t\t<img width=\"600\" height=\"400\" src=\"https:\/\/experiencekrk.com\/wp-content\/uploads\/2019\/06\/City-of-Krk-Tropical-Aquarium-Krk-2.jpg\" class=\"attachment-full size-full\" alt=\"\" loading=\"lazy\" srcset=\"https:\/\/experiencekrk.com\/wp-content\/uploads\/2019\/06\/City-of-Krk-Tropical-Aquarium-Krk-2.jpg 600w, https:\/\/experiencekrk.com\/wp-content\/uploads\/2019\/06\/City-of-Krk-Tropical-Aquarium-Krk-2-300x200.jpg 300w\" sizes=\"(max-width: 600px) 100vw, 600px\" \/>\t\t\t\t\t\t\t<\/div>\n<\/div>[\/vc_column_inner][\/vc_row_inner][\/vc_column][\/vc_row][vc_row][vc_column][vc_row_inner][vc_column_inner]<div class=\"mkdf-tabs mkdf-horizontal mkdf-tab-text clearfix\">\n\t<ul class=\"mkdf-tabs-nav\">\n\t\t\t\t\t<li>\n\t\t\t\t<a href=\"#tab-location\">\n\t\t\t\t\tLocation\t\t\t\t<\/a>\n\t\t\t<\/li>\n\t\t\t\t\t<li>\n\t\t\t\t<a href=\"#tab-working-hours\">\n\t\t\t\t\tWorking hours\t\t\t\t<\/a>\n\t\t\t<\/li>\n\t\t\t\t<li class=\"mkdf-tab-line\"><\/li>\n\t<\/ul>\n\t<div class=\"mkdf-tab-container\" id=\"tab-location-240\" data-icon-pack=\"font_awesome\" data-icon-html=\"&lt;i class=&quot;mkdf-icon-font-awesome fa  &quot; &gt;&lt;\/i&gt;\">\n\t[vc_raw_html]JTNDaWZyYW1lJTIwc3JjJTNEJTIyaHR0cHMlM0ElMkYlMkZ3d3cuZ29vZ2xlLmNvbSUyRm1hcHMlMkZlbWJlZCUzRnBiJTNEJTIxMW0xOCUyMTFtMTIlMjExbTMlMjExZDE0ODQwLjU1OTI4Nzc0MzkyNSUyMTJkMTQuNTY1NzA2MzQwMTAyNDIzJTIxM2Q0NS4wMjcxMDIxNzIxNjM5MiUyMTJtMyUyMTFmMCUyMTJmMCUyMTNmMCUyMTNtMiUyMTFpMTAyNCUyMTJpNzY4JTIxNGYxMy4xJTIxM20zJTIxMW0yJTIxMXMweDQ3NjM3MjEyODUzZGI2ZmIlMjUzQTB4ZTJhZjc2NTU0MDE5NGUxNyUyMTJzVHJvcGljYWwlMkJhcXVhcml1bSUyQktyayUyMTVlMCUyMTNtMiUyMTFzZW4lMjEyc2hyJTIxNHYxNTU5NjQ1MzA5MDYyJTIxNW0yJTIxMXNlbiUyMTJzaHIlMjIlMjB3aWR0aCUzRCUyMjk4MCUyMiUyMGhlaWdodCUzRCUyMjM1MCUyMiUyMGZyYW1lYm9yZGVyJTNEJTIyMCUyMiUyMHN0eWxlJTNEJTIyYm9yZGVyJTNBMCUyMiUyMGFsbG93ZnVsbHNjcmVlbiUzRSUzQyUyRmlmcmFtZSUzRQ==[\/vc_raw_html]<\/div>\t\n\n<div class=\"mkdf-tab-container\" id=\"tab-working-hours-787\" data-icon-pack=\"font_awesome\" data-icon-html=\"&lt;i class=&quot;mkdf-icon-font-awesome fa  &quot; &gt;&lt;\/i&gt;\">\n\t[vc_column_text]Travanj i Listopad<br \/>\n10:00 &#8211; 15:00<\/p>\n<p>Svibanj i Rujan<br \/>\n10:00 &#8211; 17:00<\/p>\n<p>Lipanj<br \/>\n10:00 &#8211; 21:00<\/p>\n<p>Srpanj i Kolovoz<br \/>\n10:00 &#8211; 22:00[\/vc_column_text]<\/div>\t\n\n<\/div>\n\n[\/vc_column_inner][\/vc_row_inner][\/vc_column][\/vc_row]<\/p>\n","protected":false},"excerpt":{"rendered":"<p>[vc_row][vc_column][vc_row_inner css=&#8221;.vc_custom_1560345374338{padding-bottom: 20px !important;}&#8221;][vc_column_inner width=&#8221;1\/2&#8243;][vc_column_text]U Aquarium Terrarium Krk mo\u017eete vidjeti raznoliku slatkovodnu faunu iz Hrvatske kao i iz ostatka svijeta. Kajman, boa, kraljevski piton, kameleoni, iguane, japanski \u0161aran, ke\u010diga i \u0161tuka samo su neki od stanovnika ovog akvarija i terarija. Pozivamo vas sve da posjetite na\u0161 akvarij i terarij te otkrijete opu\u0161taju\u0107i svijet slatkovodnih riba i gmazova. Telefon: +385 51 221 167 E-mail: siloturist@ri.t-com.hr Web: www.aquariumkrk.com Adresa: Ul. Stjepana Radi\u0107a 2c, 51500 Krk[\/vc_column_text][\/vc_column_inner][vc_column_inner width=&#8221;1\/2&#8243;][\/vc_column_inner][\/vc_row_inner][\/vc_column][\/vc_row][vc_row][vc_column][vc_row_inner][vc_column_inner][\/vc_column_inner][\/vc_row_inner][\/vc_column][\/vc_row][vc_row][vc_column][vc_empty_space height=&#8221;40px&#8221;][vc_row_inner css=&#8221;.vc_custom_1560345682243{padding-bottom: 20px !important;}&#8221;][vc_column_inner width=&#8221;1\/2&#8243;][vc_column_text]Prvi tropski akvarij u Hrvatskoj, Tropski akvarij Krk, pru\u017ea jedinstvenu kombinaciju morskih&#8230;<\/p>\n","protected":false},"author":1,"featured_media":0,"parent":10744,"menu_order":0,"comment_status":"closed","ping_status":"closed","template":"","meta":[],"yoast_head":"<!-- This site is optimized with the Yoast SEO plugin v16.0.1 - https:\/\/yoast.com\/wordpress\/plugins\/seo\/ -->\n<title>Krk Aquarium - Experience Krk<\/title>\n<link rel=\"canonical\" href=\"https:\/\/experiencekrk.com\/hr\/obiteljski-odmor\/krk-aquarium\/\" \/>\n<meta property=\"og:locale\" content=\"hr_HR\" \/>\n<meta property=\"og:type\" content=\"article\" \/>\n<meta property=\"og:title\" content=\"Krk Aquarium - Experience Krk\" \/>\n<meta property=\"og:description\" content=\"[vc_row][vc_column][vc_row_inner css=&#8221;.vc_custom_1560345374338{padding-bottom: 20px !important;}&#8221;][vc_column_inner width=&#8221;1\/2&#8243;][vc_column_text]U Aquarium Terrarium Krk mo\u017eete vidjeti raznoliku slatkovodnu faunu iz Hrvatske kao i iz ostatka svijeta. Kajman, boa, kraljevski piton, kameleoni, iguane, japanski \u0161aran, ke\u010diga i \u0161tuka samo su neki od stanovnika ovog akvarija i terarija. Pozivamo vas sve da posjetite na\u0161 akvarij i terarij te otkrijete opu\u0161taju\u0107i svijet slatkovodnih riba i gmazova. Telefon: +385 51 221 167 E-mail: siloturist@ri.t-com.hr Web: www.aquariumkrk.com Adresa: Ul. Stjepana Radi\u0107a 2c, 51500 Krk[\/vc_column_text][\/vc_column_inner][vc_column_inner width=&#8221;1\/2&#8243;][\/vc_column_inner][\/vc_row_inner][\/vc_column][\/vc_row][vc_row][vc_column][vc_row_inner][vc_column_inner][\/vc_column_inner][\/vc_row_inner][\/vc_column][\/vc_row][vc_row][vc_column][vc_empty_space height=&#8221;40px&#8221;][vc_row_inner css=&#8221;.vc_custom_1560345682243{padding-bottom: 20px !important;}&#8221;][vc_column_inner width=&#8221;1\/2&#8243;][vc_column_text]Prvi tropski akvarij u Hrvatskoj, Tropski akvarij Krk, pru\u017ea jedinstvenu kombinaciju morskih...\" \/>\n<meta property=\"og:url\" content=\"https:\/\/experiencekrk.com\/hr\/obiteljski-odmor\/krk-aquarium\/\" \/>\n<meta property=\"og:site_name\" content=\"Experience Krk\" \/>\n<meta property=\"article:modified_time\" content=\"2020-04-01T11:43:45+00:00\" \/>\n<meta name=\"twitter:card\" content=\"summary_large_image\" \/>\n<meta name=\"twitter:label1\" content=\"Procijenjeno vrijeme \u010ditanja\">\n\t<meta name=\"twitter:data1\" content=\"3 minute\">\n<script type=\"application\/ld+json\" class=\"yoast-schema-graph\">{\"@context\":\"https:\/\/schema.org\",\"@graph\":[{\"@type\":\"WebSite\",\"@id\":\"https:\/\/experiencekrk.com\/#website\",\"url\":\"https:\/\/experiencekrk.com\/\",\"name\":\"Experience Krk\",\"description\":\"Cultural Tours, Food &amp; Wine and more\",\"potentialAction\":[{\"@type\":\"SearchAction\",\"target\":\"https:\/\/experiencekrk.com\/?s={search_term_string}\",\"query-input\":\"required name=search_term_string\"}],\"inLanguage\":\"hr\"},{\"@type\":\"WebPage\",\"@id\":\"https:\/\/experiencekrk.com\/hr\/obiteljski-odmor\/krk-aquarium\/#webpage\",\"url\":\"https:\/\/experiencekrk.com\/hr\/obiteljski-odmor\/krk-aquarium\/\",\"name\":\"Krk Aquarium - Experience Krk\",\"isPartOf\":{\"@id\":\"https:\/\/experiencekrk.com\/#website\"},\"datePublished\":\"2019-04-15T08:01:42+00:00\",\"dateModified\":\"2020-04-01T11:43:45+00:00\",\"breadcrumb\":{\"@id\":\"https:\/\/experiencekrk.com\/hr\/obiteljski-odmor\/krk-aquarium\/#breadcrumb\"},\"inLanguage\":\"hr\",\"potentialAction\":[{\"@type\":\"ReadAction\",\"target\":[\"https:\/\/experiencekrk.com\/hr\/obiteljski-odmor\/krk-aquarium\/\"]}]},{\"@type\":\"BreadcrumbList\",\"@id\":\"https:\/\/experiencekrk.com\/hr\/obiteljski-odmor\/krk-aquarium\/#breadcrumb\",\"itemListElement\":[{\"@type\":\"ListItem\",\"position\":1,\"item\":{\"@type\":\"WebPage\",\"@id\":\"https:\/\/experiencekrk.com\/hr\/\",\"url\":\"https:\/\/experiencekrk.com\/hr\/\",\"name\":\"Home\"}},{\"@type\":\"ListItem\",\"position\":2,\"item\":{\"@type\":\"WebPage\",\"@id\":\"https:\/\/experiencekrk.com\/hr\/obiteljski-odmor\/\",\"url\":\"https:\/\/experiencekrk.com\/hr\/obiteljski-odmor\/\",\"name\":\"Obiteljski odmor\"}},{\"@type\":\"ListItem\",\"position\":3,\"item\":{\"@type\":\"WebPage\",\"@id\":\"https:\/\/experiencekrk.com\/hr\/obiteljski-odmor\/krk-aquarium\/\",\"url\":\"https:\/\/experiencekrk.com\/hr\/obiteljski-odmor\/krk-aquarium\/\",\"name\":\"Krk Aquarium\"}}]}]}<\/script>\n<!-- \/ Yoast SEO plugin. -->","_links":{"self":[{"href":"https:\/\/experiencekrk.com\/hr\/wp-json\/wp\/v2\/pages\/10908"}],"collection":[{"href":"https:\/\/experiencekrk.com\/hr\/wp-json\/wp\/v2\/pages"}],"about":[{"href":"https:\/\/experiencekrk.com\/hr\/wp-json\/wp\/v2\/types\/page"}],"author":[{"embeddable":true,"href":"https:\/\/experiencekrk.com\/hr\/wp-json\/wp\/v2\/users\/1"}],"replies":[{"embeddable":true,"href":"https:\/\/experiencekrk.com\/hr\/wp-json\/wp\/v2\/comments?post=10908"}],"version-history":[{"count":2,"href":"https:\/\/experiencekrk.com\/hr\/wp-json\/wp\/v2\/pages\/10908\/revisions"}],"predecessor-version":[{"id":10912,"href":"https:\/\/experiencekrk.com\/hr\/wp-json\/wp\/v2\/pages\/10908\/revisions\/10912"}],"up":[{"embeddable":true,"href":"https:\/\/experiencekrk.com\/hr\/wp-json\/wp\/v2\/pages\/10744"}],"wp:attachment":[{"href":"https:\/\/experiencekrk.com\/hr\/wp-json\/wp\/v2\/media?parent=10908"}],"curies":[{"name":"wp","href":"https:\/\/api.w.org\/{rel}","templated":true}]}}