{"id":10733,"date":"2019-06-05T22:52:49","date_gmt":"2019-06-05T22:52:49","guid":{"rendered":"https:\/\/experiencekrk.com\/food-and-wine\/local-food-wine-bars\/"},"modified":"2024-03-10T21:25:58","modified_gmt":"2024-03-10T21:25:58","slug":"lokalni-barovi-hrana-vino","status":"publish","type":"page","link":"https:\/\/experiencekrk.com\/hr\/hrana-i-vino\/lokalni-barovi-hrana-vino\/","title":{"rendered":"Barovi sa lokalnom hranom i vinom"},"content":{"rendered":"<p>[vc_row][vc_column]<div class=\"mkdf-section-title-holder\">\n\t<h1 class=\"mkdf-section-title mkdf-section-title-medium\" >\n\tViktor &amp; Koko food and wine bar<\/h1>\n<\/div>[vc_row_inner][vc_column_inner width=&#8221;1\/2&#8243;][vc_column_text css=&#8221;.vc_custom_1585420771569{border-top-width: 0px !important;padding-top: 0px !important;}&#8221;]Ku\u0161ajte mediteranske autohtone zalogaje u Viktor &amp; Koko food and wine baru koji je smje\u0161ten u starom dijelu grada Krka. Probajte kr\u010dki pr\u0161ut, doma\u0107i kr\u010dki sir s bogatim biljnim okusima, salatu od hobotnice i druge doma\u0107e specijalitete poslu\u017eene uz doma\u0107e vino \u017elahtina. I nikako ne propustite isprobati razli\u010dite okuse njihovog maslinovog ulja.<\/p>\n<p>Mobitel: <a href=\"tel:+385915396474\">+385 91 539 6474<\/a><br \/>\nAdresa: Ul. Antuna Mahni\u0107a 17,<br \/>\n51500 Krk[\/vc_column_text][\/vc_column_inner][vc_column_inner width=&#8221;1\/2&#8243;][vc_single_image image=&#8221;5797&#8243; img_size=&#8221;full&#8221;][\/vc_column_inner][\/vc_row_inner][vc_empty_space height=&#8221;10px&#8221;]<div class=\"mkdf-section-title-holder\">\n\t<h1 class=\"mkdf-section-title mkdf-section-title-small\" >\n\tLocation<\/h1>\n<\/div>[vc_raw_html]JTNDaWZyYW1lJTIwc3JjJTNEJTIyaHR0cHMlM0ElMkYlMkZ3d3cuZ29vZ2xlLmNvbSUyRm1hcHMlMkZlbWJlZCUzRnBiJTNEJTIxMW0xNCUyMTFtOCUyMTFtMyUyMTFkMjc4MTYuMjYyODA3Nzc5MzUyJTIxMmQxNC41NjM5NjIyNzcxMjEyNTIlMjEzZDQ1LjAyMTgyMDI5OTM5MDc1JTIxM20yJTIxMWkxMDI0JTIxMmk3NjglMjE0ZjEzLjElMjEzbTMlMjExbTIlMjExczB4MCUyNTNBMHhhOWY0ODNiNDJmM2VlMThjJTIxMnMlMjUyMlZpa3RvciUyNTI2S29rbyUyNTIyJTJCZm9vZCUyNTI2d2luZSUyMTVlMCUyMTNtMiUyMTFzZW4lMjEyc2hyJTIxNHYxNTU5Nzc5MjM0NjA4JTIxNW0yJTIxMXNlbiUyMTJzaHIlMjIlMjB3aWR0aCUzRCUyMjk4MCUyMiUyMGhlaWdodCUzRCUyMjM1MCUyMiUyMGZyYW1lYm9yZGVyJTNEJTIyMCUyMiUyMHN0eWxlJTNEJTIyYm9yZGVyJTNBMCUyMiUyMGFsbG93ZnVsbHNjcmVlbiUzRSUzQyUyRmlmcmFtZSUzRQ==[\/vc_raw_html]<div class=\"mkdf-separator-holder clearfix  mkdf-separator-center\">\n\t<div class=\"mkdf-separator\" style=\"border-color: #ebebeb;border-style: solid;width: 100%;border-bottom-width: 1px\"><\/div>\n<\/div>\n[vc_empty_space][\/vc_column][\/vc_row][vc_row][vc_column]<div class=\"mkdf-section-title-holder\">\n\t<h1 class=\"mkdf-section-title mkdf-section-title-medium\" >\n\tCaffe bar Volsonis<\/h1>\n<\/div>[vc_row_inner][vc_column_inner width=&#8221;1\/2&#8243;][vc_column_text css=&#8221;.vc_custom_1585420906703{border-top-width: 0px !important;padding-top: 0px !important;}&#8221;]Popularni caffe bar Volsonis osim \u0161to je no\u0107ni klub i restoran, koji poslu\u017euje neka tradicionalna jela, ujedno se nalazi na lokalitetu arheolo\u0161kog nalazi\u0161ta. U njihovom intrigantnom drevnom ambijentu mo\u017eete ku\u0161ati lokalni doma\u0107i sir i pr\u0161ut, doma\u0107e \u0161urlice te druga jela uz \u0161iroku paletu piva, koktela i drugih napitaka.<\/p>\n<p>Telefon: <a href=\"tel:+38551880249\">+385 51 880 249<\/a><br \/>\nAdresa: Vela placa 8,<br \/>\n51500 Krk[\/vc_column_text][\/vc_column_inner][vc_column_inner width=&#8221;1\/2&#8243;][vc_single_image image=&#8221;5798&#8243; img_size=&#8221;full&#8221;][\/vc_column_inner][\/vc_row_inner][vc_empty_space height=&#8221;10px&#8221;]<div class=\"mkdf-section-title-holder\">\n\t<h1 class=\"mkdf-section-title mkdf-section-title-small\" >\n\tLocation<\/h1>\n<\/div>[vc_raw_html]JTNDaWZyYW1lJTIwc3JjJTNEJTIyaHR0cHMlM0ElMkYlMkZ3d3cuZ29vZ2xlLmNvbSUyRm1hcHMlMkZlbWJlZCUzRnBiJTNEJTIxMW0xNCUyMTFtOCUyMTFtMyUyMTFkNDUxMTkuMTAwMjY0ODk0MDYlMjEyZDE0LjU3MzgzODAwMDAwMDAwMiUyMTNkNDUuMDI2MDY3JTIxM20yJTIxMWkxMDI0JTIxMmk3NjglMjE0ZjEzLjElMjEzbTMlMjExbTIlMjExczB4MCUyNTNBMHhjM2NkMWViZTdhZjhjNGM1JTIxMnNWb2xzb25pcyUyMTVlMCUyMTNtMiUyMTFzZW4lMjEyc2hyJTIxNHYxNTU5Nzc5NDg3NDIxJTIxNW0yJTIxMXNlbiUyMTJzaHIlMjIlMjB3aWR0aCUzRCUyMjk4MCUyMiUyMGhlaWdodCUzRCUyMjM1MCUyMiUyMGZyYW1lYm9yZGVyJTNEJTIyMCUyMiUyMHN0eWxlJTNEJTIyYm9yZGVyJTNBMCUyMiUyMGFsbG93ZnVsbHNjcmVlbiUzRSUzQyUyRmlmcmFtZSUzRQ==[\/vc_raw_html][vc_empty_space][\/vc_column][\/vc_row]<\/p>\n","protected":false},"excerpt":{"rendered":"<p>[vc_row][vc_column][vc_row_inner][vc_column_inner width=&#8221;1\/2&#8243;][vc_column_text css=&#8221;.vc_custom_1585420771569{border-top-width: 0px !important;padding-top: 0px !important;}&#8221;]Ku\u0161ajte mediteranske autohtone zalogaje u Viktor &amp; Koko food and wine baru koji je smje\u0161ten u starom dijelu grada Krka. Probajte kr\u010dki pr\u0161ut, doma\u0107i kr\u010dki sir s bogatim biljnim okusima, salatu od hobotnice i druge doma\u0107e specijalitete poslu\u017eene uz doma\u0107e vino \u017elahtina. I nikako ne propustite isprobati razli\u010dite okuse njihovog maslinovog ulja. Mobitel: +385 91 539 6474 Adresa: Ul. Antuna Mahni\u0107a 17, 51500 Krk[\/vc_column_text][\/vc_column_inner][vc_column_inner width=&#8221;1\/2&#8243;][vc_single_image image=&#8221;5797&#8243; img_size=&#8221;full&#8221;][\/vc_column_inner][\/vc_row_inner][vc_empty_space height=&#8221;10px&#8221;][vc_raw_html]JTNDaWZyYW1lJTIwc3JjJTNEJTIyaHR0cHMlM0ElMkYlMkZ3d3cuZ29vZ2xlLmNvbSUyRm1hcHMlMkZlbWJlZCUzRnBiJTNEJTIxMW0xNCUyMTFtOCUyMTFtMyUyMTFkMjc4MTYuMjYyODA3Nzc5MzUyJTIxMmQxNC41NjM5NjIyNzcxMjEyNTIlMjEzZDQ1LjAyMTgyMDI5OTM5MDc1JTIxM20yJTIxMWkxMDI0JTIxMmk3NjglMjE0ZjEzLjElMjEzbTMlMjExbTIlMjExczB4MCUyNTNBMHhhOWY0ODNiNDJmM2VlMThjJTIxMnMlMjUyMlZpa3RvciUyNTI2S29rbyUyNTIyJTJCZm9vZCUyNTI2d2luZSUyMTVlMCUyMTNtMiUyMTFzZW4lMjEyc2hyJTIxNHYxNTU5Nzc5MjM0NjA4JTIxNW0yJTIxMXNlbiUyMTJzaHIlMjIlMjB3aWR0aCUzRCUyMjk4MCUyMiUyMGhlaWdodCUzRCUyMjM1MCUyMiUyMGZyYW1lYm9yZGVyJTNEJTIyMCUyMiUyMHN0eWxlJTNEJTIyYm9yZGVyJTNBMCUyMiUyMGFsbG93ZnVsbHNjcmVlbiUzRSUzQyUyRmlmcmFtZSUzRQ==[\/vc_raw_html][vc_empty_space][\/vc_column][\/vc_row][vc_row][vc_column][vc_row_inner][vc_column_inner width=&#8221;1\/2&#8243;][vc_column_text css=&#8221;.vc_custom_1585420906703{border-top-width: 0px !important;padding-top: 0px !important;}&#8221;]Popularni caffe bar Volsonis osim \u0161to je no\u0107ni klub i restoran,&#8230;<\/p>\n","protected":false},"author":1,"featured_media":0,"parent":10660,"menu_order":0,"comment_status":"closed","ping_status":"closed","template":"","meta":[],"yoast_head":"<!-- This site is optimized with the Yoast SEO plugin v16.0.1 - https:\/\/yoast.com\/wordpress\/plugins\/seo\/ -->\n<title>Barovi sa lokalnom hranom i vinom - Experience Krk<\/title>\n<link rel=\"canonical\" href=\"https:\/\/experiencekrk.com\/hr\/hrana-i-vino\/lokalni-barovi-hrana-vino\/\" \/>\n<meta property=\"og:locale\" content=\"hr_HR\" \/>\n<meta property=\"og:type\" content=\"article\" \/>\n<meta property=\"og:title\" content=\"Barovi sa lokalnom hranom i vinom - Experience Krk\" \/>\n<meta property=\"og:description\" content=\"[vc_row][vc_column][vc_row_inner][vc_column_inner width=&#8221;1\/2&#8243;][vc_column_text css=&#8221;.vc_custom_1585420771569{border-top-width: 0px !important;padding-top: 0px !important;}&#8221;]Ku\u0161ajte mediteranske autohtone zalogaje u Viktor &amp; Koko food and wine baru koji je smje\u0161ten u starom dijelu grada Krka. Probajte kr\u010dki pr\u0161ut, doma\u0107i kr\u010dki sir s bogatim biljnim okusima, salatu od hobotnice i druge doma\u0107e specijalitete poslu\u017eene uz doma\u0107e vino \u017elahtina. I nikako ne propustite isprobati razli\u010dite okuse njihovog maslinovog ulja. Mobitel: +385 91 539 6474 Adresa: Ul. Antuna Mahni\u0107a 17, 51500 Krk[\/vc_column_text][\/vc_column_inner][vc_column_inner width=&#8221;1\/2&#8243;][vc_single_image image=&#8221;5797&#8243; img_size=&#8221;full&#8221;][\/vc_column_inner][\/vc_row_inner][vc_empty_space height=&#8221;10px&#8221;][vc_raw_html]JTNDaWZyYW1lJTIwc3JjJTNEJTIyaHR0cHMlM0ElMkYlMkZ3d3cuZ29vZ2xlLmNvbSUyRm1hcHMlMkZlbWJlZCUzRnBiJTNEJTIxMW0xNCUyMTFtOCUyMTFtMyUyMTFkMjc4MTYuMjYyODA3Nzc5MzUyJTIxMmQxNC41NjM5NjIyNzcxMjEyNTIlMjEzZDQ1LjAyMTgyMDI5OTM5MDc1JTIxM20yJTIxMWkxMDI0JTIxMmk3NjglMjE0ZjEzLjElMjEzbTMlMjExbTIlMjExczB4MCUyNTNBMHhhOWY0ODNiNDJmM2VlMThjJTIxMnMlMjUyMlZpa3RvciUyNTI2S29rbyUyNTIyJTJCZm9vZCUyNTI2d2luZSUyMTVlMCUyMTNtMiUyMTFzZW4lMjEyc2hyJTIxNHYxNTU5Nzc5MjM0NjA4JTIxNW0yJTIxMXNlbiUyMTJzaHIlMjIlMjB3aWR0aCUzRCUyMjk4MCUyMiUyMGhlaWdodCUzRCUyMjM1MCUyMiUyMGZyYW1lYm9yZGVyJTNEJTIyMCUyMiUyMHN0eWxlJTNEJTIyYm9yZGVyJTNBMCUyMiUyMGFsbG93ZnVsbHNjcmVlbiUzRSUzQyUyRmlmcmFtZSUzRQ==[\/vc_raw_html][vc_empty_space][\/vc_column][\/vc_row][vc_row][vc_column][vc_row_inner][vc_column_inner width=&#8221;1\/2&#8243;][vc_column_text css=&#8221;.vc_custom_1585420906703{border-top-width: 0px !important;padding-top: 0px !important;}&#8221;]Popularni caffe bar Volsonis osim \u0161to je no\u0107ni klub i restoran,...\" \/>\n<meta property=\"og:url\" content=\"https:\/\/experiencekrk.com\/hr\/hrana-i-vino\/lokalni-barovi-hrana-vino\/\" \/>\n<meta property=\"og:site_name\" content=\"Experience Krk\" \/>\n<meta property=\"article:modified_time\" content=\"2024-03-10T21:25:58+00:00\" \/>\n<meta name=\"twitter:card\" content=\"summary_large_image\" \/>\n<meta name=\"twitter:label1\" content=\"Procijenjeno vrijeme \u010ditanja\">\n\t<meta name=\"twitter:data1\" content=\"1 minuta\">\n<script type=\"application\/ld+json\" class=\"yoast-schema-graph\">{\"@context\":\"https:\/\/schema.org\",\"@graph\":[{\"@type\":\"WebSite\",\"@id\":\"https:\/\/experiencekrk.com\/#website\",\"url\":\"https:\/\/experiencekrk.com\/\",\"name\":\"Experience Krk\",\"description\":\"Cultural Tours, Food &amp; Wine and more\",\"potentialAction\":[{\"@type\":\"SearchAction\",\"target\":\"https:\/\/experiencekrk.com\/?s={search_term_string}\",\"query-input\":\"required name=search_term_string\"}],\"inLanguage\":\"hr\"},{\"@type\":\"WebPage\",\"@id\":\"https:\/\/experiencekrk.com\/hr\/hrana-i-vino\/lokalni-barovi-hrana-vino\/#webpage\",\"url\":\"https:\/\/experiencekrk.com\/hr\/hrana-i-vino\/lokalni-barovi-hrana-vino\/\",\"name\":\"Barovi sa lokalnom hranom i vinom - Experience Krk\",\"isPartOf\":{\"@id\":\"https:\/\/experiencekrk.com\/#website\"},\"datePublished\":\"2019-06-05T22:52:49+00:00\",\"dateModified\":\"2024-03-10T21:25:58+00:00\",\"breadcrumb\":{\"@id\":\"https:\/\/experiencekrk.com\/hr\/hrana-i-vino\/lokalni-barovi-hrana-vino\/#breadcrumb\"},\"inLanguage\":\"hr\",\"potentialAction\":[{\"@type\":\"ReadAction\",\"target\":[\"https:\/\/experiencekrk.com\/hr\/hrana-i-vino\/lokalni-barovi-hrana-vino\/\"]}]},{\"@type\":\"BreadcrumbList\",\"@id\":\"https:\/\/experiencekrk.com\/hr\/hrana-i-vino\/lokalni-barovi-hrana-vino\/#breadcrumb\",\"itemListElement\":[{\"@type\":\"ListItem\",\"position\":1,\"item\":{\"@type\":\"WebPage\",\"@id\":\"https:\/\/experiencekrk.com\/hr\/\",\"url\":\"https:\/\/experiencekrk.com\/hr\/\",\"name\":\"Home\"}},{\"@type\":\"ListItem\",\"position\":2,\"item\":{\"@type\":\"WebPage\",\"@id\":\"https:\/\/experiencekrk.com\/hr\/hrana-i-vino\/\",\"url\":\"https:\/\/experiencekrk.com\/hr\/hrana-i-vino\/\",\"name\":\"Hrana i vino\"}},{\"@type\":\"ListItem\",\"position\":3,\"item\":{\"@type\":\"WebPage\",\"@id\":\"https:\/\/experiencekrk.com\/hr\/hrana-i-vino\/lokalni-barovi-hrana-vino\/\",\"url\":\"https:\/\/experiencekrk.com\/hr\/hrana-i-vino\/lokalni-barovi-hrana-vino\/\",\"name\":\"Barovi sa lokalnom hranom i vinom\"}}]}]}<\/script>\n<!-- \/ Yoast SEO plugin. -->","_links":{"self":[{"href":"https:\/\/experiencekrk.com\/hr\/wp-json\/wp\/v2\/pages\/10733"}],"collection":[{"href":"https:\/\/experiencekrk.com\/hr\/wp-json\/wp\/v2\/pages"}],"about":[{"href":"https:\/\/experiencekrk.com\/hr\/wp-json\/wp\/v2\/types\/page"}],"author":[{"embeddable":true,"href":"https:\/\/experiencekrk.com\/hr\/wp-json\/wp\/v2\/users\/1"}],"replies":[{"embeddable":true,"href":"https:\/\/experiencekrk.com\/hr\/wp-json\/wp\/v2\/comments?post=10733"}],"version-history":[{"count":3,"href":"https:\/\/experiencekrk.com\/hr\/wp-json\/wp\/v2\/pages\/10733\/revisions"}],"predecessor-version":[{"id":33319,"href":"https:\/\/experiencekrk.com\/hr\/wp-json\/wp\/v2\/pages\/10733\/revisions\/33319"}],"up":[{"embeddable":true,"href":"https:\/\/experiencekrk.com\/hr\/wp-json\/wp\/v2\/pages\/10660"}],"wp:attachment":[{"href":"https:\/\/experiencekrk.com\/hr\/wp-json\/wp\/v2\/media?parent=10733"}],"curies":[{"name":"wp","href":"https:\/\/api.w.org\/{rel}","templated":true}]}}