{"id":10711,"date":"2019-04-29T08:56:31","date_gmt":"2019-04-29T08:56:31","guid":{"rendered":"https:\/\/experiencekrk.com\/food-and-wine\/local-wineries\/"},"modified":"2020-04-01T11:46:43","modified_gmt":"2020-04-01T11:46:43","slug":"lokalne-vinarije","status":"publish","type":"page","link":"https:\/\/experiencekrk.com\/hr\/hrana-i-vino\/lokalne-vinarije\/","title":{"rendered":"Lokalne vinarije"},"content":{"rendered":"<p>[vc_row][vc_column]<div class=\"mkdf-section-title-holder\">\n\t<h1 class=\"mkdf-section-title mkdf-section-title-medium\" >\n\tLokalne vinarije na otoku Krku<\/h1>\n<\/div>[vc_empty_space][vc_row_inner][vc_column_inner width=&#8221;1\/2&#8243;][vc_column_text]Otok Krk poznat je po jedinstvenom kvalitetnom suhom bijelom vinu \u017elahtina. Ovo je vino tipi\u010dno za otok Krk i regiju Vrbnik. Posjetite neke od obiteljskih vinograda koji imaju stoljetnu tradiciju proizvodnje \u017elathine.<\/p>\n<p>PZ GOSPOJA<br \/>\nAdresa: Frankopanska 1, Vrbnik<br \/>\nTelefon: <a href=\"tel:+38551857142\">+385 51 857 142<\/a><br \/>\nE-mail:<a href=\"mailto:info@gospoja.hr\"> info@gospoja.hr<\/a><br \/>\nWeb: <a href=\"http:\/\/www.gospoja.hr\" target=\"_blank\" rel=\"noopener noreferrer\">www.gospoja.hr<\/a>[\/vc_column_text][\/vc_column_inner][vc_column_inner width=&#8221;1\/2&#8243;][vc_single_image image=&#8221;3650&#8243; img_size=&#8221;full&#8221;][\/vc_column_inner][\/vc_row_inner][vc_empty_space][\/vc_column][\/vc_row][vc_row][vc_column offset=&#8221;vc_hidden-sm vc_hidden-xs&#8221;][vc_row_inner][vc_column_inner width=&#8221;1\/2&#8243;][vc_single_image image=&#8221;3701&#8243; img_size=&#8221;full&#8221;][\/vc_column_inner][vc_column_inner width=&#8221;1\/2&#8243;][vc_column_text]<strong>PZ VRBNIK<\/strong><br \/>\nAdresa: Namori 2<br \/>\nTelefon: <a href=\"tel:+38551857101\">+385 51 857 101<\/a><br \/>\nE-mail:<a href=\"mailto:pz-vrbnik@ri.t-com.hr\"> pz-vrbnik@ri.t-com.hr<\/a><br \/>\nWeb: <a href=\"http:\/\/www.pz-vrbnik.hr\" target=\"_blank\" rel=\"noopener noreferrer\">www.pz-vrbnik.hr<\/a><\/p>\n<p><strong>KU\u0106A VINA IVANA KATUNARA<\/strong><br \/>\nAdresa: Bra\u0107e Trinajsti\u0107 3, Vrbnik<br \/>\nMobitel: <a href=\"tel:+385915321224\">+385 91 532 12 24<\/a><br \/>\nE-mail: <a href=\"mailto:ikatunar@gmail.com\">ikatunar@gmail.com<\/a><br \/>\nWeb: <a href=\"http:\/\/www.kucavina-ivankatunar.com\" target=\"_blank\" rel=\"noopener noreferrer\">www.kucavina-ivankatunar.com<\/a>[\/vc_column_text][\/vc_column_inner][\/vc_row_inner][vc_empty_space][\/vc_column][\/vc_row][vc_row][vc_column offset=&#8221;vc_hidden-lg vc_hidden-md&#8221;][vc_row_inner][vc_column_inner width=&#8221;1\/2&#8243;][vc_column_text]<strong>PZ VRBNIK<\/strong><br \/>\nAddress: Namori 2<br \/>\nPhone: <a href=\"tel:+38551857101\">+385 51 857 101<\/a><br \/>\nE-mail:<a href=\"mailto:pz-vrbnik@ri.t-com.hr\"> pz-vrbnik@ri.t-com.hr<\/a><br \/>\nWeb: <a href=\"http:\/\/www.pz-vrbnik.hr\" target=\"_blank\" rel=\"noopener noreferrer\">www.pz-vrbnik.hr<\/a><\/p>\n<p><strong>HOUSE OF WINE IVAN KATUNAR<\/strong><br \/>\nAddress: Bra\u0107e Trinajsti\u0107 3, Vrbnik<br \/>\nMobile: <a href=\"tel:+385915321224\">+385 91 532 12 24<\/a><br \/>\nE-mail: <a href=\"mailto:ikatunar@gmail.com\">ikatunar@gmail.com<\/a><br \/>\nWeb: <a href=\"http:\/\/www.kucavina-ivankatunar.com\" target=\"_blank\" rel=\"noopener noreferrer\">www.kucavina-ivankatunar.com<\/a>[\/vc_column_text][\/vc_column_inner][vc_column_inner width=&#8221;1\/2&#8243;][vc_single_image image=&#8221;3701&#8243; img_size=&#8221;full&#8221;][\/vc_column_inner][\/vc_row_inner][vc_empty_space][\/vc_column][\/vc_row][vc_row][vc_column][vc_row_inner][vc_column_inner width=&#8221;1\/2&#8243;][vc_column_text]<strong>VINARIJA KATUNAR<\/strong><br \/>\nAdresa: Vinogradska 17<br \/>\nTelefon: <a href=\"tel:+38551857393\">+385 51 857 393<\/a><br \/>\nE-mail: <a href=\"mailto:info@katunar.hr\">info@katunar.hr<\/a><br \/>\nWeb: <a href=\"http:\/\/www.katunar.hr\" target=\"_blank\" rel=\"noopener noreferrer\">www.katunar.hr<\/a><\/p>\n<p><strong>VINARIJA NADA<\/strong><br \/>\nAdresa: Glava\u010da 22<br \/>\nTelefon: <a href=\"tel:+38551857065\">+385 51 857 065<\/a><br \/>\nE-mail: <a href=\"mailto:nada@ri.t-com.hr\">nada@ri.t-com.hr<\/a><br \/>\nWeb: <a href=\"http:\/\/www.nada-vrbnik.hr\" target=\"_blank\" rel=\"noopener noreferrer\">www.nada-vrbnik.hr<\/a>[\/vc_column_text][\/vc_column_inner][vc_column_inner width=&#8221;1\/2&#8243;][vc_single_image image=&#8221;5834&#8243; img_size=&#8221;full&#8221;][\/vc_column_inner][\/vc_row_inner][vc_empty_space][\/vc_column][\/vc_row][vc_row][vc_column offset=&#8221;vc_hidden-sm vc_hidden-xs&#8221;][vc_row_inner][vc_column_inner width=&#8221;1\/2&#8243;][vc_single_image image=&#8221;5837&#8243; img_size=&#8221;full&#8221;][\/vc_column_inner][vc_column_inner width=&#8221;1\/2&#8243;][vc_column_text]<strong>VINARIJA \u0160IPUN<\/strong><br \/>\nAdresa: \u0160ipun 16<br \/>\nTelefon: <a href=\"tel:+38551857086\">+385 51 857 086<\/a><br \/>\nMobitel: <a href=\"tel:+385915087027\">+385 91 508 7027<\/a><br \/>\nE-mail: <a href=\"mailto:sipun@hi.t-com.hr\">sipun@hi.t-com.hr<\/a><\/p>\n<p><strong><br \/>\nVINARIJA \u010cUBRANI\u0106 PETAR I SINOVI<\/strong><br \/>\nAdresa: Placa Vrbni\u010dkog statuta 5, Vrbnik<br \/>\nTelefon: <a href=\"tel:+38551857012\">+385 51 857 012<\/a>[\/vc_column_text][\/vc_column_inner][\/vc_row_inner][vc_empty_space][\/vc_column][\/vc_row][vc_row][vc_column offset=&#8221;vc_hidden-lg vc_hidden-md&#8221;][vc_row_inner][vc_column_inner width=&#8221;1\/2&#8243;][vc_column_text]<strong>WINERY \u0160IPUN<\/strong><br \/>\nAddress: \u0160ipun 16<br \/>\nPhone: <a href=\"tel:+38551857086\">+385 51 857 086<\/a><br \/>\nMobile: <a href=\"tel:+385915087027\">+385 91 508 7027<\/a><br \/>\nE-mail: <a href=\"mailto:sipun@hi.t-com.hr\">sipun@hi.t-com.hr<\/a><\/p>\n<p><strong><br \/>\nWINERY \u010cUBRANI\u0106 PETAR I SINOVI<\/strong><br \/>\nAddress: Placa Vrbni\u010dkog statuta 5, Vrbnik<br \/>\nPhone: <a href=\"tel:+38551857012\">+385 51 857 012<\/a>[\/vc_column_text][\/vc_column_inner][vc_column_inner width=&#8221;1\/2&#8243;][vc_single_image image=&#8221;5837&#8243; img_size=&#8221;full&#8221;][\/vc_column_inner][\/vc_row_inner][vc_empty_space][\/vc_column][\/vc_row][vc_row][vc_column][vc_row_inner][vc_column_inner width=&#8221;1\/2&#8243;][vc_column_text]<strong>VINARIJA ZLATNA VRBNI\u010cKA \u017dLAHTINA<\/strong><br \/>\nAdresa: Trg Sv.Ivana 2, Vrbnik<br \/>\nTelefon: <a href=\"tel:+38551857128\">+385 51 857 128<\/a><br \/>\nE-mail:<a href=\"mailto:pz-vrbnik@ri.t-com.hr\"> pz-vrbnik@ri.t-com.hr<\/a><br \/>\nWeb: <a href=\"http:\/\/www.pz-vrbnik.hr\" target=\"_blank\" rel=\"noopener noreferrer\">www.pz-vrbnik.hr<\/a><\/p>\n<p><strong>Degustacija vina GOSPOJA<\/strong><br \/>\nAdresa: Vitezi\u0107eva 9, Vrbnik<br \/>\nTelefon: <a href=\"tel:+38551857201\">+385 51 857 201<\/a><br \/>\nE-mail: <a href=\"mailto:info@gospoja.hr\">info@gospoja.hr<\/a><br \/>\nWeb: <a href=\"http:\/\/www.gospoja.hr\" target=\"_blank\" rel=\"noopener noreferrer\">www.gospoja.hr<\/a>[\/vc_column_text][\/vc_column_inner][vc_column_inner width=&#8221;1\/2&#8243;][vc_single_image image=&#8221;5835&#8243; img_size=&#8221;full&#8221;][\/vc_column_inner][\/vc_row_inner][vc_empty_space][\/vc_column][\/vc_row]<\/p>\n","protected":false},"excerpt":{"rendered":"<p>[vc_row][vc_column][vc_empty_space][vc_row_inner][vc_column_inner width=&#8221;1\/2&#8243;][vc_column_text]Otok Krk poznat je po jedinstvenom kvalitetnom suhom bijelom vinu \u017elahtina. Ovo je vino tipi\u010dno za otok Krk i regiju Vrbnik. Posjetite neke od obiteljskih vinograda koji imaju stoljetnu tradiciju proizvodnje \u017elathine. PZ GOSPOJA Adresa: Frankopanska 1, Vrbnik Telefon: +385 51 857 142 E-mail: info@gospoja.hr Web: www.gospoja.hr[\/vc_column_text][\/vc_column_inner][vc_column_inner width=&#8221;1\/2&#8243;][vc_single_image image=&#8221;3650&#8243; img_size=&#8221;full&#8221;][\/vc_column_inner][\/vc_row_inner][vc_empty_space][\/vc_column][\/vc_row][vc_row][vc_column offset=&#8221;vc_hidden-sm vc_hidden-xs&#8221;][vc_row_inner][vc_column_inner width=&#8221;1\/2&#8243;][vc_single_image image=&#8221;3701&#8243; img_size=&#8221;full&#8221;][\/vc_column_inner][vc_column_inner width=&#8221;1\/2&#8243;][vc_column_text]PZ VRBNIK Adresa: Namori 2 Telefon: +385 51 857 101 E-mail: pz-vrbnik@ri.t-com.hr Web: www.pz-vrbnik.hr KU\u0106A VINA IVANA KATUNARA Adresa: Bra\u0107e Trinajsti\u0107 3, Vrbnik Mobitel: +385 91 532 12 24 E-mail: ikatunar@gmail.com Web: www.kucavina-ivankatunar.com[\/vc_column_text][\/vc_column_inner][\/vc_row_inner][vc_empty_space][\/vc_column][\/vc_row][vc_row][vc_column offset=&#8221;vc_hidden-lg&#8230;<\/p>\n","protected":false},"author":1,"featured_media":0,"parent":10660,"menu_order":0,"comment_status":"closed","ping_status":"closed","template":"","meta":[],"yoast_head":"<!-- This site is optimized with the Yoast SEO plugin v16.0.1 - https:\/\/yoast.com\/wordpress\/plugins\/seo\/ -->\n<title>Lokalne vinarije - Experience Krk<\/title>\n<link rel=\"canonical\" href=\"https:\/\/experiencekrk.com\/hr\/hrana-i-vino\/lokalne-vinarije\/\" \/>\n<meta property=\"og:locale\" content=\"hr_HR\" \/>\n<meta property=\"og:type\" content=\"article\" \/>\n<meta property=\"og:title\" content=\"Lokalne vinarije - Experience Krk\" \/>\n<meta property=\"og:description\" content=\"[vc_row][vc_column][vc_empty_space][vc_row_inner][vc_column_inner width=&#8221;1\/2&#8243;][vc_column_text]Otok Krk poznat je po jedinstvenom kvalitetnom suhom bijelom vinu \u017elahtina. Ovo je vino tipi\u010dno za otok Krk i regiju Vrbnik. Posjetite neke od obiteljskih vinograda koji imaju stoljetnu tradiciju proizvodnje \u017elathine. PZ GOSPOJA Adresa: Frankopanska 1, Vrbnik Telefon: +385 51 857 142 E-mail: info@gospoja.hr Web: www.gospoja.hr[\/vc_column_text][\/vc_column_inner][vc_column_inner width=&#8221;1\/2&#8243;][vc_single_image image=&#8221;3650&#8243; img_size=&#8221;full&#8221;][\/vc_column_inner][\/vc_row_inner][vc_empty_space][\/vc_column][\/vc_row][vc_row][vc_column offset=&#8221;vc_hidden-sm vc_hidden-xs&#8221;][vc_row_inner][vc_column_inner width=&#8221;1\/2&#8243;][vc_single_image image=&#8221;3701&#8243; img_size=&#8221;full&#8221;][\/vc_column_inner][vc_column_inner width=&#8221;1\/2&#8243;][vc_column_text]PZ VRBNIK Adresa: Namori 2 Telefon: +385 51 857 101 E-mail: pz-vrbnik@ri.t-com.hr Web: www.pz-vrbnik.hr KU\u0106A VINA IVANA KATUNARA Adresa: Bra\u0107e Trinajsti\u0107 3, Vrbnik Mobitel: +385 91 532 12 24 E-mail: ikatunar@gmail.com Web: www.kucavina-ivankatunar.com[\/vc_column_text][\/vc_column_inner][\/vc_row_inner][vc_empty_space][\/vc_column][\/vc_row][vc_row][vc_column offset=&#8221;vc_hidden-lg...\" \/>\n<meta property=\"og:url\" content=\"https:\/\/experiencekrk.com\/hr\/hrana-i-vino\/lokalne-vinarije\/\" \/>\n<meta property=\"og:site_name\" content=\"Experience Krk\" \/>\n<meta property=\"article:modified_time\" content=\"2020-04-01T11:46:43+00:00\" \/>\n<meta name=\"twitter:card\" content=\"summary_large_image\" \/>\n<meta name=\"twitter:label1\" content=\"Procijenjeno vrijeme \u010ditanja\">\n\t<meta name=\"twitter:data1\" content=\"3 minute\">\n<script type=\"application\/ld+json\" class=\"yoast-schema-graph\">{\"@context\":\"https:\/\/schema.org\",\"@graph\":[{\"@type\":\"WebSite\",\"@id\":\"https:\/\/experiencekrk.com\/#website\",\"url\":\"https:\/\/experiencekrk.com\/\",\"name\":\"Experience Krk\",\"description\":\"Cultural Tours, Food &amp; Wine and more\",\"potentialAction\":[{\"@type\":\"SearchAction\",\"target\":\"https:\/\/experiencekrk.com\/?s={search_term_string}\",\"query-input\":\"required name=search_term_string\"}],\"inLanguage\":\"hr\"},{\"@type\":\"WebPage\",\"@id\":\"https:\/\/experiencekrk.com\/hr\/hrana-i-vino\/lokalne-vinarije\/#webpage\",\"url\":\"https:\/\/experiencekrk.com\/hr\/hrana-i-vino\/lokalne-vinarije\/\",\"name\":\"Lokalne vinarije - Experience Krk\",\"isPartOf\":{\"@id\":\"https:\/\/experiencekrk.com\/#website\"},\"datePublished\":\"2019-04-29T08:56:31+00:00\",\"dateModified\":\"2020-04-01T11:46:43+00:00\",\"breadcrumb\":{\"@id\":\"https:\/\/experiencekrk.com\/hr\/hrana-i-vino\/lokalne-vinarije\/#breadcrumb\"},\"inLanguage\":\"hr\",\"potentialAction\":[{\"@type\":\"ReadAction\",\"target\":[\"https:\/\/experiencekrk.com\/hr\/hrana-i-vino\/lokalne-vinarije\/\"]}]},{\"@type\":\"BreadcrumbList\",\"@id\":\"https:\/\/experiencekrk.com\/hr\/hrana-i-vino\/lokalne-vinarije\/#breadcrumb\",\"itemListElement\":[{\"@type\":\"ListItem\",\"position\":1,\"item\":{\"@type\":\"WebPage\",\"@id\":\"https:\/\/experiencekrk.com\/hr\/\",\"url\":\"https:\/\/experiencekrk.com\/hr\/\",\"name\":\"Home\"}},{\"@type\":\"ListItem\",\"position\":2,\"item\":{\"@type\":\"WebPage\",\"@id\":\"https:\/\/experiencekrk.com\/hr\/hrana-i-vino\/\",\"url\":\"https:\/\/experiencekrk.com\/hr\/hrana-i-vino\/\",\"name\":\"Hrana i vino\"}},{\"@type\":\"ListItem\",\"position\":3,\"item\":{\"@type\":\"WebPage\",\"@id\":\"https:\/\/experiencekrk.com\/hr\/hrana-i-vino\/lokalne-vinarije\/\",\"url\":\"https:\/\/experiencekrk.com\/hr\/hrana-i-vino\/lokalne-vinarije\/\",\"name\":\"Lokalne vinarije\"}}]}]}<\/script>\n<!-- \/ Yoast SEO plugin. -->","_links":{"self":[{"href":"https:\/\/experiencekrk.com\/hr\/wp-json\/wp\/v2\/pages\/10711"}],"collection":[{"href":"https:\/\/experiencekrk.com\/hr\/wp-json\/wp\/v2\/pages"}],"about":[{"href":"https:\/\/experiencekrk.com\/hr\/wp-json\/wp\/v2\/types\/page"}],"author":[{"embeddable":true,"href":"https:\/\/experiencekrk.com\/hr\/wp-json\/wp\/v2\/users\/1"}],"replies":[{"embeddable":true,"href":"https:\/\/experiencekrk.com\/hr\/wp-json\/wp\/v2\/comments?post=10711"}],"version-history":[{"count":2,"href":"https:\/\/experiencekrk.com\/hr\/wp-json\/wp\/v2\/pages\/10711\/revisions"}],"predecessor-version":[{"id":10726,"href":"https:\/\/experiencekrk.com\/hr\/wp-json\/wp\/v2\/pages\/10711\/revisions\/10726"}],"up":[{"embeddable":true,"href":"https:\/\/experiencekrk.com\/hr\/wp-json\/wp\/v2\/pages\/10660"}],"wp:attachment":[{"href":"https:\/\/experiencekrk.com\/hr\/wp-json\/wp\/v2\/media?parent=10711"}],"curies":[{"name":"wp","href":"https:\/\/api.w.org\/{rel}","templated":true}]}}