{"id":10689,"date":"2019-04-15T07:41:28","date_gmt":"2019-04-15T07:41:28","guid":{"rendered":"https:\/\/experiencekrk.com\/agrotourism-dvori-sv-jurja\/"},"modified":"2021-06-09T11:36:32","modified_gmt":"2021-06-09T11:36:32","slug":"agroturizam-dvori-sv-jurja","status":"publish","type":"page","link":"https:\/\/experiencekrk.com\/hr\/obiteljski-odmor\/agroturizam-dvori-sv-jurja\/","title":{"rendered":"Agroturizam Dvori Sv.Jurja"},"content":{"rendered":"<p>[vc_row][vc_column][vc_row_inner][vc_column_inner width=&#8221;1\/2&#8243;]<div class=\"mkdf-section-title-holder\">\n\t<h1 class=\"mkdf-section-title mkdf-section-title-medium\" >\n\tAgroturizam Dvori Sv.Jurja<\/h1>\n<\/div>[vc_column_text]Agroturizam Dvori sv. Jurja nalazi se u blizini uvale Sveti Juraj, 12 minuta vo\u017enje od grada Krka, gdje gosti mogu u\u017eivati u prirodi, miru i gastronomiji. Hrana je doma\u0107a i jednostavna, specijaliteti uklju\u010duju peku, janjetinu na \u017earu, ribu na \u017earu, gula\u0161 sa \u0161urlicama, doma\u0107i pr\u0161ut i sir. Rezervacije su obavezne.<\/p>\n<p>Smje\u0161taj u sobama, bungalovima i glamping \u0161atorima pru\u017ea pravi odmor daleko od gu\u017evi. Osim gastronomije i smje\u0161taja, agroturizam nudi mogu\u0107nost najma prostora za doga\u0111aje poput vjen\u010danja i team building-a.[\/vc_column_text][\/vc_column_inner][vc_column_inner width=&#8221;1\/2&#8243;]<div class=\"mkdf-image-gallery\">\n\t<div class=\"mkdf-image-gallery-slider \" data-autoplay=\"3\" data-animation=\"slide\" data-navigation=\"yes\" data-pagination=\"yes\">\n\t\t\t\t\t\t\t\t\t<img src=\"https:\/\/experiencekrk.com\/wp-content\/uploads\/2019\/06\/City-of-Krk-horse-riding-600x400.jpg\" alt=\"\" width=\"600\" height=\"400\" \/>\t\t\t\t\t\t\t\t\t\t\t\t\t<img src=\"https:\/\/experiencekrk.com\/wp-content\/uploads\/2019\/04\/City-of-Krk-Agrotourism-Dvori-Sv.Jurja-horse-riding-600x400.jpg\" alt=\"\" width=\"600\" height=\"400\" \/>\t\t\t\t\t\t\t\t\t\t\t\t\t<img src=\"https:\/\/experiencekrk.com\/wp-content\/uploads\/2019\/04\/City-of-Krk-Prosciutto-on-wooden-plate-600x400.jpg\" alt=\"\" width=\"600\" height=\"400\" \/>\t\t\t\t\t\t\t<\/div>\n<\/div>[\/vc_column_inner][\/vc_row_inner][vc_empty_space][vc_row_inner][vc_column_inner width=&#8221;1\/4&#8243;][vc_column_text]<strong>Radno vrijeme:<\/strong><br \/>\n<span style=\"text-decoration: underline;\">Svibanj &#8211; Rujan:<br \/>\n<\/span>Pon &#8211; ned: 16:00 &#8211; 23:00<\/p>\n<p><span style=\"text-decoration: underline;\">Listopad &#8211; travanj:<\/span><br \/>\nOtvoreno samo za prethodne i grupne rezervacije<\/p>\n<p>Mobitel: <a href=\"tel:+385915053391\">+385 91 505 3391<\/a><br \/>\nAdresa: Bok od Brozi\u0107a 100, 51500 Vrh<br \/>\nWeb: <a href=\"http:\/\/www.krk-agroturizam.com\" target=\"_blank\" rel=\"noopener noreferrer\">www.krk-agroturizam.com<\/a>[\/vc_column_text][\/vc_column_inner][vc_column_inner width=&#8221;3\/4&#8243;][vc_raw_html]JTNDaWZyYW1lJTIwc3JjJTNEJTIyaHR0cHMlM0ElMkYlMkZ3d3cuZ29vZ2xlLmNvbSUyRm1hcHMlMkZlbWJlZCUzRnBiJTNEJTIxMW0xOCUyMTFtMTIlMjExbTMlMjExZDM1Mjk3Ljg4NDM4ODgyNjQxJTIxMmQxNC41MzY5MzcwODI4MjQxOSUyMTNkNDUuMDI1NjYxMzMzNDgyMTQlMjEybTMlMjExZjAlMjEyZjAlMjEzZjAlMjEzbTIlMjExaTEwMjQlMjEyaTc2OCUyMTRmMTMuMSUyMTNtMyUyMTFtMiUyMTFzMHg0NzYzNmRjN2Y1NmY4NjQ5JTI1M0EweDVkNWRlMjZmMTMxYTBjYWElMjEyc0Fncm90dXJpemFtJTJCRHZvcmklMkJTdmV0b2clMkJKdXJqYSUyMTVlMCUyMTNtMiUyMTFzZW4lMjEyc2hyJTIxNHYxNTU1MzE0NjEyNTUyJTIxNW0yJTIxMXNlbiUyMTJzaHIlMjIlMjB3aWR0aCUzRCUyMjk4MCUyMiUyMGhlaWdodCUzRCUyMjM1MCUyMiUyMGZyYW1lYm9yZGVyJTNEJTIyMCUyMiUyMHN0eWxlJTNEJTIyYm9yZGVyJTNBMCUyMiUyMGFsbG93ZnVsbHNjcmVlbiUzRSUzQyUyRmlmcmFtZSUzRQ==[\/vc_raw_html][\/vc_column_inner][\/vc_row_inner][\/vc_column][\/vc_row]<\/p>\n","protected":false},"excerpt":{"rendered":"<p>[vc_row][vc_column][vc_row_inner][vc_column_inner width=&#8221;1\/2&#8243;][vc_column_text]Agroturizam Dvori sv. Jurja nalazi se u blizini uvale Sveti Juraj, 12 minuta vo\u017enje od grada Krka, gdje gosti mogu u\u017eivati u prirodi, miru i gastronomiji. Hrana je doma\u0107a i jednostavna, specijaliteti uklju\u010duju peku, janjetinu na \u017earu, ribu na \u017earu, gula\u0161 sa \u0161urlicama, doma\u0107i pr\u0161ut i sir. Rezervacije su obavezne. Smje\u0161taj u sobama, bungalovima i glamping \u0161atorima pru\u017ea pravi odmor daleko od gu\u017evi. Osim gastronomije i smje\u0161taja, agroturizam nudi mogu\u0107nost najma prostora za doga\u0111aje poput vjen\u010danja i team building-a.[\/vc_column_text][\/vc_column_inner][vc_column_inner width=&#8221;1\/2&#8243;][\/vc_column_inner][\/vc_row_inner][vc_empty_space][vc_row_inner][vc_column_inner width=&#8221;1\/4&#8243;][vc_column_text]Radno vrijeme: Svibanj &#8211; Rujan: Pon &#8211; ned: 16:00&#8230;<\/p>\n","protected":false},"author":1,"featured_media":0,"parent":10744,"menu_order":0,"comment_status":"closed","ping_status":"closed","template":"","meta":[],"yoast_head":"<!-- This site is optimized with the Yoast SEO plugin v16.0.1 - https:\/\/yoast.com\/wordpress\/plugins\/seo\/ -->\n<title>Agroturizam Dvori Sv.Jurja - Experience Krk<\/title>\n<link rel=\"canonical\" href=\"https:\/\/experiencekrk.com\/hr\/obiteljski-odmor\/agroturizam-dvori-sv-jurja\/\" \/>\n<meta property=\"og:locale\" content=\"hr_HR\" \/>\n<meta property=\"og:type\" content=\"article\" \/>\n<meta property=\"og:title\" content=\"Agroturizam Dvori Sv.Jurja - Experience Krk\" \/>\n<meta property=\"og:description\" content=\"[vc_row][vc_column][vc_row_inner][vc_column_inner width=&#8221;1\/2&#8243;][vc_column_text]Agroturizam Dvori sv. Jurja nalazi se u blizini uvale Sveti Juraj, 12 minuta vo\u017enje od grada Krka, gdje gosti mogu u\u017eivati u prirodi, miru i gastronomiji. Hrana je doma\u0107a i jednostavna, specijaliteti uklju\u010duju peku, janjetinu na \u017earu, ribu na \u017earu, gula\u0161 sa \u0161urlicama, doma\u0107i pr\u0161ut i sir. Rezervacije su obavezne. Smje\u0161taj u sobama, bungalovima i glamping \u0161atorima pru\u017ea pravi odmor daleko od gu\u017evi. Osim gastronomije i smje\u0161taja, agroturizam nudi mogu\u0107nost najma prostora za doga\u0111aje poput vjen\u010danja i team building-a.[\/vc_column_text][\/vc_column_inner][vc_column_inner width=&#8221;1\/2&#8243;][\/vc_column_inner][\/vc_row_inner][vc_empty_space][vc_row_inner][vc_column_inner width=&#8221;1\/4&#8243;][vc_column_text]Radno vrijeme: Svibanj &#8211; Rujan: Pon &#8211; ned: 16:00...\" \/>\n<meta property=\"og:url\" content=\"https:\/\/experiencekrk.com\/hr\/obiteljski-odmor\/agroturizam-dvori-sv-jurja\/\" \/>\n<meta property=\"og:site_name\" content=\"Experience Krk\" \/>\n<meta property=\"article:modified_time\" content=\"2021-06-09T11:36:32+00:00\" \/>\n<meta name=\"twitter:card\" content=\"summary_large_image\" \/>\n<meta name=\"twitter:label1\" content=\"Procijenjeno vrijeme \u010ditanja\">\n\t<meta name=\"twitter:data1\" content=\"1 minuta\">\n<script type=\"application\/ld+json\" class=\"yoast-schema-graph\">{\"@context\":\"https:\/\/schema.org\",\"@graph\":[{\"@type\":\"WebSite\",\"@id\":\"https:\/\/experiencekrk.com\/#website\",\"url\":\"https:\/\/experiencekrk.com\/\",\"name\":\"Experience Krk\",\"description\":\"Cultural Tours, Food &amp; Wine and more\",\"potentialAction\":[{\"@type\":\"SearchAction\",\"target\":\"https:\/\/experiencekrk.com\/?s={search_term_string}\",\"query-input\":\"required name=search_term_string\"}],\"inLanguage\":\"hr\"},{\"@type\":\"WebPage\",\"@id\":\"https:\/\/experiencekrk.com\/hr\/obiteljski-odmor\/agroturizam-dvori-sv-jurja\/#webpage\",\"url\":\"https:\/\/experiencekrk.com\/hr\/obiteljski-odmor\/agroturizam-dvori-sv-jurja\/\",\"name\":\"Agroturizam Dvori Sv.Jurja - Experience Krk\",\"isPartOf\":{\"@id\":\"https:\/\/experiencekrk.com\/#website\"},\"datePublished\":\"2019-04-15T07:41:28+00:00\",\"dateModified\":\"2021-06-09T11:36:32+00:00\",\"breadcrumb\":{\"@id\":\"https:\/\/experiencekrk.com\/hr\/obiteljski-odmor\/agroturizam-dvori-sv-jurja\/#breadcrumb\"},\"inLanguage\":\"hr\",\"potentialAction\":[{\"@type\":\"ReadAction\",\"target\":[\"https:\/\/experiencekrk.com\/hr\/obiteljski-odmor\/agroturizam-dvori-sv-jurja\/\"]}]},{\"@type\":\"BreadcrumbList\",\"@id\":\"https:\/\/experiencekrk.com\/hr\/obiteljski-odmor\/agroturizam-dvori-sv-jurja\/#breadcrumb\",\"itemListElement\":[{\"@type\":\"ListItem\",\"position\":1,\"item\":{\"@type\":\"WebPage\",\"@id\":\"https:\/\/experiencekrk.com\/hr\/\",\"url\":\"https:\/\/experiencekrk.com\/hr\/\",\"name\":\"Home\"}},{\"@type\":\"ListItem\",\"position\":2,\"item\":{\"@type\":\"WebPage\",\"@id\":\"https:\/\/experiencekrk.com\/hr\/obiteljski-odmor\/\",\"url\":\"https:\/\/experiencekrk.com\/hr\/obiteljski-odmor\/\",\"name\":\"Obiteljski odmor\"}},{\"@type\":\"ListItem\",\"position\":3,\"item\":{\"@type\":\"WebPage\",\"@id\":\"https:\/\/experiencekrk.com\/hr\/obiteljski-odmor\/agroturizam-dvori-sv-jurja\/\",\"url\":\"https:\/\/experiencekrk.com\/hr\/obiteljski-odmor\/agroturizam-dvori-sv-jurja\/\",\"name\":\"Agroturizam Dvori Sv.Jurja\"}}]}]}<\/script>\n<!-- \/ Yoast SEO plugin. -->","_links":{"self":[{"href":"https:\/\/experiencekrk.com\/hr\/wp-json\/wp\/v2\/pages\/10689"}],"collection":[{"href":"https:\/\/experiencekrk.com\/hr\/wp-json\/wp\/v2\/pages"}],"about":[{"href":"https:\/\/experiencekrk.com\/hr\/wp-json\/wp\/v2\/types\/page"}],"author":[{"embeddable":true,"href":"https:\/\/experiencekrk.com\/hr\/wp-json\/wp\/v2\/users\/1"}],"replies":[{"embeddable":true,"href":"https:\/\/experiencekrk.com\/hr\/wp-json\/wp\/v2\/comments?post=10689"}],"version-history":[{"count":3,"href":"https:\/\/experiencekrk.com\/hr\/wp-json\/wp\/v2\/pages\/10689\/revisions"}],"predecessor-version":[{"id":32955,"href":"https:\/\/experiencekrk.com\/hr\/wp-json\/wp\/v2\/pages\/10689\/revisions\/32955"}],"up":[{"embeddable":true,"href":"https:\/\/experiencekrk.com\/hr\/wp-json\/wp\/v2\/pages\/10744"}],"wp:attachment":[{"href":"https:\/\/experiencekrk.com\/hr\/wp-json\/wp\/v2\/media?parent=10689"}],"curies":[{"name":"wp","href":"https:\/\/api.w.org\/{rel}","templated":true}]}}