{"id":10676,"date":"2019-04-16T09:25:46","date_gmt":"2019-04-16T09:25:46","guid":{"rendered":"https:\/\/experiencekrk.com\/food-and-wine\/krk-cheese-local-cheese-from-krk\/"},"modified":"2020-04-01T11:43:34","modified_gmt":"2020-04-01T11:43:34","slug":"krcki-sir-lokalni-sir-s-krka","status":"publish","type":"page","link":"https:\/\/experiencekrk.com\/hr\/hrana-i-vino\/krcki-sir-lokalni-sir-s-krka\/","title":{"rendered":"Kr\u010dki sir &#8211; lokalni sir s Krka"},"content":{"rendered":"<p>[vc_row][vc_column]<div class=\"mkdf-section-title-holder\">\n\t<h1 class=\"mkdf-section-title mkdf-section-title-medium\" >\n\tKr\u010dki sir - Mljekara Magri\u017ea<\/h1>\n<\/div>[\/vc_column][\/vc_row][vc_row][vc_column width=&#8221;1\/2&#8243;][vc_column_text]Mljekara Magri\u017e proizvodi autenti\u010dni kr\u010dki sir &#8211; sir od kravljeg i ov\u010djeg mlijeka s bogatim okusima ljekovitog bilja kojeg pasu kr\u010dke \u017eivotinje. U mljekari Magri\u017e mo\u017eete ku\u0161ati razli\u010dite okuse doma\u0107eg sira od kravljeg i ov\u010djeg mlijeka i nau\u010diti vi\u0161e o proizvodnji sira na tradicionalan na\u010din.<\/p>\n<p>Telefon: <a href=\"tel:+38551851351\">+385 51 851 351<\/a><br \/>\nMobitel: <a href=\"tel:+385989251624\">+385 98 925 1624<\/a><br \/>\nE-mail: <a href=\"mailto:mirjenko.mrakovcic@ri.t-com.hr\">mirjenko.mrakovcic@ri.t-com.hr<\/a><\/p>\n<p>Adresa: Ulica 17. travnja 9, 51517 Korni\u0107[\/vc_column_text][vc_column_text][\/vc_column_text][\/vc_column][vc_column width=&#8221;1\/2&#8243;]<div class=\"mkdf-image-gallery\">\n\t<div class=\"mkdf-image-gallery-slider \" data-autoplay=\"3\" data-animation=\"slide\" data-navigation=\"yes\" data-pagination=\"yes\">\n\t\t\t\t\t\t\t\t\t<img src=\"https:\/\/experiencekrk.com\/wp-content\/uploads\/2019\/05\/City-of-Krk-Krk-cheese-2-600x400.jpg\" alt=\"\" width=\"600\" height=\"400\" \/>\t\t\t\t\t\t\t\t\t\t\t\t\t<img src=\"https:\/\/experiencekrk.com\/wp-content\/uploads\/2019\/05\/City-of-Krk-krk-cheese-600x400.jpg\" alt=\"\" width=\"600\" height=\"400\" \/>\t\t\t\t\t\t\t\t\t\t\t\t\t<img src=\"https:\/\/experiencekrk.com\/wp-content\/uploads\/2019\/05\/City-of-Krk-Krk-cheese-3-600x400.jpg\" alt=\"\" width=\"600\" height=\"400\" \/>\t\t\t\t\t\t\t<\/div>\n<\/div>[\/vc_column][\/vc_row][vc_row][vc_column][vc_empty_space height=&#8221;10px&#8221;]<div class=\"mkdf-section-title-holder\">\n\t<h1 class=\"mkdf-section-title mkdf-section-title-small\" >\n\tLocation<\/h1>\n<\/div>[vc_row_inner][vc_column_inner][vc_raw_html]JTNDaWZyYW1lJTIwc3JjJTNEJTIyaHR0cHMlM0ElMkYlMkZ3d3cuZ29vZ2xlLmNvbSUyRm1hcHMlMkZlbWJlZCUzRnBiJTNEJTIxMW0xOCUyMTFtMTIlMjExbTMlMjExZDQyMjc2LjEyNDczOTMxMjU1JTIxMmQxNC41ODg5NzIzMjIzMTc4NDUlMjEzZDQ1LjAzMTgyMDI2MTIwMjU4JTIxMm0zJTIxMWYwJTIxMmYwJTIxM2YwJTIxM20yJTIxMWkxMDI0JTIxMmk3NjglMjE0ZjEzLjElMjEzbTMlMjExbTIlMjExczB4NDc2MzczYzQ5M2U0N2M0MSUyNTNBMHhkZGY0NjE4NTU3NTRkZmY3JTIxMnNPQlJUJTJCT0JJVEVMSlNLTyUyQlBPTEpPUFJJVlJFRE5PJTJCR09TUE9EQVJTVFZPJTJCTUFHUkklMjVDNSUyNUJEJTI1MkMlMkJWTC4lMkJNSVJKRU5LTyUyQk1SQUtPViUyNUM0JTI1OENJJTI1QzQlMjU4NiUyMTVlMCUyMTNtMiUyMTFzZW4lMjEyc2hyJTIxNHYxNTU1NDA2ODg2NTcwJTIxNW0yJTIxMXNlbiUyMTJzaHIlMjIlMjB3aWR0aCUzRCUyMjEyMDAlMjIlMjBoZWlnaHQlM0QlMjIzNTAlMjIlMjBmcmFtZWJvcmRlciUzRCUyMjAlMjIlMjBzdHlsZSUzRCUyMmJvcmRlciUzQTAlMjIlMjBhbGxvd2Z1bGxzY3JlZW4lM0UlM0MlMkZpZnJhbWUlM0U=[\/vc_raw_html][\/vc_column_inner][\/vc_row_inner][\/vc_column][\/vc_row]<\/p>\n","protected":false},"excerpt":{"rendered":"<p>[vc_row][vc_column][\/vc_column][\/vc_row][vc_row][vc_column width=&#8221;1\/2&#8243;][vc_column_text]Mljekara Magri\u017e proizvodi autenti\u010dni kr\u010dki sir &#8211; sir od kravljeg i ov\u010djeg mlijeka s bogatim okusima ljekovitog bilja kojeg pasu kr\u010dke \u017eivotinje. U mljekari Magri\u017e mo\u017eete ku\u0161ati razli\u010dite okuse doma\u0107eg sira od kravljeg i ov\u010djeg mlijeka i nau\u010diti vi\u0161e o proizvodnji sira na tradicionalan na\u010din. Telefon: +385 51 851 351 Mobitel: +385 98 925 1624 E-mail: mirjenko.mrakovcic@ri.t-com.hr Adresa: Ulica 17. travnja 9, 51517 Korni\u0107[\/vc_column_text][vc_column_text][\/vc_column_text][\/vc_column][vc_column width=&#8221;1\/2&#8243;][\/vc_column][\/vc_row][vc_row][vc_column][vc_empty_space height=&#8221;10px&#8221;][vc_row_inner][vc_column_inner][vc_raw_html]JTNDaWZyYW1lJTIwc3JjJTNEJTIyaHR0cHMlM0ElMkYlMkZ3d3cuZ29vZ2xlLmNvbSUyRm1hcHMlMkZlbWJlZCUzRnBiJTNEJTIxMW0xOCUyMTFtMTIlMjExbTMlMjExZDQyMjc2LjEyNDczOTMxMjU1JTIxMmQxNC41ODg5NzIzMjIzMTc4NDUlMjEzZDQ1LjAzMTgyMDI2MTIwMjU4JTIxMm0zJTIxMWYwJTIxMmYwJTIxM2YwJTIxM20yJTIxMWkxMDI0JTIxMmk3NjglMjE0ZjEzLjElMjEzbTMlMjExbTIlMjExczB4NDc2MzczYzQ5M2U0N2M0MSUyNTNBMHhkZGY0NjE4NTU3NTRkZmY3JTIxMnNPQlJUJTJCT0JJVEVMSlNLTyUyQlBPTEpPUFJJVlJFRE5PJTJCR09TUE9EQVJTVFZPJTJCTUFHUkklMjVDNSUyNUJEJTI1MkMlMkJWTC4lMkJNSVJKRU5LTyUyQk1SQUtPViUyNUM0JTI1OENJJTI1QzQlMjU4NiUyMTVlMCUyMTNtMiUyMTFzZW4lMjEyc2hyJTIxNHYxNTU1NDA2ODg2NTcwJTIxNW0yJTIxMXNlbiUyMTJzaHIlMjIlMjB3aWR0aCUzRCUyMjEyMDAlMjIlMjBoZWlnaHQlM0QlMjIzNTAlMjIlMjBmcmFtZWJvcmRlciUzRCUyMjAlMjIlMjBzdHlsZSUzRCUyMmJvcmRlciUzQTAlMjIlMjBhbGxvd2Z1bGxzY3JlZW4lM0UlM0MlMkZpZnJhbWUlM0U=[\/vc_raw_html][\/vc_column_inner][\/vc_row_inner][\/vc_column][\/vc_row]<\/p>\n","protected":false},"author":1,"featured_media":0,"parent":10660,"menu_order":0,"comment_status":"closed","ping_status":"closed","template":"","meta":[],"yoast_head":"<!-- This site is optimized with the Yoast SEO plugin v16.0.1 - https:\/\/yoast.com\/wordpress\/plugins\/seo\/ -->\n<title>Kr\u010dki sir - lokalni sir s Krka - Experience Krk<\/title>\n<link rel=\"canonical\" href=\"https:\/\/experiencekrk.com\/hr\/hrana-i-vino\/krcki-sir-lokalni-sir-s-krka\/\" \/>\n<meta property=\"og:locale\" content=\"hr_HR\" \/>\n<meta property=\"og:type\" content=\"article\" \/>\n<meta property=\"og:title\" content=\"Kr\u010dki sir - lokalni sir s Krka - Experience Krk\" \/>\n<meta property=\"og:description\" content=\"[vc_row][vc_column][\/vc_column][\/vc_row][vc_row][vc_column width=&#8221;1\/2&#8243;][vc_column_text]Mljekara Magri\u017e proizvodi autenti\u010dni kr\u010dki sir &#8211; sir od kravljeg i ov\u010djeg mlijeka s bogatim okusima ljekovitog bilja kojeg pasu kr\u010dke \u017eivotinje. U mljekari Magri\u017e mo\u017eete ku\u0161ati razli\u010dite okuse doma\u0107eg sira od kravljeg i ov\u010djeg mlijeka i nau\u010diti vi\u0161e o proizvodnji sira na tradicionalan na\u010din. Telefon: +385 51 851 351 Mobitel: +385 98 925 1624 E-mail: mirjenko.mrakovcic@ri.t-com.hr Adresa: Ulica 17. travnja 9, 51517 Korni\u0107[\/vc_column_text][vc_column_text][\/vc_column_text][\/vc_column][vc_column width=&#8221;1\/2&#8243;][\/vc_column][\/vc_row][vc_row][vc_column][vc_empty_space height=&#8221;10px&#8221;][vc_row_inner][vc_column_inner][vc_raw_html]JTNDaWZyYW1lJTIwc3JjJTNEJTIyaHR0cHMlM0ElMkYlMkZ3d3cuZ29vZ2xlLmNvbSUyRm1hcHMlMkZlbWJlZCUzRnBiJTNEJTIxMW0xOCUyMTFtMTIlMjExbTMlMjExZDQyMjc2LjEyNDczOTMxMjU1JTIxMmQxNC41ODg5NzIzMjIzMTc4NDUlMjEzZDQ1LjAzMTgyMDI2MTIwMjU4JTIxMm0zJTIxMWYwJTIxMmYwJTIxM2YwJTIxM20yJTIxMWkxMDI0JTIxMmk3NjglMjE0ZjEzLjElMjEzbTMlMjExbTIlMjExczB4NDc2MzczYzQ5M2U0N2M0MSUyNTNBMHhkZGY0NjE4NTU3NTRkZmY3JTIxMnNPQlJUJTJCT0JJVEVMSlNLTyUyQlBPTEpPUFJJVlJFRE5PJTJCR09TUE9EQVJTVFZPJTJCTUFHUkklMjVDNSUyNUJEJTI1MkMlMkJWTC4lMkJNSVJKRU5LTyUyQk1SQUtPViUyNUM0JTI1OENJJTI1QzQlMjU4NiUyMTVlMCUyMTNtMiUyMTFzZW4lMjEyc2hyJTIxNHYxNTU1NDA2ODg2NTcwJTIxNW0yJTIxMXNlbiUyMTJzaHIlMjIlMjB3aWR0aCUzRCUyMjEyMDAlMjIlMjBoZWlnaHQlM0QlMjIzNTAlMjIlMjBmcmFtZWJvcmRlciUzRCUyMjAlMjIlMjBzdHlsZSUzRCUyMmJvcmRlciUzQTAlMjIlMjBhbGxvd2Z1bGxzY3JlZW4lM0UlM0MlMkZpZnJhbWUlM0U=[\/vc_raw_html][\/vc_column_inner][\/vc_row_inner][\/vc_column][\/vc_row]\" \/>\n<meta property=\"og:url\" content=\"https:\/\/experiencekrk.com\/hr\/hrana-i-vino\/krcki-sir-lokalni-sir-s-krka\/\" \/>\n<meta property=\"og:site_name\" content=\"Experience Krk\" \/>\n<meta property=\"article:modified_time\" content=\"2020-04-01T11:43:34+00:00\" \/>\n<meta name=\"twitter:card\" content=\"summary_large_image\" \/>\n<meta name=\"twitter:label1\" content=\"Procijenjeno vrijeme \u010ditanja\">\n\t<meta name=\"twitter:data1\" content=\"1 minuta\">\n<script type=\"application\/ld+json\" class=\"yoast-schema-graph\">{\"@context\":\"https:\/\/schema.org\",\"@graph\":[{\"@type\":\"WebSite\",\"@id\":\"https:\/\/experiencekrk.com\/#website\",\"url\":\"https:\/\/experiencekrk.com\/\",\"name\":\"Experience Krk\",\"description\":\"Cultural Tours, Food &amp; Wine and more\",\"potentialAction\":[{\"@type\":\"SearchAction\",\"target\":\"https:\/\/experiencekrk.com\/?s={search_term_string}\",\"query-input\":\"required name=search_term_string\"}],\"inLanguage\":\"hr\"},{\"@type\":\"WebPage\",\"@id\":\"https:\/\/experiencekrk.com\/hr\/hrana-i-vino\/krcki-sir-lokalni-sir-s-krka\/#webpage\",\"url\":\"https:\/\/experiencekrk.com\/hr\/hrana-i-vino\/krcki-sir-lokalni-sir-s-krka\/\",\"name\":\"Kr\\u010dki sir - lokalni sir s Krka - Experience Krk\",\"isPartOf\":{\"@id\":\"https:\/\/experiencekrk.com\/#website\"},\"datePublished\":\"2019-04-16T09:25:46+00:00\",\"dateModified\":\"2020-04-01T11:43:34+00:00\",\"breadcrumb\":{\"@id\":\"https:\/\/experiencekrk.com\/hr\/hrana-i-vino\/krcki-sir-lokalni-sir-s-krka\/#breadcrumb\"},\"inLanguage\":\"hr\",\"potentialAction\":[{\"@type\":\"ReadAction\",\"target\":[\"https:\/\/experiencekrk.com\/hr\/hrana-i-vino\/krcki-sir-lokalni-sir-s-krka\/\"]}]},{\"@type\":\"BreadcrumbList\",\"@id\":\"https:\/\/experiencekrk.com\/hr\/hrana-i-vino\/krcki-sir-lokalni-sir-s-krka\/#breadcrumb\",\"itemListElement\":[{\"@type\":\"ListItem\",\"position\":1,\"item\":{\"@type\":\"WebPage\",\"@id\":\"https:\/\/experiencekrk.com\/hr\/\",\"url\":\"https:\/\/experiencekrk.com\/hr\/\",\"name\":\"Home\"}},{\"@type\":\"ListItem\",\"position\":2,\"item\":{\"@type\":\"WebPage\",\"@id\":\"https:\/\/experiencekrk.com\/hr\/hrana-i-vino\/\",\"url\":\"https:\/\/experiencekrk.com\/hr\/hrana-i-vino\/\",\"name\":\"Hrana i vino\"}},{\"@type\":\"ListItem\",\"position\":3,\"item\":{\"@type\":\"WebPage\",\"@id\":\"https:\/\/experiencekrk.com\/hr\/hrana-i-vino\/krcki-sir-lokalni-sir-s-krka\/\",\"url\":\"https:\/\/experiencekrk.com\/hr\/hrana-i-vino\/krcki-sir-lokalni-sir-s-krka\/\",\"name\":\"Kr\\u010dki sir &#8211; lokalni sir s Krka\"}}]}]}<\/script>\n<!-- \/ Yoast SEO plugin. -->","_links":{"self":[{"href":"https:\/\/experiencekrk.com\/hr\/wp-json\/wp\/v2\/pages\/10676"}],"collection":[{"href":"https:\/\/experiencekrk.com\/hr\/wp-json\/wp\/v2\/pages"}],"about":[{"href":"https:\/\/experiencekrk.com\/hr\/wp-json\/wp\/v2\/types\/page"}],"author":[{"embeddable":true,"href":"https:\/\/experiencekrk.com\/hr\/wp-json\/wp\/v2\/users\/1"}],"replies":[{"embeddable":true,"href":"https:\/\/experiencekrk.com\/hr\/wp-json\/wp\/v2\/comments?post=10676"}],"version-history":[{"count":2,"href":"https:\/\/experiencekrk.com\/hr\/wp-json\/wp\/v2\/pages\/10676\/revisions"}],"predecessor-version":[{"id":10679,"href":"https:\/\/experiencekrk.com\/hr\/wp-json\/wp\/v2\/pages\/10676\/revisions\/10679"}],"up":[{"embeddable":true,"href":"https:\/\/experiencekrk.com\/hr\/wp-json\/wp\/v2\/pages\/10660"}],"wp:attachment":[{"href":"https:\/\/experiencekrk.com\/hr\/wp-json\/wp\/v2\/media?parent=10676"}],"curies":[{"name":"wp","href":"https:\/\/api.w.org\/{rel}","templated":true}]}}