{"id":10666,"date":"2019-04-16T08:33:17","date_gmt":"2019-04-16T08:33:17","guid":{"rendered":"https:\/\/experiencekrk.com\/food-and-wine\/nono-house-of-olive-oil\/"},"modified":"2020-04-01T11:47:20","modified_gmt":"2020-04-01T11:47:20","slug":"nono-kuca-maslinovog-ulja","status":"publish","type":"page","link":"https:\/\/experiencekrk.com\/hr\/hrana-i-vino\/nono-kuca-maslinovog-ulja\/","title":{"rendered":"Nono ku\u0107a maslinovog ulja"},"content":{"rendered":"<p>[vc_row][vc_column]<div class=\"mkdf-section-title-holder\">\n\t<h1 class=\"mkdf-section-title mkdf-section-title-medium\" >\n\tNono ku\u0107a maslinovog ulja<\/h1>\n<\/div>[vc_row_inner][vc_column_inner width=&#8221;1\/2&#8243;][vc_column_text]Isprobajte neke od najboljih okusa maslinovog ulja u ku\u0107i Nono. U autenti\u010dnom ambijentu mediteranske konobe mo\u017eete ku\u0161ati razli\u010dite okuse ulja koje uzgaja i ru\u010dno proizvodi na Krku tim ku\u0107e Nono. U njihovoj trgovini mo\u017eete tako\u0111er kupiti i boce njihova maslinovog ulja.<\/p>\n<p>Telefon: <a href=\"tel:+38551222221\">+385 51 222 221<\/a><br \/>\nMobitel: <a href=\"tel:+38598369193\">+385 98 369 193<\/a><br \/>\nE-mail: <a href=\"mailto:nono@nono-krk.com\">nono@nono-krk.com<\/a><br \/>\nAdresa: Kr\u010dkih iseljenika 8, 51500 Krk[\/vc_column_text][\/vc_column_inner][vc_column_inner width=&#8221;1\/2&#8243;]<div class=\"mkdf-image-gallery\">\n\t<div class=\"mkdf-image-gallery-slider \" data-autoplay=\"3\" data-animation=\"slide\" data-navigation=\"yes\" data-pagination=\"yes\">\n\t\t\t\t\t\t\t\t\t<img width=\"600\" height=\"400\" src=\"https:\/\/experiencekrk.com\/wp-content\/uploads\/2019\/04\/City-of-Krk-Olive-Oil.jpg\" class=\"attachment-full size-full\" alt=\"\" loading=\"lazy\" srcset=\"https:\/\/experiencekrk.com\/wp-content\/uploads\/2019\/04\/City-of-Krk-Olive-Oil.jpg 600w, https:\/\/experiencekrk.com\/wp-content\/uploads\/2019\/04\/City-of-Krk-Olive-Oil-300x200.jpg 300w\" sizes=\"(max-width: 600px) 100vw, 600px\" \/>\t\t\t\t\t\t\t\t\t\t\t\t\t<img width=\"600\" height=\"400\" src=\"https:\/\/experiencekrk.com\/wp-content\/uploads\/2019\/04\/City-of-Krk-Olive-Trees.jpg\" class=\"attachment-full size-full\" alt=\"\" loading=\"lazy\" srcset=\"https:\/\/experiencekrk.com\/wp-content\/uploads\/2019\/04\/City-of-Krk-Olive-Trees.jpg 600w, https:\/\/experiencekrk.com\/wp-content\/uploads\/2019\/04\/City-of-Krk-Olive-Trees-300x200.jpg 300w\" sizes=\"(max-width: 600px) 100vw, 600px\" \/>\t\t\t\t\t\t\t<\/div>\n<\/div>[\/vc_column_inner][\/vc_row_inner][vc_empty_space height=&#8221;10px&#8221;][\/vc_column][\/vc_row][vc_row][vc_column]<div class=\"mkdf-section-title-holder\">\n\t<h1 class=\"mkdf-section-title mkdf-section-title-small\" >\n\tLocation<\/h1>\n<\/div>[vc_row_inner][vc_column_inner][vc_raw_html]JTNDaWZyYW1lJTIwc3JjJTNEJTIyaHR0cHMlM0ElMkYlMkZ3d3cuZ29vZ2xlLmNvbSUyRm1hcHMlMkZlbWJlZCUzRnBiJTNEJTIxMW0xOCUyMTFtMTIlMjExbTMlMjExZDgzMjguNjczMjk4NzY3NTc3JTIxMmQxNC41NzI0MzQzOTYwODIyNTYlMjEzZDQ1LjAyOTIyNjQ3NTA2NzIlMjEybTMlMjExZjAlMjEyZjAlMjEzZjAlMjEzbTIlMjExaTEwMjQlMjEyaTc2OCUyMTRmMTMuMSUyMTNtMyUyMTFtMiUyMTFzMHg0NzYzNzIxMTdkYzZjNDE3JTI1M0EweDdkY2IxZTkxM2YxNDZiYTclMjEyc05vbm8lMjE1ZTAlMjEzbTIlMjExc2VuJTIxMnNociUyMTR2MTU1NTQwNDk3MDU3MSUyMTVtMiUyMTFzZW4lMjEyc2hyJTIyJTIwd2lkdGglM0QlMjI5ODAlMjIlMjBoZWlnaHQlM0QlMjIzNTAlMjIlMjBmcmFtZWJvcmRlciUzRCUyMjAlMjIlMjBzdHlsZSUzRCUyMmJvcmRlciUzQTAlMjIlMjBhbGxvd2Z1bGxzY3JlZW4lM0UlM0MlMkZpZnJhbWUlM0U=[\/vc_raw_html][\/vc_column_inner][\/vc_row_inner][\/vc_column][\/vc_row]<\/p>\n","protected":false},"excerpt":{"rendered":"<p>[vc_row][vc_column][vc_row_inner][vc_column_inner width=&#8221;1\/2&#8243;][vc_column_text]Isprobajte neke od najboljih okusa maslinovog ulja u ku\u0107i Nono. U autenti\u010dnom ambijentu mediteranske konobe mo\u017eete ku\u0161ati razli\u010dite okuse ulja koje uzgaja i ru\u010dno proizvodi na Krku tim ku\u0107e Nono. U njihovoj trgovini mo\u017eete tako\u0111er kupiti i boce njihova maslinovog ulja. Telefon: +385 51 222 221 Mobitel: +385 98 369 193 E-mail: nono@nono-krk.com Adresa: Kr\u010dkih iseljenika 8, 51500 Krk[\/vc_column_text][\/vc_column_inner][vc_column_inner width=&#8221;1\/2&#8243;][\/vc_column_inner][\/vc_row_inner][vc_empty_space height=&#8221;10px&#8221;][\/vc_column][\/vc_row][vc_row][vc_column][vc_row_inner][vc_column_inner][vc_raw_html]JTNDaWZyYW1lJTIwc3JjJTNEJTIyaHR0cHMlM0ElMkYlMkZ3d3cuZ29vZ2xlLmNvbSUyRm1hcHMlMkZlbWJlZCUzRnBiJTNEJTIxMW0xOCUyMTFtMTIlMjExbTMlMjExZDgzMjguNjczMjk4NzY3NTc3JTIxMmQxNC41NzI0MzQzOTYwODIyNTYlMjEzZDQ1LjAyOTIyNjQ3NTA2NzIlMjEybTMlMjExZjAlMjEyZjAlMjEzZjAlMjEzbTIlMjExaTEwMjQlMjEyaTc2OCUyMTRmMTMuMSUyMTNtMyUyMTFtMiUyMTFzMHg0NzYzNzIxMTdkYzZjNDE3JTI1M0EweDdkY2IxZTkxM2YxNDZiYTclMjEyc05vbm8lMjE1ZTAlMjEzbTIlMjExc2VuJTIxMnNociUyMTR2MTU1NTQwNDk3MDU3MSUyMTVtMiUyMTFzZW4lMjEyc2hyJTIyJTIwd2lkdGglM0QlMjI5ODAlMjIlMjBoZWlnaHQlM0QlMjIzNTAlMjIlMjBmcmFtZWJvcmRlciUzRCUyMjAlMjIlMjBzdHlsZSUzRCUyMmJvcmRlciUzQTAlMjIlMjBhbGxvd2Z1bGxzY3JlZW4lM0UlM0MlMkZpZnJhbWUlM0U=[\/vc_raw_html][\/vc_column_inner][\/vc_row_inner][\/vc_column][\/vc_row]<\/p>\n","protected":false},"author":1,"featured_media":0,"parent":10660,"menu_order":0,"comment_status":"closed","ping_status":"closed","template":"","meta":[],"yoast_head":"<!-- This site is optimized with the Yoast SEO plugin v16.0.1 - https:\/\/yoast.com\/wordpress\/plugins\/seo\/ -->\n<title>Nono ku\u0107a maslinovog ulja - Experience Krk<\/title>\n<link rel=\"canonical\" href=\"https:\/\/experiencekrk.com\/hr\/hrana-i-vino\/nono-kuca-maslinovog-ulja\/\" \/>\n<meta property=\"og:locale\" content=\"hr_HR\" \/>\n<meta property=\"og:type\" content=\"article\" \/>\n<meta property=\"og:title\" content=\"Nono ku\u0107a maslinovog ulja - Experience Krk\" \/>\n<meta property=\"og:description\" content=\"[vc_row][vc_column][vc_row_inner][vc_column_inner width=&#8221;1\/2&#8243;][vc_column_text]Isprobajte neke od najboljih okusa maslinovog ulja u ku\u0107i Nono. U autenti\u010dnom ambijentu mediteranske konobe mo\u017eete ku\u0161ati razli\u010dite okuse ulja koje uzgaja i ru\u010dno proizvodi na Krku tim ku\u0107e Nono. U njihovoj trgovini mo\u017eete tako\u0111er kupiti i boce njihova maslinovog ulja. Telefon: +385 51 222 221 Mobitel: +385 98 369 193 E-mail: nono@nono-krk.com Adresa: Kr\u010dkih iseljenika 8, 51500 Krk[\/vc_column_text][\/vc_column_inner][vc_column_inner width=&#8221;1\/2&#8243;][\/vc_column_inner][\/vc_row_inner][vc_empty_space height=&#8221;10px&#8221;][\/vc_column][\/vc_row][vc_row][vc_column][vc_row_inner][vc_column_inner][vc_raw_html]JTNDaWZyYW1lJTIwc3JjJTNEJTIyaHR0cHMlM0ElMkYlMkZ3d3cuZ29vZ2xlLmNvbSUyRm1hcHMlMkZlbWJlZCUzRnBiJTNEJTIxMW0xOCUyMTFtMTIlMjExbTMlMjExZDgzMjguNjczMjk4NzY3NTc3JTIxMmQxNC41NzI0MzQzOTYwODIyNTYlMjEzZDQ1LjAyOTIyNjQ3NTA2NzIlMjEybTMlMjExZjAlMjEyZjAlMjEzZjAlMjEzbTIlMjExaTEwMjQlMjEyaTc2OCUyMTRmMTMuMSUyMTNtMyUyMTFtMiUyMTFzMHg0NzYzNzIxMTdkYzZjNDE3JTI1M0EweDdkY2IxZTkxM2YxNDZiYTclMjEyc05vbm8lMjE1ZTAlMjEzbTIlMjExc2VuJTIxMnNociUyMTR2MTU1NTQwNDk3MDU3MSUyMTVtMiUyMTFzZW4lMjEyc2hyJTIyJTIwd2lkdGglM0QlMjI5ODAlMjIlMjBoZWlnaHQlM0QlMjIzNTAlMjIlMjBmcmFtZWJvcmRlciUzRCUyMjAlMjIlMjBzdHlsZSUzRCUyMmJvcmRlciUzQTAlMjIlMjBhbGxvd2Z1bGxzY3JlZW4lM0UlM0MlMkZpZnJhbWUlM0U=[\/vc_raw_html][\/vc_column_inner][\/vc_row_inner][\/vc_column][\/vc_row]\" \/>\n<meta property=\"og:url\" content=\"https:\/\/experiencekrk.com\/hr\/hrana-i-vino\/nono-kuca-maslinovog-ulja\/\" \/>\n<meta property=\"og:site_name\" content=\"Experience Krk\" \/>\n<meta property=\"article:modified_time\" content=\"2020-04-01T11:47:20+00:00\" \/>\n<meta name=\"twitter:card\" content=\"summary_large_image\" \/>\n<meta name=\"twitter:label1\" content=\"Procijenjeno vrijeme \u010ditanja\">\n\t<meta name=\"twitter:data1\" content=\"1 minuta\">\n<script type=\"application\/ld+json\" class=\"yoast-schema-graph\">{\"@context\":\"https:\/\/schema.org\",\"@graph\":[{\"@type\":\"WebSite\",\"@id\":\"https:\/\/experiencekrk.com\/#website\",\"url\":\"https:\/\/experiencekrk.com\/\",\"name\":\"Experience Krk\",\"description\":\"Cultural Tours, Food &amp; Wine and more\",\"potentialAction\":[{\"@type\":\"SearchAction\",\"target\":\"https:\/\/experiencekrk.com\/?s={search_term_string}\",\"query-input\":\"required name=search_term_string\"}],\"inLanguage\":\"hr\"},{\"@type\":\"WebPage\",\"@id\":\"https:\/\/experiencekrk.com\/hr\/hrana-i-vino\/nono-kuca-maslinovog-ulja\/#webpage\",\"url\":\"https:\/\/experiencekrk.com\/hr\/hrana-i-vino\/nono-kuca-maslinovog-ulja\/\",\"name\":\"Nono ku\\u0107a maslinovog ulja - Experience Krk\",\"isPartOf\":{\"@id\":\"https:\/\/experiencekrk.com\/#website\"},\"datePublished\":\"2019-04-16T08:33:17+00:00\",\"dateModified\":\"2020-04-01T11:47:20+00:00\",\"breadcrumb\":{\"@id\":\"https:\/\/experiencekrk.com\/hr\/hrana-i-vino\/nono-kuca-maslinovog-ulja\/#breadcrumb\"},\"inLanguage\":\"hr\",\"potentialAction\":[{\"@type\":\"ReadAction\",\"target\":[\"https:\/\/experiencekrk.com\/hr\/hrana-i-vino\/nono-kuca-maslinovog-ulja\/\"]}]},{\"@type\":\"BreadcrumbList\",\"@id\":\"https:\/\/experiencekrk.com\/hr\/hrana-i-vino\/nono-kuca-maslinovog-ulja\/#breadcrumb\",\"itemListElement\":[{\"@type\":\"ListItem\",\"position\":1,\"item\":{\"@type\":\"WebPage\",\"@id\":\"https:\/\/experiencekrk.com\/hr\/\",\"url\":\"https:\/\/experiencekrk.com\/hr\/\",\"name\":\"Home\"}},{\"@type\":\"ListItem\",\"position\":2,\"item\":{\"@type\":\"WebPage\",\"@id\":\"https:\/\/experiencekrk.com\/hr\/hrana-i-vino\/\",\"url\":\"https:\/\/experiencekrk.com\/hr\/hrana-i-vino\/\",\"name\":\"Hrana i vino\"}},{\"@type\":\"ListItem\",\"position\":3,\"item\":{\"@type\":\"WebPage\",\"@id\":\"https:\/\/experiencekrk.com\/hr\/hrana-i-vino\/nono-kuca-maslinovog-ulja\/\",\"url\":\"https:\/\/experiencekrk.com\/hr\/hrana-i-vino\/nono-kuca-maslinovog-ulja\/\",\"name\":\"Nono ku\\u0107a maslinovog ulja\"}}]}]}<\/script>\n<!-- \/ Yoast SEO plugin. -->","_links":{"self":[{"href":"https:\/\/experiencekrk.com\/hr\/wp-json\/wp\/v2\/pages\/10666"}],"collection":[{"href":"https:\/\/experiencekrk.com\/hr\/wp-json\/wp\/v2\/pages"}],"about":[{"href":"https:\/\/experiencekrk.com\/hr\/wp-json\/wp\/v2\/types\/page"}],"author":[{"embeddable":true,"href":"https:\/\/experiencekrk.com\/hr\/wp-json\/wp\/v2\/users\/1"}],"replies":[{"embeddable":true,"href":"https:\/\/experiencekrk.com\/hr\/wp-json\/wp\/v2\/comments?post=10666"}],"version-history":[{"count":2,"href":"https:\/\/experiencekrk.com\/hr\/wp-json\/wp\/v2\/pages\/10666\/revisions"}],"predecessor-version":[{"id":10669,"href":"https:\/\/experiencekrk.com\/hr\/wp-json\/wp\/v2\/pages\/10666\/revisions\/10669"}],"up":[{"embeddable":true,"href":"https:\/\/experiencekrk.com\/hr\/wp-json\/wp\/v2\/pages\/10660"}],"wp:attachment":[{"href":"https:\/\/experiencekrk.com\/hr\/wp-json\/wp\/v2\/media?parent=10666"}],"curies":[{"name":"wp","href":"https:\/\/api.w.org\/{rel}","templated":true}]}}