{"id":10647,"date":"2019-04-15T17:38:15","date_gmt":"2019-04-15T17:38:15","guid":{"rendered":"https:\/\/experiencekrk.com\/history-and-culture\/glagolitic-trail\/"},"modified":"2024-03-10T21:32:15","modified_gmt":"2024-03-10T21:32:15","slug":"staza-glagoljice","status":"publish","type":"page","link":"https:\/\/experiencekrk.com\/hr\/povijest-i-kultura\/staza-glagoljice\/","title":{"rendered":"Staza glagoljice"},"content":{"rendered":"<p>[vc_row][vc_column]<div class=\"mkdf-section-title-holder\">\n\t<h1 class=\"mkdf-section-title mkdf-section-title-medium\" >\n\tBa\u0161\u0107anska staza glagoljice<\/h1>\n<\/div>[vc_row_inner][vc_column_inner width=&#8221;1\/2&#8243;][vc_column_text]<\/p>\n<h3>Ba\u0161\u0107anska plo\u010da<\/h3>\n<p>Ba\u0161\u0107anska plo\u010da jedan je od najvrjednijih hrvatskih spomenika. To je najstariji povijesni zapis (iz 1105. g. Pr. Kr.) napisan na hrvatskom jeziku, isklesan u kamenu na hrvatskoj glagoljici. Ovaj drevni spomenik ujedno je i prvi dokument hrvatske dr\u017eavnosti.<\/p>\n<p>Ovaj jedinstveni povijesni dokument nadahnuo je stvaranje staze glagoljice. Bio je to povijesni dokument o donaciji kojim je hrvatski kralj Zvonimir poklonio zemlju Jurandvora Redu svetog Benedikta iz opatije svete Lucije.[\/vc_column_text][\/vc_column_inner][vc_column_inner width=&#8221;1\/2&#8243;]<div class=\"mkdf-image-gallery\">\n\t<div class=\"mkdf-image-gallery-slider \" data-autoplay=\"5\" data-animation=\"slide\" data-navigation=\"yes\" data-pagination=\"yes\">\n\t\t\t\t\t\t\t\t\t<img width=\"1200\" height=\"800\" src=\"https:\/\/experiencekrk.com\/wp-content\/uploads\/2019\/08\/Experience-Krk-Baska-tablet-1.jpg\" class=\"attachment-full size-full\" alt=\"\" loading=\"lazy\" srcset=\"https:\/\/experiencekrk.com\/wp-content\/uploads\/2019\/08\/Experience-Krk-Baska-tablet-1.jpg 1200w, https:\/\/experiencekrk.com\/wp-content\/uploads\/2019\/08\/Experience-Krk-Baska-tablet-1-300x200.jpg 300w, https:\/\/experiencekrk.com\/wp-content\/uploads\/2019\/08\/Experience-Krk-Baska-tablet-1-768x512.jpg 768w, https:\/\/experiencekrk.com\/wp-content\/uploads\/2019\/08\/Experience-Krk-Baska-tablet-1-1024x683.jpg 1024w\" sizes=\"(max-width: 1200px) 100vw, 1200px\" \/>\t\t\t\t\t\t\t\t\t\t\t\t\t<img width=\"1200\" height=\"800\" src=\"https:\/\/experiencekrk.com\/wp-content\/uploads\/2019\/08\/Experience-Krk-Baska-tablet.jpg\" class=\"attachment-full size-full\" alt=\"\" loading=\"lazy\" srcset=\"https:\/\/experiencekrk.com\/wp-content\/uploads\/2019\/08\/Experience-Krk-Baska-tablet.jpg 1200w, https:\/\/experiencekrk.com\/wp-content\/uploads\/2019\/08\/Experience-Krk-Baska-tablet-300x200.jpg 300w, https:\/\/experiencekrk.com\/wp-content\/uploads\/2019\/08\/Experience-Krk-Baska-tablet-768x512.jpg 768w, https:\/\/experiencekrk.com\/wp-content\/uploads\/2019\/08\/Experience-Krk-Baska-tablet-1024x683.jpg 1024w\" sizes=\"(max-width: 1200px) 100vw, 1200px\" \/>\t\t\t\t\t\t\t<\/div>\n<\/div>[\/vc_column_inner][\/vc_row_inner][vc_empty_space height=&#8221;17px&#8221;][vc_column_text][\/vc_column_text][vc_row_inner][vc_column_inner width=&#8221;1\/2&#8243; offset=&#8221;vc_hidden-sm vc_hidden-xs&#8221;]<div class=\"mkdf-image-gallery\">\n\t<div class=\"mkdf-image-gallery-slider \" data-autoplay=\"5\" data-animation=\"slide\" data-navigation=\"yes\" data-pagination=\"yes\">\n\t\t\t\t\t\t\t\t\t<img width=\"1200\" height=\"800\" src=\"https:\/\/experiencekrk.com\/wp-content\/uploads\/2019\/08\/Experience-Krk-Glagolitic-trail.jpg\" class=\"attachment-full size-full\" alt=\"\" loading=\"lazy\" srcset=\"https:\/\/experiencekrk.com\/wp-content\/uploads\/2019\/08\/Experience-Krk-Glagolitic-trail.jpg 1200w, https:\/\/experiencekrk.com\/wp-content\/uploads\/2019\/08\/Experience-Krk-Glagolitic-trail-300x200.jpg 300w, https:\/\/experiencekrk.com\/wp-content\/uploads\/2019\/08\/Experience-Krk-Glagolitic-trail-768x512.jpg 768w, https:\/\/experiencekrk.com\/wp-content\/uploads\/2019\/08\/Experience-Krk-Glagolitic-trail-1024x683.jpg 1024w\" sizes=\"(max-width: 1200px) 100vw, 1200px\" \/>\t\t\t\t\t\t\t\t\t\t\t\t\t<img width=\"1200\" height=\"800\" src=\"https:\/\/experiencekrk.com\/wp-content\/uploads\/2019\/08\/Experience-Krk-Glagolitic-trail-2.jpg\" class=\"attachment-full size-full\" alt=\"\" loading=\"lazy\" srcset=\"https:\/\/experiencekrk.com\/wp-content\/uploads\/2019\/08\/Experience-Krk-Glagolitic-trail-2.jpg 1200w, https:\/\/experiencekrk.com\/wp-content\/uploads\/2019\/08\/Experience-Krk-Glagolitic-trail-2-300x200.jpg 300w, https:\/\/experiencekrk.com\/wp-content\/uploads\/2019\/08\/Experience-Krk-Glagolitic-trail-2-768x512.jpg 768w, https:\/\/experiencekrk.com\/wp-content\/uploads\/2019\/08\/Experience-Krk-Glagolitic-trail-2-1024x683.jpg 1024w\" sizes=\"(max-width: 1200px) 100vw, 1200px\" \/>\t\t\t\t\t\t\t\t\t\t\t\t\t<img width=\"1200\" height=\"800\" src=\"https:\/\/experiencekrk.com\/wp-content\/uploads\/2019\/08\/Experience-Krk-Glagolitic-trail-3.jpg\" class=\"attachment-full size-full\" alt=\"the historical tours of Krk and its rich historical heritage from the ancient Europe times\" loading=\"lazy\" srcset=\"https:\/\/experiencekrk.com\/wp-content\/uploads\/2019\/08\/Experience-Krk-Glagolitic-trail-3.jpg 1200w, https:\/\/experiencekrk.com\/wp-content\/uploads\/2019\/08\/Experience-Krk-Glagolitic-trail-3-300x200.jpg 300w, https:\/\/experiencekrk.com\/wp-content\/uploads\/2019\/08\/Experience-Krk-Glagolitic-trail-3-768x512.jpg 768w, https:\/\/experiencekrk.com\/wp-content\/uploads\/2019\/08\/Experience-Krk-Glagolitic-trail-3-1024x683.jpg 1024w\" sizes=\"(max-width: 1200px) 100vw, 1200px\" \/>\t\t\t\t\t\t\t<\/div>\n<\/div>[\/vc_column_inner][vc_column_inner width=&#8221;1\/2&#8243; offset=&#8221;vc_hidden-sm vc_hidden-xs&#8221;][vc_column_text]<\/p>\n<h3>O ba\u0161\u0107anskoj stazi glagoljice<\/h3>\n<p>Ba\u0161\u0107anska staza glagoljice je hrvatska povijesna ruta na otvorenom, stvorena s namjerom da se u dolini Ba\u0161ke podigne spomenik koji \u0107e nove nara\u0161taje podsje\u0107ati na va\u017enost glagoljice i ba\u0161\u0107anske plo\u010de u hrvatskoj povijesti i kulturi. Staza ima va\u017enu ulogu u o\u010duvanju i predstavljanju tradicionalne ba\u0161tine otoka Krka.<\/p>\n<p><span style=\"text-decoration: underline;\"><a href=\"https:\/\/experiencekrk.com\/brochure-glagolitic-trail.pdf\">Ovdje mo\u017eete preuzeti bro\u0161uru s vi\u0161e informacija.<\/a><\/span>[\/vc_column_text][\/vc_column_inner][\/vc_row_inner][vc_empty_space height=&#8221;17px&#8221;][vc_row_inner][vc_column_inner width=&#8221;1\/2&#8243; offset=&#8221;vc_hidden-sm vc_hidden-xs&#8221;][vc_column_text]Staza sadr\u017ei 34 kamene skulpture s ugraviranim slovima glagoljice, raspore\u0111ene i smje\u0161tene na nekima od va\u017enih lokaliteta, od prijelaza Treskavac uz glavnu cestu, do Drage Ba\u0161\u0107anske, Jurandvora, du\u017e Sv. Ivana na brdu, sve do posljednje skulpture smje\u0161tene na rtu Kricin ispred uvale Bunculuka. Obilazak staze kao tura s vodi\u010dem dostupna je za grupe na hrvatskom, slovenskom i engleskom jeziku i traje oko 2 sata.<\/p>\n<p>Za vi\u0161e informacija o stazi obratite se udruzi Sinjali:<\/p>\n<p>Mobitel: <a href=\"tel:+385911856533\">+385 91 185 6533<\/a>, <a href=\"tel:+385917502976\">+385 91 750 2976<\/a><br \/>\nE-mail: <a href=\"mailto:info@sinjali.hr\">info@sinjali.hr<\/a>[\/vc_column_text][\/vc_column_inner][vc_column_inner width=&#8221;1\/2&#8243; offset=&#8221;vc_hidden-sm vc_hidden-xs&#8221;]<div class=\"mkdf-image-gallery\">\n\t<div class=\"mkdf-image-gallery-slider \" data-autoplay=\"5\" data-animation=\"slide\" data-navigation=\"yes\" data-pagination=\"yes\">\n\t\t\t\t\t\t\t\t\t<img width=\"1200\" height=\"800\" src=\"https:\/\/experiencekrk.com\/wp-content\/uploads\/2019\/08\/Experience-Krk-Baska-tablet-1.jpg\" class=\"attachment-full size-full\" alt=\"\" loading=\"lazy\" srcset=\"https:\/\/experiencekrk.com\/wp-content\/uploads\/2019\/08\/Experience-Krk-Baska-tablet-1.jpg 1200w, https:\/\/experiencekrk.com\/wp-content\/uploads\/2019\/08\/Experience-Krk-Baska-tablet-1-300x200.jpg 300w, https:\/\/experiencekrk.com\/wp-content\/uploads\/2019\/08\/Experience-Krk-Baska-tablet-1-768x512.jpg 768w, https:\/\/experiencekrk.com\/wp-content\/uploads\/2019\/08\/Experience-Krk-Baska-tablet-1-1024x683.jpg 1024w\" sizes=\"(max-width: 1200px) 100vw, 1200px\" \/>\t\t\t\t\t\t\t\t\t\t\t\t\t<img width=\"1200\" height=\"800\" src=\"https:\/\/experiencekrk.com\/wp-content\/uploads\/2019\/08\/Experience-Krk-Baska-tablet.jpg\" class=\"attachment-full size-full\" alt=\"\" loading=\"lazy\" srcset=\"https:\/\/experiencekrk.com\/wp-content\/uploads\/2019\/08\/Experience-Krk-Baska-tablet.jpg 1200w, https:\/\/experiencekrk.com\/wp-content\/uploads\/2019\/08\/Experience-Krk-Baska-tablet-300x200.jpg 300w, https:\/\/experiencekrk.com\/wp-content\/uploads\/2019\/08\/Experience-Krk-Baska-tablet-768x512.jpg 768w, https:\/\/experiencekrk.com\/wp-content\/uploads\/2019\/08\/Experience-Krk-Baska-tablet-1024x683.jpg 1024w\" sizes=\"(max-width: 1200px) 100vw, 1200px\" \/>\t\t\t\t\t\t\t<\/div>\n<\/div>[\/vc_column_inner][\/vc_row_inner][vc_empty_space height=&#8221;17px&#8221;][vc_row_inner][vc_column_inner width=&#8221;1\/2&#8243; offset=&#8221;vc_hidden-sm vc_hidden-xs&#8221;]<div class=\"mkdf-image-gallery\">\n\t<div class=\"mkdf-image-gallery-slider \" data-autoplay=\"5\" data-animation=\"slide\" data-navigation=\"yes\" data-pagination=\"yes\">\n\t\t\t\t\t\t\t\t\t<img src=\"https:\/\/experiencekrk.com\/wp-content\/uploads\/2019\/08\/TZKrk-Krk-Sails-10-1200x900.jpg\" alt=\"\" width=\"1200\" height=\"900\" \/>\t\t\t\t\t\t\t\t\t\t\t\t\t<img src=\"https:\/\/experiencekrk.com\/wp-content\/uploads\/2019\/08\/Senki\u00d1-doo-Privjesci-sa-slovima-glagoljice-01-1200x900.jpg\" alt=\"\" width=\"1200\" height=\"900\" \/>\t\t\t\t\t\t\t\t\t\t\t\t\t<img src=\"https:\/\/experiencekrk.com\/wp-content\/uploads\/2019\/08\/Sr-an-Hulak-Triptih-fotografija-Otok-Krk-Kattel-300dpi-1200x900.jpg\" alt=\"\" width=\"1200\" height=\"900\" \/>\t\t\t\t\t\t\t\t\t\t\t\t\t<img src=\"https:\/\/experiencekrk.com\/wp-content\/uploads\/2019\/08\/Atelier-Ecostyle-jdoo-1200x900.jpg\" alt=\"\" width=\"1200\" height=\"900\" \/>\t\t\t\t\t\t\t\t\t\t\t\t\t<img src=\"https:\/\/experiencekrk.com\/wp-content\/uploads\/2019\/08\/Dana-Kru-\u00a6i\u00d1-1200x900.jpg\" alt=\"\" width=\"1200\" height=\"900\" \/>\t\t\t\t\t\t\t\t\t\t\t\t\t<img src=\"https:\/\/experiencekrk.com\/wp-content\/uploads\/2019\/08\/Darko-Dinter-2-1200x900.jpg\" alt=\"\" width=\"1200\" height=\"900\" \/>\t\t\t\t\t\t\t\t\t\t\t\t\t<img src=\"https:\/\/experiencekrk.com\/wp-content\/uploads\/2019\/08\/Darko-Dinter-3-1200x900.jpg\" alt=\"\" width=\"1200\" height=\"900\" \/>\t\t\t\t\t\t\t\t\t\t\t\t\t<img src=\"https:\/\/experiencekrk.com\/wp-content\/uploads\/2019\/08\/Darko-Dinter-4-1200x900.jpg\" alt=\"\" width=\"1200\" height=\"900\" \/>\t\t\t\t\t\t\t\t\t\t\t\t\t<img src=\"https:\/\/experiencekrk.com\/wp-content\/uploads\/2019\/08\/Darko-Dinter-1200x900.jpg\" alt=\"\" width=\"1200\" height=\"900\" \/>\t\t\t\t\t\t\t\t\t\t\t\t\t<img src=\"https:\/\/experiencekrk.com\/wp-content\/uploads\/2019\/08\/Helena-doo-Galerija-Stani\u00d1-Slovo-glagoljice-1200x900.jpg\" alt=\"\" width=\"1200\" height=\"900\" \/>\t\t\t\t\t\t\t\t\t\t\t\t\t<img src=\"https:\/\/experiencekrk.com\/wp-content\/uploads\/2019\/08\/Katica-Stani\u00d1-Medaljon-s-glagoljicom-1200x900.jpg\" alt=\"\" width=\"1200\" height=\"900\" \/>\t\t\t\t\t\t\t\t\t\t\t\t\t<img src=\"https:\/\/experiencekrk.com\/wp-content\/uploads\/2019\/08\/Marina-Prijatelj-Bat\u00d1anska-plo\u00a6\u00c6a-\u00a6\u00c6okolada-2-1200x900.jpg\" alt=\"\" width=\"1200\" height=\"900\" \/>\t\t\t\t\t\t\t\t\t\t\t\t\t<img src=\"https:\/\/experiencekrk.com\/wp-content\/uploads\/2019\/08\/Mihaela-Omerovi\u00d1-1200x900.jpg\" alt=\"\" width=\"1200\" height=\"900\" \/>\t\t\t\t\t\t\t<\/div>\n<\/div>[\/vc_column_inner][vc_column_inner width=&#8221;1\/2&#8243; offset=&#8221;vc_hidden-sm vc_hidden-xs&#8221;][vc_column_text]<b>Suveniri s motivom glagoljice<\/b><\/p>\n<p>\u201cDar iz Krka\u201d je pe\u010dat koji dobiva suvenir koji predstavlja grad, njegovu umjetni\u010dku, kulturnu ili kulturno-povijesnu ba\u0161tinu, ujedno predstavljaju\u0107i i njegovu materijalnu, nematerijalnu i prirodnu ba\u0161tinu.<\/p>\n<p>Suveniri kao jedinstvene uspomene s Krka odabiru se putem natje\u010daja s visoko postavljenim kriterijima koji uklju\u010duju originalnost, autenti\u010dnost, cjelovitost i estetiku, te uporabu ekolo\u0161kih materijala koji su karakteristi\u010dni za kr\u010dku regiju.<\/p>\n<p>Odabrani suveniri, dostupni u Turisti\u010dko informativnom centru Krka, pru\u017eaju sve materijalne uspomene destinacije &#8211; \u010ditav niz umjetni\u010dkih djela, razne ukrasne predmete i odje\u0107u, doma\u0107e gastronomske proizvode i jo\u0161 mnogo toga.[\/vc_column_text][\/vc_column_inner][\/vc_row_inner][vc_row_inner][vc_column_inner width=&#8221;1\/2&#8243; offset=&#8221;vc_hidden-lg vc_hidden-md&#8221;][vc_column_text]This unique historical document inspired the creation of the Glagolitic trail. This was a historical deed of donation in which the Croatian king Zvonimir, donated the land of Jurandvor to the Order of Saint Benedict from St. Lucy\u2019s Abbey. This unique historical document inspired the creation of the Glagolitic trail.<\/p>\n<p>For more information about Glagolitic trail please contact Sinjali Association.<\/p>\n<p>Mobile: <a href=\"tel:+385911856533\">+385 91 185 6533<\/a><br \/>\nMobile: <a href=\"tel:+385917502976\">+385 91 750 2976<\/a><br \/>\nE-mail: <a href=\"mailto:info@sinjali.hr\">info@sinjali.hr<\/a>[\/vc_column_text][\/vc_column_inner][vc_column_inner width=&#8221;1\/2&#8243; offset=&#8221;vc_hidden-lg vc_hidden-md&#8221;][vc_single_image image=&#8221;3346&#8243; img_size=&#8221;full&#8221;][\/vc_column_inner][\/vc_row_inner][\/vc_column][\/vc_row][vc_row disable_element=&#8221;yes&#8221;][vc_column][vc_empty_space]<div class=\"mkdf-separator-holder clearfix  mkdf-separator-center mkdf-separator-full-width\">\n\t<div class=\"mkdf-separator\" style=\"border-color: #ebebeb;border-style: solid;border-bottom-width: 1px;margin-top: 20px;margin-bottom: 45px\"><\/div>\n<\/div>\n[vc_row_inner disable_element=&#8221;yes&#8221;][vc_column_inner]<div class=\"mkdf-section-title-holder\">\n\t<h1 class=\"mkdf-section-title mkdf-section-title-small\" >\n\tGlagolitic alphabet locations<\/h1>\n<\/div>[vc_raw_html]JTNDaWZyYW1lJTIwc3JjJTNEJTIyaHR0cHMlM0ElMkYlMkZ3d3cuZ29vZ2xlLmNvbSUyRm1hcHMlMkZkJTJGdSUyRjAlMkZlbWJlZCUzRm1pZCUzRDEwamt4SXRlLTUtQ1dxbUhZbUxlMjd3WS1QVy1MbkE2SyUyMiUyMHdpZHRoJTNEJTIyOTgwJTIyJTIwaGVpZ2h0JTNEJTIyMzgwJTIyJTNFJTNDJTJGaWZyYW1lJTNF[\/vc_raw_html][\/vc_column_inner][\/vc_row_inner][\/vc_column][\/vc_row]<\/p>\n","protected":false},"excerpt":{"rendered":"<p>[vc_row][vc_column][vc_row_inner][vc_column_inner width=&#8221;1\/2&#8243;][vc_column_text] Ba\u0161\u0107anska plo\u010da Ba\u0161\u0107anska plo\u010da jedan je od najvrjednijih hrvatskih spomenika. To je najstariji povijesni zapis (iz 1105. g. Pr. Kr.) napisan na hrvatskom jeziku, isklesan u kamenu na hrvatskoj glagoljici. Ovaj drevni spomenik ujedno je i prvi dokument hrvatske dr\u017eavnosti. Ovaj jedinstveni povijesni dokument nadahnuo je stvaranje staze glagoljice. Bio je to povijesni dokument o donaciji kojim je hrvatski kralj Zvonimir poklonio zemlju Jurandvora Redu svetog Benedikta iz opatije svete Lucije.[\/vc_column_text][\/vc_column_inner][vc_column_inner width=&#8221;1\/2&#8243;][\/vc_column_inner][\/vc_row_inner][vc_empty_space height=&#8221;17px&#8221;][vc_column_text][\/vc_column_text][vc_row_inner][vc_column_inner width=&#8221;1\/2&#8243; offset=&#8221;vc_hidden-sm vc_hidden-xs&#8221;][\/vc_column_inner][vc_column_inner width=&#8221;1\/2&#8243; offset=&#8221;vc_hidden-sm vc_hidden-xs&#8221;][vc_column_text] O ba\u0161\u0107anskoj stazi glagoljice Ba\u0161\u0107anska staza glagoljice je hrvatska&#8230;<\/p>\n","protected":false},"author":1,"featured_media":0,"parent":10607,"menu_order":0,"comment_status":"closed","ping_status":"closed","template":"","meta":[],"yoast_head":"<!-- This site is optimized with the Yoast SEO plugin v16.0.1 - https:\/\/yoast.com\/wordpress\/plugins\/seo\/ -->\n<title>Staza glagoljice - Experience Krk<\/title>\n<link rel=\"canonical\" href=\"https:\/\/experiencekrk.com\/hr\/povijest-i-kultura\/staza-glagoljice\/\" \/>\n<meta property=\"og:locale\" content=\"hr_HR\" \/>\n<meta property=\"og:type\" content=\"article\" \/>\n<meta property=\"og:title\" content=\"Staza glagoljice - Experience Krk\" \/>\n<meta property=\"og:description\" content=\"[vc_row][vc_column][vc_row_inner][vc_column_inner width=&#8221;1\/2&#8243;][vc_column_text] Ba\u0161\u0107anska plo\u010da Ba\u0161\u0107anska plo\u010da jedan je od najvrjednijih hrvatskih spomenika. To je najstariji povijesni zapis (iz 1105. g. Pr. Kr.) napisan na hrvatskom jeziku, isklesan u kamenu na hrvatskoj glagoljici. Ovaj drevni spomenik ujedno je i prvi dokument hrvatske dr\u017eavnosti. Ovaj jedinstveni povijesni dokument nadahnuo je stvaranje staze glagoljice. Bio je to povijesni dokument o donaciji kojim je hrvatski kralj Zvonimir poklonio zemlju Jurandvora Redu svetog Benedikta iz opatije svete Lucije.[\/vc_column_text][\/vc_column_inner][vc_column_inner width=&#8221;1\/2&#8243;][\/vc_column_inner][\/vc_row_inner][vc_empty_space height=&#8221;17px&#8221;][vc_column_text][\/vc_column_text][vc_row_inner][vc_column_inner width=&#8221;1\/2&#8243; offset=&#8221;vc_hidden-sm vc_hidden-xs&#8221;][\/vc_column_inner][vc_column_inner width=&#8221;1\/2&#8243; offset=&#8221;vc_hidden-sm vc_hidden-xs&#8221;][vc_column_text] O ba\u0161\u0107anskoj stazi glagoljice Ba\u0161\u0107anska staza glagoljice je hrvatska...\" \/>\n<meta property=\"og:url\" content=\"https:\/\/experiencekrk.com\/hr\/povijest-i-kultura\/staza-glagoljice\/\" \/>\n<meta property=\"og:site_name\" content=\"Experience Krk\" \/>\n<meta property=\"article:modified_time\" content=\"2024-03-10T21:32:15+00:00\" \/>\n<meta name=\"twitter:card\" content=\"summary_large_image\" \/>\n<meta name=\"twitter:label1\" content=\"Procijenjeno vrijeme \u010ditanja\">\n\t<meta name=\"twitter:data1\" content=\"3 minute\">\n<script type=\"application\/ld+json\" class=\"yoast-schema-graph\">{\"@context\":\"https:\/\/schema.org\",\"@graph\":[{\"@type\":\"WebSite\",\"@id\":\"https:\/\/experiencekrk.com\/#website\",\"url\":\"https:\/\/experiencekrk.com\/\",\"name\":\"Experience Krk\",\"description\":\"Cultural Tours, Food &amp; Wine and more\",\"potentialAction\":[{\"@type\":\"SearchAction\",\"target\":\"https:\/\/experiencekrk.com\/?s={search_term_string}\",\"query-input\":\"required name=search_term_string\"}],\"inLanguage\":\"hr\"},{\"@type\":\"WebPage\",\"@id\":\"https:\/\/experiencekrk.com\/hr\/povijest-i-kultura\/staza-glagoljice\/#webpage\",\"url\":\"https:\/\/experiencekrk.com\/hr\/povijest-i-kultura\/staza-glagoljice\/\",\"name\":\"Staza glagoljice - Experience Krk\",\"isPartOf\":{\"@id\":\"https:\/\/experiencekrk.com\/#website\"},\"datePublished\":\"2019-04-15T17:38:15+00:00\",\"dateModified\":\"2024-03-10T21:32:15+00:00\",\"breadcrumb\":{\"@id\":\"https:\/\/experiencekrk.com\/hr\/povijest-i-kultura\/staza-glagoljice\/#breadcrumb\"},\"inLanguage\":\"hr\",\"potentialAction\":[{\"@type\":\"ReadAction\",\"target\":[\"https:\/\/experiencekrk.com\/hr\/povijest-i-kultura\/staza-glagoljice\/\"]}]},{\"@type\":\"BreadcrumbList\",\"@id\":\"https:\/\/experiencekrk.com\/hr\/povijest-i-kultura\/staza-glagoljice\/#breadcrumb\",\"itemListElement\":[{\"@type\":\"ListItem\",\"position\":1,\"item\":{\"@type\":\"WebPage\",\"@id\":\"https:\/\/experiencekrk.com\/hr\/\",\"url\":\"https:\/\/experiencekrk.com\/hr\/\",\"name\":\"Home\"}},{\"@type\":\"ListItem\",\"position\":2,\"item\":{\"@type\":\"WebPage\",\"@id\":\"https:\/\/experiencekrk.com\/hr\/povijest-i-kultura\/\",\"url\":\"https:\/\/experiencekrk.com\/hr\/povijest-i-kultura\/\",\"name\":\"Povijest i kultura\"}},{\"@type\":\"ListItem\",\"position\":3,\"item\":{\"@type\":\"WebPage\",\"@id\":\"https:\/\/experiencekrk.com\/hr\/povijest-i-kultura\/staza-glagoljice\/\",\"url\":\"https:\/\/experiencekrk.com\/hr\/povijest-i-kultura\/staza-glagoljice\/\",\"name\":\"Staza glagoljice\"}}]}]}<\/script>\n<!-- \/ Yoast SEO plugin. -->","_links":{"self":[{"href":"https:\/\/experiencekrk.com\/hr\/wp-json\/wp\/v2\/pages\/10647"}],"collection":[{"href":"https:\/\/experiencekrk.com\/hr\/wp-json\/wp\/v2\/pages"}],"about":[{"href":"https:\/\/experiencekrk.com\/hr\/wp-json\/wp\/v2\/types\/page"}],"author":[{"embeddable":true,"href":"https:\/\/experiencekrk.com\/hr\/wp-json\/wp\/v2\/users\/1"}],"replies":[{"embeddable":true,"href":"https:\/\/experiencekrk.com\/hr\/wp-json\/wp\/v2\/comments?post=10647"}],"version-history":[{"count":3,"href":"https:\/\/experiencekrk.com\/hr\/wp-json\/wp\/v2\/pages\/10647\/revisions"}],"predecessor-version":[{"id":33325,"href":"https:\/\/experiencekrk.com\/hr\/wp-json\/wp\/v2\/pages\/10647\/revisions\/33325"}],"up":[{"embeddable":true,"href":"https:\/\/experiencekrk.com\/hr\/wp-json\/wp\/v2\/pages\/10607"}],"wp:attachment":[{"href":"https:\/\/experiencekrk.com\/hr\/wp-json\/wp\/v2\/media?parent=10647"}],"curies":[{"name":"wp","href":"https:\/\/api.w.org\/{rel}","templated":true}]}}