{"id":10636,"date":"2019-05-29T10:26:11","date_gmt":"2019-05-29T10:26:11","guid":{"rendered":"https:\/\/experiencekrk.com\/history-and-culture\/ethno-heritage\/"},"modified":"2020-04-01T11:28:45","modified_gmt":"2020-04-01T11:28:45","slug":"etno-bastina","status":"publish","type":"page","link":"https:\/\/experiencekrk.com\/hr\/povijest-i-kultura\/etno-bastina\/","title":{"rendered":"Etno ba\u0161tina"},"content":{"rendered":"<p>[vc_row][vc_column]<div class=\"mkdf-section-title-holder\">\n\t<h1 class=\"mkdf-section-title mkdf-section-title-medium\" >\n\tDvodijelno pjevanje i sviranje<\/h1>\n<\/div>[\/vc_column][\/vc_row][vc_row][vc_column width=&#8221;1\/2&#8243; css=&#8221;.vc_custom_1559125178706{padding-top: 0px !important;}&#8221;][vc_column_text css=&#8221;.vc_custom_1585414656346{border-top-width: 0px !important;padding-top: 0px !important;}&#8221;]Dvodijelno pjevanje i sviranje je kompleksan stil narodne glazbe specifi\u010dan za podru\u010dje otoka Krka, Hrvatskog primorja i Istre. Za dvodijelno pjevanje i sviranje karakteristi\u010dna je boja tona koja se u vokalnoj glazbi posti\u017ee sna\u017enim pjevanjem, dijelom kroz nos. Ova vrsta pjevanja uvr\u0161tena je na UNESCO-ov reprezentativni popis nematerijalne kulturne ba\u0161tine \u010dovje\u010danstva.<\/p>\n<p>Ovakav oblik pjevanja \u010desto je popra\u0107en tradicionalnim narodnim instrumentom &#8220;sopile&#8221; &#8211; drevnim puha\u010dkim instrumentom. Dvodijelno pjevanje i sviranje &#8220;sopile&#8221; mo\u017eete poslu\u0161ati i vidjeti na tradicionalnom ljetnom festivalu kr\u010dkog folklora i na drugim oto\u010dkim sve\u010danostima. Saznajte vi\u0161e o tome u ovom kratkom filmu o &#8220;sopileu&#8221; i &#8220;Dvodijelnom pjevanju&#8221;.\u00a0(<a href=\"https:\/\/www.youtube.com\/watch?reload=9&amp;v=QceUcUodtaY&amp;feature=youtu.be\" target=\"_blank\" rel=\"noopener noreferrer\">movie about &#8220;sopile&#8221; and &#8220;Two-part Singing&#8221;<\/a>)[\/vc_column_text][vc_column_text][\/vc_column_text][\/vc_column][vc_column width=&#8221;1\/2&#8243; css=&#8221;.vc_custom_1559125192021{border-top-width: 0px !important;padding-top: 10px !important;}&#8221;][vc_single_image image=&#8221;5632&#8243; img_size=&#8221;full&#8221;][\/vc_column][\/vc_row][vc_row][vc_column][vc_empty_space height=&#8221;10px&#8221;]<div class=\"mkdf-separator-holder clearfix  mkdf-separator-center mkdf-separator-full-width\">\n\t<div class=\"mkdf-separator\" style=\"border-color: #ebebeb;border-style: solid;border-bottom-width: 1px;margin-top: 20px;margin-bottom: 45px\"><\/div>\n<\/div>\n[\/vc_column][\/vc_row][vc_row][vc_column width=&#8221;1\/2&#8243; css=&#8221;.vc_custom_1559123188863{padding-top: 15px !important;}&#8221;]<div class=\"mkdf-section-title-holder\">\n\t<h1 class=\"mkdf-section-title mkdf-section-title-medium\" >\n\tKulturno umjetni\u010dka dru\u0161tva<\/h1>\n<\/div>[vc_column_text css=&#8221;.vc_custom_1585414844236{border-top-width: 0px !important;padding-top: 0px !important;}&#8221;]Bogata folklorna tradicija i ba\u0161tina otoka Krka sa\u010duvana je zahvaljuju\u0107i naporima lokalnih folklornih udruga. &#8220;Kr\u010dki tanac&#8221; je tradicionalni ples na otoku Krku koji prati tradicionalni puha\u010dki instrument &#8220;sopile&#8221;. Plesa\u010di su obu\u010deni u tradicionalne narodne no\u0161nje. Ovaj tradicionalni ples izvode doma\u0107e pu\u010dke udruge na mjesnim sve\u010danostima i ostalim kulturnim priredbama.<\/p>\n<p>Najstarija folklorna udruga na otoku Krku je Gradska glazba Krk osnovana 1832. Gradska glazba Krk je glazbeni ansambl koji se sastoji od glazbenih instrumenata.[\/vc_column_text][vc_column_text][\/vc_column_text][\/vc_column][vc_column width=&#8221;1\/2&#8243; css=&#8221;.vc_custom_1559125093053{border-top-width: 0px !important;padding-top: 25px !important;}&#8221;]<div class=\"mkdf-image-gallery\">\n\t<div class=\"mkdf-image-gallery-slider \" data-autoplay=\"5\" data-animation=\"slide\" data-navigation=\"yes\" data-pagination=\"yes\">\n\t\t\t\t\t\t\t\t\t<img src=\"https:\/\/experiencekrk.com\/wp-content\/uploads\/2019\/05\/City-of-Krk-bass-band-600x400.jpg\" alt=\"\" width=\"600\" height=\"400\" \/>\t\t\t\t\t\t\t\t\t\t\t\t\t<img src=\"https:\/\/experiencekrk.com\/wp-content\/uploads\/2019\/05\/City-of-Krk-folklore-600x400.jpg\" alt=\"\" width=\"600\" height=\"400\" \/>\t\t\t\t\t\t\t\t\t\t\t\t\t<img src=\"https:\/\/experiencekrk.com\/wp-content\/uploads\/2019\/05\/City-of-Krk-folklore-2-600x400.jpg\" alt=\"\" width=\"600\" height=\"400\" \/>\t\t\t\t\t\t\t<\/div>\n<\/div>[\/vc_column][\/vc_row][vc_row][vc_column][vc_empty_space height=&#8221;10px&#8221;]<div class=\"mkdf-separator-holder clearfix  mkdf-separator-center mkdf-separator-full-width\">\n\t<div class=\"mkdf-separator\" style=\"border-color: #ebebeb;border-style: solid;border-bottom-width: 1px;margin-top: 20px;margin-bottom: 45px\"><\/div>\n<\/div>\n[\/vc_column][\/vc_row][vc_row][vc_column width=&#8221;1\/2&#8243; css=&#8221;.vc_custom_1559123188863{padding-top: 15px !important;}&#8221;]<div class=\"mkdf-section-title-holder\">\n\t<h1 class=\"mkdf-section-title mkdf-section-title-medium\" >\n\tEtno ku\u0107a Korni\u0107<\/h1>\n<\/div>[vc_column_text css=&#8221;.vc_custom_1585414939863{border-top-width: 0px !important;padding-top: 0px !important;}&#8221;]Lokalna etno ku\u0107a Korni\u0107 mjesto je na kojem mo\u017eete vidjeti kako je lokalno stanovni\u0161tvo \u017eivjelo prije pedeset-\u0161ezdeset godina. U obiteljskoj ku\u0107i Korni\u0107 mo\u017ee se vidjeti starinski namje\u0161taj, kolekcija glazbenih instrumenata, tradicionalna pe\u0107nica, ru\u010dno izra\u0111eni mlin za kukuruz i drugi pribor.<\/p>\n<p>Mobitel: +385 91 50 93 781<br \/>\nE-mail: hkd.bradica@gmail.com<br \/>\nAdresa: Kamenica 16, 51517 Korni\u0107[\/vc_column_text][vc_column_text][\/vc_column_text][\/vc_column][vc_column width=&#8221;1\/2&#8243; css=&#8221;.vc_custom_1559124688182{border-top-width: 0px !important;padding-top: 15px !important;}&#8221;]<div class=\"mkdf-image-gallery\">\n\t<div class=\"mkdf-image-gallery-slider \" data-autoplay=\"5\" data-animation=\"slide\" data-navigation=\"yes\" data-pagination=\"yes\">\n\t\t\t\t\t\t\t\t\t<img src=\"https:\/\/experiencekrk.com\/wp-content\/uploads\/2019\/05\/City-of-Krk-Kornic-Ethnographic-Collection-2-600x400.jpg\" alt=\"\" width=\"600\" height=\"400\" \/>\t\t\t\t\t\t\t\t\t\t\t\t\t<img src=\"https:\/\/experiencekrk.com\/wp-content\/uploads\/2019\/05\/City-of-Krk-Kornic-Ethnographic-Collection-3-600x400.jpg\" alt=\"\" width=\"600\" height=\"400\" \/>\t\t\t\t\t\t\t\t\t\t\t\t\t<img src=\"https:\/\/experiencekrk.com\/wp-content\/uploads\/2019\/05\/City-of-Krk-Kornic-Ethnographic-Collection-4-600x400.jpg\" alt=\"\" width=\"600\" height=\"400\" \/>\t\t\t\t\t\t\t\t\t\t\t\t\t<img src=\"https:\/\/experiencekrk.com\/wp-content\/uploads\/2019\/05\/City-of-Krk-Kornic-Ethnographic-Collection-5-600x400.jpg\" alt=\"\" width=\"600\" height=\"400\" \/>\t\t\t\t\t\t\t\t\t\t\t\t\t<img src=\"https:\/\/experiencekrk.com\/wp-content\/uploads\/2019\/05\/City-of-Krk-Kornic-Ethnographic-Collection-6-600x400.jpg\" alt=\"\" width=\"600\" height=\"400\" \/>\t\t\t\t\t\t\t\t\t\t\t\t\t<img src=\"https:\/\/experiencekrk.com\/wp-content\/uploads\/2019\/05\/City-of-Krk-Kornic-Ethnographic-Collection-7-600x400.jpg\" alt=\"\" width=\"600\" height=\"400\" \/>\t\t\t\t\t\t\t\t\t\t\t\t\t<img src=\"https:\/\/experiencekrk.com\/wp-content\/uploads\/2019\/05\/City-of-Krk-Kornic-Ethnographic-Collection-8-600x400.jpg\" alt=\"\" width=\"600\" height=\"400\" \/>\t\t\t\t\t\t\t\t\t\t\t\t\t<img src=\"https:\/\/experiencekrk.com\/wp-content\/uploads\/2019\/05\/City-of-Krk-Kornic-Ethnographic-Collection-9-600x400.jpg\" alt=\"\" width=\"600\" height=\"400\" \/>\t\t\t\t\t\t\t\t\t\t\t\t\t<img src=\"https:\/\/experiencekrk.com\/wp-content\/uploads\/2019\/05\/City-of-Krk-Kornic-Ethnographic-Collection-10-600x400.jpg\" alt=\"\" width=\"600\" height=\"400\" \/>\t\t\t\t\t\t\t\t\t\t\t\t\t<img src=\"https:\/\/experiencekrk.com\/wp-content\/uploads\/2019\/05\/City-of-Krk-Kornic-Ethnographic-Collection-11-600x400.jpg\" alt=\"\" width=\"600\" height=\"400\" \/>\t\t\t\t\t\t\t\t\t\t\t\t\t<img src=\"https:\/\/experiencekrk.com\/wp-content\/uploads\/2019\/05\/City-of-Krk-Kornic-Ethnographic-Collection-12-600x400.jpg\" alt=\"\" width=\"600\" height=\"400\" \/>\t\t\t\t\t\t\t\t\t\t\t\t\t<img src=\"https:\/\/experiencekrk.com\/wp-content\/uploads\/2019\/05\/City-of-Krk-Kornic-Ethnographic-Collection-600x400.jpg\" alt=\"\" width=\"600\" height=\"400\" \/>\t\t\t\t\t\t\t<\/div>\n<\/div>[\/vc_column][\/vc_row][vc_row][vc_column][vc_empty_space height=&#8221;10px&#8221;][vc_column_text css=&#8221;.vc_custom_1559124664355{padding-bottom: 15px !important;}&#8221;]<\/p>\n<h5>Location<\/h5>\n<p>[\/vc_column_text][vc_raw_html]JTNDaWZyYW1lJTIwc3JjJTNEJTIyaHR0cHMlM0ElMkYlMkZ3d3cuZ29vZ2xlLmNvbSUyRm1hcHMlMkZlbWJlZCUzRnBiJTNEJTIxMW0xOCUyMTFtMTIlMjExbTMlMjExZDE3MTQxLjE3ODY5NTcxODEyNSUyMTJkMTQuNjEwOTYxMDI2MDU1NzI0JTIxM2Q0NS4wNDM0NjI1NDE5Njc2OCUyMTJtMyUyMTFmMCUyMTJmMCUyMTNmMCUyMTNtMiUyMTFpMTAyNCUyMTJpNzY4JTIxNGYxMy4xJTIxM20zJTIxMW0yJTIxMXMweDQ3NjM3MTg0NThiNmM3MWIlMjUzQTB4ZTQ5YjdiNjc5NzFiNzJhYyUyMTJ6UlhSdWJ5QnJkY1NIWVNCTGIzSnVhY1NIJTIxNWUwJTIxM20yJTIxMXNlbiUyMTJzaHIlMjE0djE1NTkxMjY5NzMzMTIlMjE1bTIlMjExc2VuJTIxMnNociUyMiUyMHdpZHRoJTNEJTIyOTgwJTIyJTIwaGVpZ2h0JTNEJTIyMzUwJTIyJTIwZnJhbWVib3JkZXIlM0QlMjIwJTIyJTIwc3R5bGUlM0QlMjJib3JkZXIlM0EwJTIyJTIwYWxsb3dmdWxsc2NyZWVuJTNFJTNDJTJGaWZyYW1lJTNF[\/vc_raw_html]<div class=\"mkdf-separator-holder clearfix  mkdf-separator-center mkdf-separator-full-width\">\n\t<div class=\"mkdf-separator\" style=\"border-color: #ebebeb;border-style: solid;border-bottom-width: 1px;margin-top: 20px;margin-bottom: 45px\"><\/div>\n<\/div>\n[\/vc_column][\/vc_row]<\/p>\n","protected":false},"excerpt":{"rendered":"<p>[vc_row][vc_column][\/vc_column][\/vc_row][vc_row][vc_column width=&#8221;1\/2&#8243; css=&#8221;.vc_custom_1559125178706{padding-top: 0px !important;}&#8221;][vc_column_text css=&#8221;.vc_custom_1585414656346{border-top-width: 0px !important;padding-top: 0px !important;}&#8221;]Dvodijelno pjevanje i sviranje je kompleksan stil narodne glazbe specifi\u010dan za podru\u010dje otoka Krka, Hrvatskog primorja i Istre. Za dvodijelno pjevanje i sviranje karakteristi\u010dna je boja tona koja se u vokalnoj glazbi posti\u017ee sna\u017enim pjevanjem, dijelom kroz nos. Ova vrsta pjevanja uvr\u0161tena je na UNESCO-ov reprezentativni popis nematerijalne kulturne ba\u0161tine \u010dovje\u010danstva. Ovakav oblik pjevanja \u010desto je popra\u0107en tradicionalnim narodnim instrumentom &#8220;sopile&#8221; &#8211; drevnim puha\u010dkim instrumentom. Dvodijelno pjevanje i sviranje &#8220;sopile&#8221; mo\u017eete poslu\u0161ati i vidjeti na tradicionalnom ljetnom festivalu kr\u010dkog folklora i&#8230;<\/p>\n","protected":false},"author":1,"featured_media":0,"parent":10607,"menu_order":0,"comment_status":"closed","ping_status":"closed","template":"","meta":[],"yoast_head":"<!-- This site is optimized with the Yoast SEO plugin v16.0.1 - https:\/\/yoast.com\/wordpress\/plugins\/seo\/ -->\n<title>Etno ba\u0161tina - Experience Krk<\/title>\n<link rel=\"canonical\" href=\"https:\/\/experiencekrk.com\/hr\/povijest-i-kultura\/etno-bastina\/\" \/>\n<meta property=\"og:locale\" content=\"hr_HR\" \/>\n<meta property=\"og:type\" content=\"article\" \/>\n<meta property=\"og:title\" content=\"Etno ba\u0161tina - Experience Krk\" \/>\n<meta property=\"og:description\" content=\"[vc_row][vc_column][\/vc_column][\/vc_row][vc_row][vc_column width=&#8221;1\/2&#8243; css=&#8221;.vc_custom_1559125178706{padding-top: 0px !important;}&#8221;][vc_column_text css=&#8221;.vc_custom_1585414656346{border-top-width: 0px !important;padding-top: 0px !important;}&#8221;]Dvodijelno pjevanje i sviranje je kompleksan stil narodne glazbe specifi\u010dan za podru\u010dje otoka Krka, Hrvatskog primorja i Istre. Za dvodijelno pjevanje i sviranje karakteristi\u010dna je boja tona koja se u vokalnoj glazbi posti\u017ee sna\u017enim pjevanjem, dijelom kroz nos. Ova vrsta pjevanja uvr\u0161tena je na UNESCO-ov reprezentativni popis nematerijalne kulturne ba\u0161tine \u010dovje\u010danstva. Ovakav oblik pjevanja \u010desto je popra\u0107en tradicionalnim narodnim instrumentom &#8220;sopile&#8221; &#8211; drevnim puha\u010dkim instrumentom. Dvodijelno pjevanje i sviranje &#8220;sopile&#8221; mo\u017eete poslu\u0161ati i vidjeti na tradicionalnom ljetnom festivalu kr\u010dkog folklora i...\" \/>\n<meta property=\"og:url\" content=\"https:\/\/experiencekrk.com\/hr\/povijest-i-kultura\/etno-bastina\/\" \/>\n<meta property=\"og:site_name\" content=\"Experience Krk\" \/>\n<meta property=\"article:modified_time\" content=\"2020-04-01T11:28:45+00:00\" \/>\n<meta name=\"twitter:card\" content=\"summary_large_image\" \/>\n<meta name=\"twitter:label1\" content=\"Procijenjeno vrijeme \u010ditanja\">\n\t<meta name=\"twitter:data1\" content=\"3 minute\">\n<script type=\"application\/ld+json\" class=\"yoast-schema-graph\">{\"@context\":\"https:\/\/schema.org\",\"@graph\":[{\"@type\":\"WebSite\",\"@id\":\"https:\/\/experiencekrk.com\/#website\",\"url\":\"https:\/\/experiencekrk.com\/\",\"name\":\"Experience Krk\",\"description\":\"Cultural Tours, Food &amp; Wine and more\",\"potentialAction\":[{\"@type\":\"SearchAction\",\"target\":\"https:\/\/experiencekrk.com\/?s={search_term_string}\",\"query-input\":\"required name=search_term_string\"}],\"inLanguage\":\"hr\"},{\"@type\":\"WebPage\",\"@id\":\"https:\/\/experiencekrk.com\/hr\/povijest-i-kultura\/etno-bastina\/#webpage\",\"url\":\"https:\/\/experiencekrk.com\/hr\/povijest-i-kultura\/etno-bastina\/\",\"name\":\"Etno ba\\u0161tina - Experience Krk\",\"isPartOf\":{\"@id\":\"https:\/\/experiencekrk.com\/#website\"},\"datePublished\":\"2019-05-29T10:26:11+00:00\",\"dateModified\":\"2020-04-01T11:28:45+00:00\",\"breadcrumb\":{\"@id\":\"https:\/\/experiencekrk.com\/hr\/povijest-i-kultura\/etno-bastina\/#breadcrumb\"},\"inLanguage\":\"hr\",\"potentialAction\":[{\"@type\":\"ReadAction\",\"target\":[\"https:\/\/experiencekrk.com\/hr\/povijest-i-kultura\/etno-bastina\/\"]}]},{\"@type\":\"BreadcrumbList\",\"@id\":\"https:\/\/experiencekrk.com\/hr\/povijest-i-kultura\/etno-bastina\/#breadcrumb\",\"itemListElement\":[{\"@type\":\"ListItem\",\"position\":1,\"item\":{\"@type\":\"WebPage\",\"@id\":\"https:\/\/experiencekrk.com\/hr\/\",\"url\":\"https:\/\/experiencekrk.com\/hr\/\",\"name\":\"Home\"}},{\"@type\":\"ListItem\",\"position\":2,\"item\":{\"@type\":\"WebPage\",\"@id\":\"https:\/\/experiencekrk.com\/hr\/povijest-i-kultura\/\",\"url\":\"https:\/\/experiencekrk.com\/hr\/povijest-i-kultura\/\",\"name\":\"Povijest i kultura\"}},{\"@type\":\"ListItem\",\"position\":3,\"item\":{\"@type\":\"WebPage\",\"@id\":\"https:\/\/experiencekrk.com\/hr\/povijest-i-kultura\/etno-bastina\/\",\"url\":\"https:\/\/experiencekrk.com\/hr\/povijest-i-kultura\/etno-bastina\/\",\"name\":\"Etno ba\\u0161tina\"}}]}]}<\/script>\n<!-- \/ Yoast SEO plugin. -->","_links":{"self":[{"href":"https:\/\/experiencekrk.com\/hr\/wp-json\/wp\/v2\/pages\/10636"}],"collection":[{"href":"https:\/\/experiencekrk.com\/hr\/wp-json\/wp\/v2\/pages"}],"about":[{"href":"https:\/\/experiencekrk.com\/hr\/wp-json\/wp\/v2\/types\/page"}],"author":[{"embeddable":true,"href":"https:\/\/experiencekrk.com\/hr\/wp-json\/wp\/v2\/users\/1"}],"replies":[{"embeddable":true,"href":"https:\/\/experiencekrk.com\/hr\/wp-json\/wp\/v2\/comments?post=10636"}],"version-history":[{"count":3,"href":"https:\/\/experiencekrk.com\/hr\/wp-json\/wp\/v2\/pages\/10636\/revisions"}],"predecessor-version":[{"id":10640,"href":"https:\/\/experiencekrk.com\/hr\/wp-json\/wp\/v2\/pages\/10636\/revisions\/10640"}],"up":[{"embeddable":true,"href":"https:\/\/experiencekrk.com\/hr\/wp-json\/wp\/v2\/pages\/10607"}],"wp:attachment":[{"href":"https:\/\/experiencekrk.com\/hr\/wp-json\/wp\/v2\/media?parent=10636"}],"curies":[{"name":"wp","href":"https:\/\/api.w.org\/{rel}","templated":true}]}}