{"id":10631,"date":"2019-04-13T00:08:51","date_gmt":"2019-04-13T00:08:51","guid":{"rendered":"https:\/\/experiencekrk.com\/history-and-culture\/ancient-sites-and-remains\/"},"modified":"2020-05-19T11:11:58","modified_gmt":"2020-05-19T11:11:58","slug":"drevna-nalazista-i-ostaci","status":"publish","type":"page","link":"https:\/\/experiencekrk.com\/hr\/povijest-i-kultura\/drevna-nalazista-i-ostaci\/","title":{"rendered":"Drevna nalazi\u0161ta i ostaci"},"content":{"rendered":"<p>[vc_row][vc_column]<div class=\"mkdf-section-title-holder\">\n\t<h1 class=\"mkdf-section-title mkdf-section-title-medium\" >\n\tDrevne ru\u0161evine u caffe baru Volsonis<\/h1>\n<\/div>[\/vc_column][\/vc_row][vc_row][vc_column width=&#8221;1\/2&#8243; css=&#8221;.vc_custom_1559125178706{padding-top: 0px !important;}&#8221;][vc_column_text]Cafe bar Volsonis nalazi se unutar ku\u0107e Perossi i poznat je kao vrijedna arheolo\u0161ka lokacija. Drevni zidovi iz 4. stolje\u0107a nove ere i drugi arheolo\u0161ki artefakti prona\u0111eni su tijekom iskopavanja u 21. st. Najzanimljiviji artefakt je Oltar Venere, posve\u0107en rimskoj bo\u017eici ljubavi.<\/p>\n<p>Ako se odlu\u010dite posjetiti Volsonis, mo\u017eete pro\u0161etati drevnim podzemnim hodnicima i vrtovima u kojima su prona\u0111eni brojni nadgrobni spomenici (zajedno sa spomenutim oltarom). Na jednom nadgrobnom spomeniku uklesano je ime Volson, koji je bio jedan od kr\u010dkih rimskih vladara, i po kome je dana\u0161nji kafi\u0107 na toj lokaciji dobio ime.[\/vc_column_text][vc_column_text][\/vc_column_text][\/vc_column][vc_column width=&#8221;1\/2&#8243; css=&#8221;.vc_custom_1559125192021{border-top-width: 0px !important;padding-top: 10px !important;}&#8221;]<div class=\"mkdf-image-gallery\">\n\t<div class=\"mkdf-image-gallery-slider \" data-autoplay=\"5\" data-animation=\"slide\" data-navigation=\"yes\" data-pagination=\"yes\">\n\t\t\t\t\t\t\t\t\t<img src=\"https:\/\/experiencekrk.com\/wp-content\/uploads\/2019\/04\/City-of-Krk-ancient-altar-at-caffe-bar-Volsonis-600x400.jpg\" alt=\"the historical tours of Krk and its rich historical heritage from the ancient Europe times\" width=\"600\" height=\"400\" \/>\t\t\t\t\t\t\t\t\t\t\t\t\t<img src=\"https:\/\/experiencekrk.com\/wp-content\/uploads\/2019\/05\/City-of-Krk-caffe-bar-Volsonis-600x400.jpg\" alt=\"\" width=\"600\" height=\"400\" \/>\t\t\t\t\t\t\t\t\t\t\t\t\t<img src=\"https:\/\/experiencekrk.com\/wp-content\/uploads\/2019\/05\/City-of-Krk-caffe-bar-Volsonis-2-600x400.jpg\" alt=\"\" width=\"600\" height=\"400\" \/>\t\t\t\t\t\t\t\t\t\t\t\t\t<img src=\"https:\/\/experiencekrk.com\/wp-content\/uploads\/2019\/05\/City-of-Krk-caffe-bar-Volsonis-3-600x400.jpg\" alt=\"\" width=\"600\" height=\"400\" \/>\t\t\t\t\t\t\t\t\t\t\t\t\t<img src=\"https:\/\/experiencekrk.com\/wp-content\/uploads\/2019\/05\/City-of-Krk-caffe-bar-Volsonis-4-600x400.jpg\" alt=\"\" width=\"600\" height=\"400\" \/>\t\t\t\t\t\t\t<\/div>\n<\/div>[\/vc_column][\/vc_row][vc_row][vc_column][vc_row_inner][vc_column_inner width=&#8221;1\/4&#8243;][vc_column_text]Telefon: +385 51 880 249<br \/>\nAdresa: Vela placa 8, 51500 Krk<\/p>\n<p><strong>Radno vrijeme:<\/strong><\/p>\n<p>1.10. \u2013 30.04.<br \/>\nNed &#8211; \u010cet: 07: 00-00: 00<br \/>\nPet &#8211; Sub: 07: 00-01: 00<\/p>\n<p>1.5. 07 \u2013 30.09.<br \/>\nPon &#8211; Ned: 07:00-02:00[\/vc_column_text][\/vc_column_inner][vc_column_inner width=&#8221;3\/4&#8243;][vc_raw_html]JTNDaWZyYW1lJTIwc3JjJTNEJTIyaHR0cHMlM0ElMkYlMkZ3d3cuZ29vZ2xlLmNvbSUyRm1hcHMlMkZlbWJlZCUzRnBiJTNEJTIxMW0xNCUyMTFtOCUyMTFtMyUyMTFkMjI1NTkuNTUwMTMyNDQ3MDMlMjEyZDE0LjU3MzgzODAwMDAwMDAwMiUyMTNkNDUuMDI2MDY3JTIxM20yJTIxMWkxMDI0JTIxMmk3NjglMjE0ZjEzLjElMjEzbTMlMjExbTIlMjExczB4MCUyNTNBMHhjM2NkMWViZTdhZjhjNGM1JTIxMnNWb2xzb25pcyUyMTVlMCUyMTNtMiUyMTFzZW4lMjEyc2hyJTIxNHYxNTU5MTM1NDk4ODE2JTIxNW0yJTIxMXNlbiUyMTJzaHIlMjIlMjB3aWR0aCUzRCUyMjk4MCUyMiUyMGhlaWdodCUzRCUyMjM1MCUyMiUyMGZyYW1lYm9yZGVyJTNEJTIyMCUyMiUyMHN0eWxlJTNEJTIyYm9yZGVyJTNBMCUyMiUyMGFsbG93ZnVsbHNjcmVlbiUzRSUzQyUyRmlmcmFtZSUzRQ==[\/vc_raw_html][\/vc_column_inner][\/vc_row_inner][vc_empty_space height=&#8221;10px&#8221;]<div class=\"mkdf-separator-holder clearfix  mkdf-separator-center mkdf-separator-full-width\">\n\t<div class=\"mkdf-separator\" style=\"border-color: #ebebeb;border-style: solid;border-bottom-width: 1px;margin-top: 20px;margin-bottom: 45px\"><\/div>\n<\/div>\n[\/vc_column][\/vc_row][vc_row][vc_column]<div class=\"mkdf-section-title-holder\">\n\t<h1 class=\"mkdf-section-title mkdf-section-title-medium\" >\n\tVenerin hram<\/h1>\n<\/div>[\/vc_column][\/vc_row][vc_row][vc_column width=&#8221;1\/2&#8243; css=&#8221;.vc_custom_1559125178706{padding-top: 0px !important;}&#8221;][vc_column_text]Ostaci drevnog Venerinog hrama mogu se vidjeti unutar trgovine Memento, u staroj gradskoj jezgri. Ostatke hrama mo\u017eete promatrati kroz stakleni pod unutar trgovine.<\/p>\n<p>Venera je bila rimska bo\u017eica ljubavi, ljepote i braka. U Rimskom carstvu broj hramova posve\u0107enih Veneri bio je znatno manji u usporedbi s hramovima izgra\u0111enim za druge rimske bogove. Stoga je ovaj hram koji potje\u010de iz 1. stolje\u0107a prije Krista jedini hram posve\u0107en bo\u017eici Veneri na isto\u010dnoj strani Jadrana (od Gr\u010dke do Italije), \u0161to ga \u010dini jo\u0161 spektakularnijim.[\/vc_column_text][vc_column_text][\/vc_column_text][\/vc_column][vc_column width=&#8221;1\/2&#8243; css=&#8221;.vc_custom_1559125192021{border-top-width: 0px !important;padding-top: 10px !important;}&#8221;]<div class=\"mkdf-image-gallery\">\n\t<div class=\"mkdf-image-gallery-slider \" data-autoplay=\"5\" data-animation=\"slide\" data-navigation=\"yes\" data-pagination=\"yes\">\n\t\t\t\t\t\t\t\t\t<img src=\"https:\/\/experiencekrk.com\/wp-content\/uploads\/2019\/04\/City-of-Krk-Temple-of-Venus-600x400.jpg\" alt=\"\" width=\"600\" height=\"400\" \/>\t\t\t\t\t\t\t\t\t\t\t\t\t<img src=\"https:\/\/experiencekrk.com\/wp-content\/uploads\/2019\/05\/City-of-Krk-temple-of-venus-2-600x400.jpg\" alt=\"\" width=\"600\" height=\"400\" \/>\t\t\t\t\t\t\t\t\t\t\t\t\t<img src=\"https:\/\/experiencekrk.com\/wp-content\/uploads\/2019\/05\/City-of-Krk-temple-of-venus-3-600x400.jpg\" alt=\"\" width=\"600\" height=\"400\" \/>\t\t\t\t\t\t\t\t\t\t\t\t\t<img src=\"https:\/\/experiencekrk.com\/wp-content\/uploads\/2019\/05\/City-of-Krk-temple-of-venus-600x400.jpg\" alt=\"\" width=\"600\" height=\"400\" \/>\t\t\t\t\t\t\t<\/div>\n<\/div>[\/vc_column][\/vc_row][vc_row][vc_column][vc_empty_space height=&#8221;10px&#8221;][vc_column_text][\/vc_column_text][\/vc_column][\/vc_row][vc_row][vc_column][vc_row_inner][vc_column_inner width=&#8221;1\/4&#8243;][vc_column_text]Hram Venere<br \/>\n(unutar trgovine Memento)<\/p>\n<p>Telefon: +385 51 520 662<br \/>\nE-mail: info@memento-venerem.com<br \/>\nAdresa: A. Mahni\u0107a 3, 51500 Krk[\/vc_column_text][\/vc_column_inner][vc_column_inner width=&#8221;3\/4&#8243;][vc_raw_html]JTNDaWZyYW1lJTIwc3JjJTNEJTIyaHR0cHMlM0ElMkYlMkZ3d3cuZ29vZ2xlLmNvbSUyRm1hcHMlMkZlbWJlZCUzRnBiJTNEJTIxMW0xNCUyMTFtOCUyMTFtMyUyMTFkMjI1NTkuNzU5Mzk2OTA5MzcyJTIxMmQxNC41NzQ1NTMwMDAwMDAwMDIlMjEzZDQ1LjAyNTUzNiUyMTNtMiUyMTFpMTAyNCUyMTJpNzY4JTIxNGYxMy4xJTIxM20zJTIxMW0yJTIxMXMweDAlMjUzQTB4ZThiYThkNTE3ZTA0ZGE3MCUyMTJzVC5PLiUyQk1lbWVudG8lMjE1ZTAlMjEzbTIlMjExc2VuJTIxMnNociUyMTR2MTU1OTEzNTI3NjM3NSUyMTVtMiUyMTFzZW4lMjEyc2hyJTIyJTIwd2lkdGglM0QlMjI5ODAlMjIlMjBoZWlnaHQlM0QlMjIzNTAlMjIlMjBmcmFtZWJvcmRlciUzRCUyMjAlMjIlMjBzdHlsZSUzRCUyMmJvcmRlciUzQTAlMjIlMjBhbGxvd2Z1bGxzY3JlZW4lM0UlM0MlMkZpZnJhbWUlM0U=[\/vc_raw_html][\/vc_column_inner][\/vc_row_inner][vc_empty_space height=&#8221;10px&#8221;]<div class=\"mkdf-separator-holder clearfix  mkdf-separator-center mkdf-separator-full-width\">\n\t<div class=\"mkdf-separator\" style=\"border-color: #ebebeb;border-style: solid;border-bottom-width: 1px;margin-top: 20px;margin-bottom: 45px\"><\/div>\n<\/div>\n[\/vc_column][\/vc_row][vc_row][vc_column]<div class=\"mkdf-section-title-holder\">\n\t<h1 class=\"mkdf-section-title mkdf-section-title-medium\" >\n\tArheolo\u0161ka zbirka Fortis<\/h1>\n<\/div>[\/vc_column][\/vc_row][vc_row][vc_column width=&#8221;1\/2&#8243; css=&#8221;.vc_custom_1559135795949{padding-top: 15px !important;}&#8221;][vc_column_text]Vrijedna zbirka predmeta iz razdoblja rimskog carstva (1. &#8211; 5. stolje\u0107e) i pretpovijesnog razdoblja (3. &#8211; 1. st. pr. Kr.) nalazi se u Galeriji Fortis. Ova arheolo\u0161ka zbirka sastoji se od bron\u010danih predmeta, keramike i drugih podsjetnika na vrijeme starog Rima. Svi ovi predmeti prona\u0111eni su u gradu Krku.<\/p>\n<p>Telefon: +385 51 221 695<br \/>\nMobitel: +385 98 459 886<br \/>\nAdresa: dr. D. Vitezi\u0107a 1, 51500 Krk[\/vc_column_text][\/vc_column][vc_column width=&#8221;1\/2&#8243; css=&#8221;.vc_custom_1559125192021{border-top-width: 0px !important;padding-top: 10px !important;}&#8221;]<div class=\"mkdf-image-gallery\">\n\t<div class=\"mkdf-image-gallery-slider \" data-autoplay=\"5\" data-animation=\"slide\" data-navigation=\"yes\" data-pagination=\"yes\">\n\t\t\t\t\t\t\t\t\t<img src=\"https:\/\/experiencekrk.com\/wp-content\/uploads\/2019\/05\/City-of-Krk-Archaeological-collection-Fortis-600x400.jpg\" alt=\"\" width=\"600\" height=\"400\" \/>\t\t\t\t\t\t\t\t\t\t\t\t\t<img src=\"https:\/\/experiencekrk.com\/wp-content\/uploads\/2019\/05\/City-of-Krk-Archaeological-collection-Fortis-2-600x400.jpg\" alt=\"\" width=\"600\" height=\"400\" \/>\t\t\t\t\t\t\t<\/div>\n<\/div>[\/vc_column][\/vc_row][vc_row][vc_column][vc_raw_html]JTNDaWZyYW1lJTIwc3JjJTNEJTIyaHR0cHMlM0ElMkYlMkZ3d3cuZ29vZ2xlLmNvbSUyRm1hcHMlMkZlbWJlZCUzRnBiJTNEJTIxMW0xOCUyMTFtMTIlMjExbTMlMjExZDgzMjkuMjg1MDA5MTc2MTU0JTIxMmQxNC41NzAxNzMxMzA4ODUwNTglMjEzZDQ1LjAyNTAyMjQ0Nzc2NjYxJTIxMm0zJTIxMWYwJTIxMmYwJTIxM2YwJTIxM20yJTIxMWkxMDI0JTIxMmk3NjglMjE0ZjEzLjElMjEzbTMlMjExbTIlMjExczB4NDc2MzczOTFkOGEyMDI0NyUyNTNBMHg5NGE5NDdjMTIxYmQwN2ZmJTIxMnNNdXplaiUyQmdhbGVyaWphJTJCRm9ydGlzJTIxNWUwJTIxM20yJTIxMXNlbiUyMTJzaHIlMjE0djE1NjA0MjY1MjQ5NTclMjE1bTIlMjExc2VuJTIxMnNociUyMiUyMHdpZHRoJTNEJTIyOTgwJTIyJTIwaGVpZ2h0JTNEJTIyMzUwJTIyJTIwZnJhbWVib3JkZXIlM0QlMjIwJTIyJTIwc3R5bGUlM0QlMjJib3JkZXIlM0EwJTIyJTIwYWxsb3dmdWxsc2NyZWVuJTNFJTNDJTJGaWZyYW1lJTNF[\/vc_raw_html][vc_empty_space height=&#8221;30px&#8221;][\/vc_column][\/vc_row]<\/p>\n","protected":false},"excerpt":{"rendered":"<p>[vc_row][vc_column][\/vc_column][\/vc_row][vc_row][vc_column width=&#8221;1\/2&#8243; css=&#8221;.vc_custom_1559125178706{padding-top: 0px !important;}&#8221;][vc_column_text]Cafe bar Volsonis nalazi se unutar ku\u0107e Perossi i poznat je kao vrijedna arheolo\u0161ka lokacija. Drevni zidovi iz 4. stolje\u0107a nove ere i drugi arheolo\u0161ki artefakti prona\u0111eni su tijekom iskopavanja u 21. st. Najzanimljiviji artefakt je Oltar Venere, posve\u0107en rimskoj bo\u017eici ljubavi. Ako se odlu\u010dite posjetiti Volsonis, mo\u017eete pro\u0161etati drevnim podzemnim hodnicima i vrtovima u kojima su prona\u0111eni brojni nadgrobni spomenici (zajedno sa spomenutim oltarom). Na jednom nadgrobnom spomeniku uklesano je ime Volson, koji je bio jedan od kr\u010dkih rimskih vladara, i po kome je dana\u0161nji&#8230;<\/p>\n","protected":false},"author":1,"featured_media":0,"parent":10607,"menu_order":0,"comment_status":"closed","ping_status":"closed","template":"","meta":[],"yoast_head":"<!-- This site is optimized with the Yoast SEO plugin v16.0.1 - https:\/\/yoast.com\/wordpress\/plugins\/seo\/ -->\n<title>Drevna nalazi\u0161ta i ostaci - Experience Krk<\/title>\n<link rel=\"canonical\" href=\"https:\/\/experiencekrk.com\/hr\/povijest-i-kultura\/drevna-nalazista-i-ostaci\/\" \/>\n<meta property=\"og:locale\" content=\"hr_HR\" \/>\n<meta property=\"og:type\" content=\"article\" \/>\n<meta property=\"og:title\" content=\"Drevna nalazi\u0161ta i ostaci - Experience Krk\" \/>\n<meta property=\"og:description\" content=\"[vc_row][vc_column][\/vc_column][\/vc_row][vc_row][vc_column width=&#8221;1\/2&#8243; css=&#8221;.vc_custom_1559125178706{padding-top: 0px !important;}&#8221;][vc_column_text]Cafe bar Volsonis nalazi se unutar ku\u0107e Perossi i poznat je kao vrijedna arheolo\u0161ka lokacija. Drevni zidovi iz 4. stolje\u0107a nove ere i drugi arheolo\u0161ki artefakti prona\u0111eni su tijekom iskopavanja u 21. st. Najzanimljiviji artefakt je Oltar Venere, posve\u0107en rimskoj bo\u017eici ljubavi. Ako se odlu\u010dite posjetiti Volsonis, mo\u017eete pro\u0161etati drevnim podzemnim hodnicima i vrtovima u kojima su prona\u0111eni brojni nadgrobni spomenici (zajedno sa spomenutim oltarom). Na jednom nadgrobnom spomeniku uklesano je ime Volson, koji je bio jedan od kr\u010dkih rimskih vladara, i po kome je dana\u0161nji...\" \/>\n<meta property=\"og:url\" content=\"https:\/\/experiencekrk.com\/hr\/povijest-i-kultura\/drevna-nalazista-i-ostaci\/\" \/>\n<meta property=\"og:site_name\" content=\"Experience Krk\" \/>\n<meta property=\"article:modified_time\" content=\"2020-05-19T11:11:58+00:00\" \/>\n<meta name=\"twitter:card\" content=\"summary_large_image\" \/>\n<meta name=\"twitter:label1\" content=\"Procijenjeno vrijeme \u010ditanja\">\n\t<meta name=\"twitter:data1\" content=\"4 minute\">\n<script type=\"application\/ld+json\" class=\"yoast-schema-graph\">{\"@context\":\"https:\/\/schema.org\",\"@graph\":[{\"@type\":\"WebSite\",\"@id\":\"https:\/\/experiencekrk.com\/#website\",\"url\":\"https:\/\/experiencekrk.com\/\",\"name\":\"Experience Krk\",\"description\":\"Cultural Tours, Food &amp; Wine and more\",\"potentialAction\":[{\"@type\":\"SearchAction\",\"target\":\"https:\/\/experiencekrk.com\/?s={search_term_string}\",\"query-input\":\"required name=search_term_string\"}],\"inLanguage\":\"hr\"},{\"@type\":\"WebPage\",\"@id\":\"https:\/\/experiencekrk.com\/hr\/povijest-i-kultura\/drevna-nalazista-i-ostaci\/#webpage\",\"url\":\"https:\/\/experiencekrk.com\/hr\/povijest-i-kultura\/drevna-nalazista-i-ostaci\/\",\"name\":\"Drevna nalazi\\u0161ta i ostaci - Experience Krk\",\"isPartOf\":{\"@id\":\"https:\/\/experiencekrk.com\/#website\"},\"datePublished\":\"2019-04-13T00:08:51+00:00\",\"dateModified\":\"2020-05-19T11:11:58+00:00\",\"breadcrumb\":{\"@id\":\"https:\/\/experiencekrk.com\/hr\/povijest-i-kultura\/drevna-nalazista-i-ostaci\/#breadcrumb\"},\"inLanguage\":\"hr\",\"potentialAction\":[{\"@type\":\"ReadAction\",\"target\":[\"https:\/\/experiencekrk.com\/hr\/povijest-i-kultura\/drevna-nalazista-i-ostaci\/\"]}]},{\"@type\":\"BreadcrumbList\",\"@id\":\"https:\/\/experiencekrk.com\/hr\/povijest-i-kultura\/drevna-nalazista-i-ostaci\/#breadcrumb\",\"itemListElement\":[{\"@type\":\"ListItem\",\"position\":1,\"item\":{\"@type\":\"WebPage\",\"@id\":\"https:\/\/experiencekrk.com\/hr\/\",\"url\":\"https:\/\/experiencekrk.com\/hr\/\",\"name\":\"Home\"}},{\"@type\":\"ListItem\",\"position\":2,\"item\":{\"@type\":\"WebPage\",\"@id\":\"https:\/\/experiencekrk.com\/hr\/povijest-i-kultura\/\",\"url\":\"https:\/\/experiencekrk.com\/hr\/povijest-i-kultura\/\",\"name\":\"Povijest i kultura\"}},{\"@type\":\"ListItem\",\"position\":3,\"item\":{\"@type\":\"WebPage\",\"@id\":\"https:\/\/experiencekrk.com\/hr\/povijest-i-kultura\/drevna-nalazista-i-ostaci\/\",\"url\":\"https:\/\/experiencekrk.com\/hr\/povijest-i-kultura\/drevna-nalazista-i-ostaci\/\",\"name\":\"Drevna nalazi\\u0161ta i ostaci\"}}]}]}<\/script>\n<!-- \/ Yoast SEO plugin. -->","_links":{"self":[{"href":"https:\/\/experiencekrk.com\/hr\/wp-json\/wp\/v2\/pages\/10631"}],"collection":[{"href":"https:\/\/experiencekrk.com\/hr\/wp-json\/wp\/v2\/pages"}],"about":[{"href":"https:\/\/experiencekrk.com\/hr\/wp-json\/wp\/v2\/types\/page"}],"author":[{"embeddable":true,"href":"https:\/\/experiencekrk.com\/hr\/wp-json\/wp\/v2\/users\/1"}],"replies":[{"embeddable":true,"href":"https:\/\/experiencekrk.com\/hr\/wp-json\/wp\/v2\/comments?post=10631"}],"version-history":[{"count":2,"href":"https:\/\/experiencekrk.com\/hr\/wp-json\/wp\/v2\/pages\/10631\/revisions"}],"predecessor-version":[{"id":10634,"href":"https:\/\/experiencekrk.com\/hr\/wp-json\/wp\/v2\/pages\/10631\/revisions\/10634"}],"up":[{"embeddable":true,"href":"https:\/\/experiencekrk.com\/hr\/wp-json\/wp\/v2\/pages\/10607"}],"wp:attachment":[{"href":"https:\/\/experiencekrk.com\/hr\/wp-json\/wp\/v2\/media?parent=10631"}],"curies":[{"name":"wp","href":"https:\/\/api.w.org\/{rel}","templated":true}]}}