{"id":10626,"date":"2019-04-15T17:17:34","date_gmt":"2019-04-15T17:17:34","guid":{"rendered":"https:\/\/experiencekrk.com\/history-and-culture\/frankopan-castle-and-heritage\/"},"modified":"2024-03-12T14:20:18","modified_gmt":"2024-03-12T14:20:18","slug":"frankopanski-dvorac-i-bastina","status":"publish","type":"page","link":"https:\/\/experiencekrk.com\/hr\/povijest-i-kultura\/frankopanski-dvorac-i-bastina\/","title":{"rendered":"Frankopanski dvorac i ba\u0161tina"},"content":{"rendered":"<p>[vc_row][vc_column]<div class=\"mkdf-section-title-holder\">\n\t<h1 class=\"mkdf-section-title mkdf-section-title-medium\" >\n\tFrankopanski dvorac<\/h1>\n<\/div>[\/vc_column][\/vc_row][vc_row][vc_column width=&#8221;1\/2&#8243; css=&#8221;.vc_custom_1559125178706{padding-top: 0px !important;}&#8221;][vc_column_text css=&#8221;.vc_custom_1710253194996{border-top-width: 0px !important;padding-top: 0px !important;}&#8221;]S trga Kamplin zakora\u010dite unutar Frankopanskog ka\u0161tela, izgra\u0111enog izme\u0111u 12. i 15. stolje\u0107a. Ovaj ka\u0161tel bio je rezidencija plemenite obitelji Frankopan, koja je imala ogroman utjecaj na hrvatsku povijest i korijene otoka Krka. Frankopanski ka\u0161tel ima vrlo dobro o\u010duvane zidine i tri kule koje su kori\u0161tene za obranu lokalnog stanovni\u0161tva.<\/p>\n<p>U Frankopanskom ka\u0161telu mo\u017eete vidjeti i Liburni Cippuses &#8211; specifi\u010dan oblik nadgrobnog spomenika koji se pojavio na podru\u010dju Liburnije u 3. stolje\u0107u nove ere. Da biste saznali vi\u0161e o povijesti ove gra\u0111evine i povijesti grada Krka, mo\u017eete se pridru\u017eiti organiziranim turama unutar ka\u0161tela.[\/vc_column_text][vc_column_text][\/vc_column_text][\/vc_column][vc_column width=&#8221;1\/2&#8243; css=&#8221;.vc_custom_1559125192021{border-top-width: 0px !important;padding-top: 10px !important;}&#8221;]<div class=\"mkdf-image-gallery\">\n\t<div class=\"mkdf-image-gallery-slider \" data-autoplay=\"5\" data-animation=\"slide\" data-navigation=\"yes\" data-pagination=\"yes\">\n\t\t\t\t\t\t\t\t\t<img src=\"https:\/\/experiencekrk.com\/wp-content\/uploads\/2019\/04\/City-of-Krk-Old-Town-Center-and-Frankopan-Castle-600x400.jpg\" alt=\"\" width=\"600\" height=\"400\" \/>\t\t\t\t\t\t\t\t\t\t\t\t\t<img src=\"https:\/\/experiencekrk.com\/wp-content\/uploads\/2019\/04\/City-of-Krk-historical-tour-home-image-600x400.jpg\" alt=\"the historical tours of Krk and its rich historical heritage from the ancient Europe times\" width=\"600\" height=\"400\" \/>\t\t\t\t\t\t\t\t\t\t\t\t\t<img src=\"https:\/\/experiencekrk.com\/wp-content\/uploads\/2019\/05\/TZKrk-city-walls-600x400.jpg\" alt=\"\" width=\"600\" height=\"400\" \/>\t\t\t\t\t\t\t\t\t\t\t\t\t<img src=\"https:\/\/experiencekrk.com\/wp-content\/uploads\/2019\/04\/City-of-Krk-Frankopan-castle-600x400.jpg\" alt=\"\" width=\"600\" height=\"400\" \/>\t\t\t\t\t\t\t\t\t\t\t\t\t<img src=\"https:\/\/experiencekrk.com\/wp-content\/uploads\/2019\/05\/City-of-Krk-frankopan-castle-cipus-600x400.jpg\" alt=\"\" width=\"600\" height=\"400\" \/>\t\t\t\t\t\t\t\t\t\t\t\t\t<img src=\"https:\/\/experiencekrk.com\/wp-content\/uploads\/2019\/05\/TZKrk-city-walls-view-from-the-sea-600x400.jpg\" alt=\"\" width=\"600\" height=\"400\" \/>\t\t\t\t\t\t\t<\/div>\n<\/div>[\/vc_column][\/vc_row][vc_row][vc_column][vc_empty_space][vc_row_inner][vc_column_inner width=&#8221;1\/4&#8243;][vc_column_text css=&#8221;.vc_custom_1710253123220{border-top-width: 0px !important;padding-top: 10px !important;}&#8221;]<strong>Kontakt i lokacija<br \/>\n<\/strong><\/p>\n<p>E-mail:<a href=\"mailto:info@kastel-krk.com\">info@kastel-krk.com<\/a><br \/>\nWeb: <a href=\"http:\/\/www.kastel-krk.com\" target=\"_blank\" rel=\"noopener noreferrer\">www.kastel-krk.com<\/a><br \/>\nAdresa: Trg Kamplin, 51500 Krk[\/vc_column_text][\/vc_column_inner][vc_column_inner width=&#8221;3\/4&#8243;][vc_raw_html]JTNDaWZyYW1lJTIwc3JjJTNEJTIyaHR0cHMlM0ElMkYlMkZ3d3cuZ29vZ2xlLmNvbSUyRm1hcHMlMkZlbWJlZCUzRnBiJTNEJTIxMW0xOCUyMTFtMTIlMjExbTMlMjExZDExMjc5Ljk2OTU2OTAxMzE5NiUyMTJkMTQuNTc3NDI0MTI2NzI5Nzg4JTIxM2Q0NS4wMjUwNzk5MTAzNTQwMTYlMjEybTMlMjExZjAlMjEyZjAlMjEzZjAlMjEzbTIlMjExaTEwMjQlMjEyaTc2OCUyMTRmMTMuMSUyMTNtMyUyMTFtMiUyMTFzMHg0NzYzNzIxMmZhNDg5M2VmJTI1M0EweDZjOTYyYWJjZDVmYjgxOGIlMjEyc0ZyYW5rb3BhbiUyQkNhc3RsZSUyMTVlMCUyMTNtMiUyMTFzZW4lMjEyc2hyJTIxNHYxNTU1MzQ5MDY5MzEzJTIxNW0yJTIxMXNlbiUyMTJzaHIlMjIlMjB3aWR0aCUzRCUyMjk4MCUyMiUyMGhlaWdodCUzRCUyMjM1MCUyMiUyMGZyYW1lYm9yZGVyJTNEJTIyMCUyMiUyMHN0eWxlJTNEJTIyYm9yZGVyJTNBMCUyMiUyMGFsbG93ZnVsbHNjcmVlbiUzRSUzQyUyRmlmcmFtZSUzRQ==[\/vc_raw_html][\/vc_column_inner][\/vc_row_inner][vc_empty_space]<div class=\"mkdf-separator-holder clearfix  mkdf-separator-center mkdf-separator-full-width\">\n\t<div class=\"mkdf-separator\" style=\"border-color: #ebebeb;border-style: solid;border-bottom-width: 1px;margin-top: 20px;margin-bottom: 45px\"><\/div>\n<\/div>\n[\/vc_column][\/vc_row][vc_row][vc_column width=&#8221;1\/2&#8243; css=&#8221;.vc_custom_1559123188863{padding-top: 15px !important;}&#8221;]<div class=\"mkdf-section-title-holder\">\n\t<h1 class=\"mkdf-section-title mkdf-section-title-medium\" >\n\tGradska vije\u0107nica<\/h1>\n<\/div>[vc_column_text css=&#8221;.vc_custom_1585413413401{border-top-width: 0px !important;padding-top: 0px !important;}&#8221;]Gradska vije\u0107nica nalazi se na ulazu u Staru gradsku jezgru. Ovu strukturu s kamenom kulom sagradili su lokalni stanovnici besplatno u 15. stolje\u0107u.<\/p>\n<p>Zid kule ima ugravirani amblem vojvode Augustina Barbaringa. Na zidovima ove kule je i popularni sat s 24 polja.[\/vc_column_text][vc_column_text][\/vc_column_text][\/vc_column][vc_column width=&#8221;1\/2&#8243; css=&#8221;.vc_custom_1559125093053{border-top-width: 0px !important;padding-top: 25px !important;}&#8221;]<div class=\"mkdf-image-gallery\">\n\t<div class=\"mkdf-image-gallery-slider \" data-autoplay=\"5\" data-animation=\"slide\" data-navigation=\"yes\" data-pagination=\"yes\">\n\t\t\t\t\t\t\t\t\t<img width=\"600\" height=\"400\" src=\"https:\/\/experiencekrk.com\/wp-content\/uploads\/2019\/05\/City-of-Krk-town-council-hall-and-clock.jpg\" class=\"attachment-full size-full\" alt=\"\" loading=\"lazy\" srcset=\"https:\/\/experiencekrk.com\/wp-content\/uploads\/2019\/05\/City-of-Krk-town-council-hall-and-clock.jpg 600w, https:\/\/experiencekrk.com\/wp-content\/uploads\/2019\/05\/City-of-Krk-town-council-hall-and-clock-300x200.jpg 300w\" sizes=\"(max-width: 600px) 100vw, 600px\" \/>\t\t\t\t\t\t\t\t\t\t\t\t\t<img width=\"600\" height=\"400\" src=\"https:\/\/experiencekrk.com\/wp-content\/uploads\/2019\/05\/City-of-Krk-clock-on-town-council-hall.jpg\" class=\"attachment-full size-full\" alt=\"\" loading=\"lazy\" srcset=\"https:\/\/experiencekrk.com\/wp-content\/uploads\/2019\/05\/City-of-Krk-clock-on-town-council-hall.jpg 600w, https:\/\/experiencekrk.com\/wp-content\/uploads\/2019\/05\/City-of-Krk-clock-on-town-council-hall-300x200.jpg 300w\" sizes=\"(max-width: 600px) 100vw, 600px\" \/>\t\t\t\t\t\t\t\t\t\t\t\t\t<img width=\"600\" height=\"400\" src=\"https:\/\/experiencekrk.com\/wp-content\/uploads\/2019\/05\/City-of-Krk-clock-detail.jpg\" class=\"attachment-full size-full\" alt=\"\" loading=\"lazy\" srcset=\"https:\/\/experiencekrk.com\/wp-content\/uploads\/2019\/05\/City-of-Krk-clock-detail.jpg 600w, https:\/\/experiencekrk.com\/wp-content\/uploads\/2019\/05\/City-of-Krk-clock-detail-300x200.jpg 300w\" sizes=\"(max-width: 600px) 100vw, 600px\" \/>\t\t\t\t\t\t\t\t\t\t\t\t\t<img width=\"600\" height=\"400\" src=\"https:\/\/experiencekrk.com\/wp-content\/uploads\/2019\/05\/City-of-Krk-tonw-council-tower.jpg\" class=\"attachment-full size-full\" alt=\"\" loading=\"lazy\" srcset=\"https:\/\/experiencekrk.com\/wp-content\/uploads\/2019\/05\/City-of-Krk-tonw-council-tower.jpg 600w, https:\/\/experiencekrk.com\/wp-content\/uploads\/2019\/05\/City-of-Krk-tonw-council-tower-300x200.jpg 300w\" sizes=\"(max-width: 600px) 100vw, 600px\" \/>\t\t\t\t\t\t\t<\/div>\n<\/div>[\/vc_column][\/vc_row][vc_row][vc_column][vc_empty_space height=&#8221;10px&#8221;][vc_column_text css=&#8221;.vc_custom_1559124664355{padding-bottom: 15px !important;}&#8221;]<\/p>\n<h5>Location<\/h5>\n<p>[\/vc_column_text][vc_raw_html]JTNDaWZyYW1lJTIwc3JjJTNEJTIyaHR0cHMlM0ElMkYlMkZ3d3cuZ29vZ2xlLmNvbSUyRm1hcHMlMkZlbWJlZCUzRnBiJTNEJTIxMW0xOCUyMTFtMTIlMjExbTMlMjExZDk5NzcuMDc5NDgxMzExMzY2JTIxMmQxNC41NzYyMTYzNzY4NDMxMzclMjEzZDQ1LjAyNDY5NTAxNzAwNTQ0JTIxMm0zJTIxMWYwJTIxMmYwJTIxM2YwJTIxM20yJTIxMWkxMDI0JTIxMmk3NjglMjE0ZjEzLjElMjEzbTMlMjExbTIlMjExczB4NDc2MzcyMGQ3YzlmNWI1NSUyNTNBMHgyNTUwMjEyYWI2ZDg0MzhhJTIxMnNTcXVhcmUlMkJUb3dlciUyMTVlMCUyMTNtMiUyMTFzZW4lMjEyc2hyJTIxNHYxNTU5MTI1MjQyMDQwJTIxNW0yJTIxMXNlbiUyMTJzaHIlMjIlMjB3aWR0aCUzRCUyMjk4MCUyMiUyMGhlaWdodCUzRCUyMjM1MCUyMiUyMGZyYW1lYm9yZGVyJTNEJTIyMCUyMiUyMHN0eWxlJTNEJTIyYm9yZGVyJTNBMCUyMiUyMGFsbG93ZnVsbHNjcmVlbiUzRSUzQyUyRmlmcmFtZSUzRQ==[\/vc_raw_html]<div class=\"mkdf-separator-holder clearfix  mkdf-separator-center mkdf-separator-full-width\">\n\t<div class=\"mkdf-separator\" style=\"border-color: #ebebeb;border-style: solid;border-bottom-width: 1px;margin-top: 20px;margin-bottom: 45px\"><\/div>\n<\/div>\n[\/vc_column][\/vc_row][vc_row][vc_column width=&#8221;1\/2&#8243; css=&#8221;.vc_custom_1559123188863{padding-top: 15px !important;}&#8221;]<div class=\"mkdf-section-title-holder\">\n\t<h1 class=\"mkdf-section-title mkdf-section-title-medium\" >\n\tKula na obali<\/h1>\n<\/div>[vc_column_text css=&#8221;.vc_custom_1585413468780{border-top-width: 0px !important;padding-top: 0px !important;}&#8221;]Kao dio gradske utvrde, knez Nikola Frankopan dao je 1470. godine izgraditi visoku \u0161esterokutnu kulu na jugozapadnom dijelu grada Krka. Danas je poznata pod nazivom kula na obali.<\/p>\n<p>Na zapadnoj povr\u0161ini zidne kule ugraviran je rimski nadgrobni spomenik s amblemom obitelji Frankopan i figurama bra\u010dnog para s drevnom stellom iznad njega.[\/vc_column_text][vc_column_text][\/vc_column_text][\/vc_column][vc_column width=&#8221;1\/2&#8243; css=&#8221;.vc_custom_1559124688182{border-top-width: 0px !important;padding-top: 15px !important;}&#8221;][vc_single_image image=&#8221;5610&#8243; img_size=&#8221;full&#8221;][\/vc_column][\/vc_row][vc_row][vc_column][vc_empty_space height=&#8221;10px&#8221;][vc_column_text css=&#8221;.vc_custom_1559124664355{padding-bottom: 15px !important;}&#8221;]<\/p>\n<h5>Location<\/h5>\n<p>[\/vc_column_text][vc_raw_html]JTNDaWZyYW1lJTIwc3JjJTNEJTIyaHR0cHMlM0ElMkYlMkZ3d3cuZ29vZ2xlLmNvbSUyRm1hcHMlMkZlbWJlZCUzRnBiJTNEJTIxMW0xOCUyMTFtMTIlMjExbTMlMjExZDgzMzEuMDU3MzgwODc0ODcyJTIxMmQxNC41NzE0NDA0OTE1OTI4NDklMjEzZDQ1LjAyNTgxMzg5NTcwOTc3NCUyMTJtMyUyMTFmMCUyMTJmMCUyMTNmMCUyMTNtMiUyMTFpMTAyNCUyMTJpNzY4JTIxNGYxMy4xJTIxM20zJTIxMW0yJTIxMXMweDQ3NjM3MzBmYjRjOTMzODUlMjUzQTB4YmRkNzU5YzM0NDE4NTk3YiUyMTJzS3VsYSUyQm5hJTJCb2JhbGklMjE1ZTAlMjEzbTIlMjExc2VuJTIxMnNociUyMTR2MTU1OTEyNDM4ODc3MCUyMTVtMiUyMTFzZW4lMjEyc2hyJTIyJTIwd2lkdGglM0QlMjI5ODAlMjIlMjBoZWlnaHQlM0QlMjIzNTAlMjIlMjBmcmFtZWJvcmRlciUzRCUyMjAlMjIlMjBzdHlsZSUzRCUyMmJvcmRlciUzQTAlMjIlMjBhbGxvd2Z1bGxzY3JlZW4lM0UlM0MlMkZpZnJhbWUlM0U=[\/vc_raw_html]<div class=\"mkdf-separator-holder clearfix  mkdf-separator-center mkdf-separator-full-width\">\n\t<div class=\"mkdf-separator\" style=\"border-color: #ebebeb;border-style: solid;border-bottom-width: 1px;margin-top: 20px;margin-bottom: 45px\"><\/div>\n<\/div>\n[\/vc_column][\/vc_row]<\/p>\n","protected":false},"excerpt":{"rendered":"<p>[vc_row][vc_column][\/vc_column][\/vc_row][vc_row][vc_column width=&#8221;1\/2&#8243; css=&#8221;.vc_custom_1559125178706{padding-top: 0px !important;}&#8221;][vc_column_text css=&#8221;.vc_custom_1710253194996{border-top-width: 0px !important;padding-top: 0px !important;}&#8221;]S trga Kamplin zakora\u010dite unutar Frankopanskog ka\u0161tela, izgra\u0111enog izme\u0111u 12. i 15. stolje\u0107a. Ovaj ka\u0161tel bio je rezidencija plemenite obitelji Frankopan, koja je imala ogroman utjecaj na hrvatsku povijest i korijene otoka Krka. Frankopanski ka\u0161tel ima vrlo dobro o\u010duvane zidine i tri kule koje su kori\u0161tene za obranu lokalnog stanovni\u0161tva. U Frankopanskom ka\u0161telu mo\u017eete vidjeti i Liburni Cippuses &#8211; specifi\u010dan oblik nadgrobnog spomenika koji se pojavio na podru\u010dju Liburnije u 3. stolje\u0107u nove ere. Da biste saznali vi\u0161e o povijesti ove&#8230;<\/p>\n","protected":false},"author":1,"featured_media":0,"parent":10607,"menu_order":0,"comment_status":"closed","ping_status":"closed","template":"","meta":[],"yoast_head":"<!-- This site is optimized with the Yoast SEO plugin v16.0.1 - https:\/\/yoast.com\/wordpress\/plugins\/seo\/ -->\n<title>Frankopanski dvorac i ba\u0161tina - Experience Krk<\/title>\n<link rel=\"canonical\" href=\"https:\/\/experiencekrk.com\/hr\/povijest-i-kultura\/frankopanski-dvorac-i-bastina\/\" \/>\n<meta property=\"og:locale\" content=\"hr_HR\" \/>\n<meta property=\"og:type\" content=\"article\" \/>\n<meta property=\"og:title\" content=\"Frankopanski dvorac i ba\u0161tina - Experience Krk\" \/>\n<meta property=\"og:description\" content=\"[vc_row][vc_column][\/vc_column][\/vc_row][vc_row][vc_column width=&#8221;1\/2&#8243; css=&#8221;.vc_custom_1559125178706{padding-top: 0px !important;}&#8221;][vc_column_text css=&#8221;.vc_custom_1710253194996{border-top-width: 0px !important;padding-top: 0px !important;}&#8221;]S trga Kamplin zakora\u010dite unutar Frankopanskog ka\u0161tela, izgra\u0111enog izme\u0111u 12. i 15. stolje\u0107a. Ovaj ka\u0161tel bio je rezidencija plemenite obitelji Frankopan, koja je imala ogroman utjecaj na hrvatsku povijest i korijene otoka Krka. Frankopanski ka\u0161tel ima vrlo dobro o\u010duvane zidine i tri kule koje su kori\u0161tene za obranu lokalnog stanovni\u0161tva. U Frankopanskom ka\u0161telu mo\u017eete vidjeti i Liburni Cippuses &#8211; specifi\u010dan oblik nadgrobnog spomenika koji se pojavio na podru\u010dju Liburnije u 3. stolje\u0107u nove ere. Da biste saznali vi\u0161e o povijesti ove...\" \/>\n<meta property=\"og:url\" content=\"https:\/\/experiencekrk.com\/hr\/povijest-i-kultura\/frankopanski-dvorac-i-bastina\/\" \/>\n<meta property=\"og:site_name\" content=\"Experience Krk\" \/>\n<meta property=\"article:modified_time\" content=\"2024-03-12T14:20:18+00:00\" \/>\n<meta name=\"twitter:card\" content=\"summary_large_image\" \/>\n<meta name=\"twitter:label1\" content=\"Procijenjeno vrijeme \u010ditanja\">\n\t<meta name=\"twitter:data1\" content=\"2 minute\">\n<script type=\"application\/ld+json\" class=\"yoast-schema-graph\">{\"@context\":\"https:\/\/schema.org\",\"@graph\":[{\"@type\":\"WebSite\",\"@id\":\"https:\/\/experiencekrk.com\/#website\",\"url\":\"https:\/\/experiencekrk.com\/\",\"name\":\"Experience Krk\",\"description\":\"Cultural Tours, Food &amp; Wine and more\",\"potentialAction\":[{\"@type\":\"SearchAction\",\"target\":\"https:\/\/experiencekrk.com\/?s={search_term_string}\",\"query-input\":\"required name=search_term_string\"}],\"inLanguage\":\"hr\"},{\"@type\":\"WebPage\",\"@id\":\"https:\/\/experiencekrk.com\/hr\/povijest-i-kultura\/frankopanski-dvorac-i-bastina\/#webpage\",\"url\":\"https:\/\/experiencekrk.com\/hr\/povijest-i-kultura\/frankopanski-dvorac-i-bastina\/\",\"name\":\"Frankopanski dvorac i ba\\u0161tina - Experience Krk\",\"isPartOf\":{\"@id\":\"https:\/\/experiencekrk.com\/#website\"},\"datePublished\":\"2019-04-15T17:17:34+00:00\",\"dateModified\":\"2024-03-12T14:20:18+00:00\",\"breadcrumb\":{\"@id\":\"https:\/\/experiencekrk.com\/hr\/povijest-i-kultura\/frankopanski-dvorac-i-bastina\/#breadcrumb\"},\"inLanguage\":\"hr\",\"potentialAction\":[{\"@type\":\"ReadAction\",\"target\":[\"https:\/\/experiencekrk.com\/hr\/povijest-i-kultura\/frankopanski-dvorac-i-bastina\/\"]}]},{\"@type\":\"BreadcrumbList\",\"@id\":\"https:\/\/experiencekrk.com\/hr\/povijest-i-kultura\/frankopanski-dvorac-i-bastina\/#breadcrumb\",\"itemListElement\":[{\"@type\":\"ListItem\",\"position\":1,\"item\":{\"@type\":\"WebPage\",\"@id\":\"https:\/\/experiencekrk.com\/hr\/\",\"url\":\"https:\/\/experiencekrk.com\/hr\/\",\"name\":\"Home\"}},{\"@type\":\"ListItem\",\"position\":2,\"item\":{\"@type\":\"WebPage\",\"@id\":\"https:\/\/experiencekrk.com\/hr\/povijest-i-kultura\/\",\"url\":\"https:\/\/experiencekrk.com\/hr\/povijest-i-kultura\/\",\"name\":\"Povijest i kultura\"}},{\"@type\":\"ListItem\",\"position\":3,\"item\":{\"@type\":\"WebPage\",\"@id\":\"https:\/\/experiencekrk.com\/hr\/povijest-i-kultura\/frankopanski-dvorac-i-bastina\/\",\"url\":\"https:\/\/experiencekrk.com\/hr\/povijest-i-kultura\/frankopanski-dvorac-i-bastina\/\",\"name\":\"Frankopanski dvorac i ba\\u0161tina\"}}]}]}<\/script>\n<!-- \/ Yoast SEO plugin. -->","_links":{"self":[{"href":"https:\/\/experiencekrk.com\/hr\/wp-json\/wp\/v2\/pages\/10626"}],"collection":[{"href":"https:\/\/experiencekrk.com\/hr\/wp-json\/wp\/v2\/pages"}],"about":[{"href":"https:\/\/experiencekrk.com\/hr\/wp-json\/wp\/v2\/types\/page"}],"author":[{"embeddable":true,"href":"https:\/\/experiencekrk.com\/hr\/wp-json\/wp\/v2\/users\/1"}],"replies":[{"embeddable":true,"href":"https:\/\/experiencekrk.com\/hr\/wp-json\/wp\/v2\/comments?post=10626"}],"version-history":[{"count":4,"href":"https:\/\/experiencekrk.com\/hr\/wp-json\/wp\/v2\/pages\/10626\/revisions"}],"predecessor-version":[{"id":33347,"href":"https:\/\/experiencekrk.com\/hr\/wp-json\/wp\/v2\/pages\/10626\/revisions\/33347"}],"up":[{"embeddable":true,"href":"https:\/\/experiencekrk.com\/hr\/wp-json\/wp\/v2\/pages\/10607"}],"wp:attachment":[{"href":"https:\/\/experiencekrk.com\/hr\/wp-json\/wp\/v2\/media?parent=10626"}],"curies":[{"name":"wp","href":"https:\/\/api.w.org\/{rel}","templated":true}]}}