{"id":10485,"date":"2019-07-26T12:31:35","date_gmt":"2019-07-26T12:31:35","guid":{"rendered":"https:\/\/experiencekrk.com\/booking-form\/"},"modified":"2020-03-27T15:15:52","modified_gmt":"2020-03-27T15:15:52","slug":"rezervacijska-forma","status":"publish","type":"page","link":"https:\/\/experiencekrk.com\/hr\/rezervacijska-forma\/","title":{"rendered":"Rezervacijska forma"},"content":{"rendered":"<p>[vc_row][vc_column]<div class=\"mkdf-section-title-holder\">\n\t<h1 class=\"mkdf-section-title mkdf-section-title-small\" style=\"text-align: center\">\n\tRezervirajte smje\u0161taj<\/h1>\n<\/div>[\/vc_column][\/vc_row][vc_row el_class=&#8221;custom-booking-form-row&#8221;][vc_column width=&#8221;1\/6&#8243;][\/vc_column][vc_column width=&#8221;2\/3&#8243;][vc_column_text]Ispunite obrazac za rezervaciju i poslat \u0107emo vam preporuke za smje\u0161taj koji najbolje odgovara va\u0161im potrebama.[\/vc_column_text][vc_column_text]<\/p>\n<p style=\"text-align: center;\"><div role=\"form\" class=\"wpcf7\" id=\"wpcf7-f6132-o1\" lang=\"en-US\" dir=\"ltr\">\n<div class=\"screen-reader-response\"><p role=\"status\" aria-live=\"polite\" aria-atomic=\"true\"><\/p> <ul><\/ul><\/div>\n<form action=\"\/hr\/wp-json\/wp\/v2\/pages\/10485#wpcf7-f6132-o1\" method=\"post\" class=\"wpcf7-form init\" novalidate=\"novalidate\" data-status=\"init\">\n<div style=\"display: none;\">\n<input type=\"hidden\" name=\"_wpcf7\" value=\"6132\" \/>\n<input type=\"hidden\" name=\"_wpcf7_version\" value=\"5.4\" \/>\n<input type=\"hidden\" name=\"_wpcf7_locale\" value=\"en_US\" \/>\n<input type=\"hidden\" name=\"_wpcf7_unit_tag\" value=\"wpcf7-f6132-o1\" \/>\n<input type=\"hidden\" name=\"_wpcf7_container_post\" value=\"0\" \/>\n<input type=\"hidden\" name=\"_wpcf7_posted_data_hash\" value=\"\" \/>\n<\/div>\n<div class=\"custom-booking-form-main\">\n<label> Name  and surname *<br \/>\n    <span class=\"wpcf7-form-control-wrap text-801\"><input type=\"text\" name=\"text-801\" value=\"\" size=\"40\" class=\"wpcf7-form-control wpcf7-text wpcf7-validates-as-required\" aria-required=\"true\" aria-invalid=\"false\" \/><\/span> <\/label><br \/>\n<label> Your Email *<br \/>\n    <span class=\"wpcf7-form-control-wrap your-email\"><input type=\"email\" name=\"your-email\" value=\"\" size=\"40\" class=\"wpcf7-form-control wpcf7-text wpcf7-email wpcf7-validates-as-required wpcf7-validates-as-email\" aria-required=\"true\" aria-invalid=\"false\" \/><\/span> <\/label><br \/>\n<label> Check in *<br \/>\n    <span class=\"wpcf7-form-control-wrap dt1\"><input type=\"text\" name=\"dt1\" value=\"\" size=\"40\" class=\"wpcf7-form-control wpcf7-text wpcf7-validates-as-required dp-field\" aria-required=\"true\" aria-invalid=\"false\" \/><\/span> <\/label><\/p>\n<div class=\"half-col\">\n<label> Number of nights *<br \/>\n    <span class=\"wpcf7-form-control-wrap number-658\"><input type=\"number\" name=\"number-658\" value=\"\" class=\"wpcf7-form-control wpcf7-number wpcf7-validates-as-number\" aria-invalid=\"false\" \/><\/span> <\/label><br \/>\n<label> Number of guests *<br \/>\n    <span class=\"wpcf7-form-control-wrap number-370\"><input type=\"number\" name=\"number-370\" value=\"\" class=\"wpcf7-form-control wpcf7-number wpcf7-validates-as-number\" aria-invalid=\"false\" \/><\/span> <\/label>\n<\/div>\n<p><label> Choose accommodation type *<br \/>\n     <span class=\"wpcf7-form-control-wrap menu-108\"><select name=\"menu-108\" class=\"wpcf7-form-control wpcf7-select wpcf7-validates-as-required\" aria-required=\"true\" aria-invalid=\"false\"><option value=\"Hotel\">Hotel<\/option><option value=\"Camp\">Camp<\/option><option value=\"Private accommodation\">Private accommodation<\/option><\/select><\/span><\/label><br \/>\n<br><br \/>\n<input type=\"submit\" value=\"Book now\" class=\"wpcf7-form-control wpcf7-submit\" \/>\n<\/div>\n<div class=\"wpcf7-response-output\" aria-hidden=\"true\"><\/div><\/form><\/div>\n<p>[\/vc_column_text][\/vc_column][vc_column width=&#8221;1\/6&#8243;][\/vc_column][\/vc_row][vc_row][vc_column][vc_empty_space][\/vc_column][\/vc_row]<\/p>\n","protected":false},"excerpt":{"rendered":"<p>[vc_row][vc_column][\/vc_column][\/vc_row][vc_row el_class=&#8221;custom-booking-form-row&#8221;][vc_column width=&#8221;1\/6&#8243;][\/vc_column][vc_column width=&#8221;2\/3&#8243;][vc_column_text]Ispunite obrazac za rezervaciju i poslat \u0107emo vam preporuke za smje\u0161taj koji najbolje odgovara va\u0161im potrebama.[\/vc_column_text][vc_column_text] [\/vc_column_text][\/vc_column][vc_column width=&#8221;1\/6&#8243;][\/vc_column][\/vc_row][vc_row][vc_column][vc_empty_space][\/vc_column][\/vc_row]<\/p>\n","protected":false},"author":1,"featured_media":0,"parent":0,"menu_order":0,"comment_status":"closed","ping_status":"closed","template":"","meta":[],"yoast_head":"<!-- This site is optimized with the Yoast SEO plugin v16.0.1 - https:\/\/yoast.com\/wordpress\/plugins\/seo\/ -->\n<title>Rezervacijska forma - Experience Krk<\/title>\n<link rel=\"canonical\" href=\"https:\/\/experiencekrk.com\/hr\/rezervacijska-forma\/\" \/>\n<meta property=\"og:locale\" content=\"hr_HR\" \/>\n<meta property=\"og:type\" content=\"article\" \/>\n<meta property=\"og:title\" content=\"Rezervacijska forma - Experience Krk\" \/>\n<meta property=\"og:description\" content=\"[vc_row][vc_column][\/vc_column][\/vc_row][vc_row el_class=&#8221;custom-booking-form-row&#8221;][vc_column width=&#8221;1\/6&#8243;][\/vc_column][vc_column width=&#8221;2\/3&#8243;][vc_column_text]Ispunite obrazac za rezervaciju i poslat \u0107emo vam preporuke za smje\u0161taj koji najbolje odgovara va\u0161im potrebama.[\/vc_column_text][vc_column_text] [\/vc_column_text][\/vc_column][vc_column width=&#8221;1\/6&#8243;][\/vc_column][\/vc_row][vc_row][vc_column][vc_empty_space][\/vc_column][\/vc_row]\" \/>\n<meta property=\"og:url\" content=\"https:\/\/experiencekrk.com\/hr\/rezervacijska-forma\/\" \/>\n<meta property=\"og:site_name\" content=\"Experience Krk\" \/>\n<meta property=\"article:modified_time\" content=\"2020-03-27T15:15:52+00:00\" \/>\n<meta name=\"twitter:card\" content=\"summary_large_image\" \/>\n<script type=\"application\/ld+json\" class=\"yoast-schema-graph\">{\"@context\":\"https:\/\/schema.org\",\"@graph\":[{\"@type\":\"WebSite\",\"@id\":\"https:\/\/experiencekrk.com\/#website\",\"url\":\"https:\/\/experiencekrk.com\/\",\"name\":\"Experience Krk\",\"description\":\"Cultural Tours, Food &amp; Wine and more\",\"potentialAction\":[{\"@type\":\"SearchAction\",\"target\":\"https:\/\/experiencekrk.com\/?s={search_term_string}\",\"query-input\":\"required name=search_term_string\"}],\"inLanguage\":\"hr\"},{\"@type\":\"WebPage\",\"@id\":\"https:\/\/experiencekrk.com\/hr\/rezervacijska-forma\/#webpage\",\"url\":\"https:\/\/experiencekrk.com\/hr\/rezervacijska-forma\/\",\"name\":\"Rezervacijska forma - Experience Krk\",\"isPartOf\":{\"@id\":\"https:\/\/experiencekrk.com\/#website\"},\"datePublished\":\"2019-07-26T12:31:35+00:00\",\"dateModified\":\"2020-03-27T15:15:52+00:00\",\"breadcrumb\":{\"@id\":\"https:\/\/experiencekrk.com\/hr\/rezervacijska-forma\/#breadcrumb\"},\"inLanguage\":\"hr\",\"potentialAction\":[{\"@type\":\"ReadAction\",\"target\":[\"https:\/\/experiencekrk.com\/hr\/rezervacijska-forma\/\"]}]},{\"@type\":\"BreadcrumbList\",\"@id\":\"https:\/\/experiencekrk.com\/hr\/rezervacijska-forma\/#breadcrumb\",\"itemListElement\":[{\"@type\":\"ListItem\",\"position\":1,\"item\":{\"@type\":\"WebPage\",\"@id\":\"https:\/\/experiencekrk.com\/hr\/\",\"url\":\"https:\/\/experiencekrk.com\/hr\/\",\"name\":\"Home\"}},{\"@type\":\"ListItem\",\"position\":2,\"item\":{\"@type\":\"WebPage\",\"@id\":\"https:\/\/experiencekrk.com\/hr\/rezervacijska-forma\/\",\"url\":\"https:\/\/experiencekrk.com\/hr\/rezervacijska-forma\/\",\"name\":\"Rezervacijska forma\"}}]}]}<\/script>\n<!-- \/ Yoast SEO plugin. -->","_links":{"self":[{"href":"https:\/\/experiencekrk.com\/hr\/wp-json\/wp\/v2\/pages\/10485"}],"collection":[{"href":"https:\/\/experiencekrk.com\/hr\/wp-json\/wp\/v2\/pages"}],"about":[{"href":"https:\/\/experiencekrk.com\/hr\/wp-json\/wp\/v2\/types\/page"}],"author":[{"embeddable":true,"href":"https:\/\/experiencekrk.com\/hr\/wp-json\/wp\/v2\/users\/1"}],"replies":[{"embeddable":true,"href":"https:\/\/experiencekrk.com\/hr\/wp-json\/wp\/v2\/comments?post=10485"}],"version-history":[{"count":2,"href":"https:\/\/experiencekrk.com\/hr\/wp-json\/wp\/v2\/pages\/10485\/revisions"}],"predecessor-version":[{"id":10492,"href":"https:\/\/experiencekrk.com\/hr\/wp-json\/wp\/v2\/pages\/10485\/revisions\/10492"}],"wp:attachment":[{"href":"https:\/\/experiencekrk.com\/hr\/wp-json\/wp\/v2\/media?parent=10485"}],"curies":[{"name":"wp","href":"https:\/\/api.w.org\/{rel}","templated":true}]}}