{"id":8676,"date":"2019-04-16T09:41:40","date_gmt":"2019-04-16T09:41:40","guid":{"rendered":"https:\/\/experiencekrk.com\/weekend-getaway\/"},"modified":"2020-01-29T10:58:58","modified_gmt":"2020-01-29T10:58:58","slug":"wochenend-ausflug","status":"publish","type":"page","link":"https:\/\/experiencekrk.com\/de\/wochenend-ausflug\/","title":{"rendered":"Wochenend-Ausflug"},"content":{"rendered":"<p>[vc_row][vc_column]<div class=\"mkdf-section-title-holder\">\n\t<h1 class=\"mkdf-section-title mkdf-section-title-medium\" >\n\tWochenend-Ausflug<\/h1>\n<\/div>[vc_column_text]<span style=\"font-weight: 400;\">Suchen Sie eine kurze Pause vom Alltagsstress? Besuchen Sie die friedliche Insel Krk und die gleichnamige Stadt. Sie hat ein mildes mediterranes Klima, das sich perfekt f\u00fcr einen sonnigen Wochenendaufenthalt eignet. Au\u00dferdem liegt sie an der Kvarner-Bucht und ist durch die N\u00e4he zu den Hauptverkehrsstra\u00dfen gut mit dem Festland verbunden.<\/span><\/p>\n<p><span style=\"font-weight: 400;\">Warum also nicht dem stressigen Alltag entfliehen und sich mit einem Wellness- und Spa-Wochenende in einem der besten Hotels auf der Insel Krk verw\u00f6hnen lassen? Sie k\u00f6nnen die authentische lokale K\u00fcche auf der Basis von hausgemachten K\u00f6stlichkeiten (lokale Pasta \u0161urlice, Peka &#8211; ein gebackenes Gericht mit Fleisch und Gem\u00fcse&#8230;) und den lokalen Wein (\u017dlahtina) probieren. Es ist der perfekte Ort, um sich zu entspannen und sich zu erholen.<\/span>[\/vc_column_text][\/vc_column][\/vc_row][vc_row][vc_column][vc_empty_space height=&#8221;40px&#8221;]<div class=\"mkdf-separator-holder clearfix  mkdf-separator-center mkdf-separator-full-width\">\n\t<div class=\"mkdf-separator\" style=\"border-color: #ebebeb;border-style: solid;border-bottom-width: 1px;margin-top: 20px;margin-bottom: 45px\"><\/div>\n<\/div>\n<div class=\"mkdf-section-title-holder\">\n\t<h1 class=\"mkdf-section-title mkdf-section-title-medium\" style=\"color: #870337\">\n\tBuchen Sie jetzt Ihre Unterkunft<\/h1>\n<\/div>[vc_row_inner][vc_column_inner width=&#8221;1\/2&#8243;][vc_single_image image=&#8221;6171&#8243; img_size=&#8221;full&#8221; onclick=&#8221;custom_link&#8221; link=&#8221;https:\/\/experiencekrk.com\/accomodation\/valamar-koralj-hotel-3\/&#8221;][vc_column_text]<\/p>\n<h5 style=\"text-align: left;\"><a href=\"https:\/\/experiencekrk.com\/de\/unterkunfte\/valamar-koralj-hotel-3\/\">Valamar Koralj Hotel 3*<\/a><\/h5>\n<p>[\/vc_column_text][\/vc_column_inner][vc_column_inner width=&#8221;1\/2&#8243;][vc_single_image image=&#8221;6152&#8243; img_size=&#8221;full&#8221; onclick=&#8221;custom_link&#8221; link=&#8221;https:\/\/experiencekrk.com\/accomodation\/krk-premium-camping-resort\/&#8221;][vc_column_text]<\/p>\n<h5 style=\"text-align: left;\"><a href=\"https:\/\/experiencekrk.com\/de\/unterkunfte\/krk-premium-camping-resort\/\">Krk Premium Camping Resort<\/a><\/h5>\n<p>[\/vc_column_text][\/vc_column_inner][\/vc_row_inner][\/vc_column][\/vc_row][vc_row][vc_column][vc_empty_space height=&#8221;40px&#8221;]<div class=\"mkdf-separator-holder clearfix  mkdf-separator-center mkdf-separator-full-width\">\n\t<div class=\"mkdf-separator\" style=\"border-color: #ebebeb;border-style: solid;border-bottom-width: 1px;margin-top: 20px;margin-bottom: 45px\"><\/div>\n<\/div>\n<div class=\"mkdf-section-title-holder\">\n\t<h1 class=\"mkdf-section-title mkdf-section-title-medium\" >\n\tEmpfohlene Touren<\/h1>\n<\/div><div class=\"mkdf-tours-list-holder mkdf-tours-gallery-with-hover\">\n\t\t\t\t\t\t<div class=\"mkdf-tours-list-pagination-data\">\n\t\t\t\t<input type=\"hidden\" name=\"order_by\" value=\"menu_order\">\n\t\t\t\t<input type=\"hidden\" name=\"order\" value=\"ASC\">\n\t\t\t\t<input type=\"hidden\" name=\"tour_category\" value=\"weekend-getaway\">\n\t\t\t\t<input type=\"hidden\" name=\"number\" value=\"2\">\n\t\t\t\t<input type=\"hidden\" name=\"thumb_size\" value=\"voyage_landscape\">\n\t\t\t\t<input type=\"hidden\" name=\"next_page\" value=\"2\">\n\t\t\t\t<input type=\"hidden\" name=\"tour_type\" value=\"standard\">\n\t\t\t\t<input type=\"hidden\" name=\"image_size\" value=\"landscape\">\n\t\t\t\t<input type=\"hidden\" name=\"text_length\" value=\"90\">\n\t\t\t<\/div>\n\t\t\n\t\t\n\t\t<div class=\"mkdf-tours-list-holder-inner mkdf-two-items\">\n\n\t\t\t\t\n\t<div class=\"mkdf-tour-list-item-inner post-8771 tour-item type-tour-item status-publish has-post-thumbnail hentry tour-category-essen-wein-touren tour-category-wochenend-ausflug\">\n\t\t<div class=\"mkdf-tours-standard-item post-8771 tour-item type-tour-item status-publish has-post-thumbnail hentry tour-category-essen-wein-touren tour-category-wochenend-ausflug\">\n\t\t\t<div class=\"mkdf-tours-standard-item-image-holder\">\n\t\t\t<a href=\"https:\/\/experiencekrk.com\/de\/tour-item\/olivenoel-verkostung\/\">\n\t\t\t\t<img width=\"600\" height=\"400\" src=\"https:\/\/experiencekrk.com\/wp-content\/uploads\/2019\/04\/Experience-Krk-Olive-oil-tasting-.jpg\" class=\"attachment-voyage_landscape size-voyage_landscape wp-post-image\" alt=\"\" loading=\"lazy\" srcset=\"https:\/\/experiencekrk.com\/wp-content\/uploads\/2019\/04\/Experience-Krk-Olive-oil-tasting-.jpg 600w, https:\/\/experiencekrk.com\/wp-content\/uploads\/2019\/04\/Experience-Krk-Olive-oil-tasting--300x200.jpg 300w\" sizes=\"(max-width: 600px) 100vw, 600px\" \/>\n\t\t\t\t\t\t\t\t\t<span class=\"mkdf-tours-standard-item-label-holder\">\n\t\t\t\t\t\t\n\t\t<span class=\"mkdf-tour-item-label\">\n\t\t\t<span class=\"mkdf-tour-item-label-inner\">\n\t\t\t\t\t\t\t<\/span>\n\t\t<\/span>\n\n\t\t\t\t\t\t\t<\/span>\n\t\t\t\t\t\t\t<\/a>\n\t\t<\/div>\n\t\n\t<div class=\"mkdf-tours-standard-item-content-holder\">\n\t\t<div class=\"mkdf-tours-standard-item-title-price-holder\">\n\t\t\t<h5 class=\"mkdf-tour-title\" >\n\t\t\t\t<a href=\"https:\/\/experiencekrk.com\/de\/tour-item\/olivenoel-verkostung\/\">Oliven\u00f6l Verkostung<\/a>\n\n\t\t\t\t<span class=\"mkdf-tours-standard-item-price-holder\">\n\t\t\t\t\t\n\t\t<span class=\"mkdf-tours-price-holder\">\n\t\t\t\t\t\t\t<span class=\"mkdf-tours-item-price\">$1<\/span>\n\t\t\t\t\t\t\t\t<\/span>\n\n\t\t\t\t\t\t<\/span>\n\n\t\t\t<\/h5>\n\t\t<\/div>\n\n\t\t<div class=\"mkdf-tours-standard-item-rating\">\n\t\t\t\n\t\t\n\t\t\t\t<\/div>\n\n\t\t\t\t\t<div class=\"mkdf-tours-standard-item-excerpt\">\n\t\t\t\t[vc_row][vc_column][vc_column_text]Die Insel Krk ist f\u00fcr seine Produktion von Oliven\u00f6l bekannt. Erkunden Sie die Themenwege entlang der Goldenen Tropfen des Krker Schatzes. Erfahren Sie mehr \u00fcber die Herstellung dieser Delikatesse und besuchen Sie das Nono House of Olive Oil. Sie bieten eine Oliven\u00f6lverkostung an, bei der Sie verschiedene Geschmacksrichtungen ausprobieren k\u00f6nnen. Und am Ende der Verkostungstour k\u00f6nnen Sie diese Produkte in ihrem Gesch\u00e4ft kaufen. Jedes Jahr von Oktober bis zum 12. Dezember findet die traditionelle Olivenernte auf der Insel statt. Jede Olive wird von Hand gepfl\u00fcckt und w\u00e4hrend der Ernte gibt...\t\t\t<\/div>\n\t\t\n\t\t<div class=\"mkdf-tours-standard-item-bottom-content\">\n\t\t\t\t\t\t\t<div class=\"mkdf-tours-standard-item-bottom-item\">\n\t\t\t\t\t\n\t\t\n\t\t\t<div class=\"mkdf-tour-duration-holder\">\n\t\t\t    <span class=\"mkdf-tour-duration-icon mkdf-tour-info-icon\">\n\t\t\t\t\t<span class=\"lnr lnr-undo\"><\/span>\n\t\t\t    <\/span>\n\t\t\t\t<span class=\"mkdf-tour-info-label\">\n\t\t\t\t\t1\t\t\t\t<\/span>\n\t\t\t<\/div>\n\n\t\t\n\t\t\t\t\t\t<\/div>\n\t\t\t\n\t\t\t\t\t\t\t<div class=\"mkdf-tours-standard-item-bottom-item\">\n\t\t\t\t\t\n\t\t\n\t\t\t<div class=\"mkdf-tour-min-age-holder\">\n\t\t\t    <span class=\"mkdf-tour-min-age-icon mkdf-tour-info-icon\">\n\t\t\t\t    <span class=\"lnr lnr-user\"><\/span>\n\t\t\t    <\/span>\n\n\t\t\t\t<span class=\"mkdf-tour-info-label\">\n\t\t\t\t\t1+\n\t\t\t\t\t\t\t\t\t<\/span>\n\t\t\t<\/div>\n\n\t\t\n\t\t\t\t\t\t<\/div>\n\t\t\t\t\t<\/div>\n\t<\/div>\n<\/div>\t<\/div>\n\t\n\t<div class=\"mkdf-tour-list-item-inner post-8741 tour-item type-tour-item status-publish has-post-thumbnail hentry tour-category-romantischer-ausflug tour-category-wochenend-ausflug\">\n\t\t<div class=\"mkdf-tours-standard-item post-8741 tour-item type-tour-item status-publish has-post-thumbnail hentry tour-category-romantischer-ausflug tour-category-wochenend-ausflug\">\n\t\t\t<div class=\"mkdf-tours-standard-item-image-holder\">\n\t\t\t<a href=\"https:\/\/experiencekrk.com\/de\/tour-item\/wellness-wochenende\/\">\n\t\t\t\t<img width=\"600\" height=\"400\" src=\"https:\/\/experiencekrk.com\/wp-content\/uploads\/2018\/07\/valamar-koralj-romantic-hotel-jacuzzi_2.jpg\" class=\"attachment-voyage_landscape size-voyage_landscape wp-post-image\" alt=\"\" loading=\"lazy\" srcset=\"https:\/\/experiencekrk.com\/wp-content\/uploads\/2018\/07\/valamar-koralj-romantic-hotel-jacuzzi_2.jpg 600w, https:\/\/experiencekrk.com\/wp-content\/uploads\/2018\/07\/valamar-koralj-romantic-hotel-jacuzzi_2-300x200.jpg 300w\" sizes=\"(max-width: 600px) 100vw, 600px\" \/>\n\t\t\t\t\t\t\t\t\t<span class=\"mkdf-tours-standard-item-label-holder\">\n\t\t\t\t\t\t\n\t\t<span class=\"mkdf-tour-item-label\">\n\t\t\t<span class=\"mkdf-tour-item-label-inner\">\n\t\t\t\t\t\t\t<\/span>\n\t\t<\/span>\n\n\t\t\t\t\t\t\t<\/span>\n\t\t\t\t\t\t\t<\/a>\n\t\t<\/div>\n\t\n\t<div class=\"mkdf-tours-standard-item-content-holder\">\n\t\t<div class=\"mkdf-tours-standard-item-title-price-holder\">\n\t\t\t<h5 class=\"mkdf-tour-title\" >\n\t\t\t\t<a href=\"https:\/\/experiencekrk.com\/de\/tour-item\/wellness-wochenende\/\">Wellness Wochenende<\/a>\n\n\t\t\t\t<span class=\"mkdf-tours-standard-item-price-holder\">\n\t\t\t\t\t\n\t\t<span class=\"mkdf-tours-price-holder\">\n\t\t\t\t\t\t\t<span class=\"mkdf-tours-item-price\">$1<\/span>\n\t\t\t\t\t\t\t\t<\/span>\n\n\t\t\t\t\t\t<\/span>\n\n\t\t\t<\/h5>\n\t\t<\/div>\n\n\t\t<div class=\"mkdf-tours-standard-item-rating\">\n\t\t\t\n\t\t\n\t\t\t\t<\/div>\n\n\t\t\t\t\t<div class=\"mkdf-tours-standard-item-excerpt\">\n\t\t\t\t[vc_row][vc_column][vc_column_text]Hatten Sie eine anstrengende Woche und brauchen Sie einfach nur eine kurze Pause mit Ihrem Lebensgef\u00e4hrten? Dann packen Sie Ihre Koffer und lassen Sie sich vom Wellness- und Spa-Angebot der Stadt Krk verw\u00f6hnen. Das Spa-Zentrum im Krk Premium Camping Resort ist der ideale Ort, um sich zu entspannen und sich mit einer finnischen und Bio-Sauna, Gesichts- und K\u00f6rperbehandlungen und Massagen wie Aroma-, Hot Stone- und Anti-Stress-Massagen zu verw\u00f6hnen. Nach einer wohlverdienten Massage machen Sie einen Spaziergang in die Altstadt von Krk, genie\u00dfen Sie den spektakul\u00e4ren Sonnenuntergang am Strand und erkunden...\t\t\t<\/div>\n\t\t\n\t\t<div class=\"mkdf-tours-standard-item-bottom-content\">\n\t\t\t\t\t\t\t<div class=\"mkdf-tours-standard-item-bottom-item\">\n\t\t\t\t\t\n\t\t\n\t\t\t<div class=\"mkdf-tour-duration-holder\">\n\t\t\t    <span class=\"mkdf-tour-duration-icon mkdf-tour-info-icon\">\n\t\t\t\t\t<span class=\"lnr lnr-undo\"><\/span>\n\t\t\t    <\/span>\n\t\t\t\t<span class=\"mkdf-tour-info-label\">\n\t\t\t\t\t1\t\t\t\t<\/span>\n\t\t\t<\/div>\n\n\t\t\n\t\t\t\t\t\t<\/div>\n\t\t\t\n\t\t\t\t\t\t\t<div class=\"mkdf-tours-standard-item-bottom-item\">\n\t\t\t\t\t\n\t\t\n\t\t\t<div class=\"mkdf-tour-min-age-holder\">\n\t\t\t    <span class=\"mkdf-tour-min-age-icon mkdf-tour-info-icon\">\n\t\t\t\t    <span class=\"lnr lnr-user\"><\/span>\n\t\t\t    <\/span>\n\n\t\t\t\t<span class=\"mkdf-tour-info-label\">\n\t\t\t\t\t1+\n\t\t\t\t\t\t\t\t\t<\/span>\n\t\t\t<\/div>\n\n\t\t\n\t\t\t\t\t\t<\/div>\n\t\t\t\t\t<\/div>\n\t<\/div>\n<\/div>\t<\/div>\n\n\t\t\t<div class=\"mkdf-tours-list-grid-sizer\"><\/div>\n\t\t<\/div>\n\n\t\t\n\n\t\t<\/div>[\/vc_column][\/vc_row]<\/p>\n","protected":false},"excerpt":{"rendered":"<p>[vc_row][vc_column][vc_column_text]Suchen Sie eine kurze Pause vom Alltagsstress? Besuchen Sie die friedliche Insel Krk und die gleichnamige Stadt. Sie hat ein mildes mediterranes Klima, das sich perfekt f\u00fcr einen sonnigen Wochenendaufenthalt eignet. Au\u00dferdem liegt sie an der Kvarner-Bucht und ist durch die N\u00e4he zu den Hauptverkehrsstra\u00dfen gut mit dem Festland verbunden. Warum also nicht dem stressigen Alltag entfliehen und sich mit einem Wellness- und Spa-Wochenende in einem der besten Hotels auf der Insel Krk verw\u00f6hnen lassen? Sie k\u00f6nnen die authentische lokale K\u00fcche auf der Basis von hausgemachten K\u00f6stlichkeiten (lokale Pasta \u0161urlice,&#8230;<\/p>\n","protected":false},"author":1,"featured_media":0,"parent":0,"menu_order":0,"comment_status":"closed","ping_status":"closed","template":"","meta":[],"yoast_head":"<!-- This site is optimized with the Yoast SEO plugin v16.0.1 - https:\/\/yoast.com\/wordpress\/plugins\/seo\/ -->\n<title>Wochenend-Ausflug - Experience Krk<\/title>\n<link rel=\"canonical\" href=\"https:\/\/experiencekrk.com\/de\/wochenend-ausflug\/\" \/>\n<meta property=\"og:locale\" content=\"de_DE\" \/>\n<meta property=\"og:type\" content=\"article\" \/>\n<meta property=\"og:title\" content=\"Wochenend-Ausflug - Experience Krk\" \/>\n<meta property=\"og:description\" content=\"[vc_row][vc_column][vc_column_text]Suchen Sie eine kurze Pause vom Alltagsstress? Besuchen Sie die friedliche Insel Krk und die gleichnamige Stadt. Sie hat ein mildes mediterranes Klima, das sich perfekt f\u00fcr einen sonnigen Wochenendaufenthalt eignet. Au\u00dferdem liegt sie an der Kvarner-Bucht und ist durch die N\u00e4he zu den Hauptverkehrsstra\u00dfen gut mit dem Festland verbunden. Warum also nicht dem stressigen Alltag entfliehen und sich mit einem Wellness- und Spa-Wochenende in einem der besten Hotels auf der Insel Krk verw\u00f6hnen lassen? Sie k\u00f6nnen die authentische lokale K\u00fcche auf der Basis von hausgemachten K\u00f6stlichkeiten (lokale Pasta \u0161urlice,...\" \/>\n<meta property=\"og:url\" content=\"https:\/\/experiencekrk.com\/de\/wochenend-ausflug\/\" \/>\n<meta property=\"og:site_name\" content=\"Experience Krk\" \/>\n<meta property=\"article:modified_time\" content=\"2020-01-29T10:58:58+00:00\" \/>\n<meta name=\"twitter:card\" content=\"summary_large_image\" \/>\n<meta name=\"twitter:label1\" content=\"Gesch\u00e4tzte Lesezeit\">\n\t<meta name=\"twitter:data1\" content=\"2\u00a0Minuten\">\n<script type=\"application\/ld+json\" class=\"yoast-schema-graph\">{\"@context\":\"https:\/\/schema.org\",\"@graph\":[{\"@type\":\"WebSite\",\"@id\":\"https:\/\/experiencekrk.com\/#website\",\"url\":\"https:\/\/experiencekrk.com\/\",\"name\":\"Experience Krk\",\"description\":\"Cultural Tours, Food &amp; Wine and more\",\"potentialAction\":[{\"@type\":\"SearchAction\",\"target\":\"https:\/\/experiencekrk.com\/?s={search_term_string}\",\"query-input\":\"required name=search_term_string\"}],\"inLanguage\":\"de\"},{\"@type\":\"WebPage\",\"@id\":\"https:\/\/experiencekrk.com\/de\/wochenend-ausflug\/#webpage\",\"url\":\"https:\/\/experiencekrk.com\/de\/wochenend-ausflug\/\",\"name\":\"Wochenend-Ausflug - Experience Krk\",\"isPartOf\":{\"@id\":\"https:\/\/experiencekrk.com\/#website\"},\"datePublished\":\"2019-04-16T09:41:40+00:00\",\"dateModified\":\"2020-01-29T10:58:58+00:00\",\"breadcrumb\":{\"@id\":\"https:\/\/experiencekrk.com\/de\/wochenend-ausflug\/#breadcrumb\"},\"inLanguage\":\"de\",\"potentialAction\":[{\"@type\":\"ReadAction\",\"target\":[\"https:\/\/experiencekrk.com\/de\/wochenend-ausflug\/\"]}]},{\"@type\":\"BreadcrumbList\",\"@id\":\"https:\/\/experiencekrk.com\/de\/wochenend-ausflug\/#breadcrumb\",\"itemListElement\":[{\"@type\":\"ListItem\",\"position\":1,\"item\":{\"@type\":\"WebPage\",\"@id\":\"https:\/\/experiencekrk.com\/de\/\",\"url\":\"https:\/\/experiencekrk.com\/de\/\",\"name\":\"Home\"}},{\"@type\":\"ListItem\",\"position\":2,\"item\":{\"@type\":\"WebPage\",\"@id\":\"https:\/\/experiencekrk.com\/de\/wochenend-ausflug\/\",\"url\":\"https:\/\/experiencekrk.com\/de\/wochenend-ausflug\/\",\"name\":\"Wochenend-Ausflug\"}}]}]}<\/script>\n<!-- \/ Yoast SEO plugin. -->","_links":{"self":[{"href":"https:\/\/experiencekrk.com\/de\/wp-json\/wp\/v2\/pages\/8676"}],"collection":[{"href":"https:\/\/experiencekrk.com\/de\/wp-json\/wp\/v2\/pages"}],"about":[{"href":"https:\/\/experiencekrk.com\/de\/wp-json\/wp\/v2\/types\/page"}],"author":[{"embeddable":true,"href":"https:\/\/experiencekrk.com\/de\/wp-json\/wp\/v2\/users\/1"}],"replies":[{"embeddable":true,"href":"https:\/\/experiencekrk.com\/de\/wp-json\/wp\/v2\/comments?post=8676"}],"version-history":[{"count":2,"href":"https:\/\/experiencekrk.com\/de\/wp-json\/wp\/v2\/pages\/8676\/revisions"}],"predecessor-version":[{"id":8678,"href":"https:\/\/experiencekrk.com\/de\/wp-json\/wp\/v2\/pages\/8676\/revisions\/8678"}],"wp:attachment":[{"href":"https:\/\/experiencekrk.com\/de\/wp-json\/wp\/v2\/media?parent=8676"}],"curies":[{"name":"wp","href":"https:\/\/api.w.org\/{rel}","templated":true}]}}