{"id":8662,"date":"2019-07-31T00:41:42","date_gmt":"2019-07-31T00:41:42","guid":{"rendered":"https:\/\/experiencekrk.com\/sun-sea\/"},"modified":"2024-03-10T21:36:17","modified_gmt":"2024-03-10T21:36:17","slug":"sonne-meer","status":"publish","type":"page","link":"https:\/\/experiencekrk.com\/de\/sonne-meer\/","title":{"rendered":"Sonne &#038; Meer"},"content":{"rendered":"<p>[vc_row][vc_column]<div class=\"mkdf-section-title-holder\">\n\t<h1 class=\"mkdf-section-title mkdf-section-title-medium\" >\n\tStadt Krk - Ihr Sommerreiseziel<\/h1>\n<\/div>[vc_row_inner][vc_column_inner width=&#8221;1\/2&#8243;][vc_column_text]<span style=\"font-weight: 400;\">T\u00fcrkisfarbenes sauberes Meer und felsige Str\u00e4nde machen die Stadt Krk zu Ihrem idealen Sommerurlaubsziel. Bei einem Spaziergang entlang der K\u00fcste, in der N\u00e4he der Altstadt von Krk, werden Sie auf mehrere Untiefen- oder Felsstr\u00e4nde der Stadt mit landschaftlich gestalteten Liegepl\u00e4tzen sto\u00dfen. Die Stadtstr\u00e4nde von Krk haben im Laufe der Jahre sechs Blaue Flaggen gewonnen, ein Symbol f\u00fcr die hohe Qualit\u00e4t des Meerwassers und die damit verbundenen Annehmlichkeiten wie Sanit\u00e4ranlagen, Gastfreundschaft, Erholung\u2026<\/span><\/p>\n<p><span style=\"font-weight: 400;\">Wandern Sie entlang der K\u00fcste und finden Sie Ihre versteckte seichte Bucht an diesen felsigen Str\u00e4nden im Schatten der Kiefern und genie\u00dfen Sie den Sommerurlaub. Schwimmen und schnorcheln Sie, mieten Sie ein Tretboot, und vieles mehr.<\/span>[\/vc_column_text][\/vc_column_inner][vc_column_inner width=&#8221;1\/2&#8243;]<div class=\"mkdf-image-gallery\">\n\t<div class=\"mkdf-image-gallery-slider \" data-autoplay=\"5\" data-animation=\"slide\" data-navigation=\"yes\" data-pagination=\"yes\">\n\t\t\t\t\t\t<a href=\"https:\/\/experiencekrk.com\/wp-content\/uploads\/2016\/04\/City-of-Krk-beach-Drazice.jpg\" data-rel=\"prettyPhoto[single_pretty_photo]\" title=\"City of Krk &#8211; beach Drazice\">\n\t\t\t\t\t\t\t\t\t\t<img width=\"600\" height=\"400\" src=\"https:\/\/experiencekrk.com\/wp-content\/uploads\/2016\/04\/City-of-Krk-beach-Drazice.jpg\" class=\"attachment-full size-full\" alt=\"\" loading=\"lazy\" srcset=\"https:\/\/experiencekrk.com\/wp-content\/uploads\/2016\/04\/City-of-Krk-beach-Drazice.jpg 600w, https:\/\/experiencekrk.com\/wp-content\/uploads\/2016\/04\/City-of-Krk-beach-Drazice-300x200.jpg 300w\" sizes=\"(max-width: 600px) 100vw, 600px\" \/>\t\t\t\t\t\t\t\t\t\t<\/a>\n\t\t\t\t\t\t\t<a href=\"https:\/\/experiencekrk.com\/wp-content\/uploads\/2019\/06\/City-of-Krk-beach-Drazice-and-water-trampolin.jpg\" data-rel=\"prettyPhoto[single_pretty_photo]\" title=\"City of Krk &#8211; beach Drazice and water trampolin\">\n\t\t\t\t\t\t\t\t\t\t<img width=\"600\" height=\"400\" src=\"https:\/\/experiencekrk.com\/wp-content\/uploads\/2019\/06\/City-of-Krk-beach-Drazice-and-water-trampolin.jpg\" class=\"attachment-full size-full\" alt=\"\" loading=\"lazy\" srcset=\"https:\/\/experiencekrk.com\/wp-content\/uploads\/2019\/06\/City-of-Krk-beach-Drazice-and-water-trampolin.jpg 600w, https:\/\/experiencekrk.com\/wp-content\/uploads\/2019\/06\/City-of-Krk-beach-Drazice-and-water-trampolin-300x200.jpg 300w\" sizes=\"(max-width: 600px) 100vw, 600px\" \/>\t\t\t\t\t\t\t\t\t\t<\/a>\n\t\t\t\t\t\t\t<a href=\"https:\/\/experiencekrk.com\/wp-content\/uploads\/2019\/04\/City-of-Krk-Beach-Drazica-and-water-trampolin.jpg\" data-rel=\"prettyPhoto[single_pretty_photo]\" title=\"City of Krk &#8211; Beach Drazica and water trampolin\">\n\t\t\t\t\t\t\t\t\t\t<img width=\"600\" height=\"400\" src=\"https:\/\/experiencekrk.com\/wp-content\/uploads\/2019\/04\/City-of-Krk-Beach-Drazica-and-water-trampolin.jpg\" class=\"attachment-full size-full\" alt=\"\" loading=\"lazy\" srcset=\"https:\/\/experiencekrk.com\/wp-content\/uploads\/2019\/04\/City-of-Krk-Beach-Drazica-and-water-trampolin.jpg 600w, https:\/\/experiencekrk.com\/wp-content\/uploads\/2019\/04\/City-of-Krk-Beach-Drazica-and-water-trampolin-300x200.jpg 300w\" sizes=\"(max-width: 600px) 100vw, 600px\" \/>\t\t\t\t\t\t\t\t\t\t<\/a>\n\t\t\t\t\t\t\t<a href=\"https:\/\/experiencekrk.com\/wp-content\/uploads\/2019\/06\/City-of-Krk-bay-at-beach-Drazice.jpg\" data-rel=\"prettyPhoto[single_pretty_photo]\" title=\"City of Krk &#8211; bay at beach Drazice\">\n\t\t\t\t\t\t\t\t\t\t<img width=\"600\" height=\"400\" src=\"https:\/\/experiencekrk.com\/wp-content\/uploads\/2019\/06\/City-of-Krk-bay-at-beach-Drazice.jpg\" class=\"attachment-full size-full\" alt=\"\" loading=\"lazy\" srcset=\"https:\/\/experiencekrk.com\/wp-content\/uploads\/2019\/06\/City-of-Krk-bay-at-beach-Drazice.jpg 600w, https:\/\/experiencekrk.com\/wp-content\/uploads\/2019\/06\/City-of-Krk-bay-at-beach-Drazice-300x200.jpg 300w\" sizes=\"(max-width: 600px) 100vw, 600px\" \/>\t\t\t\t\t\t\t\t\t\t<\/a>\n\t\t\t\t\t\t\t<a href=\"https:\/\/experiencekrk.com\/wp-content\/uploads\/2019\/04\/City-of-Krk-beach-Portapisana-1.jpg\" data-rel=\"prettyPhoto[single_pretty_photo]\" title=\"City of Krk &#8211; beach Portapisana\">\n\t\t\t\t\t\t\t\t\t\t<img width=\"600\" height=\"400\" src=\"https:\/\/experiencekrk.com\/wp-content\/uploads\/2019\/04\/City-of-Krk-beach-Portapisana-1.jpg\" class=\"attachment-full size-full\" alt=\"\" loading=\"lazy\" srcset=\"https:\/\/experiencekrk.com\/wp-content\/uploads\/2019\/04\/City-of-Krk-beach-Portapisana-1.jpg 600w, https:\/\/experiencekrk.com\/wp-content\/uploads\/2019\/04\/City-of-Krk-beach-Portapisana-1-300x200.jpg 300w\" sizes=\"(max-width: 600px) 100vw, 600px\" \/>\t\t\t\t\t\t\t\t\t\t<\/a>\n\t\t\t\t\t\t\t<a href=\"https:\/\/experiencekrk.com\/wp-content\/uploads\/2019\/06\/City-of-Krk-people-at-the-beach.jpg\" data-rel=\"prettyPhoto[single_pretty_photo]\" title=\"City of Krk &#8211; people at the beach\">\n\t\t\t\t\t\t\t\t\t\t<img width=\"600\" height=\"400\" src=\"https:\/\/experiencekrk.com\/wp-content\/uploads\/2019\/06\/City-of-Krk-people-at-the-beach.jpg\" class=\"attachment-full size-full\" alt=\"\" loading=\"lazy\" srcset=\"https:\/\/experiencekrk.com\/wp-content\/uploads\/2019\/06\/City-of-Krk-people-at-the-beach.jpg 600w, https:\/\/experiencekrk.com\/wp-content\/uploads\/2019\/06\/City-of-Krk-people-at-the-beach-300x200.jpg 300w\" sizes=\"(max-width: 600px) 100vw, 600px\" \/>\t\t\t\t\t\t\t\t\t\t<\/a>\n\t\t\t\t\t\t\t<a href=\"https:\/\/experiencekrk.com\/wp-content\/uploads\/2016\/04\/City-of-Krk-beach-Porporela-and-sea-paddling.jpg\" data-rel=\"prettyPhoto[single_pretty_photo]\" title=\"City of Krk &#8211; beach Porporela and sea paddling\">\n\t\t\t\t\t\t\t\t\t\t<img width=\"600\" height=\"400\" src=\"https:\/\/experiencekrk.com\/wp-content\/uploads\/2016\/04\/City-of-Krk-beach-Porporela-and-sea-paddling.jpg\" class=\"attachment-full size-full\" alt=\"\" loading=\"lazy\" srcset=\"https:\/\/experiencekrk.com\/wp-content\/uploads\/2016\/04\/City-of-Krk-beach-Porporela-and-sea-paddling.jpg 600w, https:\/\/experiencekrk.com\/wp-content\/uploads\/2016\/04\/City-of-Krk-beach-Porporela-and-sea-paddling-300x200.jpg 300w\" sizes=\"(max-width: 600px) 100vw, 600px\" \/>\t\t\t\t\t\t\t\t\t\t<\/a>\n\t\t\t\t\t\t\t<a href=\"https:\/\/experiencekrk.com\/wp-content\/uploads\/2016\/04\/City-of-Krk-beach-Porporela-and-city-center-in-the-back.jpg\" data-rel=\"prettyPhoto[single_pretty_photo]\" title=\"City of Krk &#8211; beach Porporela and city center in the back\">\n\t\t\t\t\t\t\t\t\t\t<img width=\"600\" height=\"400\" src=\"https:\/\/experiencekrk.com\/wp-content\/uploads\/2016\/04\/City-of-Krk-beach-Porporela-and-city-center-in-the-back.jpg\" class=\"attachment-full size-full\" alt=\"\" loading=\"lazy\" srcset=\"https:\/\/experiencekrk.com\/wp-content\/uploads\/2016\/04\/City-of-Krk-beach-Porporela-and-city-center-in-the-back.jpg 600w, https:\/\/experiencekrk.com\/wp-content\/uploads\/2016\/04\/City-of-Krk-beach-Porporela-and-city-center-in-the-back-300x200.jpg 300w\" sizes=\"(max-width: 600px) 100vw, 600px\" \/>\t\t\t\t\t\t\t\t\t\t<\/a>\n\t\t\t\t<\/div>\n<\/div>[\/vc_column_inner][\/vc_row_inner][vc_empty_space][vc_row_inner][vc_column_inner][vc_raw_html]JTNDaWZyYW1lJTIwc3JjJTNEJTIyaHR0cHMlM0ElMkYlMkZ3d3cuZ29vZ2xlLmNvbSUyRm1hcHMlMkZkJTJGdSUyRjAlMkZlbWJlZCUzRm1pZCUzRDFRTXBLZE40ejdQaHFNWVA4YVhpVVJhclZrM1JkZWQzOSUyMiUyMHdpZHRoJTNEJTIyOTgwJTIyJTIwaGVpZ2h0JTNEJTIyMzIwJTIyJTNFJTNDJTJGaWZyYW1lJTNF[\/vc_raw_html][\/vc_column_inner][\/vc_row_inner][\/vc_column][\/vc_row][vc_row][vc_column][vc_empty_space]<div class=\"mkdf-separator-holder clearfix  mkdf-separator-center mkdf-separator-full-width\">\n\t<div class=\"mkdf-separator\" style=\"border-color: #ebebeb;border-style: solid;border-bottom-width: 1px;margin-top: 20px;margin-bottom: 45px\"><\/div>\n<\/div>\n<div class=\"mkdf-section-title-holder\">\n\t<h1 class=\"mkdf-section-title mkdf-section-title-small\" >\n\tNicht verpassen...<\/h1>\n<\/div>[vc_row_inner][vc_column_inner width=&#8221;1\/3&#8243;][vc_single_image image=&#8221;5563&#8243; img_size=&#8221;full&#8221; alignment=&#8221;center&#8221; style=&#8221;vc_box_rounded&#8221; onclick=&#8221;custom_link&#8221; link=&#8221;https:\/\/experiencekrk.com\/de\/familienurlaub\/zip-line-krk\/&#8221;][vc_column_text el_class=&#8221;custom-tour-text&#8221;]<\/p>\n<p style=\"text-align: center;\"><a href=\"https:\/\/experiencekrk.com\/de\/familienurlaub\/zip-line-krk\/\"><span style=\"color: #870337;\"><strong>Zip Line Krk<\/strong><\/span><\/a><\/p>\n<p>[\/vc_column_text][\/vc_column_inner][vc_column_inner width=&#8221;1\/3&#8243;][vc_single_image image=&#8221;4710&#8243; img_size=&#8221;full&#8221; alignment=&#8221;center&#8221; style=&#8221;vc_box_rounded&#8221; onclick=&#8221;custom_link&#8221; link=&#8221;https:\/\/experiencekrk.com\/de\/abenteuerreisen\/wakeboard-cable-krk\/&#8221;][vc_column_text el_class=&#8221;custom-tour-text&#8221;]<\/p>\n<p style=\"text-align: center;\"><span style=\"color: #870337;\"><strong><a href=\"https:\/\/experiencekrk.com\/de\/abenteuerreisen\/wakeboard-cable-krk\/\">Wakeboard Cable Krk<\/a><br \/>\n<\/strong><\/span><\/p>\n<p>[\/vc_column_text][\/vc_column_inner][vc_column_inner width=&#8221;1\/3&#8243;][vc_single_image image=&#8221;4647&#8243; img_size=&#8221;full&#8221; alignment=&#8221;center&#8221; style=&#8221;vc_box_rounded&#8221; onclick=&#8221;custom_link&#8221; link=&#8221;https:\/\/experiencekrk.com\/de\/abenteuerreisen\/tauchzentren\/&#8221;][vc_column_text el_class=&#8221;custom-tour-text&#8221; css=&#8221;.vc_custom_1580294233659{border-right-width: 0px !important;border-left-width: 0px !important;background-position: center !important;background-repeat: no-repeat !important;background-size: contain !important;}&#8221;]<\/p>\n<p style=\"text-align: center;\"><span style=\"color: #870337;\"><strong><a href=\"https:\/\/experiencekrk.com\/de\/abenteuerreisen\/tauchzentren\/\"><span style=\"font-weight: 400;\"><strong>Tauchzentren<\/strong><\/span><\/a><br \/>\n<\/strong><\/span><\/p>\n<p>[\/vc_column_text][\/vc_column_inner][\/vc_row_inner][vc_empty_space height=&#8221;20px&#8221;][\/vc_column][\/vc_row][vc_row][vc_column]<div class=\"mkdf-separator-holder clearfix  mkdf-separator-center mkdf-separator-full-width\">\n\t<div class=\"mkdf-separator\" style=\"border-color: #ebebeb;border-style: solid;border-bottom-width: 1px;margin-top: 20px;margin-bottom: 45px\"><\/div>\n<\/div>\n<div class=\"mkdf-section-title-holder\">\n\t<h1 class=\"mkdf-section-title mkdf-section-title-medium\" >\n\tEmpfohlene Touren<\/h1>\n<\/div><div class=\"mkdf-tours-list-holder mkdf-tours-gallery-with-hover\">\n\t\t\t\t\t\t<div class=\"mkdf-tours-list-pagination-data\">\n\t\t\t\t<input type=\"hidden\" name=\"order_by\" value=\"menu_order\">\n\t\t\t\t<input type=\"hidden\" name=\"order\" value=\"ASC\">\n\t\t\t\t<input type=\"hidden\" name=\"tour_category\" value=\"summer-vacation\">\n\t\t\t\t<input type=\"hidden\" name=\"number\" value=\"2\">\n\t\t\t\t<input type=\"hidden\" name=\"thumb_size\" value=\"voyage_landscape\">\n\t\t\t\t<input type=\"hidden\" name=\"next_page\" value=\"2\">\n\t\t\t\t<input type=\"hidden\" name=\"tour_type\" value=\"standard\">\n\t\t\t\t<input type=\"hidden\" name=\"image_size\" value=\"landscape\">\n\t\t\t\t<input type=\"hidden\" name=\"text_length\" value=\"90\">\n\t\t\t<\/div>\n\t\t\n\t\t\n\t\t<div class=\"mkdf-tours-list-holder-inner mkdf-two-items\">\n\n\t\t\t\t\n\t<div class=\"mkdf-tour-list-item-inner post-8774 tour-item type-tour-item status-publish has-post-thumbnail hentry tour-category-familienurlaub tour-category-sommerurlaub review-criteria-overall-de review-criteria-transport-de\">\n\t\t<div class=\"mkdf-tours-standard-item post-8774 tour-item type-tour-item status-publish has-post-thumbnail hentry tour-category-familienurlaub tour-category-sommerurlaub review-criteria-overall-de review-criteria-transport-de\">\n\t\t\t<div class=\"mkdf-tours-standard-item-image-holder\">\n\t\t\t<a href=\"https:\/\/experiencekrk.com\/de\/tour-item\/familien-sommerurlaub\/\">\n\t\t\t\t<img width=\"600\" height=\"400\" src=\"https:\/\/experiencekrk.com\/wp-content\/uploads\/2019\/05\/City-of-Krk-zip-line-Krk-kids.jpg\" class=\"attachment-voyage_landscape size-voyage_landscape wp-post-image\" alt=\"\" loading=\"lazy\" srcset=\"https:\/\/experiencekrk.com\/wp-content\/uploads\/2019\/05\/City-of-Krk-zip-line-Krk-kids.jpg 600w, https:\/\/experiencekrk.com\/wp-content\/uploads\/2019\/05\/City-of-Krk-zip-line-Krk-kids-300x200.jpg 300w\" sizes=\"(max-width: 600px) 100vw, 600px\" \/>\n\t\t\t\t\t\t\t\t\t<span class=\"mkdf-tours-standard-item-label-holder\">\n\t\t\t\t\t\t\n\t\t<span class=\"mkdf-tour-item-label mkdf-tour-item-label-skin2\">\n\t\t\t<span class=\"mkdf-tour-item-label-inner\">\n\t\t\t\t\t\t\t<\/span>\n\t\t<\/span>\n\n\t\t\t\t\t\t\t<\/span>\n\t\t\t\t\t\t\t<\/a>\n\t\t<\/div>\n\t\n\t<div class=\"mkdf-tours-standard-item-content-holder\">\n\t\t<div class=\"mkdf-tours-standard-item-title-price-holder\">\n\t\t\t<h5 class=\"mkdf-tour-title\" >\n\t\t\t\t<a href=\"https:\/\/experiencekrk.com\/de\/tour-item\/familien-sommerurlaub\/\">Familien-Sommerurlaub<\/a>\n\n\t\t\t\t<span class=\"mkdf-tours-standard-item-price-holder\">\n\t\t\t\t\t\n\t\t<span class=\"mkdf-tours-price-holder\">\n\t\t\t\t\t\t\t<span class=\"mkdf-tours-item-price\">$1<\/span>\n\t\t\t\t\t\t\t\t<\/span>\n\n\t\t\t\t\t\t<\/span>\n\n\t\t\t<\/h5>\n\t\t<\/div>\n\n\t\t<div class=\"mkdf-tours-standard-item-rating\">\n\t\t\t\n\t\t\n\t\t\t\t<\/div>\n\n\t\t\t\t\t<div class=\"mkdf-tours-standard-item-excerpt\">\n\t\t\t\t[vc_row][vc_column][vc_column_text]W\u00e4hrend der Sommermonate wird die Stadt sch\u00f6n und hei\u00df, ist aber von sch\u00f6nen Str\u00e4nden und einer erfrischenden Meeresbrise umgeben, die Sie genie\u00dfen k\u00f6nnen. Buchen Sie Ihren Aufenthalt in einigen der besten Hotels, die die Stadt zu bieten hat, viele davon speziell f\u00fcr Kinder, so dass sie organisierte Aktivit\u00e4tsprogramme wie Schwimmunterricht, Tanzvorf\u00fchrungen und Zaubershows genie\u00dfen k\u00f6nnen. Nehmen Sie an der Schatzjagd-Boottour teil und lernen Sie mehr \u00fcber die lokale Legende oder erkunden Sie die Unterwasserwelt von der komfortablen U-Boot-Kabine der Krker Semi-U-Boote aus. Nach diesen Unterwasseraktivit\u00e4ten k\u00f6nnen Sie einen der sch\u00f6nen...\t\t\t<\/div>\n\t\t\n\t\t<div class=\"mkdf-tours-standard-item-bottom-content\">\n\t\t\t\t\t\t\t<div class=\"mkdf-tours-standard-item-bottom-item\">\n\t\t\t\t\t\n\t\t\n\t\t\t<div class=\"mkdf-tour-duration-holder\">\n\t\t\t    <span class=\"mkdf-tour-duration-icon mkdf-tour-info-icon\">\n\t\t\t\t\t<span class=\"lnr lnr-undo\"><\/span>\n\t\t\t    <\/span>\n\t\t\t\t<span class=\"mkdf-tour-info-label\">\n\t\t\t\t\t1\t\t\t\t<\/span>\n\t\t\t<\/div>\n\n\t\t\n\t\t\t\t\t\t<\/div>\n\t\t\t\n\t\t\t\t\t\t\t<div class=\"mkdf-tours-standard-item-bottom-item\">\n\t\t\t\t\t\n\t\t\n\t\t\t<div class=\"mkdf-tour-min-age-holder\">\n\t\t\t    <span class=\"mkdf-tour-min-age-icon mkdf-tour-info-icon\">\n\t\t\t\t    <span class=\"lnr lnr-user\"><\/span>\n\t\t\t    <\/span>\n\n\t\t\t\t<span class=\"mkdf-tour-info-label\">\n\t\t\t\t\t1+\n\t\t\t\t\t\t\t\t\t<\/span>\n\t\t\t<\/div>\n\n\t\t\n\t\t\t\t\t\t<\/div>\n\t\t\t\t\t<\/div>\n\t<\/div>\n<\/div>\t<\/div>\n\t\n\t<div class=\"mkdf-tour-list-item-inner post-8754 tour-item type-tour-item status-publish has-post-thumbnail hentry tour-category-sommerurlaub\">\n\t\t<div class=\"mkdf-tours-standard-item post-8754 tour-item type-tour-item status-publish has-post-thumbnail hentry tour-category-sommerurlaub\">\n\t\t\t<div class=\"mkdf-tours-standard-item-image-holder\">\n\t\t\t<a href=\"https:\/\/experiencekrk.com\/de\/tour-item\/sommerferien\/\">\n\t\t\t\t<img width=\"600\" height=\"400\" src=\"https:\/\/experiencekrk.com\/wp-content\/uploads\/2019\/04\/City-of-Krk-beach-Portapisana-1.jpg\" class=\"attachment-voyage_landscape size-voyage_landscape wp-post-image\" alt=\"\" loading=\"lazy\" srcset=\"https:\/\/experiencekrk.com\/wp-content\/uploads\/2019\/04\/City-of-Krk-beach-Portapisana-1.jpg 600w, https:\/\/experiencekrk.com\/wp-content\/uploads\/2019\/04\/City-of-Krk-beach-Portapisana-1-300x200.jpg 300w\" sizes=\"(max-width: 600px) 100vw, 600px\" \/>\n\t\t\t\t\t\t\t\t\t<span class=\"mkdf-tours-standard-item-label-holder\">\n\t\t\t\t\t\t\n\t\t<span class=\"mkdf-tour-item-label\">\n\t\t\t<span class=\"mkdf-tour-item-label-inner\">\n\t\t\t\t\t\t\t<\/span>\n\t\t<\/span>\n\n\t\t\t\t\t\t\t<\/span>\n\t\t\t\t\t\t\t<\/a>\n\t\t<\/div>\n\t\n\t<div class=\"mkdf-tours-standard-item-content-holder\">\n\t\t<div class=\"mkdf-tours-standard-item-title-price-holder\">\n\t\t\t<h5 class=\"mkdf-tour-title\" >\n\t\t\t\t<a href=\"https:\/\/experiencekrk.com\/de\/tour-item\/sommerferien\/\">Sommerferien<\/a>\n\n\t\t\t\t<span class=\"mkdf-tours-standard-item-price-holder\">\n\t\t\t\t\t\n\t\t<span class=\"mkdf-tours-price-holder\">\n\t\t\t\t\t\t\t<span class=\"mkdf-tours-item-price\">$1<\/span>\n\t\t\t\t\t\t\t\t<\/span>\n\n\t\t\t\t\t\t<\/span>\n\n\t\t\t<\/h5>\n\t\t<\/div>\n\n\t\t<div class=\"mkdf-tours-standard-item-rating\">\n\t\t\t\n\t\t\n\t\t\t\t<\/div>\n\n\t\t\t\t\t<div class=\"mkdf-tours-standard-item-excerpt\">\n\t\t\t\t[vc_row][vc_column][vc_column_text]Sie sind auf der Suche nach Ihrem Sommerziel? Setzen Sie die Stadt Krk auf Ihre Wunschliste. Die Stadt liegt auf der Insel Krk und ist bekannt f\u00fcr ihr mildes mediterranes Klima, das kristallklare Meer und die Kieselsteinstr\u00e4nde. Aber neben Sonne &amp; Meer hat sie noch viele andere Urlaubsm\u00f6glichkeiten zu bieten &#8211; von der authentischen mediterranen K\u00fcche bis hin zum aktiven Sommer-Wassersport wie Zip Line Krk und Wakeboard Cable Krk. Buchen Sie eine Bootstour und erkunden Sie die nahegelegenen Inseln, Buchten und versteckten Pl\u00e4tze. Erkunden Sie in den milden Sommern\u00e4chten bei...\t\t\t<\/div>\n\t\t\n\t\t<div class=\"mkdf-tours-standard-item-bottom-content\">\n\t\t\t\t\t\t\t<div class=\"mkdf-tours-standard-item-bottom-item\">\n\t\t\t\t\t\n\t\t\n\t\t\t<div class=\"mkdf-tour-duration-holder\">\n\t\t\t    <span class=\"mkdf-tour-duration-icon mkdf-tour-info-icon\">\n\t\t\t\t\t<span class=\"lnr lnr-undo\"><\/span>\n\t\t\t    <\/span>\n\t\t\t\t<span class=\"mkdf-tour-info-label\">\n\t\t\t\t\t1\t\t\t\t<\/span>\n\t\t\t<\/div>\n\n\t\t\n\t\t\t\t\t\t<\/div>\n\t\t\t\n\t\t\t\t\t\t\t<div class=\"mkdf-tours-standard-item-bottom-item\">\n\t\t\t\t\t\n\t\t\n\t\t\t<div class=\"mkdf-tour-min-age-holder\">\n\t\t\t    <span class=\"mkdf-tour-min-age-icon mkdf-tour-info-icon\">\n\t\t\t\t    <span class=\"lnr lnr-user\"><\/span>\n\t\t\t    <\/span>\n\n\t\t\t\t<span class=\"mkdf-tour-info-label\">\n\t\t\t\t\t1+\n\t\t\t\t\t\t\t\t\t<\/span>\n\t\t\t<\/div>\n\n\t\t\n\t\t\t\t\t\t<\/div>\n\t\t\t\t\t<\/div>\n\t<\/div>\n<\/div>\t<\/div>\n\n\t\t\t<div class=\"mkdf-tours-list-grid-sizer\"><\/div>\n\t\t<\/div>\n\n\t\t\n\n\t\t<\/div>[\/vc_column][\/vc_row]<\/p>\n","protected":false},"excerpt":{"rendered":"<p>[vc_row][vc_column][vc_row_inner][vc_column_inner width=&#8221;1\/2&#8243;][vc_column_text]T\u00fcrkisfarbenes sauberes Meer und felsige Str\u00e4nde machen die Stadt Krk zu Ihrem idealen Sommerurlaubsziel. Bei einem Spaziergang entlang der K\u00fcste, in der N\u00e4he der Altstadt von Krk, werden Sie auf mehrere Untiefen- oder Felsstr\u00e4nde der Stadt mit landschaftlich gestalteten Liegepl\u00e4tzen sto\u00dfen. Die Stadtstr\u00e4nde von Krk haben im Laufe der Jahre sechs Blaue Flaggen gewonnen, ein Symbol f\u00fcr die hohe Qualit\u00e4t des Meerwassers und die damit verbundenen Annehmlichkeiten wie Sanit\u00e4ranlagen, Gastfreundschaft, Erholung\u2026 Wandern Sie entlang der K\u00fcste und finden Sie Ihre versteckte seichte Bucht an diesen felsigen Str\u00e4nden im Schatten&#8230;<\/p>\n","protected":false},"author":1,"featured_media":0,"parent":0,"menu_order":0,"comment_status":"closed","ping_status":"closed","template":"","meta":[],"yoast_head":"<!-- This site is optimized with the Yoast SEO plugin v16.0.1 - https:\/\/yoast.com\/wordpress\/plugins\/seo\/ -->\n<title>Sonne &amp; Meer - Experience Krk<\/title>\n<link rel=\"canonical\" href=\"https:\/\/experiencekrk.com\/de\/sonne-meer\/\" \/>\n<meta property=\"og:locale\" content=\"de_DE\" \/>\n<meta property=\"og:type\" content=\"article\" \/>\n<meta property=\"og:title\" content=\"Sonne &amp; Meer - Experience Krk\" \/>\n<meta property=\"og:description\" content=\"[vc_row][vc_column][vc_row_inner][vc_column_inner width=&#8221;1\/2&#8243;][vc_column_text]T\u00fcrkisfarbenes sauberes Meer und felsige Str\u00e4nde machen die Stadt Krk zu Ihrem idealen Sommerurlaubsziel. Bei einem Spaziergang entlang der K\u00fcste, in der N\u00e4he der Altstadt von Krk, werden Sie auf mehrere Untiefen- oder Felsstr\u00e4nde der Stadt mit landschaftlich gestalteten Liegepl\u00e4tzen sto\u00dfen. Die Stadtstr\u00e4nde von Krk haben im Laufe der Jahre sechs Blaue Flaggen gewonnen, ein Symbol f\u00fcr die hohe Qualit\u00e4t des Meerwassers und die damit verbundenen Annehmlichkeiten wie Sanit\u00e4ranlagen, Gastfreundschaft, Erholung\u2026 Wandern Sie entlang der K\u00fcste und finden Sie Ihre versteckte seichte Bucht an diesen felsigen Str\u00e4nden im Schatten...\" \/>\n<meta property=\"og:url\" content=\"https:\/\/experiencekrk.com\/de\/sonne-meer\/\" \/>\n<meta property=\"og:site_name\" content=\"Experience Krk\" \/>\n<meta property=\"article:modified_time\" content=\"2024-03-10T21:36:17+00:00\" \/>\n<meta name=\"twitter:card\" content=\"summary_large_image\" \/>\n<meta name=\"twitter:label1\" content=\"Gesch\u00e4tzte Lesezeit\">\n\t<meta name=\"twitter:data1\" content=\"1\u00a0Minute\">\n<script type=\"application\/ld+json\" class=\"yoast-schema-graph\">{\"@context\":\"https:\/\/schema.org\",\"@graph\":[{\"@type\":\"WebSite\",\"@id\":\"https:\/\/experiencekrk.com\/#website\",\"url\":\"https:\/\/experiencekrk.com\/\",\"name\":\"Experience Krk\",\"description\":\"Cultural Tours, Food &amp; Wine and more\",\"potentialAction\":[{\"@type\":\"SearchAction\",\"target\":\"https:\/\/experiencekrk.com\/?s={search_term_string}\",\"query-input\":\"required name=search_term_string\"}],\"inLanguage\":\"de\"},{\"@type\":\"WebPage\",\"@id\":\"https:\/\/experiencekrk.com\/de\/sonne-meer\/#webpage\",\"url\":\"https:\/\/experiencekrk.com\/de\/sonne-meer\/\",\"name\":\"Sonne & Meer - Experience Krk\",\"isPartOf\":{\"@id\":\"https:\/\/experiencekrk.com\/#website\"},\"datePublished\":\"2019-07-31T00:41:42+00:00\",\"dateModified\":\"2024-03-10T21:36:17+00:00\",\"breadcrumb\":{\"@id\":\"https:\/\/experiencekrk.com\/de\/sonne-meer\/#breadcrumb\"},\"inLanguage\":\"de\",\"potentialAction\":[{\"@type\":\"ReadAction\",\"target\":[\"https:\/\/experiencekrk.com\/de\/sonne-meer\/\"]}]},{\"@type\":\"BreadcrumbList\",\"@id\":\"https:\/\/experiencekrk.com\/de\/sonne-meer\/#breadcrumb\",\"itemListElement\":[{\"@type\":\"ListItem\",\"position\":1,\"item\":{\"@type\":\"WebPage\",\"@id\":\"https:\/\/experiencekrk.com\/de\/\",\"url\":\"https:\/\/experiencekrk.com\/de\/\",\"name\":\"Home\"}},{\"@type\":\"ListItem\",\"position\":2,\"item\":{\"@type\":\"WebPage\",\"@id\":\"https:\/\/experiencekrk.com\/de\/sonne-meer\/\",\"url\":\"https:\/\/experiencekrk.com\/de\/sonne-meer\/\",\"name\":\"Sonne &#038; Meer\"}}]}]}<\/script>\n<!-- \/ Yoast SEO plugin. -->","_links":{"self":[{"href":"https:\/\/experiencekrk.com\/de\/wp-json\/wp\/v2\/pages\/8662"}],"collection":[{"href":"https:\/\/experiencekrk.com\/de\/wp-json\/wp\/v2\/pages"}],"about":[{"href":"https:\/\/experiencekrk.com\/de\/wp-json\/wp\/v2\/types\/page"}],"author":[{"embeddable":true,"href":"https:\/\/experiencekrk.com\/de\/wp-json\/wp\/v2\/users\/1"}],"replies":[{"embeddable":true,"href":"https:\/\/experiencekrk.com\/de\/wp-json\/wp\/v2\/comments?post=8662"}],"version-history":[{"count":4,"href":"https:\/\/experiencekrk.com\/de\/wp-json\/wp\/v2\/pages\/8662\/revisions"}],"predecessor-version":[{"id":33329,"href":"https:\/\/experiencekrk.com\/de\/wp-json\/wp\/v2\/pages\/8662\/revisions\/33329"}],"wp:attachment":[{"href":"https:\/\/experiencekrk.com\/de\/wp-json\/wp\/v2\/media?parent=8662"}],"curies":[{"name":"wp","href":"https:\/\/api.w.org\/{rel}","templated":true}]}}