{"id":8658,"date":"2019-04-29T11:09:12","date_gmt":"2019-04-29T11:09:12","guid":{"rendered":"https:\/\/experiencekrk.com\/sailing-vacation\/"},"modified":"2020-01-29T10:32:44","modified_gmt":"2020-01-29T10:32:44","slug":"segelurlaub","status":"publish","type":"page","link":"https:\/\/experiencekrk.com\/de\/segelurlaub\/","title":{"rendered":"Segelurlaub"},"content":{"rendered":"<p>[vc_row][vc_column]<div class=\"mkdf-section-title-holder\">\n\t<h1 class=\"mkdf-section-title mkdf-section-title-medium\" >\n\tSegelurlaub<\/h1>\n<\/div>[vc_row_inner][vc_column_inner][vc_column_text]<span style=\"font-weight: 400;\">Die Insel Krk wurde von den R\u00f6mern als Insula Aurea &#8211; Die Goldene Insel &#8211; benannt. Es gibt viele Gr\u00fcnde, warum sie ihr einen so illustren Titel gaben, und eine der besten M\u00f6glichkeiten, sie zu erkunden, ist durch ein Krker Segelerlebnis. Die Segelbasis befindet sich im Hafen der Stadt Krk, ein perfekter Ausgangspunkt f\u00fcr die Erkundung der Insel des Kvarner-Archipels und der Adria im S\u00fcden. Erfahren Sie mehr \u00fcber die Segeltradition dieses Gebietes und erkunden Sie das <\/span><a href=\"https:\/\/experiencekrk.com\/de\/geschichte-und-kultur\/maritimes-erbe\/\"><span style=\"font-weight: 400;\">maritime Erbe<\/span><\/a><span style=\"font-weight: 400;\">.<\/span><\/p>\n<p><span style=\"font-weight: 400;\">Woher auch immer Sie Ihre Segel setzen, Sie werden garantiert reiche historische Sch\u00e4tze und spektakul\u00e4re versteckte Buchten entdecken, und das alles w\u00e4hrend eines unvergesslichen Segelerlebnisses in Kroatien.<\/span>[\/vc_column_text][\/vc_column_inner][\/vc_row_inner][vc_empty_space]<div class=\"mkdf-separator-holder clearfix  mkdf-separator-center\">\n\t<div class=\"mkdf-separator\" style=\"border-color: #ebebeb;width: 100%;border-bottom-width: 1px\"><\/div>\n<\/div>\n[vc_empty_space]<div class=\"mkdf-section-title-holder\">\n\t<h1 class=\"mkdf-section-title mkdf-section-title-medium\" >\n\tHafen Krk<\/h1>\n<\/div>[vc_row_inner][vc_column_inner width=&#8221;1\/2&#8243;][vc_column_text]<span style=\"font-weight: 400;\">Der nautische Teil des Hafens Krk hat eine Kapazit\u00e4t von 50 Liegepl\u00e4tzen. Er verf\u00fcgt \u00fcber zwei Tankstellen, von denen eine schwimmend ist, sowie \u00fcber eine gesicherte Strom- und Trinkwasserversorgung.<\/span><\/p>\n<p>Mobil: <a href=\"tel:+385912563724\">+385 91 256 3724<\/a><br \/>\nTelefon: <a href=\"tel:+38551220165\">+385 51 220 165<\/a><br \/>\nE-mail: <a href=\"mailto:krk@zluk.hr\">krk@zluk.hr<\/a><br \/>\nAdresse: Trg bana Josipa Jela\u010di\u0107a 5, 51500 Krk<br \/>\nInternet: <a href=\"https:\/\/www.zluk.hr\/en\" target=\"_blank\" rel=\"noopener noreferrer\">www.zluk.hr\/en<\/a>[\/vc_column_text][\/vc_column_inner][vc_column_inner width=&#8221;1\/2&#8243;][vc_single_image image=&#8221;5759&#8243; img_size=&#8221;full&#8221; style=&#8221;vc_box_rounded&#8221;][\/vc_column_inner][\/vc_row_inner][vc_empty_space][\/vc_column][\/vc_row][vc_row][vc_column]<div class=\"mkdf-section-title-holder\">\n\t<h1 class=\"mkdf-section-title mkdf-section-title-small\" >\n\tHafen Krk Standort<\/h1>\n<\/div>[vc_row_inner][vc_column_inner][vc_raw_html]JTNDaWZyYW1lJTIwc3JjJTNEJTIyaHR0cHMlM0ElMkYlMkZ3d3cuZ29vZ2xlLmNvbSUyRm1hcHMlMkZlbWJlZCUzRnBiJTNEJTIxMW0xNCUyMTFtOCUyMTFtMyUyMTFkMTYxODIuODUyNjc4MjE3MjYlMjEyZDE0LjU2NTE2NTIxODM3NjA0MyUyMTNkNDUuMDMwMjU5Mzc0MTQyMjYlMjEzbTIlMjExaTEwMjQlMjEyaTc2OCUyMTRmMTMuMSUyMTNtMyUyMTFtMiUyMTFzMHg0NzYzNzI3MmI1N2MwYWMxJTI1M0EweGFiNTk1M2MwMTNiOWRjYiUyMTJzUG9ydCUyQktyayUyMTVlMCUyMTNtMiUyMTFzZW4lMjEyc2hyJTIxNHYxNTY0NTI3MjQzOTQ1JTIxNW0yJTIxMXNlbiUyMTJzaHIlMjIlMjB3aWR0aCUzRCUyMjEwMDAlMjIlMjBoZWlnaHQlM0QlMjIzMDAlMjIlMjBmcmFtZWJvcmRlciUzRCUyMjAlMjIlMjBzdHlsZSUzRCUyMmJvcmRlciUzQTAlMjIlMjBhbGxvd2Z1bGxzY3JlZW4lM0UlM0MlMkZpZnJhbWUlM0U=[\/vc_raw_html][\/vc_column_inner][\/vc_row_inner][vc_empty_space][\/vc_column][\/vc_row]<\/p>\n","protected":false},"excerpt":{"rendered":"<p>[vc_row][vc_column][vc_row_inner][vc_column_inner][vc_column_text]Die Insel Krk wurde von den R\u00f6mern als Insula Aurea &#8211; Die Goldene Insel &#8211; benannt. Es gibt viele Gr\u00fcnde, warum sie ihr einen so illustren Titel gaben, und eine der besten M\u00f6glichkeiten, sie zu erkunden, ist durch ein Krker Segelerlebnis. Die Segelbasis befindet sich im Hafen der Stadt Krk, ein perfekter Ausgangspunkt f\u00fcr die Erkundung der Insel des Kvarner-Archipels und der Adria im S\u00fcden. Erfahren Sie mehr \u00fcber die Segeltradition dieses Gebietes und erkunden Sie das maritime Erbe. Woher auch immer Sie Ihre Segel setzen, Sie werden garantiert reiche&#8230;<\/p>\n","protected":false},"author":1,"featured_media":0,"parent":0,"menu_order":0,"comment_status":"closed","ping_status":"closed","template":"","meta":[],"yoast_head":"<!-- This site is optimized with the Yoast SEO plugin v16.0.1 - https:\/\/yoast.com\/wordpress\/plugins\/seo\/ -->\n<title>Segelurlaub - Experience Krk<\/title>\n<link rel=\"canonical\" href=\"https:\/\/experiencekrk.com\/de\/segelurlaub\/\" \/>\n<meta property=\"og:locale\" content=\"de_DE\" \/>\n<meta property=\"og:type\" content=\"article\" \/>\n<meta property=\"og:title\" content=\"Segelurlaub - Experience Krk\" \/>\n<meta property=\"og:description\" content=\"[vc_row][vc_column][vc_row_inner][vc_column_inner][vc_column_text]Die Insel Krk wurde von den R\u00f6mern als Insula Aurea &#8211; Die Goldene Insel &#8211; benannt. Es gibt viele Gr\u00fcnde, warum sie ihr einen so illustren Titel gaben, und eine der besten M\u00f6glichkeiten, sie zu erkunden, ist durch ein Krker Segelerlebnis. Die Segelbasis befindet sich im Hafen der Stadt Krk, ein perfekter Ausgangspunkt f\u00fcr die Erkundung der Insel des Kvarner-Archipels und der Adria im S\u00fcden. Erfahren Sie mehr \u00fcber die Segeltradition dieses Gebietes und erkunden Sie das maritime Erbe. Woher auch immer Sie Ihre Segel setzen, Sie werden garantiert reiche...\" \/>\n<meta property=\"og:url\" content=\"https:\/\/experiencekrk.com\/de\/segelurlaub\/\" \/>\n<meta property=\"og:site_name\" content=\"Experience Krk\" \/>\n<meta property=\"article:modified_time\" content=\"2020-01-29T10:32:44+00:00\" \/>\n<meta name=\"twitter:card\" content=\"summary_large_image\" \/>\n<meta name=\"twitter:label1\" content=\"Gesch\u00e4tzte Lesezeit\">\n\t<meta name=\"twitter:data1\" content=\"2\u00a0Minuten\">\n<script type=\"application\/ld+json\" class=\"yoast-schema-graph\">{\"@context\":\"https:\/\/schema.org\",\"@graph\":[{\"@type\":\"WebSite\",\"@id\":\"https:\/\/experiencekrk.com\/#website\",\"url\":\"https:\/\/experiencekrk.com\/\",\"name\":\"Experience Krk\",\"description\":\"Cultural Tours, Food &amp; Wine and more\",\"potentialAction\":[{\"@type\":\"SearchAction\",\"target\":\"https:\/\/experiencekrk.com\/?s={search_term_string}\",\"query-input\":\"required name=search_term_string\"}],\"inLanguage\":\"de\"},{\"@type\":\"WebPage\",\"@id\":\"https:\/\/experiencekrk.com\/de\/segelurlaub\/#webpage\",\"url\":\"https:\/\/experiencekrk.com\/de\/segelurlaub\/\",\"name\":\"Segelurlaub - Experience Krk\",\"isPartOf\":{\"@id\":\"https:\/\/experiencekrk.com\/#website\"},\"datePublished\":\"2019-04-29T11:09:12+00:00\",\"dateModified\":\"2020-01-29T10:32:44+00:00\",\"breadcrumb\":{\"@id\":\"https:\/\/experiencekrk.com\/de\/segelurlaub\/#breadcrumb\"},\"inLanguage\":\"de\",\"potentialAction\":[{\"@type\":\"ReadAction\",\"target\":[\"https:\/\/experiencekrk.com\/de\/segelurlaub\/\"]}]},{\"@type\":\"BreadcrumbList\",\"@id\":\"https:\/\/experiencekrk.com\/de\/segelurlaub\/#breadcrumb\",\"itemListElement\":[{\"@type\":\"ListItem\",\"position\":1,\"item\":{\"@type\":\"WebPage\",\"@id\":\"https:\/\/experiencekrk.com\/de\/\",\"url\":\"https:\/\/experiencekrk.com\/de\/\",\"name\":\"Home\"}},{\"@type\":\"ListItem\",\"position\":2,\"item\":{\"@type\":\"WebPage\",\"@id\":\"https:\/\/experiencekrk.com\/de\/segelurlaub\/\",\"url\":\"https:\/\/experiencekrk.com\/de\/segelurlaub\/\",\"name\":\"Segelurlaub\"}}]}]}<\/script>\n<!-- \/ Yoast SEO plugin. -->","_links":{"self":[{"href":"https:\/\/experiencekrk.com\/de\/wp-json\/wp\/v2\/pages\/8658"}],"collection":[{"href":"https:\/\/experiencekrk.com\/de\/wp-json\/wp\/v2\/pages"}],"about":[{"href":"https:\/\/experiencekrk.com\/de\/wp-json\/wp\/v2\/types\/page"}],"author":[{"embeddable":true,"href":"https:\/\/experiencekrk.com\/de\/wp-json\/wp\/v2\/users\/1"}],"replies":[{"embeddable":true,"href":"https:\/\/experiencekrk.com\/de\/wp-json\/wp\/v2\/comments?post=8658"}],"version-history":[{"count":2,"href":"https:\/\/experiencekrk.com\/de\/wp-json\/wp\/v2\/pages\/8658\/revisions"}],"predecessor-version":[{"id":8660,"href":"https:\/\/experiencekrk.com\/de\/wp-json\/wp\/v2\/pages\/8658\/revisions\/8660"}],"wp:attachment":[{"href":"https:\/\/experiencekrk.com\/de\/wp-json\/wp\/v2\/media?parent=8658"}],"curies":[{"name":"wp","href":"https:\/\/api.w.org\/{rel}","templated":true}]}}