{"id":8654,"date":"2019-04-29T10:53:31","date_gmt":"2019-04-29T10:53:31","guid":{"rendered":"https:\/\/experiencekrk.com\/romantic-getaway\/"},"modified":"2020-01-29T10:29:32","modified_gmt":"2020-01-29T10:29:32","slug":"romantischer-ausflug","status":"publish","type":"page","link":"https:\/\/experiencekrk.com\/de\/romantischer-ausflug\/","title":{"rendered":"Romantischer Ausflug"},"content":{"rendered":"<p>[vc_row][vc_column]<div class=\"mkdf-section-title-holder\">\n\t<h1 class=\"mkdf-section-title mkdf-section-title-medium\" >\n\tRomantischer Ausflug<\/h1>\n<\/div>[vc_column_text]<span style=\"font-weight: 400;\">Wenn Sie einfach nur weg von all dem wollen und mit Ihrer besseren H\u00e4lfte ein paar wunderbare Erinnerungen schaffen wollen, dann ist Krk vielleicht genau das richtige Ziel f\u00fcr Sie. Die antiken Stra\u00dfen dieser Goldenen Insel (wie sie in der R\u00f6merzeit bekannt war) sind seit Jahrhunderten Zeugen von Liebesschw\u00fcren, die teils \u00f6ffentlich, teils geheim sind.<\/span>[\/vc_column_text][vc_empty_space height=&#8221;17px&#8221;]<div class=\"mkdf-image-gallery\">\n    <div class=\"mkdf-image-gallery-grid mkdf-gallery-columns-2 \">\n                    <div class=\"mkdf-gallery-image\">\n                <div class=\"mkdf-hover-holder\">\n                \t\n                                                                        <img width=\"600\" height=\"400\" src=\"https:\/\/experiencekrk.com\/wp-content\/uploads\/2019\/04\/Experience-Krk-romantic-couple-and-the-sea.jpg\" class=\"attachment-full size-full\" alt=\"\" loading=\"lazy\" srcset=\"https:\/\/experiencekrk.com\/wp-content\/uploads\/2019\/04\/Experience-Krk-romantic-couple-and-the-sea.jpg 600w, https:\/\/experiencekrk.com\/wp-content\/uploads\/2019\/04\/Experience-Krk-romantic-couple-and-the-sea-300x200.jpg 300w\" sizes=\"(max-width: 600px) 100vw, 600px\" \/>                        \t\t\t\t\t                <\/div>\n            <\/div>\n                    <div class=\"mkdf-gallery-image\">\n                <div class=\"mkdf-hover-holder\">\n                \t\n                                                                        <img width=\"600\" height=\"400\" src=\"https:\/\/experiencekrk.com\/wp-content\/uploads\/2019\/04\/Experience-Krk-romantic-couple-on-teh-beach.jpg\" class=\"attachment-full size-full\" alt=\"\" loading=\"lazy\" srcset=\"https:\/\/experiencekrk.com\/wp-content\/uploads\/2019\/04\/Experience-Krk-romantic-couple-on-teh-beach.jpg 600w, https:\/\/experiencekrk.com\/wp-content\/uploads\/2019\/04\/Experience-Krk-romantic-couple-on-teh-beach-300x200.jpg 300w\" sizes=\"(max-width: 600px) 100vw, 600px\" \/>                        \t\t\t\t\t                <\/div>\n            <\/div>\n            <\/div>\n<\/div>[vc_empty_space height=&#8221;17px&#8221;][vc_column_text]<span style=\"font-weight: 400;\">Heute k\u00f6nnen Sie einige s\u00fc\u00dfe Zeitzeugen der romantischen Geschichte von Krk finden. Inspiriert durch die Hochzeit zwischen dem Herzog und der Herzogin von Krk aus dem 15. Jahrhundert, hat die \u00f6rtliche Konditorei &#8220;Casa del Padrone&#8221; eine Reihe von K\u00f6stlichkeiten geschaffen, die Sie an der Hauptpromenade in der N\u00e4he des Meeres genie\u00dfen k\u00f6nnen.<\/span><\/p>\n<p><span style=\"font-weight: 400;\">Neben seiner Geschichte und Kultur bietet Krk alles, was man f\u00fcr einen perfekten romantischen Urlaub braucht &#8211; ein ganzj\u00e4hrig mildes Klima, charmante Hotels, in denen man sich im Kurort entspannen kann, Wellness-Zentren, Promenaden am Meer, und nicht zu vergessen die gute K\u00fcche und den Wein!<\/span>[\/vc_column_text][vc_empty_space height=&#8221;17px&#8221;]<div class=\"mkdf-image-gallery\">\n    <div class=\"mkdf-image-gallery-grid mkdf-gallery-columns-2 \">\n                    <div class=\"mkdf-gallery-image\">\n                <div class=\"mkdf-hover-holder\">\n                \t\n                                                                        <img width=\"600\" height=\"400\" src=\"https:\/\/experiencekrk.com\/wp-content\/uploads\/2019\/08\/TZKrk-Romantic-Getaway-2.jpg\" class=\"attachment-full size-full\" alt=\"\" loading=\"lazy\" srcset=\"https:\/\/experiencekrk.com\/wp-content\/uploads\/2019\/08\/TZKrk-Romantic-Getaway-2.jpg 600w, https:\/\/experiencekrk.com\/wp-content\/uploads\/2019\/08\/TZKrk-Romantic-Getaway-2-300x200.jpg 300w\" sizes=\"(max-width: 600px) 100vw, 600px\" \/>                        \t\t\t\t\t                <\/div>\n            <\/div>\n                    <div class=\"mkdf-gallery-image\">\n                <div class=\"mkdf-hover-holder\">\n                \t\n                                                                        <img width=\"600\" height=\"400\" src=\"https:\/\/experiencekrk.com\/wp-content\/uploads\/2019\/08\/TZKrk-Romantic-Getaway.jpg\" class=\"attachment-full size-full\" alt=\"\" loading=\"lazy\" srcset=\"https:\/\/experiencekrk.com\/wp-content\/uploads\/2019\/08\/TZKrk-Romantic-Getaway.jpg 600w, https:\/\/experiencekrk.com\/wp-content\/uploads\/2019\/08\/TZKrk-Romantic-Getaway-300x200.jpg 300w\" sizes=\"(max-width: 600px) 100vw, 600px\" \/>                        \t\t\t\t\t                <\/div>\n            <\/div>\n            <\/div>\n<\/div>[vc_column_text][\/vc_column_text][\/vc_column][\/vc_row][vc_row][vc_column][vc_empty_space height=&#8221;40px&#8221;]<div class=\"mkdf-separator-holder clearfix  mkdf-separator-center mkdf-separator-full-width\">\n\t<div class=\"mkdf-separator\" style=\"border-color: #ebebeb;border-style: solid;border-bottom-width: 1px;margin-top: 20px;margin-bottom: 45px\"><\/div>\n<\/div>\n<div class=\"mkdf-section-title-holder\">\n\t<h1 class=\"mkdf-section-title mkdf-section-title-medium\" style=\"color: #870337\">\n\tEmpfohlene Hotels<\/h1>\n<\/div>[vc_row_inner][vc_column_inner width=&#8221;1\/3&#8243; css=&#8221;.vc_custom_1564672573692{padding-top: 10px !important;padding-bottom: 20px !important;}&#8221;][vc_single_image image=&#8221;4694&#8243; img_size=&#8221;full&#8221; onclick=&#8221;custom_link&#8221; link=&#8221;https:\/\/experiencekrk.com\/accomodation\/boutique-hotel-marina\/&#8221;][vc_column_text]<\/p>\n<h6 style=\"text-align: center;\"><strong><a href=\"https:\/\/experiencekrk.com\/de\/unterkunfte\/boutique-hotel-marina\/\">Boutique Hotel Marina<\/a><\/strong><\/h6>\n<p>[\/vc_column_text][\/vc_column_inner][vc_column_inner width=&#8221;1\/3&#8243; css=&#8221;.vc_custom_1564672568820{padding-top: 10px !important;padding-bottom: 20px !important;}&#8221;][vc_single_image image=&#8221;6170&#8243; img_size=&#8221;full&#8221; onclick=&#8221;custom_link&#8221; link=&#8221;https:\/\/experiencekrk.com\/accomodation\/valamar-koralj-hotel-3\/&#8221;][vc_column_text]<\/p>\n<h6 style=\"text-align: center;\"><a href=\"https:\/\/experiencekrk.com\/de\/unterkunfte\/valamar-koralj-hotel-3\/\"><strong>Valamar Koralj Hotel 3*<\/strong><\/a><\/h6>\n<p>[\/vc_column_text][\/vc_column_inner][vc_column_inner width=&#8221;1\/3&#8243; css=&#8221;.vc_custom_1564672578742{padding-top: 10px !important;padding-bottom: 20px !important;}&#8221;][vc_single_image image=&#8221;6153&#8243; img_size=&#8221;full&#8221; onclick=&#8221;custom_link&#8221; link=&#8221;https:\/\/experiencekrk.com\/accomodation\/krk-premium-camping-resort\/&#8221;][vc_column_text]<\/p>\n<h6 style=\"text-align: center;\"><a href=\"https:\/\/experiencekrk.com\/de\/unterkunfte\/krk-premium-camping-resort\/\">Krk Premium Camping Resort<\/a><\/h6>\n<p>[\/vc_column_text][\/vc_column_inner][\/vc_row_inner][\/vc_column][\/vc_row][vc_row][vc_column][vc_empty_space height=&#8221;40px&#8221;]<div class=\"mkdf-separator-holder clearfix  mkdf-separator-center mkdf-separator-full-width\">\n\t<div class=\"mkdf-separator\" style=\"border-color: #ebebeb;border-style: solid;border-bottom-width: 1px;margin-top: 20px;margin-bottom: 45px\"><\/div>\n<\/div>\n<div class=\"mkdf-section-title-holder\">\n\t<h1 class=\"mkdf-section-title mkdf-section-title-medium\" >\n\tEmpfohlene Touren<\/h1>\n<\/div><div class=\"mkdf-tours-list-holder mkdf-tours-gallery-with-hover\">\n\t\t\t\t\t\t<div class=\"mkdf-tours-list-pagination-data\">\n\t\t\t\t<input type=\"hidden\" name=\"order_by\" value=\"menu_order\">\n\t\t\t\t<input type=\"hidden\" name=\"order\" value=\"ASC\">\n\t\t\t\t<input type=\"hidden\" name=\"tour_category\" value=\"romantic-tours\">\n\t\t\t\t<input type=\"hidden\" name=\"number\" value=\"2\">\n\t\t\t\t<input type=\"hidden\" name=\"thumb_size\" value=\"voyage_landscape\">\n\t\t\t\t<input type=\"hidden\" name=\"next_page\" value=\"2\">\n\t\t\t\t<input type=\"hidden\" name=\"tour_type\" value=\"standard\">\n\t\t\t\t<input type=\"hidden\" name=\"image_size\" value=\"landscape\">\n\t\t\t\t<input type=\"hidden\" name=\"text_length\" value=\"90\">\n\t\t\t<\/div>\n\t\t\n\t\t\n\t\t<div class=\"mkdf-tours-list-holder-inner mkdf-two-items\">\n\n\t\t\t\t\n\t<div class=\"mkdf-tour-list-item-inner post-8767 tour-item type-tour-item status-publish has-post-thumbnail hentry tour-category-romantischer-ausflug\">\n\t\t<div class=\"mkdf-tours-standard-item post-8767 tour-item type-tour-item status-publish has-post-thumbnail hentry tour-category-romantischer-ausflug\">\n\t\t\t<div class=\"mkdf-tours-standard-item-image-holder\">\n\t\t\t<a href=\"https:\/\/experiencekrk.com\/de\/tour-item\/flitterwochen-reiseziel\/\">\n\t\t\t\t<img width=\"750\" height=\"500\" src=\"https:\/\/experiencekrk.com\/wp-content\/uploads\/2019\/07\/Krk-Premium-Camping-Resort-7.jpg\" class=\"attachment-voyage_landscape size-voyage_landscape wp-post-image\" alt=\"\" loading=\"lazy\" srcset=\"https:\/\/experiencekrk.com\/wp-content\/uploads\/2019\/07\/Krk-Premium-Camping-Resort-7.jpg 750w, https:\/\/experiencekrk.com\/wp-content\/uploads\/2019\/07\/Krk-Premium-Camping-Resort-7-300x200.jpg 300w\" sizes=\"(max-width: 750px) 100vw, 750px\" \/>\n\t\t\t\t\t\t\t\t\t<span class=\"mkdf-tours-standard-item-label-holder\">\n\t\t\t\t\t\t\n\t\t<span class=\"mkdf-tour-item-label\">\n\t\t\t<span class=\"mkdf-tour-item-label-inner\">\n\t\t\t\t\t\t\t<\/span>\n\t\t<\/span>\n\n\t\t\t\t\t\t\t<\/span>\n\t\t\t\t\t\t\t<\/a>\n\t\t<\/div>\n\t\n\t<div class=\"mkdf-tours-standard-item-content-holder\">\n\t\t<div class=\"mkdf-tours-standard-item-title-price-holder\">\n\t\t\t<h5 class=\"mkdf-tour-title\" >\n\t\t\t\t<a href=\"https:\/\/experiencekrk.com\/de\/tour-item\/flitterwochen-reiseziel\/\">Flitterwochen-Reiseziel<\/a>\n\n\t\t\t\t<span class=\"mkdf-tours-standard-item-price-holder\">\n\t\t\t\t\t\n\t\t<span class=\"mkdf-tours-price-holder\">\n\t\t\t\t\t\t\t<span class=\"mkdf-tours-item-price\">$1<\/span>\n\t\t\t\t\t\t\t\t<\/span>\n\n\t\t\t\t\t\t<\/span>\n\n\t\t\t<\/h5>\n\t\t<\/div>\n\n\t\t<div class=\"mkdf-tours-standard-item-rating\">\n\t\t\t\n\t\t\n\t\t\t\t<\/div>\n\n\t\t\t\t\t<div class=\"mkdf-tours-standard-item-excerpt\">\n\t\t\t\t[vc_row][vc_column][vc_column_text]Mildes mediterranes Klima, Weinbergh\u00e4nge, Kieselstr\u00e4nde, versteckte Buchten und eine k\u00f6stliche authentische K\u00fcche sind nur einige der Gr\u00fcnde, warum Sie Krk als Ihr Flitterwochenziel in Betracht ziehen sollten. Verbringen Sie eine unvergessliche Zeit mit Ihrem Liebsten, w\u00e4hrend Sie durch die kulturreichen Stra\u00dfen der Stadt schlendern und lebendige, geschichtstr\u00e4chtige Orte erkunden. Probieren Sie die k\u00f6stliche lokale K\u00fcche, die auf frischem Fisch, unserem ber\u00fchmten Lamm und Gem\u00fcse aus den \u00f6rtlichen Familienbetrieben basiert. Probieren Sie den unwiderstehlichen Kuchen Kr\u010dka kneginja, inspiriert von der Hochzeit zwischen dem Herzog und der Herzogin von Krk aus dem...\t\t\t<\/div>\n\t\t\n\t\t<div class=\"mkdf-tours-standard-item-bottom-content\">\n\t\t\t\t\t\t\t<div class=\"mkdf-tours-standard-item-bottom-item\">\n\t\t\t\t\t\n\t\t\n\t\t\t<div class=\"mkdf-tour-duration-holder\">\n\t\t\t    <span class=\"mkdf-tour-duration-icon mkdf-tour-info-icon\">\n\t\t\t\t\t<span class=\"lnr lnr-undo\"><\/span>\n\t\t\t    <\/span>\n\t\t\t\t<span class=\"mkdf-tour-info-label\">\n\t\t\t\t\t1\t\t\t\t<\/span>\n\t\t\t<\/div>\n\n\t\t\n\t\t\t\t\t\t<\/div>\n\t\t\t\n\t\t\t\t\t\t\t<div class=\"mkdf-tours-standard-item-bottom-item\">\n\t\t\t\t\t\n\t\t\n\t\t\t<div class=\"mkdf-tour-min-age-holder\">\n\t\t\t    <span class=\"mkdf-tour-min-age-icon mkdf-tour-info-icon\">\n\t\t\t\t    <span class=\"lnr lnr-user\"><\/span>\n\t\t\t    <\/span>\n\n\t\t\t\t<span class=\"mkdf-tour-info-label\">\n\t\t\t\t\t1+\n\t\t\t\t\t\t\t\t\t<\/span>\n\t\t\t<\/div>\n\n\t\t\n\t\t\t\t\t\t<\/div>\n\t\t\t\t\t<\/div>\n\t<\/div>\n<\/div>\t<\/div>\n\t\n\t<div class=\"mkdf-tour-list-item-inner post-8756 tour-item type-tour-item status-publish has-post-thumbnail hentry tour-category-essen-wein-touren tour-category-romantischer-ausflug\">\n\t\t<div class=\"mkdf-tours-standard-item post-8756 tour-item type-tour-item status-publish has-post-thumbnail hentry tour-category-essen-wein-touren tour-category-romantischer-ausflug\">\n\t\t\t<div class=\"mkdf-tours-standard-item-image-holder\">\n\t\t\t<a href=\"https:\/\/experiencekrk.com\/de\/tour-item\/wein-speisenverkostungstour\/\">\n\t\t\t\t<img width=\"600\" height=\"400\" src=\"https:\/\/experiencekrk.com\/wp-content\/uploads\/2019\/04\/Experience-Krk-Food-and-Wine-image.jpg\" class=\"attachment-voyage_landscape size-voyage_landscape wp-post-image\" alt=\"\" loading=\"lazy\" srcset=\"https:\/\/experiencekrk.com\/wp-content\/uploads\/2019\/04\/Experience-Krk-Food-and-Wine-image.jpg 600w, https:\/\/experiencekrk.com\/wp-content\/uploads\/2019\/04\/Experience-Krk-Food-and-Wine-image-300x200.jpg 300w\" sizes=\"(max-width: 600px) 100vw, 600px\" \/>\n\t\t\t\t\t\t\t\t\t<span class=\"mkdf-tours-standard-item-label-holder\">\n\t\t\t\t\t\t\n\t\t<span class=\"mkdf-tour-item-label\">\n\t\t\t<span class=\"mkdf-tour-item-label-inner\">\n\t\t\t\t\t\t\t<\/span>\n\t\t<\/span>\n\n\t\t\t\t\t\t\t<\/span>\n\t\t\t\t\t\t\t<\/a>\n\t\t<\/div>\n\t\n\t<div class=\"mkdf-tours-standard-item-content-holder\">\n\t\t<div class=\"mkdf-tours-standard-item-title-price-holder\">\n\t\t\t<h5 class=\"mkdf-tour-title\" >\n\t\t\t\t<a href=\"https:\/\/experiencekrk.com\/de\/tour-item\/wein-speisenverkostungstour\/\">Wein- &#038; Speisenverkostungstour<\/a>\n\n\t\t\t\t<span class=\"mkdf-tours-standard-item-price-holder\">\n\t\t\t\t\t\n\t\t<span class=\"mkdf-tours-price-holder\">\n\t\t\t\t\t\t\t<span class=\"mkdf-tours-item-price\">$1<\/span>\n\t\t\t\t\t\t\t\t<\/span>\n\n\t\t\t\t\t\t<\/span>\n\n\t\t\t<\/h5>\n\t\t<\/div>\n\n\t\t<div class=\"mkdf-tours-standard-item-rating\">\n\t\t\t\n\t\t\n\t\t\t\t<\/div>\n\n\t\t\t\t\t<div class=\"mkdf-tours-standard-item-excerpt\">\n\t\t\t\t[vc_row][vc_column][vc_column_text]Die Insel Krk wird wegen ihrer gastronomischen K\u00f6stlichkeiten aus der R\u00f6merzeit auch die Goldene Insel genannt. Besuchen Sie lokale Tavernen und probieren Sie authentische lokale Spezialit\u00e4ten. Der Krker Schinken ist durch eine geographische Bezeichnung gesch\u00fctzt und ist heute in zahlreichen Restaurants auf der Insel zu finden. Im Haus des Krker Schinkens k\u00f6nnen Sie sehen, wie diese gastronomische K\u00f6stlichkeit hergestellt wird, mehr \u00fcber die lange Familientradition in der Schinkensortenherstellung erfahren und den k\u00f6stlichen Schinken probieren. In der Molkerei Magri\u017e k\u00f6nnen Sie dann den authentischen Krker K\u00e4se mit dem reichen Geschmack der...\t\t\t<\/div>\n\t\t\n\t\t<div class=\"mkdf-tours-standard-item-bottom-content\">\n\t\t\t\t\t\t\t<div class=\"mkdf-tours-standard-item-bottom-item\">\n\t\t\t\t\t\n\t\t\n\t\t\t<div class=\"mkdf-tour-duration-holder\">\n\t\t\t    <span class=\"mkdf-tour-duration-icon mkdf-tour-info-icon\">\n\t\t\t\t\t<span class=\"lnr lnr-undo\"><\/span>\n\t\t\t    <\/span>\n\t\t\t\t<span class=\"mkdf-tour-info-label\">\n\t\t\t\t\t1\t\t\t\t<\/span>\n\t\t\t<\/div>\n\n\t\t\n\t\t\t\t\t\t<\/div>\n\t\t\t\n\t\t\t\t\t\t\t<div class=\"mkdf-tours-standard-item-bottom-item\">\n\t\t\t\t\t\n\t\t\n\t\t\t<div class=\"mkdf-tour-min-age-holder\">\n\t\t\t    <span class=\"mkdf-tour-min-age-icon mkdf-tour-info-icon\">\n\t\t\t\t    <span class=\"lnr lnr-user\"><\/span>\n\t\t\t    <\/span>\n\n\t\t\t\t<span class=\"mkdf-tour-info-label\">\n\t\t\t\t\t1+\n\t\t\t\t\t\t\t\t\t<\/span>\n\t\t\t<\/div>\n\n\t\t\n\t\t\t\t\t\t<\/div>\n\t\t\t\t\t<\/div>\n\t<\/div>\n<\/div>\t<\/div>\n\n\t\t\t<div class=\"mkdf-tours-list-grid-sizer\"><\/div>\n\t\t<\/div>\n\n\t\t\n\n\t\t<\/div>[\/vc_column][\/vc_row]<\/p>\n","protected":false},"excerpt":{"rendered":"<p>[vc_row][vc_column][vc_column_text]Wenn Sie einfach nur weg von all dem wollen und mit Ihrer besseren H\u00e4lfte ein paar wunderbare Erinnerungen schaffen wollen, dann ist Krk vielleicht genau das richtige Ziel f\u00fcr Sie. Die antiken Stra\u00dfen dieser Goldenen Insel (wie sie in der R\u00f6merzeit bekannt war) sind seit Jahrhunderten Zeugen von Liebesschw\u00fcren, die teils \u00f6ffentlich, teils geheim sind.[\/vc_column_text][vc_empty_space height=&#8221;17px&#8221;][vc_empty_space height=&#8221;17px&#8221;][vc_column_text]Heute k\u00f6nnen Sie einige s\u00fc\u00dfe Zeitzeugen der romantischen Geschichte von Krk finden. Inspiriert durch die Hochzeit zwischen dem Herzog und der Herzogin von Krk aus dem 15. Jahrhundert, hat die \u00f6rtliche Konditorei &#8220;Casa del&#8230;<\/p>\n","protected":false},"author":1,"featured_media":0,"parent":0,"menu_order":0,"comment_status":"closed","ping_status":"closed","template":"","meta":[],"yoast_head":"<!-- This site is optimized with the Yoast SEO plugin v16.0.1 - https:\/\/yoast.com\/wordpress\/plugins\/seo\/ -->\n<title>Romantischer Ausflug - Experience Krk<\/title>\n<link rel=\"canonical\" href=\"https:\/\/experiencekrk.com\/romantic-holiday-destinations-in-europe\/\" \/>\n<meta property=\"og:locale\" content=\"de_DE\" \/>\n<meta property=\"og:type\" content=\"article\" \/>\n<meta property=\"og:title\" content=\"Romantischer Ausflug - Experience Krk\" \/>\n<meta property=\"og:description\" content=\"[vc_row][vc_column][vc_column_text]Wenn Sie einfach nur weg von all dem wollen und mit Ihrer besseren H\u00e4lfte ein paar wunderbare Erinnerungen schaffen wollen, dann ist Krk vielleicht genau das richtige Ziel f\u00fcr Sie. Die antiken Stra\u00dfen dieser Goldenen Insel (wie sie in der R\u00f6merzeit bekannt war) sind seit Jahrhunderten Zeugen von Liebesschw\u00fcren, die teils \u00f6ffentlich, teils geheim sind.[\/vc_column_text][vc_empty_space height=&#8221;17px&#8221;][vc_empty_space height=&#8221;17px&#8221;][vc_column_text]Heute k\u00f6nnen Sie einige s\u00fc\u00dfe Zeitzeugen der romantischen Geschichte von Krk finden. Inspiriert durch die Hochzeit zwischen dem Herzog und der Herzogin von Krk aus dem 15. Jahrhundert, hat die \u00f6rtliche Konditorei &#8220;Casa del...\" \/>\n<meta property=\"og:url\" content=\"https:\/\/experiencekrk.com\/romantic-holiday-destinations-in-europe\/\" \/>\n<meta property=\"og:site_name\" content=\"Experience Krk\" \/>\n<meta property=\"article:modified_time\" content=\"2020-01-29T10:29:32+00:00\" \/>\n<meta name=\"twitter:card\" content=\"summary_large_image\" \/>\n<meta name=\"twitter:label1\" content=\"Gesch\u00e4tzte Lesezeit\">\n\t<meta name=\"twitter:data1\" content=\"3\u00a0Minuten\">\n<script type=\"application\/ld+json\" class=\"yoast-schema-graph\">{\"@context\":\"https:\/\/schema.org\",\"@graph\":[{\"@type\":\"WebSite\",\"@id\":\"https:\/\/experiencekrk.com\/#website\",\"url\":\"https:\/\/experiencekrk.com\/\",\"name\":\"Experience Krk\",\"description\":\"Cultural Tours, Food &amp; Wine and more\",\"potentialAction\":[{\"@type\":\"SearchAction\",\"target\":\"https:\/\/experiencekrk.com\/?s={search_term_string}\",\"query-input\":\"required name=search_term_string\"}],\"inLanguage\":\"de\"},{\"@type\":\"WebPage\",\"@id\":\"https:\/\/experiencekrk.com\/romantic-holiday-destinations-in-europe\/#webpage\",\"url\":\"https:\/\/experiencekrk.com\/romantic-holiday-destinations-in-europe\/\",\"name\":\"Romantischer Ausflug - Experience Krk\",\"isPartOf\":{\"@id\":\"https:\/\/experiencekrk.com\/#website\"},\"datePublished\":\"2019-04-29T10:53:31+00:00\",\"dateModified\":\"2020-01-29T10:29:32+00:00\",\"breadcrumb\":{\"@id\":\"https:\/\/experiencekrk.com\/romantic-holiday-destinations-in-europe\/#breadcrumb\"},\"inLanguage\":\"de\",\"potentialAction\":[{\"@type\":\"ReadAction\",\"target\":[\"https:\/\/experiencekrk.com\/romantic-holiday-destinations-in-europe\/\"]}]},{\"@type\":\"BreadcrumbList\",\"@id\":\"https:\/\/experiencekrk.com\/romantic-holiday-destinations-in-europe\/#breadcrumb\",\"itemListElement\":[{\"@type\":\"ListItem\",\"position\":1,\"item\":{\"@type\":\"WebPage\",\"@id\":\"https:\/\/experiencekrk.com\/de\/\",\"url\":\"https:\/\/experiencekrk.com\/de\/\",\"name\":\"Home\"}},{\"@type\":\"ListItem\",\"position\":2,\"item\":{\"@type\":\"WebPage\",\"@id\":\"https:\/\/experiencekrk.com\/romantic-holiday-destinations-in-europe\/\",\"url\":\"https:\/\/experiencekrk.com\/romantic-holiday-destinations-in-europe\/\",\"name\":\"Romantischer Ausflug\"}}]}]}<\/script>\n<!-- \/ Yoast SEO plugin. -->","_links":{"self":[{"href":"https:\/\/experiencekrk.com\/de\/wp-json\/wp\/v2\/pages\/8654"}],"collection":[{"href":"https:\/\/experiencekrk.com\/de\/wp-json\/wp\/v2\/pages"}],"about":[{"href":"https:\/\/experiencekrk.com\/de\/wp-json\/wp\/v2\/types\/page"}],"author":[{"embeddable":true,"href":"https:\/\/experiencekrk.com\/de\/wp-json\/wp\/v2\/users\/1"}],"replies":[{"embeddable":true,"href":"https:\/\/experiencekrk.com\/de\/wp-json\/wp\/v2\/comments?post=8654"}],"version-history":[{"count":2,"href":"https:\/\/experiencekrk.com\/de\/wp-json\/wp\/v2\/pages\/8654\/revisions"}],"predecessor-version":[{"id":8656,"href":"https:\/\/experiencekrk.com\/de\/wp-json\/wp\/v2\/pages\/8654\/revisions\/8656"}],"wp:attachment":[{"href":"https:\/\/experiencekrk.com\/de\/wp-json\/wp\/v2\/media?parent=8654"}],"curies":[{"name":"wp","href":"https:\/\/api.w.org\/{rel}","templated":true}]}}