{"id":8638,"date":"2019-04-16T06:49:16","date_gmt":"2019-04-16T06:49:16","guid":{"rendered":"https:\/\/experiencekrk.com\/pilgerfahrt\/church-of-the-mother-of-god-health\/"},"modified":"2020-01-28T21:04:15","modified_gmt":"2020-01-28T21:04:15","slug":"kirche-der-gottesmutter-gesundheit","status":"publish","type":"page","link":"https:\/\/experiencekrk.com\/de\/pilgerfahrt\/kirche-der-gottesmutter-gesundheit\/","title":{"rendered":"Kirche der Gottesmutter Gesundheit"},"content":{"rendered":"<p>[vc_row][vc_column]<div class=\"mkdf-section-title-holder\">\n\t<h1 class=\"mkdf-section-title mkdf-section-title-medium\" >\n\tKirche der Gottesmutter Gesundheit<\/h1>\n<\/div>[vc_column_text]<span style=\"font-weight: 400;\">Die Kirche der Muttergottes der Gesundheit mit ihrer Glocke war im 11. Jahrhundert ein Teil des Benediktinerklosters. Urspr\u00fcnglich war sie dem heiligen Michael geweiht, aber im 19. Jahrhundert, nachdem die Stadt gegen die t\u00f6dliche Cholera verteidigt wurde, \u00e4nderte die Kirche ihren Titel auf die Muttergottes der Gesundheit.<\/span>[\/vc_column_text][vc_empty_space][vc_column_text][\/vc_column_text][vc_row_inner][vc_column_inner width=&#8221;1\/2&#8243;][vc_single_image image=&#8221;3486&#8243; img_size=&#8221;full&#8221;][\/vc_column_inner][vc_column_inner width=&#8221;1\/2&#8243;][vc_raw_html]JTNDaWZyYW1lJTIwc3JjJTNEJTIyaHR0cHMlM0ElMkYlMkZ3d3cuZ29vZ2xlLmNvbSUyRm1hcHMlMkZlbWJlZCUzRnBiJTNEJTIxMW0xOCUyMTFtMTIlMjExbTMlMjExZDEwNTc0LjMxNzk0MzcwOTY0NCUyMTJkMTQuNTY1MzI0ODU2NjIwMTgzJTIxM2Q0NS4wMzA3Mjk0NDg0NDM0OCUyMTJtMyUyMTFmMCUyMTJmMCUyMTNmMCUyMTNtMiUyMTFpMTAyNCUyMTJpNzY4JTIxNGYxMy4xJTIxM20zJTIxMW0yJTIxMXMweDAlMjUzQTB4ZGE2YzdkNjI3NTIzYjRhMSUyMTJzTWFqa2ElMkJCbyUyNUM1JTI1QkVqYSUyQm9kJTJCWmRyYXZsamElMjE1ZTAlMjEzbTIlMjExc2VuJTIxMnNociUyMTR2MTU1NTM5NzU0OTA2OSUyMTVtMiUyMTFzZW4lMjEyc2hyJTIyJTIwd2lkdGglM0QlMjI5MDAlMjIlMjBoZWlnaHQlM0QlMjIzMjAlMjIlMjBmcmFtZWJvcmRlciUzRCUyMjAlMjIlMjBzdHlsZSUzRCUyMmJvcmRlciUzQTAlMjIlMjBhbGxvd2Z1bGxzY3JlZW4lM0UlM0MlMkZpZnJhbWUlM0U=[\/vc_raw_html][\/vc_column_inner][\/vc_row_inner][\/vc_column][\/vc_row]<\/p>\n","protected":false},"excerpt":{"rendered":"<p>[vc_row][vc_column][vc_column_text]Die Kirche der Muttergottes der Gesundheit mit ihrer Glocke war im 11. Jahrhundert ein Teil des Benediktinerklosters. Urspr\u00fcnglich war sie dem heiligen Michael geweiht, aber im 19. Jahrhundert, nachdem die Stadt gegen die t\u00f6dliche Cholera verteidigt wurde, \u00e4nderte die Kirche ihren Titel auf die Muttergottes der Gesundheit.[\/vc_column_text][vc_empty_space][vc_column_text][\/vc_column_text][vc_row_inner][vc_column_inner width=&#8221;1\/2&#8243;][vc_single_image image=&#8221;3486&#8243; img_size=&#8221;full&#8221;][\/vc_column_inner][vc_column_inner width=&#8221;1\/2&#8243;][vc_raw_html]JTNDaWZyYW1lJTIwc3JjJTNEJTIyaHR0cHMlM0ElMkYlMkZ3d3cuZ29vZ2xlLmNvbSUyRm1hcHMlMkZlbWJlZCUzRnBiJTNEJTIxMW0xOCUyMTFtMTIlMjExbTMlMjExZDEwNTc0LjMxNzk0MzcwOTY0NCUyMTJkMTQuNTY1MzI0ODU2NjIwMTgzJTIxM2Q0NS4wMzA3Mjk0NDg0NDM0OCUyMTJtMyUyMTFmMCUyMTJmMCUyMTNmMCUyMTNtMiUyMTFpMTAyNCUyMTJpNzY4JTIxNGYxMy4xJTIxM20zJTIxMW0yJTIxMXMweDAlMjUzQTB4ZGE2YzdkNjI3NTIzYjRhMSUyMTJzTWFqa2ElMkJCbyUyNUM1JTI1QkVqYSUyQm9kJTJCWmRyYXZsamElMjE1ZTAlMjEzbTIlMjExc2VuJTIxMnNociUyMTR2MTU1NTM5NzU0OTA2OSUyMTVtMiUyMTFzZW4lMjEyc2hyJTIyJTIwd2lkdGglM0QlMjI5MDAlMjIlMjBoZWlnaHQlM0QlMjIzMjAlMjIlMjBmcmFtZWJvcmRlciUzRCUyMjAlMjIlMjBzdHlsZSUzRCUyMmJvcmRlciUzQTAlMjIlMjBhbGxvd2Z1bGxzY3JlZW4lM0UlM0MlMkZpZnJhbWUlM0U=[\/vc_raw_html][\/vc_column_inner][\/vc_row_inner][\/vc_column][\/vc_row]<\/p>\n","protected":false},"author":1,"featured_media":0,"parent":8621,"menu_order":0,"comment_status":"closed","ping_status":"closed","template":"","meta":[],"yoast_head":"<!-- This site is optimized with the Yoast SEO plugin v16.0.1 - https:\/\/yoast.com\/wordpress\/plugins\/seo\/ -->\n<title>Kirche der Gottesmutter Gesundheit - Experience Krk<\/title>\n<link rel=\"canonical\" href=\"https:\/\/experiencekrk.com\/de\/pilgerfahrt\/kirche-der-gottesmutter-gesundheit\/\" \/>\n<meta property=\"og:locale\" content=\"de_DE\" \/>\n<meta property=\"og:type\" content=\"article\" \/>\n<meta property=\"og:title\" content=\"Kirche der Gottesmutter Gesundheit - Experience Krk\" \/>\n<meta property=\"og:description\" content=\"[vc_row][vc_column][vc_column_text]Die Kirche der Muttergottes der Gesundheit mit ihrer Glocke war im 11. Jahrhundert ein Teil des Benediktinerklosters. Urspr\u00fcnglich war sie dem heiligen Michael geweiht, aber im 19. Jahrhundert, nachdem die Stadt gegen die t\u00f6dliche Cholera verteidigt wurde, \u00e4nderte die Kirche ihren Titel auf die Muttergottes der Gesundheit.[\/vc_column_text][vc_empty_space][vc_column_text][\/vc_column_text][vc_row_inner][vc_column_inner width=&#8221;1\/2&#8243;][vc_single_image image=&#8221;3486&#8243; img_size=&#8221;full&#8221;][\/vc_column_inner][vc_column_inner width=&#8221;1\/2&#8243;][vc_raw_html]JTNDaWZyYW1lJTIwc3JjJTNEJTIyaHR0cHMlM0ElMkYlMkZ3d3cuZ29vZ2xlLmNvbSUyRm1hcHMlMkZlbWJlZCUzRnBiJTNEJTIxMW0xOCUyMTFtMTIlMjExbTMlMjExZDEwNTc0LjMxNzk0MzcwOTY0NCUyMTJkMTQuNTY1MzI0ODU2NjIwMTgzJTIxM2Q0NS4wMzA3Mjk0NDg0NDM0OCUyMTJtMyUyMTFmMCUyMTJmMCUyMTNmMCUyMTNtMiUyMTFpMTAyNCUyMTJpNzY4JTIxNGYxMy4xJTIxM20zJTIxMW0yJTIxMXMweDAlMjUzQTB4ZGE2YzdkNjI3NTIzYjRhMSUyMTJzTWFqa2ElMkJCbyUyNUM1JTI1QkVqYSUyQm9kJTJCWmRyYXZsamElMjE1ZTAlMjEzbTIlMjExc2VuJTIxMnNociUyMTR2MTU1NTM5NzU0OTA2OSUyMTVtMiUyMTFzZW4lMjEyc2hyJTIyJTIwd2lkdGglM0QlMjI5MDAlMjIlMjBoZWlnaHQlM0QlMjIzMjAlMjIlMjBmcmFtZWJvcmRlciUzRCUyMjAlMjIlMjBzdHlsZSUzRCUyMmJvcmRlciUzQTAlMjIlMjBhbGxvd2Z1bGxzY3JlZW4lM0UlM0MlMkZpZnJhbWUlM0U=[\/vc_raw_html][\/vc_column_inner][\/vc_row_inner][\/vc_column][\/vc_row]\" \/>\n<meta property=\"og:url\" content=\"https:\/\/experiencekrk.com\/de\/pilgerfahrt\/kirche-der-gottesmutter-gesundheit\/\" \/>\n<meta property=\"og:site_name\" content=\"Experience Krk\" \/>\n<meta property=\"article:modified_time\" content=\"2020-01-28T21:04:15+00:00\" \/>\n<meta name=\"twitter:card\" content=\"summary_large_image\" \/>\n<meta name=\"twitter:label1\" content=\"Gesch\u00e4tzte Lesezeit\">\n\t<meta name=\"twitter:data1\" content=\"1\u00a0Minute\">\n<script type=\"application\/ld+json\" class=\"yoast-schema-graph\">{\"@context\":\"https:\/\/schema.org\",\"@graph\":[{\"@type\":\"WebSite\",\"@id\":\"https:\/\/experiencekrk.com\/#website\",\"url\":\"https:\/\/experiencekrk.com\/\",\"name\":\"Experience Krk\",\"description\":\"Cultural Tours, Food &amp; Wine and more\",\"potentialAction\":[{\"@type\":\"SearchAction\",\"target\":\"https:\/\/experiencekrk.com\/?s={search_term_string}\",\"query-input\":\"required name=search_term_string\"}],\"inLanguage\":\"de\"},{\"@type\":\"WebPage\",\"@id\":\"https:\/\/experiencekrk.com\/de\/pilgerfahrt\/kirche-der-gottesmutter-gesundheit\/#webpage\",\"url\":\"https:\/\/experiencekrk.com\/de\/pilgerfahrt\/kirche-der-gottesmutter-gesundheit\/\",\"name\":\"Kirche der Gottesmutter Gesundheit - Experience Krk\",\"isPartOf\":{\"@id\":\"https:\/\/experiencekrk.com\/#website\"},\"datePublished\":\"2019-04-16T06:49:16+00:00\",\"dateModified\":\"2020-01-28T21:04:15+00:00\",\"breadcrumb\":{\"@id\":\"https:\/\/experiencekrk.com\/de\/pilgerfahrt\/kirche-der-gottesmutter-gesundheit\/#breadcrumb\"},\"inLanguage\":\"de\",\"potentialAction\":[{\"@type\":\"ReadAction\",\"target\":[\"https:\/\/experiencekrk.com\/de\/pilgerfahrt\/kirche-der-gottesmutter-gesundheit\/\"]}]},{\"@type\":\"BreadcrumbList\",\"@id\":\"https:\/\/experiencekrk.com\/de\/pilgerfahrt\/kirche-der-gottesmutter-gesundheit\/#breadcrumb\",\"itemListElement\":[{\"@type\":\"ListItem\",\"position\":1,\"item\":{\"@type\":\"WebPage\",\"@id\":\"https:\/\/experiencekrk.com\/de\/\",\"url\":\"https:\/\/experiencekrk.com\/de\/\",\"name\":\"Home\"}},{\"@type\":\"ListItem\",\"position\":2,\"item\":{\"@type\":\"WebPage\",\"@id\":\"https:\/\/experiencekrk.com\/de\/pilgerfahrt\/\",\"url\":\"https:\/\/experiencekrk.com\/de\/pilgerfahrt\/\",\"name\":\"Pilgerfahrt\"}},{\"@type\":\"ListItem\",\"position\":3,\"item\":{\"@type\":\"WebPage\",\"@id\":\"https:\/\/experiencekrk.com\/de\/pilgerfahrt\/kirche-der-gottesmutter-gesundheit\/\",\"url\":\"https:\/\/experiencekrk.com\/de\/pilgerfahrt\/kirche-der-gottesmutter-gesundheit\/\",\"name\":\"Kirche der Gottesmutter Gesundheit\"}}]}]}<\/script>\n<!-- \/ Yoast SEO plugin. -->","_links":{"self":[{"href":"https:\/\/experiencekrk.com\/de\/wp-json\/wp\/v2\/pages\/8638"}],"collection":[{"href":"https:\/\/experiencekrk.com\/de\/wp-json\/wp\/v2\/pages"}],"about":[{"href":"https:\/\/experiencekrk.com\/de\/wp-json\/wp\/v2\/types\/page"}],"author":[{"embeddable":true,"href":"https:\/\/experiencekrk.com\/de\/wp-json\/wp\/v2\/users\/1"}],"replies":[{"embeddable":true,"href":"https:\/\/experiencekrk.com\/de\/wp-json\/wp\/v2\/comments?post=8638"}],"version-history":[{"count":1,"href":"https:\/\/experiencekrk.com\/de\/wp-json\/wp\/v2\/pages\/8638\/revisions"}],"predecessor-version":[{"id":8639,"href":"https:\/\/experiencekrk.com\/de\/wp-json\/wp\/v2\/pages\/8638\/revisions\/8639"}],"up":[{"embeddable":true,"href":"https:\/\/experiencekrk.com\/de\/wp-json\/wp\/v2\/pages\/8621"}],"wp:attachment":[{"href":"https:\/\/experiencekrk.com\/de\/wp-json\/wp\/v2\/media?parent=8638"}],"curies":[{"name":"wp","href":"https:\/\/api.w.org\/{rel}","templated":true}]}}