{"id":8626,"date":"2019-04-16T06:23:07","date_gmt":"2019-04-16T06:23:07","guid":{"rendered":"https:\/\/experiencekrk.com\/pilgerfahrt\/cathedral-of-the-assumption-of-the-blessed-virgin-mary\/"},"modified":"2024-03-12T14:38:16","modified_gmt":"2024-03-12T14:38:16","slug":"kathedrale-mariae-himmelfahrt","status":"publish","type":"page","link":"https:\/\/experiencekrk.com\/de\/pilgerfahrt\/kathedrale-mariae-himmelfahrt\/","title":{"rendered":"Kathedrale Mari\u00e4 Himmelfahrt"},"content":{"rendered":"<p>[vc_row][vc_column]<div class=\"mkdf-section-title-holder\">\n\t<h1 class=\"mkdf-section-title mkdf-section-title-medium\" >\n\tKathedrale Mari\u00e4 Himmelfahrt<\/h1>\n<\/div>[vc_column_text]<span style=\"font-weight: 400;\">Die Kathedrale wurde auf den Resten der r\u00f6mischen B\u00e4der gebaut, auf dem Gel\u00e4nde wo das Taufbecken und die erste christliche Kathedrale im 5. Jahrhundert n. Chr. errichtet wurden. Jahrhunderte sp\u00e4ter erfuhr der Dom einige gr\u00f6\u00dfere Ver\u00e4nderungen. Der Glockenturm der Kathedrale ist eines der erkennbaren Symbole der Stadt, auf dessen Spitze der Engel stolz sitzt.<\/span>[\/vc_column_text][vc_empty_space]<div class=\"mkdf-image-gallery\">\n    <div class=\"mkdf-image-gallery-grid mkdf-gallery-columns-2 \">\n                    <div class=\"mkdf-gallery-image\">\n                <div class=\"mkdf-hover-holder\">\n                \t\n                                                                        <img src=\"https:\/\/experiencekrk.com\/wp-content\/uploads\/2019\/04\/City-of-Krk-pilgrimage-home-image-600x400.jpg\" alt=\"\" width=\"600\" height=\"400\" \/>                        \t\t\t\t\t                <\/div>\n            <\/div>\n                    <div class=\"mkdf-gallery-image\">\n                <div class=\"mkdf-hover-holder\">\n                \t\n                                                                        <img src=\"https:\/\/experiencekrk.com\/wp-content\/uploads\/2019\/04\/City-of-Krk-columns-inside-the-Cathedral-600x400.jpg\" alt=\"\" width=\"600\" height=\"400\" \/>                        \t\t\t\t\t                <\/div>\n            <\/div>\n            <\/div>\n<\/div>[vc_column_text][\/vc_column_text][\/vc_column][\/vc_row][vc_row][vc_column][vc_empty_space]<div class=\"mkdf-separator-holder clearfix  mkdf-separator-center mkdf-separator-full-width\">\n\t<div class=\"mkdf-separator\" style=\"border-color: #ebebeb;border-style: solid;border-bottom-width: 1px;margin-top: 20px;margin-bottom: 45px\"><\/div>\n<\/div>\n<div class=\"mkdf-section-title-holder\">\n\t<h1 class=\"mkdf-section-title mkdf-section-title-small\" >\n\tKontakt &amp; Standort<\/h1>\n<\/div>[vc_row_inner][vc_column_inner width=&#8221;1\/4&#8243;][vc_column_text]Adresse: Ul. Antuna Mahni\u0107a 27, 51500 Krk[\/vc_column_text][\/vc_column_inner][vc_column_inner width=&#8221;3\/4&#8243;][vc_raw_html]JTNDaWZyYW1lJTIwc3JjJTNEJTIyaHR0cHMlM0ElMkYlMkZ3d3cuZ29vZ2xlLmNvbSUyRm1hcHMlMkZlbWJlZCUzRnBiJTNEJTIxMW0xOCUyMTFtMTIlMjExbTMlMjExZDE4MTc0LjYxNjkzNTIzMTA2JTIxMmQxNC41NzkxNTQxMTEwNDM1MiUyMTNkNDUuMDI2MzUwMjk4MDcyMTQlMjEybTMlMjExZjAlMjEyZjAlMjEzZjAlMjEzbTIlMjExaTEwMjQlMjEyaTc2OCUyMTRmMTMuMSUyMTNtMyUyMTFtMiUyMTFzMHg0NzYzNzM2ODczNTZiOWNmJTI1M0EweDc4YjNjZDc3MDRjODA0MzglMjEyc0thdGVkcmElMjE1ZTAlMjEzbTIlMjExc2VuJTIxMnNociUyMTR2MTU1NTM5NjAzMjUzNSUyMTVtMiUyMTFzZW4lMjEyc2hyJTIyJTIwd2lkdGglM0QlMjI5ODAlMjIlMjBoZWlnaHQlM0QlMjIzNTAlMjIlMjBmcmFtZWJvcmRlciUzRCUyMjAlMjIlMjBzdHlsZSUzRCUyMmJvcmRlciUzQTAlMjIlMjBhbGxvd2Z1bGxzY3JlZW4lM0UlM0MlMkZpZnJhbWUlM0U=[\/vc_raw_html][\/vc_column_inner][\/vc_row_inner][\/vc_column][\/vc_row]<\/p>\n","protected":false},"excerpt":{"rendered":"<p>[vc_row][vc_column][vc_column_text]Die Kathedrale wurde auf den Resten der r\u00f6mischen B\u00e4der gebaut, auf dem Gel\u00e4nde wo das Taufbecken und die erste christliche Kathedrale im 5. Jahrhundert n. Chr. errichtet wurden. Jahrhunderte sp\u00e4ter erfuhr der Dom einige gr\u00f6\u00dfere Ver\u00e4nderungen. Der Glockenturm der Kathedrale ist eines der erkennbaren Symbole der Stadt, auf dessen Spitze der Engel stolz sitzt.[\/vc_column_text][vc_empty_space][vc_column_text][\/vc_column_text][\/vc_column][\/vc_row][vc_row][vc_column][vc_empty_space][vc_row_inner][vc_column_inner width=&#8221;1\/4&#8243;][vc_column_text]Adresse: Ul. Antuna Mahni\u0107a 27, 51500 Krk[\/vc_column_text][\/vc_column_inner][vc_column_inner width=&#8221;3\/4&#8243;][vc_raw_html]JTNDaWZyYW1lJTIwc3JjJTNEJTIyaHR0cHMlM0ElMkYlMkZ3d3cuZ29vZ2xlLmNvbSUyRm1hcHMlMkZlbWJlZCUzRnBiJTNEJTIxMW0xOCUyMTFtMTIlMjExbTMlMjExZDE4MTc0LjYxNjkzNTIzMTA2JTIxMmQxNC41NzkxNTQxMTEwNDM1MiUyMTNkNDUuMDI2MzUwMjk4MDcyMTQlMjEybTMlMjExZjAlMjEyZjAlMjEzZjAlMjEzbTIlMjExaTEwMjQlMjEyaTc2OCUyMTRmMTMuMSUyMTNtMyUyMTFtMiUyMTFzMHg0NzYzNzM2ODczNTZiOWNmJTI1M0EweDc4YjNjZDc3MDRjODA0MzglMjEyc0thdGVkcmElMjE1ZTAlMjEzbTIlMjExc2VuJTIxMnNociUyMTR2MTU1NTM5NjAzMjUzNSUyMTVtMiUyMTFzZW4lMjEyc2hyJTIyJTIwd2lkdGglM0QlMjI5ODAlMjIlMjBoZWlnaHQlM0QlMjIzNTAlMjIlMjBmcmFtZWJvcmRlciUzRCUyMjAlMjIlMjBzdHlsZSUzRCUyMmJvcmRlciUzQTAlMjIlMjBhbGxvd2Z1bGxzY3JlZW4lM0UlM0MlMkZpZnJhbWUlM0U=[\/vc_raw_html][\/vc_column_inner][\/vc_row_inner][\/vc_column][\/vc_row]<\/p>\n","protected":false},"author":1,"featured_media":0,"parent":8621,"menu_order":0,"comment_status":"closed","ping_status":"closed","template":"","meta":[],"yoast_head":"<!-- This site is optimized with the Yoast SEO plugin v16.0.1 - https:\/\/yoast.com\/wordpress\/plugins\/seo\/ -->\n<title>Kathedrale Mari\u00e4 Himmelfahrt - Experience Krk<\/title>\n<link rel=\"canonical\" href=\"https:\/\/experiencekrk.com\/de\/pilgerfahrt\/kathedrale-mariae-himmelfahrt\/\" \/>\n<meta property=\"og:locale\" content=\"de_DE\" \/>\n<meta property=\"og:type\" content=\"article\" \/>\n<meta property=\"og:title\" content=\"Kathedrale Mari\u00e4 Himmelfahrt - Experience Krk\" \/>\n<meta property=\"og:description\" content=\"[vc_row][vc_column][vc_column_text]Die Kathedrale wurde auf den Resten der r\u00f6mischen B\u00e4der gebaut, auf dem Gel\u00e4nde wo das Taufbecken und die erste christliche Kathedrale im 5. Jahrhundert n. Chr. errichtet wurden. Jahrhunderte sp\u00e4ter erfuhr der Dom einige gr\u00f6\u00dfere Ver\u00e4nderungen. Der Glockenturm der Kathedrale ist eines der erkennbaren Symbole der Stadt, auf dessen Spitze der Engel stolz sitzt.[\/vc_column_text][vc_empty_space][vc_column_text][\/vc_column_text][\/vc_column][\/vc_row][vc_row][vc_column][vc_empty_space][vc_row_inner][vc_column_inner width=&#8221;1\/4&#8243;][vc_column_text]Adresse: Ul. Antuna Mahni\u0107a 27, 51500 Krk[\/vc_column_text][\/vc_column_inner][vc_column_inner width=&#8221;3\/4&#8243;][vc_raw_html]JTNDaWZyYW1lJTIwc3JjJTNEJTIyaHR0cHMlM0ElMkYlMkZ3d3cuZ29vZ2xlLmNvbSUyRm1hcHMlMkZlbWJlZCUzRnBiJTNEJTIxMW0xOCUyMTFtMTIlMjExbTMlMjExZDE4MTc0LjYxNjkzNTIzMTA2JTIxMmQxNC41NzkxNTQxMTEwNDM1MiUyMTNkNDUuMDI2MzUwMjk4MDcyMTQlMjEybTMlMjExZjAlMjEyZjAlMjEzZjAlMjEzbTIlMjExaTEwMjQlMjEyaTc2OCUyMTRmMTMuMSUyMTNtMyUyMTFtMiUyMTFzMHg0NzYzNzM2ODczNTZiOWNmJTI1M0EweDc4YjNjZDc3MDRjODA0MzglMjEyc0thdGVkcmElMjE1ZTAlMjEzbTIlMjExc2VuJTIxMnNociUyMTR2MTU1NTM5NjAzMjUzNSUyMTVtMiUyMTFzZW4lMjEyc2hyJTIyJTIwd2lkdGglM0QlMjI5ODAlMjIlMjBoZWlnaHQlM0QlMjIzNTAlMjIlMjBmcmFtZWJvcmRlciUzRCUyMjAlMjIlMjBzdHlsZSUzRCUyMmJvcmRlciUzQTAlMjIlMjBhbGxvd2Z1bGxzY3JlZW4lM0UlM0MlMkZpZnJhbWUlM0U=[\/vc_raw_html][\/vc_column_inner][\/vc_row_inner][\/vc_column][\/vc_row]\" \/>\n<meta property=\"og:url\" content=\"https:\/\/experiencekrk.com\/de\/pilgerfahrt\/kathedrale-mariae-himmelfahrt\/\" \/>\n<meta property=\"og:site_name\" content=\"Experience Krk\" \/>\n<meta property=\"article:modified_time\" content=\"2024-03-12T14:38:16+00:00\" \/>\n<meta name=\"twitter:card\" content=\"summary_large_image\" \/>\n<meta name=\"twitter:label1\" content=\"Gesch\u00e4tzte Lesezeit\">\n\t<meta name=\"twitter:data1\" content=\"1\u00a0Minute\">\n<script type=\"application\/ld+json\" class=\"yoast-schema-graph\">{\"@context\":\"https:\/\/schema.org\",\"@graph\":[{\"@type\":\"WebSite\",\"@id\":\"https:\/\/experiencekrk.com\/#website\",\"url\":\"https:\/\/experiencekrk.com\/\",\"name\":\"Experience Krk\",\"description\":\"Cultural Tours, Food &amp; Wine and more\",\"potentialAction\":[{\"@type\":\"SearchAction\",\"target\":\"https:\/\/experiencekrk.com\/?s={search_term_string}\",\"query-input\":\"required name=search_term_string\"}],\"inLanguage\":\"de\"},{\"@type\":\"WebPage\",\"@id\":\"https:\/\/experiencekrk.com\/de\/pilgerfahrt\/kathedrale-mariae-himmelfahrt\/#webpage\",\"url\":\"https:\/\/experiencekrk.com\/de\/pilgerfahrt\/kathedrale-mariae-himmelfahrt\/\",\"name\":\"Kathedrale Mari\\u00e4 Himmelfahrt - Experience Krk\",\"isPartOf\":{\"@id\":\"https:\/\/experiencekrk.com\/#website\"},\"datePublished\":\"2019-04-16T06:23:07+00:00\",\"dateModified\":\"2024-03-12T14:38:16+00:00\",\"breadcrumb\":{\"@id\":\"https:\/\/experiencekrk.com\/de\/pilgerfahrt\/kathedrale-mariae-himmelfahrt\/#breadcrumb\"},\"inLanguage\":\"de\",\"potentialAction\":[{\"@type\":\"ReadAction\",\"target\":[\"https:\/\/experiencekrk.com\/de\/pilgerfahrt\/kathedrale-mariae-himmelfahrt\/\"]}]},{\"@type\":\"BreadcrumbList\",\"@id\":\"https:\/\/experiencekrk.com\/de\/pilgerfahrt\/kathedrale-mariae-himmelfahrt\/#breadcrumb\",\"itemListElement\":[{\"@type\":\"ListItem\",\"position\":1,\"item\":{\"@type\":\"WebPage\",\"@id\":\"https:\/\/experiencekrk.com\/de\/\",\"url\":\"https:\/\/experiencekrk.com\/de\/\",\"name\":\"Home\"}},{\"@type\":\"ListItem\",\"position\":2,\"item\":{\"@type\":\"WebPage\",\"@id\":\"https:\/\/experiencekrk.com\/de\/pilgerfahrt\/\",\"url\":\"https:\/\/experiencekrk.com\/de\/pilgerfahrt\/\",\"name\":\"Pilgerfahrt\"}},{\"@type\":\"ListItem\",\"position\":3,\"item\":{\"@type\":\"WebPage\",\"@id\":\"https:\/\/experiencekrk.com\/de\/pilgerfahrt\/kathedrale-mariae-himmelfahrt\/\",\"url\":\"https:\/\/experiencekrk.com\/de\/pilgerfahrt\/kathedrale-mariae-himmelfahrt\/\",\"name\":\"Kathedrale Mari\\u00e4 Himmelfahrt\"}}]}]}<\/script>\n<!-- \/ Yoast SEO plugin. -->","_links":{"self":[{"href":"https:\/\/experiencekrk.com\/de\/wp-json\/wp\/v2\/pages\/8626"}],"collection":[{"href":"https:\/\/experiencekrk.com\/de\/wp-json\/wp\/v2\/pages"}],"about":[{"href":"https:\/\/experiencekrk.com\/de\/wp-json\/wp\/v2\/types\/page"}],"author":[{"embeddable":true,"href":"https:\/\/experiencekrk.com\/de\/wp-json\/wp\/v2\/users\/1"}],"replies":[{"embeddable":true,"href":"https:\/\/experiencekrk.com\/de\/wp-json\/wp\/v2\/comments?post=8626"}],"version-history":[{"count":3,"href":"https:\/\/experiencekrk.com\/de\/wp-json\/wp\/v2\/pages\/8626\/revisions"}],"predecessor-version":[{"id":33358,"href":"https:\/\/experiencekrk.com\/de\/wp-json\/wp\/v2\/pages\/8626\/revisions\/33358"}],"up":[{"embeddable":true,"href":"https:\/\/experiencekrk.com\/de\/wp-json\/wp\/v2\/pages\/8621"}],"wp:attachment":[{"href":"https:\/\/experiencekrk.com\/de\/wp-json\/wp\/v2\/media?parent=8626"}],"curies":[{"name":"wp","href":"https:\/\/api.w.org\/{rel}","templated":true}]}}