{"id":8621,"date":"2019-04-16T05:49:41","date_gmt":"2019-04-16T05:49:41","guid":{"rendered":"https:\/\/experiencekrk.com\/pilgrimage\/"},"modified":"2020-01-30T16:38:37","modified_gmt":"2020-01-30T16:38:37","slug":"pilgerfahrt","status":"publish","type":"page","link":"https:\/\/experiencekrk.com\/de\/pilgerfahrt\/","title":{"rendered":"Pilgerfahrt"},"content":{"rendered":"<p>[vc_row][vc_column]<div class=\"mkdf-section-title-holder\">\n\t<h1 class=\"mkdf-section-title mkdf-section-title-medium\" >\n\tPilgrimage<\/h1>\n<\/div>[vc_column_text]<span style=\"font-weight: 400;\">Die ersten Anzeichen des Christentums auf der Insel Krk gehen auf das 5. Jahrhundert n. Chr. zur\u00fcck, als Krk unter dem r\u00f6mischen Reich stand. Die Kathedrale Mari\u00e4 Himmelfahrt in Krk wurde auf den Resten der r\u00f6mischen B\u00e4der gebaut. Die Kathedrale mit ihrem Glockenturm ist eines der erkennbarsten Symbole der Stadt.<\/span><\/p>\n<p><span style=\"font-weight: 400;\">Die Familie Frankopan war sehr religi\u00f6s und im Inneren der Kathedrale befindet sich ihre Familienkapelle. In der N\u00e4he der Kathedrale befindet sich auch die Kirche des heiligen Quirinus, des Stadtpatrons; Krk ist etwa 45 km vom Heiligtum der Muttergottes von Trsat entfernt.<\/span>[\/vc_column_text][\/vc_column][\/vc_row][vc_row][vc_column]<div class=\"mkdf-separator-holder clearfix  mkdf-separator-center mkdf-separator-full-width\">\n\t<div class=\"mkdf-separator\" style=\"border-color: #ebebeb;border-style: solid;border-bottom-width: 1px;margin-top: 20px;margin-bottom: 45px\"><\/div>\n<\/div>\n[vc_row_inner][vc_column_inner width=&#8221;1\/3&#8243;][vc_single_image image=&#8221;3307&#8243; img_size=&#8221;full&#8221; alignment=&#8221;center&#8221; style=&#8221;vc_box_rounded&#8221; onclick=&#8221;custom_link&#8221; link=&#8221;https:\/\/experiencekrk.com\/de\/pilgerfahrt\/kathedrale-mariae-himmelfahrt\/&#8221;][vc_column_text el_class=&#8221;custom-tour-text&#8221;]<\/p>\n<p style=\"text-align: center;\"><strong><a href=\"https:\/\/experiencekrk.com\/de\/pilgerfahrt\/kathedrale-mariae-himmelfahrt\/\"><span style=\"color: #870337;\">Kathedrale und Glockenturm<\/span><\/a><\/strong><\/p>\n<p>[\/vc_column_text][\/vc_column_inner][vc_column_inner width=&#8221;1\/3&#8243;][vc_single_image image=&#8221;3475&#8243; img_size=&#8221;full&#8221; alignment=&#8221;center&#8221; style=&#8221;vc_box_rounded&#8221; onclick=&#8221;custom_link&#8221; link=&#8221;https:\/\/experiencekrk.com\/de\/pilgerfahrt\/st-quirinus-kirche\/&#8221;][vc_column_text el_class=&#8221;custom-tour-text&#8221;]<\/p>\n<p style=\"text-align: center;\"><a href=\"https:\/\/experiencekrk.com\/de\/pilgerfahrt\/st-quirinus-kirche\/\"><span style=\"color: #870337;\"><strong><b><span style=\"font-weight: 400;\"><strong>St. Quirinus-Kirche<\/strong><\/span><\/b><\/strong><\/span><\/a><\/p>\n<p>[\/vc_column_text][\/vc_column_inner][vc_column_inner width=&#8221;1\/3&#8243;][vc_single_image image=&#8221;3486&#8243; img_size=&#8221;full&#8221; alignment=&#8221;center&#8221; style=&#8221;vc_box_rounded&#8221; onclick=&#8221;custom_link&#8221; link=&#8221;https:\/\/experiencekrk.com\/de\/pilgerfahrt\/kirche-der-gottesmutter-gesundheit\/&#8221;][vc_column_text el_class=&#8221;custom-tour-text&#8221; css=&#8221;.vc_custom_1580402304562{border-right-width: 0px !important;border-left-width: 0px !important;background-position: center !important;background-repeat: no-repeat !important;background-size: contain !important;}&#8221;]<\/p>\n<p style=\"text-align: center;\"><strong><a href=\"https:\/\/experiencekrk.com\/de\/pilgerfahrt\/kirche-der-gottesmutter-gesundheit\/\"><span style=\"color: #870337;\">Kirche der Gottesmutter Gesundheit<\/span><\/a><\/strong><\/p>\n<p>[\/vc_column_text][\/vc_column_inner][\/vc_row_inner][vc_empty_space][vc_row_inner][vc_column_inner width=&#8221;1\/3&#8243;][vc_single_image image=&#8221;3481&#8243; img_size=&#8221;full&#8221; alignment=&#8221;center&#8221; style=&#8221;vc_box_rounded&#8221; onclick=&#8221;custom_link&#8221; link=&#8221;https:\/\/experiencekrk.com\/de\/pilgerfahrt\/das-heiligtum-der-heiligen-jungfrau-maria-in-trsat\/&#8221;][vc_column_text el_class=&#8221;custom-tour-text&#8221;]<\/p>\n<p style=\"text-align: center;\"><strong><a href=\"https:\/\/experiencekrk.com\/de\/pilgerfahrt\/das-heiligtum-der-heiligen-jungfrau-maria-in-trsat\/\"><span style=\"color: #870337;\">Das Heiligtum in Trsat<\/span><\/a><\/strong><\/p>\n<p>[\/vc_column_text][\/vc_column_inner][vc_column_inner width=&#8221;1\/3&#8243;][vc_single_image image=&#8221;3471&#8243; img_size=&#8221;full&#8221; alignment=&#8221;center&#8221; style=&#8221;vc_box_rounded&#8221; onclick=&#8221;custom_link&#8221; link=&#8221;https:\/\/experiencekrk.com\/de\/pilgerfahrt\/die-kirche-des-heiligen-franziskus-und-sein-kloster\/&#8221;][vc_column_text el_class=&#8221;custom-tour-text&#8221;]<\/p>\n<p style=\"text-align: center;\"><strong><a href=\"https:\/\/experiencekrk.com\/de\/pilgerfahrt\/die-kirche-des-heiligen-franziskus-und-sein-kloster\/\"><span style=\"color: #870337;\">Sankt-Franziskus-Kirche<\/span><\/a><\/strong><\/p>\n<p>[\/vc_column_text][\/vc_column_inner][vc_column_inner width=&#8221;1\/3&#8243;][vc_single_image image=&#8221;3479&#8243; img_size=&#8221;full&#8221; alignment=&#8221;center&#8221; style=&#8221;vc_box_rounded&#8221; onclick=&#8221;custom_link&#8221; link=&#8221;https:\/\/experiencekrk.com\/de\/pilgerfahrt\/heiliger-donat-heiliger-grysogonus\/&#8221;][vc_column_text el_class=&#8221;custom-tour-text&#8221;]<\/p>\n<p style=\"text-align: center;\"><strong><a href=\"https:\/\/experiencekrk.com\/de\/pilgerfahrt\/heiliger-donat-heiliger-grysogonus\/\"><span style=\"color: #870337;\">Sankt Donat &amp; Sankt Grysogonus<\/span><\/a><\/strong><\/p>\n<p>[\/vc_column_text][\/vc_column_inner][\/vc_row_inner][\/vc_column][\/vc_row][vc_row][vc_column][vc_empty_space height=&#8221;40px&#8221;]<div class=\"mkdf-separator-holder clearfix  mkdf-separator-center mkdf-separator-full-width\">\n\t<div class=\"mkdf-separator\" style=\"border-color: #ebebeb;border-style: solid;border-bottom-width: 1px;margin-top: 20px;margin-bottom: 45px\"><\/div>\n<\/div>\n<div class=\"mkdf-section-title-holder\">\n\t<h1 class=\"mkdf-section-title mkdf-section-title-medium\" >\n\tEmpfohlene Touren<\/h1>\n<\/div><div class=\"mkdf-tours-list-holder mkdf-tours-gallery-with-hover\">\n\t\t\t\t\t\t<div class=\"mkdf-tours-list-pagination-data\">\n\t\t\t\t<input type=\"hidden\" name=\"order_by\" value=\"menu_order\">\n\t\t\t\t<input type=\"hidden\" name=\"order\" value=\"ASC\">\n\t\t\t\t<input type=\"hidden\" name=\"tour_category\" value=\"religious-tours\">\n\t\t\t\t<input type=\"hidden\" name=\"number\" value=\"2\">\n\t\t\t\t<input type=\"hidden\" name=\"thumb_size\" value=\"voyage_landscape\">\n\t\t\t\t<input type=\"hidden\" name=\"next_page\" value=\"2\">\n\t\t\t\t<input type=\"hidden\" name=\"tour_type\" value=\"standard\">\n\t\t\t\t<input type=\"hidden\" name=\"image_size\" value=\"landscape\">\n\t\t\t\t<input type=\"hidden\" name=\"text_length\" value=\"90\">\n\t\t\t<\/div>\n\t\t\n\t\t\n\t\t<div class=\"mkdf-tours-list-holder-inner mkdf-two-items\">\n\n\t\t\t\t\n\t<div class=\"mkdf-tour-list-item-inner post-6312 tour-item type-tour-item status-publish has-post-thumbnail hentry tour-category-religioes-touren tour-category-wandern\">\n\t\t<div class=\"mkdf-tours-standard-item post-6312 tour-item type-tour-item status-publish has-post-thumbnail hentry tour-category-religioes-touren tour-category-wandern\">\n\t\t\t<div class=\"mkdf-tours-standard-item-image-holder\">\n\t\t\t<a href=\"https:\/\/experiencekrk.com\/de\/tour-item\/camino-krk\/\">\n\t\t\t\t<img width=\"800\" height=\"600\" src=\"https:\/\/experiencekrk.com\/wp-content\/uploads\/2016\/02\/2019-10-04-12.17.53-800x600.jpg\" class=\"attachment-voyage_landscape size-voyage_landscape wp-post-image\" alt=\"\" loading=\"lazy\" srcset=\"https:\/\/experiencekrk.com\/wp-content\/uploads\/2016\/02\/2019-10-04-12.17.53-800x600.jpg 800w, https:\/\/experiencekrk.com\/wp-content\/uploads\/2016\/02\/2019-10-04-12.17.53-300x225.jpg 300w, https:\/\/experiencekrk.com\/wp-content\/uploads\/2016\/02\/2019-10-04-12.17.53-768x576.jpg 768w, https:\/\/experiencekrk.com\/wp-content\/uploads\/2016\/02\/2019-10-04-12.17.53-1024x768.jpg 1024w\" sizes=\"(max-width: 800px) 100vw, 800px\" \/>\n\t\t\t\t\t\t\t\t\t<span class=\"mkdf-tours-standard-item-label-holder\">\n\t\t\t\t\t\t\n\t\t<span class=\"mkdf-tour-item-label\">\n\t\t\t<span class=\"mkdf-tour-item-label-inner\">\n\t\t\t\t\t\t\t<\/span>\n\t\t<\/span>\n\n\t\t\t\t\t\t\t<\/span>\n\t\t\t\t\t\t\t<\/a>\n\t\t<\/div>\n\t\n\t<div class=\"mkdf-tours-standard-item-content-holder\">\n\t\t<div class=\"mkdf-tours-standard-item-title-price-holder\">\n\t\t\t<h5 class=\"mkdf-tour-title\" >\n\t\t\t\t<a href=\"https:\/\/experiencekrk.com\/de\/tour-item\/camino-krk\/\">Camino Krk<\/a>\n\n\t\t\t\t<span class=\"mkdf-tours-standard-item-price-holder\">\n\t\t\t\t\t\n\t\t<span class=\"mkdf-tours-price-holder\">\n\t\t\t\t\t\t\t\t<\/span>\n\n\t\t\t\t\t\t<\/span>\n\n\t\t\t<\/h5>\n\t\t<\/div>\n\n\t\t<div class=\"mkdf-tours-standard-item-rating\">\n\t\t\t\n\t\t\n\t\t\t\t<\/div>\n\n\t\t\t\t\t<div class=\"mkdf-tours-standard-item-excerpt\">\n\t\t\t\t[vc_row][vc_column][vc_column_text] ENGLISH &#8211; ITALIANO &#8211; HRVATSKI ** F\u00fcr mehr Informationen und die genaueste Karte, Besuchen Sie die offizielle Website: www.caminokrk.com Nach der Tradition der kroatischen Jakobusbruderschaften, die seit 1203 die Pilger auf ihrem Weg nach Santiago de Compostela unterst\u00fctzen, hat die kroatische Jakobusbruderschaft mit der Wiederbelebung der mittelalterlichen Pilgerwege nach Santiago de Compostela begonnen. Die Insel Krk wurde als erster Abschnitt des kroatischen Jakobsweges ausgew\u00e4hlt und offiziell mit gelben Pfeilen (mit den traditionellen kroatischen Symbolen) markiert. Ein offizieller kroatischer Ausweis (Pilgerpass) mit den Stempeln des Jakobsweges, die das lokale Kulturerbe...\t\t\t<\/div>\n\t\t\n\t\t<div class=\"mkdf-tours-standard-item-bottom-content\">\n\t\t\t\t\t\t\t<div class=\"mkdf-tours-standard-item-bottom-item\">\n\t\t\t\t\t\n\t\t\n\t\t\t<div class=\"mkdf-tour-duration-holder\">\n\t\t\t    <span class=\"mkdf-tour-duration-icon mkdf-tour-info-icon\">\n\t\t\t\t\t<span class=\"lnr lnr-undo\"><\/span>\n\t\t\t    <\/span>\n\t\t\t\t<span class=\"mkdf-tour-info-label\">\n\t\t\t\t\t1\t\t\t\t<\/span>\n\t\t\t<\/div>\n\n\t\t\n\t\t\t\t\t\t<\/div>\n\t\t\t\n\t\t\t\t\t<\/div>\n\t<\/div>\n<\/div>\t<\/div>\n\t\n\t<div class=\"mkdf-tour-list-item-inner post-8714 tour-item type-tour-item status-publish has-post-thumbnail hentry tour-category-geschichte-touren tour-category-religioes-touren\">\n\t\t<div class=\"mkdf-tours-standard-item post-8714 tour-item type-tour-item status-publish has-post-thumbnail hentry tour-category-geschichte-touren tour-category-religioes-touren\">\n\t\t\t<div class=\"mkdf-tours-standard-item-image-holder\">\n\t\t\t<a href=\"https:\/\/experiencekrk.com\/de\/tour-item\/sakrales-erbe-von-krk\/\">\n\t\t\t\t<img width=\"600\" height=\"400\" src=\"https:\/\/experiencekrk.com\/wp-content\/uploads\/2019\/04\/City-of-Krk-statue-and-columns-inside-the-Cathedral.jpg\" class=\"attachment-voyage_landscape size-voyage_landscape wp-post-image\" alt=\"\" loading=\"lazy\" srcset=\"https:\/\/experiencekrk.com\/wp-content\/uploads\/2019\/04\/City-of-Krk-statue-and-columns-inside-the-Cathedral.jpg 600w, https:\/\/experiencekrk.com\/wp-content\/uploads\/2019\/04\/City-of-Krk-statue-and-columns-inside-the-Cathedral-300x200.jpg 300w\" sizes=\"(max-width: 600px) 100vw, 600px\" \/>\n\t\t\t\t\t\t\t\t\t<span class=\"mkdf-tours-standard-item-label-holder\">\n\t\t\t\t\t\t\n\t\t<span class=\"mkdf-tour-item-label\">\n\t\t\t<span class=\"mkdf-tour-item-label-inner\">\n\t\t\t\t\t\t\t<\/span>\n\t\t<\/span>\n\n\t\t\t\t\t\t\t<\/span>\n\t\t\t\t\t\t\t<\/a>\n\t\t<\/div>\n\t\n\t<div class=\"mkdf-tours-standard-item-content-holder\">\n\t\t<div class=\"mkdf-tours-standard-item-title-price-holder\">\n\t\t\t<h5 class=\"mkdf-tour-title\" >\n\t\t\t\t<a href=\"https:\/\/experiencekrk.com\/de\/tour-item\/sakrales-erbe-von-krk\/\">Sakrales Erbe von Krk<\/a>\n\n\t\t\t\t<span class=\"mkdf-tours-standard-item-price-holder\">\n\t\t\t\t\t\n\t\t<span class=\"mkdf-tours-price-holder\">\n\t\t\t\t\t\t\t<span class=\"mkdf-tours-item-price\">$1<\/span>\n\t\t\t\t\t\t\t\t<\/span>\n\n\t\t\t\t\t\t<\/span>\n\n\t\t\t<\/h5>\n\t\t<\/div>\n\n\t\t<div class=\"mkdf-tours-standard-item-rating\">\n\t\t\t\n\t\t\n\t\t\t\t<\/div>\n\n\t\t\t\t\t<div class=\"mkdf-tours-standard-item-excerpt\">\n\t\t\t\t[vc_row][vc_column][vc_column_text]Der heilige Quirinus ist der Schutzpatron der Stadt Krk und jedes Jahr am Fest des heiligen Quirinus (4. Juni) feiern die Einheimischen. Hunderte von Pilgern kommen nach Krk, um an der heiligen Messe teilzunehmen, die in der Kathedrale abgehalten wird. Die Kathedrale Mari\u00e4 Himmelfahrt befindet sich in der N\u00e4he der Kirche des heiligen Quirinus, die eine wertvolle sakrale Sammlung dieser Goldenen Insel Krk besitzt. Ein weiterer wichtiger Teil der Stadt Krk in Bezug auf das sakrale Erbe ist der Platz der glagolitischen M\u00f6nche, den wir Ihnen ebenfalls empfehlen. Auf diesem...\t\t\t<\/div>\n\t\t\n\t\t<div class=\"mkdf-tours-standard-item-bottom-content\">\n\t\t\t\t\t\t\t<div class=\"mkdf-tours-standard-item-bottom-item\">\n\t\t\t\t\t\n\t\t\n\t\t\t<div class=\"mkdf-tour-duration-holder\">\n\t\t\t    <span class=\"mkdf-tour-duration-icon mkdf-tour-info-icon\">\n\t\t\t\t\t<span class=\"lnr lnr-undo\"><\/span>\n\t\t\t    <\/span>\n\t\t\t\t<span class=\"mkdf-tour-info-label\">\n\t\t\t\t\t1\t\t\t\t<\/span>\n\t\t\t<\/div>\n\n\t\t\n\t\t\t\t\t\t<\/div>\n\t\t\t\n\t\t\t\t\t\t\t<div class=\"mkdf-tours-standard-item-bottom-item\">\n\t\t\t\t\t\n\t\t\n\t\t\t<div class=\"mkdf-tour-min-age-holder\">\n\t\t\t    <span class=\"mkdf-tour-min-age-icon mkdf-tour-info-icon\">\n\t\t\t\t    <span class=\"lnr lnr-user\"><\/span>\n\t\t\t    <\/span>\n\n\t\t\t\t<span class=\"mkdf-tour-info-label\">\n\t\t\t\t\t1+\n\t\t\t\t\t\t\t\t\t<\/span>\n\t\t\t<\/div>\n\n\t\t\n\t\t\t\t\t\t<\/div>\n\t\t\t\t\t<\/div>\n\t<\/div>\n<\/div>\t<\/div>\n\n\t\t\t<div class=\"mkdf-tours-list-grid-sizer\"><\/div>\n\t\t<\/div>\n\n\t\t\n\n\t\t<\/div>[\/vc_column][\/vc_row]<\/p>\n","protected":false},"excerpt":{"rendered":"<p>[vc_row][vc_column][vc_column_text]Die ersten Anzeichen des Christentums auf der Insel Krk gehen auf das 5. Jahrhundert n. Chr. zur\u00fcck, als Krk unter dem r\u00f6mischen Reich stand. Die Kathedrale Mari\u00e4 Himmelfahrt in Krk wurde auf den Resten der r\u00f6mischen B\u00e4der gebaut. Die Kathedrale mit ihrem Glockenturm ist eines der erkennbarsten Symbole der Stadt. Die Familie Frankopan war sehr religi\u00f6s und im Inneren der Kathedrale befindet sich ihre Familienkapelle. In der N\u00e4he der Kathedrale befindet sich auch die Kirche des heiligen Quirinus, des Stadtpatrons; Krk ist etwa 45 km vom Heiligtum der Muttergottes von&#8230;<\/p>\n","protected":false},"author":1,"featured_media":0,"parent":0,"menu_order":0,"comment_status":"closed","ping_status":"closed","template":"","meta":[],"yoast_head":"<!-- This site is optimized with the Yoast SEO plugin v16.0.1 - https:\/\/yoast.com\/wordpress\/plugins\/seo\/ -->\n<title>Pilgerfahrt - Experience Krk<\/title>\n<link rel=\"canonical\" href=\"https:\/\/experiencekrk.com\/de\/pilgerfahrt\/\" \/>\n<meta property=\"og:locale\" content=\"de_DE\" \/>\n<meta property=\"og:type\" content=\"article\" \/>\n<meta property=\"og:title\" content=\"Pilgerfahrt - Experience Krk\" \/>\n<meta property=\"og:description\" content=\"[vc_row][vc_column][vc_column_text]Die ersten Anzeichen des Christentums auf der Insel Krk gehen auf das 5. Jahrhundert n. Chr. zur\u00fcck, als Krk unter dem r\u00f6mischen Reich stand. Die Kathedrale Mari\u00e4 Himmelfahrt in Krk wurde auf den Resten der r\u00f6mischen B\u00e4der gebaut. Die Kathedrale mit ihrem Glockenturm ist eines der erkennbarsten Symbole der Stadt. Die Familie Frankopan war sehr religi\u00f6s und im Inneren der Kathedrale befindet sich ihre Familienkapelle. In der N\u00e4he der Kathedrale befindet sich auch die Kirche des heiligen Quirinus, des Stadtpatrons; Krk ist etwa 45 km vom Heiligtum der Muttergottes von...\" \/>\n<meta property=\"og:url\" content=\"https:\/\/experiencekrk.com\/de\/pilgerfahrt\/\" \/>\n<meta property=\"og:site_name\" content=\"Experience Krk\" \/>\n<meta property=\"article:modified_time\" content=\"2020-01-30T16:38:37+00:00\" \/>\n<meta name=\"twitter:card\" content=\"summary_large_image\" \/>\n<meta name=\"twitter:label1\" content=\"Gesch\u00e4tzte Lesezeit\">\n\t<meta name=\"twitter:data1\" content=\"3\u00a0Minuten\">\n<script type=\"application\/ld+json\" class=\"yoast-schema-graph\">{\"@context\":\"https:\/\/schema.org\",\"@graph\":[{\"@type\":\"WebSite\",\"@id\":\"https:\/\/experiencekrk.com\/#website\",\"url\":\"https:\/\/experiencekrk.com\/\",\"name\":\"Experience Krk\",\"description\":\"Cultural Tours, Food &amp; Wine and more\",\"potentialAction\":[{\"@type\":\"SearchAction\",\"target\":\"https:\/\/experiencekrk.com\/?s={search_term_string}\",\"query-input\":\"required name=search_term_string\"}],\"inLanguage\":\"de\"},{\"@type\":\"WebPage\",\"@id\":\"https:\/\/experiencekrk.com\/de\/pilgerfahrt\/#webpage\",\"url\":\"https:\/\/experiencekrk.com\/de\/pilgerfahrt\/\",\"name\":\"Pilgerfahrt - Experience Krk\",\"isPartOf\":{\"@id\":\"https:\/\/experiencekrk.com\/#website\"},\"datePublished\":\"2019-04-16T05:49:41+00:00\",\"dateModified\":\"2020-01-30T16:38:37+00:00\",\"breadcrumb\":{\"@id\":\"https:\/\/experiencekrk.com\/de\/pilgerfahrt\/#breadcrumb\"},\"inLanguage\":\"de\",\"potentialAction\":[{\"@type\":\"ReadAction\",\"target\":[\"https:\/\/experiencekrk.com\/de\/pilgerfahrt\/\"]}]},{\"@type\":\"BreadcrumbList\",\"@id\":\"https:\/\/experiencekrk.com\/de\/pilgerfahrt\/#breadcrumb\",\"itemListElement\":[{\"@type\":\"ListItem\",\"position\":1,\"item\":{\"@type\":\"WebPage\",\"@id\":\"https:\/\/experiencekrk.com\/de\/\",\"url\":\"https:\/\/experiencekrk.com\/de\/\",\"name\":\"Home\"}},{\"@type\":\"ListItem\",\"position\":2,\"item\":{\"@type\":\"WebPage\",\"@id\":\"https:\/\/experiencekrk.com\/de\/pilgerfahrt\/\",\"url\":\"https:\/\/experiencekrk.com\/de\/pilgerfahrt\/\",\"name\":\"Pilgerfahrt\"}}]}]}<\/script>\n<!-- \/ Yoast SEO plugin. -->","_links":{"self":[{"href":"https:\/\/experiencekrk.com\/de\/wp-json\/wp\/v2\/pages\/8621"}],"collection":[{"href":"https:\/\/experiencekrk.com\/de\/wp-json\/wp\/v2\/pages"}],"about":[{"href":"https:\/\/experiencekrk.com\/de\/wp-json\/wp\/v2\/types\/page"}],"author":[{"embeddable":true,"href":"https:\/\/experiencekrk.com\/de\/wp-json\/wp\/v2\/users\/1"}],"replies":[{"embeddable":true,"href":"https:\/\/experiencekrk.com\/de\/wp-json\/wp\/v2\/comments?post=8621"}],"version-history":[{"count":3,"href":"https:\/\/experiencekrk.com\/de\/wp-json\/wp\/v2\/pages\/8621\/revisions"}],"predecessor-version":[{"id":9684,"href":"https:\/\/experiencekrk.com\/de\/wp-json\/wp\/v2\/pages\/8621\/revisions\/9684"}],"wp:attachment":[{"href":"https:\/\/experiencekrk.com\/de\/wp-json\/wp\/v2\/media?parent=8621"}],"curies":[{"name":"wp","href":"https:\/\/api.w.org\/{rel}","templated":true}]}}