{"id":8607,"date":"2019-04-15T17:30:08","date_gmt":"2019-04-15T17:30:08","guid":{"rendered":"https:\/\/experiencekrk.com\/geschichte-und-kultur\/temple-of-venus\/"},"modified":"2020-01-28T20:19:16","modified_gmt":"2020-01-28T20:19:16","slug":"venustempel","status":"publish","type":"page","link":"https:\/\/experiencekrk.com\/de\/geschichte-und-kultur\/venustempel\/","title":{"rendered":"Venustempel"},"content":{"rendered":"<p>[vc_row][vc_column]<div class=\"mkdf-section-title-holder\">\n\t<h1 class=\"mkdf-section-title mkdf-section-title-medium\" >\n\tVenustempel<\/h1>\n<\/div>[vc_column_text]<span style=\"font-weight: 400;\">Die \u00dcberreste des antiken Venustempels sind im Gesch\u00e4ft Memento, im alten Stadtzentrum von Krk, zu sehen. Die \u00dcberreste des Tempels sind durch den Glasboden im Inneren des Gesch\u00e4ftes zu sehen.<\/span><\/p>\n<p><span style=\"font-weight: 400;\">Venus war die r\u00f6mische G\u00f6ttin der Liebe, Sch\u00f6nheit und Ehe. Im r\u00f6mischen Reich war die Zahl der Venus gewidmeten Tempel deutlich geringer als die Zahl der Tempel, die f\u00fcr andere r\u00f6mische G\u00f6tter gebaut wurden. Daher ist dieser Tempel, der aus dem 1. Jahrhundert v. Chr. stammt, der einzige Tempel, der der G\u00f6ttin Venus auf der \u00f6stlichen Seite der Adria (von Griechenland bis Italien) gewidmet ist, was ihn noch spektakul\u00e4rer macht.<\/span>[\/vc_column_text][vc_empty_space]<div class=\"mkdf-image-gallery\">\n    <div class=\"mkdf-image-gallery-grid mkdf-gallery-columns-2 \">\n                    <div class=\"mkdf-gallery-image\">\n                <div class=\"mkdf-hover-holder\">\n                \t\n                                                                        <img src=\"https:\/\/experiencekrk.com\/wp-content\/uploads\/2019\/04\/City-of-Krk-Temple-of-Venus-600x400.jpg\" alt=\"\" width=\"600\" height=\"400\" \/>                        \t\t\t\t\t                <\/div>\n            <\/div>\n                    <div class=\"mkdf-gallery-image\">\n                <div class=\"mkdf-hover-holder\">\n                \t\n                                                                        <img src=\"https:\/\/experiencekrk.com\/wp-content\/uploads\/2019\/04\/City-of-Krk-ancient-altar-at-caffe-bar-Volsonis-600x400.jpg\" alt=\"the historical tours of Krk and its rich historical heritage from the ancient Europe times\" width=\"600\" height=\"400\" \/>                        \t\t\t\t\t                <\/div>\n            <\/div>\n            <\/div>\n<\/div>[vc_column_text][\/vc_column_text][\/vc_column][\/vc_row][vc_row][vc_column][vc_empty_space]<div class=\"mkdf-separator-holder clearfix  mkdf-separator-center mkdf-separator-full-width\">\n\t<div class=\"mkdf-separator\" style=\"border-color: #ebebeb;border-style: solid;border-bottom-width: 1px;margin-top: 20px;margin-bottom: 45px\"><\/div>\n<\/div>\n<div class=\"mkdf-section-title-holder\">\n\t<h1 class=\"mkdf-section-title mkdf-section-title-small\" >\n\tKontakt<\/h1>\n<\/div>[vc_row_inner][vc_column_inner width=&#8221;1\/4&#8243;][vc_column_text]<strong>Venus-Tempel<\/strong><br \/>\n(im Shop Memento)<\/p>\n<p>Telefon: <a href=\"tel:+38551520662\">+385 51 520 662<\/a><br \/>\nE-mail: <a href=\"mailto:info@memento-venerem.com\">info@memento-venerem.com<\/a><br \/>\nAdresse: A. Mahni\u0107a 3, 51500 Krk[\/vc_column_text][\/vc_column_inner][vc_column_inner width=&#8221;3\/4&#8243;][vc_raw_html]JTNDaWZyYW1lJTIwc3JjJTNEJTIyaHR0cHMlM0ElMkYlMkZ3d3cuZ29vZ2xlLmNvbSUyRm1hcHMlMkZlbWJlZCUzRnBiJTNEJTIxMW0xOCUyMTFtMTIlMjExbTMlMjExZDEwMzQzLjk3NDIzMTczMzQ3MSUyMTJkMTQuNTY5MTAwNzkzODMzMTc4JTIxM2Q0NS4wMjM5OTY5NzQ1NzYxJTIxMm0zJTIxMWYwJTIxMmYwJTIxM2YwJTIxM20yJTIxMWkxMDI0JTIxMmk3NjglMjE0ZjEzLjElMjEzbTMlMjExbTIlMjExczB4MCUyNTNBMHhlOGJhOGQ1MTdlMDRkYTcwJTIxMnNULk8uJTJCTWVtZW50byUyMTVlMCUyMTNtMiUyMTFzZW4lMjEyc2hyJTIxNHYxNTU1MzQ5NjE0ODQ0JTIxNW0yJTIxMXNlbiUyMTJzaHIlMjIlMjB3aWR0aCUzRCUyMjk4MCUyMiUyMGhlaWdodCUzRCUyMjM1MCUyMiUyMGZyYW1lYm9yZGVyJTNEJTIyMCUyMiUyMHN0eWxlJTNEJTIyYm9yZGVyJTNBMCUyMiUyMGFsbG93ZnVsbHNjcmVlbiUzRSUzQyUyRmlmcmFtZSUzRQ==[\/vc_raw_html][\/vc_column_inner][\/vc_row_inner][\/vc_column][\/vc_row]<\/p>\n","protected":false},"excerpt":{"rendered":"<p>[vc_row][vc_column][vc_column_text]Die \u00dcberreste des antiken Venustempels sind im Gesch\u00e4ft Memento, im alten Stadtzentrum von Krk, zu sehen. Die \u00dcberreste des Tempels sind durch den Glasboden im Inneren des Gesch\u00e4ftes zu sehen. Venus war die r\u00f6mische G\u00f6ttin der Liebe, Sch\u00f6nheit und Ehe. Im r\u00f6mischen Reich war die Zahl der Venus gewidmeten Tempel deutlich geringer als die Zahl der Tempel, die f\u00fcr andere r\u00f6mische G\u00f6tter gebaut wurden. Daher ist dieser Tempel, der aus dem 1. Jahrhundert v. Chr. stammt, der einzige Tempel, der der G\u00f6ttin Venus auf der \u00f6stlichen Seite der Adria (von&#8230;<\/p>\n","protected":false},"author":1,"featured_media":0,"parent":8564,"menu_order":0,"comment_status":"closed","ping_status":"closed","template":"","meta":[],"yoast_head":"<!-- This site is optimized with the Yoast SEO plugin v16.0.1 - https:\/\/yoast.com\/wordpress\/plugins\/seo\/ -->\n<title>Venustempel - Experience Krk<\/title>\n<link rel=\"canonical\" href=\"https:\/\/experiencekrk.com\/de\/geschichte-und-kultur\/venustempel\/\" \/>\n<meta property=\"og:locale\" content=\"de_DE\" \/>\n<meta property=\"og:type\" content=\"article\" \/>\n<meta property=\"og:title\" content=\"Venustempel - Experience Krk\" \/>\n<meta property=\"og:description\" content=\"[vc_row][vc_column][vc_column_text]Die \u00dcberreste des antiken Venustempels sind im Gesch\u00e4ft Memento, im alten Stadtzentrum von Krk, zu sehen. Die \u00dcberreste des Tempels sind durch den Glasboden im Inneren des Gesch\u00e4ftes zu sehen. Venus war die r\u00f6mische G\u00f6ttin der Liebe, Sch\u00f6nheit und Ehe. Im r\u00f6mischen Reich war die Zahl der Venus gewidmeten Tempel deutlich geringer als die Zahl der Tempel, die f\u00fcr andere r\u00f6mische G\u00f6tter gebaut wurden. Daher ist dieser Tempel, der aus dem 1. Jahrhundert v. Chr. stammt, der einzige Tempel, der der G\u00f6ttin Venus auf der \u00f6stlichen Seite der Adria (von...\" \/>\n<meta property=\"og:url\" content=\"https:\/\/experiencekrk.com\/de\/geschichte-und-kultur\/venustempel\/\" \/>\n<meta property=\"og:site_name\" content=\"Experience Krk\" \/>\n<meta property=\"article:modified_time\" content=\"2020-01-28T20:19:16+00:00\" \/>\n<meta name=\"twitter:card\" content=\"summary_large_image\" \/>\n<meta name=\"twitter:label1\" content=\"Gesch\u00e4tzte Lesezeit\">\n\t<meta name=\"twitter:data1\" content=\"2\u00a0Minuten\">\n<script type=\"application\/ld+json\" class=\"yoast-schema-graph\">{\"@context\":\"https:\/\/schema.org\",\"@graph\":[{\"@type\":\"WebSite\",\"@id\":\"https:\/\/experiencekrk.com\/#website\",\"url\":\"https:\/\/experiencekrk.com\/\",\"name\":\"Experience Krk\",\"description\":\"Cultural Tours, Food &amp; Wine and more\",\"potentialAction\":[{\"@type\":\"SearchAction\",\"target\":\"https:\/\/experiencekrk.com\/?s={search_term_string}\",\"query-input\":\"required name=search_term_string\"}],\"inLanguage\":\"de\"},{\"@type\":\"WebPage\",\"@id\":\"https:\/\/experiencekrk.com\/de\/geschichte-und-kultur\/venustempel\/#webpage\",\"url\":\"https:\/\/experiencekrk.com\/de\/geschichte-und-kultur\/venustempel\/\",\"name\":\"Venustempel - Experience Krk\",\"isPartOf\":{\"@id\":\"https:\/\/experiencekrk.com\/#website\"},\"datePublished\":\"2019-04-15T17:30:08+00:00\",\"dateModified\":\"2020-01-28T20:19:16+00:00\",\"breadcrumb\":{\"@id\":\"https:\/\/experiencekrk.com\/de\/geschichte-und-kultur\/venustempel\/#breadcrumb\"},\"inLanguage\":\"de\",\"potentialAction\":[{\"@type\":\"ReadAction\",\"target\":[\"https:\/\/experiencekrk.com\/de\/geschichte-und-kultur\/venustempel\/\"]}]},{\"@type\":\"BreadcrumbList\",\"@id\":\"https:\/\/experiencekrk.com\/de\/geschichte-und-kultur\/venustempel\/#breadcrumb\",\"itemListElement\":[{\"@type\":\"ListItem\",\"position\":1,\"item\":{\"@type\":\"WebPage\",\"@id\":\"https:\/\/experiencekrk.com\/de\/\",\"url\":\"https:\/\/experiencekrk.com\/de\/\",\"name\":\"Home\"}},{\"@type\":\"ListItem\",\"position\":2,\"item\":{\"@type\":\"WebPage\",\"@id\":\"https:\/\/experiencekrk.com\/de\/geschichte-und-kultur\/\",\"url\":\"https:\/\/experiencekrk.com\/de\/geschichte-und-kultur\/\",\"name\":\"Geschichte und Kultur\"}},{\"@type\":\"ListItem\",\"position\":3,\"item\":{\"@type\":\"WebPage\",\"@id\":\"https:\/\/experiencekrk.com\/de\/geschichte-und-kultur\/venustempel\/\",\"url\":\"https:\/\/experiencekrk.com\/de\/geschichte-und-kultur\/venustempel\/\",\"name\":\"Venustempel\"}}]}]}<\/script>\n<!-- \/ Yoast SEO plugin. -->","_links":{"self":[{"href":"https:\/\/experiencekrk.com\/de\/wp-json\/wp\/v2\/pages\/8607"}],"collection":[{"href":"https:\/\/experiencekrk.com\/de\/wp-json\/wp\/v2\/pages"}],"about":[{"href":"https:\/\/experiencekrk.com\/de\/wp-json\/wp\/v2\/types\/page"}],"author":[{"embeddable":true,"href":"https:\/\/experiencekrk.com\/de\/wp-json\/wp\/v2\/users\/1"}],"replies":[{"embeddable":true,"href":"https:\/\/experiencekrk.com\/de\/wp-json\/wp\/v2\/comments?post=8607"}],"version-history":[{"count":2,"href":"https:\/\/experiencekrk.com\/de\/wp-json\/wp\/v2\/pages\/8607\/revisions"}],"predecessor-version":[{"id":8610,"href":"https:\/\/experiencekrk.com\/de\/wp-json\/wp\/v2\/pages\/8607\/revisions\/8610"}],"up":[{"embeddable":true,"href":"https:\/\/experiencekrk.com\/de\/wp-json\/wp\/v2\/pages\/8564"}],"wp:attachment":[{"href":"https:\/\/experiencekrk.com\/de\/wp-json\/wp\/v2\/media?parent=8607"}],"curies":[{"name":"wp","href":"https:\/\/api.w.org\/{rel}","templated":true}]}}