{"id":8597,"date":"2019-04-15T17:38:15","date_gmt":"2019-04-15T17:38:15","guid":{"rendered":"https:\/\/experiencekrk.com\/geschichte-und-kultur\/glagolitic-trail\/"},"modified":"2020-01-28T20:05:26","modified_gmt":"2020-01-28T20:05:26","slug":"glagolitischer-pfad","status":"publish","type":"page","link":"https:\/\/experiencekrk.com\/de\/geschichte-und-kultur\/glagolitischer-pfad\/","title":{"rendered":"Glagolitischer Pfad"},"content":{"rendered":"<p>[vc_row][vc_column]<div class=\"mkdf-section-title-holder\">\n\t<h1 class=\"mkdf-section-title mkdf-section-title-medium\" >\n\tBaska Glagolitische Alphabet Spur<\/h1>\n<\/div>[vc_row_inner][vc_column_inner width=&#8221;1\/2&#8243;][vc_column_text]<\/p>\n<h3>Ba\u0161ka-Tafel<\/h3>\n<p><span style=\"font-weight: 400;\">Die Ba\u0161ka-Tafel ist eines der wertvollsten kroatischen Denkm\u00e4ler. Sie ist die \u00e4lteste historische Aufzeichnung (aus dem Jahre 1105 n. Chr.), die in kroatischer Sprache geschrieben und in kroatisch-glagolitischer Schrift in Stein gemei\u00dfelt ist. Dieses alte Denkmal ist auch das erste Dokument der kroatischen Staatlichkeit.<\/span><\/p>\n<p><span style=\"font-weight: 400;\">Dieses einzigartige historische Dokument inspirierte die Schaffung des glagolitischen Pfades. Es war eine historische Schenkungsurkunde, in der der kroatische K\u00f6nig Zvonimir, das Land Jurandvor dem Orden des Heiligen Benedikt aus der Abtei St. Lucia schenkte.<\/span>[\/vc_column_text][\/vc_column_inner][vc_column_inner width=&#8221;1\/2&#8243;]<div class=\"mkdf-image-gallery\">\n\t<div class=\"mkdf-image-gallery-slider \" data-autoplay=\"5\" data-animation=\"slide\" data-navigation=\"yes\" data-pagination=\"yes\">\n\t\t\t\t\t\t\t\t\t<img width=\"1200\" height=\"800\" src=\"https:\/\/experiencekrk.com\/wp-content\/uploads\/2019\/08\/Experience-Krk-Baska-tablet-1.jpg\" class=\"attachment-full size-full\" alt=\"\" loading=\"lazy\" srcset=\"https:\/\/experiencekrk.com\/wp-content\/uploads\/2019\/08\/Experience-Krk-Baska-tablet-1.jpg 1200w, https:\/\/experiencekrk.com\/wp-content\/uploads\/2019\/08\/Experience-Krk-Baska-tablet-1-300x200.jpg 300w, https:\/\/experiencekrk.com\/wp-content\/uploads\/2019\/08\/Experience-Krk-Baska-tablet-1-768x512.jpg 768w, https:\/\/experiencekrk.com\/wp-content\/uploads\/2019\/08\/Experience-Krk-Baska-tablet-1-1024x683.jpg 1024w\" sizes=\"(max-width: 1200px) 100vw, 1200px\" \/>\t\t\t\t\t\t\t\t\t\t\t\t\t<img width=\"1200\" height=\"800\" src=\"https:\/\/experiencekrk.com\/wp-content\/uploads\/2019\/08\/Experience-Krk-Baska-tablet.jpg\" class=\"attachment-full size-full\" alt=\"\" loading=\"lazy\" srcset=\"https:\/\/experiencekrk.com\/wp-content\/uploads\/2019\/08\/Experience-Krk-Baska-tablet.jpg 1200w, https:\/\/experiencekrk.com\/wp-content\/uploads\/2019\/08\/Experience-Krk-Baska-tablet-300x200.jpg 300w, https:\/\/experiencekrk.com\/wp-content\/uploads\/2019\/08\/Experience-Krk-Baska-tablet-768x512.jpg 768w, https:\/\/experiencekrk.com\/wp-content\/uploads\/2019\/08\/Experience-Krk-Baska-tablet-1024x683.jpg 1024w\" sizes=\"(max-width: 1200px) 100vw, 1200px\" \/>\t\t\t\t\t\t\t<\/div>\n<\/div>[\/vc_column_inner][\/vc_row_inner][vc_empty_space height=&#8221;17px&#8221;][vc_column_text][\/vc_column_text][vc_row_inner][vc_column_inner width=&#8221;1\/2&#8243; offset=&#8221;vc_hidden-sm vc_hidden-xs&#8221;]<div class=\"mkdf-image-gallery\">\n\t<div class=\"mkdf-image-gallery-slider \" data-autoplay=\"5\" data-animation=\"slide\" data-navigation=\"yes\" data-pagination=\"yes\">\n\t\t\t\t\t\t\t\t\t<img width=\"1200\" height=\"800\" src=\"https:\/\/experiencekrk.com\/wp-content\/uploads\/2019\/08\/Experience-Krk-Glagolitic-trail.jpg\" class=\"attachment-full size-full\" alt=\"\" loading=\"lazy\" srcset=\"https:\/\/experiencekrk.com\/wp-content\/uploads\/2019\/08\/Experience-Krk-Glagolitic-trail.jpg 1200w, https:\/\/experiencekrk.com\/wp-content\/uploads\/2019\/08\/Experience-Krk-Glagolitic-trail-300x200.jpg 300w, https:\/\/experiencekrk.com\/wp-content\/uploads\/2019\/08\/Experience-Krk-Glagolitic-trail-768x512.jpg 768w, https:\/\/experiencekrk.com\/wp-content\/uploads\/2019\/08\/Experience-Krk-Glagolitic-trail-1024x683.jpg 1024w\" sizes=\"(max-width: 1200px) 100vw, 1200px\" \/>\t\t\t\t\t\t\t\t\t\t\t\t\t<img width=\"1200\" height=\"800\" src=\"https:\/\/experiencekrk.com\/wp-content\/uploads\/2019\/08\/Experience-Krk-Glagolitic-trail-2.jpg\" class=\"attachment-full size-full\" alt=\"\" loading=\"lazy\" srcset=\"https:\/\/experiencekrk.com\/wp-content\/uploads\/2019\/08\/Experience-Krk-Glagolitic-trail-2.jpg 1200w, https:\/\/experiencekrk.com\/wp-content\/uploads\/2019\/08\/Experience-Krk-Glagolitic-trail-2-300x200.jpg 300w, https:\/\/experiencekrk.com\/wp-content\/uploads\/2019\/08\/Experience-Krk-Glagolitic-trail-2-768x512.jpg 768w, https:\/\/experiencekrk.com\/wp-content\/uploads\/2019\/08\/Experience-Krk-Glagolitic-trail-2-1024x683.jpg 1024w\" sizes=\"(max-width: 1200px) 100vw, 1200px\" \/>\t\t\t\t\t\t\t\t\t\t\t\t\t<img width=\"1200\" height=\"800\" src=\"https:\/\/experiencekrk.com\/wp-content\/uploads\/2019\/08\/Experience-Krk-Glagolitic-trail-3.jpg\" class=\"attachment-full size-full\" alt=\"the historical tours of Krk and its rich historical heritage from the ancient Europe times\" loading=\"lazy\" srcset=\"https:\/\/experiencekrk.com\/wp-content\/uploads\/2019\/08\/Experience-Krk-Glagolitic-trail-3.jpg 1200w, https:\/\/experiencekrk.com\/wp-content\/uploads\/2019\/08\/Experience-Krk-Glagolitic-trail-3-300x200.jpg 300w, https:\/\/experiencekrk.com\/wp-content\/uploads\/2019\/08\/Experience-Krk-Glagolitic-trail-3-768x512.jpg 768w, https:\/\/experiencekrk.com\/wp-content\/uploads\/2019\/08\/Experience-Krk-Glagolitic-trail-3-1024x683.jpg 1024w\" sizes=\"(max-width: 1200px) 100vw, 1200px\" \/>\t\t\t\t\t\t\t<\/div>\n<\/div>[\/vc_column_inner][vc_column_inner width=&#8221;1\/2&#8243; offset=&#8221;vc_hidden-sm vc_hidden-xs&#8221;][vc_column_text]<\/p>\n<h3>Informationen \u00fcber den glagolitischen Alphabetpfad von Baska<\/h3>\n<p><span style=\"font-weight: 400;\">Baska Glagolitic Alphabetpfad (Ba\u0161\u0107anska staza glagoljice &#8211; BSG) ist der kroatische historische Au\u00dfenweg, der mit der Absicht geschaffen wurde, im Baska-Tal ein Denkmal zu errichten, das die neuen Generationen an die Bedeutung der glagolitischen und der Baska-Tafel in der kroatischen Geschichte und Kultur erinnern soll. Der Pfad spielt eine wichtige Rolle bei der Erhaltung und Pr\u00e4sentation des traditionellen Erbes der Insel Krk.<\/span><\/p>\n<p><span style=\"font-weight: 400;\">Die <\/span><a href=\"https:\/\/experiencekrk.com\/brochure-glagolitic-trail.pdf\"><span style=\"font-weight: 400;\">Brosch\u00fcre mit weiteren Informationen k\u00f6nnen Sie hier herunterladen.<\/span><\/a><\/p>\n<p>[\/vc_column_text][\/vc_column_inner][\/vc_row_inner][vc_empty_space height=&#8221;17px&#8221;][vc_row_inner][vc_column_inner width=&#8221;1\/2&#8243; offset=&#8221;vc_hidden-sm vc_hidden-xs&#8221;][vc_column_text]<span style=\"font-weight: 400;\">Der Pfad enth\u00e4lt 34 Steinskulpturen mit eingravierten glagolitischen Buchstaben, die an einigen wichtigen Orten angeordnet und aufgestellt sind, vom Treskavac-Pass entlang der Hauptstra\u00dfe bis nach Draga Ba\u0161\u0107anska, Jurandvor, entlang der Sv. Ivan auf dem H\u00fcgel bis zur letzten Skulptur auf dem Kap Kricin vor der Bucht von Bunculuka. Die F\u00fchrung des Weges wird f\u00fcr Gruppen in kroatischer, slowenischer und englischer Sprache angeboten und dauert etwa 2 Stunden.<\/span><\/p>\n<p><span style=\"font-weight: 400;\">F\u00fcr weitere Informationen \u00fcber den Pfad kontaktieren Sie bitte den Verein Sinjali:<\/span><\/p>\n<p>Mobil: <a href=\"tel:+385911856533\">+385 91 185 6533<\/a>, <a href=\"tel:+385917502976\">+385 91 750 2976<\/a><br \/>\nE-mail: <a href=\"mailto:info@sinjali.hr\">info@sinjali.hr<\/a>[\/vc_column_text][\/vc_column_inner][vc_column_inner width=&#8221;1\/2&#8243; offset=&#8221;vc_hidden-sm vc_hidden-xs&#8221;]<div class=\"mkdf-image-gallery\">\n\t<div class=\"mkdf-image-gallery-slider \" data-autoplay=\"5\" data-animation=\"slide\" data-navigation=\"yes\" data-pagination=\"yes\">\n\t\t\t\t\t\t\t\t\t<img width=\"1200\" height=\"800\" src=\"https:\/\/experiencekrk.com\/wp-content\/uploads\/2019\/08\/Experience-Krk-Baska-tablet-1.jpg\" class=\"attachment-full size-full\" alt=\"\" loading=\"lazy\" srcset=\"https:\/\/experiencekrk.com\/wp-content\/uploads\/2019\/08\/Experience-Krk-Baska-tablet-1.jpg 1200w, https:\/\/experiencekrk.com\/wp-content\/uploads\/2019\/08\/Experience-Krk-Baska-tablet-1-300x200.jpg 300w, https:\/\/experiencekrk.com\/wp-content\/uploads\/2019\/08\/Experience-Krk-Baska-tablet-1-768x512.jpg 768w, https:\/\/experiencekrk.com\/wp-content\/uploads\/2019\/08\/Experience-Krk-Baska-tablet-1-1024x683.jpg 1024w\" sizes=\"(max-width: 1200px) 100vw, 1200px\" \/>\t\t\t\t\t\t\t\t\t\t\t\t\t<img width=\"1200\" height=\"800\" src=\"https:\/\/experiencekrk.com\/wp-content\/uploads\/2019\/08\/Experience-Krk-Baska-tablet.jpg\" class=\"attachment-full size-full\" alt=\"\" loading=\"lazy\" srcset=\"https:\/\/experiencekrk.com\/wp-content\/uploads\/2019\/08\/Experience-Krk-Baska-tablet.jpg 1200w, https:\/\/experiencekrk.com\/wp-content\/uploads\/2019\/08\/Experience-Krk-Baska-tablet-300x200.jpg 300w, https:\/\/experiencekrk.com\/wp-content\/uploads\/2019\/08\/Experience-Krk-Baska-tablet-768x512.jpg 768w, https:\/\/experiencekrk.com\/wp-content\/uploads\/2019\/08\/Experience-Krk-Baska-tablet-1024x683.jpg 1024w\" sizes=\"(max-width: 1200px) 100vw, 1200px\" \/>\t\t\t\t\t\t\t<\/div>\n<\/div>[\/vc_column_inner][\/vc_row_inner][vc_empty_space height=&#8221;17px&#8221;][vc_row_inner][vc_column_inner width=&#8221;1\/2&#8243; offset=&#8221;vc_hidden-sm vc_hidden-xs&#8221;]<div class=\"mkdf-image-gallery\">\n\t<div class=\"mkdf-image-gallery-slider \" data-autoplay=\"5\" data-animation=\"slide\" data-navigation=\"yes\" data-pagination=\"yes\">\n\t\t\t\t\t\t\t\t\t<img src=\"https:\/\/experiencekrk.com\/wp-content\/uploads\/2019\/08\/TZKrk-Krk-Sails-10-1200x900.jpg\" alt=\"\" width=\"1200\" height=\"900\" \/>\t\t\t\t\t\t\t\t\t\t\t\t\t<img src=\"https:\/\/experiencekrk.com\/wp-content\/uploads\/2019\/08\/Senki\u00d1-doo-Privjesci-sa-slovima-glagoljice-01-1200x900.jpg\" alt=\"\" width=\"1200\" height=\"900\" \/>\t\t\t\t\t\t\t\t\t\t\t\t\t<img src=\"https:\/\/experiencekrk.com\/wp-content\/uploads\/2019\/08\/Sr-an-Hulak-Triptih-fotografija-Otok-Krk-Kattel-300dpi-1200x900.jpg\" alt=\"\" width=\"1200\" height=\"900\" \/>\t\t\t\t\t\t\t\t\t\t\t\t\t<img src=\"https:\/\/experiencekrk.com\/wp-content\/uploads\/2019\/08\/Atelier-Ecostyle-jdoo-1200x900.jpg\" alt=\"\" width=\"1200\" height=\"900\" \/>\t\t\t\t\t\t\t\t\t\t\t\t\t<img src=\"https:\/\/experiencekrk.com\/wp-content\/uploads\/2019\/08\/Dana-Kru-\u00a6i\u00d1-1200x900.jpg\" alt=\"\" width=\"1200\" height=\"900\" \/>\t\t\t\t\t\t\t\t\t\t\t\t\t<img src=\"https:\/\/experiencekrk.com\/wp-content\/uploads\/2019\/08\/Darko-Dinter-2-1200x900.jpg\" alt=\"\" width=\"1200\" height=\"900\" \/>\t\t\t\t\t\t\t\t\t\t\t\t\t<img src=\"https:\/\/experiencekrk.com\/wp-content\/uploads\/2019\/08\/Darko-Dinter-3-1200x900.jpg\" alt=\"\" width=\"1200\" height=\"900\" \/>\t\t\t\t\t\t\t\t\t\t\t\t\t<img src=\"https:\/\/experiencekrk.com\/wp-content\/uploads\/2019\/08\/Darko-Dinter-4-1200x900.jpg\" alt=\"\" width=\"1200\" height=\"900\" \/>\t\t\t\t\t\t\t\t\t\t\t\t\t<img src=\"https:\/\/experiencekrk.com\/wp-content\/uploads\/2019\/08\/Darko-Dinter-1200x900.jpg\" alt=\"\" width=\"1200\" height=\"900\" \/>\t\t\t\t\t\t\t\t\t\t\t\t\t<img src=\"https:\/\/experiencekrk.com\/wp-content\/uploads\/2019\/08\/Helena-doo-Galerija-Stani\u00d1-Slovo-glagoljice-1200x900.jpg\" alt=\"\" width=\"1200\" height=\"900\" \/>\t\t\t\t\t\t\t\t\t\t\t\t\t<img src=\"https:\/\/experiencekrk.com\/wp-content\/uploads\/2019\/08\/Katica-Stani\u00d1-Medaljon-s-glagoljicom-1200x900.jpg\" alt=\"\" width=\"1200\" height=\"900\" \/>\t\t\t\t\t\t\t\t\t\t\t\t\t<img src=\"https:\/\/experiencekrk.com\/wp-content\/uploads\/2019\/08\/Marina-Prijatelj-Bat\u00d1anska-plo\u00a6\u00c6a-\u00a6\u00c6okolada-2-1200x900.jpg\" alt=\"\" width=\"1200\" height=\"900\" \/>\t\t\t\t\t\t\t\t\t\t\t\t\t<img src=\"https:\/\/experiencekrk.com\/wp-content\/uploads\/2019\/08\/Mihaela-Omerovi\u00d1-1200x900.jpg\" alt=\"\" width=\"1200\" height=\"900\" \/>\t\t\t\t\t\t\t<\/div>\n<\/div>[\/vc_column_inner][vc_column_inner width=&#8221;1\/2&#8243; offset=&#8221;vc_hidden-sm vc_hidden-xs&#8221;][vc_column_text]<strong>Souvenirs mit glagolitischem Motiv &#8211; ein Geschenk von Krk<\/strong><\/p>\n<p><span style=\"font-weight: 400;\">Ein Geschenk von Krk ist eine Briefmarke f\u00fcr ein Souvenir, das die Stadt, ihr k\u00fcnstlerisches, kulturelles oder kulturhistorisches Erbe repr\u00e4sentiert und gleichzeitig ihr materielles, immaterielles und nat\u00fcrliches Erbe pr\u00e4sentiert.<\/span><\/p>\n<p><span style=\"font-weight: 400;\">Die Souvenirs, als einzigartige Erinnerungsst\u00fccke an Krk, werden durch einen Wettbewerb ausgew\u00e4hlt, bei dem die Kriterien Originalit\u00e4t, Authentizit\u00e4t, Integrit\u00e4t und \u00c4sthetik, sowie die Verwendung von \u00f6kologischen Materialien, die auch f\u00fcr die Region Krk charakteristisch sind, im Vordergrund stehen.<\/span><\/p>\n<p><span style=\"font-weight: 400;\">Ausgew\u00e4hlte Souvenirs, die im Touristischen Informationszentrum der Stadt Krk erh\u00e4ltlich sind, bieten alle wesentlichen Erinnerungen an das Reiseziel &#8211; ein komplettes Angebot an Kunstwerken, verschiedene dekorative Gegenst\u00e4nde und Kleidung, lokale gastronomische Produkte und vieles mehr.<\/span>[\/vc_column_text][\/vc_column_inner][\/vc_row_inner][vc_row_inner][vc_column_inner width=&#8221;1\/2&#8243; offset=&#8221;vc_hidden-lg vc_hidden-md&#8221;][vc_column_text]This unique historical document inspired the creation of the Glagolitic trail. This was a historical deed of donation in which the Croatian king Zvonimir, donated the land of Jurandvor to the Order of Saint Benedict from St. Lucy\u2019s Abbey. This unique historical document inspired the creation of the Glagolitic trail.<\/p>\n<p>For more information about Glagolitic trail please contact Sinjali Association.<\/p>\n<p>Mobile: <a href=\"tel:+385911856533\">+385 91 185 6533<\/a><br \/>\nMobile: <a href=\"tel:+385917502976\">+385 91 750 2976<\/a><br \/>\nE-mail: <a href=\"mailto:info@sinjali.hr\">info@sinjali.hr<\/a>[\/vc_column_text][\/vc_column_inner][vc_column_inner width=&#8221;1\/2&#8243; offset=&#8221;vc_hidden-lg vc_hidden-md&#8221;][vc_single_image image=&#8221;3346&#8243; img_size=&#8221;full&#8221;][\/vc_column_inner][\/vc_row_inner][\/vc_column][\/vc_row][vc_row disable_element=&#8221;yes&#8221;][vc_column][vc_empty_space]<div class=\"mkdf-separator-holder clearfix  mkdf-separator-center mkdf-separator-full-width\">\n\t<div class=\"mkdf-separator\" style=\"border-color: #ebebeb;border-style: solid;border-bottom-width: 1px;margin-top: 20px;margin-bottom: 45px\"><\/div>\n<\/div>\n[vc_row_inner disable_element=&#8221;yes&#8221;][vc_column_inner]<div class=\"mkdf-section-title-holder\">\n\t<h1 class=\"mkdf-section-title mkdf-section-title-small\" >\n\tGlagolitic alphabet locations<\/h1>\n<\/div>[vc_raw_html]JTNDaWZyYW1lJTIwc3JjJTNEJTIyaHR0cHMlM0ElMkYlMkZ3d3cuZ29vZ2xlLmNvbSUyRm1hcHMlMkZkJTJGdSUyRjAlMkZlbWJlZCUzRm1pZCUzRDEwamt4SXRlLTUtQ1dxbUhZbUxlMjd3WS1QVy1MbkE2SyUyMiUyMHdpZHRoJTNEJTIyOTgwJTIyJTIwaGVpZ2h0JTNEJTIyMzgwJTIyJTNFJTNDJTJGaWZyYW1lJTNF[\/vc_raw_html][\/vc_column_inner][\/vc_row_inner][\/vc_column][\/vc_row]<\/p>\n","protected":false},"excerpt":{"rendered":"<p>[vc_row][vc_column][vc_row_inner][vc_column_inner width=&#8221;1\/2&#8243;][vc_column_text] Ba\u0161ka-Tafel Die Ba\u0161ka-Tafel ist eines der wertvollsten kroatischen Denkm\u00e4ler. Sie ist die \u00e4lteste historische Aufzeichnung (aus dem Jahre 1105 n. Chr.), die in kroatischer Sprache geschrieben und in kroatisch-glagolitischer Schrift in Stein gemei\u00dfelt ist. Dieses alte Denkmal ist auch das erste Dokument der kroatischen Staatlichkeit. Dieses einzigartige historische Dokument inspirierte die Schaffung des glagolitischen Pfades. Es war eine historische Schenkungsurkunde, in der der kroatische K\u00f6nig Zvonimir, das Land Jurandvor dem Orden des Heiligen Benedikt aus der Abtei St. Lucia schenkte.[\/vc_column_text][\/vc_column_inner][vc_column_inner width=&#8221;1\/2&#8243;][\/vc_column_inner][\/vc_row_inner][vc_empty_space height=&#8221;17px&#8221;][vc_column_text][\/vc_column_text][vc_row_inner][vc_column_inner width=&#8221;1\/2&#8243; offset=&#8221;vc_hidden-sm vc_hidden-xs&#8221;][\/vc_column_inner][vc_column_inner width=&#8221;1\/2&#8243; offset=&#8221;vc_hidden-sm vc_hidden-xs&#8221;][vc_column_text]&#8230;<\/p>\n","protected":false},"author":1,"featured_media":0,"parent":8564,"menu_order":0,"comment_status":"closed","ping_status":"closed","template":"","meta":[],"yoast_head":"<!-- This site is optimized with the Yoast SEO plugin v16.0.1 - https:\/\/yoast.com\/wordpress\/plugins\/seo\/ -->\n<title>Glagolitischer Pfad - Experience Krk<\/title>\n<link rel=\"canonical\" href=\"https:\/\/experiencekrk.com\/de\/geschichte-und-kultur\/glagolitischer-pfad\/\" \/>\n<meta property=\"og:locale\" content=\"de_DE\" \/>\n<meta property=\"og:type\" content=\"article\" \/>\n<meta property=\"og:title\" content=\"Glagolitischer Pfad - Experience Krk\" \/>\n<meta property=\"og:description\" content=\"[vc_row][vc_column][vc_row_inner][vc_column_inner width=&#8221;1\/2&#8243;][vc_column_text] Ba\u0161ka-Tafel Die Ba\u0161ka-Tafel ist eines der wertvollsten kroatischen Denkm\u00e4ler. Sie ist die \u00e4lteste historische Aufzeichnung (aus dem Jahre 1105 n. Chr.), die in kroatischer Sprache geschrieben und in kroatisch-glagolitischer Schrift in Stein gemei\u00dfelt ist. Dieses alte Denkmal ist auch das erste Dokument der kroatischen Staatlichkeit. Dieses einzigartige historische Dokument inspirierte die Schaffung des glagolitischen Pfades. Es war eine historische Schenkungsurkunde, in der der kroatische K\u00f6nig Zvonimir, das Land Jurandvor dem Orden des Heiligen Benedikt aus der Abtei St. Lucia schenkte.[\/vc_column_text][\/vc_column_inner][vc_column_inner width=&#8221;1\/2&#8243;][\/vc_column_inner][\/vc_row_inner][vc_empty_space height=&#8221;17px&#8221;][vc_column_text][\/vc_column_text][vc_row_inner][vc_column_inner width=&#8221;1\/2&#8243; offset=&#8221;vc_hidden-sm vc_hidden-xs&#8221;][\/vc_column_inner][vc_column_inner width=&#8221;1\/2&#8243; offset=&#8221;vc_hidden-sm vc_hidden-xs&#8221;][vc_column_text]...\" \/>\n<meta property=\"og:url\" content=\"https:\/\/experiencekrk.com\/de\/geschichte-und-kultur\/glagolitischer-pfad\/\" \/>\n<meta property=\"og:site_name\" content=\"Experience Krk\" \/>\n<meta property=\"article:modified_time\" content=\"2020-01-28T20:05:26+00:00\" \/>\n<meta name=\"twitter:card\" content=\"summary_large_image\" \/>\n<meta name=\"twitter:label1\" content=\"Gesch\u00e4tzte Lesezeit\">\n\t<meta name=\"twitter:data1\" content=\"4\u00a0Minuten\">\n<script type=\"application\/ld+json\" class=\"yoast-schema-graph\">{\"@context\":\"https:\/\/schema.org\",\"@graph\":[{\"@type\":\"WebSite\",\"@id\":\"https:\/\/experiencekrk.com\/#website\",\"url\":\"https:\/\/experiencekrk.com\/\",\"name\":\"Experience Krk\",\"description\":\"Cultural Tours, Food &amp; Wine and more\",\"potentialAction\":[{\"@type\":\"SearchAction\",\"target\":\"https:\/\/experiencekrk.com\/?s={search_term_string}\",\"query-input\":\"required name=search_term_string\"}],\"inLanguage\":\"de\"},{\"@type\":\"WebPage\",\"@id\":\"https:\/\/experiencekrk.com\/de\/geschichte-und-kultur\/glagolitischer-pfad\/#webpage\",\"url\":\"https:\/\/experiencekrk.com\/de\/geschichte-und-kultur\/glagolitischer-pfad\/\",\"name\":\"Glagolitischer Pfad - Experience Krk\",\"isPartOf\":{\"@id\":\"https:\/\/experiencekrk.com\/#website\"},\"datePublished\":\"2019-04-15T17:38:15+00:00\",\"dateModified\":\"2020-01-28T20:05:26+00:00\",\"breadcrumb\":{\"@id\":\"https:\/\/experiencekrk.com\/de\/geschichte-und-kultur\/glagolitischer-pfad\/#breadcrumb\"},\"inLanguage\":\"de\",\"potentialAction\":[{\"@type\":\"ReadAction\",\"target\":[\"https:\/\/experiencekrk.com\/de\/geschichte-und-kultur\/glagolitischer-pfad\/\"]}]},{\"@type\":\"BreadcrumbList\",\"@id\":\"https:\/\/experiencekrk.com\/de\/geschichte-und-kultur\/glagolitischer-pfad\/#breadcrumb\",\"itemListElement\":[{\"@type\":\"ListItem\",\"position\":1,\"item\":{\"@type\":\"WebPage\",\"@id\":\"https:\/\/experiencekrk.com\/de\/\",\"url\":\"https:\/\/experiencekrk.com\/de\/\",\"name\":\"Home\"}},{\"@type\":\"ListItem\",\"position\":2,\"item\":{\"@type\":\"WebPage\",\"@id\":\"https:\/\/experiencekrk.com\/de\/geschichte-und-kultur\/\",\"url\":\"https:\/\/experiencekrk.com\/de\/geschichte-und-kultur\/\",\"name\":\"Geschichte und Kultur\"}},{\"@type\":\"ListItem\",\"position\":3,\"item\":{\"@type\":\"WebPage\",\"@id\":\"https:\/\/experiencekrk.com\/de\/geschichte-und-kultur\/glagolitischer-pfad\/\",\"url\":\"https:\/\/experiencekrk.com\/de\/geschichte-und-kultur\/glagolitischer-pfad\/\",\"name\":\"Glagolitischer Pfad\"}}]}]}<\/script>\n<!-- \/ Yoast SEO plugin. -->","_links":{"self":[{"href":"https:\/\/experiencekrk.com\/de\/wp-json\/wp\/v2\/pages\/8597"}],"collection":[{"href":"https:\/\/experiencekrk.com\/de\/wp-json\/wp\/v2\/pages"}],"about":[{"href":"https:\/\/experiencekrk.com\/de\/wp-json\/wp\/v2\/types\/page"}],"author":[{"embeddable":true,"href":"https:\/\/experiencekrk.com\/de\/wp-json\/wp\/v2\/users\/1"}],"replies":[{"embeddable":true,"href":"https:\/\/experiencekrk.com\/de\/wp-json\/wp\/v2\/comments?post=8597"}],"version-history":[{"count":2,"href":"https:\/\/experiencekrk.com\/de\/wp-json\/wp\/v2\/pages\/8597\/revisions"}],"predecessor-version":[{"id":8599,"href":"https:\/\/experiencekrk.com\/de\/wp-json\/wp\/v2\/pages\/8597\/revisions\/8599"}],"up":[{"embeddable":true,"href":"https:\/\/experiencekrk.com\/de\/wp-json\/wp\/v2\/pages\/8564"}],"wp:attachment":[{"href":"https:\/\/experiencekrk.com\/de\/wp-json\/wp\/v2\/media?parent=8597"}],"curies":[{"name":"wp","href":"https:\/\/api.w.org\/{rel}","templated":true}]}}