{"id":8587,"date":"2019-05-29T10:26:11","date_gmt":"2019-05-29T10:26:11","guid":{"rendered":"https:\/\/experiencekrk.com\/geschichte-und-kultur\/ethno-heritage\/"},"modified":"2020-01-28T19:46:25","modified_gmt":"2020-01-28T19:46:25","slug":"ethnisches-erbe","status":"publish","type":"page","link":"https:\/\/experiencekrk.com\/de\/geschichte-und-kultur\/ethnisches-erbe\/","title":{"rendered":"Ethnisches Erbe"},"content":{"rendered":"<p>[vc_row][vc_column]<div class=\"mkdf-section-title-holder\">\n\t<h1 class=\"mkdf-section-title mkdf-section-title-medium\" >\n\tDer zweistimmige Gesang und das Spiel<\/h1>\n<\/div>[\/vc_column][\/vc_row][vc_row][vc_column width=&#8221;1\/2&#8243; css=&#8221;.vc_custom_1559125178706{padding-top: 0px !important;}&#8221;][vc_column_text css=&#8221;.vc_custom_1580240320495{border-top-width: 0px !important;padding-top: 0px !important;}&#8221;]<span style=\"font-weight: 400;\">Der zweistimmige Gesang und das Spiel ist ein komplexer Stil der Volksmusik, der spezifisch f\u00fcr das Gebiet der Insel Krk, der kroatischen K\u00fcste und Istrien ist. Der zweistimmige Gesang und das Spiel ist eine charakteristische Klangfarbe, die in der Vokalmusik durch kr\u00e4ftigen Gesang, teilweise durch die Nase, erreicht wird. Diese Art des Gesangs ist in der UNESCO-Liste des immateriellen Kulturerbes der Menschheit aufgef\u00fchrt.<\/span><\/p>\n<p><span style=\"font-weight: 400;\">Diese Art des Gesangs wird oft von dem traditionellen Volksinstrument &#8220;sopile&#8221; &#8211; einem alten Blasinstrument &#8211; begleitet. Das zweistimmige Singen und Spielen der &#8220;Sopile&#8221; kann man heute beim traditionellen Sommerfestival der Krker Folklore und bei anderen Insel-Festen sehen. Erfahren Sie mehr dar\u00fcber in diesem <\/span><a href=\"https:\/\/www.youtube.com\/watch?reload=9&amp;v=QceUcUodtaY&amp;feature=youtu.be\"><span style=\"font-weight: 400;\">Kurzfilm \u00fcber &#8220;sopile&#8221; und &#8220;Zweistimmiger Gesang&#8221;<\/span><\/a><span style=\"font-weight: 400;\">.<\/span>[\/vc_column_text][vc_column_text][\/vc_column_text][\/vc_column][vc_column width=&#8221;1\/2&#8243; css=&#8221;.vc_custom_1559125192021{border-top-width: 0px !important;padding-top: 10px !important;}&#8221;][vc_single_image image=&#8221;5632&#8243; img_size=&#8221;full&#8221;][\/vc_column][\/vc_row][vc_row][vc_column][vc_empty_space height=&#8221;10px&#8221;]<div class=\"mkdf-separator-holder clearfix  mkdf-separator-center mkdf-separator-full-width\">\n\t<div class=\"mkdf-separator\" style=\"border-color: #ebebeb;border-style: solid;border-bottom-width: 1px;margin-top: 20px;margin-bottom: 45px\"><\/div>\n<\/div>\n[\/vc_column][\/vc_row][vc_row][vc_column width=&#8221;1\/2&#8243; css=&#8221;.vc_custom_1559123188863{padding-top: 15px !important;}&#8221;]<div class=\"mkdf-section-title-holder\">\n\t<h1 class=\"mkdf-section-title mkdf-section-title-medium\" >\n\tFolklore &amp; Kultur Vereine<\/h1>\n<\/div>[vc_column_text css=&#8221;.vc_custom_1580240723114{border-top-width: 0px !important;padding-top: 0px !important;}&#8221;]<span style=\"font-weight: 400;\">Die reiche Folkloretradition und das Erbe der Insel Krk wurde dank der Bem\u00fchungen der \u00f6rtlichen Folkloreverb\u00e4nde bewahrt. &#8220;Krk\u010dki tanac&#8221; ist ein traditioneller Tanz auf der Insel Krk, der von dem traditionellen Blasinstrument &#8220;sopile&#8221; begleitet wird. Die T\u00e4nzerinnen und T\u00e4nzer sind in traditionellen Volkstrachten gekleidet. Dieser traditionelle Tanz wird von den lokalen Folklorevereinen auf lokalen Festen und anderen kulturellen Veranstaltungen aufgef\u00fchrt.<\/span><\/p>\n<p><span style=\"font-weight: 400;\">Der \u00e4lteste Folkloreverein auf der Insel Krk ist die 1832 gegr\u00fcndete Stadtmusik Krk. Die Stadtmusik Krk ist ein Musikensemble, das aus Blechblasinstrumenten besteht.<\/span>[\/vc_column_text][vc_column_text][\/vc_column_text][\/vc_column][vc_column width=&#8221;1\/2&#8243; css=&#8221;.vc_custom_1559125093053{border-top-width: 0px !important;padding-top: 25px !important;}&#8221;]<div class=\"mkdf-image-gallery\">\n\t<div class=\"mkdf-image-gallery-slider \" data-autoplay=\"5\" data-animation=\"slide\" data-navigation=\"yes\" data-pagination=\"yes\">\n\t\t\t\t\t\t\t\t\t<img src=\"https:\/\/experiencekrk.com\/wp-content\/uploads\/2019\/05\/City-of-Krk-bass-band-600x400.jpg\" alt=\"\" width=\"600\" height=\"400\" \/>\t\t\t\t\t\t\t\t\t\t\t\t\t<img src=\"https:\/\/experiencekrk.com\/wp-content\/uploads\/2019\/05\/City-of-Krk-folklore-600x400.jpg\" alt=\"\" width=\"600\" height=\"400\" \/>\t\t\t\t\t\t\t\t\t\t\t\t\t<img src=\"https:\/\/experiencekrk.com\/wp-content\/uploads\/2019\/05\/City-of-Krk-folklore-2-600x400.jpg\" alt=\"\" width=\"600\" height=\"400\" \/>\t\t\t\t\t\t\t<\/div>\n<\/div>[\/vc_column][\/vc_row][vc_row][vc_column][vc_empty_space height=&#8221;10px&#8221;]<div class=\"mkdf-separator-holder clearfix  mkdf-separator-center mkdf-separator-full-width\">\n\t<div class=\"mkdf-separator\" style=\"border-color: #ebebeb;border-style: solid;border-bottom-width: 1px;margin-top: 20px;margin-bottom: 45px\"><\/div>\n<\/div>\n[\/vc_column][\/vc_row][vc_row][vc_column width=&#8221;1\/2&#8243; css=&#8221;.vc_custom_1559123188863{padding-top: 15px !important;}&#8221;]<div class=\"mkdf-section-title-holder\">\n\t<h1 class=\"mkdf-section-title mkdf-section-title-medium\" >\n\tEthnohaus Korni\u0107<\/h1>\n<\/div>[vc_column_text css=&#8221;.vc_custom_1580240772091{border-top-width: 0px !important;padding-top: 0px !important;}&#8221;]<span style=\"font-weight: 400;\">Local Ethno House Korni\u0107 ist ein Ort, an dem Sie sehen k\u00f6nnen, wie die Einheimischen vor sechsundf\u00fcnfzig Jahren gelebt haben. Im Familienhaus Korni\u0107 kann man antike M\u00f6bel, eine Sammlung von Musikinstrumenten, einen traditionellen Backofen, eine handgemachte Getreidem\u00fchle und andere Utensilien sehen.<\/span><\/p>\n<p>Mobil: <a href=\"tel:+385915093781\">+385 91 50 93 781<\/a><br \/>\nE-mail: <a href=\"mailto:hkd.bradica@gmail.com\">hkd.bradica@gmail.com<\/a><br \/>\nAdresse: Kamenica 16, 51517 Korni\u0107[\/vc_column_text][vc_column_text][\/vc_column_text][\/vc_column][vc_column width=&#8221;1\/2&#8243; css=&#8221;.vc_custom_1559124688182{border-top-width: 0px !important;padding-top: 15px !important;}&#8221;]<div class=\"mkdf-image-gallery\">\n\t<div class=\"mkdf-image-gallery-slider \" data-autoplay=\"5\" data-animation=\"slide\" data-navigation=\"yes\" data-pagination=\"yes\">\n\t\t\t\t\t\t\t\t\t<img src=\"https:\/\/experiencekrk.com\/wp-content\/uploads\/2019\/05\/City-of-Krk-Kornic-Ethnographic-Collection-2-600x400.jpg\" alt=\"\" width=\"600\" height=\"400\" \/>\t\t\t\t\t\t\t\t\t\t\t\t\t<img src=\"https:\/\/experiencekrk.com\/wp-content\/uploads\/2019\/05\/City-of-Krk-Kornic-Ethnographic-Collection-3-600x400.jpg\" alt=\"\" width=\"600\" height=\"400\" \/>\t\t\t\t\t\t\t\t\t\t\t\t\t<img src=\"https:\/\/experiencekrk.com\/wp-content\/uploads\/2019\/05\/City-of-Krk-Kornic-Ethnographic-Collection-4-600x400.jpg\" alt=\"\" width=\"600\" height=\"400\" \/>\t\t\t\t\t\t\t\t\t\t\t\t\t<img src=\"https:\/\/experiencekrk.com\/wp-content\/uploads\/2019\/05\/City-of-Krk-Kornic-Ethnographic-Collection-5-600x400.jpg\" alt=\"\" width=\"600\" height=\"400\" \/>\t\t\t\t\t\t\t\t\t\t\t\t\t<img src=\"https:\/\/experiencekrk.com\/wp-content\/uploads\/2019\/05\/City-of-Krk-Kornic-Ethnographic-Collection-6-600x400.jpg\" alt=\"\" width=\"600\" height=\"400\" \/>\t\t\t\t\t\t\t\t\t\t\t\t\t<img src=\"https:\/\/experiencekrk.com\/wp-content\/uploads\/2019\/05\/City-of-Krk-Kornic-Ethnographic-Collection-7-600x400.jpg\" alt=\"\" width=\"600\" height=\"400\" \/>\t\t\t\t\t\t\t\t\t\t\t\t\t<img src=\"https:\/\/experiencekrk.com\/wp-content\/uploads\/2019\/05\/City-of-Krk-Kornic-Ethnographic-Collection-8-600x400.jpg\" alt=\"\" width=\"600\" height=\"400\" \/>\t\t\t\t\t\t\t\t\t\t\t\t\t<img src=\"https:\/\/experiencekrk.com\/wp-content\/uploads\/2019\/05\/City-of-Krk-Kornic-Ethnographic-Collection-9-600x400.jpg\" alt=\"\" width=\"600\" height=\"400\" \/>\t\t\t\t\t\t\t\t\t\t\t\t\t<img src=\"https:\/\/experiencekrk.com\/wp-content\/uploads\/2019\/05\/City-of-Krk-Kornic-Ethnographic-Collection-10-600x400.jpg\" alt=\"\" width=\"600\" height=\"400\" \/>\t\t\t\t\t\t\t\t\t\t\t\t\t<img src=\"https:\/\/experiencekrk.com\/wp-content\/uploads\/2019\/05\/City-of-Krk-Kornic-Ethnographic-Collection-11-600x400.jpg\" alt=\"\" width=\"600\" height=\"400\" \/>\t\t\t\t\t\t\t\t\t\t\t\t\t<img src=\"https:\/\/experiencekrk.com\/wp-content\/uploads\/2019\/05\/City-of-Krk-Kornic-Ethnographic-Collection-12-600x400.jpg\" alt=\"\" width=\"600\" height=\"400\" \/>\t\t\t\t\t\t\t\t\t\t\t\t\t<img src=\"https:\/\/experiencekrk.com\/wp-content\/uploads\/2019\/05\/City-of-Krk-Kornic-Ethnographic-Collection-600x400.jpg\" alt=\"\" width=\"600\" height=\"400\" \/>\t\t\t\t\t\t\t<\/div>\n<\/div>[\/vc_column][\/vc_row][vc_row][vc_column][vc_empty_space height=&#8221;10px&#8221;][vc_column_text css=&#8221;.vc_custom_1559124664355{padding-bottom: 15px !important;}&#8221;]<\/p>\n<h5>Location<\/h5>\n<p>[\/vc_column_text][vc_raw_html]JTNDaWZyYW1lJTIwc3JjJTNEJTIyaHR0cHMlM0ElMkYlMkZ3d3cuZ29vZ2xlLmNvbSUyRm1hcHMlMkZlbWJlZCUzRnBiJTNEJTIxMW0xOCUyMTFtMTIlMjExbTMlMjExZDE3MTQxLjE3ODY5NTcxODEyNSUyMTJkMTQuNjEwOTYxMDI2MDU1NzI0JTIxM2Q0NS4wNDM0NjI1NDE5Njc2OCUyMTJtMyUyMTFmMCUyMTJmMCUyMTNmMCUyMTNtMiUyMTFpMTAyNCUyMTJpNzY4JTIxNGYxMy4xJTIxM20zJTIxMW0yJTIxMXMweDQ3NjM3MTg0NThiNmM3MWIlMjUzQTB4ZTQ5YjdiNjc5NzFiNzJhYyUyMTJ6UlhSdWJ5QnJkY1NIWVNCTGIzSnVhY1NIJTIxNWUwJTIxM20yJTIxMXNlbiUyMTJzaHIlMjE0djE1NTkxMjY5NzMzMTIlMjE1bTIlMjExc2VuJTIxMnNociUyMiUyMHdpZHRoJTNEJTIyOTgwJTIyJTIwaGVpZ2h0JTNEJTIyMzUwJTIyJTIwZnJhbWVib3JkZXIlM0QlMjIwJTIyJTIwc3R5bGUlM0QlMjJib3JkZXIlM0EwJTIyJTIwYWxsb3dmdWxsc2NyZWVuJTNFJTNDJTJGaWZyYW1lJTNF[\/vc_raw_html]<div class=\"mkdf-separator-holder clearfix  mkdf-separator-center mkdf-separator-full-width\">\n\t<div class=\"mkdf-separator\" style=\"border-color: #ebebeb;border-style: solid;border-bottom-width: 1px;margin-top: 20px;margin-bottom: 45px\"><\/div>\n<\/div>\n[\/vc_column][\/vc_row]<\/p>\n","protected":false},"excerpt":{"rendered":"<p>[vc_row][vc_column][\/vc_column][\/vc_row][vc_row][vc_column width=&#8221;1\/2&#8243; css=&#8221;.vc_custom_1559125178706{padding-top: 0px !important;}&#8221;][vc_column_text css=&#8221;.vc_custom_1580240320495{border-top-width: 0px !important;padding-top: 0px !important;}&#8221;]Der zweistimmige Gesang und das Spiel ist ein komplexer Stil der Volksmusik, der spezifisch f\u00fcr das Gebiet der Insel Krk, der kroatischen K\u00fcste und Istrien ist. Der zweistimmige Gesang und das Spiel ist eine charakteristische Klangfarbe, die in der Vokalmusik durch kr\u00e4ftigen Gesang, teilweise durch die Nase, erreicht wird. Diese Art des Gesangs ist in der UNESCO-Liste des immateriellen Kulturerbes der Menschheit aufgef\u00fchrt. Diese Art des Gesangs wird oft von dem traditionellen Volksinstrument &#8220;sopile&#8221; &#8211; einem alten Blasinstrument &#8211; begleitet. Das&#8230;<\/p>\n","protected":false},"author":1,"featured_media":0,"parent":8564,"menu_order":0,"comment_status":"closed","ping_status":"closed","template":"","meta":[],"yoast_head":"<!-- This site is optimized with the Yoast SEO plugin v16.0.1 - https:\/\/yoast.com\/wordpress\/plugins\/seo\/ -->\n<title>Ethnisches Erbe - Experience Krk<\/title>\n<link rel=\"canonical\" href=\"https:\/\/experiencekrk.com\/de\/geschichte-und-kultur\/ethnisches-erbe\/\" \/>\n<meta property=\"og:locale\" content=\"de_DE\" \/>\n<meta property=\"og:type\" content=\"article\" \/>\n<meta property=\"og:title\" content=\"Ethnisches Erbe - Experience Krk\" \/>\n<meta property=\"og:description\" content=\"[vc_row][vc_column][\/vc_column][\/vc_row][vc_row][vc_column width=&#8221;1\/2&#8243; css=&#8221;.vc_custom_1559125178706{padding-top: 0px !important;}&#8221;][vc_column_text css=&#8221;.vc_custom_1580240320495{border-top-width: 0px !important;padding-top: 0px !important;}&#8221;]Der zweistimmige Gesang und das Spiel ist ein komplexer Stil der Volksmusik, der spezifisch f\u00fcr das Gebiet der Insel Krk, der kroatischen K\u00fcste und Istrien ist. Der zweistimmige Gesang und das Spiel ist eine charakteristische Klangfarbe, die in der Vokalmusik durch kr\u00e4ftigen Gesang, teilweise durch die Nase, erreicht wird. Diese Art des Gesangs ist in der UNESCO-Liste des immateriellen Kulturerbes der Menschheit aufgef\u00fchrt. Diese Art des Gesangs wird oft von dem traditionellen Volksinstrument &#8220;sopile&#8221; &#8211; einem alten Blasinstrument &#8211; begleitet. Das...\" \/>\n<meta property=\"og:url\" content=\"https:\/\/experiencekrk.com\/de\/geschichte-und-kultur\/ethnisches-erbe\/\" \/>\n<meta property=\"og:site_name\" content=\"Experience Krk\" \/>\n<meta property=\"article:modified_time\" content=\"2020-01-28T19:46:25+00:00\" \/>\n<meta name=\"twitter:card\" content=\"summary_large_image\" \/>\n<meta name=\"twitter:label1\" content=\"Gesch\u00e4tzte Lesezeit\">\n\t<meta name=\"twitter:data1\" content=\"3\u00a0Minuten\">\n<script type=\"application\/ld+json\" class=\"yoast-schema-graph\">{\"@context\":\"https:\/\/schema.org\",\"@graph\":[{\"@type\":\"WebSite\",\"@id\":\"https:\/\/experiencekrk.com\/#website\",\"url\":\"https:\/\/experiencekrk.com\/\",\"name\":\"Experience Krk\",\"description\":\"Cultural Tours, Food &amp; Wine and more\",\"potentialAction\":[{\"@type\":\"SearchAction\",\"target\":\"https:\/\/experiencekrk.com\/?s={search_term_string}\",\"query-input\":\"required name=search_term_string\"}],\"inLanguage\":\"de\"},{\"@type\":\"WebPage\",\"@id\":\"https:\/\/experiencekrk.com\/de\/geschichte-und-kultur\/ethnisches-erbe\/#webpage\",\"url\":\"https:\/\/experiencekrk.com\/de\/geschichte-und-kultur\/ethnisches-erbe\/\",\"name\":\"Ethnisches Erbe - Experience Krk\",\"isPartOf\":{\"@id\":\"https:\/\/experiencekrk.com\/#website\"},\"datePublished\":\"2019-05-29T10:26:11+00:00\",\"dateModified\":\"2020-01-28T19:46:25+00:00\",\"breadcrumb\":{\"@id\":\"https:\/\/experiencekrk.com\/de\/geschichte-und-kultur\/ethnisches-erbe\/#breadcrumb\"},\"inLanguage\":\"de\",\"potentialAction\":[{\"@type\":\"ReadAction\",\"target\":[\"https:\/\/experiencekrk.com\/de\/geschichte-und-kultur\/ethnisches-erbe\/\"]}]},{\"@type\":\"BreadcrumbList\",\"@id\":\"https:\/\/experiencekrk.com\/de\/geschichte-und-kultur\/ethnisches-erbe\/#breadcrumb\",\"itemListElement\":[{\"@type\":\"ListItem\",\"position\":1,\"item\":{\"@type\":\"WebPage\",\"@id\":\"https:\/\/experiencekrk.com\/de\/\",\"url\":\"https:\/\/experiencekrk.com\/de\/\",\"name\":\"Home\"}},{\"@type\":\"ListItem\",\"position\":2,\"item\":{\"@type\":\"WebPage\",\"@id\":\"https:\/\/experiencekrk.com\/de\/geschichte-und-kultur\/\",\"url\":\"https:\/\/experiencekrk.com\/de\/geschichte-und-kultur\/\",\"name\":\"Geschichte und Kultur\"}},{\"@type\":\"ListItem\",\"position\":3,\"item\":{\"@type\":\"WebPage\",\"@id\":\"https:\/\/experiencekrk.com\/de\/geschichte-und-kultur\/ethnisches-erbe\/\",\"url\":\"https:\/\/experiencekrk.com\/de\/geschichte-und-kultur\/ethnisches-erbe\/\",\"name\":\"Ethnisches Erbe\"}}]}]}<\/script>\n<!-- \/ Yoast SEO plugin. -->","_links":{"self":[{"href":"https:\/\/experiencekrk.com\/de\/wp-json\/wp\/v2\/pages\/8587"}],"collection":[{"href":"https:\/\/experiencekrk.com\/de\/wp-json\/wp\/v2\/pages"}],"about":[{"href":"https:\/\/experiencekrk.com\/de\/wp-json\/wp\/v2\/types\/page"}],"author":[{"embeddable":true,"href":"https:\/\/experiencekrk.com\/de\/wp-json\/wp\/v2\/users\/1"}],"replies":[{"embeddable":true,"href":"https:\/\/experiencekrk.com\/de\/wp-json\/wp\/v2\/comments?post=8587"}],"version-history":[{"count":2,"href":"https:\/\/experiencekrk.com\/de\/wp-json\/wp\/v2\/pages\/8587\/revisions"}],"predecessor-version":[{"id":8590,"href":"https:\/\/experiencekrk.com\/de\/wp-json\/wp\/v2\/pages\/8587\/revisions\/8590"}],"up":[{"embeddable":true,"href":"https:\/\/experiencekrk.com\/de\/wp-json\/wp\/v2\/pages\/8564"}],"wp:attachment":[{"href":"https:\/\/experiencekrk.com\/de\/wp-json\/wp\/v2\/media?parent=8587"}],"curies":[{"name":"wp","href":"https:\/\/api.w.org\/{rel}","templated":true}]}}