{"id":8574,"date":"2019-04-12T23:45:15","date_gmt":"2019-04-12T23:45:15","guid":{"rendered":"https:\/\/experiencekrk.com\/geschichte-und-kultur\/city-walls\/"},"modified":"2024-03-13T09:37:02","modified_gmt":"2024-03-13T09:37:02","slug":"stadtmauern","status":"publish","type":"page","link":"https:\/\/experiencekrk.com\/de\/geschichte-und-kultur\/stadtmauern\/","title":{"rendered":"Stadtmauern"},"content":{"rendered":"<p>[vc_row][vc_column]<div class=\"mkdf-section-title-holder\">\n\t<h1 class=\"mkdf-section-title mkdf-section-title-medium\" >\n\tDie Stadtmauer<\/h1>\n<\/div>[vc_row_inner][vc_column_inner width=&#8221;1\/2&#8243;][vc_column_text]<span style=\"font-weight: 400;\">Die Stadtmauer in Krk stammt aus dem 1. Jahrhundert v. Chr. und ihre \u00dcberreste sind noch heute im Gel\u00e4nde des Cafe Volsonis zu sehen. Im Laufe der Jahrhunderte wurden die Stadtmauern und T\u00fcrme gebaut, wobei die letzte Erweiterung im 15. Jahrhundert erfolgte und diese sind auch heute noch gut erhalten.<\/span><\/p>\n<p><span style=\"font-weight: 400;\">Die Stadtmauern haben die Stadt vollst\u00e4ndig umschlossen und der Haupteingang zur Stadt von der K\u00fcste aus waren die gro\u00dfen Stadttore, die erstmals im 14. Jahr. erw\u00e4hnt wurden.<\/span>[\/vc_column_text][\/vc_column_inner][vc_column_inner width=&#8221;1\/2&#8243;]<div class=\"mkdf-image-gallery\">\n\t<div class=\"mkdf-image-gallery-slider \" data-autoplay=\"3\" data-animation=\"slide\" data-navigation=\"yes\" data-pagination=\"yes\">\n\t\t\t\t\t\t\t\t\t<img width=\"600\" height=\"400\" src=\"https:\/\/experiencekrk.com\/wp-content\/uploads\/2019\/05\/TZKrk-city-walls-vew-from-the-harbour.jpg\" class=\"attachment-full size-full\" alt=\"\" loading=\"lazy\" srcset=\"https:\/\/experiencekrk.com\/wp-content\/uploads\/2019\/05\/TZKrk-city-walls-vew-from-the-harbour.jpg 600w, https:\/\/experiencekrk.com\/wp-content\/uploads\/2019\/05\/TZKrk-city-walls-vew-from-the-harbour-300x200.jpg 300w\" sizes=\"(max-width: 600px) 100vw, 600px\" \/>\t\t\t\t\t\t\t\t\t\t\t\t\t<img width=\"600\" height=\"400\" src=\"https:\/\/experiencekrk.com\/wp-content\/uploads\/2019\/05\/TZKrk-city-walls.jpg\" class=\"attachment-full size-full\" alt=\"\" loading=\"lazy\" srcset=\"https:\/\/experiencekrk.com\/wp-content\/uploads\/2019\/05\/TZKrk-city-walls.jpg 600w, https:\/\/experiencekrk.com\/wp-content\/uploads\/2019\/05\/TZKrk-city-walls-300x200.jpg 300w\" sizes=\"(max-width: 600px) 100vw, 600px\" \/>\t\t\t\t\t\t\t<\/div>\n<\/div>[\/vc_column_inner][\/vc_row_inner][vc_empty_space height=&#8221;17px&#8221;][vc_row_inner][vc_column_inner width=&#8221;1\/2&#8243; offset=&#8221;vc_hidden-sm vc_hidden-xs&#8221;]<div class=\"mkdf-image-gallery\">\n\t<div class=\"mkdf-image-gallery-slider \" data-autoplay=\"3\" data-animation=\"slide\" data-navigation=\"yes\" data-pagination=\"yes\">\n\t\t\t\t\t\t\t\t\t<img width=\"600\" height=\"400\" src=\"https:\/\/experiencekrk.com\/wp-content\/uploads\/2019\/05\/TZKrk-city-walls-view-from-the-sea.jpg\" class=\"attachment-full size-full\" alt=\"\" loading=\"lazy\" srcset=\"https:\/\/experiencekrk.com\/wp-content\/uploads\/2019\/05\/TZKrk-city-walls-view-from-the-sea.jpg 600w, https:\/\/experiencekrk.com\/wp-content\/uploads\/2019\/05\/TZKrk-city-walls-view-from-the-sea-300x200.jpg 300w\" sizes=\"(max-width: 600px) 100vw, 600px\" \/>\t\t\t\t\t\t\t\t\t\t\t\t\t<img width=\"600\" height=\"400\" src=\"https:\/\/experiencekrk.com\/wp-content\/uploads\/2019\/05\/TZKrk-city-walls-along-sea-side.jpg\" class=\"attachment-full size-full\" alt=\"\" loading=\"lazy\" srcset=\"https:\/\/experiencekrk.com\/wp-content\/uploads\/2019\/05\/TZKrk-city-walls-along-sea-side.jpg 600w, https:\/\/experiencekrk.com\/wp-content\/uploads\/2019\/05\/TZKrk-city-walls-along-sea-side-300x200.jpg 300w\" sizes=\"(max-width: 600px) 100vw, 600px\" \/>\t\t\t\t\t\t\t<\/div>\n<\/div>[\/vc_column_inner][vc_column_inner width=&#8221;1\/2&#8243; offset=&#8221;vc_hidden-sm vc_hidden-xs&#8221;][vc_column_text]<span style=\"font-weight: 400;\">Der einzige Stadtplatz in Krk, der es geschafft hat, die Charakteristik eines Platzes bis heute zu erhalten, ist der Platz Vela placa, zu dem ein sechsseitiger Brunnen aus dem 16. Jahrhundert geh\u00f6rt. Der Platz Vela placa ist neben dem Perossi-Haus (Caf\u00e9 Volsonis), wo sich der \u00e4lteste Teil der Stadtmauer befindet, eine wertvolle arch\u00e4ologische St\u00e4tte.<\/span><\/p>\n<p><span style=\"font-weight: 400;\">Die Stadtmauer diente der Verteidigung der Stadt und ein wichtiger Teil dieser Befestigung waren die noch heute sichtbaren T\u00fcrme aus dem Mittelalter und der Renaissance.<\/span>[\/vc_column_text][\/vc_column_inner][\/vc_row_inner][vc_row_inner][vc_column_inner width=&#8221;1\/2&#8243; offset=&#8221;vc_hidden-lg vc_hidden-md&#8221;][vc_column_text]The only town square in Krk that has managed to preserve the characteristics of a square until today is the Vela Market Place, which includes a six-sided well from the 16th century. Vela Market Place is a valuable archeological site along with Perossi house (caf\u00e9 Volsonis), where the oldest part of the town city walls can be found.<\/p>\n<p>The city walls were used for the defense of the city and an important part of this fortification was the medieval and Renaissance towers that are still visible today.[\/vc_column_text][\/vc_column_inner][vc_column_inner width=&#8221;1\/2&#8243; offset=&#8221;vc_hidden-lg vc_hidden-md&#8221;]<div class=\"mkdf-image-gallery\">\n\t<div class=\"mkdf-image-gallery-slider \" data-autoplay=\"3\" data-animation=\"slide\" data-navigation=\"yes\" data-pagination=\"yes\">\n\t\t\t\t\t\t\t\t\t<img width=\"600\" height=\"400\" src=\"https:\/\/experiencekrk.com\/wp-content\/uploads\/2019\/05\/TZKrk-city-walls-view-from-the-sea.jpg\" class=\"attachment-full size-full\" alt=\"\" loading=\"lazy\" srcset=\"https:\/\/experiencekrk.com\/wp-content\/uploads\/2019\/05\/TZKrk-city-walls-view-from-the-sea.jpg 600w, https:\/\/experiencekrk.com\/wp-content\/uploads\/2019\/05\/TZKrk-city-walls-view-from-the-sea-300x200.jpg 300w\" sizes=\"(max-width: 600px) 100vw, 600px\" \/>\t\t\t\t\t\t\t\t\t\t\t\t\t<img width=\"600\" height=\"400\" src=\"https:\/\/experiencekrk.com\/wp-content\/uploads\/2019\/05\/TZKrk-city-walls-along-sea-side.jpg\" class=\"attachment-full size-full\" alt=\"\" loading=\"lazy\" srcset=\"https:\/\/experiencekrk.com\/wp-content\/uploads\/2019\/05\/TZKrk-city-walls-along-sea-side.jpg 600w, https:\/\/experiencekrk.com\/wp-content\/uploads\/2019\/05\/TZKrk-city-walls-along-sea-side-300x200.jpg 300w\" sizes=\"(max-width: 600px) 100vw, 600px\" \/>\t\t\t\t\t\t\t<\/div>\n<\/div>[\/vc_column_inner][\/vc_row_inner][\/vc_column][\/vc_row][vc_row][vc_column][vc_empty_space height=&#8221;10px&#8221;]<div class=\"mkdf-section-title-holder\">\n\t<h1 class=\"mkdf-section-title mkdf-section-title-small\" >\n\tStandort<\/h1>\n<\/div>[vc_row_inner][vc_column_inner][vc_raw_html]JTNDaWZyYW1lJTIwc3JjJTNEJTIyaHR0cHMlM0ElMkYlMkZ3d3cuZ29vZ2xlLmNvbSUyRm1hcHMlMkZlbWJlZCUzRnBiJTNEJTIxMW0xOCUyMTFtMTIlMjExbTMlMjExZDk5NzcuMDE2OTUzMjU2OTc0JTIxMmQxNC41NzE4MDgxNzgzMzE0ODIlMjEzZDQ1LjAyNTA1Mzc4ODg3OCUyMTJtMyUyMTFmMCUyMTJmMCUyMTNmMCUyMTNtMiUyMTFpMTAyNCUyMTJpNzY4JTIxNGYxMy4xJTIxM20zJTIxMW0yJTIxMXMweDQ3NjM3M2UxZjY3MGUxOTklMjUzQTB4YWRlM2NlOGZlYzY3NjRhNiUyMTJzS3JrJTJCZ3JhZCUyQnBvdmlqZXN0aSUyQmklMkJrdWx0dXJlJTJCWmlkaW5lJTI1MkZUb3duJTJCV2FsbHMlMjE1ZTAlMjEzbTIlMjExc2hyJTIxMnNociUyMTR2MTU1ODM4OTU2MjkyNCUyMTVtMiUyMTFzaHIlMjEyc2hyJTIyJTIwd2lkdGglM0QlMjI5MDAlMjIlMjBoZWlnaHQlM0QlMjIzODAlMjIlMjBmcmFtZWJvcmRlciUzRCUyMjAlMjIlMjBzdHlsZSUzRCUyMmJvcmRlciUzQTAlMjIlMjBhbGxvd2Z1bGxzY3JlZW4lM0UlM0MlMkZpZnJhbWUlM0U=[\/vc_raw_html][\/vc_column_inner][\/vc_row_inner][\/vc_column][\/vc_row]<\/p>\n","protected":false},"excerpt":{"rendered":"<p>[vc_row][vc_column][vc_row_inner][vc_column_inner width=&#8221;1\/2&#8243;][vc_column_text]Die Stadtmauer in Krk stammt aus dem 1. Jahrhundert v. Chr. und ihre \u00dcberreste sind noch heute im Gel\u00e4nde des Cafe Volsonis zu sehen. Im Laufe der Jahrhunderte wurden die Stadtmauern und T\u00fcrme gebaut, wobei die letzte Erweiterung im 15. Jahrhundert erfolgte und diese sind auch heute noch gut erhalten. Die Stadtmauern haben die Stadt vollst\u00e4ndig umschlossen und der Haupteingang zur Stadt von der K\u00fcste aus waren die gro\u00dfen Stadttore, die erstmals im 14. Jahr. erw\u00e4hnt wurden.[\/vc_column_text][\/vc_column_inner][vc_column_inner width=&#8221;1\/2&#8243;][\/vc_column_inner][\/vc_row_inner][vc_empty_space height=&#8221;17px&#8221;][vc_row_inner][vc_column_inner width=&#8221;1\/2&#8243; offset=&#8221;vc_hidden-sm vc_hidden-xs&#8221;][\/vc_column_inner][vc_column_inner width=&#8221;1\/2&#8243; offset=&#8221;vc_hidden-sm vc_hidden-xs&#8221;][vc_column_text]Der einzige Stadtplatz in Krk,&#8230;<\/p>\n","protected":false},"author":1,"featured_media":0,"parent":8564,"menu_order":0,"comment_status":"closed","ping_status":"closed","template":"","meta":[],"yoast_head":"<!-- This site is optimized with the Yoast SEO plugin v16.0.1 - https:\/\/yoast.com\/wordpress\/plugins\/seo\/ -->\n<title>Stadtmauern - Experience Krk<\/title>\n<link rel=\"canonical\" href=\"https:\/\/experiencekrk.com\/de\/geschichte-und-kultur\/stadtmauern\/\" \/>\n<meta property=\"og:locale\" content=\"de_DE\" \/>\n<meta property=\"og:type\" content=\"article\" \/>\n<meta property=\"og:title\" content=\"Stadtmauern - Experience Krk\" \/>\n<meta property=\"og:description\" content=\"[vc_row][vc_column][vc_row_inner][vc_column_inner width=&#8221;1\/2&#8243;][vc_column_text]Die Stadtmauer in Krk stammt aus dem 1. Jahrhundert v. Chr. und ihre \u00dcberreste sind noch heute im Gel\u00e4nde des Cafe Volsonis zu sehen. Im Laufe der Jahrhunderte wurden die Stadtmauern und T\u00fcrme gebaut, wobei die letzte Erweiterung im 15. Jahrhundert erfolgte und diese sind auch heute noch gut erhalten. Die Stadtmauern haben die Stadt vollst\u00e4ndig umschlossen und der Haupteingang zur Stadt von der K\u00fcste aus waren die gro\u00dfen Stadttore, die erstmals im 14. Jahr. erw\u00e4hnt wurden.[\/vc_column_text][\/vc_column_inner][vc_column_inner width=&#8221;1\/2&#8243;][\/vc_column_inner][\/vc_row_inner][vc_empty_space height=&#8221;17px&#8221;][vc_row_inner][vc_column_inner width=&#8221;1\/2&#8243; offset=&#8221;vc_hidden-sm vc_hidden-xs&#8221;][\/vc_column_inner][vc_column_inner width=&#8221;1\/2&#8243; offset=&#8221;vc_hidden-sm vc_hidden-xs&#8221;][vc_column_text]Der einzige Stadtplatz in Krk,...\" \/>\n<meta property=\"og:url\" content=\"https:\/\/experiencekrk.com\/de\/geschichte-und-kultur\/stadtmauern\/\" \/>\n<meta property=\"og:site_name\" content=\"Experience Krk\" \/>\n<meta property=\"article:modified_time\" content=\"2024-03-13T09:37:02+00:00\" \/>\n<meta name=\"twitter:card\" content=\"summary_large_image\" \/>\n<meta name=\"twitter:label1\" content=\"Gesch\u00e4tzte Lesezeit\">\n\t<meta name=\"twitter:data1\" content=\"2\u00a0Minuten\">\n<script type=\"application\/ld+json\" class=\"yoast-schema-graph\">{\"@context\":\"https:\/\/schema.org\",\"@graph\":[{\"@type\":\"WebSite\",\"@id\":\"https:\/\/experiencekrk.com\/#website\",\"url\":\"https:\/\/experiencekrk.com\/\",\"name\":\"Experience Krk\",\"description\":\"Cultural Tours, Food &amp; Wine and more\",\"potentialAction\":[{\"@type\":\"SearchAction\",\"target\":\"https:\/\/experiencekrk.com\/?s={search_term_string}\",\"query-input\":\"required name=search_term_string\"}],\"inLanguage\":\"de\"},{\"@type\":\"WebPage\",\"@id\":\"https:\/\/experiencekrk.com\/de\/geschichte-und-kultur\/stadtmauern\/#webpage\",\"url\":\"https:\/\/experiencekrk.com\/de\/geschichte-und-kultur\/stadtmauern\/\",\"name\":\"Stadtmauern - Experience Krk\",\"isPartOf\":{\"@id\":\"https:\/\/experiencekrk.com\/#website\"},\"datePublished\":\"2019-04-12T23:45:15+00:00\",\"dateModified\":\"2024-03-13T09:37:02+00:00\",\"breadcrumb\":{\"@id\":\"https:\/\/experiencekrk.com\/de\/geschichte-und-kultur\/stadtmauern\/#breadcrumb\"},\"inLanguage\":\"de\",\"potentialAction\":[{\"@type\":\"ReadAction\",\"target\":[\"https:\/\/experiencekrk.com\/de\/geschichte-und-kultur\/stadtmauern\/\"]}]},{\"@type\":\"BreadcrumbList\",\"@id\":\"https:\/\/experiencekrk.com\/de\/geschichte-und-kultur\/stadtmauern\/#breadcrumb\",\"itemListElement\":[{\"@type\":\"ListItem\",\"position\":1,\"item\":{\"@type\":\"WebPage\",\"@id\":\"https:\/\/experiencekrk.com\/de\/\",\"url\":\"https:\/\/experiencekrk.com\/de\/\",\"name\":\"Home\"}},{\"@type\":\"ListItem\",\"position\":2,\"item\":{\"@type\":\"WebPage\",\"@id\":\"https:\/\/experiencekrk.com\/de\/geschichte-und-kultur\/\",\"url\":\"https:\/\/experiencekrk.com\/de\/geschichte-und-kultur\/\",\"name\":\"Geschichte und Kultur\"}},{\"@type\":\"ListItem\",\"position\":3,\"item\":{\"@type\":\"WebPage\",\"@id\":\"https:\/\/experiencekrk.com\/de\/geschichte-und-kultur\/stadtmauern\/\",\"url\":\"https:\/\/experiencekrk.com\/de\/geschichte-und-kultur\/stadtmauern\/\",\"name\":\"Stadtmauern\"}}]}]}<\/script>\n<!-- \/ Yoast SEO plugin. -->","_links":{"self":[{"href":"https:\/\/experiencekrk.com\/de\/wp-json\/wp\/v2\/pages\/8574"}],"collection":[{"href":"https:\/\/experiencekrk.com\/de\/wp-json\/wp\/v2\/pages"}],"about":[{"href":"https:\/\/experiencekrk.com\/de\/wp-json\/wp\/v2\/types\/page"}],"author":[{"embeddable":true,"href":"https:\/\/experiencekrk.com\/de\/wp-json\/wp\/v2\/users\/1"}],"replies":[{"embeddable":true,"href":"https:\/\/experiencekrk.com\/de\/wp-json\/wp\/v2\/comments?post=8574"}],"version-history":[{"count":6,"href":"https:\/\/experiencekrk.com\/de\/wp-json\/wp\/v2\/pages\/8574\/revisions"}],"predecessor-version":[{"id":33342,"href":"https:\/\/experiencekrk.com\/de\/wp-json\/wp\/v2\/pages\/8574\/revisions\/33342"}],"up":[{"embeddable":true,"href":"https:\/\/experiencekrk.com\/de\/wp-json\/wp\/v2\/pages\/8564"}],"wp:attachment":[{"href":"https:\/\/experiencekrk.com\/de\/wp-json\/wp\/v2\/media?parent=8574"}],"curies":[{"name":"wp","href":"https:\/\/api.w.org\/{rel}","templated":true}]}}