{"id":8569,"date":"2019-04-13T00:08:51","date_gmt":"2019-04-13T00:08:51","guid":{"rendered":"https:\/\/experiencekrk.com\/geschichte-und-kultur\/ancient-sites-and-remains\/"},"modified":"2020-05-19T11:13:01","modified_gmt":"2020-05-19T11:13:01","slug":"antike-staetten-ueberreste","status":"publish","type":"page","link":"https:\/\/experiencekrk.com\/de\/geschichte-und-kultur\/antike-staetten-ueberreste\/","title":{"rendered":"Antike St\u00e4tten &#038; \u00dcberreste"},"content":{"rendered":"<p>[vc_row][vc_column]<div class=\"mkdf-section-title-holder\">\n\t<h1 class=\"mkdf-section-title mkdf-section-title-medium\" >\n\tAntike Ruinen in der Volsonis Cafe Bar<\/h1>\n<\/div>[\/vc_column][\/vc_row][vc_row][vc_column width=&#8221;1\/2&#8243; css=&#8221;.vc_custom_1559125178706{padding-top: 0px !important;}&#8221;][vc_column_text]<span style=\"font-weight: 400;\">Die Cafe Bar Volsonis befindet sich im Inneren des Perossi Hauses und ist als wertvolle arch\u00e4ologische St\u00e4tte bekannt. Die alten Mauern aus dem 4. Jahrhundert n. Chr. und andere arch\u00e4ologische Artefakte wurden bei Ausgrabungen im 21. Jahrhundert gefunden. Das interessanteste Artefakt ist der Altar der Venus, der der r\u00f6mischen Liebesg\u00f6ttin gewidmet ist.<\/span><\/p>\n<p><span style=\"font-weight: 400;\">Wenn Sie sich f\u00fcr einen Besuch in Volsonis entscheiden, k\u00f6nnen Sie durch die antiken unterirdischen G\u00e4nge und G\u00e4rten gehen, in denen viele Grabsteine (zusammen mit dem bereits erw\u00e4hnten Altar) gefunden wurden. Ein Grabstein tr\u00e4gt den Namen Volson, der einer der r\u00f6mischen Herrscher von Krk war und nach dem die Cafe-Bar damals benannt wurde.<\/span>[\/vc_column_text][vc_column_text][\/vc_column_text][\/vc_column][vc_column width=&#8221;1\/2&#8243; css=&#8221;.vc_custom_1559125192021{border-top-width: 0px !important;padding-top: 10px !important;}&#8221;]<div class=\"mkdf-image-gallery\">\n\t<div class=\"mkdf-image-gallery-slider \" data-autoplay=\"5\" data-animation=\"slide\" data-navigation=\"yes\" data-pagination=\"yes\">\n\t\t\t\t\t\t\t\t\t<img src=\"https:\/\/experiencekrk.com\/wp-content\/uploads\/2019\/04\/City-of-Krk-ancient-altar-at-caffe-bar-Volsonis-600x400.jpg\" alt=\"the historical tours of Krk and its rich historical heritage from the ancient Europe times\" width=\"600\" height=\"400\" \/>\t\t\t\t\t\t\t\t\t\t\t\t\t<img src=\"https:\/\/experiencekrk.com\/wp-content\/uploads\/2019\/05\/City-of-Krk-caffe-bar-Volsonis-600x400.jpg\" alt=\"\" width=\"600\" height=\"400\" \/>\t\t\t\t\t\t\t\t\t\t\t\t\t<img src=\"https:\/\/experiencekrk.com\/wp-content\/uploads\/2019\/05\/City-of-Krk-caffe-bar-Volsonis-2-600x400.jpg\" alt=\"\" width=\"600\" height=\"400\" \/>\t\t\t\t\t\t\t\t\t\t\t\t\t<img src=\"https:\/\/experiencekrk.com\/wp-content\/uploads\/2019\/05\/City-of-Krk-caffe-bar-Volsonis-3-600x400.jpg\" alt=\"\" width=\"600\" height=\"400\" \/>\t\t\t\t\t\t\t\t\t\t\t\t\t<img src=\"https:\/\/experiencekrk.com\/wp-content\/uploads\/2019\/05\/City-of-Krk-caffe-bar-Volsonis-4-600x400.jpg\" alt=\"\" width=\"600\" height=\"400\" \/>\t\t\t\t\t\t\t<\/div>\n<\/div>[\/vc_column][\/vc_row][vc_row][vc_column][vc_row_inner][vc_column_inner width=&#8221;1\/4&#8243;][vc_column_text]Telefon: <a href=\"tel:+38551880249\">+385 51 880 249<\/a><br \/>\nAdresse: Vela placa 8, 51500 Krk<\/p>\n<p><strong>Arbeitszeiten:<\/strong><\/p>\n<p>1.10. \u2013 30.04.<br \/>\n<span style=\"font-weight: 400;\">So-Do<\/span>: 07:00-00:00<br \/>\n<span style=\"font-weight: 400;\">Fr-Sa<\/span>: 07:00-01:00<\/p>\n<p>1.5. 07 \u2013 30.09.<br \/>\n<span style=\"font-weight: 400;\">Mo &#8211; So<\/span>: 07:00-02:00[\/vc_column_text][\/vc_column_inner][vc_column_inner width=&#8221;3\/4&#8243;][vc_raw_html]JTNDaWZyYW1lJTIwc3JjJTNEJTIyaHR0cHMlM0ElMkYlMkZ3d3cuZ29vZ2xlLmNvbSUyRm1hcHMlMkZlbWJlZCUzRnBiJTNEJTIxMW0xNCUyMTFtOCUyMTFtMyUyMTFkMjI1NTkuNTUwMTMyNDQ3MDMlMjEyZDE0LjU3MzgzODAwMDAwMDAwMiUyMTNkNDUuMDI2MDY3JTIxM20yJTIxMWkxMDI0JTIxMmk3NjglMjE0ZjEzLjElMjEzbTMlMjExbTIlMjExczB4MCUyNTNBMHhjM2NkMWViZTdhZjhjNGM1JTIxMnNWb2xzb25pcyUyMTVlMCUyMTNtMiUyMTFzZW4lMjEyc2hyJTIxNHYxNTU5MTM1NDk4ODE2JTIxNW0yJTIxMXNlbiUyMTJzaHIlMjIlMjB3aWR0aCUzRCUyMjk4MCUyMiUyMGhlaWdodCUzRCUyMjM1MCUyMiUyMGZyYW1lYm9yZGVyJTNEJTIyMCUyMiUyMHN0eWxlJTNEJTIyYm9yZGVyJTNBMCUyMiUyMGFsbG93ZnVsbHNjcmVlbiUzRSUzQyUyRmlmcmFtZSUzRQ==[\/vc_raw_html][\/vc_column_inner][\/vc_row_inner][vc_empty_space height=&#8221;10px&#8221;]<div class=\"mkdf-separator-holder clearfix  mkdf-separator-center mkdf-separator-full-width\">\n\t<div class=\"mkdf-separator\" style=\"border-color: #ebebeb;border-style: solid;border-bottom-width: 1px;margin-top: 20px;margin-bottom: 45px\"><\/div>\n<\/div>\n[\/vc_column][\/vc_row][vc_row][vc_column]<div class=\"mkdf-section-title-holder\">\n\t<h1 class=\"mkdf-section-title mkdf-section-title-medium\" >\n\tVenustempel<\/h1>\n<\/div>[\/vc_column][\/vc_row][vc_row][vc_column width=&#8221;1\/2&#8243; css=&#8221;.vc_custom_1559125178706{padding-top: 0px !important;}&#8221;][vc_column_text]<span style=\"font-weight: 400;\">Die \u00dcberreste des antiken Venustempels sind im Gesch\u00e4ft Memento, im alten Stadtzentrum von Krk, zu sehen. Die \u00dcberreste des Tempels sind durch den Glasboden im Inneren des Gesch\u00e4ftes zu sehen.<\/span><\/p>\n<p><span style=\"font-weight: 400;\">Venus war die r\u00f6mische G\u00f6ttin der Liebe, Sch\u00f6nheit und Ehe. Im r\u00f6mischen Reich war die Zahl der Venus gewidmeten Tempel deutlich geringer als die Zahl der Tempel, die f\u00fcr andere r\u00f6mische G\u00f6tter gebaut wurden. Daher ist dieser Tempel, der aus dem 1. Jahrhundert v. Chr. stammt, der einzige Tempel, der der G\u00f6ttin Venus auf der \u00f6stlichen Seite der Adria (von Griechenland bis Italien) gewidmet ist, was ihn noch spektakul\u00e4rer macht.<\/span>[\/vc_column_text][vc_column_text][\/vc_column_text][\/vc_column][vc_column width=&#8221;1\/2&#8243; css=&#8221;.vc_custom_1559125192021{border-top-width: 0px !important;padding-top: 10px !important;}&#8221;]<div class=\"mkdf-image-gallery\">\n\t<div class=\"mkdf-image-gallery-slider \" data-autoplay=\"5\" data-animation=\"slide\" data-navigation=\"yes\" data-pagination=\"yes\">\n\t\t\t\t\t\t\t\t\t<img src=\"https:\/\/experiencekrk.com\/wp-content\/uploads\/2019\/04\/City-of-Krk-Temple-of-Venus-600x400.jpg\" alt=\"\" width=\"600\" height=\"400\" \/>\t\t\t\t\t\t\t\t\t\t\t\t\t<img src=\"https:\/\/experiencekrk.com\/wp-content\/uploads\/2019\/05\/City-of-Krk-temple-of-venus-2-600x400.jpg\" alt=\"\" width=\"600\" height=\"400\" \/>\t\t\t\t\t\t\t\t\t\t\t\t\t<img src=\"https:\/\/experiencekrk.com\/wp-content\/uploads\/2019\/05\/City-of-Krk-temple-of-venus-3-600x400.jpg\" alt=\"\" width=\"600\" height=\"400\" \/>\t\t\t\t\t\t\t\t\t\t\t\t\t<img src=\"https:\/\/experiencekrk.com\/wp-content\/uploads\/2019\/05\/City-of-Krk-temple-of-venus-600x400.jpg\" alt=\"\" width=\"600\" height=\"400\" \/>\t\t\t\t\t\t\t<\/div>\n<\/div>[\/vc_column][\/vc_row][vc_row][vc_column][vc_empty_space height=&#8221;10px&#8221;][vc_column_text][\/vc_column_text][\/vc_column][\/vc_row][vc_row][vc_column][vc_row_inner][vc_column_inner width=&#8221;1\/4&#8243;][vc_column_text]Venus-Tempel<br \/>\n(im Shop Memento)<\/p>\n<p>Telefon: <a href=\"tel:+38551520662\">+385 51 520 662<\/a><br \/>\nE-mail: <a href=\"mailto:info@memento-venerem.com\">info@memento-venerem.com<\/a><br \/>\nAdresse: A. Mahni\u0107a 3, 51500 Krk[\/vc_column_text][\/vc_column_inner][vc_column_inner width=&#8221;3\/4&#8243;][vc_raw_html]JTNDaWZyYW1lJTIwc3JjJTNEJTIyaHR0cHMlM0ElMkYlMkZ3d3cuZ29vZ2xlLmNvbSUyRm1hcHMlMkZlbWJlZCUzRnBiJTNEJTIxMW0xNCUyMTFtOCUyMTFtMyUyMTFkMjI1NTkuNzU5Mzk2OTA5MzcyJTIxMmQxNC41NzQ1NTMwMDAwMDAwMDIlMjEzZDQ1LjAyNTUzNiUyMTNtMiUyMTFpMTAyNCUyMTJpNzY4JTIxNGYxMy4xJTIxM20zJTIxMW0yJTIxMXMweDAlMjUzQTB4ZThiYThkNTE3ZTA0ZGE3MCUyMTJzVC5PLiUyQk1lbWVudG8lMjE1ZTAlMjEzbTIlMjExc2VuJTIxMnNociUyMTR2MTU1OTEzNTI3NjM3NSUyMTVtMiUyMTFzZW4lMjEyc2hyJTIyJTIwd2lkdGglM0QlMjI5ODAlMjIlMjBoZWlnaHQlM0QlMjIzNTAlMjIlMjBmcmFtZWJvcmRlciUzRCUyMjAlMjIlMjBzdHlsZSUzRCUyMmJvcmRlciUzQTAlMjIlMjBhbGxvd2Z1bGxzY3JlZW4lM0UlM0MlMkZpZnJhbWUlM0U=[\/vc_raw_html][\/vc_column_inner][\/vc_row_inner][vc_empty_space height=&#8221;10px&#8221;]<div class=\"mkdf-separator-holder clearfix  mkdf-separator-center mkdf-separator-full-width\">\n\t<div class=\"mkdf-separator\" style=\"border-color: #ebebeb;border-style: solid;border-bottom-width: 1px;margin-top: 20px;margin-bottom: 45px\"><\/div>\n<\/div>\n[\/vc_column][\/vc_row][vc_row][vc_column]<div class=\"mkdf-section-title-holder\">\n\t<h1 class=\"mkdf-section-title mkdf-section-title-medium\" >\n\tArch\u00e4ologische Sammlung Fortis<\/h1>\n<\/div>[\/vc_column][\/vc_row][vc_row][vc_column width=&#8221;1\/2&#8243; css=&#8221;.vc_custom_1559135795949{padding-top: 15px !important;}&#8221;][vc_column_text]<span style=\"font-weight: 400;\">Die Galerie Fortis bietet eine wertvolle Sammlung von Gegenst\u00e4nden aus der Zeit des R\u00f6mischen Reiches (1. &#8211; 5. Jh.) und der Vorgeschichte (3. &#8211; 1. Jh. v. Chr.). Diese arch\u00e4ologische Sammlung besteht aus Bronze, Keramik und anderen Erinnerungsst\u00fccken aus der R\u00f6merzeit. Alle Gegenst\u00e4nde wurden innerhalb der Stadt Krk gefunden.<\/span><\/p>\n<p>Telefon: <a href=\"tel:+38551221695\">+385 51 221 695<\/a><br \/>\nMobil: <a href=\"tel:+38598459886\">+385 98 459 886<\/a><br \/>\nAdresse: Dr. D. Vitezi\u0107a 1, 51500 Krk[\/vc_column_text][\/vc_column][vc_column width=&#8221;1\/2&#8243; css=&#8221;.vc_custom_1559125192021{border-top-width: 0px !important;padding-top: 10px !important;}&#8221;]<div class=\"mkdf-image-gallery\">\n\t<div class=\"mkdf-image-gallery-slider \" data-autoplay=\"5\" data-animation=\"slide\" data-navigation=\"yes\" data-pagination=\"yes\">\n\t\t\t\t\t\t\t\t\t<img src=\"https:\/\/experiencekrk.com\/wp-content\/uploads\/2019\/05\/City-of-Krk-Archaeological-collection-Fortis-600x400.jpg\" alt=\"\" width=\"600\" height=\"400\" \/>\t\t\t\t\t\t\t\t\t\t\t\t\t<img src=\"https:\/\/experiencekrk.com\/wp-content\/uploads\/2019\/05\/City-of-Krk-Archaeological-collection-Fortis-2-600x400.jpg\" alt=\"\" width=\"600\" height=\"400\" \/>\t\t\t\t\t\t\t<\/div>\n<\/div>[\/vc_column][\/vc_row][vc_row][vc_column][vc_raw_html]JTNDaWZyYW1lJTIwc3JjJTNEJTIyaHR0cHMlM0ElMkYlMkZ3d3cuZ29vZ2xlLmNvbSUyRm1hcHMlMkZlbWJlZCUzRnBiJTNEJTIxMW0xOCUyMTFtMTIlMjExbTMlMjExZDgzMjkuMjg1MDA5MTc2MTU0JTIxMmQxNC41NzAxNzMxMzA4ODUwNTglMjEzZDQ1LjAyNTAyMjQ0Nzc2NjYxJTIxMm0zJTIxMWYwJTIxMmYwJTIxM2YwJTIxM20yJTIxMWkxMDI0JTIxMmk3NjglMjE0ZjEzLjElMjEzbTMlMjExbTIlMjExczB4NDc2MzczOTFkOGEyMDI0NyUyNTNBMHg5NGE5NDdjMTIxYmQwN2ZmJTIxMnNNdXplaiUyQmdhbGVyaWphJTJCRm9ydGlzJTIxNWUwJTIxM20yJTIxMXNlbiUyMTJzaHIlMjE0djE1NjA0MjY1MjQ5NTclMjE1bTIlMjExc2VuJTIxMnNociUyMiUyMHdpZHRoJTNEJTIyOTgwJTIyJTIwaGVpZ2h0JTNEJTIyMzUwJTIyJTIwZnJhbWVib3JkZXIlM0QlMjIwJTIyJTIwc3R5bGUlM0QlMjJib3JkZXIlM0EwJTIyJTIwYWxsb3dmdWxsc2NyZWVuJTNFJTNDJTJGaWZyYW1lJTNF[\/vc_raw_html][vc_empty_space height=&#8221;30px&#8221;][\/vc_column][\/vc_row]<\/p>\n","protected":false},"excerpt":{"rendered":"<p>[vc_row][vc_column][\/vc_column][\/vc_row][vc_row][vc_column width=&#8221;1\/2&#8243; css=&#8221;.vc_custom_1559125178706{padding-top: 0px !important;}&#8221;][vc_column_text]Die Cafe Bar Volsonis befindet sich im Inneren des Perossi Hauses und ist als wertvolle arch\u00e4ologische St\u00e4tte bekannt. Die alten Mauern aus dem 4. Jahrhundert n. Chr. und andere arch\u00e4ologische Artefakte wurden bei Ausgrabungen im 21. Jahrhundert gefunden. Das interessanteste Artefakt ist der Altar der Venus, der der r\u00f6mischen Liebesg\u00f6ttin gewidmet ist. Wenn Sie sich f\u00fcr einen Besuch in Volsonis entscheiden, k\u00f6nnen Sie durch die antiken unterirdischen G\u00e4nge und G\u00e4rten gehen, in denen viele Grabsteine (zusammen mit dem bereits erw\u00e4hnten Altar) gefunden wurden. Ein Grabstein tr\u00e4gt&#8230;<\/p>\n","protected":false},"author":1,"featured_media":0,"parent":8564,"menu_order":0,"comment_status":"closed","ping_status":"closed","template":"","meta":[],"yoast_head":"<!-- This site is optimized with the Yoast SEO plugin v16.0.1 - https:\/\/yoast.com\/wordpress\/plugins\/seo\/ -->\n<title>Antike St\u00e4tten &amp; \u00dcberreste - Experience Krk<\/title>\n<link rel=\"canonical\" href=\"https:\/\/experiencekrk.com\/de\/geschichte-und-kultur\/antike-staetten-ueberreste\/\" \/>\n<meta property=\"og:locale\" content=\"de_DE\" \/>\n<meta property=\"og:type\" content=\"article\" \/>\n<meta property=\"og:title\" content=\"Antike St\u00e4tten &amp; \u00dcberreste - Experience Krk\" \/>\n<meta property=\"og:description\" content=\"[vc_row][vc_column][\/vc_column][\/vc_row][vc_row][vc_column width=&#8221;1\/2&#8243; css=&#8221;.vc_custom_1559125178706{padding-top: 0px !important;}&#8221;][vc_column_text]Die Cafe Bar Volsonis befindet sich im Inneren des Perossi Hauses und ist als wertvolle arch\u00e4ologische St\u00e4tte bekannt. Die alten Mauern aus dem 4. Jahrhundert n. Chr. und andere arch\u00e4ologische Artefakte wurden bei Ausgrabungen im 21. Jahrhundert gefunden. Das interessanteste Artefakt ist der Altar der Venus, der der r\u00f6mischen Liebesg\u00f6ttin gewidmet ist. Wenn Sie sich f\u00fcr einen Besuch in Volsonis entscheiden, k\u00f6nnen Sie durch die antiken unterirdischen G\u00e4nge und G\u00e4rten gehen, in denen viele Grabsteine (zusammen mit dem bereits erw\u00e4hnten Altar) gefunden wurden. Ein Grabstein tr\u00e4gt...\" \/>\n<meta property=\"og:url\" content=\"https:\/\/experiencekrk.com\/de\/geschichte-und-kultur\/antike-staetten-ueberreste\/\" \/>\n<meta property=\"og:site_name\" content=\"Experience Krk\" \/>\n<meta property=\"article:modified_time\" content=\"2020-05-19T11:13:01+00:00\" \/>\n<meta name=\"twitter:card\" content=\"summary_large_image\" \/>\n<meta name=\"twitter:label1\" content=\"Gesch\u00e4tzte Lesezeit\">\n\t<meta name=\"twitter:data1\" content=\"4\u00a0Minuten\">\n<script type=\"application\/ld+json\" class=\"yoast-schema-graph\">{\"@context\":\"https:\/\/schema.org\",\"@graph\":[{\"@type\":\"WebSite\",\"@id\":\"https:\/\/experiencekrk.com\/#website\",\"url\":\"https:\/\/experiencekrk.com\/\",\"name\":\"Experience Krk\",\"description\":\"Cultural Tours, Food &amp; Wine and more\",\"potentialAction\":[{\"@type\":\"SearchAction\",\"target\":\"https:\/\/experiencekrk.com\/?s={search_term_string}\",\"query-input\":\"required name=search_term_string\"}],\"inLanguage\":\"de\"},{\"@type\":\"WebPage\",\"@id\":\"https:\/\/experiencekrk.com\/de\/geschichte-und-kultur\/antike-staetten-ueberreste\/#webpage\",\"url\":\"https:\/\/experiencekrk.com\/de\/geschichte-und-kultur\/antike-staetten-ueberreste\/\",\"name\":\"Antike St\\u00e4tten & \\u00dcberreste - Experience Krk\",\"isPartOf\":{\"@id\":\"https:\/\/experiencekrk.com\/#website\"},\"datePublished\":\"2019-04-13T00:08:51+00:00\",\"dateModified\":\"2020-05-19T11:13:01+00:00\",\"breadcrumb\":{\"@id\":\"https:\/\/experiencekrk.com\/de\/geschichte-und-kultur\/antike-staetten-ueberreste\/#breadcrumb\"},\"inLanguage\":\"de\",\"potentialAction\":[{\"@type\":\"ReadAction\",\"target\":[\"https:\/\/experiencekrk.com\/de\/geschichte-und-kultur\/antike-staetten-ueberreste\/\"]}]},{\"@type\":\"BreadcrumbList\",\"@id\":\"https:\/\/experiencekrk.com\/de\/geschichte-und-kultur\/antike-staetten-ueberreste\/#breadcrumb\",\"itemListElement\":[{\"@type\":\"ListItem\",\"position\":1,\"item\":{\"@type\":\"WebPage\",\"@id\":\"https:\/\/experiencekrk.com\/de\/\",\"url\":\"https:\/\/experiencekrk.com\/de\/\",\"name\":\"Home\"}},{\"@type\":\"ListItem\",\"position\":2,\"item\":{\"@type\":\"WebPage\",\"@id\":\"https:\/\/experiencekrk.com\/de\/geschichte-und-kultur\/\",\"url\":\"https:\/\/experiencekrk.com\/de\/geschichte-und-kultur\/\",\"name\":\"Geschichte und Kultur\"}},{\"@type\":\"ListItem\",\"position\":3,\"item\":{\"@type\":\"WebPage\",\"@id\":\"https:\/\/experiencekrk.com\/de\/geschichte-und-kultur\/antike-staetten-ueberreste\/\",\"url\":\"https:\/\/experiencekrk.com\/de\/geschichte-und-kultur\/antike-staetten-ueberreste\/\",\"name\":\"Antike St\\u00e4tten &#038; \\u00dcberreste\"}}]}]}<\/script>\n<!-- \/ Yoast SEO plugin. -->","_links":{"self":[{"href":"https:\/\/experiencekrk.com\/de\/wp-json\/wp\/v2\/pages\/8569"}],"collection":[{"href":"https:\/\/experiencekrk.com\/de\/wp-json\/wp\/v2\/pages"}],"about":[{"href":"https:\/\/experiencekrk.com\/de\/wp-json\/wp\/v2\/types\/page"}],"author":[{"embeddable":true,"href":"https:\/\/experiencekrk.com\/de\/wp-json\/wp\/v2\/users\/1"}],"replies":[{"embeddable":true,"href":"https:\/\/experiencekrk.com\/de\/wp-json\/wp\/v2\/comments?post=8569"}],"version-history":[{"count":2,"href":"https:\/\/experiencekrk.com\/de\/wp-json\/wp\/v2\/pages\/8569\/revisions"}],"predecessor-version":[{"id":8572,"href":"https:\/\/experiencekrk.com\/de\/wp-json\/wp\/v2\/pages\/8569\/revisions\/8572"}],"up":[{"embeddable":true,"href":"https:\/\/experiencekrk.com\/de\/wp-json\/wp\/v2\/pages\/8564"}],"wp:attachment":[{"href":"https:\/\/experiencekrk.com\/de\/wp-json\/wp\/v2\/media?parent=8569"}],"curies":[{"name":"wp","href":"https:\/\/api.w.org\/{rel}","templated":true}]}}