{"id":8564,"date":"2019-04-12T22:45:12","date_gmt":"2019-04-12T22:45:12","guid":{"rendered":"https:\/\/experiencekrk.com\/history-and-culture\/"},"modified":"2024-03-10T21:14:01","modified_gmt":"2024-03-10T21:14:01","slug":"geschichte-und-kultur","status":"publish","type":"page","link":"https:\/\/experiencekrk.com\/de\/geschichte-und-kultur\/","title":{"rendered":"Geschichte und Kultur"},"content":{"rendered":"<p>[vc_row][vc_column]<div class=\"mkdf-section-title-holder\">\n\t<h1 class=\"mkdf-section-title mkdf-section-title-medium\" >\n\tGeschichte und Kultur<\/h1>\n<\/div>[vc_column_text]<span style=\"font-weight: 400;\">Erleben Sie das reiche historische Erbe von Krk, das bis in die Antike zur\u00fcckreicht, als es noch als die r\u00f6mische Siedlung Curicum bekannt war. Das Zentrum von Krk befindet sich innerhalb der befestigten Stadtmauern, die erstmals im 1. Jahrhundert v. Chr. erw\u00e4hnt wurden. W\u00e4hrend des Mittelalters und der Renaissance erhielt die Stadtmauer verschiedene Schichten und T\u00fcrme, die vollst\u00e4ndig erhalten sind und noch heute zu sehen sind. Tats\u00e4chlich pr\u00e4gten die T\u00fcrme,\u00a0 zusammen mit der Frankopan-Burg an der K\u00fcste, das Aussehen der Stadt Krk.<\/span><\/p>\n<p><span style=\"font-weight: 400;\">Die Stadt Krk ist ein Ort, an dem die Geschichte auch heute noch sehr pr\u00e4sent ist &#8211; vom Venustempel im Gesch\u00e4ft Memento Venerem bis hin zu den antiken Ruinen in der Caf\u00e9-Bar Volsonis. Ganz zu schweigen von dem Mosaik, das die r\u00f6mische Mythologie von Triton umrei\u00dft.<\/span>[\/vc_column_text][\/vc_column][\/vc_row][vc_row][vc_column]<div class=\"mkdf-separator-holder clearfix  mkdf-separator-center mkdf-separator-full-width\">\n\t<div class=\"mkdf-separator\" style=\"border-color: #ebebeb;border-style: solid;border-bottom-width: 1px;margin-top: 20px;margin-bottom: 45px\"><\/div>\n<\/div>\n[vc_row_inner][vc_column_inner width=&#8221;1\/3&#8243;][vc_single_image image=&#8221;3304&#8243; img_size=&#8221;full&#8221; alignment=&#8221;center&#8221; style=&#8221;vc_box_rounded&#8221; onclick=&#8221;custom_link&#8221; link=&#8221;https:\/\/experiencekrk.com\/de\/geschichte-und-kultur\/stadtmauern\/&#8221;][vc_column_text el_class=&#8221;custom-tour-text&#8221;]<\/p>\n<p style=\"text-align: center;\"><strong><a href=\"https:\/\/experiencekrk.com\/de\/geschichte-und-kultur\/stadtmauern\/\"><span style=\"color: #870337;\">Stadtmauern<\/span><\/a><\/strong><\/p>\n<p>[\/vc_column_text][\/vc_column_inner][vc_column_inner width=&#8221;1\/3&#8243;][vc_single_image image=&#8221;3347&#8243; img_size=&#8221;full&#8221; alignment=&#8221;center&#8221; style=&#8221;vc_box_rounded&#8221; onclick=&#8221;custom_link&#8221; link=&#8221;https:\/\/experiencekrk.com\/de\/geschichte-und-kultur\/frankopan-schloss-erbe\/&#8221;][vc_column_text el_class=&#8221;custom-tour-text&#8221;]<\/p>\n<p style=\"text-align: center;\"><strong><a href=\"https:\/\/experiencekrk.com\/de\/geschichte-und-kultur\/frankopan-schloss-erbe\/\"><span style=\"color: #870337;\">Frankopan Schloss &amp; Erbe<\/span><\/a><\/strong><\/p>\n<p>[\/vc_column_text][\/vc_column_inner][vc_column_inner width=&#8221;1\/3&#8243;][vc_single_image image=&#8221;3345&#8243; img_size=&#8221;full&#8221; alignment=&#8221;center&#8221; style=&#8221;vc_box_rounded&#8221; onclick=&#8221;custom_link&#8221; link=&#8221;https:\/\/experiencekrk.com\/de\/geschichte-und-kultur\/antike-staetten-ueberreste\/&#8221;][vc_column_text el_class=&#8221;custom-tour-text&#8221; css=&#8221;.vc_custom_1580238912586{border-right-width: 0px !important;border-left-width: 0px !important;background-position: center !important;background-repeat: no-repeat !important;background-size: contain !important;}&#8221;]<\/p>\n<p style=\"text-align: center;\"><strong><a href=\"https:\/\/experiencekrk.com\/de\/geschichte-und-kultur\/antike-staetten-ueberreste\/\"><span style=\"color: #870337;\">Antike St\u00e4tten &amp; \u00dcberreste<\/span><\/a><\/strong><\/p>\n<p>[\/vc_column_text][\/vc_column_inner][\/vc_row_inner][vc_empty_space][vc_row_inner][vc_column_inner width=&#8221;1\/3&#8243;][vc_single_image image=&#8221;5631&#8243; img_size=&#8221;full&#8221; alignment=&#8221;center&#8221; style=&#8221;vc_box_rounded&#8221; onclick=&#8221;custom_link&#8221; link=&#8221;https:\/\/experiencekrk.com\/de\/geschichte-und-kultur\/ethnisches-erbe\/&#8221;][vc_column_text el_class=&#8221;custom-tour-text&#8221;]<\/p>\n<p style=\"text-align: center;\"><a href=\"https:\/\/experiencekrk.com\/de\/geschichte-und-kultur\/ethnisches-erbe\/\"><span style=\"color: #870337;\"><strong><span style=\"font-weight: 400;\"><strong>Ethnisches Erbe<\/strong><\/span><\/strong><\/span><\/a><\/p>\n<p>[\/vc_column_text][\/vc_column_inner][vc_column_inner width=&#8221;1\/3&#8243;][vc_single_image image=&#8221;5647&#8243; img_size=&#8221;full&#8221; alignment=&#8221;center&#8221; style=&#8221;vc_box_rounded&#8221; onclick=&#8221;custom_link&#8221; link=&#8221;https:\/\/experiencekrk.com\/de\/geschichte-und-kultur\/maritimes-erbe\/&#8221;][vc_column_text el_class=&#8221;custom-tour-text&#8221;]<\/p>\n<p style=\"text-align: center;\"><a href=\"https:\/\/experiencekrk.com\/de\/geschichte-und-kultur\/maritimes-erbe\/\"><span style=\"color: #870337;\"><strong><span style=\"font-weight: 400;\"><strong>Maritimes Erbe<\/strong><\/span><\/strong><\/span><\/a><\/p>\n<p>[\/vc_column_text][\/vc_column_inner][vc_column_inner width=&#8221;1\/3&#8243;][vc_single_image image=&#8221;3346&#8243; img_size=&#8221;full&#8221; alignment=&#8221;center&#8221; style=&#8221;vc_box_rounded&#8221; onclick=&#8221;custom_link&#8221; link=&#8221;https:\/\/experiencekrk.com\/de\/geschichte-und-kultur\/glagolitischer-pfad\/&#8221;][vc_column_text el_class=&#8221;custom-tour-text&#8221;]<\/p>\n<p style=\"text-align: center;\"><strong><a href=\"https:\/\/experiencekrk.com\/de\/geschichte-und-kultur\/glagolitischer-pfad\/\"><span style=\"color: #870337;\">Glagolitische Spur<\/span><\/a><\/strong><\/p>\n<p>[\/vc_column_text][\/vc_column_inner][\/vc_row_inner][vc_empty_space][\/vc_column][\/vc_row][vc_row][vc_column]<div class=\"mkdf-separator-holder clearfix  mkdf-separator-center mkdf-separator-full-width\">\n\t<div class=\"mkdf-separator\" style=\"border-color: #ebebeb;border-style: solid;border-bottom-width: 1px;margin-top: 20px;margin-bottom: 45px\"><\/div>\n<\/div>\n<div class=\"mkdf-section-title-holder\">\n\t<h1 class=\"mkdf-section-title mkdf-section-title-medium\" style=\"color: #870337\">\n\tEmpfohlene Touren<\/h1>\n<\/div><div class=\"mkdf-tours-list-holder mkdf-tours-gallery-with-hover\">\n\t\t\t\t\t\t<div class=\"mkdf-tours-list-pagination-data\">\n\t\t\t\t<input type=\"hidden\" name=\"order_by\" value=\"date\">\n\t\t\t\t<input type=\"hidden\" name=\"order\" value=\"ASC\">\n\t\t\t\t<input type=\"hidden\" name=\"tour_category\" value=\"historical-tours\">\n\t\t\t\t<input type=\"hidden\" name=\"number\" value=\"2\">\n\t\t\t\t<input type=\"hidden\" name=\"thumb_size\" value=\"voyage_landscape\">\n\t\t\t\t<input type=\"hidden\" name=\"next_page\" value=\"2\">\n\t\t\t\t<input type=\"hidden\" name=\"tour_type\" value=\"standard\">\n\t\t\t\t<input type=\"hidden\" name=\"image_size\" value=\"landscape\">\n\t\t\t\t<input type=\"hidden\" name=\"text_length\" value=\"90\">\n\t\t\t<\/div>\n\t\t\n\t\t\n\t\t<div class=\"mkdf-tours-list-holder-inner mkdf-two-items\">\n\n\t\t\t\t\n\t<div class=\"mkdf-tour-list-item-inner post-8760 tour-item type-tour-item status-publish has-post-thumbnail hentry tour-category-geschichte-touren\">\n\t\t<div class=\"mkdf-tours-standard-item post-8760 tour-item type-tour-item status-publish has-post-thumbnail hentry tour-category-geschichte-touren\">\n\t\t\t<div class=\"mkdf-tours-standard-item-image-holder\">\n\t\t\t<a href=\"https:\/\/experiencekrk.com\/de\/tour-item\/frankopan-pfaden\/\">\n\t\t\t\t<img width=\"600\" height=\"400\" src=\"https:\/\/experiencekrk.com\/wp-content\/uploads\/2019\/04\/City-of-Krk-Frankopan-castle.jpg\" class=\"attachment-voyage_landscape size-voyage_landscape wp-post-image\" alt=\"\" loading=\"lazy\" srcset=\"https:\/\/experiencekrk.com\/wp-content\/uploads\/2019\/04\/City-of-Krk-Frankopan-castle.jpg 600w, https:\/\/experiencekrk.com\/wp-content\/uploads\/2019\/04\/City-of-Krk-Frankopan-castle-300x200.jpg 300w\" sizes=\"(max-width: 600px) 100vw, 600px\" \/>\n\t\t\t\t\t\t\t\t\t<span class=\"mkdf-tours-standard-item-label-holder\">\n\t\t\t\t\t\t\n\t\t<span class=\"mkdf-tour-item-label mkdf-tour-item-label-skin1\">\n\t\t\t<span class=\"mkdf-tour-item-label-inner\">\n\t\t\t\t1\t\t\t<\/span>\n\t\t<\/span>\n\n\t\t\t\t\t\t\t<\/span>\n\t\t\t\t\t\t\t<\/a>\n\t\t<\/div>\n\t\n\t<div class=\"mkdf-tours-standard-item-content-holder\">\n\t\t<div class=\"mkdf-tours-standard-item-title-price-holder\">\n\t\t\t<h5 class=\"mkdf-tour-title\" >\n\t\t\t\t<a href=\"https:\/\/experiencekrk.com\/de\/tour-item\/frankopan-pfaden\/\">Frankopan-Pfaden<\/a>\n\n\t\t\t\t<span class=\"mkdf-tours-standard-item-price-holder\">\n\t\t\t\t\t\n\t\t<span class=\"mkdf-tours-price-holder\">\n\t\t\t\t\t\t\t<span class=\"mkdf-tours-item-price\">$1<\/span>\n\t\t\t\t\t\t\t\t<\/span>\n\n\t\t\t\t\t\t<\/span>\n\n\t\t\t<\/h5>\n\t\t<\/div>\n\n\t\t<div class=\"mkdf-tours-standard-item-rating\">\n\t\t\t\n\t\t\n\t\t\t\t<\/div>\n\n\t\t\t\t\t<div class=\"mkdf-tours-standard-item-excerpt\">\n\t\t\t\t[vc_row][vc_column][vc_column_text]Die Familie Frankopan war ein kroatisches Adelsgeschlecht, das einen gro\u00dfen Einfluss auf die kroatische Geschichte hatte. Sie stammten von der Insel Krk ab und die Erinnerung an ihr Leben kann man heute im Inneren des Frankopan-Schlosses auf dem Kamplin-Platz sehen. Im Inneren des Schlossgel\u00e4ndes befinden sich die gut erhaltenen Schlossmauern und drei T\u00fcrme. Das Schloss wurde zu Verteidigungszwecken und als Residenz der Familie Frankopan genutzt. Bei einem Spaziergang entlang der Schlossmauer werden Sie einzigartige monolithische Steinbauten entdecken, die als liburnische Cippus bekannt sind &#8211; ein Grabstein aus der Zeit der...\t\t\t<\/div>\n\t\t\n\t\t<div class=\"mkdf-tours-standard-item-bottom-content\">\n\t\t\t\n\t\t\t\t\t\t\t<div class=\"mkdf-tours-standard-item-bottom-item\">\n\t\t\t\t\t\n\t\t\n\t\t\t<div class=\"mkdf-tour-min-age-holder\">\n\t\t\t    <span class=\"mkdf-tour-min-age-icon mkdf-tour-info-icon\">\n\t\t\t\t    <span class=\"lnr lnr-user\"><\/span>\n\t\t\t    <\/span>\n\n\t\t\t\t<span class=\"mkdf-tour-info-label\">\n\t\t\t\t\t1+\n\t\t\t\t\t\t\t\t\t<\/span>\n\t\t\t<\/div>\n\n\t\t\n\t\t\t\t\t\t<\/div>\n\t\t\t\t\t<\/div>\n\t<\/div>\n<\/div>\t<\/div>\n\t\n\t<div class=\"mkdf-tour-list-item-inner post-8721 tour-item type-tour-item status-publish has-post-thumbnail hentry tour-category-geschichte-touren\">\n\t\t<div class=\"mkdf-tours-standard-item post-8721 tour-item type-tour-item status-publish has-post-thumbnail hentry tour-category-geschichte-touren\">\n\t\t\t<div class=\"mkdf-tours-standard-item-image-holder\">\n\t\t\t<a href=\"https:\/\/experiencekrk.com\/de\/tour-item\/stadtgeschichte-erforschen\/\">\n\t\t\t\t<img width=\"600\" height=\"400\" src=\"https:\/\/experiencekrk.com\/wp-content\/uploads\/2019\/04\/City-of-Krk-clock-on-the-Old-Town-Council.jpg\" class=\"attachment-voyage_landscape size-voyage_landscape wp-post-image\" alt=\"\" loading=\"lazy\" srcset=\"https:\/\/experiencekrk.com\/wp-content\/uploads\/2019\/04\/City-of-Krk-clock-on-the-Old-Town-Council.jpg 600w, https:\/\/experiencekrk.com\/wp-content\/uploads\/2019\/04\/City-of-Krk-clock-on-the-Old-Town-Council-300x200.jpg 300w\" sizes=\"(max-width: 600px) 100vw, 600px\" \/>\n\t\t\t\t\t\t\t\t\t<span class=\"mkdf-tours-standard-item-label-holder\">\n\t\t\t\t\t\t\n\t\t<span class=\"mkdf-tour-item-label mkdf-tour-item-label-skin2\">\n\t\t\t<span class=\"mkdf-tour-item-label-inner\">\n\t\t\t\t\t\t\t<\/span>\n\t\t<\/span>\n\n\t\t\t\t\t\t\t<\/span>\n\t\t\t\t\t\t\t<\/a>\n\t\t<\/div>\n\t\n\t<div class=\"mkdf-tours-standard-item-content-holder\">\n\t\t<div class=\"mkdf-tours-standard-item-title-price-holder\">\n\t\t\t<h5 class=\"mkdf-tour-title\" >\n\t\t\t\t<a href=\"https:\/\/experiencekrk.com\/de\/tour-item\/stadtgeschichte-erforschen\/\">Stadtgeschichte erforschen<\/a>\n\n\t\t\t\t<span class=\"mkdf-tours-standard-item-price-holder\">\n\t\t\t\t\t\n\t\t<span class=\"mkdf-tours-price-holder\">\n\t\t\t\t\t\t\t<span class=\"mkdf-tours-item-price\">$1<\/span>\n\t\t\t\t\t\t\t\t<\/span>\n\n\t\t\t\t\t\t<\/span>\n\n\t\t\t<\/h5>\n\t\t<\/div>\n\n\t\t<div class=\"mkdf-tours-standard-item-rating\">\n\t\t\t\n\t\t\n\t\t\t\t<\/div>\n\n\t\t\t\t\t<div class=\"mkdf-tours-standard-item-excerpt\">\n\t\t\t\t[vc_row][vc_column][vc_column_text]Wenn Sie am Rathaus vorbeikommen, das f\u00fcr seine Uhr ber\u00fchmt ist, finden Sie sich auf dem Vela Placa Platz wieder, wo der sechsseitige Brunnen aus dem 16. Jahrhundert steht. Dieser Platz verbirgt eine wertvolle arch\u00e4ologische St\u00e4tte in der Stadtmauer, die aus dem 3. oder 4. Jahrhundert v. Chr. stammt. In der N\u00e4he der Vela Placa k\u00f6nnen Sie in der Caffe Bar Volsonis etwas trinken gehen, wo Sie mit wertvollen arch\u00e4ologischen Artefakten und alten Stadtmauern aus dem 4. Jhr. n. Chr. umgeben sind. Eine weitere einzigartige arch\u00e4ologische St\u00e4tte, die \u00dcberreste des...\t\t\t<\/div>\n\t\t\n\t\t<div class=\"mkdf-tours-standard-item-bottom-content\">\n\t\t\t\t\t\t\t<div class=\"mkdf-tours-standard-item-bottom-item\">\n\t\t\t\t\t\n\t\t\n\t\t\t<div class=\"mkdf-tour-duration-holder\">\n\t\t\t    <span class=\"mkdf-tour-duration-icon mkdf-tour-info-icon\">\n\t\t\t\t\t<span class=\"lnr lnr-undo\"><\/span>\n\t\t\t    <\/span>\n\t\t\t\t<span class=\"mkdf-tour-info-label\">\n\t\t\t\t\t1\t\t\t\t<\/span>\n\t\t\t<\/div>\n\n\t\t\n\t\t\t\t\t\t<\/div>\n\t\t\t\n\t\t\t\t\t\t\t<div class=\"mkdf-tours-standard-item-bottom-item\">\n\t\t\t\t\t\n\t\t\n\t\t\t<div class=\"mkdf-tour-min-age-holder\">\n\t\t\t    <span class=\"mkdf-tour-min-age-icon mkdf-tour-info-icon\">\n\t\t\t\t    <span class=\"lnr lnr-user\"><\/span>\n\t\t\t    <\/span>\n\n\t\t\t\t<span class=\"mkdf-tour-info-label\">\n\t\t\t\t\t1+\n\t\t\t\t\t\t\t\t\t<\/span>\n\t\t\t<\/div>\n\n\t\t\n\t\t\t\t\t\t<\/div>\n\t\t\t\t\t<\/div>\n\t<\/div>\n<\/div>\t<\/div>\n\n\t\t\t<div class=\"mkdf-tours-list-grid-sizer\"><\/div>\n\t\t<\/div>\n\n\t\t\n\n\t\t<\/div>[\/vc_column][\/vc_row]<\/p>\n","protected":false},"excerpt":{"rendered":"<p>[vc_row][vc_column][vc_column_text]Erleben Sie das reiche historische Erbe von Krk, das bis in die Antike zur\u00fcckreicht, als es noch als die r\u00f6mische Siedlung Curicum bekannt war. Das Zentrum von Krk befindet sich innerhalb der befestigten Stadtmauern, die erstmals im 1. Jahrhundert v. Chr. erw\u00e4hnt wurden. W\u00e4hrend des Mittelalters und der Renaissance erhielt die Stadtmauer verschiedene Schichten und T\u00fcrme, die vollst\u00e4ndig erhalten sind und noch heute zu sehen sind. Tats\u00e4chlich pr\u00e4gten die T\u00fcrme,\u00a0 zusammen mit der Frankopan-Burg an der K\u00fcste, das Aussehen der Stadt Krk. Die Stadt Krk ist ein Ort, an dem&#8230;<\/p>\n","protected":false},"author":1,"featured_media":0,"parent":0,"menu_order":0,"comment_status":"closed","ping_status":"closed","template":"","meta":[],"yoast_head":"<!-- This site is optimized with the Yoast SEO plugin v16.0.1 - https:\/\/yoast.com\/wordpress\/plugins\/seo\/ -->\n<title>Geschichte und Kultur - Experience Krk<\/title>\n<link rel=\"canonical\" href=\"https:\/\/experiencekrk.com\/de\/geschichte-und-kultur\/\" \/>\n<meta property=\"og:locale\" content=\"de_DE\" \/>\n<meta property=\"og:type\" content=\"article\" \/>\n<meta property=\"og:title\" content=\"Geschichte und Kultur - Experience Krk\" \/>\n<meta property=\"og:description\" content=\"[vc_row][vc_column][vc_column_text]Erleben Sie das reiche historische Erbe von Krk, das bis in die Antike zur\u00fcckreicht, als es noch als die r\u00f6mische Siedlung Curicum bekannt war. Das Zentrum von Krk befindet sich innerhalb der befestigten Stadtmauern, die erstmals im 1. Jahrhundert v. Chr. erw\u00e4hnt wurden. W\u00e4hrend des Mittelalters und der Renaissance erhielt die Stadtmauer verschiedene Schichten und T\u00fcrme, die vollst\u00e4ndig erhalten sind und noch heute zu sehen sind. Tats\u00e4chlich pr\u00e4gten die T\u00fcrme,\u00a0 zusammen mit der Frankopan-Burg an der K\u00fcste, das Aussehen der Stadt Krk. Die Stadt Krk ist ein Ort, an dem...\" \/>\n<meta property=\"og:url\" content=\"https:\/\/experiencekrk.com\/de\/geschichte-und-kultur\/\" \/>\n<meta property=\"og:site_name\" content=\"Experience Krk\" \/>\n<meta property=\"article:modified_time\" content=\"2024-03-10T21:14:01+00:00\" \/>\n<meta name=\"twitter:card\" content=\"summary_large_image\" \/>\n<meta name=\"twitter:label1\" content=\"Gesch\u00e4tzte Lesezeit\">\n\t<meta name=\"twitter:data1\" content=\"2\u00a0Minuten\">\n<script type=\"application\/ld+json\" class=\"yoast-schema-graph\">{\"@context\":\"https:\/\/schema.org\",\"@graph\":[{\"@type\":\"WebSite\",\"@id\":\"https:\/\/experiencekrk.com\/#website\",\"url\":\"https:\/\/experiencekrk.com\/\",\"name\":\"Experience Krk\",\"description\":\"Cultural Tours, Food &amp; Wine and more\",\"potentialAction\":[{\"@type\":\"SearchAction\",\"target\":\"https:\/\/experiencekrk.com\/?s={search_term_string}\",\"query-input\":\"required name=search_term_string\"}],\"inLanguage\":\"de\"},{\"@type\":\"WebPage\",\"@id\":\"https:\/\/experiencekrk.com\/de\/geschichte-und-kultur\/#webpage\",\"url\":\"https:\/\/experiencekrk.com\/de\/geschichte-und-kultur\/\",\"name\":\"Geschichte und Kultur - Experience Krk\",\"isPartOf\":{\"@id\":\"https:\/\/experiencekrk.com\/#website\"},\"datePublished\":\"2019-04-12T22:45:12+00:00\",\"dateModified\":\"2024-03-10T21:14:01+00:00\",\"breadcrumb\":{\"@id\":\"https:\/\/experiencekrk.com\/de\/geschichte-und-kultur\/#breadcrumb\"},\"inLanguage\":\"de\",\"potentialAction\":[{\"@type\":\"ReadAction\",\"target\":[\"https:\/\/experiencekrk.com\/de\/geschichte-und-kultur\/\"]}]},{\"@type\":\"BreadcrumbList\",\"@id\":\"https:\/\/experiencekrk.com\/de\/geschichte-und-kultur\/#breadcrumb\",\"itemListElement\":[{\"@type\":\"ListItem\",\"position\":1,\"item\":{\"@type\":\"WebPage\",\"@id\":\"https:\/\/experiencekrk.com\/de\/\",\"url\":\"https:\/\/experiencekrk.com\/de\/\",\"name\":\"Home\"}},{\"@type\":\"ListItem\",\"position\":2,\"item\":{\"@type\":\"WebPage\",\"@id\":\"https:\/\/experiencekrk.com\/de\/geschichte-und-kultur\/\",\"url\":\"https:\/\/experiencekrk.com\/de\/geschichte-und-kultur\/\",\"name\":\"Geschichte und Kultur\"}}]}]}<\/script>\n<!-- \/ Yoast SEO plugin. -->","_links":{"self":[{"href":"https:\/\/experiencekrk.com\/de\/wp-json\/wp\/v2\/pages\/8564"}],"collection":[{"href":"https:\/\/experiencekrk.com\/de\/wp-json\/wp\/v2\/pages"}],"about":[{"href":"https:\/\/experiencekrk.com\/de\/wp-json\/wp\/v2\/types\/page"}],"author":[{"embeddable":true,"href":"https:\/\/experiencekrk.com\/de\/wp-json\/wp\/v2\/users\/1"}],"replies":[{"embeddable":true,"href":"https:\/\/experiencekrk.com\/de\/wp-json\/wp\/v2\/comments?post=8564"}],"version-history":[{"count":6,"href":"https:\/\/experiencekrk.com\/de\/wp-json\/wp\/v2\/pages\/8564\/revisions"}],"predecessor-version":[{"id":33308,"href":"https:\/\/experiencekrk.com\/de\/wp-json\/wp\/v2\/pages\/8564\/revisions\/33308"}],"wp:attachment":[{"href":"https:\/\/experiencekrk.com\/de\/wp-json\/wp\/v2\/media?parent=8564"}],"curies":[{"name":"wp","href":"https:\/\/api.w.org\/{rel}","templated":true}]}}