{"id":8560,"date":"2019-06-06T12:56:40","date_gmt":"2019-06-06T12:56:40","guid":{"rendered":"https:\/\/experiencekrk.com\/wandern\/recreational-trail-kornic\/"},"modified":"2020-01-28T19:12:14","modified_gmt":"2020-01-28T19:12:14","slug":"erholungspfad-kornic","status":"publish","type":"page","link":"https:\/\/experiencekrk.com\/de\/wandern\/erholungspfad-kornic\/","title":{"rendered":"Erholungspfad Korni\u0107"},"content":{"rendered":"<p>[vc_row][vc_column]<div class=\"mkdf-section-title-holder\">\n\t<h1 class=\"mkdf-section-title mkdf-section-title-medium\" >\n\tErholungspfad Korni\u0107 <\/h1>\n<\/div>[\/vc_column][\/vc_row][vc_row][vc_column width=&#8221;1\/2&#8243; css=&#8221;.vc_custom_1559125178706{padding-top: 0px !important;}&#8221;][vc_column_text css=&#8221;.vc_custom_1580238690262{border-top-width: 0px !important;padding-top: 0px !important;}&#8221;]<span style=\"font-weight: 400;\">Werden Sie aktiv und erkunden Sie die Natursch\u00f6nheiten des kleinen Dorfes Korni\u0107, das sich in der N\u00e4he der Stadt Krk befindet. Spazieren Sie durch diese l\u00e4ndlichen Gegenden, erkunden Sie die Natursch\u00f6nheiten des kleinen Dorfes und genie\u00dfen Sie die frische Luft und bewegen Sie sich ein wenig.<\/span><\/p>\n<p><span style=\"font-weight: 400;\">W\u00e4hrend Ihres Aufenthaltes in Korni\u0107 empfehlen wir Ihnen, die <\/span><a href=\"https:\/\/experiencekrk.com\/de\/geschichte-und-kultur\/ethnisches-erbe\/\"><span style=\"font-weight: 400;\">Ethnographische Sammlung Korni\u0107 <\/span><\/a><span style=\"font-weight: 400;\">zu besuchen und zu sehen, wie die Menschen fr\u00fcher gelebt haben.<\/span><\/p>\n<p><span style=\"font-weight: 400;\">Dieser Erholungspfad ist \u00fcber 3 km lang und dauert ca. 1:30 Stunden, um ihn zu durchlaufen.<\/span>[\/vc_column_text][\/vc_column][vc_column width=&#8221;1\/2&#8243; css=&#8221;.vc_custom_1559125192021{border-top-width: 0px !important;padding-top: 10px !important;}&#8221;]<div class=\"mkdf-image-gallery\">\n\t<div class=\"mkdf-image-gallery-slider \" data-autoplay=\"5\" data-animation=\"slide\" data-navigation=\"yes\" data-pagination=\"yes\">\n\t\t\t\t\t\t\t\t\t<img width=\"600\" height=\"400\" src=\"https:\/\/experiencekrk.com\/wp-content\/uploads\/2019\/06\/City-of-Krk-krk-bike-story-4.jpg\" class=\"attachment-full size-full\" alt=\"\" loading=\"lazy\" srcset=\"https:\/\/experiencekrk.com\/wp-content\/uploads\/2019\/06\/City-of-Krk-krk-bike-story-4.jpg 600w, https:\/\/experiencekrk.com\/wp-content\/uploads\/2019\/06\/City-of-Krk-krk-bike-story-4-300x200.jpg 300w\" sizes=\"(max-width: 600px) 100vw, 600px\" \/>\t\t\t\t\t\t\t\t\t\t\t\t\t<img width=\"600\" height=\"400\" src=\"https:\/\/experiencekrk.com\/wp-content\/uploads\/2019\/06\/City-of-Krk-hiking-and-jogging.jpg\" class=\"attachment-full size-full\" alt=\"\" loading=\"lazy\" srcset=\"https:\/\/experiencekrk.com\/wp-content\/uploads\/2019\/06\/City-of-Krk-hiking-and-jogging.jpg 600w, https:\/\/experiencekrk.com\/wp-content\/uploads\/2019\/06\/City-of-Krk-hiking-and-jogging-300x200.jpg 300w\" sizes=\"(max-width: 600px) 100vw, 600px\" \/>\t\t\t\t\t\t\t<\/div>\n<\/div>[\/vc_column][\/vc_row][vc_row][vc_column][vc_empty_space height=&#8221;10px&#8221;]<div class=\"mkdf-section-title-holder\">\n\t<h1 class=\"mkdf-section-title mkdf-section-title-small\" >\n\tErholungspfad Korni\u0107 <\/h1>\n<\/div>[vc_raw_html]JTNDaWZyYW1lJTIwc3JjJTNEJTIyaHR0cHMlM0ElMkYlMkZ3d3cuZ29vZ2xlLmNvbSUyRm1hcHMlMkZkJTJGdSUyRjAlMkZlbWJlZCUzRm1pZCUzRDFIbUg5T1lLRHNFbGw5QXZNQkJNMWlScGJnMHpYbmpaYSUyMiUyMHdpZHRoJTNEJTIyOTgwJTIyJTIwaGVpZ2h0JTNEJTIyMzUwJTIyJTNFJTNDJTJGaWZyYW1lJTNF[\/vc_raw_html]<div class=\"mkdf-separator-holder clearfix  mkdf-separator-center mkdf-separator-full-width\">\n\t<div class=\"mkdf-separator\" style=\"border-color: #ebebeb;border-style: solid;border-bottom-width: 1px;margin-top: 20px;margin-bottom: 45px\"><\/div>\n<\/div>\n[\/vc_column][\/vc_row]<\/p>\n","protected":false},"excerpt":{"rendered":"<p>[vc_row][vc_column][\/vc_column][\/vc_row][vc_row][vc_column width=&#8221;1\/2&#8243; css=&#8221;.vc_custom_1559125178706{padding-top: 0px !important;}&#8221;][vc_column_text css=&#8221;.vc_custom_1580238690262{border-top-width: 0px !important;padding-top: 0px !important;}&#8221;]Werden Sie aktiv und erkunden Sie die Natursch\u00f6nheiten des kleinen Dorfes Korni\u0107, das sich in der N\u00e4he der Stadt Krk befindet. Spazieren Sie durch diese l\u00e4ndlichen Gegenden, erkunden Sie die Natursch\u00f6nheiten des kleinen Dorfes und genie\u00dfen Sie die frische Luft und bewegen Sie sich ein wenig. W\u00e4hrend Ihres Aufenthaltes in Korni\u0107 empfehlen wir Ihnen, die Ethnographische Sammlung Korni\u0107 zu besuchen und zu sehen, wie die Menschen fr\u00fcher gelebt haben. Dieser Erholungspfad ist \u00fcber 3 km lang und dauert ca. 1:30 Stunden,&#8230;<\/p>\n","protected":false},"author":1,"featured_media":0,"parent":8551,"menu_order":0,"comment_status":"closed","ping_status":"closed","template":"","meta":[],"yoast_head":"<!-- This site is optimized with the Yoast SEO plugin v16.0.1 - https:\/\/yoast.com\/wordpress\/plugins\/seo\/ -->\n<title>Erholungspfad Korni\u0107 - Experience Krk<\/title>\n<link rel=\"canonical\" href=\"https:\/\/experiencekrk.com\/de\/wandern\/erholungspfad-kornic\/\" \/>\n<meta property=\"og:locale\" content=\"de_DE\" \/>\n<meta property=\"og:type\" content=\"article\" \/>\n<meta property=\"og:title\" content=\"Erholungspfad Korni\u0107 - Experience Krk\" \/>\n<meta property=\"og:description\" content=\"[vc_row][vc_column][\/vc_column][\/vc_row][vc_row][vc_column width=&#8221;1\/2&#8243; css=&#8221;.vc_custom_1559125178706{padding-top: 0px !important;}&#8221;][vc_column_text css=&#8221;.vc_custom_1580238690262{border-top-width: 0px !important;padding-top: 0px !important;}&#8221;]Werden Sie aktiv und erkunden Sie die Natursch\u00f6nheiten des kleinen Dorfes Korni\u0107, das sich in der N\u00e4he der Stadt Krk befindet. Spazieren Sie durch diese l\u00e4ndlichen Gegenden, erkunden Sie die Natursch\u00f6nheiten des kleinen Dorfes und genie\u00dfen Sie die frische Luft und bewegen Sie sich ein wenig. W\u00e4hrend Ihres Aufenthaltes in Korni\u0107 empfehlen wir Ihnen, die Ethnographische Sammlung Korni\u0107 zu besuchen und zu sehen, wie die Menschen fr\u00fcher gelebt haben. Dieser Erholungspfad ist \u00fcber 3 km lang und dauert ca. 1:30 Stunden,...\" \/>\n<meta property=\"og:url\" content=\"https:\/\/experiencekrk.com\/de\/wandern\/erholungspfad-kornic\/\" \/>\n<meta property=\"og:site_name\" content=\"Experience Krk\" \/>\n<meta property=\"article:modified_time\" content=\"2020-01-28T19:12:14+00:00\" \/>\n<meta name=\"twitter:card\" content=\"summary_large_image\" \/>\n<meta name=\"twitter:label1\" content=\"Gesch\u00e4tzte Lesezeit\">\n\t<meta name=\"twitter:data1\" content=\"1\u00a0Minute\">\n<script type=\"application\/ld+json\" class=\"yoast-schema-graph\">{\"@context\":\"https:\/\/schema.org\",\"@graph\":[{\"@type\":\"WebSite\",\"@id\":\"https:\/\/experiencekrk.com\/#website\",\"url\":\"https:\/\/experiencekrk.com\/\",\"name\":\"Experience Krk\",\"description\":\"Cultural Tours, Food &amp; Wine and more\",\"potentialAction\":[{\"@type\":\"SearchAction\",\"target\":\"https:\/\/experiencekrk.com\/?s={search_term_string}\",\"query-input\":\"required name=search_term_string\"}],\"inLanguage\":\"de\"},{\"@type\":\"WebPage\",\"@id\":\"https:\/\/experiencekrk.com\/de\/wandern\/erholungspfad-kornic\/#webpage\",\"url\":\"https:\/\/experiencekrk.com\/de\/wandern\/erholungspfad-kornic\/\",\"name\":\"Erholungspfad Korni\\u0107 - Experience Krk\",\"isPartOf\":{\"@id\":\"https:\/\/experiencekrk.com\/#website\"},\"datePublished\":\"2019-06-06T12:56:40+00:00\",\"dateModified\":\"2020-01-28T19:12:14+00:00\",\"breadcrumb\":{\"@id\":\"https:\/\/experiencekrk.com\/de\/wandern\/erholungspfad-kornic\/#breadcrumb\"},\"inLanguage\":\"de\",\"potentialAction\":[{\"@type\":\"ReadAction\",\"target\":[\"https:\/\/experiencekrk.com\/de\/wandern\/erholungspfad-kornic\/\"]}]},{\"@type\":\"BreadcrumbList\",\"@id\":\"https:\/\/experiencekrk.com\/de\/wandern\/erholungspfad-kornic\/#breadcrumb\",\"itemListElement\":[{\"@type\":\"ListItem\",\"position\":1,\"item\":{\"@type\":\"WebPage\",\"@id\":\"https:\/\/experiencekrk.com\/de\/\",\"url\":\"https:\/\/experiencekrk.com\/de\/\",\"name\":\"Home\"}},{\"@type\":\"ListItem\",\"position\":2,\"item\":{\"@type\":\"WebPage\",\"@id\":\"https:\/\/experiencekrk.com\/de\/wandern\/\",\"url\":\"https:\/\/experiencekrk.com\/de\/wandern\/\",\"name\":\"Wandern\"}},{\"@type\":\"ListItem\",\"position\":3,\"item\":{\"@type\":\"WebPage\",\"@id\":\"https:\/\/experiencekrk.com\/de\/wandern\/erholungspfad-kornic\/\",\"url\":\"https:\/\/experiencekrk.com\/de\/wandern\/erholungspfad-kornic\/\",\"name\":\"Erholungspfad Korni\\u0107\"}}]}]}<\/script>\n<!-- \/ Yoast SEO plugin. -->","_links":{"self":[{"href":"https:\/\/experiencekrk.com\/de\/wp-json\/wp\/v2\/pages\/8560"}],"collection":[{"href":"https:\/\/experiencekrk.com\/de\/wp-json\/wp\/v2\/pages"}],"about":[{"href":"https:\/\/experiencekrk.com\/de\/wp-json\/wp\/v2\/types\/page"}],"author":[{"embeddable":true,"href":"https:\/\/experiencekrk.com\/de\/wp-json\/wp\/v2\/users\/1"}],"replies":[{"embeddable":true,"href":"https:\/\/experiencekrk.com\/de\/wp-json\/wp\/v2\/comments?post=8560"}],"version-history":[{"count":2,"href":"https:\/\/experiencekrk.com\/de\/wp-json\/wp\/v2\/pages\/8560\/revisions"}],"predecessor-version":[{"id":8561,"href":"https:\/\/experiencekrk.com\/de\/wp-json\/wp\/v2\/pages\/8560\/revisions\/8561"}],"up":[{"embeddable":true,"href":"https:\/\/experiencekrk.com\/de\/wp-json\/wp\/v2\/pages\/8551"}],"wp:attachment":[{"href":"https:\/\/experiencekrk.com\/de\/wp-json\/wp\/v2\/media?parent=8560"}],"curies":[{"name":"wp","href":"https:\/\/api.w.org\/{rel}","templated":true}]}}