{"id":8555,"date":"2019-06-06T12:40:14","date_gmt":"2019-06-06T12:40:14","guid":{"rendered":"https:\/\/experiencekrk.com\/wandern\/franciscan-promenade\/"},"modified":"2020-01-28T19:09:29","modified_gmt":"2020-01-28T19:09:29","slug":"franziskaner-promenade","status":"publish","type":"page","link":"https:\/\/experiencekrk.com\/de\/wandern\/franziskaner-promenade\/","title":{"rendered":"Franziskaner-Promenade"},"content":{"rendered":"<p>[vc_row][vc_column]<div class=\"mkdf-section-title-holder\">\n\t<h1 class=\"mkdf-section-title mkdf-section-title-medium\" >\n\tFranziskaner-Promenade <\/h1>\n<\/div>[\/vc_column][\/vc_row][vc_row][vc_column width=&#8221;1\/2&#8243; css=&#8221;.vc_custom_1559125178706{padding-top: 0px !important;}&#8221;][vc_column_text css=&#8221;.vc_custom_1580238525001{border-top-width: 0px !important;padding-top: 0px !important;}&#8221;]<span style=\"font-weight: 400;\">Die Franziskanerpromenade wird entlang der Strandpromenade von der Stadt Krk, bis zur kleinen Insel Ko\u0161ljun mit dem Franziskanerkloster, zusammen mit dem kleinen Ort Punat und dem l\u00e4ndlichen Gebiet von Korni\u0107, zur\u00fcck in die Stadt Krk f\u00fchren. Es ist eine gro\u00dfe Gelegenheit zu sehen, wie der Franziskanerorden das Leben der Einheimischen \u00fcber Jahrhunderte hinweg beeinflusst hat.<\/span><\/p>\n<p><span style=\"font-weight: 400;\">Die Dauer der Franziskanerpromenade entlang der Krk-Punat-Krk betr\u00e4gt 3 Stunden und hat eine L\u00e4nge von fast 11 km.<\/span>[\/vc_column_text][\/vc_column][vc_column width=&#8221;1\/2&#8243; css=&#8221;.vc_custom_1559125192021{border-top-width: 0px !important;padding-top: 10px !important;}&#8221;]<div class=\"mkdf-image-gallery\">\n\t<div class=\"mkdf-image-gallery-slider \" data-autoplay=\"5\" data-animation=\"slide\" data-navigation=\"yes\" data-pagination=\"yes\">\n\t\t\t\t\t\t\t\t\t<img width=\"600\" height=\"400\" src=\"https:\/\/experiencekrk.com\/wp-content\/uploads\/2019\/06\/City-of-Krk-hiking-2.jpg\" class=\"attachment-full size-full\" alt=\"\" loading=\"lazy\" srcset=\"https:\/\/experiencekrk.com\/wp-content\/uploads\/2019\/06\/City-of-Krk-hiking-2.jpg 600w, https:\/\/experiencekrk.com\/wp-content\/uploads\/2019\/06\/City-of-Krk-hiking-2-300x200.jpg 300w\" sizes=\"(max-width: 600px) 100vw, 600px\" \/>\t\t\t\t\t\t\t\t\t\t\t\t\t<img width=\"600\" height=\"400\" src=\"https:\/\/experiencekrk.com\/wp-content\/uploads\/2019\/06\/City-of-Krk-hiking-4.jpg\" class=\"attachment-full size-full\" alt=\"\" loading=\"lazy\" srcset=\"https:\/\/experiencekrk.com\/wp-content\/uploads\/2019\/06\/City-of-Krk-hiking-4.jpg 600w, https:\/\/experiencekrk.com\/wp-content\/uploads\/2019\/06\/City-of-Krk-hiking-4-300x200.jpg 300w\" sizes=\"(max-width: 600px) 100vw, 600px\" \/>\t\t\t\t\t\t\t<\/div>\n<\/div>[\/vc_column][\/vc_row][vc_row][vc_column][vc_empty_space height=&#8221;10px&#8221;]<div class=\"mkdf-section-title-holder\">\n\t<h1 class=\"mkdf-section-title mkdf-section-title-small\" >\n\tFranziskaner-Promenade <\/h1>\n<\/div>[vc_raw_html]JTNDaWZyYW1lJTIwc3JjJTNEJTIyaHR0cHMlM0ElMkYlMkZ3d3cuZ29vZ2xlLmNvbSUyRm1hcHMlMkZkJTJGdSUyRjAlMkZlbWJlZCUzRm1pZCUzRDEtNzVOQVExYzNEakhyZ1RabGhLMklSVHFXMEJEUENvcyUyMiUyMHdpZHRoJTNEJTIyOTgwJTIyJTIwaGVpZ2h0JTNEJTIyMzUwJTIyJTNFJTNDJTJGaWZyYW1lJTNF[\/vc_raw_html][\/vc_column][\/vc_row]<\/p>\n","protected":false},"excerpt":{"rendered":"<p>[vc_row][vc_column][\/vc_column][\/vc_row][vc_row][vc_column width=&#8221;1\/2&#8243; css=&#8221;.vc_custom_1559125178706{padding-top: 0px !important;}&#8221;][vc_column_text css=&#8221;.vc_custom_1580238525001{border-top-width: 0px !important;padding-top: 0px !important;}&#8221;]Die Franziskanerpromenade wird entlang der Strandpromenade von der Stadt Krk, bis zur kleinen Insel Ko\u0161ljun mit dem Franziskanerkloster, zusammen mit dem kleinen Ort Punat und dem l\u00e4ndlichen Gebiet von Korni\u0107, zur\u00fcck in die Stadt Krk f\u00fchren. Es ist eine gro\u00dfe Gelegenheit zu sehen, wie der Franziskanerorden das Leben der Einheimischen \u00fcber Jahrhunderte hinweg beeinflusst hat. Die Dauer der Franziskanerpromenade entlang der Krk-Punat-Krk betr\u00e4gt 3 Stunden und hat eine L\u00e4nge von fast 11 km.[\/vc_column_text][\/vc_column][vc_column width=&#8221;1\/2&#8243; css=&#8221;.vc_custom_1559125192021{border-top-width: 0px !important;padding-top: 10px !important;}&#8221;][\/vc_column][\/vc_row][vc_row][vc_column][vc_empty_space height=&#8221;10px&#8221;][vc_raw_html]JTNDaWZyYW1lJTIwc3JjJTNEJTIyaHR0cHMlM0ElMkYlMkZ3d3cuZ29vZ2xlLmNvbSUyRm1hcHMlMkZkJTJGdSUyRjAlMkZlbWJlZCUzRm1pZCUzRDEtNzVOQVExYzNEakhyZ1RabGhLMklSVHFXMEJEUENvcyUyMiUyMHdpZHRoJTNEJTIyOTgwJTIyJTIwaGVpZ2h0JTNEJTIyMzUwJTIyJTNFJTNDJTJGaWZyYW1lJTNF[\/vc_raw_html][\/vc_column][\/vc_row]<\/p>\n","protected":false},"author":1,"featured_media":0,"parent":8551,"menu_order":0,"comment_status":"closed","ping_status":"closed","template":"","meta":[],"yoast_head":"<!-- This site is optimized with the Yoast SEO plugin v16.0.1 - https:\/\/yoast.com\/wordpress\/plugins\/seo\/ -->\n<title>Franziskaner-Promenade - Experience Krk<\/title>\n<link rel=\"canonical\" href=\"https:\/\/experiencekrk.com\/de\/wandern\/franziskaner-promenade\/\" \/>\n<meta property=\"og:locale\" content=\"de_DE\" \/>\n<meta property=\"og:type\" content=\"article\" \/>\n<meta property=\"og:title\" content=\"Franziskaner-Promenade - Experience Krk\" \/>\n<meta property=\"og:description\" content=\"[vc_row][vc_column][\/vc_column][\/vc_row][vc_row][vc_column width=&#8221;1\/2&#8243; css=&#8221;.vc_custom_1559125178706{padding-top: 0px !important;}&#8221;][vc_column_text css=&#8221;.vc_custom_1580238525001{border-top-width: 0px !important;padding-top: 0px !important;}&#8221;]Die Franziskanerpromenade wird entlang der Strandpromenade von der Stadt Krk, bis zur kleinen Insel Ko\u0161ljun mit dem Franziskanerkloster, zusammen mit dem kleinen Ort Punat und dem l\u00e4ndlichen Gebiet von Korni\u0107, zur\u00fcck in die Stadt Krk f\u00fchren. Es ist eine gro\u00dfe Gelegenheit zu sehen, wie der Franziskanerorden das Leben der Einheimischen \u00fcber Jahrhunderte hinweg beeinflusst hat. Die Dauer der Franziskanerpromenade entlang der Krk-Punat-Krk betr\u00e4gt 3 Stunden und hat eine L\u00e4nge von fast 11 km.[\/vc_column_text][\/vc_column][vc_column width=&#8221;1\/2&#8243; css=&#8221;.vc_custom_1559125192021{border-top-width: 0px !important;padding-top: 10px !important;}&#8221;][\/vc_column][\/vc_row][vc_row][vc_column][vc_empty_space height=&#8221;10px&#8221;][vc_raw_html]JTNDaWZyYW1lJTIwc3JjJTNEJTIyaHR0cHMlM0ElMkYlMkZ3d3cuZ29vZ2xlLmNvbSUyRm1hcHMlMkZkJTJGdSUyRjAlMkZlbWJlZCUzRm1pZCUzRDEtNzVOQVExYzNEakhyZ1RabGhLMklSVHFXMEJEUENvcyUyMiUyMHdpZHRoJTNEJTIyOTgwJTIyJTIwaGVpZ2h0JTNEJTIyMzUwJTIyJTNFJTNDJTJGaWZyYW1lJTNF[\/vc_raw_html][\/vc_column][\/vc_row]\" \/>\n<meta property=\"og:url\" content=\"https:\/\/experiencekrk.com\/de\/wandern\/franziskaner-promenade\/\" \/>\n<meta property=\"og:site_name\" content=\"Experience Krk\" \/>\n<meta property=\"article:modified_time\" content=\"2020-01-28T19:09:29+00:00\" \/>\n<meta name=\"twitter:card\" content=\"summary_large_image\" \/>\n<meta name=\"twitter:label1\" content=\"Gesch\u00e4tzte Lesezeit\">\n\t<meta name=\"twitter:data1\" content=\"1\u00a0Minute\">\n<script type=\"application\/ld+json\" class=\"yoast-schema-graph\">{\"@context\":\"https:\/\/schema.org\",\"@graph\":[{\"@type\":\"WebSite\",\"@id\":\"https:\/\/experiencekrk.com\/#website\",\"url\":\"https:\/\/experiencekrk.com\/\",\"name\":\"Experience Krk\",\"description\":\"Cultural Tours, Food &amp; Wine and more\",\"potentialAction\":[{\"@type\":\"SearchAction\",\"target\":\"https:\/\/experiencekrk.com\/?s={search_term_string}\",\"query-input\":\"required name=search_term_string\"}],\"inLanguage\":\"de\"},{\"@type\":\"WebPage\",\"@id\":\"https:\/\/experiencekrk.com\/de\/wandern\/franziskaner-promenade\/#webpage\",\"url\":\"https:\/\/experiencekrk.com\/de\/wandern\/franziskaner-promenade\/\",\"name\":\"Franziskaner-Promenade - Experience Krk\",\"isPartOf\":{\"@id\":\"https:\/\/experiencekrk.com\/#website\"},\"datePublished\":\"2019-06-06T12:40:14+00:00\",\"dateModified\":\"2020-01-28T19:09:29+00:00\",\"breadcrumb\":{\"@id\":\"https:\/\/experiencekrk.com\/de\/wandern\/franziskaner-promenade\/#breadcrumb\"},\"inLanguage\":\"de\",\"potentialAction\":[{\"@type\":\"ReadAction\",\"target\":[\"https:\/\/experiencekrk.com\/de\/wandern\/franziskaner-promenade\/\"]}]},{\"@type\":\"BreadcrumbList\",\"@id\":\"https:\/\/experiencekrk.com\/de\/wandern\/franziskaner-promenade\/#breadcrumb\",\"itemListElement\":[{\"@type\":\"ListItem\",\"position\":1,\"item\":{\"@type\":\"WebPage\",\"@id\":\"https:\/\/experiencekrk.com\/de\/\",\"url\":\"https:\/\/experiencekrk.com\/de\/\",\"name\":\"Home\"}},{\"@type\":\"ListItem\",\"position\":2,\"item\":{\"@type\":\"WebPage\",\"@id\":\"https:\/\/experiencekrk.com\/de\/wandern\/\",\"url\":\"https:\/\/experiencekrk.com\/de\/wandern\/\",\"name\":\"Wandern\"}},{\"@type\":\"ListItem\",\"position\":3,\"item\":{\"@type\":\"WebPage\",\"@id\":\"https:\/\/experiencekrk.com\/de\/wandern\/franziskaner-promenade\/\",\"url\":\"https:\/\/experiencekrk.com\/de\/wandern\/franziskaner-promenade\/\",\"name\":\"Franziskaner-Promenade\"}}]}]}<\/script>\n<!-- \/ Yoast SEO plugin. -->","_links":{"self":[{"href":"https:\/\/experiencekrk.com\/de\/wp-json\/wp\/v2\/pages\/8555"}],"collection":[{"href":"https:\/\/experiencekrk.com\/de\/wp-json\/wp\/v2\/pages"}],"about":[{"href":"https:\/\/experiencekrk.com\/de\/wp-json\/wp\/v2\/types\/page"}],"author":[{"embeddable":true,"href":"https:\/\/experiencekrk.com\/de\/wp-json\/wp\/v2\/users\/1"}],"replies":[{"embeddable":true,"href":"https:\/\/experiencekrk.com\/de\/wp-json\/wp\/v2\/comments?post=8555"}],"version-history":[{"count":2,"href":"https:\/\/experiencekrk.com\/de\/wp-json\/wp\/v2\/pages\/8555\/revisions"}],"predecessor-version":[{"id":8558,"href":"https:\/\/experiencekrk.com\/de\/wp-json\/wp\/v2\/pages\/8555\/revisions\/8558"}],"up":[{"embeddable":true,"href":"https:\/\/experiencekrk.com\/de\/wp-json\/wp\/v2\/pages\/8551"}],"wp:attachment":[{"href":"https:\/\/experiencekrk.com\/de\/wp-json\/wp\/v2\/media?parent=8555"}],"curies":[{"name":"wp","href":"https:\/\/api.w.org\/{rel}","templated":true}]}}