{"id":8551,"date":"2019-06-06T12:26:43","date_gmt":"2019-06-06T12:26:43","guid":{"rendered":"https:\/\/experiencekrk.com\/hiking\/"},"modified":"2020-01-30T17:00:34","modified_gmt":"2020-01-30T17:00:34","slug":"wandern","status":"publish","type":"page","link":"https:\/\/experiencekrk.com\/de\/wandern\/","title":{"rendered":"Wandern"},"content":{"rendered":"<p>[vc_row][vc_column]<div class=\"mkdf-section-title-holder\">\n\t<h1 class=\"mkdf-section-title mkdf-section-title-medium\" >\n\tHiking<\/h1>\n<\/div>[vc_column_text]<span style=\"font-weight: 400;\">Die Insel Krk hat ein mildes mediterranes Klima und eine wundersch\u00f6ne Natur, die im Fr\u00fchling und Herbst Wanderer nach Krk lockt. Die Wanderwege, die an der Meerespromenade (Lungomare) und der K\u00fcste vorbeif\u00fchren, eignen sich f\u00fcr alle Generationen. Es gibt auch einige thematische Pfade, die f\u00fcr Familien mit Kindern und f\u00fcr erholsame Wanderer empfohlen werden &#8211; entlang der Goldenen Tropfen des Krker Schatzes, des Karstteich-Wanderweges der Insel Krk und des Glagolitischen Pfades. Diese Themenwege sind eine gute M\u00f6glichkeit, das kulturelle Erbe der Insel Krk zu erkunden und mehr \u00fcber die Natursch\u00f6nheiten und das gastronomische Erbe zu erfahren.<\/span><\/p>\n<p><span style=\"font-weight: 400;\">Die anspruchsvolleren Wege, die durch die unber\u00fchrte Natur f\u00fchren, sind den professionellen Alpinisten und erfahrenen Wanderern gewidmet. Sie k\u00f6nnen die Krk Hike Anmeldung herunterladen (<\/span><a href=\"https:\/\/apps.apple.com\/us\/app\/krk-hike\/id1404228785?ls=1&amp;mt=8tri\"><span style=\"font-weight: 400;\">iPhone Download<\/span><\/a><span style=\"font-weight: 400;\">, <\/span><a href=\"https:\/\/play.google.com\/store\/apps\/details?id=hr.molekula.krkhike\"><span style=\"font-weight: 400;\">Android Download<\/span><\/a><span style=\"font-weight: 400;\">) und mehr \u00fcber jeden einzelnen Pfad erfahren<\/span>[\/vc_column_text][\/vc_column][\/vc_row][vc_row][vc_column]<div class=\"mkdf-separator-holder clearfix  mkdf-separator-center mkdf-separator-full-width\">\n\t<div class=\"mkdf-separator\" style=\"border-color: #ebebeb;border-style: solid;border-bottom-width: 1px;margin-top: 20px;margin-bottom: 45px\"><\/div>\n<\/div>\n[vc_row_inner][vc_column_inner width=&#8221;1\/3&#8243;][vc_single_image image=&#8221;5730&#8243; img_size=&#8221;full&#8221; alignment=&#8221;center&#8221; style=&#8221;vc_box_rounded&#8221; onclick=&#8221;custom_link&#8221; link=&#8221;https:\/\/experiencekrk.com\/de\/familienurlaub\/familienbezogene-pfade\/&#8221;][vc_column_text el_class=&#8221;custom-tour-text&#8221;]<\/p>\n<p style=\"text-align: center;\"><strong><a href=\"https:\/\/experiencekrk.com\/de\/familienurlaub\/familienbezogene-pfade\/\" target=\"_blank\" rel=\"noopener noreferrer\"><span style=\"color: #870337;\">Familienbezogene Pfade<\/span><\/a><\/strong><\/p>\n<p>[\/vc_column_text][\/vc_column_inner][vc_column_inner width=&#8221;1\/3&#8243;][vc_single_image image=&#8221;5930&#8243; img_size=&#8221;full&#8221; alignment=&#8221;center&#8221; style=&#8221;vc_box_rounded&#8221; onclick=&#8221;custom_link&#8221; link=&#8221;https:\/\/experiencekrk.com\/de\/wandern\/erholungspfad-kornic\/&#8221;][vc_column_text el_class=&#8221;custom-tour-text&#8221;]<\/p>\n<p style=\"text-align: center;\"><a href=\"https:\/\/experiencekrk.com\/de\/wandern\/erholungspfad-kornic\/\"><span style=\"color: #870337;\"><strong>Erholungspfad Korni\u0107<\/strong><\/span><\/a><\/p>\n<p>[\/vc_column_text][\/vc_column_inner][vc_column_inner width=&#8221;1\/3&#8243;][vc_single_image image=&#8221;5926&#8243; img_size=&#8221;full&#8221; alignment=&#8221;center&#8221; style=&#8221;vc_box_rounded&#8221; onclick=&#8221;custom_link&#8221; link=&#8221;https:\/\/experiencekrk.com\/de\/wandern\/franziskaner-promenade\/&#8221;][vc_column_text el_class=&#8221;custom-tour-text&#8221; css=&#8221;.vc_custom_1580403624115{border-right-width: 0px !important;border-left-width: 0px !important;background-position: center !important;background-repeat: no-repeat !important;background-size: contain !important;}&#8221;]<\/p>\n<p style=\"text-align: center;\"><span style=\"color: #870337;\"><strong><a href=\"https:\/\/experiencekrk.com\/de\/wandern\/franziskaner-promenade\/\">Franziskaner-Promenade<\/a><br \/>\n<\/strong><\/span><\/p>\n<p>[\/vc_column_text][\/vc_column_inner][\/vc_row_inner][\/vc_column][\/vc_row][vc_row][vc_column][vc_empty_space]<div class=\"mkdf-separator-holder clearfix  mkdf-separator-center mkdf-separator-full-width\">\n\t<div class=\"mkdf-separator\" style=\"border-color: #ebebeb;border-style: solid;border-bottom-width: 1px;margin-top: 20px;margin-bottom: 45px\"><\/div>\n<\/div>\n<div class=\"mkdf-section-title-holder\">\n\t<h1 class=\"mkdf-section-title mkdf-section-title-medium\" >\n\tEmpfohlene Touren<\/h1>\n<\/div><div class=\"mkdf-tours-list-holder mkdf-tours-gallery-with-hover\">\n\t\t\t<p>No tours match your criteria<\/p>\n\t\t<\/div>[\/vc_column][\/vc_row]<\/p>\n","protected":false},"excerpt":{"rendered":"<p>[vc_row][vc_column][vc_column_text]Die Insel Krk hat ein mildes mediterranes Klima und eine wundersch\u00f6ne Natur, die im Fr\u00fchling und Herbst Wanderer nach Krk lockt. Die Wanderwege, die an der Meerespromenade (Lungomare) und der K\u00fcste vorbeif\u00fchren, eignen sich f\u00fcr alle Generationen. Es gibt auch einige thematische Pfade, die f\u00fcr Familien mit Kindern und f\u00fcr erholsame Wanderer empfohlen werden &#8211; entlang der Goldenen Tropfen des Krker Schatzes, des Karstteich-Wanderweges der Insel Krk und des Glagolitischen Pfades. Diese Themenwege sind eine gute M\u00f6glichkeit, das kulturelle Erbe der Insel Krk zu erkunden und mehr \u00fcber die Natursch\u00f6nheiten&#8230;<\/p>\n","protected":false},"author":1,"featured_media":0,"parent":0,"menu_order":0,"comment_status":"closed","ping_status":"closed","template":"","meta":[],"yoast_head":"<!-- This site is optimized with the Yoast SEO plugin v16.0.1 - https:\/\/yoast.com\/wordpress\/plugins\/seo\/ -->\n<title>Wandern - Experience Krk<\/title>\n<link rel=\"canonical\" href=\"https:\/\/experiencekrk.com\/de\/wandern\/\" \/>\n<meta property=\"og:locale\" content=\"de_DE\" \/>\n<meta property=\"og:type\" content=\"article\" \/>\n<meta property=\"og:title\" content=\"Wandern - Experience Krk\" \/>\n<meta property=\"og:description\" content=\"[vc_row][vc_column][vc_column_text]Die Insel Krk hat ein mildes mediterranes Klima und eine wundersch\u00f6ne Natur, die im Fr\u00fchling und Herbst Wanderer nach Krk lockt. Die Wanderwege, die an der Meerespromenade (Lungomare) und der K\u00fcste vorbeif\u00fchren, eignen sich f\u00fcr alle Generationen. Es gibt auch einige thematische Pfade, die f\u00fcr Familien mit Kindern und f\u00fcr erholsame Wanderer empfohlen werden &#8211; entlang der Goldenen Tropfen des Krker Schatzes, des Karstteich-Wanderweges der Insel Krk und des Glagolitischen Pfades. Diese Themenwege sind eine gute M\u00f6glichkeit, das kulturelle Erbe der Insel Krk zu erkunden und mehr \u00fcber die Natursch\u00f6nheiten...\" \/>\n<meta property=\"og:url\" content=\"https:\/\/experiencekrk.com\/de\/wandern\/\" \/>\n<meta property=\"og:site_name\" content=\"Experience Krk\" \/>\n<meta property=\"article:modified_time\" content=\"2020-01-30T17:00:34+00:00\" \/>\n<meta name=\"twitter:card\" content=\"summary_large_image\" \/>\n<meta name=\"twitter:label1\" content=\"Gesch\u00e4tzte Lesezeit\">\n\t<meta name=\"twitter:data1\" content=\"2\u00a0Minuten\">\n<script type=\"application\/ld+json\" class=\"yoast-schema-graph\">{\"@context\":\"https:\/\/schema.org\",\"@graph\":[{\"@type\":\"WebSite\",\"@id\":\"https:\/\/experiencekrk.com\/#website\",\"url\":\"https:\/\/experiencekrk.com\/\",\"name\":\"Experience Krk\",\"description\":\"Cultural Tours, Food &amp; Wine and more\",\"potentialAction\":[{\"@type\":\"SearchAction\",\"target\":\"https:\/\/experiencekrk.com\/?s={search_term_string}\",\"query-input\":\"required name=search_term_string\"}],\"inLanguage\":\"de\"},{\"@type\":\"WebPage\",\"@id\":\"https:\/\/experiencekrk.com\/de\/wandern\/#webpage\",\"url\":\"https:\/\/experiencekrk.com\/de\/wandern\/\",\"name\":\"Wandern - Experience Krk\",\"isPartOf\":{\"@id\":\"https:\/\/experiencekrk.com\/#website\"},\"datePublished\":\"2019-06-06T12:26:43+00:00\",\"dateModified\":\"2020-01-30T17:00:34+00:00\",\"breadcrumb\":{\"@id\":\"https:\/\/experiencekrk.com\/de\/wandern\/#breadcrumb\"},\"inLanguage\":\"de\",\"potentialAction\":[{\"@type\":\"ReadAction\",\"target\":[\"https:\/\/experiencekrk.com\/de\/wandern\/\"]}]},{\"@type\":\"BreadcrumbList\",\"@id\":\"https:\/\/experiencekrk.com\/de\/wandern\/#breadcrumb\",\"itemListElement\":[{\"@type\":\"ListItem\",\"position\":1,\"item\":{\"@type\":\"WebPage\",\"@id\":\"https:\/\/experiencekrk.com\/de\/\",\"url\":\"https:\/\/experiencekrk.com\/de\/\",\"name\":\"Home\"}},{\"@type\":\"ListItem\",\"position\":2,\"item\":{\"@type\":\"WebPage\",\"@id\":\"https:\/\/experiencekrk.com\/de\/wandern\/\",\"url\":\"https:\/\/experiencekrk.com\/de\/wandern\/\",\"name\":\"Wandern\"}}]}]}<\/script>\n<!-- \/ Yoast SEO plugin. -->","_links":{"self":[{"href":"https:\/\/experiencekrk.com\/de\/wp-json\/wp\/v2\/pages\/8551"}],"collection":[{"href":"https:\/\/experiencekrk.com\/de\/wp-json\/wp\/v2\/pages"}],"about":[{"href":"https:\/\/experiencekrk.com\/de\/wp-json\/wp\/v2\/types\/page"}],"author":[{"embeddable":true,"href":"https:\/\/experiencekrk.com\/de\/wp-json\/wp\/v2\/users\/1"}],"replies":[{"embeddable":true,"href":"https:\/\/experiencekrk.com\/de\/wp-json\/wp\/v2\/comments?post=8551"}],"version-history":[{"count":3,"href":"https:\/\/experiencekrk.com\/de\/wp-json\/wp\/v2\/pages\/8551\/revisions"}],"predecessor-version":[{"id":9690,"href":"https:\/\/experiencekrk.com\/de\/wp-json\/wp\/v2\/pages\/8551\/revisions\/9690"}],"wp:attachment":[{"href":"https:\/\/experiencekrk.com\/de\/wp-json\/wp\/v2\/media?parent=8551"}],"curies":[{"name":"wp","href":"https:\/\/api.w.org\/{rel}","templated":true}]}}