{"id":8547,"date":"2019-04-16T08:33:17","date_gmt":"2019-04-16T08:33:17","guid":{"rendered":"https:\/\/experiencekrk.com\/essen-und-wein\/nono-house-of-olive-oil\/"},"modified":"2020-01-28T18:29:12","modified_gmt":"2020-01-28T18:29:12","slug":"nono-house-des-olivenoels","status":"publish","type":"page","link":"https:\/\/experiencekrk.com\/de\/essen-und-wein\/nono-house-des-olivenoels\/","title":{"rendered":"Nono House des Oliven\u00f6ls"},"content":{"rendered":"<p>[vc_row][vc_column]<div class=\"mkdf-section-title-holder\">\n\t<h1 class=\"mkdf-section-title mkdf-section-title-medium\" >\n\tNono House des Oliven\u00f6ls<\/h1>\n<\/div>[vc_row_inner][vc_column_inner width=&#8221;1\/2&#8243;][vc_column_text]<span style=\"font-weight: 400;\">Probieren Sie einige der feinsten Geschmacksrichtungen des Oliven\u00f6ls im Nono House. In der authentischen Atmosph\u00e4re der mediterranen Taverne k\u00f6nnen Sie verschiedene \u00d6lgeschmacksrichtungen probieren, die alle vor Ort in Krk vom Nono House Team angebaut und handgefertigt werden. In ihrem Gesch\u00e4ft k\u00f6nnen Sie auch Flaschen ihres Oliven\u00f6ls kaufen.<\/span><\/p>\n<p>Telefon: <a href=\"tel:+38551222221\">+385 51 222 221<\/a><br \/>\nMobil: <a href=\"tel:+38598369193\">+385 98 369 193<\/a><br \/>\nE-mail: <a href=\"mailto:nono@nono-krk.com\">nono@nono-krk.com<\/a><br \/>\nAdresse:Kr\u010dkih iseljenika 8, 51500 Krk[\/vc_column_text][\/vc_column_inner][vc_column_inner width=&#8221;1\/2&#8243;]<div class=\"mkdf-image-gallery\">\n\t<div class=\"mkdf-image-gallery-slider \" data-autoplay=\"3\" data-animation=\"slide\" data-navigation=\"yes\" data-pagination=\"yes\">\n\t\t\t\t\t\t\t\t\t<img width=\"600\" height=\"400\" src=\"https:\/\/experiencekrk.com\/wp-content\/uploads\/2019\/04\/City-of-Krk-Olive-Oil.jpg\" class=\"attachment-full size-full\" alt=\"\" loading=\"lazy\" srcset=\"https:\/\/experiencekrk.com\/wp-content\/uploads\/2019\/04\/City-of-Krk-Olive-Oil.jpg 600w, https:\/\/experiencekrk.com\/wp-content\/uploads\/2019\/04\/City-of-Krk-Olive-Oil-300x200.jpg 300w\" sizes=\"(max-width: 600px) 100vw, 600px\" \/>\t\t\t\t\t\t\t\t\t\t\t\t\t<img width=\"600\" height=\"400\" src=\"https:\/\/experiencekrk.com\/wp-content\/uploads\/2019\/04\/City-of-Krk-Olive-Trees.jpg\" class=\"attachment-full size-full\" alt=\"\" loading=\"lazy\" srcset=\"https:\/\/experiencekrk.com\/wp-content\/uploads\/2019\/04\/City-of-Krk-Olive-Trees.jpg 600w, https:\/\/experiencekrk.com\/wp-content\/uploads\/2019\/04\/City-of-Krk-Olive-Trees-300x200.jpg 300w\" sizes=\"(max-width: 600px) 100vw, 600px\" \/>\t\t\t\t\t\t\t<\/div>\n<\/div>[\/vc_column_inner][\/vc_row_inner][vc_empty_space height=&#8221;10px&#8221;][\/vc_column][\/vc_row][vc_row][vc_column]<div class=\"mkdf-section-title-holder\">\n\t<h1 class=\"mkdf-section-title mkdf-section-title-small\" >\n\tStandort<\/h1>\n<\/div>[vc_row_inner][vc_column_inner][vc_raw_html]JTNDaWZyYW1lJTIwc3JjJTNEJTIyaHR0cHMlM0ElMkYlMkZ3d3cuZ29vZ2xlLmNvbSUyRm1hcHMlMkZlbWJlZCUzRnBiJTNEJTIxMW0xOCUyMTFtMTIlMjExbTMlMjExZDgzMjguNjczMjk4NzY3NTc3JTIxMmQxNC41NzI0MzQzOTYwODIyNTYlMjEzZDQ1LjAyOTIyNjQ3NTA2NzIlMjEybTMlMjExZjAlMjEyZjAlMjEzZjAlMjEzbTIlMjExaTEwMjQlMjEyaTc2OCUyMTRmMTMuMSUyMTNtMyUyMTFtMiUyMTFzMHg0NzYzNzIxMTdkYzZjNDE3JTI1M0EweDdkY2IxZTkxM2YxNDZiYTclMjEyc05vbm8lMjE1ZTAlMjEzbTIlMjExc2VuJTIxMnNociUyMTR2MTU1NTQwNDk3MDU3MSUyMTVtMiUyMTFzZW4lMjEyc2hyJTIyJTIwd2lkdGglM0QlMjI5ODAlMjIlMjBoZWlnaHQlM0QlMjIzNTAlMjIlMjBmcmFtZWJvcmRlciUzRCUyMjAlMjIlMjBzdHlsZSUzRCUyMmJvcmRlciUzQTAlMjIlMjBhbGxvd2Z1bGxzY3JlZW4lM0UlM0MlMkZpZnJhbWUlM0U=[\/vc_raw_html][\/vc_column_inner][\/vc_row_inner][\/vc_column][\/vc_row]<\/p>\n","protected":false},"excerpt":{"rendered":"<p>[vc_row][vc_column][vc_row_inner][vc_column_inner width=&#8221;1\/2&#8243;][vc_column_text]Probieren Sie einige der feinsten Geschmacksrichtungen des Oliven\u00f6ls im Nono House. In der authentischen Atmosph\u00e4re der mediterranen Taverne k\u00f6nnen Sie verschiedene \u00d6lgeschmacksrichtungen probieren, die alle vor Ort in Krk vom Nono House Team angebaut und handgefertigt werden. In ihrem Gesch\u00e4ft k\u00f6nnen Sie auch Flaschen ihres Oliven\u00f6ls kaufen. Telefon: +385 51 222 221 Mobil: +385 98 369 193 E-mail: nono@nono-krk.com Adresse:Kr\u010dkih iseljenika 8, 51500 Krk[\/vc_column_text][\/vc_column_inner][vc_column_inner width=&#8221;1\/2&#8243;][\/vc_column_inner][\/vc_row_inner][vc_empty_space height=&#8221;10px&#8221;][\/vc_column][\/vc_row][vc_row][vc_column][vc_row_inner][vc_column_inner][vc_raw_html]JTNDaWZyYW1lJTIwc3JjJTNEJTIyaHR0cHMlM0ElMkYlMkZ3d3cuZ29vZ2xlLmNvbSUyRm1hcHMlMkZlbWJlZCUzRnBiJTNEJTIxMW0xOCUyMTFtMTIlMjExbTMlMjExZDgzMjguNjczMjk4NzY3NTc3JTIxMmQxNC41NzI0MzQzOTYwODIyNTYlMjEzZDQ1LjAyOTIyNjQ3NTA2NzIlMjEybTMlMjExZjAlMjEyZjAlMjEzZjAlMjEzbTIlMjExaTEwMjQlMjEyaTc2OCUyMTRmMTMuMSUyMTNtMyUyMTFtMiUyMTFzMHg0NzYzNzIxMTdkYzZjNDE3JTI1M0EweDdkY2IxZTkxM2YxNDZiYTclMjEyc05vbm8lMjE1ZTAlMjEzbTIlMjExc2VuJTIxMnNociUyMTR2MTU1NTQwNDk3MDU3MSUyMTVtMiUyMTFzZW4lMjEyc2hyJTIyJTIwd2lkdGglM0QlMjI5ODAlMjIlMjBoZWlnaHQlM0QlMjIzNTAlMjIlMjBmcmFtZWJvcmRlciUzRCUyMjAlMjIlMjBzdHlsZSUzRCUyMmJvcmRlciUzQTAlMjIlMjBhbGxvd2Z1bGxzY3JlZW4lM0UlM0MlMkZpZnJhbWUlM0U=[\/vc_raw_html][\/vc_column_inner][\/vc_row_inner][\/vc_column][\/vc_row]<\/p>\n","protected":false},"author":1,"featured_media":0,"parent":8510,"menu_order":0,"comment_status":"closed","ping_status":"closed","template":"","meta":[],"yoast_head":"<!-- This site is optimized with the Yoast SEO plugin v16.0.1 - https:\/\/yoast.com\/wordpress\/plugins\/seo\/ -->\n<title>Nono House des Oliven\u00f6ls - Experience Krk<\/title>\n<link rel=\"canonical\" href=\"https:\/\/experiencekrk.com\/de\/essen-und-wein\/nono-house-des-olivenoels\/\" \/>\n<meta property=\"og:locale\" content=\"de_DE\" \/>\n<meta property=\"og:type\" content=\"article\" \/>\n<meta property=\"og:title\" content=\"Nono House des Oliven\u00f6ls - Experience Krk\" \/>\n<meta property=\"og:description\" content=\"[vc_row][vc_column][vc_row_inner][vc_column_inner width=&#8221;1\/2&#8243;][vc_column_text]Probieren Sie einige der feinsten Geschmacksrichtungen des Oliven\u00f6ls im Nono House. In der authentischen Atmosph\u00e4re der mediterranen Taverne k\u00f6nnen Sie verschiedene \u00d6lgeschmacksrichtungen probieren, die alle vor Ort in Krk vom Nono House Team angebaut und handgefertigt werden. In ihrem Gesch\u00e4ft k\u00f6nnen Sie auch Flaschen ihres Oliven\u00f6ls kaufen. Telefon: +385 51 222 221 Mobil: +385 98 369 193 E-mail: nono@nono-krk.com Adresse:Kr\u010dkih iseljenika 8, 51500 Krk[\/vc_column_text][\/vc_column_inner][vc_column_inner width=&#8221;1\/2&#8243;][\/vc_column_inner][\/vc_row_inner][vc_empty_space height=&#8221;10px&#8221;][\/vc_column][\/vc_row][vc_row][vc_column][vc_row_inner][vc_column_inner][vc_raw_html]JTNDaWZyYW1lJTIwc3JjJTNEJTIyaHR0cHMlM0ElMkYlMkZ3d3cuZ29vZ2xlLmNvbSUyRm1hcHMlMkZlbWJlZCUzRnBiJTNEJTIxMW0xOCUyMTFtMTIlMjExbTMlMjExZDgzMjguNjczMjk4NzY3NTc3JTIxMmQxNC41NzI0MzQzOTYwODIyNTYlMjEzZDQ1LjAyOTIyNjQ3NTA2NzIlMjEybTMlMjExZjAlMjEyZjAlMjEzZjAlMjEzbTIlMjExaTEwMjQlMjEyaTc2OCUyMTRmMTMuMSUyMTNtMyUyMTFtMiUyMTFzMHg0NzYzNzIxMTdkYzZjNDE3JTI1M0EweDdkY2IxZTkxM2YxNDZiYTclMjEyc05vbm8lMjE1ZTAlMjEzbTIlMjExc2VuJTIxMnNociUyMTR2MTU1NTQwNDk3MDU3MSUyMTVtMiUyMTFzZW4lMjEyc2hyJTIyJTIwd2lkdGglM0QlMjI5ODAlMjIlMjBoZWlnaHQlM0QlMjIzNTAlMjIlMjBmcmFtZWJvcmRlciUzRCUyMjAlMjIlMjBzdHlsZSUzRCUyMmJvcmRlciUzQTAlMjIlMjBhbGxvd2Z1bGxzY3JlZW4lM0UlM0MlMkZpZnJhbWUlM0U=[\/vc_raw_html][\/vc_column_inner][\/vc_row_inner][\/vc_column][\/vc_row]\" \/>\n<meta property=\"og:url\" content=\"https:\/\/experiencekrk.com\/de\/essen-und-wein\/nono-house-des-olivenoels\/\" \/>\n<meta property=\"og:site_name\" content=\"Experience Krk\" \/>\n<meta property=\"article:modified_time\" content=\"2020-01-28T18:29:12+00:00\" \/>\n<meta name=\"twitter:card\" content=\"summary_large_image\" \/>\n<meta name=\"twitter:label1\" content=\"Gesch\u00e4tzte Lesezeit\">\n\t<meta name=\"twitter:data1\" content=\"1\u00a0Minute\">\n<script type=\"application\/ld+json\" class=\"yoast-schema-graph\">{\"@context\":\"https:\/\/schema.org\",\"@graph\":[{\"@type\":\"WebSite\",\"@id\":\"https:\/\/experiencekrk.com\/#website\",\"url\":\"https:\/\/experiencekrk.com\/\",\"name\":\"Experience Krk\",\"description\":\"Cultural Tours, Food &amp; Wine and more\",\"potentialAction\":[{\"@type\":\"SearchAction\",\"target\":\"https:\/\/experiencekrk.com\/?s={search_term_string}\",\"query-input\":\"required name=search_term_string\"}],\"inLanguage\":\"de\"},{\"@type\":\"WebPage\",\"@id\":\"https:\/\/experiencekrk.com\/de\/essen-und-wein\/nono-house-des-olivenoels\/#webpage\",\"url\":\"https:\/\/experiencekrk.com\/de\/essen-und-wein\/nono-house-des-olivenoels\/\",\"name\":\"Nono House des Oliven\\u00f6ls - Experience Krk\",\"isPartOf\":{\"@id\":\"https:\/\/experiencekrk.com\/#website\"},\"datePublished\":\"2019-04-16T08:33:17+00:00\",\"dateModified\":\"2020-01-28T18:29:12+00:00\",\"breadcrumb\":{\"@id\":\"https:\/\/experiencekrk.com\/de\/essen-und-wein\/nono-house-des-olivenoels\/#breadcrumb\"},\"inLanguage\":\"de\",\"potentialAction\":[{\"@type\":\"ReadAction\",\"target\":[\"https:\/\/experiencekrk.com\/de\/essen-und-wein\/nono-house-des-olivenoels\/\"]}]},{\"@type\":\"BreadcrumbList\",\"@id\":\"https:\/\/experiencekrk.com\/de\/essen-und-wein\/nono-house-des-olivenoels\/#breadcrumb\",\"itemListElement\":[{\"@type\":\"ListItem\",\"position\":1,\"item\":{\"@type\":\"WebPage\",\"@id\":\"https:\/\/experiencekrk.com\/de\/\",\"url\":\"https:\/\/experiencekrk.com\/de\/\",\"name\":\"Home\"}},{\"@type\":\"ListItem\",\"position\":2,\"item\":{\"@type\":\"WebPage\",\"@id\":\"https:\/\/experiencekrk.com\/de\/essen-und-wein\/\",\"url\":\"https:\/\/experiencekrk.com\/de\/essen-und-wein\/\",\"name\":\"Essen &#038; Wein\"}},{\"@type\":\"ListItem\",\"position\":3,\"item\":{\"@type\":\"WebPage\",\"@id\":\"https:\/\/experiencekrk.com\/de\/essen-und-wein\/nono-house-des-olivenoels\/\",\"url\":\"https:\/\/experiencekrk.com\/de\/essen-und-wein\/nono-house-des-olivenoels\/\",\"name\":\"Nono House des Oliven\\u00f6ls\"}}]}]}<\/script>\n<!-- \/ Yoast SEO plugin. -->","_links":{"self":[{"href":"https:\/\/experiencekrk.com\/de\/wp-json\/wp\/v2\/pages\/8547"}],"collection":[{"href":"https:\/\/experiencekrk.com\/de\/wp-json\/wp\/v2\/pages"}],"about":[{"href":"https:\/\/experiencekrk.com\/de\/wp-json\/wp\/v2\/types\/page"}],"author":[{"embeddable":true,"href":"https:\/\/experiencekrk.com\/de\/wp-json\/wp\/v2\/users\/1"}],"replies":[{"embeddable":true,"href":"https:\/\/experiencekrk.com\/de\/wp-json\/wp\/v2\/comments?post=8547"}],"version-history":[{"count":1,"href":"https:\/\/experiencekrk.com\/de\/wp-json\/wp\/v2\/pages\/8547\/revisions"}],"predecessor-version":[{"id":8549,"href":"https:\/\/experiencekrk.com\/de\/wp-json\/wp\/v2\/pages\/8547\/revisions\/8549"}],"up":[{"embeddable":true,"href":"https:\/\/experiencekrk.com\/de\/wp-json\/wp\/v2\/pages\/8510"}],"wp:attachment":[{"href":"https:\/\/experiencekrk.com\/de\/wp-json\/wp\/v2\/media?parent=8547"}],"curies":[{"name":"wp","href":"https:\/\/api.w.org\/{rel}","templated":true}]}}