{"id":8542,"date":"2019-04-29T08:56:31","date_gmt":"2019-04-29T08:56:31","guid":{"rendered":"https:\/\/experiencekrk.com\/essen-und-wein\/local-wineries\/"},"modified":"2020-01-30T14:54:41","modified_gmt":"2020-01-30T14:54:41","slug":"lokale-weingueter","status":"publish","type":"page","link":"https:\/\/experiencekrk.com\/de\/essen-und-wein\/lokale-weingueter\/","title":{"rendered":"Lokale Weing\u00fcter"},"content":{"rendered":"<p>[vc_row][vc_column]<div class=\"mkdf-section-title-holder\">\n\t<h1 class=\"mkdf-section-title mkdf-section-title-medium\" >\n\tEinheimische Weing\u00fcter auf der Insel Krk<\/h1>\n<\/div>[vc_empty_space][vc_row_inner][vc_column_inner width=&#8221;1\/2&#8243;][vc_column_text]<span style=\"font-weight: 400;\">Die Insel Krk ist bekannt f\u00fcr ihren einzigartigen trockenen Qualit\u00e4tswei\u00dfwein \u017elahtina. Dieser Wein ist typisch f\u00fcr die Insel Krk und die Region Vrbnik. Besuchen Sie einige der Familienweing\u00fcter, die eine jahrhundertealte Tradition f\u00fcr die Herstellung des \u017elathina-Weins haben.<\/span><\/p>\n<p>PZ GOSPOJA<br \/>\nAdresse: Frankopanska 1, Vrbnik<br \/>\nTelefon: <a href=\"tel:+38551857142\">+385 51 857 142<\/a><br \/>\nE-mail:<a href=\"mailto:info@gospoja.hr\"> info@gospoja.hr<\/a><br \/>\nInternet: <a href=\"http:\/\/www.gospoja.hr\" target=\"_blank\" rel=\"noopener noreferrer\">www.gospoja.hr<\/a>[\/vc_column_text][\/vc_column_inner][vc_column_inner width=&#8221;1\/2&#8243;][vc_single_image image=&#8221;3650&#8243; img_size=&#8221;full&#8221;][\/vc_column_inner][\/vc_row_inner][vc_empty_space][\/vc_column][\/vc_row][vc_row][vc_column offset=&#8221;vc_hidden-sm vc_hidden-xs&#8221;][vc_row_inner][vc_column_inner width=&#8221;1\/2&#8243;][vc_single_image image=&#8221;3701&#8243; img_size=&#8221;full&#8221;][\/vc_column_inner][vc_column_inner width=&#8221;1\/2&#8243;][vc_column_text]<strong>PZ VRBNIK<\/strong><br \/>\nAdresse: Namori 2<br \/>\nTelefon: <a href=\"tel:+38551857101\">+385 51 857 101<\/a><br \/>\nE-mail:<a href=\"mailto:pz-vrbnik@ri.t-com.hr\"> pz-vrbnik@ri.t-com.hr<\/a><br \/>\nInternet: <a href=\"http:\/\/www.pz-vrbnik.hr\" target=\"_blank\" rel=\"noopener noreferrer\">www.pz-vrbnik.hr<\/a><\/p>\n<p><strong>WEINHAUS IVAN KATUNAR<\/strong><br \/>\nAdresse: Bra\u0107e Trinajsti\u0107 3, Vrbnik<br \/>\nMobil: <a href=\"tel:+385915321224\">+385 91 532 12 24<\/a><br \/>\nE-mail: <a href=\"mailto:ikatunar@gmail.com\">ikatunar@gmail.com<\/a><br \/>\nInternet: <a href=\"http:\/\/www.kucavina-ivankatunar.com\" target=\"_blank\" rel=\"noopener noreferrer\">www.kucavina-ivankatunar.com<\/a>[\/vc_column_text][\/vc_column_inner][\/vc_row_inner][vc_empty_space][\/vc_column][\/vc_row][vc_row][vc_column offset=&#8221;vc_hidden-lg vc_hidden-md&#8221;][vc_row_inner][vc_column_inner width=&#8221;1\/2&#8243;][vc_column_text]<strong>PZ VRBNIK<\/strong><br \/>\nAddress: Namori 2<br \/>\nPhone: <a href=\"tel:+38551857101\">+385 51 857 101<\/a><br \/>\nE-mail:<a href=\"mailto:pz-vrbnik@ri.t-com.hr\"> pz-vrbnik@ri.t-com.hr<\/a><br \/>\nWeb: <a href=\"http:\/\/www.pz-vrbnik.hr\" target=\"_blank\" rel=\"noopener noreferrer\">www.pz-vrbnik.hr<\/a><\/p>\n<p><strong>HOUSE OF WINE IVAN KATUNAR<\/strong><br \/>\nAddress: Bra\u0107e Trinajsti\u0107 3, Vrbnik<br \/>\nMobile: <a href=\"tel:+385915321224\">+385 91 532 12 24<\/a><br \/>\nE-mail: <a href=\"mailto:ikatunar@gmail.com\">ikatunar@gmail.com<\/a><br \/>\nWeb: <a href=\"http:\/\/www.kucavina-ivankatunar.com\" target=\"_blank\" rel=\"noopener noreferrer\">www.kucavina-ivankatunar.com<\/a>[\/vc_column_text][\/vc_column_inner][vc_column_inner width=&#8221;1\/2&#8243;][vc_single_image image=&#8221;3701&#8243; img_size=&#8221;full&#8221;][\/vc_column_inner][\/vc_row_inner][vc_empty_space][\/vc_column][\/vc_row][vc_row][vc_column][vc_row_inner][vc_column_inner width=&#8221;1\/2&#8243;][vc_column_text]<strong>WEINKELLERERI KATUNAR<\/strong><br \/>\nAdresse: Vinogradska 17<br \/>\nTelefon: <a href=\"tel:+38551857393\">+385 51 857 393<\/a><br \/>\nE-mail: <a href=\"mailto:info@katunar.hr\">info@katunar.hr<\/a><br \/>\nInternet: <a href=\"http:\/\/www.katunar.hr\" target=\"_blank\" rel=\"noopener noreferrer\">www.katunar.hr<\/a><\/p>\n<p><strong>WEINKELLERERI NADA<\/strong><br \/>\nAdresse: Glava\u010da 22<br \/>\nTelefon: <a href=\"tel:+38551857065\">+385 51 857 065<\/a><br \/>\nE-mail: <a href=\"mailto:nada@ri.t-com.hr\">nada@ri.t-com.hr<\/a><br \/>\nInternet: <a href=\"http:\/\/www.nada-vrbnik.hr\" target=\"_blank\" rel=\"noopener noreferrer\">www.nada-vrbnik.hr<\/a>[\/vc_column_text][\/vc_column_inner][vc_column_inner width=&#8221;1\/2&#8243;][vc_single_image image=&#8221;5834&#8243; img_size=&#8221;full&#8221;][\/vc_column_inner][\/vc_row_inner][vc_empty_space][\/vc_column][\/vc_row][vc_row][vc_column offset=&#8221;vc_hidden-sm vc_hidden-xs&#8221;][vc_row_inner][vc_column_inner width=&#8221;1\/2&#8243;][vc_single_image image=&#8221;5837&#8243; img_size=&#8221;full&#8221;][\/vc_column_inner][vc_column_inner width=&#8221;1\/2&#8243;][vc_column_text]<strong>WEINKELLERERI \u0160IPUN<\/strong><br \/>\nAdresse: \u0160ipun 16<br \/>\nTelefon: <a href=\"tel:+38551857086\">+385 51 857 086<\/a><br \/>\nMobil: <a href=\"tel:+385915087027\">+385 91 508 7027<\/a><br \/>\nE-mail: <a href=\"mailto:sipun@hi.t-com.hr\">sipun@hi.t-com.hr<\/a><\/p>\n<p><strong><br \/>\nWEINKELLERERI \u010cUBRANI\u0106 PETAR I SINOVI<\/strong><br \/>\nAdresse: Placa Vrbni\u010dkog statuta 5, Vrbnik<br \/>\nTelefon: <a href=\"tel:+38551857012\">+385 51 857 012<\/a>[\/vc_column_text][\/vc_column_inner][\/vc_row_inner][vc_empty_space][\/vc_column][\/vc_row][vc_row][vc_column offset=&#8221;vc_hidden-lg vc_hidden-md&#8221;][vc_row_inner][vc_column_inner width=&#8221;1\/2&#8243;][vc_column_text]<strong>WINERY \u0160IPUN<\/strong><br \/>\nAddress: \u0160ipun 16<br \/>\nPhone: <a href=\"tel:+38551857086\">+385 51 857 086<\/a><br \/>\nMobile: <a href=\"tel:+385915087027\">+385 91 508 7027<\/a><br \/>\nE-mail: <a href=\"mailto:sipun@hi.t-com.hr\">sipun@hi.t-com.hr<\/a><\/p>\n<p><strong><br \/>\nWINERY \u010cUBRANI\u0106 PETAR I SINOVI<\/strong><br \/>\nAddress: Placa Vrbni\u010dkog statuta 5, Vrbnik<br \/>\nPhone: <a href=\"tel:+38551857012\">+385 51 857 012<\/a>[\/vc_column_text][\/vc_column_inner][vc_column_inner width=&#8221;1\/2&#8243;][vc_single_image image=&#8221;5837&#8243; img_size=&#8221;full&#8221;][\/vc_column_inner][\/vc_row_inner][vc_empty_space][\/vc_column][\/vc_row][vc_row][vc_column][vc_row_inner][vc_column_inner width=&#8221;1\/2&#8243;][vc_column_text]<strong>WEINKELLERERI ZLATNA VRBNI\u010cKA \u017dLAHTINA<\/strong><br \/>\nAdresse: Trg Sv.Ivana 2, Vrbnik<br \/>\nTelefon: <a href=\"tel:+38551857128\">+385 51 857 128<\/a><br \/>\nE-mail:<a href=\"mailto:pz-vrbnik@ri.t-com.hr\"> pz-vrbnik@ri.t-com.hr<\/a><br \/>\nInternet: <a href=\"http:\/\/www.pz-vrbnik.hr\" target=\"_blank\" rel=\"noopener noreferrer\">www.pz-vrbnik.hr<\/a><\/p>\n<p><strong>WEINVERKOSTUNG GOSPOJA<\/strong><br \/>\nAdresse: Vitezi\u0107eva 9, Vrbnik<br \/>\nTelefon: <a href=\"tel:+38551857201\">+385 51 857 201<\/a><br \/>\nE-mail: <a href=\"mailto:info@gospoja.hr\">info@gospoja.hr<\/a><br \/>\nInternet: <a href=\"http:\/\/www.gospoja.hr\" target=\"_blank\" rel=\"noopener noreferrer\">www.gospoja.hr<\/a>[\/vc_column_text][\/vc_column_inner][vc_column_inner width=&#8221;1\/2&#8243;][vc_single_image image=&#8221;5835&#8243; img_size=&#8221;full&#8221;][\/vc_column_inner][\/vc_row_inner][vc_empty_space][\/vc_column][\/vc_row]<\/p>\n","protected":false},"excerpt":{"rendered":"<p>[vc_row][vc_column][vc_empty_space][vc_row_inner][vc_column_inner width=&#8221;1\/2&#8243;][vc_column_text]Die Insel Krk ist bekannt f\u00fcr ihren einzigartigen trockenen Qualit\u00e4tswei\u00dfwein \u017elahtina. Dieser Wein ist typisch f\u00fcr die Insel Krk und die Region Vrbnik. Besuchen Sie einige der Familienweing\u00fcter, die eine jahrhundertealte Tradition f\u00fcr die Herstellung des \u017elathina-Weins haben. PZ GOSPOJA Adresse: Frankopanska 1, Vrbnik Telefon: +385 51 857 142 E-mail: info@gospoja.hr Internet: www.gospoja.hr[\/vc_column_text][\/vc_column_inner][vc_column_inner width=&#8221;1\/2&#8243;][vc_single_image image=&#8221;3650&#8243; img_size=&#8221;full&#8221;][\/vc_column_inner][\/vc_row_inner][vc_empty_space][\/vc_column][\/vc_row][vc_row][vc_column offset=&#8221;vc_hidden-sm vc_hidden-xs&#8221;][vc_row_inner][vc_column_inner width=&#8221;1\/2&#8243;][vc_single_image image=&#8221;3701&#8243; img_size=&#8221;full&#8221;][\/vc_column_inner][vc_column_inner width=&#8221;1\/2&#8243;][vc_column_text]PZ VRBNIK Adresse: Namori 2 Telefon: +385 51 857 101 E-mail: pz-vrbnik@ri.t-com.hr Internet: www.pz-vrbnik.hr WEINHAUS IVAN KATUNAR Adresse: Bra\u0107e Trinajsti\u0107 3, Vrbnik Mobil: +385 91 532 12 24&#8230;<\/p>\n","protected":false},"author":1,"featured_media":0,"parent":8510,"menu_order":0,"comment_status":"closed","ping_status":"closed","template":"","meta":[],"yoast_head":"<!-- This site is optimized with the Yoast SEO plugin v16.0.1 - https:\/\/yoast.com\/wordpress\/plugins\/seo\/ -->\n<title>Lokale Weing\u00fcter - Experience Krk<\/title>\n<link rel=\"canonical\" href=\"https:\/\/experiencekrk.com\/de\/essen-und-wein\/lokale-weingueter\/\" \/>\n<meta property=\"og:locale\" content=\"de_DE\" \/>\n<meta property=\"og:type\" content=\"article\" \/>\n<meta property=\"og:title\" content=\"Lokale Weing\u00fcter - Experience Krk\" \/>\n<meta property=\"og:description\" content=\"[vc_row][vc_column][vc_empty_space][vc_row_inner][vc_column_inner width=&#8221;1\/2&#8243;][vc_column_text]Die Insel Krk ist bekannt f\u00fcr ihren einzigartigen trockenen Qualit\u00e4tswei\u00dfwein \u017elahtina. Dieser Wein ist typisch f\u00fcr die Insel Krk und die Region Vrbnik. Besuchen Sie einige der Familienweing\u00fcter, die eine jahrhundertealte Tradition f\u00fcr die Herstellung des \u017elathina-Weins haben. PZ GOSPOJA Adresse: Frankopanska 1, Vrbnik Telefon: +385 51 857 142 E-mail: info@gospoja.hr Internet: www.gospoja.hr[\/vc_column_text][\/vc_column_inner][vc_column_inner width=&#8221;1\/2&#8243;][vc_single_image image=&#8221;3650&#8243; img_size=&#8221;full&#8221;][\/vc_column_inner][\/vc_row_inner][vc_empty_space][\/vc_column][\/vc_row][vc_row][vc_column offset=&#8221;vc_hidden-sm vc_hidden-xs&#8221;][vc_row_inner][vc_column_inner width=&#8221;1\/2&#8243;][vc_single_image image=&#8221;3701&#8243; img_size=&#8221;full&#8221;][\/vc_column_inner][vc_column_inner width=&#8221;1\/2&#8243;][vc_column_text]PZ VRBNIK Adresse: Namori 2 Telefon: +385 51 857 101 E-mail: pz-vrbnik@ri.t-com.hr Internet: www.pz-vrbnik.hr WEINHAUS IVAN KATUNAR Adresse: Bra\u0107e Trinajsti\u0107 3, Vrbnik Mobil: +385 91 532 12 24...\" \/>\n<meta property=\"og:url\" content=\"https:\/\/experiencekrk.com\/de\/essen-und-wein\/lokale-weingueter\/\" \/>\n<meta property=\"og:site_name\" content=\"Experience Krk\" \/>\n<meta property=\"article:modified_time\" content=\"2020-01-30T14:54:41+00:00\" \/>\n<meta name=\"twitter:card\" content=\"summary_large_image\" \/>\n<meta name=\"twitter:label1\" content=\"Gesch\u00e4tzte Lesezeit\">\n\t<meta name=\"twitter:data1\" content=\"3\u00a0Minuten\">\n<script type=\"application\/ld+json\" class=\"yoast-schema-graph\">{\"@context\":\"https:\/\/schema.org\",\"@graph\":[{\"@type\":\"WebSite\",\"@id\":\"https:\/\/experiencekrk.com\/#website\",\"url\":\"https:\/\/experiencekrk.com\/\",\"name\":\"Experience Krk\",\"description\":\"Cultural Tours, Food &amp; Wine and more\",\"potentialAction\":[{\"@type\":\"SearchAction\",\"target\":\"https:\/\/experiencekrk.com\/?s={search_term_string}\",\"query-input\":\"required name=search_term_string\"}],\"inLanguage\":\"de\"},{\"@type\":\"WebPage\",\"@id\":\"https:\/\/experiencekrk.com\/de\/essen-und-wein\/lokale-weingueter\/#webpage\",\"url\":\"https:\/\/experiencekrk.com\/de\/essen-und-wein\/lokale-weingueter\/\",\"name\":\"Lokale Weing\\u00fcter - Experience Krk\",\"isPartOf\":{\"@id\":\"https:\/\/experiencekrk.com\/#website\"},\"datePublished\":\"2019-04-29T08:56:31+00:00\",\"dateModified\":\"2020-01-30T14:54:41+00:00\",\"breadcrumb\":{\"@id\":\"https:\/\/experiencekrk.com\/de\/essen-und-wein\/lokale-weingueter\/#breadcrumb\"},\"inLanguage\":\"de\",\"potentialAction\":[{\"@type\":\"ReadAction\",\"target\":[\"https:\/\/experiencekrk.com\/de\/essen-und-wein\/lokale-weingueter\/\"]}]},{\"@type\":\"BreadcrumbList\",\"@id\":\"https:\/\/experiencekrk.com\/de\/essen-und-wein\/lokale-weingueter\/#breadcrumb\",\"itemListElement\":[{\"@type\":\"ListItem\",\"position\":1,\"item\":{\"@type\":\"WebPage\",\"@id\":\"https:\/\/experiencekrk.com\/de\/\",\"url\":\"https:\/\/experiencekrk.com\/de\/\",\"name\":\"Home\"}},{\"@type\":\"ListItem\",\"position\":2,\"item\":{\"@type\":\"WebPage\",\"@id\":\"https:\/\/experiencekrk.com\/de\/essen-und-wein\/\",\"url\":\"https:\/\/experiencekrk.com\/de\/essen-und-wein\/\",\"name\":\"Essen &#038; Wein\"}},{\"@type\":\"ListItem\",\"position\":3,\"item\":{\"@type\":\"WebPage\",\"@id\":\"https:\/\/experiencekrk.com\/de\/essen-und-wein\/lokale-weingueter\/\",\"url\":\"https:\/\/experiencekrk.com\/de\/essen-und-wein\/lokale-weingueter\/\",\"name\":\"Lokale Weing\\u00fcter\"}}]}]}<\/script>\n<!-- \/ Yoast SEO plugin. -->","_links":{"self":[{"href":"https:\/\/experiencekrk.com\/de\/wp-json\/wp\/v2\/pages\/8542"}],"collection":[{"href":"https:\/\/experiencekrk.com\/de\/wp-json\/wp\/v2\/pages"}],"about":[{"href":"https:\/\/experiencekrk.com\/de\/wp-json\/wp\/v2\/types\/page"}],"author":[{"embeddable":true,"href":"https:\/\/experiencekrk.com\/de\/wp-json\/wp\/v2\/users\/1"}],"replies":[{"embeddable":true,"href":"https:\/\/experiencekrk.com\/de\/wp-json\/wp\/v2\/comments?post=8542"}],"version-history":[{"count":2,"href":"https:\/\/experiencekrk.com\/de\/wp-json\/wp\/v2\/pages\/8542\/revisions"}],"predecessor-version":[{"id":8545,"href":"https:\/\/experiencekrk.com\/de\/wp-json\/wp\/v2\/pages\/8542\/revisions\/8545"}],"up":[{"embeddable":true,"href":"https:\/\/experiencekrk.com\/de\/wp-json\/wp\/v2\/pages\/8510"}],"wp:attachment":[{"href":"https:\/\/experiencekrk.com\/de\/wp-json\/wp\/v2\/media?parent=8542"}],"curies":[{"name":"wp","href":"https:\/\/api.w.org\/{rel}","templated":true}]}}