{"id":8537,"date":"2019-06-05T22:23:31","date_gmt":"2019-06-05T22:23:31","guid":{"rendered":"https:\/\/experiencekrk.com\/essen-und-wein\/local-taverns\/"},"modified":"2020-01-28T18:20:35","modified_gmt":"2020-01-28T18:20:35","slug":"lokale-tavernen","status":"publish","type":"page","link":"https:\/\/experiencekrk.com\/de\/essen-und-wein\/lokale-tavernen\/","title":{"rendered":"Lokale Tavernen"},"content":{"rendered":"<p>[vc_row][vc_column]<div class=\"mkdf-section-title-holder\">\n\t<h1 class=\"mkdf-section-title mkdf-section-title-medium\" >\n\tTaverne Pud Brest<\/h1>\n<\/div>[\/vc_column][\/vc_row][vc_row][vc_column width=&#8221;1\/2&#8243; css=&#8221;.vc_custom_1559125178706{padding-top: 0px !important;}&#8221;][vc_column_text css=&#8221;.vc_custom_1580235547033{border-top-width: 0px !important;padding-top: 0px !important;}&#8221;]<span style=\"font-weight: 400;\">Tate die authentische lokale K\u00fcche in der Taverne Pud Brest in dem kleinen Dorf Milohni\u0107i. Ihre Gerichte werden mit Kr\u00e4utern und Gem\u00fcse aus dem eigenen Garten und mit Lamm aus der Aufzucht der Familie zubereitet. Alle frischen Zutaten sowie der frische Fisch, der von den lokalen Fischern gefangen wurde, stehen auf ihrem t\u00e4glichen Speiseplan.<\/span><\/p>\n<p>Telefon:<a href=\"tel:+38551862111\">+385 51 862 111<\/a><br \/>\nMobil: <a href=\"tel:+385911862111\">+385 91 1862 111<\/a><br \/>\nE-mail: <a href=\"mailto:info@pud-brest.com\">info@pud-brest.com<\/a><br \/>\nInternet: <a href=\"http:\/\/pud-brest.com\/\" target=\"_blank\" rel=\"noopener noreferrer\">pud-brest.com<\/a><br \/>\nAdresse: 51511 Milohnici BB[\/vc_column_text][vc_column_text][\/vc_column_text][\/vc_column][vc_column width=&#8221;1\/2&#8243; css=&#8221;.vc_custom_1559125192021{border-top-width: 0px !important;padding-top: 10px !important;}&#8221;][vc_single_image image=&#8221;5786&#8243; img_size=&#8221;full&#8221;][\/vc_column][\/vc_row][vc_row][vc_column][vc_empty_space height=&#8221;10px&#8221;]<div class=\"mkdf-section-title-holder\">\n\t<h1 class=\"mkdf-section-title mkdf-section-title-small\" >\n\tStandort<\/h1>\n<\/div>[vc_raw_html]JTNDaWZyYW1lJTIwc3JjJTNEJTIyaHR0cHMlM0ElMkYlMkZ3d3cuZ29vZ2xlLmNvbSUyRm1hcHMlMkZlbWJlZCUzRnBiJTNEJTIxMW0xNCUyMTFtOCUyMTFtMyUyMTFkMTA3OTk3LjkwNzk3OTMxMDMzJTIxMmQxNC40NjQ0MDY2NDY1NTI5NTUlMjEzZDQ1LjA3NDU3MjA3MjczMTEzJTIxM20yJTIxMWkxMDI0JTIxMmk3NjglMjE0ZjEzLjElMjEzbTMlMjExbTIlMjExczB4MCUyNTNBMHg0MGQ0YjE1YTM3NWJlYzFiJTIxMnNLb25vYmElMkJwdWQlMkJCcmVzdCUyMTVlMCUyMTNtMiUyMTFzZW4lMjEyc2hyJTIxNHYxNTU5NzczODIzOTc0JTIxNW0yJTIxMXNlbiUyMTJzaHIlMjIlMjB3aWR0aCUzRCUyMjk4MCUyMiUyMGhlaWdodCUzRCUyMjM1MCUyMiUyMGZyYW1lYm9yZGVyJTNEJTIyMCUyMiUyMHN0eWxlJTNEJTIyYm9yZGVyJTNBMCUyMiUyMGFsbG93ZnVsbHNjcmVlbiUzRSUzQyUyRmlmcmFtZSUzRQ==[\/vc_raw_html]<div class=\"mkdf-separator-holder clearfix  mkdf-separator-center mkdf-separator-full-width\">\n\t<div class=\"mkdf-separator\" style=\"border-color: #ebebeb;border-style: solid;border-bottom-width: 1px;margin-top: 20px;margin-bottom: 45px\"><\/div>\n<\/div>\n[vc_empty_space height=&#8221;20px&#8221;][\/vc_column][\/vc_row][vc_row][vc_column]<div class=\"mkdf-section-title-holder\">\n\t<h1 class=\"mkdf-section-title mkdf-section-title-medium\" >\n\tTavernen-Pod prevolt <\/h1>\n<\/div>[\/vc_column][\/vc_row][vc_row][vc_column width=&#8221;1\/2&#8243; css=&#8221;.vc_custom_1559123188863{padding-top: 15px !important;}&#8221;][vc_column_text css=&#8221;.vc_custom_1580235614340{border-top-width: 0px !important;padding-top: 0px !important;}&#8221;]<span style=\"font-weight: 400;\">Die Taverne Pod prevolt ist ein Ort, an dem Sie die authentische lokale K\u00fcche auf der Basis von selbst angebautem Gem\u00fcse und frischem Fisch kosten k\u00f6nnen. Die Taverne in Familienbesitz bietet traditionelle Gerichte wie Lamm mit Gem\u00fcse und Lammeintopf, Brennnesselsuppe, &#8220;Brodetto&#8221; aus getrocknetem Tintenfisch, Pfannkuchen mit Schafsquark und Honig.<\/span><\/p>\n<p>Telefon: <a href=\"tel:+38551862149\">+385 5 1 862 149<\/a><br \/>\nE-mail:<a href=\"mailto:podprevolt@gmail.com\"> podprevolt@gmail.com<\/a><br \/>\nAdresse: Milohnici 21 b, Krk[\/vc_column_text][vc_column_text][\/vc_column_text][\/vc_column][vc_column width=&#8221;1\/2&#8243; css=&#8221;.vc_custom_1559125093053{border-top-width: 0px !important;padding-top: 25px !important;}&#8221;][vc_single_image image=&#8221;5785&#8243; img_size=&#8221;full&#8221;][\/vc_column][\/vc_row][vc_row][vc_column][vc_empty_space height=&#8221;10px&#8221;]<div class=\"mkdf-section-title-holder\">\n\t<h1 class=\"mkdf-section-title mkdf-section-title-small\" >\n\tStandort<\/h1>\n<\/div>[vc_raw_html]JTNDaWZyYW1lJTIwc3JjJTNEJTIyaHR0cHMlM0ElMkYlMkZ3d3cuZ29vZ2xlLmNvbSUyRm1hcHMlMkZlbWJlZCUzRnBiJTNEJTIxMW0xNCUyMTFtOCUyMTFtMyUyMTFkMTE3Nzg5Ljk1MjE5Njk5MjElMjEyZDE0LjQ3MzMwNDgxMDIwMzc0MyUyMTNkNDUuMDY2MDcxODA5Mjk2MzclMjEzbTIlMjExaTEwMjQlMjEyaTc2OCUyMTRmMTMuMSUyMTNtMyUyMTFtMiUyMTFzMHgwJTI1M0EweDhkYjZhZjQ1NTQ1ZWIyOTAlMjEyc0tvbm9iYSUyQnBvZCUyQnByZXZvbHQlMjE1ZTAlMjEzbTIlMjExc2VuJTIxMnNociUyMTR2MTU1OTc3Mzk4NjM1NyUyMTVtMiUyMTFzZW4lMjEyc2hyJTIyJTIwd2lkdGglM0QlMjI5ODAlMjIlMjBoZWlnaHQlM0QlMjIzNTAlMjIlMjBmcmFtZWJvcmRlciUzRCUyMjAlMjIlMjBzdHlsZSUzRCUyMmJvcmRlciUzQTAlMjIlMjBhbGxvd2Z1bGxzY3JlZW4lM0UlM0MlMkZpZnJhbWUlM0U=[\/vc_raw_html][\/vc_column][\/vc_row]<\/p>\n","protected":false},"excerpt":{"rendered":"<p>[vc_row][vc_column][\/vc_column][\/vc_row][vc_row][vc_column width=&#8221;1\/2&#8243; css=&#8221;.vc_custom_1559125178706{padding-top: 0px !important;}&#8221;][vc_column_text css=&#8221;.vc_custom_1580235547033{border-top-width: 0px !important;padding-top: 0px !important;}&#8221;]Tate die authentische lokale K\u00fcche in der Taverne Pud Brest in dem kleinen Dorf Milohni\u0107i. Ihre Gerichte werden mit Kr\u00e4utern und Gem\u00fcse aus dem eigenen Garten und mit Lamm aus der Aufzucht der Familie zubereitet. Alle frischen Zutaten sowie der frische Fisch, der von den lokalen Fischern gefangen wurde, stehen auf ihrem t\u00e4glichen Speiseplan. Telefon:+385 51 862 111 Mobil: +385 91 1862 111 E-mail: info@pud-brest.com Internet: pud-brest.com Adresse: 51511 Milohnici BB[\/vc_column_text][vc_column_text][\/vc_column_text][\/vc_column][vc_column width=&#8221;1\/2&#8243; css=&#8221;.vc_custom_1559125192021{border-top-width: 0px !important;padding-top: 10px !important;}&#8221;][vc_single_image image=&#8221;5786&#8243; img_size=&#8221;full&#8221;][\/vc_column][\/vc_row][vc_row][vc_column][vc_empty_space height=&#8221;10px&#8221;][vc_raw_html]JTNDaWZyYW1lJTIwc3JjJTNEJTIyaHR0cHMlM0ElMkYlMkZ3d3cuZ29vZ2xlLmNvbSUyRm1hcHMlMkZlbWJlZCUzRnBiJTNEJTIxMW0xNCUyMTFtOCUyMTFtMyUyMTFkMTA3OTk3LjkwNzk3OTMxMDMzJTIxMmQxNC40NjQ0MDY2NDY1NTI5NTUlMjEzZDQ1LjA3NDU3MjA3MjczMTEzJTIxM20yJTIxMWkxMDI0JTIxMmk3NjglMjE0ZjEzLjElMjEzbTMlMjExbTIlMjExczB4MCUyNTNBMHg0MGQ0YjE1YTM3NWJlYzFiJTIxMnNLb25vYmElMkJwdWQlMkJCcmVzdCUyMTVlMCUyMTNtMiUyMTFzZW4lMjEyc2hyJTIxNHYxNTU5NzczODIzOTc0JTIxNW0yJTIxMXNlbiUyMTJzaHIlMjIlMjB3aWR0aCUzRCUyMjk4MCUyMiUyMGhlaWdodCUzRCUyMjM1MCUyMiUyMGZyYW1lYm9yZGVyJTNEJTIyMCUyMiUyMHN0eWxlJTNEJTIyYm9yZGVyJTNBMCUyMiUyMGFsbG93ZnVsbHNjcmVlbiUzRSUzQyUyRmlmcmFtZSUzRQ==[\/vc_raw_html][vc_empty_space height=&#8221;20px&#8221;][\/vc_column][\/vc_row][vc_row][vc_column][\/vc_column][\/vc_row][vc_row][vc_column&#8230;<\/p>\n","protected":false},"author":1,"featured_media":0,"parent":8510,"menu_order":0,"comment_status":"closed","ping_status":"closed","template":"","meta":[],"yoast_head":"<!-- This site is optimized with the Yoast SEO plugin v16.0.1 - https:\/\/yoast.com\/wordpress\/plugins\/seo\/ -->\n<title>Lokale Tavernen - Experience Krk<\/title>\n<link rel=\"canonical\" href=\"https:\/\/experiencekrk.com\/de\/essen-und-wein\/lokale-tavernen\/\" \/>\n<meta property=\"og:locale\" content=\"de_DE\" \/>\n<meta property=\"og:type\" content=\"article\" \/>\n<meta property=\"og:title\" content=\"Lokale Tavernen - Experience Krk\" \/>\n<meta property=\"og:description\" content=\"[vc_row][vc_column][\/vc_column][\/vc_row][vc_row][vc_column width=&#8221;1\/2&#8243; css=&#8221;.vc_custom_1559125178706{padding-top: 0px !important;}&#8221;][vc_column_text css=&#8221;.vc_custom_1580235547033{border-top-width: 0px !important;padding-top: 0px !important;}&#8221;]Tate die authentische lokale K\u00fcche in der Taverne Pud Brest in dem kleinen Dorf Milohni\u0107i. Ihre Gerichte werden mit Kr\u00e4utern und Gem\u00fcse aus dem eigenen Garten und mit Lamm aus der Aufzucht der Familie zubereitet. Alle frischen Zutaten sowie der frische Fisch, der von den lokalen Fischern gefangen wurde, stehen auf ihrem t\u00e4glichen Speiseplan. Telefon:+385 51 862 111 Mobil: +385 91 1862 111 E-mail: info@pud-brest.com Internet: pud-brest.com Adresse: 51511 Milohnici BB[\/vc_column_text][vc_column_text][\/vc_column_text][\/vc_column][vc_column width=&#8221;1\/2&#8243; css=&#8221;.vc_custom_1559125192021{border-top-width: 0px !important;padding-top: 10px !important;}&#8221;][vc_single_image image=&#8221;5786&#8243; img_size=&#8221;full&#8221;][\/vc_column][\/vc_row][vc_row][vc_column][vc_empty_space height=&#8221;10px&#8221;][vc_raw_html]JTNDaWZyYW1lJTIwc3JjJTNEJTIyaHR0cHMlM0ElMkYlMkZ3d3cuZ29vZ2xlLmNvbSUyRm1hcHMlMkZlbWJlZCUzRnBiJTNEJTIxMW0xNCUyMTFtOCUyMTFtMyUyMTFkMTA3OTk3LjkwNzk3OTMxMDMzJTIxMmQxNC40NjQ0MDY2NDY1NTI5NTUlMjEzZDQ1LjA3NDU3MjA3MjczMTEzJTIxM20yJTIxMWkxMDI0JTIxMmk3NjglMjE0ZjEzLjElMjEzbTMlMjExbTIlMjExczB4MCUyNTNBMHg0MGQ0YjE1YTM3NWJlYzFiJTIxMnNLb25vYmElMkJwdWQlMkJCcmVzdCUyMTVlMCUyMTNtMiUyMTFzZW4lMjEyc2hyJTIxNHYxNTU5NzczODIzOTc0JTIxNW0yJTIxMXNlbiUyMTJzaHIlMjIlMjB3aWR0aCUzRCUyMjk4MCUyMiUyMGhlaWdodCUzRCUyMjM1MCUyMiUyMGZyYW1lYm9yZGVyJTNEJTIyMCUyMiUyMHN0eWxlJTNEJTIyYm9yZGVyJTNBMCUyMiUyMGFsbG93ZnVsbHNjcmVlbiUzRSUzQyUyRmlmcmFtZSUzRQ==[\/vc_raw_html][vc_empty_space height=&#8221;20px&#8221;][\/vc_column][\/vc_row][vc_row][vc_column][\/vc_column][\/vc_row][vc_row][vc_column...\" \/>\n<meta property=\"og:url\" content=\"https:\/\/experiencekrk.com\/de\/essen-und-wein\/lokale-tavernen\/\" \/>\n<meta property=\"og:site_name\" content=\"Experience Krk\" \/>\n<meta property=\"article:modified_time\" content=\"2020-01-28T18:20:35+00:00\" \/>\n<meta name=\"twitter:card\" content=\"summary_large_image\" \/>\n<meta name=\"twitter:label1\" content=\"Gesch\u00e4tzte Lesezeit\">\n\t<meta name=\"twitter:data1\" content=\"2\u00a0Minuten\">\n<script type=\"application\/ld+json\" class=\"yoast-schema-graph\">{\"@context\":\"https:\/\/schema.org\",\"@graph\":[{\"@type\":\"WebSite\",\"@id\":\"https:\/\/experiencekrk.com\/#website\",\"url\":\"https:\/\/experiencekrk.com\/\",\"name\":\"Experience Krk\",\"description\":\"Cultural Tours, Food &amp; Wine and more\",\"potentialAction\":[{\"@type\":\"SearchAction\",\"target\":\"https:\/\/experiencekrk.com\/?s={search_term_string}\",\"query-input\":\"required name=search_term_string\"}],\"inLanguage\":\"de\"},{\"@type\":\"WebPage\",\"@id\":\"https:\/\/experiencekrk.com\/de\/essen-und-wein\/lokale-tavernen\/#webpage\",\"url\":\"https:\/\/experiencekrk.com\/de\/essen-und-wein\/lokale-tavernen\/\",\"name\":\"Lokale Tavernen - Experience Krk\",\"isPartOf\":{\"@id\":\"https:\/\/experiencekrk.com\/#website\"},\"datePublished\":\"2019-06-05T22:23:31+00:00\",\"dateModified\":\"2020-01-28T18:20:35+00:00\",\"breadcrumb\":{\"@id\":\"https:\/\/experiencekrk.com\/de\/essen-und-wein\/lokale-tavernen\/#breadcrumb\"},\"inLanguage\":\"de\",\"potentialAction\":[{\"@type\":\"ReadAction\",\"target\":[\"https:\/\/experiencekrk.com\/de\/essen-und-wein\/lokale-tavernen\/\"]}]},{\"@type\":\"BreadcrumbList\",\"@id\":\"https:\/\/experiencekrk.com\/de\/essen-und-wein\/lokale-tavernen\/#breadcrumb\",\"itemListElement\":[{\"@type\":\"ListItem\",\"position\":1,\"item\":{\"@type\":\"WebPage\",\"@id\":\"https:\/\/experiencekrk.com\/de\/\",\"url\":\"https:\/\/experiencekrk.com\/de\/\",\"name\":\"Home\"}},{\"@type\":\"ListItem\",\"position\":2,\"item\":{\"@type\":\"WebPage\",\"@id\":\"https:\/\/experiencekrk.com\/de\/essen-und-wein\/\",\"url\":\"https:\/\/experiencekrk.com\/de\/essen-und-wein\/\",\"name\":\"Essen &#038; Wein\"}},{\"@type\":\"ListItem\",\"position\":3,\"item\":{\"@type\":\"WebPage\",\"@id\":\"https:\/\/experiencekrk.com\/de\/essen-und-wein\/lokale-tavernen\/\",\"url\":\"https:\/\/experiencekrk.com\/de\/essen-und-wein\/lokale-tavernen\/\",\"name\":\"Lokale Tavernen\"}}]}]}<\/script>\n<!-- \/ Yoast SEO plugin. -->","_links":{"self":[{"href":"https:\/\/experiencekrk.com\/de\/wp-json\/wp\/v2\/pages\/8537"}],"collection":[{"href":"https:\/\/experiencekrk.com\/de\/wp-json\/wp\/v2\/pages"}],"about":[{"href":"https:\/\/experiencekrk.com\/de\/wp-json\/wp\/v2\/types\/page"}],"author":[{"embeddable":true,"href":"https:\/\/experiencekrk.com\/de\/wp-json\/wp\/v2\/users\/1"}],"replies":[{"embeddable":true,"href":"https:\/\/experiencekrk.com\/de\/wp-json\/wp\/v2\/comments?post=8537"}],"version-history":[{"count":2,"href":"https:\/\/experiencekrk.com\/de\/wp-json\/wp\/v2\/pages\/8537\/revisions"}],"predecessor-version":[{"id":8539,"href":"https:\/\/experiencekrk.com\/de\/wp-json\/wp\/v2\/pages\/8537\/revisions\/8539"}],"up":[{"embeddable":true,"href":"https:\/\/experiencekrk.com\/de\/wp-json\/wp\/v2\/pages\/8510"}],"wp:attachment":[{"href":"https:\/\/experiencekrk.com\/de\/wp-json\/wp\/v2\/media?parent=8537"}],"curies":[{"name":"wp","href":"https:\/\/api.w.org\/{rel}","templated":true}]}}