{"id":8528,"date":"2019-06-05T22:52:49","date_gmt":"2019-06-05T22:52:49","guid":{"rendered":"https:\/\/experiencekrk.com\/essen-und-wein\/local-food-wine-bars\/"},"modified":"2024-03-10T21:27:00","modified_gmt":"2024-03-10T21:27:00","slug":"lokale-essens-und-weinbars","status":"publish","type":"page","link":"https:\/\/experiencekrk.com\/de\/essen-und-wein\/lokale-essens-und-weinbars\/","title":{"rendered":"Lokale Essens- und Weinbars"},"content":{"rendered":"<p>[vc_row][vc_column]<div class=\"mkdf-section-title-holder\">\n\t<h1 class=\"mkdf-section-title mkdf-section-title-medium\" >\n\tViktor &amp; Koko Essens- und Weinbar<\/h1>\n<\/div>[vc_row_inner][vc_column_inner width=&#8221;1\/2&#8243;][vc_column_text css=&#8221;.vc_custom_1580235126571{border-top-width: 0px !important;padding-top: 0px !important;}&#8221;]<span style=\"font-weight: 400;\">Probieren Sie die mediterrane autochthone K\u00fcche in der Viktor &amp; Koko Essens- und Weinbar in der Altstadt von Krk. Probieren Sie den Krk`s Prosciutto, den lokal hergestellten Krk`s K\u00e4se mit reichem Kr\u00e4utergeschmack, Tintenfischsalat und andere lokale Spezialit\u00e4ten, die mit dem lokalen Wein \u017dlahtina serviert werden. Und vergessen Sie nicht, verschiedene Geschmacksrichtungen des Oliven\u00f6ls auszuprobieren.<\/span><\/p>\n<p>Mobil: <a href=\"tel:+385915396474\">+385 91 539 6474<\/a><br \/>\nAdresse: Ul. Antuna Mahni\u0107a 17,<br \/>\n51500 Krk[\/vc_column_text][\/vc_column_inner][vc_column_inner width=&#8221;1\/2&#8243;][vc_single_image image=&#8221;5797&#8243; img_size=&#8221;full&#8221;][\/vc_column_inner][\/vc_row_inner][vc_empty_space height=&#8221;10px&#8221;]<div class=\"mkdf-section-title-holder\">\n\t<h1 class=\"mkdf-section-title mkdf-section-title-small\" >\n\tStandort<\/h1>\n<\/div>[vc_raw_html]JTNDaWZyYW1lJTIwc3JjJTNEJTIyaHR0cHMlM0ElMkYlMkZ3d3cuZ29vZ2xlLmNvbSUyRm1hcHMlMkZlbWJlZCUzRnBiJTNEJTIxMW0xNCUyMTFtOCUyMTFtMyUyMTFkMjc4MTYuMjYyODA3Nzc5MzUyJTIxMmQxNC41NjM5NjIyNzcxMjEyNTIlMjEzZDQ1LjAyMTgyMDI5OTM5MDc1JTIxM20yJTIxMWkxMDI0JTIxMmk3NjglMjE0ZjEzLjElMjEzbTMlMjExbTIlMjExczB4MCUyNTNBMHhhOWY0ODNiNDJmM2VlMThjJTIxMnMlMjUyMlZpa3RvciUyNTI2S29rbyUyNTIyJTJCZm9vZCUyNTI2d2luZSUyMTVlMCUyMTNtMiUyMTFzZW4lMjEyc2hyJTIxNHYxNTU5Nzc5MjM0NjA4JTIxNW0yJTIxMXNlbiUyMTJzaHIlMjIlMjB3aWR0aCUzRCUyMjk4MCUyMiUyMGhlaWdodCUzRCUyMjM1MCUyMiUyMGZyYW1lYm9yZGVyJTNEJTIyMCUyMiUyMHN0eWxlJTNEJTIyYm9yZGVyJTNBMCUyMiUyMGFsbG93ZnVsbHNjcmVlbiUzRSUzQyUyRmlmcmFtZSUzRQ==[\/vc_raw_html]<div class=\"mkdf-separator-holder clearfix  mkdf-separator-center\">\n\t<div class=\"mkdf-separator\" style=\"border-color: #ebebeb;border-style: solid;width: 100%;border-bottom-width: 1px\"><\/div>\n<\/div>\n[vc_empty_space][\/vc_column][\/vc_row][vc_row][vc_column]<div class=\"mkdf-section-title-holder\">\n\t<h1 class=\"mkdf-section-title mkdf-section-title-medium\" >\n\tKaffeebar Volsonis<\/h1>\n<\/div>[vc_row_inner][vc_column_inner width=&#8221;1\/2&#8243;][vc_column_text css=&#8221;.vc_custom_1580235256099{border-top-width: 0px !important;padding-top: 0px !important;}&#8221;]<span style=\"font-weight: 400;\">Die Cafe Bar Volsonis ist nicht nur eine wertvolle arch\u00e4ologische St\u00e4tte, sondern auch ein beliebter Nachtclub und ein Restaurant, das einige traditionelle Gerichte serviert. In ihrem faszinierenden antiken Ambiente k\u00f6nnen Sie den hausgemachten einheimischen K\u00e4se und Schinken, traditionelle Pasta \u0161urlice und andere Gerichte kosten, begleitet von einer gro\u00dfen Auswahl an Bieren, Cocktails und anderen Getr\u00e4nken.<\/span><\/p>\n<p>Telefon: <a href=\"tel:+38551880249\">+385 51 880 249<\/a><br \/>\nAdresse: Vela placa 8,<br \/>\n51500 Krk[\/vc_column_text][\/vc_column_inner][vc_column_inner width=&#8221;1\/2&#8243;][vc_single_image image=&#8221;5798&#8243; img_size=&#8221;full&#8221;][\/vc_column_inner][\/vc_row_inner][vc_empty_space height=&#8221;10px&#8221;]<div class=\"mkdf-section-title-holder\">\n\t<h1 class=\"mkdf-section-title mkdf-section-title-small\" >\n\tStandort<\/h1>\n<\/div>[vc_raw_html]JTNDaWZyYW1lJTIwc3JjJTNEJTIyaHR0cHMlM0ElMkYlMkZ3d3cuZ29vZ2xlLmNvbSUyRm1hcHMlMkZlbWJlZCUzRnBiJTNEJTIxMW0xNCUyMTFtOCUyMTFtMyUyMTFkNDUxMTkuMTAwMjY0ODk0MDYlMjEyZDE0LjU3MzgzODAwMDAwMDAwMiUyMTNkNDUuMDI2MDY3JTIxM20yJTIxMWkxMDI0JTIxMmk3NjglMjE0ZjEzLjElMjEzbTMlMjExbTIlMjExczB4MCUyNTNBMHhjM2NkMWViZTdhZjhjNGM1JTIxMnNWb2xzb25pcyUyMTVlMCUyMTNtMiUyMTFzZW4lMjEyc2hyJTIxNHYxNTU5Nzc5NDg3NDIxJTIxNW0yJTIxMXNlbiUyMTJzaHIlMjIlMjB3aWR0aCUzRCUyMjk4MCUyMiUyMGhlaWdodCUzRCUyMjM1MCUyMiUyMGZyYW1lYm9yZGVyJTNEJTIyMCUyMiUyMHN0eWxlJTNEJTIyYm9yZGVyJTNBMCUyMiUyMGFsbG93ZnVsbHNjcmVlbiUzRSUzQyUyRmlmcmFtZSUzRQ==[\/vc_raw_html][vc_empty_space][\/vc_column][\/vc_row]<\/p>\n","protected":false},"excerpt":{"rendered":"<p>[vc_row][vc_column][vc_row_inner][vc_column_inner width=&#8221;1\/2&#8243;][vc_column_text css=&#8221;.vc_custom_1580235126571{border-top-width: 0px !important;padding-top: 0px !important;}&#8221;]Probieren Sie die mediterrane autochthone K\u00fcche in der Viktor &amp; Koko Essens- und Weinbar in der Altstadt von Krk. Probieren Sie den Krk`s Prosciutto, den lokal hergestellten Krk`s K\u00e4se mit reichem Kr\u00e4utergeschmack, Tintenfischsalat und andere lokale Spezialit\u00e4ten, die mit dem lokalen Wein \u017dlahtina serviert werden. Und vergessen Sie nicht, verschiedene Geschmacksrichtungen des Oliven\u00f6ls auszuprobieren. Mobil: +385 91 539 6474 Adresse: Ul. Antuna Mahni\u0107a 17, 51500 Krk[\/vc_column_text][\/vc_column_inner][vc_column_inner width=&#8221;1\/2&#8243;][vc_single_image image=&#8221;5797&#8243; img_size=&#8221;full&#8221;][\/vc_column_inner][\/vc_row_inner][vc_empty_space height=&#8221;10px&#8221;][vc_raw_html]JTNDaWZyYW1lJTIwc3JjJTNEJTIyaHR0cHMlM0ElMkYlMkZ3d3cuZ29vZ2xlLmNvbSUyRm1hcHMlMkZlbWJlZCUzRnBiJTNEJTIxMW0xNCUyMTFtOCUyMTFtMyUyMTFkMjc4MTYuMjYyODA3Nzc5MzUyJTIxMmQxNC41NjM5NjIyNzcxMjEyNTIlMjEzZDQ1LjAyMTgyMDI5OTM5MDc1JTIxM20yJTIxMWkxMDI0JTIxMmk3NjglMjE0ZjEzLjElMjEzbTMlMjExbTIlMjExczB4MCUyNTNBMHhhOWY0ODNiNDJmM2VlMThjJTIxMnMlMjUyMlZpa3RvciUyNTI2S29rbyUyNTIyJTJCZm9vZCUyNTI2d2luZSUyMTVlMCUyMTNtMiUyMTFzZW4lMjEyc2hyJTIxNHYxNTU5Nzc5MjM0NjA4JTIxNW0yJTIxMXNlbiUyMTJzaHIlMjIlMjB3aWR0aCUzRCUyMjk4MCUyMiUyMGhlaWdodCUzRCUyMjM1MCUyMiUyMGZyYW1lYm9yZGVyJTNEJTIyMCUyMiUyMHN0eWxlJTNEJTIyYm9yZGVyJTNBMCUyMiUyMGFsbG93ZnVsbHNjcmVlbiUzRSUzQyUyRmlmcmFtZSUzRQ==[\/vc_raw_html][vc_empty_space][\/vc_column][\/vc_row][vc_row][vc_column][vc_row_inner][vc_column_inner width=&#8221;1\/2&#8243;][vc_column_text css=&#8221;.vc_custom_1580235256099{border-top-width: 0px !important;padding-top: 0px !important;}&#8221;]Die Cafe Bar Volsonis ist nicht nur eine wertvolle&#8230;<\/p>\n","protected":false},"author":1,"featured_media":0,"parent":8510,"menu_order":0,"comment_status":"closed","ping_status":"closed","template":"","meta":[],"yoast_head":"<!-- This site is optimized with the Yoast SEO plugin v16.0.1 - https:\/\/yoast.com\/wordpress\/plugins\/seo\/ -->\n<title>Lokale Essens- und Weinbars - Experience Krk<\/title>\n<link rel=\"canonical\" href=\"https:\/\/experiencekrk.com\/de\/essen-und-wein\/lokale-essens-und-weinbars\/\" \/>\n<meta property=\"og:locale\" content=\"de_DE\" \/>\n<meta property=\"og:type\" content=\"article\" \/>\n<meta property=\"og:title\" content=\"Lokale Essens- und Weinbars - Experience Krk\" \/>\n<meta property=\"og:description\" content=\"[vc_row][vc_column][vc_row_inner][vc_column_inner width=&#8221;1\/2&#8243;][vc_column_text css=&#8221;.vc_custom_1580235126571{border-top-width: 0px !important;padding-top: 0px !important;}&#8221;]Probieren Sie die mediterrane autochthone K\u00fcche in der Viktor &amp; Koko Essens- und Weinbar in der Altstadt von Krk. Probieren Sie den Krk`s Prosciutto, den lokal hergestellten Krk`s K\u00e4se mit reichem Kr\u00e4utergeschmack, Tintenfischsalat und andere lokale Spezialit\u00e4ten, die mit dem lokalen Wein \u017dlahtina serviert werden. Und vergessen Sie nicht, verschiedene Geschmacksrichtungen des Oliven\u00f6ls auszuprobieren. Mobil: +385 91 539 6474 Adresse: Ul. Antuna Mahni\u0107a 17, 51500 Krk[\/vc_column_text][\/vc_column_inner][vc_column_inner width=&#8221;1\/2&#8243;][vc_single_image image=&#8221;5797&#8243; img_size=&#8221;full&#8221;][\/vc_column_inner][\/vc_row_inner][vc_empty_space height=&#8221;10px&#8221;][vc_raw_html]JTNDaWZyYW1lJTIwc3JjJTNEJTIyaHR0cHMlM0ElMkYlMkZ3d3cuZ29vZ2xlLmNvbSUyRm1hcHMlMkZlbWJlZCUzRnBiJTNEJTIxMW0xNCUyMTFtOCUyMTFtMyUyMTFkMjc4MTYuMjYyODA3Nzc5MzUyJTIxMmQxNC41NjM5NjIyNzcxMjEyNTIlMjEzZDQ1LjAyMTgyMDI5OTM5MDc1JTIxM20yJTIxMWkxMDI0JTIxMmk3NjglMjE0ZjEzLjElMjEzbTMlMjExbTIlMjExczB4MCUyNTNBMHhhOWY0ODNiNDJmM2VlMThjJTIxMnMlMjUyMlZpa3RvciUyNTI2S29rbyUyNTIyJTJCZm9vZCUyNTI2d2luZSUyMTVlMCUyMTNtMiUyMTFzZW4lMjEyc2hyJTIxNHYxNTU5Nzc5MjM0NjA4JTIxNW0yJTIxMXNlbiUyMTJzaHIlMjIlMjB3aWR0aCUzRCUyMjk4MCUyMiUyMGhlaWdodCUzRCUyMjM1MCUyMiUyMGZyYW1lYm9yZGVyJTNEJTIyMCUyMiUyMHN0eWxlJTNEJTIyYm9yZGVyJTNBMCUyMiUyMGFsbG93ZnVsbHNjcmVlbiUzRSUzQyUyRmlmcmFtZSUzRQ==[\/vc_raw_html][vc_empty_space][\/vc_column][\/vc_row][vc_row][vc_column][vc_row_inner][vc_column_inner width=&#8221;1\/2&#8243;][vc_column_text css=&#8221;.vc_custom_1580235256099{border-top-width: 0px !important;padding-top: 0px !important;}&#8221;]Die Cafe Bar Volsonis ist nicht nur eine wertvolle...\" \/>\n<meta property=\"og:url\" content=\"https:\/\/experiencekrk.com\/de\/essen-und-wein\/lokale-essens-und-weinbars\/\" \/>\n<meta property=\"og:site_name\" content=\"Experience Krk\" \/>\n<meta property=\"article:modified_time\" content=\"2024-03-10T21:27:00+00:00\" \/>\n<meta name=\"twitter:card\" content=\"summary_large_image\" \/>\n<meta name=\"twitter:label1\" content=\"Gesch\u00e4tzte Lesezeit\">\n\t<meta name=\"twitter:data1\" content=\"1\u00a0Minute\">\n<script type=\"application\/ld+json\" class=\"yoast-schema-graph\">{\"@context\":\"https:\/\/schema.org\",\"@graph\":[{\"@type\":\"WebSite\",\"@id\":\"https:\/\/experiencekrk.com\/#website\",\"url\":\"https:\/\/experiencekrk.com\/\",\"name\":\"Experience Krk\",\"description\":\"Cultural Tours, Food &amp; Wine and more\",\"potentialAction\":[{\"@type\":\"SearchAction\",\"target\":\"https:\/\/experiencekrk.com\/?s={search_term_string}\",\"query-input\":\"required name=search_term_string\"}],\"inLanguage\":\"de\"},{\"@type\":\"WebPage\",\"@id\":\"https:\/\/experiencekrk.com\/de\/essen-und-wein\/lokale-essens-und-weinbars\/#webpage\",\"url\":\"https:\/\/experiencekrk.com\/de\/essen-und-wein\/lokale-essens-und-weinbars\/\",\"name\":\"Lokale Essens- und Weinbars - Experience Krk\",\"isPartOf\":{\"@id\":\"https:\/\/experiencekrk.com\/#website\"},\"datePublished\":\"2019-06-05T22:52:49+00:00\",\"dateModified\":\"2024-03-10T21:27:00+00:00\",\"breadcrumb\":{\"@id\":\"https:\/\/experiencekrk.com\/de\/essen-und-wein\/lokale-essens-und-weinbars\/#breadcrumb\"},\"inLanguage\":\"de\",\"potentialAction\":[{\"@type\":\"ReadAction\",\"target\":[\"https:\/\/experiencekrk.com\/de\/essen-und-wein\/lokale-essens-und-weinbars\/\"]}]},{\"@type\":\"BreadcrumbList\",\"@id\":\"https:\/\/experiencekrk.com\/de\/essen-und-wein\/lokale-essens-und-weinbars\/#breadcrumb\",\"itemListElement\":[{\"@type\":\"ListItem\",\"position\":1,\"item\":{\"@type\":\"WebPage\",\"@id\":\"https:\/\/experiencekrk.com\/de\/\",\"url\":\"https:\/\/experiencekrk.com\/de\/\",\"name\":\"Home\"}},{\"@type\":\"ListItem\",\"position\":2,\"item\":{\"@type\":\"WebPage\",\"@id\":\"https:\/\/experiencekrk.com\/de\/essen-und-wein\/\",\"url\":\"https:\/\/experiencekrk.com\/de\/essen-und-wein\/\",\"name\":\"Essen &#038; Wein\"}},{\"@type\":\"ListItem\",\"position\":3,\"item\":{\"@type\":\"WebPage\",\"@id\":\"https:\/\/experiencekrk.com\/de\/essen-und-wein\/lokale-essens-und-weinbars\/\",\"url\":\"https:\/\/experiencekrk.com\/de\/essen-und-wein\/lokale-essens-und-weinbars\/\",\"name\":\"Lokale Essens- und Weinbars\"}}]}]}<\/script>\n<!-- \/ Yoast SEO plugin. -->","_links":{"self":[{"href":"https:\/\/experiencekrk.com\/de\/wp-json\/wp\/v2\/pages\/8528"}],"collection":[{"href":"https:\/\/experiencekrk.com\/de\/wp-json\/wp\/v2\/pages"}],"about":[{"href":"https:\/\/experiencekrk.com\/de\/wp-json\/wp\/v2\/types\/page"}],"author":[{"embeddable":true,"href":"https:\/\/experiencekrk.com\/de\/wp-json\/wp\/v2\/users\/1"}],"replies":[{"embeddable":true,"href":"https:\/\/experiencekrk.com\/de\/wp-json\/wp\/v2\/comments?post=8528"}],"version-history":[{"count":3,"href":"https:\/\/experiencekrk.com\/de\/wp-json\/wp\/v2\/pages\/8528\/revisions"}],"predecessor-version":[{"id":33321,"href":"https:\/\/experiencekrk.com\/de\/wp-json\/wp\/v2\/pages\/8528\/revisions\/33321"}],"up":[{"embeddable":true,"href":"https:\/\/experiencekrk.com\/de\/wp-json\/wp\/v2\/pages\/8510"}],"wp:attachment":[{"href":"https:\/\/experiencekrk.com\/de\/wp-json\/wp\/v2\/media?parent=8528"}],"curies":[{"name":"wp","href":"https:\/\/api.w.org\/{rel}","templated":true}]}}