{"id":8523,"date":"2019-04-16T09:25:46","date_gmt":"2019-04-16T09:25:46","guid":{"rendered":"https:\/\/experiencekrk.com\/essen-und-wein\/krk-cheese-local-cheese-from-krk\/"},"modified":"2020-01-28T18:02:27","modified_gmt":"2020-01-28T18:02:27","slug":"krker-kaese-einheimischer-kaese-aus-krk","status":"publish","type":"page","link":"https:\/\/experiencekrk.com\/de\/essen-und-wein\/krker-kaese-einheimischer-kaese-aus-krk\/","title":{"rendered":"Krker K\u00e4se &#8211; einheimischer K\u00e4se aus Krk"},"content":{"rendered":"<p>[vc_row][vc_column]<div class=\"mkdf-section-title-holder\">\n\t<h1 class=\"mkdf-section-title mkdf-section-title-medium\" >\n\tKrker K\u00e4se - Molkerei Magri\u017ea<\/h1>\n<\/div>[\/vc_column][\/vc_row][vc_row][vc_column width=&#8221;1\/2&#8243;][vc_column_text]<span style=\"font-weight: 400;\">Die Molkerei Magri\u017e stellt den authentischen Krker K\u00e4se her &#8211; Kuh- und Schafsk\u00e4se mit dem reichen Geschmack der Heilkr\u00e4uter, auf denen die Tiere auf der Insel Krk grasen. In der Molkerei Magri\u017e k\u00f6nnen Sie verschiedene Geschmacksrichtungen von hausgemachtem Kuh- und Schafsmilchk\u00e4se probieren und mehr \u00fcber die K\u00e4seproduktion auf traditionelle Weise erfahren.<\/span><\/p>\n<p>Telefon: <a href=\"tel:+38551851351\">+385 51 851 351<\/a><br \/>\nMobil: <a href=\"tel:+385989251624\">+385 98 925 1624<\/a><br \/>\nE-mail: <a href=\"mailto:mirjenko.mrakovcic@ri.t-com.hr\">mirjenko.mrakovcic@ri.t-com.hr<\/a><\/p>\n<p>Adresse: Ulica 17. travnja 9, 51517 Korni\u0107[\/vc_column_text][vc_column_text][\/vc_column_text][\/vc_column][vc_column width=&#8221;1\/2&#8243;]<div class=\"mkdf-image-gallery\">\n\t<div class=\"mkdf-image-gallery-slider \" data-autoplay=\"3\" data-animation=\"slide\" data-navigation=\"yes\" data-pagination=\"yes\">\n\t\t\t\t\t\t\t\t\t<img src=\"https:\/\/experiencekrk.com\/wp-content\/uploads\/2019\/05\/City-of-Krk-Krk-cheese-2-600x400.jpg\" alt=\"\" width=\"600\" height=\"400\" \/>\t\t\t\t\t\t\t\t\t\t\t\t\t<img src=\"https:\/\/experiencekrk.com\/wp-content\/uploads\/2019\/05\/City-of-Krk-krk-cheese-600x400.jpg\" alt=\"\" width=\"600\" height=\"400\" \/>\t\t\t\t\t\t\t\t\t\t\t\t\t<img src=\"https:\/\/experiencekrk.com\/wp-content\/uploads\/2019\/05\/City-of-Krk-Krk-cheese-3-600x400.jpg\" alt=\"\" width=\"600\" height=\"400\" \/>\t\t\t\t\t\t\t<\/div>\n<\/div>[\/vc_column][\/vc_row][vc_row][vc_column][vc_empty_space height=&#8221;10px&#8221;]<div class=\"mkdf-section-title-holder\">\n\t<h1 class=\"mkdf-section-title mkdf-section-title-small\" >\n\tStandort<\/h1>\n<\/div>[vc_row_inner][vc_column_inner][vc_raw_html]JTNDaWZyYW1lJTIwc3JjJTNEJTIyaHR0cHMlM0ElMkYlMkZ3d3cuZ29vZ2xlLmNvbSUyRm1hcHMlMkZlbWJlZCUzRnBiJTNEJTIxMW0xOCUyMTFtMTIlMjExbTMlMjExZDQyMjc2LjEyNDczOTMxMjU1JTIxMmQxNC41ODg5NzIzMjIzMTc4NDUlMjEzZDQ1LjAzMTgyMDI2MTIwMjU4JTIxMm0zJTIxMWYwJTIxMmYwJTIxM2YwJTIxM20yJTIxMWkxMDI0JTIxMmk3NjglMjE0ZjEzLjElMjEzbTMlMjExbTIlMjExczB4NDc2MzczYzQ5M2U0N2M0MSUyNTNBMHhkZGY0NjE4NTU3NTRkZmY3JTIxMnNPQlJUJTJCT0JJVEVMSlNLTyUyQlBPTEpPUFJJVlJFRE5PJTJCR09TUE9EQVJTVFZPJTJCTUFHUkklMjVDNSUyNUJEJTI1MkMlMkJWTC4lMkJNSVJKRU5LTyUyQk1SQUtPViUyNUM0JTI1OENJJTI1QzQlMjU4NiUyMTVlMCUyMTNtMiUyMTFzZW4lMjEyc2hyJTIxNHYxNTU1NDA2ODg2NTcwJTIxNW0yJTIxMXNlbiUyMTJzaHIlMjIlMjB3aWR0aCUzRCUyMjEyMDAlMjIlMjBoZWlnaHQlM0QlMjIzNTAlMjIlMjBmcmFtZWJvcmRlciUzRCUyMjAlMjIlMjBzdHlsZSUzRCUyMmJvcmRlciUzQTAlMjIlMjBhbGxvd2Z1bGxzY3JlZW4lM0UlM0MlMkZpZnJhbWUlM0U=[\/vc_raw_html][\/vc_column_inner][\/vc_row_inner][\/vc_column][\/vc_row]<\/p>\n","protected":false},"excerpt":{"rendered":"<p>[vc_row][vc_column][\/vc_column][\/vc_row][vc_row][vc_column width=&#8221;1\/2&#8243;][vc_column_text]Die Molkerei Magri\u017e stellt den authentischen Krker K\u00e4se her &#8211; Kuh- und Schafsk\u00e4se mit dem reichen Geschmack der Heilkr\u00e4uter, auf denen die Tiere auf der Insel Krk grasen. In der Molkerei Magri\u017e k\u00f6nnen Sie verschiedene Geschmacksrichtungen von hausgemachtem Kuh- und Schafsmilchk\u00e4se probieren und mehr \u00fcber die K\u00e4seproduktion auf traditionelle Weise erfahren. Telefon: +385 51 851 351 Mobil: +385 98 925 1624 E-mail: mirjenko.mrakovcic@ri.t-com.hr Adresse: Ulica 17. travnja 9, 51517 Korni\u0107[\/vc_column_text][vc_column_text][\/vc_column_text][\/vc_column][vc_column width=&#8221;1\/2&#8243;][\/vc_column][\/vc_row][vc_row][vc_column][vc_empty_space height=&#8221;10px&#8221;][vc_row_inner][vc_column_inner][vc_raw_html]JTNDaWZyYW1lJTIwc3JjJTNEJTIyaHR0cHMlM0ElMkYlMkZ3d3cuZ29vZ2xlLmNvbSUyRm1hcHMlMkZlbWJlZCUzRnBiJTNEJTIxMW0xOCUyMTFtMTIlMjExbTMlMjExZDQyMjc2LjEyNDczOTMxMjU1JTIxMmQxNC41ODg5NzIzMjIzMTc4NDUlMjEzZDQ1LjAzMTgyMDI2MTIwMjU4JTIxMm0zJTIxMWYwJTIxMmYwJTIxM2YwJTIxM20yJTIxMWkxMDI0JTIxMmk3NjglMjE0ZjEzLjElMjEzbTMlMjExbTIlMjExczB4NDc2MzczYzQ5M2U0N2M0MSUyNTNBMHhkZGY0NjE4NTU3NTRkZmY3JTIxMnNPQlJUJTJCT0JJVEVMSlNLTyUyQlBPTEpPUFJJVlJFRE5PJTJCR09TUE9EQVJTVFZPJTJCTUFHUkklMjVDNSUyNUJEJTI1MkMlMkJWTC4lMkJNSVJKRU5LTyUyQk1SQUtPViUyNUM0JTI1OENJJTI1QzQlMjU4NiUyMTVlMCUyMTNtMiUyMTFzZW4lMjEyc2hyJTIxNHYxNTU1NDA2ODg2NTcwJTIxNW0yJTIxMXNlbiUyMTJzaHIlMjIlMjB3aWR0aCUzRCUyMjEyMDAlMjIlMjBoZWlnaHQlM0QlMjIzNTAlMjIlMjBmcmFtZWJvcmRlciUzRCUyMjAlMjIlMjBzdHlsZSUzRCUyMmJvcmRlciUzQTAlMjIlMjBhbGxvd2Z1bGxzY3JlZW4lM0UlM0MlMkZpZnJhbWUlM0U=[\/vc_raw_html][\/vc_column_inner][\/vc_row_inner][\/vc_column][\/vc_row]<\/p>\n","protected":false},"author":1,"featured_media":0,"parent":8510,"menu_order":0,"comment_status":"closed","ping_status":"closed","template":"","meta":[],"yoast_head":"<!-- This site is optimized with the Yoast SEO plugin v16.0.1 - https:\/\/yoast.com\/wordpress\/plugins\/seo\/ -->\n<title>Krker K\u00e4se - einheimischer K\u00e4se aus Krk - Experience Krk<\/title>\n<link rel=\"canonical\" href=\"https:\/\/experiencekrk.com\/de\/essen-und-wein\/krker-kaese-einheimischer-kaese-aus-krk\/\" \/>\n<meta property=\"og:locale\" content=\"de_DE\" \/>\n<meta property=\"og:type\" content=\"article\" \/>\n<meta property=\"og:title\" content=\"Krker K\u00e4se - einheimischer K\u00e4se aus Krk - Experience Krk\" \/>\n<meta property=\"og:description\" content=\"[vc_row][vc_column][\/vc_column][\/vc_row][vc_row][vc_column width=&#8221;1\/2&#8243;][vc_column_text]Die Molkerei Magri\u017e stellt den authentischen Krker K\u00e4se her &#8211; Kuh- und Schafsk\u00e4se mit dem reichen Geschmack der Heilkr\u00e4uter, auf denen die Tiere auf der Insel Krk grasen. In der Molkerei Magri\u017e k\u00f6nnen Sie verschiedene Geschmacksrichtungen von hausgemachtem Kuh- und Schafsmilchk\u00e4se probieren und mehr \u00fcber die K\u00e4seproduktion auf traditionelle Weise erfahren. Telefon: +385 51 851 351 Mobil: +385 98 925 1624 E-mail: mirjenko.mrakovcic@ri.t-com.hr Adresse: Ulica 17. travnja 9, 51517 Korni\u0107[\/vc_column_text][vc_column_text][\/vc_column_text][\/vc_column][vc_column width=&#8221;1\/2&#8243;][\/vc_column][\/vc_row][vc_row][vc_column][vc_empty_space height=&#8221;10px&#8221;][vc_row_inner][vc_column_inner][vc_raw_html]JTNDaWZyYW1lJTIwc3JjJTNEJTIyaHR0cHMlM0ElMkYlMkZ3d3cuZ29vZ2xlLmNvbSUyRm1hcHMlMkZlbWJlZCUzRnBiJTNEJTIxMW0xOCUyMTFtMTIlMjExbTMlMjExZDQyMjc2LjEyNDczOTMxMjU1JTIxMmQxNC41ODg5NzIzMjIzMTc4NDUlMjEzZDQ1LjAzMTgyMDI2MTIwMjU4JTIxMm0zJTIxMWYwJTIxMmYwJTIxM2YwJTIxM20yJTIxMWkxMDI0JTIxMmk3NjglMjE0ZjEzLjElMjEzbTMlMjExbTIlMjExczB4NDc2MzczYzQ5M2U0N2M0MSUyNTNBMHhkZGY0NjE4NTU3NTRkZmY3JTIxMnNPQlJUJTJCT0JJVEVMSlNLTyUyQlBPTEpPUFJJVlJFRE5PJTJCR09TUE9EQVJTVFZPJTJCTUFHUkklMjVDNSUyNUJEJTI1MkMlMkJWTC4lMkJNSVJKRU5LTyUyQk1SQUtPViUyNUM0JTI1OENJJTI1QzQlMjU4NiUyMTVlMCUyMTNtMiUyMTFzZW4lMjEyc2hyJTIxNHYxNTU1NDA2ODg2NTcwJTIxNW0yJTIxMXNlbiUyMTJzaHIlMjIlMjB3aWR0aCUzRCUyMjEyMDAlMjIlMjBoZWlnaHQlM0QlMjIzNTAlMjIlMjBmcmFtZWJvcmRlciUzRCUyMjAlMjIlMjBzdHlsZSUzRCUyMmJvcmRlciUzQTAlMjIlMjBhbGxvd2Z1bGxzY3JlZW4lM0UlM0MlMkZpZnJhbWUlM0U=[\/vc_raw_html][\/vc_column_inner][\/vc_row_inner][\/vc_column][\/vc_row]\" \/>\n<meta property=\"og:url\" content=\"https:\/\/experiencekrk.com\/de\/essen-und-wein\/krker-kaese-einheimischer-kaese-aus-krk\/\" \/>\n<meta property=\"og:site_name\" content=\"Experience Krk\" \/>\n<meta property=\"article:modified_time\" content=\"2020-01-28T18:02:27+00:00\" \/>\n<meta name=\"twitter:card\" content=\"summary_large_image\" \/>\n<meta name=\"twitter:label1\" content=\"Gesch\u00e4tzte Lesezeit\">\n\t<meta name=\"twitter:data1\" content=\"1\u00a0Minute\">\n<script type=\"application\/ld+json\" class=\"yoast-schema-graph\">{\"@context\":\"https:\/\/schema.org\",\"@graph\":[{\"@type\":\"WebSite\",\"@id\":\"https:\/\/experiencekrk.com\/#website\",\"url\":\"https:\/\/experiencekrk.com\/\",\"name\":\"Experience Krk\",\"description\":\"Cultural Tours, Food &amp; Wine and more\",\"potentialAction\":[{\"@type\":\"SearchAction\",\"target\":\"https:\/\/experiencekrk.com\/?s={search_term_string}\",\"query-input\":\"required name=search_term_string\"}],\"inLanguage\":\"de\"},{\"@type\":\"WebPage\",\"@id\":\"https:\/\/experiencekrk.com\/de\/essen-und-wein\/krker-kaese-einheimischer-kaese-aus-krk\/#webpage\",\"url\":\"https:\/\/experiencekrk.com\/de\/essen-und-wein\/krker-kaese-einheimischer-kaese-aus-krk\/\",\"name\":\"Krker K\\u00e4se - einheimischer K\\u00e4se aus Krk - Experience Krk\",\"isPartOf\":{\"@id\":\"https:\/\/experiencekrk.com\/#website\"},\"datePublished\":\"2019-04-16T09:25:46+00:00\",\"dateModified\":\"2020-01-28T18:02:27+00:00\",\"breadcrumb\":{\"@id\":\"https:\/\/experiencekrk.com\/de\/essen-und-wein\/krker-kaese-einheimischer-kaese-aus-krk\/#breadcrumb\"},\"inLanguage\":\"de\",\"potentialAction\":[{\"@type\":\"ReadAction\",\"target\":[\"https:\/\/experiencekrk.com\/de\/essen-und-wein\/krker-kaese-einheimischer-kaese-aus-krk\/\"]}]},{\"@type\":\"BreadcrumbList\",\"@id\":\"https:\/\/experiencekrk.com\/de\/essen-und-wein\/krker-kaese-einheimischer-kaese-aus-krk\/#breadcrumb\",\"itemListElement\":[{\"@type\":\"ListItem\",\"position\":1,\"item\":{\"@type\":\"WebPage\",\"@id\":\"https:\/\/experiencekrk.com\/de\/\",\"url\":\"https:\/\/experiencekrk.com\/de\/\",\"name\":\"Home\"}},{\"@type\":\"ListItem\",\"position\":2,\"item\":{\"@type\":\"WebPage\",\"@id\":\"https:\/\/experiencekrk.com\/de\/essen-und-wein\/\",\"url\":\"https:\/\/experiencekrk.com\/de\/essen-und-wein\/\",\"name\":\"Essen &#038; Wein\"}},{\"@type\":\"ListItem\",\"position\":3,\"item\":{\"@type\":\"WebPage\",\"@id\":\"https:\/\/experiencekrk.com\/de\/essen-und-wein\/krker-kaese-einheimischer-kaese-aus-krk\/\",\"url\":\"https:\/\/experiencekrk.com\/de\/essen-und-wein\/krker-kaese-einheimischer-kaese-aus-krk\/\",\"name\":\"Krker K\\u00e4se &#8211; einheimischer K\\u00e4se aus Krk\"}}]}]}<\/script>\n<!-- \/ Yoast SEO plugin. -->","_links":{"self":[{"href":"https:\/\/experiencekrk.com\/de\/wp-json\/wp\/v2\/pages\/8523"}],"collection":[{"href":"https:\/\/experiencekrk.com\/de\/wp-json\/wp\/v2\/pages"}],"about":[{"href":"https:\/\/experiencekrk.com\/de\/wp-json\/wp\/v2\/types\/page"}],"author":[{"embeddable":true,"href":"https:\/\/experiencekrk.com\/de\/wp-json\/wp\/v2\/users\/1"}],"replies":[{"embeddable":true,"href":"https:\/\/experiencekrk.com\/de\/wp-json\/wp\/v2\/comments?post=8523"}],"version-history":[{"count":2,"href":"https:\/\/experiencekrk.com\/de\/wp-json\/wp\/v2\/pages\/8523\/revisions"}],"predecessor-version":[{"id":8525,"href":"https:\/\/experiencekrk.com\/de\/wp-json\/wp\/v2\/pages\/8523\/revisions\/8525"}],"up":[{"embeddable":true,"href":"https:\/\/experiencekrk.com\/de\/wp-json\/wp\/v2\/pages\/8510"}],"wp:attachment":[{"href":"https:\/\/experiencekrk.com\/de\/wp-json\/wp\/v2\/media?parent=8523"}],"curies":[{"name":"wp","href":"https:\/\/api.w.org\/{rel}","templated":true}]}}