{"id":8510,"date":"2019-04-15T09:39:28","date_gmt":"2019-04-15T09:39:28","guid":{"rendered":"https:\/\/experiencekrk.com\/food-and-wine\/"},"modified":"2024-03-10T21:21:23","modified_gmt":"2024-03-10T21:21:23","slug":"essen-und-wein","status":"publish","type":"page","link":"https:\/\/experiencekrk.com\/de\/essen-und-wein\/","title":{"rendered":"Essen &#038; Wein"},"content":{"rendered":"<p>[vc_row][vc_column]<div class=\"mkdf-section-title-holder\">\n\t<h1 class=\"mkdf-section-title mkdf-section-title-medium\" >\n\tEssen &amp; Wein<\/h1>\n<\/div>[vc_column_text]<span style=\"font-weight: 400;\">Die Insel Krk ist bekannt f\u00fcr ihre gastronomischen K\u00f6stlichkeiten &#8211; Schinken und K\u00e4se, frischen Fisch und Scampi, hausgemachte lokale Pasta \u0161urlice und das k\u00f6stliche einheimische Lamm. Die K\u00fcche in dieser Gegend basiert auf dem frischen Gem\u00fcse und Obst, das man auf dem einheimischen Markt kaufen kann, wo man es direkt von den kleinen lokalen Bauern bekommt. In den authentischen Stein- und Holztavernen k\u00f6nnen Sie auch die lokalen Spezialit\u00e4ten genie\u00dfen, die mit dem lokalen Wein \u017dlahtina serviert werden.<\/span><\/p>\n<p><span style=\"font-weight: 400;\">Die Insel ist auch f\u00fcr die Herstellung einiger der besten Oliven\u00f6le der Region beliebt. In den hiesigen B\u00e4ckereien k\u00f6nnen Sie die frittierten K\u00f6stlichkeiten Fritule, Kro\u0161tule und eine der beliebtesten S\u00fc\u00dfigkeiten der Insel &#8211; den unwiderstehlichen Kuchen Kr\u010dka kneginja (die Krker Prinzessin) &#8211; probieren.<\/span>[\/vc_column_text][vc_empty_space height=&#8221;60px&#8221;][\/vc_column][\/vc_row][vc_row][vc_column][vc_row_inner][vc_column_inner width=&#8221;1\/3&#8243;][vc_single_image image=&#8221;3537&#8243; img_size=&#8221;full&#8221; alignment=&#8221;center&#8221; style=&#8221;vc_box_rounded&#8221; onclick=&#8221;custom_link&#8221; link=&#8221;https:\/\/experiencekrk.com\/de\/essen-und-wein\/nono-house-des-olivenoels\/&#8221;][vc_column_text el_class=&#8221;custom-tour-text&#8221;]<\/p>\n<p style=\"text-align: center;\"><a href=\"https:\/\/experiencekrk.com\/de\/essen-und-wein\/nono-house-des-olivenoels\/\"><span style=\"color: #870337;\"><strong>Nono House of Olive Oil<\/strong><\/span><\/a><\/p>\n<p>[\/vc_column_text][\/vc_column_inner][vc_column_inner width=&#8221;1\/3&#8243;][vc_single_image image=&#8221;5819&#8243; img_size=&#8221;full&#8221; alignment=&#8221;center&#8221; style=&#8221;vc_box_rounded&#8221; onclick=&#8221;custom_link&#8221; link=&#8221;https:\/\/experiencekrk.com\/de\/essen-und-wein\/house-of-krks-prosciutto\/&#8221;][vc_column_text el_class=&#8221;custom-tour-text&#8221;]<\/p>\n<p style=\"text-align: center;\"><a href=\"https:\/\/experiencekrk.com\/de\/essen-und-wein\/house-of-krks-prosciutto\/\"><span style=\"color: #870337;\"><strong>Krk Prosciutto (Schinken)<\/strong><\/span><\/a><\/p>\n<p>[\/vc_column_text][\/vc_column_inner][vc_column_inner width=&#8221;1\/3&#8243;][vc_single_image image=&#8221;5676&#8243; img_size=&#8221;full&#8221; alignment=&#8221;center&#8221; style=&#8221;vc_box_rounded&#8221; onclick=&#8221;custom_link&#8221; link=&#8221;https:\/\/experiencekrk.com\/de\/essen-und-wein\/krker-kaese-einheimischer-kaese-aus-krk\/&#8221;][vc_column_text el_class=&#8221;custom-tour-text&#8221;]<\/p>\n<p style=\"text-align: center;\"><a href=\"https:\/\/experiencekrk.com\/de\/essen-und-wein\/krker-kaese-einheimischer-kaese-aus-krk\/\"><span style=\"color: #870337;\"><strong>Krk-K\u00e4se<\/strong><\/span><\/a><\/p>\n<p>[\/vc_column_text][\/vc_column_inner][\/vc_row_inner][vc_empty_space el_class=&#8221;two-row-divider&#8221;][vc_row_inner][vc_column_inner width=&#8221;1\/3&#8243;][vc_single_image image=&#8221;3535&#8243; img_size=&#8221;full&#8221; alignment=&#8221;center&#8221; style=&#8221;vc_box_rounded&#8221; onclick=&#8221;custom_link&#8221; link=&#8221;https:\/\/experiencekrk.com\/de\/essen-und-wein\/einheimische-hausgemachte-nudeln\/&#8221;][vc_column_text el_class=&#8221;custom-tour-text&#8221;]<\/p>\n<p style=\"text-align: center;\"><a href=\"https:\/\/experiencekrk.com\/de\/essen-und-wein\/einheimische-hausgemachte-nudeln\/\"><span style=\"color: #870337;\"><strong><span style=\"font-weight: 400;\"><strong>Einheimische hausgemachte Nudeln<\/strong><\/span><\/strong><\/span><\/a><\/p>\n<p>[\/vc_column_text][\/vc_column_inner][vc_column_inner width=&#8221;1\/3&#8243;][vc_single_image image=&#8221;5820&#8243; img_size=&#8221;full&#8221; alignment=&#8221;center&#8221; style=&#8221;vc_box_rounded&#8221; onclick=&#8221;custom_link&#8221; link=&#8221;https:\/\/experiencekrk.com\/de\/familienurlaub\/agrotourismus-dvori-sv-jurja\/&#8221;][vc_column_text el_class=&#8221;custom-tour-text&#8221;]<\/p>\n<p style=\"text-align: center;\"><a href=\"https:\/\/experiencekrk.com\/de\/familienurlaub\/agrotourismus-dvori-sv-jurja\/\"><span style=\"color: #870337;\"><strong>Agrotourismus Dvori Sv. Jurja<\/strong><\/span><\/a><\/p>\n<p>[\/vc_column_text][\/vc_column_inner][vc_column_inner width=&#8221;1\/3&#8243;][vc_single_image image=&#8221;3701&#8243; img_size=&#8221;full&#8221; alignment=&#8221;center&#8221; style=&#8221;vc_box_rounded&#8221; onclick=&#8221;custom_link&#8221; link=&#8221;https:\/\/experiencekrk.com\/de\/essen-und-wein\/lokale-weingueter\/&#8221;][vc_column_text el_class=&#8221;custom-tour-text&#8221;]<\/p>\n<p style=\"text-align: center;\"><strong><a href=\"https:\/\/experiencekrk.com\/de\/essen-und-wein\/lokale-weingueter\/\"><span style=\"color: #870337;\">Lokale Weing\u00fcter<\/span><\/a><\/strong><\/p>\n<p>[\/vc_column_text][\/vc_column_inner][\/vc_row_inner][vc_empty_space el_class=&#8221;two-row-divider&#8221;][vc_row_inner][vc_column_inner width=&#8221;1\/3&#8243;][vc_single_image image=&#8221;5786&#8243; img_size=&#8221;full&#8221; alignment=&#8221;center&#8221; style=&#8221;vc_box_rounded&#8221; onclick=&#8221;custom_link&#8221; link=&#8221;https:\/\/experiencekrk.com\/food-and-wine\/local-taverns\/&#8221;][vc_column_text el_class=&#8221;custom-tour-text&#8221;]<\/p>\n<p style=\"text-align: center;\"><a href=\"https:\/\/experiencekrk.com\/de\/essen-und-wein\/lokale-tavernen\/\"><span style=\"color: #870337;\"><strong><span style=\"font-weight: 400;\"><strong>Lokale Tavernen<\/strong><\/span><\/strong><\/span><\/a><\/p>\n<p>[\/vc_column_text][\/vc_column_inner][vc_column_inner width=&#8221;1\/3&#8243;][vc_single_image image=&#8221;5798&#8243; img_size=&#8221;full&#8221; alignment=&#8221;center&#8221; style=&#8221;vc_box_rounded&#8221; onclick=&#8221;custom_link&#8221; link=&#8221;https:\/\/experiencekrk.com\/food-and-wine\/local-food-wine-bars\/&#8221;][vc_column_text el_class=&#8221;custom-tour-text&#8221;]<\/p>\n<p style=\"text-align: center;\"><strong><a href=\"https:\/\/experiencekrk.com\/de\/essen-und-wein\/lokale-essens-und-weinbars\/\"><span style=\"color: #870337;\">Lokale Essens- und Weinbars<\/span><\/a><\/strong><\/p>\n<p>[\/vc_column_text][\/vc_column_inner][vc_column_inner width=&#8221;1\/3&#8243;][vc_single_image image=&#8221;5807&#8243; img_size=&#8221;full&#8221; alignment=&#8221;center&#8221; style=&#8221;vc_box_rounded&#8221; onclick=&#8221;custom_link&#8221; link=&#8221;https:\/\/experiencekrk.com\/food-and-wine\/food-festivals\/&#8221;][vc_column_text el_class=&#8221;custom-tour-text&#8221;]<\/p>\n<p style=\"text-align: center;\"><a href=\"https:\/\/experiencekrk.com\/de\/essen-und-wein\/kulinarische-festivals\/\"><span style=\"color: #870337;\"><strong><span style=\"font-weight: 400;\"><strong>Kuliniarische Festivals<\/strong><\/span><\/strong><\/span><\/a><\/p>\n<p>[\/vc_column_text][\/vc_column_inner][\/vc_row_inner][\/vc_column][\/vc_row][vc_row][vc_column][vc_empty_space el_class=&#8221;two-row-divider&#8221;]<div class=\"mkdf-separator-holder clearfix  mkdf-separator-center mkdf-separator-full-width\">\n\t<div class=\"mkdf-separator\" style=\"border-color: #ebebeb;border-style: solid;border-bottom-width: 1px;margin-top: 20px;margin-bottom: 45px\"><\/div>\n<\/div>\n<div class=\"mkdf-section-title-holder\">\n\t<h1 class=\"mkdf-section-title mkdf-section-title-medium\" >\n\tEmpfohlene Touren<\/h1>\n<\/div><div class=\"mkdf-tours-list-holder mkdf-tours-gallery-with-hover\">\n\t\t\t\t\t\t<div class=\"mkdf-tours-list-pagination-data\">\n\t\t\t\t<input type=\"hidden\" name=\"order_by\" value=\"menu_order\">\n\t\t\t\t<input type=\"hidden\" name=\"order\" value=\"ASC\">\n\t\t\t\t<input type=\"hidden\" name=\"tour_category\" value=\"culinary-tours\">\n\t\t\t\t<input type=\"hidden\" name=\"number\" value=\"2\">\n\t\t\t\t<input type=\"hidden\" name=\"thumb_size\" value=\"voyage_landscape\">\n\t\t\t\t<input type=\"hidden\" name=\"next_page\" value=\"2\">\n\t\t\t\t<input type=\"hidden\" name=\"tour_type\" value=\"standard\">\n\t\t\t\t<input type=\"hidden\" name=\"image_size\" value=\"landscape\">\n\t\t\t\t<input type=\"hidden\" name=\"text_length\" value=\"90\">\n\t\t\t<\/div>\n\t\t\n\t\t\n\t\t<div class=\"mkdf-tours-list-holder-inner mkdf-two-items\">\n\n\t\t\t\t\n\t<div class=\"mkdf-tour-list-item-inner post-8771 tour-item type-tour-item status-publish has-post-thumbnail hentry tour-category-essen-wein-touren tour-category-wochenend-ausflug\">\n\t\t<div class=\"mkdf-tours-standard-item post-8771 tour-item type-tour-item status-publish has-post-thumbnail hentry tour-category-essen-wein-touren tour-category-wochenend-ausflug\">\n\t\t\t<div class=\"mkdf-tours-standard-item-image-holder\">\n\t\t\t<a href=\"https:\/\/experiencekrk.com\/de\/tour-item\/olivenoel-verkostung\/\">\n\t\t\t\t<img width=\"600\" height=\"400\" src=\"https:\/\/experiencekrk.com\/wp-content\/uploads\/2019\/04\/Experience-Krk-Olive-oil-tasting-.jpg\" class=\"attachment-voyage_landscape size-voyage_landscape wp-post-image\" alt=\"\" loading=\"lazy\" srcset=\"https:\/\/experiencekrk.com\/wp-content\/uploads\/2019\/04\/Experience-Krk-Olive-oil-tasting-.jpg 600w, https:\/\/experiencekrk.com\/wp-content\/uploads\/2019\/04\/Experience-Krk-Olive-oil-tasting--300x200.jpg 300w\" sizes=\"(max-width: 600px) 100vw, 600px\" \/>\n\t\t\t\t\t\t\t\t\t<span class=\"mkdf-tours-standard-item-label-holder\">\n\t\t\t\t\t\t\n\t\t<span class=\"mkdf-tour-item-label\">\n\t\t\t<span class=\"mkdf-tour-item-label-inner\">\n\t\t\t\t\t\t\t<\/span>\n\t\t<\/span>\n\n\t\t\t\t\t\t\t<\/span>\n\t\t\t\t\t\t\t<\/a>\n\t\t<\/div>\n\t\n\t<div class=\"mkdf-tours-standard-item-content-holder\">\n\t\t<div class=\"mkdf-tours-standard-item-title-price-holder\">\n\t\t\t<h5 class=\"mkdf-tour-title\" >\n\t\t\t\t<a href=\"https:\/\/experiencekrk.com\/de\/tour-item\/olivenoel-verkostung\/\">Oliven\u00f6l Verkostung<\/a>\n\n\t\t\t\t<span class=\"mkdf-tours-standard-item-price-holder\">\n\t\t\t\t\t\n\t\t<span class=\"mkdf-tours-price-holder\">\n\t\t\t\t\t\t\t<span class=\"mkdf-tours-item-price\">$1<\/span>\n\t\t\t\t\t\t\t\t<\/span>\n\n\t\t\t\t\t\t<\/span>\n\n\t\t\t<\/h5>\n\t\t<\/div>\n\n\t\t<div class=\"mkdf-tours-standard-item-rating\">\n\t\t\t\n\t\t\n\t\t\t\t<\/div>\n\n\t\t\t\t\t<div class=\"mkdf-tours-standard-item-excerpt\">\n\t\t\t\t[vc_row][vc_column][vc_column_text]Die Insel Krk ist f\u00fcr seine Produktion von Oliven\u00f6l bekannt. Erkunden Sie die Themenwege entlang der Goldenen Tropfen des Krker Schatzes. Erfahren Sie mehr \u00fcber die Herstellung dieser Delikatesse und besuchen Sie das Nono House of Olive Oil. Sie bieten eine Oliven\u00f6lverkostung an, bei der Sie verschiedene Geschmacksrichtungen ausprobieren k\u00f6nnen. Und am Ende der Verkostungstour k\u00f6nnen Sie diese Produkte in ihrem Gesch\u00e4ft kaufen. Jedes Jahr von Oktober bis zum 12. Dezember findet die traditionelle Olivenernte auf der Insel statt. Jede Olive wird von Hand gepfl\u00fcckt und w\u00e4hrend der Ernte gibt...\t\t\t<\/div>\n\t\t\n\t\t<div class=\"mkdf-tours-standard-item-bottom-content\">\n\t\t\t\t\t\t\t<div class=\"mkdf-tours-standard-item-bottom-item\">\n\t\t\t\t\t\n\t\t\n\t\t\t<div class=\"mkdf-tour-duration-holder\">\n\t\t\t    <span class=\"mkdf-tour-duration-icon mkdf-tour-info-icon\">\n\t\t\t\t\t<span class=\"lnr lnr-undo\"><\/span>\n\t\t\t    <\/span>\n\t\t\t\t<span class=\"mkdf-tour-info-label\">\n\t\t\t\t\t1\t\t\t\t<\/span>\n\t\t\t<\/div>\n\n\t\t\n\t\t\t\t\t\t<\/div>\n\t\t\t\n\t\t\t\t\t\t\t<div class=\"mkdf-tours-standard-item-bottom-item\">\n\t\t\t\t\t\n\t\t\n\t\t\t<div class=\"mkdf-tour-min-age-holder\">\n\t\t\t    <span class=\"mkdf-tour-min-age-icon mkdf-tour-info-icon\">\n\t\t\t\t    <span class=\"lnr lnr-user\"><\/span>\n\t\t\t    <\/span>\n\n\t\t\t\t<span class=\"mkdf-tour-info-label\">\n\t\t\t\t\t1+\n\t\t\t\t\t\t\t\t\t<\/span>\n\t\t\t<\/div>\n\n\t\t\n\t\t\t\t\t\t<\/div>\n\t\t\t\t\t<\/div>\n\t<\/div>\n<\/div>\t<\/div>\n\t\n\t<div class=\"mkdf-tour-list-item-inner post-8756 tour-item type-tour-item status-publish has-post-thumbnail hentry tour-category-essen-wein-touren tour-category-romantischer-ausflug\">\n\t\t<div class=\"mkdf-tours-standard-item post-8756 tour-item type-tour-item status-publish has-post-thumbnail hentry tour-category-essen-wein-touren tour-category-romantischer-ausflug\">\n\t\t\t<div class=\"mkdf-tours-standard-item-image-holder\">\n\t\t\t<a href=\"https:\/\/experiencekrk.com\/de\/tour-item\/wein-speisenverkostungstour\/\">\n\t\t\t\t<img width=\"600\" height=\"400\" src=\"https:\/\/experiencekrk.com\/wp-content\/uploads\/2019\/04\/Experience-Krk-Food-and-Wine-image.jpg\" class=\"attachment-voyage_landscape size-voyage_landscape wp-post-image\" alt=\"\" loading=\"lazy\" srcset=\"https:\/\/experiencekrk.com\/wp-content\/uploads\/2019\/04\/Experience-Krk-Food-and-Wine-image.jpg 600w, https:\/\/experiencekrk.com\/wp-content\/uploads\/2019\/04\/Experience-Krk-Food-and-Wine-image-300x200.jpg 300w\" sizes=\"(max-width: 600px) 100vw, 600px\" \/>\n\t\t\t\t\t\t\t\t\t<span class=\"mkdf-tours-standard-item-label-holder\">\n\t\t\t\t\t\t\n\t\t<span class=\"mkdf-tour-item-label\">\n\t\t\t<span class=\"mkdf-tour-item-label-inner\">\n\t\t\t\t\t\t\t<\/span>\n\t\t<\/span>\n\n\t\t\t\t\t\t\t<\/span>\n\t\t\t\t\t\t\t<\/a>\n\t\t<\/div>\n\t\n\t<div class=\"mkdf-tours-standard-item-content-holder\">\n\t\t<div class=\"mkdf-tours-standard-item-title-price-holder\">\n\t\t\t<h5 class=\"mkdf-tour-title\" >\n\t\t\t\t<a href=\"https:\/\/experiencekrk.com\/de\/tour-item\/wein-speisenverkostungstour\/\">Wein- &#038; Speisenverkostungstour<\/a>\n\n\t\t\t\t<span class=\"mkdf-tours-standard-item-price-holder\">\n\t\t\t\t\t\n\t\t<span class=\"mkdf-tours-price-holder\">\n\t\t\t\t\t\t\t<span class=\"mkdf-tours-item-price\">$1<\/span>\n\t\t\t\t\t\t\t\t<\/span>\n\n\t\t\t\t\t\t<\/span>\n\n\t\t\t<\/h5>\n\t\t<\/div>\n\n\t\t<div class=\"mkdf-tours-standard-item-rating\">\n\t\t\t\n\t\t\n\t\t\t\t<\/div>\n\n\t\t\t\t\t<div class=\"mkdf-tours-standard-item-excerpt\">\n\t\t\t\t[vc_row][vc_column][vc_column_text]Die Insel Krk wird wegen ihrer gastronomischen K\u00f6stlichkeiten aus der R\u00f6merzeit auch die Goldene Insel genannt. Besuchen Sie lokale Tavernen und probieren Sie authentische lokale Spezialit\u00e4ten. Der Krker Schinken ist durch eine geographische Bezeichnung gesch\u00fctzt und ist heute in zahlreichen Restaurants auf der Insel zu finden. Im Haus des Krker Schinkens k\u00f6nnen Sie sehen, wie diese gastronomische K\u00f6stlichkeit hergestellt wird, mehr \u00fcber die lange Familientradition in der Schinkensortenherstellung erfahren und den k\u00f6stlichen Schinken probieren. In der Molkerei Magri\u017e k\u00f6nnen Sie dann den authentischen Krker K\u00e4se mit dem reichen Geschmack der...\t\t\t<\/div>\n\t\t\n\t\t<div class=\"mkdf-tours-standard-item-bottom-content\">\n\t\t\t\t\t\t\t<div class=\"mkdf-tours-standard-item-bottom-item\">\n\t\t\t\t\t\n\t\t\n\t\t\t<div class=\"mkdf-tour-duration-holder\">\n\t\t\t    <span class=\"mkdf-tour-duration-icon mkdf-tour-info-icon\">\n\t\t\t\t\t<span class=\"lnr lnr-undo\"><\/span>\n\t\t\t    <\/span>\n\t\t\t\t<span class=\"mkdf-tour-info-label\">\n\t\t\t\t\t1\t\t\t\t<\/span>\n\t\t\t<\/div>\n\n\t\t\n\t\t\t\t\t\t<\/div>\n\t\t\t\n\t\t\t\t\t\t\t<div class=\"mkdf-tours-standard-item-bottom-item\">\n\t\t\t\t\t\n\t\t\n\t\t\t<div class=\"mkdf-tour-min-age-holder\">\n\t\t\t    <span class=\"mkdf-tour-min-age-icon mkdf-tour-info-icon\">\n\t\t\t\t    <span class=\"lnr lnr-user\"><\/span>\n\t\t\t    <\/span>\n\n\t\t\t\t<span class=\"mkdf-tour-info-label\">\n\t\t\t\t\t1+\n\t\t\t\t\t\t\t\t\t<\/span>\n\t\t\t<\/div>\n\n\t\t\n\t\t\t\t\t\t<\/div>\n\t\t\t\t\t<\/div>\n\t<\/div>\n<\/div>\t<\/div>\n\n\t\t\t<div class=\"mkdf-tours-list-grid-sizer\"><\/div>\n\t\t<\/div>\n\n\t\t\n\n\t\t<\/div>[\/vc_column][\/vc_row]<\/p>\n","protected":false},"excerpt":{"rendered":"<p>[vc_row][vc_column][vc_column_text]Die Insel Krk ist bekannt f\u00fcr ihre gastronomischen K\u00f6stlichkeiten &#8211; Schinken und K\u00e4se, frischen Fisch und Scampi, hausgemachte lokale Pasta \u0161urlice und das k\u00f6stliche einheimische Lamm. Die K\u00fcche in dieser Gegend basiert auf dem frischen Gem\u00fcse und Obst, das man auf dem einheimischen Markt kaufen kann, wo man es direkt von den kleinen lokalen Bauern bekommt. In den authentischen Stein- und Holztavernen k\u00f6nnen Sie auch die lokalen Spezialit\u00e4ten genie\u00dfen, die mit dem lokalen Wein \u017dlahtina serviert werden. Die Insel ist auch f\u00fcr die Herstellung einiger der besten Oliven\u00f6le der Region&#8230;<\/p>\n","protected":false},"author":1,"featured_media":0,"parent":0,"menu_order":0,"comment_status":"closed","ping_status":"closed","template":"","meta":[],"yoast_head":"<!-- This site is optimized with the Yoast SEO plugin v16.0.1 - https:\/\/yoast.com\/wordpress\/plugins\/seo\/ -->\n<title>Essen &amp; Wein - Experience Krk<\/title>\n<link rel=\"canonical\" href=\"https:\/\/experiencekrk.com\/de\/essen-und-wein\/\" \/>\n<meta property=\"og:locale\" content=\"de_DE\" \/>\n<meta property=\"og:type\" content=\"article\" \/>\n<meta property=\"og:title\" content=\"Essen &amp; Wein - Experience Krk\" \/>\n<meta property=\"og:description\" content=\"[vc_row][vc_column][vc_column_text]Die Insel Krk ist bekannt f\u00fcr ihre gastronomischen K\u00f6stlichkeiten &#8211; Schinken und K\u00e4se, frischen Fisch und Scampi, hausgemachte lokale Pasta \u0161urlice und das k\u00f6stliche einheimische Lamm. Die K\u00fcche in dieser Gegend basiert auf dem frischen Gem\u00fcse und Obst, das man auf dem einheimischen Markt kaufen kann, wo man es direkt von den kleinen lokalen Bauern bekommt. In den authentischen Stein- und Holztavernen k\u00f6nnen Sie auch die lokalen Spezialit\u00e4ten genie\u00dfen, die mit dem lokalen Wein \u017dlahtina serviert werden. Die Insel ist auch f\u00fcr die Herstellung einiger der besten Oliven\u00f6le der Region...\" \/>\n<meta property=\"og:url\" content=\"https:\/\/experiencekrk.com\/de\/essen-und-wein\/\" \/>\n<meta property=\"og:site_name\" content=\"Experience Krk\" \/>\n<meta property=\"article:modified_time\" content=\"2024-03-10T21:21:23+00:00\" \/>\n<meta name=\"twitter:card\" content=\"summary_large_image\" \/>\n<meta name=\"twitter:label1\" content=\"Gesch\u00e4tzte Lesezeit\">\n\t<meta name=\"twitter:data1\" content=\"2\u00a0Minuten\">\n<script type=\"application\/ld+json\" class=\"yoast-schema-graph\">{\"@context\":\"https:\/\/schema.org\",\"@graph\":[{\"@type\":\"WebSite\",\"@id\":\"https:\/\/experiencekrk.com\/#website\",\"url\":\"https:\/\/experiencekrk.com\/\",\"name\":\"Experience Krk\",\"description\":\"Cultural Tours, Food &amp; Wine and more\",\"potentialAction\":[{\"@type\":\"SearchAction\",\"target\":\"https:\/\/experiencekrk.com\/?s={search_term_string}\",\"query-input\":\"required name=search_term_string\"}],\"inLanguage\":\"de\"},{\"@type\":\"WebPage\",\"@id\":\"https:\/\/experiencekrk.com\/de\/essen-und-wein\/#webpage\",\"url\":\"https:\/\/experiencekrk.com\/de\/essen-und-wein\/\",\"name\":\"Essen & Wein - Experience Krk\",\"isPartOf\":{\"@id\":\"https:\/\/experiencekrk.com\/#website\"},\"datePublished\":\"2019-04-15T09:39:28+00:00\",\"dateModified\":\"2024-03-10T21:21:23+00:00\",\"breadcrumb\":{\"@id\":\"https:\/\/experiencekrk.com\/de\/essen-und-wein\/#breadcrumb\"},\"inLanguage\":\"de\",\"potentialAction\":[{\"@type\":\"ReadAction\",\"target\":[\"https:\/\/experiencekrk.com\/de\/essen-und-wein\/\"]}]},{\"@type\":\"BreadcrumbList\",\"@id\":\"https:\/\/experiencekrk.com\/de\/essen-und-wein\/#breadcrumb\",\"itemListElement\":[{\"@type\":\"ListItem\",\"position\":1,\"item\":{\"@type\":\"WebPage\",\"@id\":\"https:\/\/experiencekrk.com\/de\/\",\"url\":\"https:\/\/experiencekrk.com\/de\/\",\"name\":\"Home\"}},{\"@type\":\"ListItem\",\"position\":2,\"item\":{\"@type\":\"WebPage\",\"@id\":\"https:\/\/experiencekrk.com\/de\/essen-und-wein\/\",\"url\":\"https:\/\/experiencekrk.com\/de\/essen-und-wein\/\",\"name\":\"Essen &#038; Wein\"}}]}]}<\/script>\n<!-- \/ Yoast SEO plugin. -->","_links":{"self":[{"href":"https:\/\/experiencekrk.com\/de\/wp-json\/wp\/v2\/pages\/8510"}],"collection":[{"href":"https:\/\/experiencekrk.com\/de\/wp-json\/wp\/v2\/pages"}],"about":[{"href":"https:\/\/experiencekrk.com\/de\/wp-json\/wp\/v2\/types\/page"}],"author":[{"embeddable":true,"href":"https:\/\/experiencekrk.com\/de\/wp-json\/wp\/v2\/users\/1"}],"replies":[{"embeddable":true,"href":"https:\/\/experiencekrk.com\/de\/wp-json\/wp\/v2\/comments?post=8510"}],"version-history":[{"count":6,"href":"https:\/\/experiencekrk.com\/de\/wp-json\/wp\/v2\/pages\/8510\/revisions"}],"predecessor-version":[{"id":33315,"href":"https:\/\/experiencekrk.com\/de\/wp-json\/wp\/v2\/pages\/8510\/revisions\/33315"}],"wp:attachment":[{"href":"https:\/\/experiencekrk.com\/de\/wp-json\/wp\/v2\/media?parent=8510"}],"curies":[{"name":"wp","href":"https:\/\/api.w.org\/{rel}","templated":true}]}}