{"id":8485,"date":"2019-06-04T13:16:23","date_gmt":"2019-06-04T13:16:23","guid":{"rendered":"https:\/\/experiencekrk.com\/familienurlaub\/family-themed-paths\/"},"modified":"2020-01-28T16:45:02","modified_gmt":"2020-01-28T16:45:02","slug":"familienbezogene-pfade","status":"publish","type":"page","link":"https:\/\/experiencekrk.com\/de\/familienurlaub\/familienbezogene-pfade\/","title":{"rendered":"Familienbezogene Pfade"},"content":{"rendered":"<p>[vc_row][vc_column]<div class=\"mkdf-section-title-holder\">\n\t<h1 class=\"mkdf-section-title mkdf-section-title-medium\" >\n\tEntlang der Goldenen Tropfen des Krk-Schatzes<\/h1>\n<\/div>[\/vc_column][\/vc_row][vc_row][vc_column width=&#8221;1\/2&#8243; css=&#8221;.vc_custom_1559125178706{padding-top: 0px !important;}&#8221;][vc_column_text css=&#8221;.vc_custom_1580229746547{border-top-width: 0px !important;padding-top: 0px !important;}&#8221;]<span style=\"font-weight: 400;\">Zu erw\u00e4hnen sind auch die interessanten thematischen Wanderpfade, die dem fl\u00fcssigen Schatz der Insel Krk &#8211; dem Oliven\u00f6l &#8211; gewidmet sind. Der thematische Spazierpfad entlang der Goldenen Tropfen des Krker Schatzes wird allen empfohlen, die gerne durch die Natur wandern.<\/span><\/p>\n<p><span style=\"font-weight: 400;\">Es gibt zwei Pfade, die m\u00e4\u00dfig anspruchsvoll sind, w\u00e4hrend den Besuchern die Geschichte der Landwirtschaft auf der Insel erz\u00e4hlt wird, \u00fcber Oliven, Heilkr\u00e4uter und alles, was ihnen auf dem Weg dorthin begegnen kann. Die Pfade sind nicht \u00fcberm\u00e4\u00dfig anspruchsvoll und sind 9,5 und 12,5 km lang und f\u00fchren durch die Olivenhaine rund um die D\u00f6rfer Korni\u0107 und Vrh.<\/span>[\/vc_column_text][vc_column_text][\/vc_column_text][\/vc_column][vc_column width=&#8221;1\/2&#8243; css=&#8221;.vc_custom_1559125192021{border-top-width: 0px !important;padding-top: 10px !important;}&#8221;]<div class=\"mkdf-image-gallery\">\n\t<div class=\"mkdf-image-gallery-slider \" data-autoplay=\"5\" data-animation=\"slide\" data-navigation=\"yes\" data-pagination=\"yes\">\n\t\t\t\t\t\t\t\t\t<img width=\"600\" height=\"400\" src=\"https:\/\/experiencekrk.com\/wp-content\/uploads\/2019\/06\/City-of-Krk-olive-paths-2.jpg\" class=\"attachment-full size-full\" alt=\"\" loading=\"lazy\" srcset=\"https:\/\/experiencekrk.com\/wp-content\/uploads\/2019\/06\/City-of-Krk-olive-paths-2.jpg 600w, https:\/\/experiencekrk.com\/wp-content\/uploads\/2019\/06\/City-of-Krk-olive-paths-2-300x200.jpg 300w\" sizes=\"(max-width: 600px) 100vw, 600px\" \/>\t\t\t\t\t\t\t\t\t\t\t\t\t<img width=\"600\" height=\"400\" src=\"https:\/\/experiencekrk.com\/wp-content\/uploads\/2019\/06\/City-of-Krk-olive-paths.jpg\" class=\"attachment-full size-full\" alt=\"\" loading=\"lazy\" srcset=\"https:\/\/experiencekrk.com\/wp-content\/uploads\/2019\/06\/City-of-Krk-olive-paths.jpg 600w, https:\/\/experiencekrk.com\/wp-content\/uploads\/2019\/06\/City-of-Krk-olive-paths-300x200.jpg 300w\" sizes=\"(max-width: 600px) 100vw, 600px\" \/>\t\t\t\t\t\t\t<\/div>\n<\/div>[\/vc_column][\/vc_row][vc_row][vc_column]<div class=\"mkdf-separator-holder clearfix  mkdf-separator-center mkdf-separator-full-width\">\n\t<div class=\"mkdf-separator\" style=\"border-color: #ebebeb;border-style: solid;border-bottom-width: 1px;margin-top: 20px;margin-bottom: 45px\"><\/div>\n<\/div>\n[vc_empty_space height=&#8221;40px&#8221;]<div class=\"mkdf-section-title-holder\">\n\t<h1 class=\"mkdf-section-title mkdf-section-title-small\" >\n\tDer Karstweiher-Wanderweg der Insel Krk<\/h1>\n<\/div>[\/vc_column][\/vc_row][vc_row][vc_column width=&#8221;1\/2&#8243; css=&#8221;.vc_custom_1559123188863{padding-top: 15px !important;}&#8221;][vc_column_text css=&#8221;.vc_custom_1580229802759{border-top-width: 0px !important;padding-top: 0px !important;}&#8221;]<span style=\"font-weight: 400;\">Auf der Insel Krk gibt es mehr als 300 gr\u00f6\u00dfere Teiche. In dem wasserlosen Karstgebiet sind die Teiche ein unerwartetes Ph\u00e4nomen, das der Landschaft einen besonderen Reiz verleiht. Dieser Pfad f\u00fchrt durch einen \u00fcberwiegend h\u00f6lzernen und l\u00e4ndlichen Teil der Insel Krk, der als \u0160otovento bekannt ist. Er f\u00fchrt durch den Doppelteich von Ormatine, der sich neben den au\u00dfergew\u00f6hnlichen Naturattraktionen &#8211; den alten Flaumeichen in der Gegend von Dolinji Drmun &#8211; befindet. Die n\u00e4chste Station sind die Teiche von Menkova im Dorf Poljica und zwei lebendige Teiche namens \u017diva (ein Teich diente als Trinkwasserquelle f\u00fcr die Menschen, der andere f\u00fcr das Vieh).<\/span><\/p>\n<p><span style=\"font-weight: 400;\">Der Pfad f\u00fchrt durch den Wald und ist leicht begehbar. L\u00e4nge des Pfades: 6,1 km, Dauer 2 Stunden<\/span>[\/vc_column_text][vc_column_text][\/vc_column_text][\/vc_column][vc_column width=&#8221;1\/2&#8243; css=&#8221;.vc_custom_1559125093053{border-top-width: 0px !important;padding-top: 25px !important;}&#8221;]<div class=\"mkdf-image-gallery\">\n\t<div class=\"mkdf-image-gallery-slider \" data-autoplay=\"5\" data-animation=\"slide\" data-navigation=\"yes\" data-pagination=\"yes\">\n\t\t\t\t\t\t\t\t\t<img width=\"600\" height=\"400\" src=\"https:\/\/experiencekrk.com\/wp-content\/uploads\/2019\/06\/City-of-Krk-karst-path.jpg\" class=\"attachment-full size-full\" alt=\"\" loading=\"lazy\" srcset=\"https:\/\/experiencekrk.com\/wp-content\/uploads\/2019\/06\/City-of-Krk-karst-path.jpg 600w, https:\/\/experiencekrk.com\/wp-content\/uploads\/2019\/06\/City-of-Krk-karst-path-300x200.jpg 300w\" sizes=\"(max-width: 600px) 100vw, 600px\" \/>\t\t\t\t\t\t\t\t\t\t\t\t\t<img width=\"600\" height=\"400\" src=\"https:\/\/experiencekrk.com\/wp-content\/uploads\/2019\/06\/City-of-Krk-karst-paths-2.jpg\" class=\"attachment-full size-full\" alt=\"\" loading=\"lazy\" srcset=\"https:\/\/experiencekrk.com\/wp-content\/uploads\/2019\/06\/City-of-Krk-karst-paths-2.jpg 600w, https:\/\/experiencekrk.com\/wp-content\/uploads\/2019\/06\/City-of-Krk-karst-paths-2-300x200.jpg 300w\" sizes=\"(max-width: 600px) 100vw, 600px\" \/>\t\t\t\t\t\t\t<\/div>\n<\/div>[\/vc_column][\/vc_row][vc_row][vc_column]<div class=\"mkdf-separator-holder clearfix  mkdf-separator-center mkdf-separator-full-width\">\n\t<div class=\"mkdf-separator\" style=\"border-color: #ebebeb;border-style: solid;border-bottom-width: 1px;margin-top: 20px;margin-bottom: 45px\"><\/div>\n<\/div>\n[vc_empty_space height=&#8221;40px&#8221;]<div class=\"mkdf-section-title-holder\">\n\t<h1 class=\"mkdf-section-title mkdf-section-title-medium\" >\n\tGlagolitic trail<\/h1>\n<\/div>[\/vc_column][\/vc_row][vc_row][vc_column width=&#8221;1\/2&#8243; css=&#8221;.vc_custom_1559123188863{padding-top: 15px !important;}&#8221;][vc_column_text css=&#8221;.vc_custom_1580229889381{border-top-width: 0px !important;padding-top: 0px !important;}&#8221;]<span style=\"font-weight: 400;\">Alphabet ist zweifelsohne eine der wichtigsten Grundlagen der Zivilisation. Zwei M\u00f6nche, die Heiligen Kyrill und Methodius, die vom byzantinischen Kaiser gesandt wurden, um im 9. Jahrhundert das Evangelium unter den Heiden Mittel- und Osteuropas zu verbreiten, waren sich dieser Tatsache sehr wohl bewusst. Um sicherzustellen, dass das Christentum wirklich Fu\u00df fasste, entwickelten sie ein neues Alphabet &#8211; die glagolitische Schrift. Die glagolitische Schrift, die sich geometrischer Formen und theologischer Symbolik bedient, ist seit Jahrhunderten ein fester Bestandteil des kulturellen Erbes der Kvarner-Inseln, insbesondere der Insel Krk.<\/span><\/p>\n<p><span style=\"font-weight: 400;\">Die \u00e4lteste historische Aufzeichnung aus dem Jahre 1105 n. Chr. in kroatischer Sprache ist die in Stein gehauene Ba\u0161ka-Tafel. Dieses einzigartige historische Dokument inspirierte die Schaffung des glagolitischen Pfades.<\/span>[\/vc_column_text][vc_column_text][\/vc_column_text][\/vc_column][vc_column width=&#8221;1\/2&#8243; css=&#8221;.vc_custom_1559124688182{border-top-width: 0px !important;padding-top: 15px !important;}&#8221;][vc_single_image image=&#8221;3346&#8243; img_size=&#8221;full&#8221;][\/vc_column][\/vc_row][vc_row][vc_column]<div class=\"mkdf-separator-holder clearfix  mkdf-separator-center mkdf-separator-full-width\">\n\t<div class=\"mkdf-separator\" style=\"border-color: #ebebeb;border-style: solid;border-bottom-width: 1px;margin-top: 20px;margin-bottom: 45px\"><\/div>\n<\/div>\n[vc_empty_space height=&#8221;40px&#8221;][\/vc_column][\/vc_row]<\/p>\n","protected":false},"excerpt":{"rendered":"<p>[vc_row][vc_column][\/vc_column][\/vc_row][vc_row][vc_column width=&#8221;1\/2&#8243; css=&#8221;.vc_custom_1559125178706{padding-top: 0px !important;}&#8221;][vc_column_text css=&#8221;.vc_custom_1580229746547{border-top-width: 0px !important;padding-top: 0px !important;}&#8221;]Zu erw\u00e4hnen sind auch die interessanten thematischen Wanderpfade, die dem fl\u00fcssigen Schatz der Insel Krk &#8211; dem Oliven\u00f6l &#8211; gewidmet sind. Der thematische Spazierpfad entlang der Goldenen Tropfen des Krker Schatzes wird allen empfohlen, die gerne durch die Natur wandern. Es gibt zwei Pfade, die m\u00e4\u00dfig anspruchsvoll sind, w\u00e4hrend den Besuchern die Geschichte der Landwirtschaft auf der Insel erz\u00e4hlt wird, \u00fcber Oliven, Heilkr\u00e4uter und alles, was ihnen auf dem Weg dorthin begegnen kann. Die Pfade sind nicht \u00fcberm\u00e4\u00dfig anspruchsvoll und sind&#8230;<\/p>\n","protected":false},"author":1,"featured_media":0,"parent":8465,"menu_order":0,"comment_status":"closed","ping_status":"closed","template":"","meta":[],"yoast_head":"<!-- This site is optimized with the Yoast SEO plugin v16.0.1 - https:\/\/yoast.com\/wordpress\/plugins\/seo\/ -->\n<title>Familienbezogene Pfade - Experience Krk<\/title>\n<link rel=\"canonical\" href=\"https:\/\/experiencekrk.com\/de\/familienurlaub\/familienbezogene-pfade\/\" \/>\n<meta property=\"og:locale\" content=\"de_DE\" \/>\n<meta property=\"og:type\" content=\"article\" \/>\n<meta property=\"og:title\" content=\"Familienbezogene Pfade - Experience Krk\" \/>\n<meta property=\"og:description\" content=\"[vc_row][vc_column][\/vc_column][\/vc_row][vc_row][vc_column width=&#8221;1\/2&#8243; css=&#8221;.vc_custom_1559125178706{padding-top: 0px !important;}&#8221;][vc_column_text css=&#8221;.vc_custom_1580229746547{border-top-width: 0px !important;padding-top: 0px !important;}&#8221;]Zu erw\u00e4hnen sind auch die interessanten thematischen Wanderpfade, die dem fl\u00fcssigen Schatz der Insel Krk &#8211; dem Oliven\u00f6l &#8211; gewidmet sind. Der thematische Spazierpfad entlang der Goldenen Tropfen des Krker Schatzes wird allen empfohlen, die gerne durch die Natur wandern. Es gibt zwei Pfade, die m\u00e4\u00dfig anspruchsvoll sind, w\u00e4hrend den Besuchern die Geschichte der Landwirtschaft auf der Insel erz\u00e4hlt wird, \u00fcber Oliven, Heilkr\u00e4uter und alles, was ihnen auf dem Weg dorthin begegnen kann. Die Pfade sind nicht \u00fcberm\u00e4\u00dfig anspruchsvoll und sind...\" \/>\n<meta property=\"og:url\" content=\"https:\/\/experiencekrk.com\/de\/familienurlaub\/familienbezogene-pfade\/\" \/>\n<meta property=\"og:site_name\" content=\"Experience Krk\" \/>\n<meta property=\"article:modified_time\" content=\"2020-01-28T16:45:02+00:00\" \/>\n<meta name=\"twitter:card\" content=\"summary_large_image\" \/>\n<meta name=\"twitter:label1\" content=\"Gesch\u00e4tzte Lesezeit\">\n\t<meta name=\"twitter:data1\" content=\"4\u00a0Minuten\">\n<script type=\"application\/ld+json\" class=\"yoast-schema-graph\">{\"@context\":\"https:\/\/schema.org\",\"@graph\":[{\"@type\":\"WebSite\",\"@id\":\"https:\/\/experiencekrk.com\/#website\",\"url\":\"https:\/\/experiencekrk.com\/\",\"name\":\"Experience Krk\",\"description\":\"Cultural Tours, Food &amp; Wine and more\",\"potentialAction\":[{\"@type\":\"SearchAction\",\"target\":\"https:\/\/experiencekrk.com\/?s={search_term_string}\",\"query-input\":\"required name=search_term_string\"}],\"inLanguage\":\"de\"},{\"@type\":\"WebPage\",\"@id\":\"https:\/\/experiencekrk.com\/de\/familienurlaub\/familienbezogene-pfade\/#webpage\",\"url\":\"https:\/\/experiencekrk.com\/de\/familienurlaub\/familienbezogene-pfade\/\",\"name\":\"Familienbezogene Pfade - Experience Krk\",\"isPartOf\":{\"@id\":\"https:\/\/experiencekrk.com\/#website\"},\"datePublished\":\"2019-06-04T13:16:23+00:00\",\"dateModified\":\"2020-01-28T16:45:02+00:00\",\"breadcrumb\":{\"@id\":\"https:\/\/experiencekrk.com\/de\/familienurlaub\/familienbezogene-pfade\/#breadcrumb\"},\"inLanguage\":\"de\",\"potentialAction\":[{\"@type\":\"ReadAction\",\"target\":[\"https:\/\/experiencekrk.com\/de\/familienurlaub\/familienbezogene-pfade\/\"]}]},{\"@type\":\"BreadcrumbList\",\"@id\":\"https:\/\/experiencekrk.com\/de\/familienurlaub\/familienbezogene-pfade\/#breadcrumb\",\"itemListElement\":[{\"@type\":\"ListItem\",\"position\":1,\"item\":{\"@type\":\"WebPage\",\"@id\":\"https:\/\/experiencekrk.com\/de\/\",\"url\":\"https:\/\/experiencekrk.com\/de\/\",\"name\":\"Home\"}},{\"@type\":\"ListItem\",\"position\":2,\"item\":{\"@type\":\"WebPage\",\"@id\":\"https:\/\/experiencekrk.com\/de\/familienurlaub\/\",\"url\":\"https:\/\/experiencekrk.com\/de\/familienurlaub\/\",\"name\":\"Familienurlaub\"}},{\"@type\":\"ListItem\",\"position\":3,\"item\":{\"@type\":\"WebPage\",\"@id\":\"https:\/\/experiencekrk.com\/de\/familienurlaub\/familienbezogene-pfade\/\",\"url\":\"https:\/\/experiencekrk.com\/de\/familienurlaub\/familienbezogene-pfade\/\",\"name\":\"Familienbezogene Pfade\"}}]}]}<\/script>\n<!-- \/ Yoast SEO plugin. -->","_links":{"self":[{"href":"https:\/\/experiencekrk.com\/de\/wp-json\/wp\/v2\/pages\/8485"}],"collection":[{"href":"https:\/\/experiencekrk.com\/de\/wp-json\/wp\/v2\/pages"}],"about":[{"href":"https:\/\/experiencekrk.com\/de\/wp-json\/wp\/v2\/types\/page"}],"author":[{"embeddable":true,"href":"https:\/\/experiencekrk.com\/de\/wp-json\/wp\/v2\/users\/1"}],"replies":[{"embeddable":true,"href":"https:\/\/experiencekrk.com\/de\/wp-json\/wp\/v2\/comments?post=8485"}],"version-history":[{"count":2,"href":"https:\/\/experiencekrk.com\/de\/wp-json\/wp\/v2\/pages\/8485\/revisions"}],"predecessor-version":[{"id":8487,"href":"https:\/\/experiencekrk.com\/de\/wp-json\/wp\/v2\/pages\/8485\/revisions\/8487"}],"up":[{"embeddable":true,"href":"https:\/\/experiencekrk.com\/de\/wp-json\/wp\/v2\/pages\/8465"}],"wp:attachment":[{"href":"https:\/\/experiencekrk.com\/de\/wp-json\/wp\/v2\/media?parent=8485"}],"curies":[{"name":"wp","href":"https:\/\/api.w.org\/{rel}","templated":true}]}}