{"id":8481,"date":"2019-06-05T12:35:12","date_gmt":"2019-06-05T12:35:12","guid":{"rendered":"https:\/\/experiencekrk.com\/familienurlaub\/boat-trips\/"},"modified":"2020-01-24T17:32:07","modified_gmt":"2020-01-24T17:32:07","slug":"bootstouren","status":"publish","type":"page","link":"https:\/\/experiencekrk.com\/de\/familienurlaub\/bootstouren\/","title":{"rendered":"Bootstouren"},"content":{"rendered":"<p>[vc_row][vc_column]<div class=\"mkdf-section-title-holder\">\n\t<h1 class=\"mkdf-section-title mkdf-section-title-medium\" >\n\tSchatzsuche Bootstour<\/h1>\n<\/div>[\/vc_column][\/vc_row][vc_row][vc_column width=&#8221;1\/2&#8243; css=&#8221;.vc_custom_1559125178706{padding-top: 0px !important;}&#8221;][vc_column_text css=&#8221;.vc_custom_1579886739719{border-top-width: 0px !important;padding-top: 0px !important;}&#8221;]<span style=\"font-weight: 400;\">Nach den lokalen Legenden im 16. Jahrhundert konfrontierten die Piraten die Handelskomb\u00fcse mit wertvoller Fracht. Die Schlacht fand in dem Kanal zwischen zwei verlassenen Inseln &#8211; Mali Plavnik und Plavnik &#8211; statt. In dieser Schlacht versenkten die Wachen des F\u00fcrsten das Piratenschiff, und nur ein Pirat \u00fcberlebte. Er schaffte es bis zur Insel Plavnik, wo er den Schatz vergrub. Von dort aus verschwand er spurlos und der verborgene Schatz ist noch nicht gefunden worden. Wer wei\u00df, vielleicht haben Sie ja Gl\u00fcck beim Suchen.<\/span><\/p>\n<p>Mobil: <a href=\"tel:+38591788 269\">+385 91 788 3269<\/a><br \/>\nE-mail: <a href=\"mailto:otacrokokrk@gmail.com\">otacrokokrk@gmail.com<\/a><br \/>\nInternet: www.otacroko.hr<br \/>\nAdresse: Kr\u010dkih iseljenika 9, 51500 Krk[\/vc_column_text][vc_column_text][\/vc_column_text][\/vc_column][vc_column width=&#8221;1\/2&#8243; css=&#8221;.vc_custom_1559125192021{border-top-width: 0px !important;padding-top: 10px !important;}&#8221;][vc_single_image image=&#8221;5756&#8243; img_size=&#8221;full&#8221;][\/vc_column][\/vc_row][vc_row][vc_column]<div class=\"mkdf-separator-holder clearfix  mkdf-separator-center mkdf-separator-full-width\">\n\t<div class=\"mkdf-separator\" style=\"border-color: #ebebeb;border-style: solid;border-bottom-width: 1px;margin-top: 20px;margin-bottom: 45px\"><\/div>\n<\/div>\n[vc_empty_space height=&#8221;40px&#8221;][vc_column_text]<span style=\"font-weight: 400;\">Genie\u00dfen Sie die frische Seeluft und eine leichte Sommerbrise bei den Bootsausfl\u00fcgen von der Stadt Krk zu den nahegelegenen Inseln, Buchten und versteckten Str\u00e4nden. Informationen \u00fcber die Bootsausfl\u00fcge von der Stadt Krk aus finden Sie am besten im Stadthafen, wo Sie sofort Ihren Platz auf einer der verschiedenen Bootsausfl\u00fcge buchen k\u00f6nnen. Oder wenn Sie im Voraus buchen m\u00f6chten, sehen Sie unten die Liste der Agenturen, die Bootsausfl\u00fcge organisieren und nehmen Sie direkt Kontakt mit ihnen auf.<\/span>[\/vc_column_text][\/vc_column][\/vc_row][vc_row][vc_column width=&#8221;1\/2&#8243; css=&#8221;.vc_custom_1559123188863{padding-top: 15px !important;}&#8221;][vc_column_text css=&#8221;.vc_custom_1579886892633{border-top-width: 0px !important;padding-top: 0px !important;}&#8221;]<strong>&#8216;BURA&#8221; 216 KK &#8211; Inhaber Denis Stolfa<\/strong><br \/>\nMobil: <a href=\"tel:+385989464215\">+385 98 946 4215<\/a><br \/>\nE-mail: <a href=\"mailto:o.stolfa@gmail.com\">o.stolfa@gmail.com<\/a><br \/>\nInternet: <a href=\"http:\/\/www.krkapartments.info\" target=\"_blank\" rel=\"noopener noreferrer\">www.krkapartments.info<\/a><br \/>\nAdresse: Ivana Zajca 1, 51500 Krk<\/p>\n<p><strong>DIVER Krk<\/strong><br \/>\nMobil: <a href=\"tel:+385912222390\">+385 91 2222 390<\/a><br \/>\nE-mail: <a href=\"mailto:info@diver-krk.hr\">info@diver-krk.hr<\/a><br \/>\nInternet: <a href=\"http:\/\/www.diver-krk.hr\" target=\"_blank\" rel=\"noopener noreferrer\">www.diver-krk.hr<\/a><br \/>\nAdresse: Bra\u0107e Juras 9, 51500 Krk[\/vc_column_text][\/vc_column][vc_column width=&#8221;1\/2&#8243; css=&#8221;.vc_custom_1559125093053{border-top-width: 0px !important;padding-top: 25px !important;}&#8221;][vc_single_image image=&#8221;5762&#8243; img_size=&#8221;full&#8221;][\/vc_column][\/vc_row][vc_row][vc_column][vc_empty_space height=&#8221;10px&#8221;][\/vc_column][\/vc_row][vc_row][vc_column width=&#8221;1\/2&#8243; css=&#8221;.vc_custom_1559819676827{padding-top: 15px !important;}&#8221; offset=&#8221;vc_hidden-sm vc_hidden-xs&#8221;][vc_single_image image=&#8221;5760&#8243; img_size=&#8221;full&#8221;][\/vc_column][vc_column width=&#8221;1\/2&#8243; css=&#8221;.vc_custom_1559819681236{border-top-width: 0px !important;padding-top: 25px !important;}&#8221; offset=&#8221;vc_hidden-sm vc_hidden-xs&#8221;][vc_column_text css=&#8221;.vc_custom_1579886944878{border-top-width: 0px !important;padding-top: 0px !important;}&#8221;]<strong>m\/b &#8221;EIGIDA&#8221; &#8211; Inhaber<span style=\"font-weight: 400;\">\u00a0<\/span>Miljenko Str\u010di\u0107<\/strong><br \/>\nTelefon: <a href=\"tel:+38551221083\">+385 51 221 083<\/a><br \/>\nMobil: <a href=\"tel:+385915239142\">+385 91 523 9142<\/a><br \/>\nE-mail: <a href=\"mailto:strcicp@gmail.com\">strcicp@gmail.com<\/a><br \/>\nAdresse: S. Nikoli\u0107a 20, 51500 Krk<\/p>\n<p><strong>m\/B DORIA- Inhaber Marko \u017dili\u0107<\/strong><br \/>\nTelefon: <a href=\"tel:+38551222449\">+385 51 222 449<\/a><br \/>\nMobil: <a href=\"tel:+385912516060\">+385 91 251 6060<\/a><br \/>\nE-mail: <a href=\"mailto:marko.zilic@ri.t-com.hr\">marko.zilic@ri.t-com.hr<\/a><br \/>\nAdresse: Frankopanska 20, 51500 Krk[\/vc_column_text][\/vc_column][\/vc_row][vc_row][vc_column width=&#8221;1\/2&#8243; css=&#8221;.vc_custom_1559819686738{padding-top: 15px !important;}&#8221; offset=&#8221;vc_hidden-lg vc_hidden-md&#8221;][vc_column_text css=&#8221;.vc_custom_1559739307856{border-top-width: 0px !important;padding-top: 0px !important;}&#8221;]<strong>m\/b &#8221;EIGIDA&#8221; &#8211; owner Miljenko Str\u010di\u0107<\/strong><br \/>\nPhone: <a href=\"tel:+38551221083\">+385 51 221 083<\/a><br \/>\nMobile: <a href=\"tel:+385915239142\">+385 91 523 9142<\/a><br \/>\nE-mail: <a href=\"mailto:strcicp@gmail.com\">strcicp@gmail.com<\/a><br \/>\nAddress: S. Nikoli\u0107a 20, 51500 Krk<\/p>\n<p><strong>m\/B DORIA- owner Marko \u017dili\u0107<\/strong><br \/>\nPhone: <a href=\"tel:+38551222449\">+385 51 222 449<\/a><br \/>\nMobile: <a href=\"tel:+385912516060\">+385 91 251 6060<\/a><br \/>\nE-mail: <a href=\"mailto:marko.zilic@ri.t-com.hr\">marko.zilic@ri.t-com.hr<\/a><br \/>\nAddress: Frankopanska 20, 51500 Krk[\/vc_column_text][\/vc_column][vc_column width=&#8221;1\/2&#8243; css=&#8221;.vc_custom_1559819691347{border-top-width: 0px !important;padding-top: 25px !important;}&#8221; offset=&#8221;vc_hidden-lg vc_hidden-md&#8221;][vc_single_image image=&#8221;5760&#8243; img_size=&#8221;full&#8221;][\/vc_column][\/vc_row][vc_row][vc_column][vc_empty_space height=&#8221;10px&#8221;][\/vc_column][\/vc_row][vc_row][vc_column width=&#8221;1\/2&#8243; css=&#8221;.vc_custom_1559123188863{padding-top: 15px !important;}&#8221;][vc_column_text css=&#8221;.vc_custom_1579886994525{border-top-width: 0px !important;padding-top: 0px !important;}&#8221;]<strong>m\/b &#8221;MALI PIN&#8221; &amp; &#8220;NEMO&#8221;- Inhaber Marijan Volari\u0107<\/strong><br \/>\nMobil: <a href=\"tel:+385915052916\">+385 91 505 2916<\/a><br \/>\nE-mail: <a href=\"mailto:franev@net.hr\">franev@net.hr<\/a><br \/>\nInternet: <a href=\"http:\/\/www.mali-pin.com\" target=\"_blank\" rel=\"noopener noreferrer\">www.mali-pin.com<\/a><br \/>\nAdresse: Drage Gervaisa 8, 51500 Krk<\/p>\n<p><strong>m\/b MORENA&#8221; &amp; &#8221;TAJANA&#8221; &#8211; Inhaber Anton \u017du\u017ei\u0107<\/strong><br \/>\nMobil: <a href=\"tel:+385911221280\">+385 91 122 1280<\/a><br \/>\nMobil: <a href=\"tel:+385917898828\">+385 91 789 88 28<\/a><br \/>\nE-mail: <a href=\"mailto:info@zuzic-krk.com\">info@zuzic-krk.com<\/a><br \/>\nInternet: <a href=\"http:\/\/info@zuzic-krk.com\" target=\"_blank\" rel=\"noopener noreferrer\">www.zuzic-krk.com<\/a><br \/>\nAdresse: Lakmartinska 23, 51500 Krk[\/vc_column_text][\/vc_column][vc_column width=&#8221;1\/2&#8243; css=&#8221;.vc_custom_1559125093053{border-top-width: 0px !important;padding-top: 25px !important;}&#8221;][vc_single_image image=&#8221;5759&#8243; img_size=&#8221;full&#8221;][\/vc_column][\/vc_row][vc_row][vc_column][vc_empty_space height=&#8221;10px&#8221;][\/vc_column][\/vc_row][vc_row][vc_column width=&#8221;1\/2&#8243; css=&#8221;.vc_custom_1559819710014{padding-top: 15px !important;}&#8221; offset=&#8221;vc_hidden-sm vc_hidden-xs&#8221;][vc_single_image image=&#8221;5757&#8243; img_size=&#8221;full&#8221;][\/vc_column][vc_column width=&#8221;1\/2&#8243; css=&#8221;.vc_custom_1559819714923{border-top-width: 0px !important;padding-top: 25px !important;}&#8221; offset=&#8221;vc_hidden-sm vc_hidden-xs&#8221;][vc_column_text css=&#8221;.vc_custom_1579887035131{border-top-width: 0px !important;padding-top: 0px !important;}&#8221;]<strong>m\/b \u201cSV. PETAR\u201d &amp; m\/j &#8221;PIPI&#8221; \u2013 ADRIA EXPLORER&#8221; &#8211; I.R.T.D.A. d.o.o.<\/strong><br \/>\nTelefon: <a href=\"tel:+38551862148\">+385 51 862 148<\/a><br \/>\nMobil: <a href=\"tel:+385917964656\">+385 91 796 4656<\/a><br \/>\nE-mail: <a href=\"mailto:kontakt@correct-diving.com\">kontakt@correct-diving.com<\/a><br \/>\nAdresse: Brzac 33, 51500 Krk<\/p>\n<p><strong>m\/b &#8220;BRODICA 282 KRK&#8221; &#8211; Inhaber Nikica Depikolozvane<\/strong><br \/>\nTelefon: <a href=\"tel:+38551220159\">+385 51 220 159<\/a><br \/>\nMobil: <a href=\"tel:+385912511068\">+385 91 251 1068<\/a><br \/>\nE-mail: <a href=\"mailto:nikica.depikolozvane@ri.t-com.hr\">nikica.depikolozvane@ri.t-com.hr<\/a><br \/>\nAdresse: Kr\u010dkih iseljenika 15, 51500 Krk[\/vc_column_text][\/vc_column][\/vc_row][vc_row][vc_column width=&#8221;1\/2&#8243; css=&#8221;.vc_custom_1559819720706{padding-top: 15px !important;}&#8221; offset=&#8221;vc_hidden-lg vc_hidden-md&#8221;][vc_column_text css=&#8221;.vc_custom_1559739778654{border-top-width: 0px !important;padding-top: 0px !important;}&#8221;]<strong>m\/b \u201cSV. PETAR\u201d &amp; m\/j &#8221;PIPI&#8221; \u2013 ADRIA EXPLORER&#8221; &#8211; I.R.T.D.A. d.o.o.<\/strong><br \/>\nPhone: <a href=\"tel:+38551862148\">+385 51 862 148<\/a><br \/>\nMobile: <a href=\"tel:+385917964656\">+385 91 796 4656<\/a><br \/>\nE-mail: <a href=\"mailto:kontakt@correct-diving.com\">kontakt@correct-diving.com<\/a><br \/>\nAddress: Brzac 33, 51500 Krk<\/p>\n<p><strong>m\/b &#8220;BRODICA 282 KRK&#8221; &#8211; owner Nikica Depikolozvane<\/strong><br \/>\nPhone: <a href=\"tel:+38551220159\">+385 51 220 159<\/a><br \/>\nMobile: <a href=\"tel:+385912511068\">+385 91 251 1068<\/a><br \/>\nE-mail: <a href=\"mailto:nikica.depikolozvane@ri.t-com.hr\">nikica.depikolozvane@ri.t-com.hr<\/a><br \/>\nAddress: Kr\u010dkih iseljenika 15, 51500 Krk[\/vc_column_text][\/vc_column][vc_column width=&#8221;1\/2&#8243; css=&#8221;.vc_custom_1559819724589{border-top-width: 0px !important;padding-top: 25px !important;}&#8221; offset=&#8221;vc_hidden-lg vc_hidden-md&#8221;][vc_single_image image=&#8221;5757&#8243; img_size=&#8221;full&#8221;][\/vc_column][\/vc_row][vc_row][vc_column][vc_empty_space height=&#8221;10px&#8221;][\/vc_column][\/vc_row][vc_row][vc_column width=&#8221;1\/2&#8243; css=&#8221;.vc_custom_1559123188863{padding-top: 15px !important;}&#8221;][vc_column_text css=&#8221;.vc_custom_1579887072961{border-top-width: 0px !important;padding-top: 0px !important;}&#8221;]<strong>m\/b &#8221;VOJGA&#8221; &#8211; Inhaber Miro Volari\u0107<\/strong><br \/>\nMobil:<a href=\"tel:+38598283257\"> +385 98 283 257<\/a><br \/>\nE-mail: <a href=\"mailto:miro.volaric@ri.t-com.hr\">miro.volaric@ri.t-com.hr<\/a><br \/>\nBorik 4, 51500 Krk<\/p>\n<p><strong>&#8216;OBELIX&#8221; 231 KK &#8211; Inhaber Andreja Jurasi\u0107 and Geza Szarka<\/strong><br \/>\nTelefon: <a href=\"tel:+38551604248\">+385 51 604 248<\/a><br \/>\nMobil: <a href=\"tel:+385981856032\">+385 98 185 6032<\/a><br \/>\nE-mail: <a href=\"mailto:adrijan.krk@ri.t-com.hr\">adrijan.krk@ri.t-com.hr<\/a><br \/>\nInternet: <a href=\"http:\/\/www.adrijan-krk.hr\" target=\"_blank\" rel=\"noopener noreferrer\">www.adrijan-krk.hr<\/a><br \/>\nAdresse:Creska 12, 51500 Krk[\/vc_column_text][vc_column_text][\/vc_column_text][\/vc_column][vc_column width=&#8221;1\/2&#8243; css=&#8221;.vc_custom_1559125093053{border-top-width: 0px !important;padding-top: 25px !important;}&#8221;][vc_single_image image=&#8221;5761&#8243; img_size=&#8221;full&#8221;][\/vc_column][\/vc_row][vc_row][vc_column][vc_empty_space height=&#8221;10px&#8221;][\/vc_column][\/vc_row][vc_row][vc_column width=&#8221;1\/2&#8243; css=&#8221;.vc_custom_1559819739709{padding-top: 15px !important;}&#8221; offset=&#8221;vc_hidden-sm vc_hidden-xs&#8221;][vc_single_image image=&#8221;5758&#8243; img_size=&#8221;full&#8221;][\/vc_column][vc_column width=&#8221;1\/2&#8243; css=&#8221;.vc_custom_1559819743472{border-top-width: 0px !important;padding-top: 25px !important;}&#8221; offset=&#8221;vc_hidden-sm vc_hidden-xs&#8221;][vc_column_text css=&#8221;.vc_custom_1579887101052{border-top-width: 0px !important;padding-top: 0px !important;}&#8221;]<strong>&#8220;RIBA T&#8221;<\/strong><br \/>\nTelefon: <a href=\"tel:+38551863222\">+385 51 863 222<\/a><br \/>\nMobil: <a href=\"tel:+385915301692\">+385 91 530 1692<\/a><br \/>\nE-mail: <a href=\"mailto:anton.zuzic1@gmail.com\">anton.zuzic1@gmail.com<\/a><br \/>\nInternet: <a href=\"http:\/\/www.diving-zuzic.com\" target=\"_blank\" rel=\"noopener noreferrer\">www.diving-zuzic.com<\/a><br \/>\nAdresse: Put sv. Fuske 19, Pinezi\u0107[\/vc_column_text][\/vc_column][\/vc_row][vc_row][vc_column width=&#8221;1\/2&#8243; css=&#8221;.vc_custom_1559819747590{padding-top: 15px !important;}&#8221; offset=&#8221;vc_hidden-lg vc_hidden-md&#8221;][vc_column_text css=&#8221;.vc_custom_1559740149241{border-top-width: 0px !important;padding-top: 0px !important;}&#8221;]<strong>&#8220;RIBA T&#8221;<\/strong><br \/>\nPhone: <a href=\"tel:+38551863222\">+385 51 863 222<\/a><br \/>\nMobile: <a href=\"tel:+385915301692\">+385 91 530 1692<\/a><br \/>\nE-mail: <a href=\"mailto:anton.zuzic1@gmail.com\">anton.zuzic1@gmail.com<\/a><br \/>\nWeb: <a href=\"http:\/\/www.diving-zuzic.com\" target=\"_blank\" rel=\"noopener noreferrer\">www.diving-zuzic.com<\/a><br \/>\nAddress: Put sv. Fuske 19, Pinezi\u0107[\/vc_column_text][\/vc_column][vc_column width=&#8221;1\/2&#8243; css=&#8221;.vc_custom_1559819751569{border-top-width: 0px !important;padding-top: 25px !important;}&#8221; offset=&#8221;vc_hidden-lg vc_hidden-md&#8221;][vc_single_image image=&#8221;5758&#8243; img_size=&#8221;full&#8221;][\/vc_column][\/vc_row]<\/p>\n","protected":false},"excerpt":{"rendered":"<p>[vc_row][vc_column][\/vc_column][\/vc_row][vc_row][vc_column width=&#8221;1\/2&#8243; css=&#8221;.vc_custom_1559125178706{padding-top: 0px !important;}&#8221;][vc_column_text css=&#8221;.vc_custom_1579886739719{border-top-width: 0px !important;padding-top: 0px !important;}&#8221;]Nach den lokalen Legenden im 16. Jahrhundert konfrontierten die Piraten die Handelskomb\u00fcse mit wertvoller Fracht. Die Schlacht fand in dem Kanal zwischen zwei verlassenen Inseln &#8211; Mali Plavnik und Plavnik &#8211; statt. In dieser Schlacht versenkten die Wachen des F\u00fcrsten das Piratenschiff, und nur ein Pirat \u00fcberlebte. Er schaffte es bis zur Insel Plavnik, wo er den Schatz vergrub. Von dort aus verschwand er spurlos und der verborgene Schatz ist noch nicht gefunden worden. Wer wei\u00df, vielleicht haben Sie ja Gl\u00fcck&#8230;<\/p>\n","protected":false},"author":1,"featured_media":0,"parent":8465,"menu_order":0,"comment_status":"closed","ping_status":"closed","template":"","meta":[],"yoast_head":"<!-- This site is optimized with the Yoast SEO plugin v16.0.1 - https:\/\/yoast.com\/wordpress\/plugins\/seo\/ -->\n<title>Bootstouren - Experience Krk<\/title>\n<link rel=\"canonical\" href=\"https:\/\/experiencekrk.com\/de\/familienurlaub\/bootstouren\/\" \/>\n<meta property=\"og:locale\" content=\"de_DE\" \/>\n<meta property=\"og:type\" content=\"article\" \/>\n<meta property=\"og:title\" content=\"Bootstouren - Experience Krk\" \/>\n<meta property=\"og:description\" content=\"[vc_row][vc_column][\/vc_column][\/vc_row][vc_row][vc_column width=&#8221;1\/2&#8243; css=&#8221;.vc_custom_1559125178706{padding-top: 0px !important;}&#8221;][vc_column_text css=&#8221;.vc_custom_1579886739719{border-top-width: 0px !important;padding-top: 0px !important;}&#8221;]Nach den lokalen Legenden im 16. Jahrhundert konfrontierten die Piraten die Handelskomb\u00fcse mit wertvoller Fracht. Die Schlacht fand in dem Kanal zwischen zwei verlassenen Inseln &#8211; Mali Plavnik und Plavnik &#8211; statt. In dieser Schlacht versenkten die Wachen des F\u00fcrsten das Piratenschiff, und nur ein Pirat \u00fcberlebte. Er schaffte es bis zur Insel Plavnik, wo er den Schatz vergrub. Von dort aus verschwand er spurlos und der verborgene Schatz ist noch nicht gefunden worden. Wer wei\u00df, vielleicht haben Sie ja Gl\u00fcck...\" \/>\n<meta property=\"og:url\" content=\"https:\/\/experiencekrk.com\/de\/familienurlaub\/bootstouren\/\" \/>\n<meta property=\"og:site_name\" content=\"Experience Krk\" \/>\n<meta property=\"article:modified_time\" content=\"2020-01-24T17:32:07+00:00\" \/>\n<meta name=\"twitter:card\" content=\"summary_large_image\" \/>\n<meta name=\"twitter:label1\" content=\"Gesch\u00e4tzte Lesezeit\">\n\t<meta name=\"twitter:data1\" content=\"6\u00a0Minuten\">\n<script type=\"application\/ld+json\" class=\"yoast-schema-graph\">{\"@context\":\"https:\/\/schema.org\",\"@graph\":[{\"@type\":\"WebSite\",\"@id\":\"https:\/\/experiencekrk.com\/#website\",\"url\":\"https:\/\/experiencekrk.com\/\",\"name\":\"Experience Krk\",\"description\":\"Cultural Tours, Food &amp; Wine and more\",\"potentialAction\":[{\"@type\":\"SearchAction\",\"target\":\"https:\/\/experiencekrk.com\/?s={search_term_string}\",\"query-input\":\"required name=search_term_string\"}],\"inLanguage\":\"de\"},{\"@type\":\"WebPage\",\"@id\":\"https:\/\/experiencekrk.com\/de\/familienurlaub\/bootstouren\/#webpage\",\"url\":\"https:\/\/experiencekrk.com\/de\/familienurlaub\/bootstouren\/\",\"name\":\"Bootstouren - Experience Krk\",\"isPartOf\":{\"@id\":\"https:\/\/experiencekrk.com\/#website\"},\"datePublished\":\"2019-06-05T12:35:12+00:00\",\"dateModified\":\"2020-01-24T17:32:07+00:00\",\"breadcrumb\":{\"@id\":\"https:\/\/experiencekrk.com\/de\/familienurlaub\/bootstouren\/#breadcrumb\"},\"inLanguage\":\"de\",\"potentialAction\":[{\"@type\":\"ReadAction\",\"target\":[\"https:\/\/experiencekrk.com\/de\/familienurlaub\/bootstouren\/\"]}]},{\"@type\":\"BreadcrumbList\",\"@id\":\"https:\/\/experiencekrk.com\/de\/familienurlaub\/bootstouren\/#breadcrumb\",\"itemListElement\":[{\"@type\":\"ListItem\",\"position\":1,\"item\":{\"@type\":\"WebPage\",\"@id\":\"https:\/\/experiencekrk.com\/de\/\",\"url\":\"https:\/\/experiencekrk.com\/de\/\",\"name\":\"Home\"}},{\"@type\":\"ListItem\",\"position\":2,\"item\":{\"@type\":\"WebPage\",\"@id\":\"https:\/\/experiencekrk.com\/de\/familienurlaub\/\",\"url\":\"https:\/\/experiencekrk.com\/de\/familienurlaub\/\",\"name\":\"Familienurlaub\"}},{\"@type\":\"ListItem\",\"position\":3,\"item\":{\"@type\":\"WebPage\",\"@id\":\"https:\/\/experiencekrk.com\/de\/familienurlaub\/bootstouren\/\",\"url\":\"https:\/\/experiencekrk.com\/de\/familienurlaub\/bootstouren\/\",\"name\":\"Bootstouren\"}}]}]}<\/script>\n<!-- \/ Yoast SEO plugin. -->","_links":{"self":[{"href":"https:\/\/experiencekrk.com\/de\/wp-json\/wp\/v2\/pages\/8481"}],"collection":[{"href":"https:\/\/experiencekrk.com\/de\/wp-json\/wp\/v2\/pages"}],"about":[{"href":"https:\/\/experiencekrk.com\/de\/wp-json\/wp\/v2\/types\/page"}],"author":[{"embeddable":true,"href":"https:\/\/experiencekrk.com\/de\/wp-json\/wp\/v2\/users\/1"}],"replies":[{"embeddable":true,"href":"https:\/\/experiencekrk.com\/de\/wp-json\/wp\/v2\/comments?post=8481"}],"version-history":[{"count":2,"href":"https:\/\/experiencekrk.com\/de\/wp-json\/wp\/v2\/pages\/8481\/revisions"}],"predecessor-version":[{"id":8483,"href":"https:\/\/experiencekrk.com\/de\/wp-json\/wp\/v2\/pages\/8481\/revisions\/8483"}],"up":[{"embeddable":true,"href":"https:\/\/experiencekrk.com\/de\/wp-json\/wp\/v2\/pages\/8465"}],"wp:attachment":[{"href":"https:\/\/experiencekrk.com\/de\/wp-json\/wp\/v2\/media?parent=8481"}],"curies":[{"name":"wp","href":"https:\/\/api.w.org\/{rel}","templated":true}]}}