{"id":8475,"date":"2019-04-15T07:41:28","date_gmt":"2019-04-15T07:41:28","guid":{"rendered":"https:\/\/experiencekrk.com\/familienurlaub\/agrotourism-dvori-sv-jurja\/"},"modified":"2020-01-24T16:52:29","modified_gmt":"2020-01-24T16:52:29","slug":"agrotourismus-dvori-sv-jurja","status":"publish","type":"page","link":"https:\/\/experiencekrk.com\/de\/familienurlaub\/agrotourismus-dvori-sv-jurja\/","title":{"rendered":"Agrotourismus Dvori Sv. Jurja"},"content":{"rendered":"<p>[vc_row][vc_column][vc_row_inner][vc_column_inner width=&#8221;1\/2&#8243;]<div class=\"mkdf-section-title-holder\">\n\t<h1 class=\"mkdf-section-title mkdf-section-title-medium\" >\n\tAgrotourismus Dvori Sv. Jurja<\/h1>\n<\/div>[vc_column_text]<span style=\"font-weight: 400;\">Der Agrotourismus Dvori Sv.Jurja hat einen kleinen Zoo mit Haus- und Nutztieren (Pferde, Kaninchen, H\u00fchner und Esel, um nur einige zu nennen). Er bietet auch tolle Outdoor-Aktivit\u00e4ten f\u00fcr Familien mit Kindern, wie z.B. Reiten und Paintball.<\/span><\/p>\n<p><span style=\"font-weight: 400;\">In ihrem authentischen Steinhaus-Restaurant k\u00f6nnen Sie traditionelle Gerichte wie die Peka, ein traditionelles Backgericht mit Fleisch und Gem\u00fcse, sowie hausgemachte lokale Pasta, namens \u0161urlice, probieren.<\/span>[\/vc_column_text][\/vc_column_inner][vc_column_inner width=&#8221;1\/2&#8243;]<div class=\"mkdf-image-gallery\">\n\t<div class=\"mkdf-image-gallery-slider \" data-autoplay=\"3\" data-animation=\"slide\" data-navigation=\"yes\" data-pagination=\"yes\">\n\t\t\t\t\t\t\t\t\t<img src=\"https:\/\/experiencekrk.com\/wp-content\/uploads\/2019\/06\/City-of-Krk-horse-riding-600x400.jpg\" alt=\"\" width=\"600\" height=\"400\" \/>\t\t\t\t\t\t\t\t\t\t\t\t\t<img src=\"https:\/\/experiencekrk.com\/wp-content\/uploads\/2019\/04\/City-of-Krk-Agrotourism-Dvori-Sv.Jurja-horse-riding-600x400.jpg\" alt=\"\" width=\"600\" height=\"400\" \/>\t\t\t\t\t\t\t\t\t\t\t\t\t<img src=\"https:\/\/experiencekrk.com\/wp-content\/uploads\/2019\/04\/City-of-Krk-Prosciutto-on-wooden-plate-600x400.jpg\" alt=\"\" width=\"600\" height=\"400\" \/>\t\t\t\t\t\t\t<\/div>\n<\/div>[\/vc_column_inner][\/vc_row_inner][vc_empty_space][vc_row_inner][vc_column_inner width=&#8221;1\/4&#8243;][vc_column_text]<strong>Arbeitszeiten:<\/strong><br \/>\n<span style=\"text-decoration: underline;\">Mai &#8211; September:<br \/>\n<\/span><span style=\"font-weight: 400;\">Mo &#8211; So<\/span>: 16:00 &#8211; 23:00<\/p>\n<p><span style=\"text-decoration: underline;\"><span style=\"font-weight: 400;\">Oktober &#8211; Apri<\/span>l:<\/span><br \/>\n<span style=\"font-weight: 400;\">Nur f\u00fcr Vorbestellungen und Gruppenreservierungen ge\u00f6ffnet<\/span><\/p>\n<p>Mobil: <a href=\"tel:+385915053391\">+385 91 505 3391<\/a><br \/>\nAdresss: Bok od Brozi\u0107a 100, 51500 Vrh<br \/>\nInternet: <a href=\"http:\/\/www.krk-agroturizam.com\" target=\"_blank\" rel=\"noopener noreferrer\">www.krk-agroturizam.com<\/a>[\/vc_column_text][\/vc_column_inner][vc_column_inner width=&#8221;3\/4&#8243;][vc_raw_html]JTNDaWZyYW1lJTIwc3JjJTNEJTIyaHR0cHMlM0ElMkYlMkZ3d3cuZ29vZ2xlLmNvbSUyRm1hcHMlMkZlbWJlZCUzRnBiJTNEJTIxMW0xOCUyMTFtMTIlMjExbTMlMjExZDM1Mjk3Ljg4NDM4ODgyNjQxJTIxMmQxNC41MzY5MzcwODI4MjQxOSUyMTNkNDUuMDI1NjYxMzMzNDgyMTQlMjEybTMlMjExZjAlMjEyZjAlMjEzZjAlMjEzbTIlMjExaTEwMjQlMjEyaTc2OCUyMTRmMTMuMSUyMTNtMyUyMTFtMiUyMTFzMHg0NzYzNmRjN2Y1NmY4NjQ5JTI1M0EweDVkNWRlMjZmMTMxYTBjYWElMjEyc0Fncm90dXJpemFtJTJCRHZvcmklMkJTdmV0b2clMkJKdXJqYSUyMTVlMCUyMTNtMiUyMTFzZW4lMjEyc2hyJTIxNHYxNTU1MzE0NjEyNTUyJTIxNW0yJTIxMXNlbiUyMTJzaHIlMjIlMjB3aWR0aCUzRCUyMjk4MCUyMiUyMGhlaWdodCUzRCUyMjM1MCUyMiUyMGZyYW1lYm9yZGVyJTNEJTIyMCUyMiUyMHN0eWxlJTNEJTIyYm9yZGVyJTNBMCUyMiUyMGFsbG93ZnVsbHNjcmVlbiUzRSUzQyUyRmlmcmFtZSUzRQ==[\/vc_raw_html][\/vc_column_inner][\/vc_row_inner][\/vc_column][\/vc_row]<\/p>\n","protected":false},"excerpt":{"rendered":"<p>[vc_row][vc_column][vc_row_inner][vc_column_inner width=&#8221;1\/2&#8243;][vc_column_text]Der Agrotourismus Dvori Sv.Jurja hat einen kleinen Zoo mit Haus- und Nutztieren (Pferde, Kaninchen, H\u00fchner und Esel, um nur einige zu nennen). Er bietet auch tolle Outdoor-Aktivit\u00e4ten f\u00fcr Familien mit Kindern, wie z.B. Reiten und Paintball. In ihrem authentischen Steinhaus-Restaurant k\u00f6nnen Sie traditionelle Gerichte wie die Peka, ein traditionelles Backgericht mit Fleisch und Gem\u00fcse, sowie hausgemachte lokale Pasta, namens \u0161urlice, probieren.[\/vc_column_text][\/vc_column_inner][vc_column_inner width=&#8221;1\/2&#8243;][\/vc_column_inner][\/vc_row_inner][vc_empty_space][vc_row_inner][vc_column_inner width=&#8221;1\/4&#8243;][vc_column_text]Arbeitszeiten: Mai &#8211; September: Mo &#8211; So: 16:00 &#8211; 23:00 Oktober &#8211; April: Nur f\u00fcr Vorbestellungen und Gruppenreservierungen ge\u00f6ffnet Mobil: +385 91 505 3391 Adresss: Bok od&#8230;<\/p>\n","protected":false},"author":1,"featured_media":0,"parent":8465,"menu_order":0,"comment_status":"closed","ping_status":"closed","template":"","meta":[],"yoast_head":"<!-- This site is optimized with the Yoast SEO plugin v16.0.1 - https:\/\/yoast.com\/wordpress\/plugins\/seo\/ -->\n<title>Agrotourismus Dvori Sv. Jurja - Experience Krk<\/title>\n<link rel=\"canonical\" href=\"https:\/\/experiencekrk.com\/de\/familienurlaub\/agrotourismus-dvori-sv-jurja\/\" \/>\n<meta property=\"og:locale\" content=\"de_DE\" \/>\n<meta property=\"og:type\" content=\"article\" \/>\n<meta property=\"og:title\" content=\"Agrotourismus Dvori Sv. Jurja - Experience Krk\" \/>\n<meta property=\"og:description\" content=\"[vc_row][vc_column][vc_row_inner][vc_column_inner width=&#8221;1\/2&#8243;][vc_column_text]Der Agrotourismus Dvori Sv.Jurja hat einen kleinen Zoo mit Haus- und Nutztieren (Pferde, Kaninchen, H\u00fchner und Esel, um nur einige zu nennen). Er bietet auch tolle Outdoor-Aktivit\u00e4ten f\u00fcr Familien mit Kindern, wie z.B. Reiten und Paintball. In ihrem authentischen Steinhaus-Restaurant k\u00f6nnen Sie traditionelle Gerichte wie die Peka, ein traditionelles Backgericht mit Fleisch und Gem\u00fcse, sowie hausgemachte lokale Pasta, namens \u0161urlice, probieren.[\/vc_column_text][\/vc_column_inner][vc_column_inner width=&#8221;1\/2&#8243;][\/vc_column_inner][\/vc_row_inner][vc_empty_space][vc_row_inner][vc_column_inner width=&#8221;1\/4&#8243;][vc_column_text]Arbeitszeiten: Mai &#8211; September: Mo &#8211; So: 16:00 &#8211; 23:00 Oktober &#8211; April: Nur f\u00fcr Vorbestellungen und Gruppenreservierungen ge\u00f6ffnet Mobil: +385 91 505 3391 Adresss: Bok od...\" \/>\n<meta property=\"og:url\" content=\"https:\/\/experiencekrk.com\/de\/familienurlaub\/agrotourismus-dvori-sv-jurja\/\" \/>\n<meta property=\"og:site_name\" content=\"Experience Krk\" \/>\n<meta property=\"article:modified_time\" content=\"2020-01-24T16:52:29+00:00\" \/>\n<meta name=\"twitter:card\" content=\"summary_large_image\" \/>\n<meta name=\"twitter:label1\" content=\"Gesch\u00e4tzte Lesezeit\">\n\t<meta name=\"twitter:data1\" content=\"1\u00a0Minute\">\n<script type=\"application\/ld+json\" class=\"yoast-schema-graph\">{\"@context\":\"https:\/\/schema.org\",\"@graph\":[{\"@type\":\"WebSite\",\"@id\":\"https:\/\/experiencekrk.com\/#website\",\"url\":\"https:\/\/experiencekrk.com\/\",\"name\":\"Experience Krk\",\"description\":\"Cultural Tours, Food &amp; Wine and more\",\"potentialAction\":[{\"@type\":\"SearchAction\",\"target\":\"https:\/\/experiencekrk.com\/?s={search_term_string}\",\"query-input\":\"required name=search_term_string\"}],\"inLanguage\":\"de\"},{\"@type\":\"WebPage\",\"@id\":\"https:\/\/experiencekrk.com\/de\/familienurlaub\/agrotourismus-dvori-sv-jurja\/#webpage\",\"url\":\"https:\/\/experiencekrk.com\/de\/familienurlaub\/agrotourismus-dvori-sv-jurja\/\",\"name\":\"Agrotourismus Dvori Sv. Jurja - Experience Krk\",\"isPartOf\":{\"@id\":\"https:\/\/experiencekrk.com\/#website\"},\"datePublished\":\"2019-04-15T07:41:28+00:00\",\"dateModified\":\"2020-01-24T16:52:29+00:00\",\"breadcrumb\":{\"@id\":\"https:\/\/experiencekrk.com\/de\/familienurlaub\/agrotourismus-dvori-sv-jurja\/#breadcrumb\"},\"inLanguage\":\"de\",\"potentialAction\":[{\"@type\":\"ReadAction\",\"target\":[\"https:\/\/experiencekrk.com\/de\/familienurlaub\/agrotourismus-dvori-sv-jurja\/\"]}]},{\"@type\":\"BreadcrumbList\",\"@id\":\"https:\/\/experiencekrk.com\/de\/familienurlaub\/agrotourismus-dvori-sv-jurja\/#breadcrumb\",\"itemListElement\":[{\"@type\":\"ListItem\",\"position\":1,\"item\":{\"@type\":\"WebPage\",\"@id\":\"https:\/\/experiencekrk.com\/de\/\",\"url\":\"https:\/\/experiencekrk.com\/de\/\",\"name\":\"Home\"}},{\"@type\":\"ListItem\",\"position\":2,\"item\":{\"@type\":\"WebPage\",\"@id\":\"https:\/\/experiencekrk.com\/de\/familienurlaub\/\",\"url\":\"https:\/\/experiencekrk.com\/de\/familienurlaub\/\",\"name\":\"Familienurlaub\"}},{\"@type\":\"ListItem\",\"position\":3,\"item\":{\"@type\":\"WebPage\",\"@id\":\"https:\/\/experiencekrk.com\/de\/familienurlaub\/agrotourismus-dvori-sv-jurja\/\",\"url\":\"https:\/\/experiencekrk.com\/de\/familienurlaub\/agrotourismus-dvori-sv-jurja\/\",\"name\":\"Agrotourismus Dvori Sv. Jurja\"}}]}]}<\/script>\n<!-- \/ Yoast SEO plugin. -->","_links":{"self":[{"href":"https:\/\/experiencekrk.com\/de\/wp-json\/wp\/v2\/pages\/8475"}],"collection":[{"href":"https:\/\/experiencekrk.com\/de\/wp-json\/wp\/v2\/pages"}],"about":[{"href":"https:\/\/experiencekrk.com\/de\/wp-json\/wp\/v2\/types\/page"}],"author":[{"embeddable":true,"href":"https:\/\/experiencekrk.com\/de\/wp-json\/wp\/v2\/users\/1"}],"replies":[{"embeddable":true,"href":"https:\/\/experiencekrk.com\/de\/wp-json\/wp\/v2\/comments?post=8475"}],"version-history":[{"count":2,"href":"https:\/\/experiencekrk.com\/de\/wp-json\/wp\/v2\/pages\/8475\/revisions"}],"predecessor-version":[{"id":8478,"href":"https:\/\/experiencekrk.com\/de\/wp-json\/wp\/v2\/pages\/8475\/revisions\/8478"}],"up":[{"embeddable":true,"href":"https:\/\/experiencekrk.com\/de\/wp-json\/wp\/v2\/pages\/8465"}],"wp:attachment":[{"href":"https:\/\/experiencekrk.com\/de\/wp-json\/wp\/v2\/media?parent=8475"}],"curies":[{"name":"wp","href":"https:\/\/api.w.org\/{rel}","templated":true}]}}