{"id":8470,"date":"2019-06-05T09:46:44","date_gmt":"2019-06-05T09:46:44","guid":{"rendered":"https:\/\/experiencekrk.com\/familienurlaub\/active-family-vacation\/"},"modified":"2020-01-24T16:48:00","modified_gmt":"2020-01-24T16:48:00","slug":"aktiver-familienurlaub","status":"publish","type":"page","link":"https:\/\/experiencekrk.com\/de\/familienurlaub\/aktiver-familienurlaub\/","title":{"rendered":"Aktiver Familienurlaub"},"content":{"rendered":"<p>[vc_row][vc_column]<div class=\"mkdf-section-title-holder\">\n\t<h1 class=\"mkdf-section-title mkdf-section-title-medium\" >\n\tAktiver Familienurlaub<\/h1>\n<\/div>[\/vc_column][\/vc_row][vc_row][vc_column width=&#8221;1\/2&#8243; css=&#8221;.vc_custom_1559125178706{padding-top: 0px !important;}&#8221;][vc_column_text css=&#8221;.vc_custom_1579884052478{border-top-width: 0px !important;padding-top: 0px !important;}&#8221;]<span style=\"font-weight: 400;\">Die Stadt Krk hat den Familien, die das ganze Jahr \u00fcber einen aktiven Urlaub suchen, viel zu bieten. Es gibt mehrere Fahrradwege, die f\u00fcr das Reiten mit Kindern geeignet sind. Einer von ihnen ist die Fahrradkarte, die die Halbinsel Prinba umrundet &#8211; <\/span><a href=\"https:\/\/www.bikemap.net\/en\/r\/4945274\/\"><span style=\"font-weight: 400;\">siehe Karte<\/span><\/a><span style=\"font-weight: 400;\">. Bei der <\/span><a href=\"https:\/\/experiencekrk.com\/de\/abenteuerreisen\/wakeboard-cable-krk\/\"><span style=\"font-weight: 400;\">Wakeboard-Seilbahn Krk<\/span><\/a><span style=\"font-weight: 400;\"> k\u00f6nnen Sie sich der Wakeboard-Schule f\u00fcr Kinder anschlie\u00dfen.<\/span><\/p>\n<p><span style=\"font-weight: 400;\">Am Strand Dra\u017eice und auf dem Gel\u00e4nde des Campingplatzes Krk gibt es verschiedene Sportfreizeiteinrichtungen wie Tennis-, Volleyball- und Basketballplatz, Minigolfplatz, Tischtennis, Badminton-\/Speedmintonplatz&#8230; In den Sommermonaten k\u00f6nnen sich die Kleinsten am Strand Dra\u017eice auf Wasserrutschen und Wassertrampolin vergn\u00fcgen.<\/span>[\/vc_column_text][vc_column_text][\/vc_column_text][\/vc_column][vc_column width=&#8221;1\/2&#8243; css=&#8221;.vc_custom_1559125192021{border-top-width: 0px !important;padding-top: 10px !important;}&#8221;]<div class=\"mkdf-image-gallery\">\n\t<div class=\"mkdf-image-gallery-slider \" data-autoplay=\"5\" data-animation=\"slide\" data-navigation=\"yes\" data-pagination=\"yes\">\n\t\t\t\t\t\t\t\t\t<img width=\"600\" height=\"400\" src=\"https:\/\/experiencekrk.com\/wp-content\/uploads\/2019\/06\/City-of-Krk-water-trampolin.jpg\" class=\"attachment-full size-full\" alt=\"\" loading=\"lazy\" srcset=\"https:\/\/experiencekrk.com\/wp-content\/uploads\/2019\/06\/City-of-Krk-water-trampolin.jpg 600w, https:\/\/experiencekrk.com\/wp-content\/uploads\/2019\/06\/City-of-Krk-water-trampolin-300x200.jpg 300w\" sizes=\"(max-width: 600px) 100vw, 600px\" \/>\t\t\t\t\t\t\t\t\t\t\t\t\t<img width=\"600\" height=\"400\" src=\"https:\/\/experiencekrk.com\/wp-content\/uploads\/2019\/06\/City-of-Krk-water-trampolin-at-beach-Drazice.jpg\" class=\"attachment-full size-full\" alt=\"\" loading=\"lazy\" srcset=\"https:\/\/experiencekrk.com\/wp-content\/uploads\/2019\/06\/City-of-Krk-water-trampolin-at-beach-Drazice.jpg 600w, https:\/\/experiencekrk.com\/wp-content\/uploads\/2019\/06\/City-of-Krk-water-trampolin-at-beach-Drazice-300x200.jpg 300w\" sizes=\"(max-width: 600px) 100vw, 600px\" \/>\t\t\t\t\t\t\t\t\t\t\t\t\t<img width=\"600\" height=\"400\" src=\"https:\/\/experiencekrk.com\/wp-content\/uploads\/2019\/06\/City-of-Krk-beach-Drazice-and-water-trampolin.jpg\" class=\"attachment-full size-full\" alt=\"\" loading=\"lazy\" srcset=\"https:\/\/experiencekrk.com\/wp-content\/uploads\/2019\/06\/City-of-Krk-beach-Drazice-and-water-trampolin.jpg 600w, https:\/\/experiencekrk.com\/wp-content\/uploads\/2019\/06\/City-of-Krk-beach-Drazice-and-water-trampolin-300x200.jpg 300w\" sizes=\"(max-width: 600px) 100vw, 600px\" \/>\t\t\t\t\t\t\t\t\t\t\t\t\t<img width=\"600\" height=\"400\" src=\"https:\/\/experiencekrk.com\/wp-content\/uploads\/2019\/06\/City-of-Krk-bay-at-beach-Drazice.jpg\" class=\"attachment-full size-full\" alt=\"\" loading=\"lazy\" srcset=\"https:\/\/experiencekrk.com\/wp-content\/uploads\/2019\/06\/City-of-Krk-bay-at-beach-Drazice.jpg 600w, https:\/\/experiencekrk.com\/wp-content\/uploads\/2019\/06\/City-of-Krk-bay-at-beach-Drazice-300x200.jpg 300w\" sizes=\"(max-width: 600px) 100vw, 600px\" \/>\t\t\t\t\t\t\t\t\t\t\t\t\t<img width=\"600\" height=\"400\" src=\"https:\/\/experiencekrk.com\/wp-content\/uploads\/2019\/06\/City-of-Krk-water-sports-at-beach-Drazice.jpg\" class=\"attachment-full size-full\" alt=\"\" loading=\"lazy\" srcset=\"https:\/\/experiencekrk.com\/wp-content\/uploads\/2019\/06\/City-of-Krk-water-sports-at-beach-Drazice.jpg 600w, https:\/\/experiencekrk.com\/wp-content\/uploads\/2019\/06\/City-of-Krk-water-sports-at-beach-Drazice-300x200.jpg 300w\" sizes=\"(max-width: 600px) 100vw, 600px\" \/>\t\t\t\t\t\t\t<\/div>\n<\/div>[\/vc_column][\/vc_row][vc_row][vc_column]<div class=\"mkdf-section-title-holder\">\n\t<h1 class=\"mkdf-section-title mkdf-section-title-small\" >\n\tStandort<\/h1>\n<\/div>[vc_raw_html]JTNDaWZyYW1lJTIwc3JjJTNEJTIyaHR0cHMlM0ElMkYlMkZ3d3cuZ29vZ2xlLmNvbSUyRm1hcHMlMkZlbWJlZCUzRnBiJTNEJTIxMW0xOCUyMTFtMTIlMjExbTMlMjExZDQyMjg0LjU1MjUxMjY2MTgxJTIxMmQxNC41NjAyMzY1NDQ3MjgxOTElMjEzZDQ1LjAyMDQwOTg1NDUwNzElMjEybTMlMjExZjAlMjEyZjAlMjEzZjAlMjEzbTIlMjExaTEwMjQlMjEyaTc2OCUyMTRmMTMuMSUyMTNtMyUyMTFtMiUyMTFzMHg0NzYzNzIxNGU1MjJlMTFkJTI1M0EweGM1MjU2MWJlNThkNTA1ZTAlMjEyelVHeGh4YjVoSUVSeVljVy1hV05oJTIxNWUwJTIxM20yJTIxMXNlbiUyMTJzaHIlMjE0djE1NTk3Mzc0OTIxMDUlMjE1bTIlMjExc2VuJTIxMnNociUyMiUyMHdpZHRoJTNEJTIyOTgwJTIyJTIwaGVpZ2h0JTNEJTIyMzUwJTIyJTIwZnJhbWVib3JkZXIlM0QlMjIwJTIyJTIwc3R5bGUlM0QlMjJib3JkZXIlM0EwJTIyJTIwYWxsb3dmdWxsc2NyZWVuJTNFJTNDJTJGaWZyYW1lJTNF[\/vc_raw_html]<div class=\"mkdf-separator-holder clearfix  mkdf-separator-center mkdf-separator-full-width\">\n\t<div class=\"mkdf-separator\" style=\"border-color: #ebebeb;border-style: solid;border-bottom-width: 1px;margin-top: 20px;margin-bottom: 45px\"><\/div>\n<\/div>\n[vc_empty_space height=&#8221;40px&#8221;][\/vc_column][\/vc_row][vc_row][vc_column width=&#8221;1\/2&#8243; css=&#8221;.vc_custom_1559123188863{padding-top: 15px !important;}&#8221;]<div class=\"mkdf-section-title-holder\">\n\t<h1 class=\"mkdf-section-title mkdf-section-title-medium\" >\n\tAktivit\u00e4tszentrum Krk <\/h1>\n<\/div>[vc_column_text css=&#8221;.vc_custom_1579884397804{border-top-width: 0px !important;padding-top: 0px !important;}&#8221;]<span style=\"font-weight: 400;\">Das Aktivit\u00e4tszentrum Krk ist ein Trainingskomplex im Freien, der sich im Schatten des Kiefernwaldes mit Blick auf das Meer befindet. Der Komplex ist nach den Workout-Standards gebaut und bietet auch die M\u00f6glichkeit, ein Einzel- oder Gruppentraining f\u00fcr verschiedene Trainingsprogramme (Basic Fitness, Crossfit-Elemente, Parkour-Kurse, Grundkoordination &#8230;) zu planen.<\/span><\/p>\n<p><span style=\"font-weight: 400;\">F\u00fcr weitere Informationen bez\u00fcglich des organisierten Trainings finden Sie mehr auf der Facebook-Seite<\/span>: <a href=\"https:\/\/www.facebook.com\/activitycenterkrk\/\" target=\"_blank\" rel=\"noopener noreferrer\">Activity center Krk<\/a><br \/>\n<span style=\"font-weight: 400;\">oder schreiben Sie ihnen direkt an<\/span>\u00a0<a href=\"mailto:activitieskrk@gmail.com\">activitieskrk@gmail.com<\/a>.[\/vc_column_text][vc_column_text][\/vc_column_text][\/vc_column][vc_column width=&#8221;1\/2&#8243; css=&#8221;.vc_custom_1559125093053{border-top-width: 0px !important;padding-top: 25px !important;}&#8221;]<div class=\"mkdf-image-gallery\">\n\t<div class=\"mkdf-image-gallery-slider \" data-autoplay=\"5\" data-animation=\"slide\" data-navigation=\"yes\" data-pagination=\"yes\">\n\t\t\t\t\t\t\t\t\t<img width=\"600\" height=\"400\" src=\"https:\/\/experiencekrk.com\/wp-content\/uploads\/2019\/06\/City-of-Krk-active-center-krk-2.jpg\" class=\"attachment-full size-full\" alt=\"\" loading=\"lazy\" srcset=\"https:\/\/experiencekrk.com\/wp-content\/uploads\/2019\/06\/City-of-Krk-active-center-krk-2.jpg 600w, https:\/\/experiencekrk.com\/wp-content\/uploads\/2019\/06\/City-of-Krk-active-center-krk-2-300x200.jpg 300w\" sizes=\"(max-width: 600px) 100vw, 600px\" \/>\t\t\t\t\t\t\t\t\t\t\t\t\t<img width=\"600\" height=\"400\" src=\"https:\/\/experiencekrk.com\/wp-content\/uploads\/2019\/06\/City-of-Krk-active-center-krk.jpg\" class=\"attachment-full size-full\" alt=\"\" loading=\"lazy\" srcset=\"https:\/\/experiencekrk.com\/wp-content\/uploads\/2019\/06\/City-of-Krk-active-center-krk.jpg 600w, https:\/\/experiencekrk.com\/wp-content\/uploads\/2019\/06\/City-of-Krk-active-center-krk-300x200.jpg 300w\" sizes=\"(max-width: 600px) 100vw, 600px\" \/>\t\t\t\t\t\t\t\t\t\t\t\t\t<img width=\"600\" height=\"400\" src=\"https:\/\/experiencekrk.com\/wp-content\/uploads\/2019\/06\/City-of-Krk-active-center-krk-4.jpg\" class=\"attachment-full size-full\" alt=\"\" loading=\"lazy\" srcset=\"https:\/\/experiencekrk.com\/wp-content\/uploads\/2019\/06\/City-of-Krk-active-center-krk-4.jpg 600w, https:\/\/experiencekrk.com\/wp-content\/uploads\/2019\/06\/City-of-Krk-active-center-krk-4-300x200.jpg 300w\" sizes=\"(max-width: 600px) 100vw, 600px\" \/>\t\t\t\t\t\t\t\t\t\t\t\t\t<img width=\"600\" height=\"400\" src=\"https:\/\/experiencekrk.com\/wp-content\/uploads\/2019\/06\/City-of-Krk-active-center-krk-7.jpg\" class=\"attachment-full size-full\" alt=\"\" loading=\"lazy\" srcset=\"https:\/\/experiencekrk.com\/wp-content\/uploads\/2019\/06\/City-of-Krk-active-center-krk-7.jpg 600w, https:\/\/experiencekrk.com\/wp-content\/uploads\/2019\/06\/City-of-Krk-active-center-krk-7-300x200.jpg 300w\" sizes=\"(max-width: 600px) 100vw, 600px\" \/>\t\t\t\t\t\t\t\t\t\t\t\t\t<img width=\"600\" height=\"400\" src=\"https:\/\/experiencekrk.com\/wp-content\/uploads\/2019\/06\/City-of-Krk-active-center-krk-6.jpg\" class=\"attachment-full size-full\" alt=\"\" loading=\"lazy\" srcset=\"https:\/\/experiencekrk.com\/wp-content\/uploads\/2019\/06\/City-of-Krk-active-center-krk-6.jpg 600w, https:\/\/experiencekrk.com\/wp-content\/uploads\/2019\/06\/City-of-Krk-active-center-krk-6-300x200.jpg 300w\" sizes=\"(max-width: 600px) 100vw, 600px\" \/>\t\t\t\t\t\t\t\t\t\t\t\t\t<img width=\"600\" height=\"400\" src=\"https:\/\/experiencekrk.com\/wp-content\/uploads\/2019\/06\/City-of-Krk-active-center-krk-5.jpg\" class=\"attachment-full size-full\" alt=\"\" loading=\"lazy\" srcset=\"https:\/\/experiencekrk.com\/wp-content\/uploads\/2019\/06\/City-of-Krk-active-center-krk-5.jpg 600w, https:\/\/experiencekrk.com\/wp-content\/uploads\/2019\/06\/City-of-Krk-active-center-krk-5-300x200.jpg 300w\" sizes=\"(max-width: 600px) 100vw, 600px\" \/>\t\t\t\t\t\t\t\t\t\t\t\t\t<img width=\"600\" height=\"400\" src=\"https:\/\/experiencekrk.com\/wp-content\/uploads\/2019\/06\/City-of-Krk-active-center-krk-3.jpg\" class=\"attachment-full size-full\" alt=\"\" loading=\"lazy\" srcset=\"https:\/\/experiencekrk.com\/wp-content\/uploads\/2019\/06\/City-of-Krk-active-center-krk-3.jpg 600w, https:\/\/experiencekrk.com\/wp-content\/uploads\/2019\/06\/City-of-Krk-active-center-krk-3-300x200.jpg 300w\" sizes=\"(max-width: 600px) 100vw, 600px\" \/>\t\t\t\t\t\t\t<\/div>\n<\/div>[\/vc_column][\/vc_row][vc_row][vc_column]<div class=\"mkdf-section-title-holder\">\n\t<h1 class=\"mkdf-section-title mkdf-section-title-small\" >\n\tStandort<\/h1>\n<\/div>[vc_raw_html]JTNDaWZyYW1lJTIwc3JjJTNEJTIyaHR0cHMlM0ElMkYlMkZ3d3cuZ29vZ2xlLmNvbSUyRm1hcHMlMkZlbWJlZCUzRnBiJTNEJTIxMW0xOCUyMTFtMTIlMjExbTMlMjExZDk5NzYuOTMwMTAzODExMjQlMjEyZDE0LjU3NDgzODgwNTE2Njk3MyUyMTNkNDUuMDI1NTUyMTA3Njg0MzElMjEybTMlMjExZjAlMjEyZjAlMjEzZjAlMjEzbTIlMjExaTEwMjQlMjEyaTc2OCUyMTRmMTMuMSUyMTNtMyUyMTFtMiUyMTFzMHg0NzYzNzIxNTFhNGY4OTk1JTI1M0EweDkyZTM3MGIzN2IwOGU5MWUlMjEyc0FjdGl2aXR5JTJCY2VudGVyJTJCS3JrJTIxNWUwJTIxM20yJTIxMXNlbiUyMTJzaHIlMjE0djE1NTk3Mzc3MzEzMjAlMjE1bTIlMjExc2VuJTIxMnNociUyMiUyMHdpZHRoJTNEJTIyOTgwJTIyJTIwaGVpZ2h0JTNEJTIyMzUwJTIyJTIwZnJhbWVib3JkZXIlM0QlMjIwJTIyJTIwc3R5bGUlM0QlMjJib3JkZXIlM0EwJTIyJTIwYWxsb3dmdWxsc2NyZWVuJTNFJTNDJTJGaWZyYW1lJTNF[\/vc_raw_html][vc_empty_space height=&#8221;40px&#8221;][\/vc_column][\/vc_row]<\/p>\n","protected":false},"excerpt":{"rendered":"<p>[vc_row][vc_column][\/vc_column][\/vc_row][vc_row][vc_column width=&#8221;1\/2&#8243; css=&#8221;.vc_custom_1559125178706{padding-top: 0px !important;}&#8221;][vc_column_text css=&#8221;.vc_custom_1579884052478{border-top-width: 0px !important;padding-top: 0px !important;}&#8221;]Die Stadt Krk hat den Familien, die das ganze Jahr \u00fcber einen aktiven Urlaub suchen, viel zu bieten. Es gibt mehrere Fahrradwege, die f\u00fcr das Reiten mit Kindern geeignet sind. Einer von ihnen ist die Fahrradkarte, die die Halbinsel Prinba umrundet &#8211; siehe Karte. Bei der Wakeboard-Seilbahn Krk k\u00f6nnen Sie sich der Wakeboard-Schule f\u00fcr Kinder anschlie\u00dfen. Am Strand Dra\u017eice und auf dem Gel\u00e4nde des Campingplatzes Krk gibt es verschiedene Sportfreizeiteinrichtungen wie Tennis-, Volleyball- und Basketballplatz, Minigolfplatz, Tischtennis, Badminton-\/Speedmintonplatz&#8230; In den Sommermonaten&#8230;<\/p>\n","protected":false},"author":1,"featured_media":0,"parent":8465,"menu_order":0,"comment_status":"closed","ping_status":"closed","template":"","meta":[],"yoast_head":"<!-- This site is optimized with the Yoast SEO plugin v16.0.1 - https:\/\/yoast.com\/wordpress\/plugins\/seo\/ -->\n<title>Aktiver Familienurlaub - Experience Krk<\/title>\n<link rel=\"canonical\" href=\"https:\/\/experiencekrk.com\/de\/familienurlaub\/aktiver-familienurlaub\/\" \/>\n<meta property=\"og:locale\" content=\"de_DE\" \/>\n<meta property=\"og:type\" content=\"article\" \/>\n<meta property=\"og:title\" content=\"Aktiver Familienurlaub - Experience Krk\" \/>\n<meta property=\"og:description\" content=\"[vc_row][vc_column][\/vc_column][\/vc_row][vc_row][vc_column width=&#8221;1\/2&#8243; css=&#8221;.vc_custom_1559125178706{padding-top: 0px !important;}&#8221;][vc_column_text css=&#8221;.vc_custom_1579884052478{border-top-width: 0px !important;padding-top: 0px !important;}&#8221;]Die Stadt Krk hat den Familien, die das ganze Jahr \u00fcber einen aktiven Urlaub suchen, viel zu bieten. Es gibt mehrere Fahrradwege, die f\u00fcr das Reiten mit Kindern geeignet sind. Einer von ihnen ist die Fahrradkarte, die die Halbinsel Prinba umrundet &#8211; siehe Karte. Bei der Wakeboard-Seilbahn Krk k\u00f6nnen Sie sich der Wakeboard-Schule f\u00fcr Kinder anschlie\u00dfen. Am Strand Dra\u017eice und auf dem Gel\u00e4nde des Campingplatzes Krk gibt es verschiedene Sportfreizeiteinrichtungen wie Tennis-, Volleyball- und Basketballplatz, Minigolfplatz, Tischtennis, Badminton-\/Speedmintonplatz&#8230; In den Sommermonaten...\" \/>\n<meta property=\"og:url\" content=\"https:\/\/experiencekrk.com\/de\/familienurlaub\/aktiver-familienurlaub\/\" \/>\n<meta property=\"og:site_name\" content=\"Experience Krk\" \/>\n<meta property=\"article:modified_time\" content=\"2020-01-24T16:48:00+00:00\" \/>\n<meta name=\"twitter:card\" content=\"summary_large_image\" \/>\n<meta name=\"twitter:label1\" content=\"Gesch\u00e4tzte Lesezeit\">\n\t<meta name=\"twitter:data1\" content=\"3\u00a0Minuten\">\n<script type=\"application\/ld+json\" class=\"yoast-schema-graph\">{\"@context\":\"https:\/\/schema.org\",\"@graph\":[{\"@type\":\"WebSite\",\"@id\":\"https:\/\/experiencekrk.com\/#website\",\"url\":\"https:\/\/experiencekrk.com\/\",\"name\":\"Experience Krk\",\"description\":\"Cultural Tours, Food &amp; Wine and more\",\"potentialAction\":[{\"@type\":\"SearchAction\",\"target\":\"https:\/\/experiencekrk.com\/?s={search_term_string}\",\"query-input\":\"required name=search_term_string\"}],\"inLanguage\":\"de\"},{\"@type\":\"WebPage\",\"@id\":\"https:\/\/experiencekrk.com\/de\/familienurlaub\/aktiver-familienurlaub\/#webpage\",\"url\":\"https:\/\/experiencekrk.com\/de\/familienurlaub\/aktiver-familienurlaub\/\",\"name\":\"Aktiver Familienurlaub - Experience Krk\",\"isPartOf\":{\"@id\":\"https:\/\/experiencekrk.com\/#website\"},\"datePublished\":\"2019-06-05T09:46:44+00:00\",\"dateModified\":\"2020-01-24T16:48:00+00:00\",\"breadcrumb\":{\"@id\":\"https:\/\/experiencekrk.com\/de\/familienurlaub\/aktiver-familienurlaub\/#breadcrumb\"},\"inLanguage\":\"de\",\"potentialAction\":[{\"@type\":\"ReadAction\",\"target\":[\"https:\/\/experiencekrk.com\/de\/familienurlaub\/aktiver-familienurlaub\/\"]}]},{\"@type\":\"BreadcrumbList\",\"@id\":\"https:\/\/experiencekrk.com\/de\/familienurlaub\/aktiver-familienurlaub\/#breadcrumb\",\"itemListElement\":[{\"@type\":\"ListItem\",\"position\":1,\"item\":{\"@type\":\"WebPage\",\"@id\":\"https:\/\/experiencekrk.com\/de\/\",\"url\":\"https:\/\/experiencekrk.com\/de\/\",\"name\":\"Home\"}},{\"@type\":\"ListItem\",\"position\":2,\"item\":{\"@type\":\"WebPage\",\"@id\":\"https:\/\/experiencekrk.com\/de\/familienurlaub\/\",\"url\":\"https:\/\/experiencekrk.com\/de\/familienurlaub\/\",\"name\":\"Familienurlaub\"}},{\"@type\":\"ListItem\",\"position\":3,\"item\":{\"@type\":\"WebPage\",\"@id\":\"https:\/\/experiencekrk.com\/de\/familienurlaub\/aktiver-familienurlaub\/\",\"url\":\"https:\/\/experiencekrk.com\/de\/familienurlaub\/aktiver-familienurlaub\/\",\"name\":\"Aktiver Familienurlaub\"}}]}]}<\/script>\n<!-- \/ Yoast SEO plugin. -->","_links":{"self":[{"href":"https:\/\/experiencekrk.com\/de\/wp-json\/wp\/v2\/pages\/8470"}],"collection":[{"href":"https:\/\/experiencekrk.com\/de\/wp-json\/wp\/v2\/pages"}],"about":[{"href":"https:\/\/experiencekrk.com\/de\/wp-json\/wp\/v2\/types\/page"}],"author":[{"embeddable":true,"href":"https:\/\/experiencekrk.com\/de\/wp-json\/wp\/v2\/users\/1"}],"replies":[{"embeddable":true,"href":"https:\/\/experiencekrk.com\/de\/wp-json\/wp\/v2\/comments?post=8470"}],"version-history":[{"count":2,"href":"https:\/\/experiencekrk.com\/de\/wp-json\/wp\/v2\/pages\/8470\/revisions"}],"predecessor-version":[{"id":8473,"href":"https:\/\/experiencekrk.com\/de\/wp-json\/wp\/v2\/pages\/8470\/revisions\/8473"}],"up":[{"embeddable":true,"href":"https:\/\/experiencekrk.com\/de\/wp-json\/wp\/v2\/pages\/8465"}],"wp:attachment":[{"href":"https:\/\/experiencekrk.com\/de\/wp-json\/wp\/v2\/media?parent=8470"}],"curies":[{"name":"wp","href":"https:\/\/api.w.org\/{rel}","templated":true}]}}