{"id":8465,"date":"2019-04-15T06:54:15","date_gmt":"2019-04-15T06:54:15","guid":{"rendered":"https:\/\/experiencekrk.com\/family-vacation\/"},"modified":"2024-03-10T20:47:09","modified_gmt":"2024-03-10T20:47:09","slug":"familienurlaub","status":"publish","type":"page","link":"https:\/\/experiencekrk.com\/de\/familienurlaub\/","title":{"rendered":"Familienurlaub"},"content":{"rendered":"<p>[vc_row][vc_column]<div class=\"mkdf-section-title-holder\">\n\t<h1 class=\"mkdf-section-title mkdf-section-title-medium\" >\n\tFamilienurlaub<\/h1>\n<\/div>[vc_column_text]<span style=\"font-weight: 400;\">Das milde mediterrane Klima und die gute Anbindung an das Festland machen die Stadt Krk zu einem idealen Standort f\u00fcr einen Familienurlaub, egal zu welcher Jahreszeit. F\u00fcr einen Fr\u00fchlingsurlaub hat Krk viel f\u00fcr eine Familie mit Kindern zu bieten &#8211; von der reichen historischen Vergangenheit am Glagolitischen Pfad bis zum Reiten im Agrotourismus Dvori sv. Jurja.<\/span><\/p>\n<p><span style=\"font-weight: 400;\">In den Sommermonaten k\u00f6nnen Sie mit dem Krker Halb-U-Boot die Unterwasserwelt erkunden oder an einer Schatzsuchboot-Tour teilnehmen. Am Strand Dra\u017eica genie\u00dfen Sie das Wassertrampolin oder bewegen Sie sich ein wenig im Activity Center Krk.<\/span>[\/vc_column_text][\/vc_column][\/vc_row][vc_row][vc_column]<div class=\"mkdf-separator-holder clearfix  mkdf-separator-center mkdf-separator-full-width\">\n\t<div class=\"mkdf-separator\" style=\"border-color: #ebebeb;border-style: solid;border-bottom-width: 1px;margin-top: 20px;margin-bottom: 45px\"><\/div>\n<\/div>\n[vc_row_inner][vc_column_inner width=&#8221;1\/3&#8243;][vc_single_image image=&#8221;5681&#8243; img_size=&#8221;full&#8221; alignment=&#8221;center&#8221; style=&#8221;vc_box_rounded&#8221; onclick=&#8221;custom_link&#8221; link=&#8221;https:\/\/experiencekrk.com\/de\/familienurlaub\/agrotourismus-dvori-sv-jurja\/&#8221;][vc_column_text el_class=&#8221;custom-tour-text&#8221;]<\/p>\n<p style=\"text-align: center;\"><a href=\"https:\/\/experiencekrk.com\/de\/familienurlaub\/agrotourismus-dvori-sv-jurja\/\"><span style=\"color: #870337;\"><strong><b>Agrotourismus <\/b>Dvori Sv.Jurja<\/strong><\/span><\/a><\/p>\n<p>[\/vc_column_text][\/vc_column_inner][vc_column_inner width=&#8221;1\/3&#8243;][vc_single_image image=&#8221;6103&#8243; img_size=&#8221;full&#8221; alignment=&#8221;center&#8221; style=&#8221;vc_box_rounded&#8221; onclick=&#8221;custom_link&#8221; link=&#8221;https:\/\/experiencekrk.com\/de\/familienurlaub\/krk-aquarien\/&#8221;][vc_column_text el_class=&#8221;custom-tour-text&#8221; css=&#8221;.vc_custom_1580400705871{border-right-width: 0px !important;border-left-width: 0px !important;background-position: center !important;background-repeat: no-repeat !important;background-size: contain !important;}&#8221;]<\/p>\n<p style=\"text-align: center;\"><a href=\"https:\/\/experiencekrk.com\/de\/familienurlaub\/krk-aquarien\/\"><span style=\"color: #870337;\"><strong><b>Krk-Aquarien<\/b><\/strong><\/span><\/a><\/p>\n<p>[\/vc_column_text][\/vc_column_inner][vc_column_inner width=&#8221;1\/3&#8243;][vc_single_image image=&#8221;3346&#8243; img_size=&#8221;full&#8221; alignment=&#8221;center&#8221; style=&#8221;vc_box_rounded&#8221; onclick=&#8221;custom_link&#8221; link=&#8221;https:\/\/experiencekrk.com\/de\/geschichte-und-kultur\/glagolitischer-pfad\/&#8221;][vc_column_text el_class=&#8221;custom-tour-text&#8221;]<\/p>\n<p style=\"text-align: center;\"><a href=\"https:\/\/experiencekrk.com\/de\/geschichte-und-kultur\/glagolitischer-pfad\/\"><span style=\"color: #870337;\"><strong>Glagolitischer Pfad<\/strong><\/span><\/a><\/p>\n<p>[\/vc_column_text][\/vc_column_inner][\/vc_row_inner][vc_empty_space][vc_row_inner][vc_column_inner width=&#8221;1\/3&#8243;][vc_single_image image=&#8221;5730&#8243; img_size=&#8221;full&#8221; alignment=&#8221;center&#8221; style=&#8221;vc_box_rounded&#8221; onclick=&#8221;custom_link&#8221; link=&#8221;https:\/\/experiencekrk.com\/de\/familienurlaub\/familienbezogene-pfade\/&#8221;][vc_column_text el_class=&#8221;custom-tour-text&#8221;]<\/p>\n<p style=\"text-align: center;\"><a href=\"https:\/\/experiencekrk.com\/de\/familienurlaub\/familienbezogene-pfade\/\"><span style=\"color: #870337;\"><strong>Familienbezogene Pfade<\/strong><\/span><\/a><\/p>\n<p>[\/vc_column_text][\/vc_column_inner][vc_column_inner width=&#8221;1\/3&#8243;][vc_single_image image=&#8221;5751&#8243; img_size=&#8221;full&#8221; alignment=&#8221;center&#8221; style=&#8221;vc_box_rounded&#8221; onclick=&#8221;custom_link&#8221; link=&#8221;https:\/\/experiencekrk.com\/de\/familienurlaub\/aktiver-familienurlaub\/&#8221;][vc_column_text el_class=&#8221;custom-tour-text&#8221;]<\/p>\n<p style=\"text-align: center;\"><strong><a href=\"https:\/\/experiencekrk.com\/de\/familienurlaub\/aktiver-familienurlaub\/\"><span style=\"color: #870337;\">Aktiver Familienurlaub<\/span><\/a><\/strong><\/p>\n<p>[\/vc_column_text][\/vc_column_inner][vc_column_inner width=&#8221;1\/3&#8243;][vc_single_image image=&#8221;5761&#8243; img_size=&#8221;full&#8221; alignment=&#8221;center&#8221; style=&#8221;vc_box_rounded&#8221; onclick=&#8221;custom_link&#8221; link=&#8221;https:\/\/experiencekrk.com\/de\/familienurlaub\/bootstouren\/&#8221;][vc_column_text el_class=&#8221;custom-tour-text&#8221;]<\/p>\n<p style=\"text-align: center;\"><a href=\"https:\/\/experiencekrk.com\/de\/familienurlaub\/bootstouren\/\"><span style=\"color: #870337;\"><strong><span style=\"font-weight: 400;\"><strong>Bootstouren<\/strong><\/span><\/strong><\/span><\/a><\/p>\n<p>[\/vc_column_text][\/vc_column_inner][\/vc_row_inner][vc_empty_space][vc_row_inner][vc_column_inner width=&#8221;1\/3&#8243;][vc_single_image image=&#8221;5700&#8243; img_size=&#8221;full&#8221; alignment=&#8221;center&#8221; style=&#8221;vc_box_rounded&#8221; onclick=&#8221;custom_link&#8221; link=&#8221;https:\/\/experiencekrk.com\/de\/familienurlaub\/krk-semisubmarines\/&#8221;][vc_column_text el_class=&#8221;custom-tour-text&#8221;]<\/p>\n<p style=\"text-align: center;\"><a href=\"https:\/\/experiencekrk.com\/de\/familienurlaub\/krk-semisubmarines\/\"><span style=\"color: #870337;\"><strong>Krk-Halb-U-Boote<\/strong><\/span><\/a><\/p>\n<p>[\/vc_column_text][\/vc_column_inner][vc_column_inner width=&#8221;1\/3&#8243;][\/vc_column_inner][vc_column_inner width=&#8221;1\/3&#8243;][\/vc_column_inner][\/vc_row_inner][vc_empty_space][\/vc_column][\/vc_row][vc_row][vc_column offset=&#8221;vc_hidden-lg vc_hidden-md vc_hidden-sm vc_hidden-xs&#8221;]<div class=\"mkdf-separator-holder clearfix  mkdf-separator-center mkdf-separator-full-width\">\n\t<div class=\"mkdf-separator\" style=\"border-color: #ebebeb;border-style: solid;border-bottom-width: 1px;margin-top: 20px;margin-bottom: 45px\"><\/div>\n<\/div>\n<div class=\"mkdf-section-title-holder\">\n\t<h1 class=\"mkdf-section-title mkdf-section-title-medium\" style=\"color: #870337\">\n\tEmpfohlene Unterkunft<\/h1>\n<\/div>[vc_row_inner][vc_column_inner width=&#8221;1\/3&#8243; css=&#8221;.vc_custom_1564672738099{padding-top: 10px !important;padding-bottom: 20px !important;}&#8221;][vc_single_image image=&#8221;6161&#8243; img_size=&#8221;full&#8221; onclick=&#8221;custom_link&#8221; link=&#8221;https:\/\/experiencekrk.com\/de\/unterkunfte\/krk-premium-camping-resort\/&#8221;][vc_column_text]<\/p>\n<h6 style=\"text-align: center;\"><a href=\"https:\/\/experiencekrk.com\/de\/unterkunfte\/krk-premium-camping-resort\/\"><strong>Krk Premium Camping Resort<\/strong><\/a><\/h6>\n<p>[\/vc_column_text][\/vc_column_inner][vc_column_inner width=&#8221;1\/3&#8243; css=&#8221;.vc_custom_1564672753530{padding-top: 10px !important;padding-bottom: 20px !important;}&#8221;][vc_single_image image=&#8221;3577&#8243; img_size=&#8221;full&#8221; onclick=&#8221;custom_link&#8221; link=&#8221;https:\/\/experiencekrk.com\/de\/unterkunfte\/hotel-drazica\/&#8221;][vc_column_text]<\/p>\n<h6 style=\"text-align: center;\"><a href=\"https:\/\/experiencekrk.com\/de\/unterkunfte\/hotel-drazica\/\"><strong>Hotel Dra\u017eica<\/strong><\/a><\/h6>\n<p>[\/vc_column_text][\/vc_column_inner][vc_column_inner width=&#8221;1\/3&#8243; css=&#8221;.vc_custom_1564672762475{padding-top: 10px !important;padding-bottom: 20px !important;}&#8221;][vc_single_image image=&#8221;4688&#8243; img_size=&#8221;full&#8221; onclick=&#8221;custom_link&#8221; link=&#8221;https:\/\/experiencekrk.com\/de\/unterkunfte\/camping-glavotok\/&#8221;][vc_column_text]<\/p>\n<h6 style=\"text-align: center;\"><a href=\"https:\/\/experiencekrk.com\/de\/unterkunfte\/camping-glavotok\/\"><strong>Camping Glavotok<\/strong><\/a><\/h6>\n<p>[\/vc_column_text][\/vc_column_inner][\/vc_row_inner][\/vc_column][\/vc_row][vc_row][vc_column][vc_empty_space]<div class=\"mkdf-separator-holder clearfix  mkdf-separator-center mkdf-separator-full-width\">\n\t<div class=\"mkdf-separator\" style=\"border-color: #ebebeb;border-style: solid;border-bottom-width: 1px;margin-top: 20px;margin-bottom: 20px\"><\/div>\n<\/div>\n<div class=\"mkdf-section-title-holder\">\n\t<h1 class=\"mkdf-section-title mkdf-section-title-medium\" >\n\tEmpfohlene Touren<\/h1>\n<\/div><div class=\"mkdf-tours-list-holder mkdf-tours-gallery-with-hover\">\n\t\t\t\t\t\t<div class=\"mkdf-tours-list-pagination-data\">\n\t\t\t\t<input type=\"hidden\" name=\"order_by\" value=\"menu_order\">\n\t\t\t\t<input type=\"hidden\" name=\"order\" value=\"ASC\">\n\t\t\t\t<input type=\"hidden\" name=\"tour_category\" value=\"family-vacation-tours\">\n\t\t\t\t<input type=\"hidden\" name=\"number\" value=\"2\">\n\t\t\t\t<input type=\"hidden\" name=\"thumb_size\" value=\"voyage_landscape\">\n\t\t\t\t<input type=\"hidden\" name=\"next_page\" value=\"2\">\n\t\t\t\t<input type=\"hidden\" name=\"tour_type\" value=\"standard\">\n\t\t\t\t<input type=\"hidden\" name=\"image_size\" value=\"landscape\">\n\t\t\t\t<input type=\"hidden\" name=\"text_length\" value=\"90\">\n\t\t\t<\/div>\n\t\t\n\t\t\n\t\t<div class=\"mkdf-tours-list-holder-inner mkdf-two-items\">\n\n\t\t\t\t\n\t<div class=\"mkdf-tour-list-item-inner post-8774 tour-item type-tour-item status-publish has-post-thumbnail hentry tour-category-familienurlaub tour-category-sommerurlaub review-criteria-overall-de review-criteria-transport-de\">\n\t\t<div class=\"mkdf-tours-standard-item post-8774 tour-item type-tour-item status-publish has-post-thumbnail hentry tour-category-familienurlaub tour-category-sommerurlaub review-criteria-overall-de review-criteria-transport-de\">\n\t\t\t<div class=\"mkdf-tours-standard-item-image-holder\">\n\t\t\t<a href=\"https:\/\/experiencekrk.com\/de\/tour-item\/familien-sommerurlaub\/\">\n\t\t\t\t<img width=\"600\" height=\"400\" src=\"https:\/\/experiencekrk.com\/wp-content\/uploads\/2019\/05\/City-of-Krk-zip-line-Krk-kids.jpg\" class=\"attachment-voyage_landscape size-voyage_landscape wp-post-image\" alt=\"\" loading=\"lazy\" srcset=\"https:\/\/experiencekrk.com\/wp-content\/uploads\/2019\/05\/City-of-Krk-zip-line-Krk-kids.jpg 600w, https:\/\/experiencekrk.com\/wp-content\/uploads\/2019\/05\/City-of-Krk-zip-line-Krk-kids-300x200.jpg 300w\" sizes=\"(max-width: 600px) 100vw, 600px\" \/>\n\t\t\t\t\t\t\t\t\t<span class=\"mkdf-tours-standard-item-label-holder\">\n\t\t\t\t\t\t\n\t\t<span class=\"mkdf-tour-item-label mkdf-tour-item-label-skin2\">\n\t\t\t<span class=\"mkdf-tour-item-label-inner\">\n\t\t\t\t\t\t\t<\/span>\n\t\t<\/span>\n\n\t\t\t\t\t\t\t<\/span>\n\t\t\t\t\t\t\t<\/a>\n\t\t<\/div>\n\t\n\t<div class=\"mkdf-tours-standard-item-content-holder\">\n\t\t<div class=\"mkdf-tours-standard-item-title-price-holder\">\n\t\t\t<h5 class=\"mkdf-tour-title\" >\n\t\t\t\t<a href=\"https:\/\/experiencekrk.com\/de\/tour-item\/familien-sommerurlaub\/\">Familien-Sommerurlaub<\/a>\n\n\t\t\t\t<span class=\"mkdf-tours-standard-item-price-holder\">\n\t\t\t\t\t\n\t\t<span class=\"mkdf-tours-price-holder\">\n\t\t\t\t\t\t\t<span class=\"mkdf-tours-item-price\">$1<\/span>\n\t\t\t\t\t\t\t\t<\/span>\n\n\t\t\t\t\t\t<\/span>\n\n\t\t\t<\/h5>\n\t\t<\/div>\n\n\t\t<div class=\"mkdf-tours-standard-item-rating\">\n\t\t\t\n\t\t\n\t\t\t\t<\/div>\n\n\t\t\t\t\t<div class=\"mkdf-tours-standard-item-excerpt\">\n\t\t\t\t[vc_row][vc_column][vc_column_text]W\u00e4hrend der Sommermonate wird die Stadt sch\u00f6n und hei\u00df, ist aber von sch\u00f6nen Str\u00e4nden und einer erfrischenden Meeresbrise umgeben, die Sie genie\u00dfen k\u00f6nnen. Buchen Sie Ihren Aufenthalt in einigen der besten Hotels, die die Stadt zu bieten hat, viele davon speziell f\u00fcr Kinder, so dass sie organisierte Aktivit\u00e4tsprogramme wie Schwimmunterricht, Tanzvorf\u00fchrungen und Zaubershows genie\u00dfen k\u00f6nnen. Nehmen Sie an der Schatzjagd-Boottour teil und lernen Sie mehr \u00fcber die lokale Legende oder erkunden Sie die Unterwasserwelt von der komfortablen U-Boot-Kabine der Krker Semi-U-Boote aus. Nach diesen Unterwasseraktivit\u00e4ten k\u00f6nnen Sie einen der sch\u00f6nen...\t\t\t<\/div>\n\t\t\n\t\t<div class=\"mkdf-tours-standard-item-bottom-content\">\n\t\t\t\t\t\t\t<div class=\"mkdf-tours-standard-item-bottom-item\">\n\t\t\t\t\t\n\t\t\n\t\t\t<div class=\"mkdf-tour-duration-holder\">\n\t\t\t    <span class=\"mkdf-tour-duration-icon mkdf-tour-info-icon\">\n\t\t\t\t\t<span class=\"lnr lnr-undo\"><\/span>\n\t\t\t    <\/span>\n\t\t\t\t<span class=\"mkdf-tour-info-label\">\n\t\t\t\t\t1\t\t\t\t<\/span>\n\t\t\t<\/div>\n\n\t\t\n\t\t\t\t\t\t<\/div>\n\t\t\t\n\t\t\t\t\t\t\t<div class=\"mkdf-tours-standard-item-bottom-item\">\n\t\t\t\t\t\n\t\t\n\t\t\t<div class=\"mkdf-tour-min-age-holder\">\n\t\t\t    <span class=\"mkdf-tour-min-age-icon mkdf-tour-info-icon\">\n\t\t\t\t    <span class=\"lnr lnr-user\"><\/span>\n\t\t\t    <\/span>\n\n\t\t\t\t<span class=\"mkdf-tour-info-label\">\n\t\t\t\t\t1+\n\t\t\t\t\t\t\t\t\t<\/span>\n\t\t\t<\/div>\n\n\t\t\n\t\t\t\t\t\t<\/div>\n\t\t\t\t\t<\/div>\n\t<\/div>\n<\/div>\t<\/div>\n\t\n\t<div class=\"mkdf-tour-list-item-inner post-8735 tour-item type-tour-item status-publish has-post-thumbnail hentry tour-category-familienurlaub\">\n\t\t<div class=\"mkdf-tours-standard-item post-8735 tour-item type-tour-item status-publish has-post-thumbnail hentry tour-category-familienurlaub\">\n\t\t\t<div class=\"mkdf-tours-standard-item-image-holder\">\n\t\t\t<a href=\"https:\/\/experiencekrk.com\/de\/tour-item\/fruehlingsferien-mit-kindern\/\">\n\t\t\t\t<img width=\"600\" height=\"400\" src=\"https:\/\/experiencekrk.com\/wp-content\/uploads\/2019\/06\/City-of-Krk-Tropical-Aquarium-Krk-2.jpg\" class=\"attachment-voyage_landscape size-voyage_landscape wp-post-image\" alt=\"\" loading=\"lazy\" srcset=\"https:\/\/experiencekrk.com\/wp-content\/uploads\/2019\/06\/City-of-Krk-Tropical-Aquarium-Krk-2.jpg 600w, https:\/\/experiencekrk.com\/wp-content\/uploads\/2019\/06\/City-of-Krk-Tropical-Aquarium-Krk-2-300x200.jpg 300w\" sizes=\"(max-width: 600px) 100vw, 600px\" \/>\n\t\t\t\t\t\t\t\t\t<span class=\"mkdf-tours-standard-item-label-holder\">\n\t\t\t\t\t\t\n\t\t<span class=\"mkdf-tour-item-label mkdf-tour-item-label-skin2\">\n\t\t\t<span class=\"mkdf-tour-item-label-inner\">\n\t\t\t\t\t\t\t<\/span>\n\t\t<\/span>\n\n\t\t\t\t\t\t\t<\/span>\n\t\t\t\t\t\t\t<\/a>\n\t\t<\/div>\n\t\n\t<div class=\"mkdf-tours-standard-item-content-holder\">\n\t\t<div class=\"mkdf-tours-standard-item-title-price-holder\">\n\t\t\t<h5 class=\"mkdf-tour-title\" >\n\t\t\t\t<a href=\"https:\/\/experiencekrk.com\/de\/tour-item\/fruehlingsferien-mit-kindern\/\">Fr\u00fchlingsferien mit Kindern<\/a>\n\n\t\t\t\t<span class=\"mkdf-tours-standard-item-price-holder\">\n\t\t\t\t\t\n\t\t<span class=\"mkdf-tours-price-holder\">\n\t\t\t\t\t\t\t<span class=\"mkdf-tours-item-price\">$1<\/span>\n\t\t\t\t\t\t\t\t<\/span>\n\n\t\t\t\t\t\t<\/span>\n\n\t\t\t<\/h5>\n\t\t<\/div>\n\n\t\t<div class=\"mkdf-tours-standard-item-rating\">\n\t\t\t\n\t\t\n\t\t\t\t<\/div>\n\n\t\t\t\t\t<div class=\"mkdf-tours-standard-item-excerpt\">\n\t\t\t\t[vc_row][vc_column][vc_column_text]Durch das milde Klima ist Krk zu jeder Jahreszeit ein ideales Urlaubsziel. In den Fr\u00fchlingsferien k\u00f6nnen Sie mit Ihren Kindern auf dem glagolitischen Pfad oder auf der Ethnographischen Sammlung Korni\u0107 eine sch\u00f6ne Zeit verbringen und den Kindern zeigen, wo und wie die Menschen vor f\u00fcnfzig\/sechzig Jahren gelebt haben. Am n\u00e4chsten Tag k\u00f6nnen Sie den Agrotourismus Dvori Sv. Jurja und ihren kleinen Zoo mit Haus- und Nutztieren besuchen. Und vergessen Sie nicht, das Reiten auszuprobieren, w\u00e4hrend Sie dort sind. Pr\u00fcfen Sie vorher unbedingt die Arbeitszeiten. Der Agrotourismus ist auch ein idealer...\t\t\t<\/div>\n\t\t\n\t\t<div class=\"mkdf-tours-standard-item-bottom-content\">\n\t\t\t\t\t\t\t<div class=\"mkdf-tours-standard-item-bottom-item\">\n\t\t\t\t\t\n\t\t\n\t\t\t<div class=\"mkdf-tour-duration-holder\">\n\t\t\t    <span class=\"mkdf-tour-duration-icon mkdf-tour-info-icon\">\n\t\t\t\t\t<span class=\"lnr lnr-undo\"><\/span>\n\t\t\t    <\/span>\n\t\t\t\t<span class=\"mkdf-tour-info-label\">\n\t\t\t\t\t1\t\t\t\t<\/span>\n\t\t\t<\/div>\n\n\t\t\n\t\t\t\t\t\t<\/div>\n\t\t\t\n\t\t\t\t\t\t\t<div class=\"mkdf-tours-standard-item-bottom-item\">\n\t\t\t\t\t\n\t\t\n\t\t\t<div class=\"mkdf-tour-min-age-holder\">\n\t\t\t    <span class=\"mkdf-tour-min-age-icon mkdf-tour-info-icon\">\n\t\t\t\t    <span class=\"lnr lnr-user\"><\/span>\n\t\t\t    <\/span>\n\n\t\t\t\t<span class=\"mkdf-tour-info-label\">\n\t\t\t\t\t1+\n\t\t\t\t\t\t\t\t\t<\/span>\n\t\t\t<\/div>\n\n\t\t\n\t\t\t\t\t\t<\/div>\n\t\t\t\t\t<\/div>\n\t<\/div>\n<\/div>\t<\/div>\n\n\t\t\t<div class=\"mkdf-tours-list-grid-sizer\"><\/div>\n\t\t<\/div>\n\n\t\t\n\n\t\t<\/div>[\/vc_column][\/vc_row]<\/p>\n","protected":false},"excerpt":{"rendered":"<p>[vc_row][vc_column][vc_column_text]Das milde mediterrane Klima und die gute Anbindung an das Festland machen die Stadt Krk zu einem idealen Standort f\u00fcr einen Familienurlaub, egal zu welcher Jahreszeit. F\u00fcr einen Fr\u00fchlingsurlaub hat Krk viel f\u00fcr eine Familie mit Kindern zu bieten &#8211; von der reichen historischen Vergangenheit am Glagolitischen Pfad bis zum Reiten im Agrotourismus Dvori sv. Jurja. In den Sommermonaten k\u00f6nnen Sie mit dem Krker Halb-U-Boot die Unterwasserwelt erkunden oder an einer Schatzsuchboot-Tour teilnehmen. Am Strand Dra\u017eica genie\u00dfen Sie das Wassertrampolin oder bewegen Sie sich ein wenig im Activity Center Krk.[\/vc_column_text][\/vc_column][\/vc_row][vc_row][vc_column][vc_row_inner][vc_column_inner&#8230;<\/p>\n","protected":false},"author":1,"featured_media":0,"parent":0,"menu_order":0,"comment_status":"closed","ping_status":"closed","template":"","meta":[],"yoast_head":"<!-- This site is optimized with the Yoast SEO plugin v16.0.1 - https:\/\/yoast.com\/wordpress\/plugins\/seo\/ -->\n<title>Familienurlaub - Experience Krk<\/title>\n<link rel=\"canonical\" href=\"https:\/\/experiencekrk.com\/de\/familienurlaub\/\" \/>\n<meta property=\"og:locale\" content=\"de_DE\" \/>\n<meta property=\"og:type\" content=\"article\" \/>\n<meta property=\"og:title\" content=\"Familienurlaub - Experience Krk\" \/>\n<meta property=\"og:description\" content=\"[vc_row][vc_column][vc_column_text]Das milde mediterrane Klima und die gute Anbindung an das Festland machen die Stadt Krk zu einem idealen Standort f\u00fcr einen Familienurlaub, egal zu welcher Jahreszeit. F\u00fcr einen Fr\u00fchlingsurlaub hat Krk viel f\u00fcr eine Familie mit Kindern zu bieten &#8211; von der reichen historischen Vergangenheit am Glagolitischen Pfad bis zum Reiten im Agrotourismus Dvori sv. Jurja. In den Sommermonaten k\u00f6nnen Sie mit dem Krker Halb-U-Boot die Unterwasserwelt erkunden oder an einer Schatzsuchboot-Tour teilnehmen. Am Strand Dra\u017eica genie\u00dfen Sie das Wassertrampolin oder bewegen Sie sich ein wenig im Activity Center Krk.[\/vc_column_text][\/vc_column][\/vc_row][vc_row][vc_column][vc_row_inner][vc_column_inner...\" \/>\n<meta property=\"og:url\" content=\"https:\/\/experiencekrk.com\/de\/familienurlaub\/\" \/>\n<meta property=\"og:site_name\" content=\"Experience Krk\" \/>\n<meta property=\"article:modified_time\" content=\"2024-03-10T20:47:09+00:00\" \/>\n<meta name=\"twitter:card\" content=\"summary_large_image\" \/>\n<meta name=\"twitter:label1\" content=\"Gesch\u00e4tzte Lesezeit\">\n\t<meta name=\"twitter:data1\" content=\"2\u00a0Minuten\">\n<script type=\"application\/ld+json\" class=\"yoast-schema-graph\">{\"@context\":\"https:\/\/schema.org\",\"@graph\":[{\"@type\":\"WebSite\",\"@id\":\"https:\/\/experiencekrk.com\/#website\",\"url\":\"https:\/\/experiencekrk.com\/\",\"name\":\"Experience Krk\",\"description\":\"Cultural Tours, Food &amp; Wine and more\",\"potentialAction\":[{\"@type\":\"SearchAction\",\"target\":\"https:\/\/experiencekrk.com\/?s={search_term_string}\",\"query-input\":\"required name=search_term_string\"}],\"inLanguage\":\"de\"},{\"@type\":\"WebPage\",\"@id\":\"https:\/\/experiencekrk.com\/de\/familienurlaub\/#webpage\",\"url\":\"https:\/\/experiencekrk.com\/de\/familienurlaub\/\",\"name\":\"Familienurlaub - Experience Krk\",\"isPartOf\":{\"@id\":\"https:\/\/experiencekrk.com\/#website\"},\"datePublished\":\"2019-04-15T06:54:15+00:00\",\"dateModified\":\"2024-03-10T20:47:09+00:00\",\"breadcrumb\":{\"@id\":\"https:\/\/experiencekrk.com\/de\/familienurlaub\/#breadcrumb\"},\"inLanguage\":\"de\",\"potentialAction\":[{\"@type\":\"ReadAction\",\"target\":[\"https:\/\/experiencekrk.com\/de\/familienurlaub\/\"]}]},{\"@type\":\"BreadcrumbList\",\"@id\":\"https:\/\/experiencekrk.com\/de\/familienurlaub\/#breadcrumb\",\"itemListElement\":[{\"@type\":\"ListItem\",\"position\":1,\"item\":{\"@type\":\"WebPage\",\"@id\":\"https:\/\/experiencekrk.com\/de\/\",\"url\":\"https:\/\/experiencekrk.com\/de\/\",\"name\":\"Home\"}},{\"@type\":\"ListItem\",\"position\":2,\"item\":{\"@type\":\"WebPage\",\"@id\":\"https:\/\/experiencekrk.com\/de\/familienurlaub\/\",\"url\":\"https:\/\/experiencekrk.com\/de\/familienurlaub\/\",\"name\":\"Familienurlaub\"}}]}]}<\/script>\n<!-- \/ Yoast SEO plugin. -->","_links":{"self":[{"href":"https:\/\/experiencekrk.com\/de\/wp-json\/wp\/v2\/pages\/8465"}],"collection":[{"href":"https:\/\/experiencekrk.com\/de\/wp-json\/wp\/v2\/pages"}],"about":[{"href":"https:\/\/experiencekrk.com\/de\/wp-json\/wp\/v2\/types\/page"}],"author":[{"embeddable":true,"href":"https:\/\/experiencekrk.com\/de\/wp-json\/wp\/v2\/users\/1"}],"replies":[{"embeddable":true,"href":"https:\/\/experiencekrk.com\/de\/wp-json\/wp\/v2\/comments?post=8465"}],"version-history":[{"count":7,"href":"https:\/\/experiencekrk.com\/de\/wp-json\/wp\/v2\/pages\/8465\/revisions"}],"predecessor-version":[{"id":33301,"href":"https:\/\/experiencekrk.com\/de\/wp-json\/wp\/v2\/pages\/8465\/revisions\/33301"}],"wp:attachment":[{"href":"https:\/\/experiencekrk.com\/de\/wp-json\/wp\/v2\/media?parent=8465"}],"curies":[{"name":"wp","href":"https:\/\/api.w.org\/{rel}","templated":true}]}}