{"id":8458,"date":"2019-08-30T08:59:25","date_gmt":"2019-08-30T08:59:25","guid":{"rendered":"https:\/\/experiencekrk.com\/events-festivals\/krk-music-fest\/"},"modified":"2020-01-24T16:18:42","modified_gmt":"2020-01-24T16:18:42","slug":"krker-musikfest","status":"publish","type":"page","link":"https:\/\/experiencekrk.com\/de\/events-festivals\/krker-musikfest\/","title":{"rendered":"Krker Musikfest"},"content":{"rendered":"<p>[vc_row][vc_column]<div class=\"mkdf-section-title-holder\">\n\t<h1 class=\"mkdf-section-title mkdf-section-title-medium\" >\n\tKrker Musikfest<\/h1>\n<\/div>[\/vc_column][\/vc_row][vc_row][vc_column width=&#8221;1\/2&#8243; css=&#8221;.vc_custom_1559125178706{padding-top: 0px !important;}&#8221;][vc_column_text css=&#8221;.vc_custom_1579882709558{border-top-width: 0px !important;padding-top: 0px !important;}&#8221;]<span style=\"font-weight: 400;\">Das Krker Musikfest, das im Juni stattfindet, verwandelt die Stadt Krk in ein Zentrum guter Musik, Unterhaltung und einzigartiger Gastronomie. Das Festival feiert den Weltmusiktag, der in der ganzen Welt am 21. Juni gefeiert wird, aber auch den Beginn des Sommers.<\/span><\/p>\n<p><span style=\"font-weight: 400;\">An drei Tagen des Festivals k\u00f6nnen die G\u00e4ste an mehreren Orten der Stadt Spezialit\u00e4ten der Stra\u00dfenk\u00fcche aus verschiedenen Teilen der Welt und in einer ganzen Reihe von Musik- und Tanzveranstaltungen genie\u00dfen.<\/span><\/p>\n<p><span style=\"font-weight: 400;\">Die Highlights des Festivals sind die musikalischen Spitzenleistungen der ber\u00fchmten K\u00fcnstler. In den vergangenen Jahren geh\u00f6rten der bekannte Split-Musiker Gibonni, der weltbekannte Gitarrenvirtuose Damir Halili\u0107 Hal, Matija Dedi\u0107, Lea Dekleva, Tedi Spalato&#8230; zum Festival-Line-Up.<\/span>[\/vc_column_text][\/vc_column][vc_column width=&#8221;1\/2&#8243; css=&#8221;.vc_custom_1559125192021{border-top-width: 0px !important;padding-top: 10px !important;}&#8221;]<div class=\"mkdf-image-gallery\">\n\t<div class=\"mkdf-image-gallery-slider \" data-autoplay=\"5\" data-animation=\"slide\" data-navigation=\"yes\" data-pagination=\"yes\">\n\t\t\t\t\t\t\t\t\t<img width=\"1920\" height=\"1280\" src=\"https:\/\/experiencekrk.com\/wp-content\/uploads\/2019\/08\/20180624-001309-julienduval_Envy_1920x1280.jpg\" class=\"attachment-full size-full\" alt=\"\" loading=\"lazy\" srcset=\"https:\/\/experiencekrk.com\/wp-content\/uploads\/2019\/08\/20180624-001309-julienduval_Envy_1920x1280.jpg 1920w, https:\/\/experiencekrk.com\/wp-content\/uploads\/2019\/08\/20180624-001309-julienduval_Envy_1920x1280-300x200.jpg 300w, https:\/\/experiencekrk.com\/wp-content\/uploads\/2019\/08\/20180624-001309-julienduval_Envy_1920x1280-768x512.jpg 768w, https:\/\/experiencekrk.com\/wp-content\/uploads\/2019\/08\/20180624-001309-julienduval_Envy_1920x1280-1024x683.jpg 1024w\" sizes=\"(max-width: 1920px) 100vw, 1920px\" \/>\t\t\t\t\t\t\t\t\t\t\t\t\t<img width=\"1920\" height=\"1280\" src=\"https:\/\/experiencekrk.com\/wp-content\/uploads\/2019\/08\/20180624-004513-julienduval_Envy-2_1920x1280.jpg\" class=\"attachment-full size-full\" alt=\"\" loading=\"lazy\" srcset=\"https:\/\/experiencekrk.com\/wp-content\/uploads\/2019\/08\/20180624-004513-julienduval_Envy-2_1920x1280.jpg 1920w, https:\/\/experiencekrk.com\/wp-content\/uploads\/2019\/08\/20180624-004513-julienduval_Envy-2_1920x1280-300x200.jpg 300w, https:\/\/experiencekrk.com\/wp-content\/uploads\/2019\/08\/20180624-004513-julienduval_Envy-2_1920x1280-768x512.jpg 768w, https:\/\/experiencekrk.com\/wp-content\/uploads\/2019\/08\/20180624-004513-julienduval_Envy-2_1920x1280-1024x683.jpg 1024w\" sizes=\"(max-width: 1920px) 100vw, 1920px\" \/>\t\t\t\t\t\t\t\t\t\t\t\t\t<img width=\"1920\" height=\"1280\" src=\"https:\/\/experiencekrk.com\/wp-content\/uploads\/2019\/08\/20180622-201154-julienduval_Envy_1920x1280.jpg\" class=\"attachment-full size-full\" alt=\"\" loading=\"lazy\" srcset=\"https:\/\/experiencekrk.com\/wp-content\/uploads\/2019\/08\/20180622-201154-julienduval_Envy_1920x1280.jpg 1920w, https:\/\/experiencekrk.com\/wp-content\/uploads\/2019\/08\/20180622-201154-julienduval_Envy_1920x1280-300x200.jpg 300w, https:\/\/experiencekrk.com\/wp-content\/uploads\/2019\/08\/20180622-201154-julienduval_Envy_1920x1280-768x512.jpg 768w, https:\/\/experiencekrk.com\/wp-content\/uploads\/2019\/08\/20180622-201154-julienduval_Envy_1920x1280-1024x683.jpg 1024w\" sizes=\"(max-width: 1920px) 100vw, 1920px\" \/>\t\t\t\t\t\t\t\t\t\t\t\t\t<img width=\"1920\" height=\"1280\" src=\"https:\/\/experiencekrk.com\/wp-content\/uploads\/2019\/08\/20180622-215140-julienduval_Envy_1920x1280.jpg\" class=\"attachment-full size-full\" alt=\"\" loading=\"lazy\" srcset=\"https:\/\/experiencekrk.com\/wp-content\/uploads\/2019\/08\/20180622-215140-julienduval_Envy_1920x1280.jpg 1920w, https:\/\/experiencekrk.com\/wp-content\/uploads\/2019\/08\/20180622-215140-julienduval_Envy_1920x1280-300x200.jpg 300w, https:\/\/experiencekrk.com\/wp-content\/uploads\/2019\/08\/20180622-215140-julienduval_Envy_1920x1280-768x512.jpg 768w, https:\/\/experiencekrk.com\/wp-content\/uploads\/2019\/08\/20180622-215140-julienduval_Envy_1920x1280-1024x683.jpg 1024w\" sizes=\"(max-width: 1920px) 100vw, 1920px\" \/>\t\t\t\t\t\t\t\t\t\t\t\t\t<img width=\"1920\" height=\"1280\" src=\"https:\/\/experiencekrk.com\/wp-content\/uploads\/2019\/08\/20180622-225145-julienduval_Envy_1920x1280.jpg\" class=\"attachment-full size-full\" alt=\"\" loading=\"lazy\" srcset=\"https:\/\/experiencekrk.com\/wp-content\/uploads\/2019\/08\/20180622-225145-julienduval_Envy_1920x1280.jpg 1920w, https:\/\/experiencekrk.com\/wp-content\/uploads\/2019\/08\/20180622-225145-julienduval_Envy_1920x1280-300x200.jpg 300w, https:\/\/experiencekrk.com\/wp-content\/uploads\/2019\/08\/20180622-225145-julienduval_Envy_1920x1280-768x512.jpg 768w, https:\/\/experiencekrk.com\/wp-content\/uploads\/2019\/08\/20180622-225145-julienduval_Envy_1920x1280-1024x683.jpg 1024w\" sizes=\"(max-width: 1920px) 100vw, 1920px\" \/>\t\t\t\t\t\t\t\t\t\t\t\t\t<img width=\"1920\" height=\"1280\" src=\"https:\/\/experiencekrk.com\/wp-content\/uploads\/2019\/08\/20180622-230800-julienduval_Envy_1920x1280.jpg\" class=\"attachment-full size-full\" alt=\"\" loading=\"lazy\" srcset=\"https:\/\/experiencekrk.com\/wp-content\/uploads\/2019\/08\/20180622-230800-julienduval_Envy_1920x1280.jpg 1920w, https:\/\/experiencekrk.com\/wp-content\/uploads\/2019\/08\/20180622-230800-julienduval_Envy_1920x1280-300x200.jpg 300w, https:\/\/experiencekrk.com\/wp-content\/uploads\/2019\/08\/20180622-230800-julienduval_Envy_1920x1280-768x512.jpg 768w, https:\/\/experiencekrk.com\/wp-content\/uploads\/2019\/08\/20180622-230800-julienduval_Envy_1920x1280-1024x683.jpg 1024w\" sizes=\"(max-width: 1920px) 100vw, 1920px\" \/>\t\t\t\t\t\t\t\t\t\t\t\t\t<img width=\"1920\" height=\"1280\" src=\"https:\/\/experiencekrk.com\/wp-content\/uploads\/2019\/08\/20180621-143554-julienduval_Envy_1920x1280.jpg\" class=\"attachment-full size-full\" alt=\"\" loading=\"lazy\" srcset=\"https:\/\/experiencekrk.com\/wp-content\/uploads\/2019\/08\/20180621-143554-julienduval_Envy_1920x1280.jpg 1920w, https:\/\/experiencekrk.com\/wp-content\/uploads\/2019\/08\/20180621-143554-julienduval_Envy_1920x1280-300x200.jpg 300w, https:\/\/experiencekrk.com\/wp-content\/uploads\/2019\/08\/20180621-143554-julienduval_Envy_1920x1280-768x512.jpg 768w, https:\/\/experiencekrk.com\/wp-content\/uploads\/2019\/08\/20180621-143554-julienduval_Envy_1920x1280-1024x683.jpg 1024w\" sizes=\"(max-width: 1920px) 100vw, 1920px\" \/>\t\t\t\t\t\t\t\t\t\t\t\t\t<img width=\"1920\" height=\"1280\" src=\"https:\/\/experiencekrk.com\/wp-content\/uploads\/2019\/08\/20180621-145443-julienduval_Envy_1920x1280.jpg\" class=\"attachment-full size-full\" alt=\"\" loading=\"lazy\" srcset=\"https:\/\/experiencekrk.com\/wp-content\/uploads\/2019\/08\/20180621-145443-julienduval_Envy_1920x1280.jpg 1920w, https:\/\/experiencekrk.com\/wp-content\/uploads\/2019\/08\/20180621-145443-julienduval_Envy_1920x1280-300x200.jpg 300w, https:\/\/experiencekrk.com\/wp-content\/uploads\/2019\/08\/20180621-145443-julienduval_Envy_1920x1280-768x512.jpg 768w, https:\/\/experiencekrk.com\/wp-content\/uploads\/2019\/08\/20180621-145443-julienduval_Envy_1920x1280-1024x683.jpg 1024w\" sizes=\"(max-width: 1920px) 100vw, 1920px\" \/>\t\t\t\t\t\t\t\t\t\t\t\t\t<img width=\"1920\" height=\"1280\" src=\"https:\/\/experiencekrk.com\/wp-content\/uploads\/2019\/08\/20180621-194529-julienduval_Envy_1920x1280.jpg\" class=\"attachment-full size-full\" alt=\"\" loading=\"lazy\" srcset=\"https:\/\/experiencekrk.com\/wp-content\/uploads\/2019\/08\/20180621-194529-julienduval_Envy_1920x1280.jpg 1920w, https:\/\/experiencekrk.com\/wp-content\/uploads\/2019\/08\/20180621-194529-julienduval_Envy_1920x1280-300x200.jpg 300w, https:\/\/experiencekrk.com\/wp-content\/uploads\/2019\/08\/20180621-194529-julienduval_Envy_1920x1280-768x512.jpg 768w, https:\/\/experiencekrk.com\/wp-content\/uploads\/2019\/08\/20180621-194529-julienduval_Envy_1920x1280-1024x683.jpg 1024w\" sizes=\"(max-width: 1920px) 100vw, 1920px\" \/>\t\t\t\t\t\t\t\t\t\t\t\t\t<img width=\"1920\" height=\"1280\" src=\"https:\/\/experiencekrk.com\/wp-content\/uploads\/2019\/08\/20180623-183223-julienduval_Envy_1920x1280.jpg\" class=\"attachment-full size-full\" alt=\"\" loading=\"lazy\" srcset=\"https:\/\/experiencekrk.com\/wp-content\/uploads\/2019\/08\/20180623-183223-julienduval_Envy_1920x1280.jpg 1920w, https:\/\/experiencekrk.com\/wp-content\/uploads\/2019\/08\/20180623-183223-julienduval_Envy_1920x1280-300x200.jpg 300w, https:\/\/experiencekrk.com\/wp-content\/uploads\/2019\/08\/20180623-183223-julienduval_Envy_1920x1280-768x512.jpg 768w, https:\/\/experiencekrk.com\/wp-content\/uploads\/2019\/08\/20180623-183223-julienduval_Envy_1920x1280-1024x683.jpg 1024w\" sizes=\"(max-width: 1920px) 100vw, 1920px\" \/>\t\t\t\t\t\t\t\t\t\t\t\t\t<img width=\"1920\" height=\"1280\" src=\"https:\/\/experiencekrk.com\/wp-content\/uploads\/2019\/08\/20180621-194707-julienduval_Envy_1920x1280.jpg\" class=\"attachment-full size-full\" alt=\"\" loading=\"lazy\" srcset=\"https:\/\/experiencekrk.com\/wp-content\/uploads\/2019\/08\/20180621-194707-julienduval_Envy_1920x1280.jpg 1920w, https:\/\/experiencekrk.com\/wp-content\/uploads\/2019\/08\/20180621-194707-julienduval_Envy_1920x1280-300x200.jpg 300w, https:\/\/experiencekrk.com\/wp-content\/uploads\/2019\/08\/20180621-194707-julienduval_Envy_1920x1280-768x512.jpg 768w, https:\/\/experiencekrk.com\/wp-content\/uploads\/2019\/08\/20180621-194707-julienduval_Envy_1920x1280-1024x683.jpg 1024w\" sizes=\"(max-width: 1920px) 100vw, 1920px\" \/>\t\t\t\t\t\t\t<\/div>\n<\/div>[\/vc_column][\/vc_row]<\/p>\n","protected":false},"excerpt":{"rendered":"<p>[vc_row][vc_column][\/vc_column][\/vc_row][vc_row][vc_column width=&#8221;1\/2&#8243; css=&#8221;.vc_custom_1559125178706{padding-top: 0px !important;}&#8221;][vc_column_text css=&#8221;.vc_custom_1579882709558{border-top-width: 0px !important;padding-top: 0px !important;}&#8221;]Das Krker Musikfest, das im Juni stattfindet, verwandelt die Stadt Krk in ein Zentrum guter Musik, Unterhaltung und einzigartiger Gastronomie. Das Festival feiert den Weltmusiktag, der in der ganzen Welt am 21. Juni gefeiert wird, aber auch den Beginn des Sommers. An drei Tagen des Festivals k\u00f6nnen die G\u00e4ste an mehreren Orten der Stadt Spezialit\u00e4ten der Stra\u00dfenk\u00fcche aus verschiedenen Teilen der Welt und in einer ganzen Reihe von Musik- und Tanzveranstaltungen genie\u00dfen. Die Highlights des Festivals sind die musikalischen Spitzenleistungen der&#8230;<\/p>\n","protected":false},"author":1,"featured_media":0,"parent":8442,"menu_order":0,"comment_status":"closed","ping_status":"closed","template":"","meta":[],"yoast_head":"<!-- This site is optimized with the Yoast SEO plugin v16.0.1 - https:\/\/yoast.com\/wordpress\/plugins\/seo\/ -->\n<title>Krker Musikfest - Experience Krk<\/title>\n<link rel=\"canonical\" href=\"https:\/\/experiencekrk.com\/de\/events-festivals\/krker-musikfest\/\" \/>\n<meta property=\"og:locale\" content=\"de_DE\" \/>\n<meta property=\"og:type\" content=\"article\" \/>\n<meta property=\"og:title\" content=\"Krker Musikfest - Experience Krk\" \/>\n<meta property=\"og:description\" content=\"[vc_row][vc_column][\/vc_column][\/vc_row][vc_row][vc_column width=&#8221;1\/2&#8243; css=&#8221;.vc_custom_1559125178706{padding-top: 0px !important;}&#8221;][vc_column_text css=&#8221;.vc_custom_1579882709558{border-top-width: 0px !important;padding-top: 0px !important;}&#8221;]Das Krker Musikfest, das im Juni stattfindet, verwandelt die Stadt Krk in ein Zentrum guter Musik, Unterhaltung und einzigartiger Gastronomie. Das Festival feiert den Weltmusiktag, der in der ganzen Welt am 21. Juni gefeiert wird, aber auch den Beginn des Sommers. An drei Tagen des Festivals k\u00f6nnen die G\u00e4ste an mehreren Orten der Stadt Spezialit\u00e4ten der Stra\u00dfenk\u00fcche aus verschiedenen Teilen der Welt und in einer ganzen Reihe von Musik- und Tanzveranstaltungen genie\u00dfen. Die Highlights des Festivals sind die musikalischen Spitzenleistungen der...\" \/>\n<meta property=\"og:url\" content=\"https:\/\/experiencekrk.com\/de\/events-festivals\/krker-musikfest\/\" \/>\n<meta property=\"og:site_name\" content=\"Experience Krk\" \/>\n<meta property=\"article:modified_time\" content=\"2020-01-24T16:18:42+00:00\" \/>\n<meta name=\"twitter:card\" content=\"summary_large_image\" \/>\n<meta name=\"twitter:label1\" content=\"Gesch\u00e4tzte Lesezeit\">\n\t<meta name=\"twitter:data1\" content=\"1\u00a0Minute\">\n<script type=\"application\/ld+json\" class=\"yoast-schema-graph\">{\"@context\":\"https:\/\/schema.org\",\"@graph\":[{\"@type\":\"WebSite\",\"@id\":\"https:\/\/experiencekrk.com\/#website\",\"url\":\"https:\/\/experiencekrk.com\/\",\"name\":\"Experience Krk\",\"description\":\"Cultural Tours, Food &amp; Wine and more\",\"potentialAction\":[{\"@type\":\"SearchAction\",\"target\":\"https:\/\/experiencekrk.com\/?s={search_term_string}\",\"query-input\":\"required name=search_term_string\"}],\"inLanguage\":\"de\"},{\"@type\":\"WebPage\",\"@id\":\"https:\/\/experiencekrk.com\/de\/events-festivals\/krker-musikfest\/#webpage\",\"url\":\"https:\/\/experiencekrk.com\/de\/events-festivals\/krker-musikfest\/\",\"name\":\"Krker Musikfest - Experience Krk\",\"isPartOf\":{\"@id\":\"https:\/\/experiencekrk.com\/#website\"},\"datePublished\":\"2019-08-30T08:59:25+00:00\",\"dateModified\":\"2020-01-24T16:18:42+00:00\",\"breadcrumb\":{\"@id\":\"https:\/\/experiencekrk.com\/de\/events-festivals\/krker-musikfest\/#breadcrumb\"},\"inLanguage\":\"de\",\"potentialAction\":[{\"@type\":\"ReadAction\",\"target\":[\"https:\/\/experiencekrk.com\/de\/events-festivals\/krker-musikfest\/\"]}]},{\"@type\":\"BreadcrumbList\",\"@id\":\"https:\/\/experiencekrk.com\/de\/events-festivals\/krker-musikfest\/#breadcrumb\",\"itemListElement\":[{\"@type\":\"ListItem\",\"position\":1,\"item\":{\"@type\":\"WebPage\",\"@id\":\"https:\/\/experiencekrk.com\/de\/\",\"url\":\"https:\/\/experiencekrk.com\/de\/\",\"name\":\"Home\"}},{\"@type\":\"ListItem\",\"position\":2,\"item\":{\"@type\":\"WebPage\",\"@id\":\"https:\/\/experiencekrk.com\/de\/events-festivals\/\",\"url\":\"https:\/\/experiencekrk.com\/de\/events-festivals\/\",\"name\":\"Veranstaltungen &#038; Festivals\"}},{\"@type\":\"ListItem\",\"position\":3,\"item\":{\"@type\":\"WebPage\",\"@id\":\"https:\/\/experiencekrk.com\/de\/events-festivals\/krker-musikfest\/\",\"url\":\"https:\/\/experiencekrk.com\/de\/events-festivals\/krker-musikfest\/\",\"name\":\"Krker Musikfest\"}}]}]}<\/script>\n<!-- \/ Yoast SEO plugin. -->","_links":{"self":[{"href":"https:\/\/experiencekrk.com\/de\/wp-json\/wp\/v2\/pages\/8458"}],"collection":[{"href":"https:\/\/experiencekrk.com\/de\/wp-json\/wp\/v2\/pages"}],"about":[{"href":"https:\/\/experiencekrk.com\/de\/wp-json\/wp\/v2\/types\/page"}],"author":[{"embeddable":true,"href":"https:\/\/experiencekrk.com\/de\/wp-json\/wp\/v2\/users\/1"}],"replies":[{"embeddable":true,"href":"https:\/\/experiencekrk.com\/de\/wp-json\/wp\/v2\/comments?post=8458"}],"version-history":[{"count":1,"href":"https:\/\/experiencekrk.com\/de\/wp-json\/wp\/v2\/pages\/8458\/revisions"}],"predecessor-version":[{"id":8459,"href":"https:\/\/experiencekrk.com\/de\/wp-json\/wp\/v2\/pages\/8458\/revisions\/8459"}],"up":[{"embeddable":true,"href":"https:\/\/experiencekrk.com\/de\/wp-json\/wp\/v2\/pages\/8442"}],"wp:attachment":[{"href":"https:\/\/experiencekrk.com\/de\/wp-json\/wp\/v2\/media?parent=8458"}],"curies":[{"name":"wp","href":"https:\/\/api.w.org\/{rel}","templated":true}]}}