{"id":8450,"date":"2019-08-30T08:59:23","date_gmt":"2019-08-30T08:59:23","guid":{"rendered":"https:\/\/experiencekrk.com\/events-festivals\/krk-fair\/"},"modified":"2020-01-30T16:54:27","modified_gmt":"2020-01-30T16:54:27","slug":"krker-messe","status":"publish","type":"page","link":"https:\/\/experiencekrk.com\/de\/events-festivals\/krker-messe\/","title":{"rendered":"Krker Messe"},"content":{"rendered":"<p>[vc_row][vc_column]<div class=\"mkdf-section-title-holder\">\n\t<h1 class=\"mkdf-section-title mkdf-section-title-medium\" >\n\tKrker Messe<\/h1>\n<\/div>[\/vc_column][\/vc_row][vc_row][vc_column width=&#8221;1\/2&#8243; css=&#8221;.vc_custom_1559125178706{padding-top: 0px !important;}&#8221;][vc_column_text css=&#8221;.vc_custom_1579882252129{border-top-width: 0px !important;padding-top: 0px !important;}&#8221;]<span style=\"font-weight: 400;\">Verpassen Sie nicht die Krker Messe, die gew\u00f6hnlich im August stattfindet.<\/span><\/p>\n<p><span style=\"font-weight: 400;\">Auf dem Kamplin-Platz erleben Sie eine mystische Reise ins Mittelalter unter der F\u00fchrung der Krker Herz\u00f6ge &#8211; Frankopanen, Krker Ritter, Bogensch\u00fctzen, H\u00e4ndler, Entertainer und Witzbolde. Sie k\u00f6nnen an verschiedenen Workshops kostenlos teilnehmen.<\/span><\/p>\n<p><span style=\"font-weight: 400;\">Auf dem Platz Vela placa k\u00f6nnen Sie die Auftritte des Krker Blasorchesters und der Folkloregruppen von Korni\u0107, Vrh und Poljice genie\u00dfen.<\/span><\/p>\n<p><span style=\"font-weight: 400;\">Zahlreiche Interpreten werden Sie auf der Krker Uferpromenade in gute Stimmung versetzen, w\u00e4hrend die Nacht des heiligen Lorenz um Mitternacht sicher nicht ohne Musikfeuerwerk abl\u00e4uft.<\/span>[\/vc_column_text][\/vc_column][vc_column width=&#8221;1\/2&#8243; css=&#8221;.vc_custom_1559125192021{border-top-width: 0px !important;padding-top: 10px !important;}&#8221;]<div class=\"mkdf-image-gallery\">\n\t<div class=\"mkdf-image-gallery-slider \" data-autoplay=\"5\" data-animation=\"slide\" data-navigation=\"yes\" data-pagination=\"yes\">\n\t\t\t\t\t\t\t\t\t<img width=\"1920\" height=\"1280\" src=\"https:\/\/experiencekrk.com\/wp-content\/uploads\/2019\/08\/FK3A9879_1920x1280.jpg\" class=\"attachment-full size-full\" alt=\"\" loading=\"lazy\" srcset=\"https:\/\/experiencekrk.com\/wp-content\/uploads\/2019\/08\/FK3A9879_1920x1280.jpg 1920w, https:\/\/experiencekrk.com\/wp-content\/uploads\/2019\/08\/FK3A9879_1920x1280-300x200.jpg 300w, https:\/\/experiencekrk.com\/wp-content\/uploads\/2019\/08\/FK3A9879_1920x1280-768x512.jpg 768w, https:\/\/experiencekrk.com\/wp-content\/uploads\/2019\/08\/FK3A9879_1920x1280-1024x683.jpg 1024w\" sizes=\"(max-width: 1920px) 100vw, 1920px\" \/>\t\t\t\t\t\t\t\t\t\t\t\t\t<img width=\"1920\" height=\"1288\" src=\"https:\/\/experiencekrk.com\/wp-content\/uploads\/2019\/08\/IMG_4710_1920x1288.jpg\" class=\"attachment-full size-full\" alt=\"\" loading=\"lazy\" srcset=\"https:\/\/experiencekrk.com\/wp-content\/uploads\/2019\/08\/IMG_4710_1920x1288.jpg 1920w, https:\/\/experiencekrk.com\/wp-content\/uploads\/2019\/08\/IMG_4710_1920x1288-300x201.jpg 300w, https:\/\/experiencekrk.com\/wp-content\/uploads\/2019\/08\/IMG_4710_1920x1288-768x515.jpg 768w, https:\/\/experiencekrk.com\/wp-content\/uploads\/2019\/08\/IMG_4710_1920x1288-1024x687.jpg 1024w\" sizes=\"(max-width: 1920px) 100vw, 1920px\" \/>\t\t\t\t\t\t\t\t\t\t\t\t\t<img width=\"1920\" height=\"1256\" src=\"https:\/\/experiencekrk.com\/wp-content\/uploads\/2019\/08\/IMG_4798_1920x1256.jpg\" class=\"attachment-full size-full\" alt=\"\" loading=\"lazy\" srcset=\"https:\/\/experiencekrk.com\/wp-content\/uploads\/2019\/08\/IMG_4798_1920x1256.jpg 1920w, https:\/\/experiencekrk.com\/wp-content\/uploads\/2019\/08\/IMG_4798_1920x1256-300x196.jpg 300w, https:\/\/experiencekrk.com\/wp-content\/uploads\/2019\/08\/IMG_4798_1920x1256-768x502.jpg 768w, https:\/\/experiencekrk.com\/wp-content\/uploads\/2019\/08\/IMG_4798_1920x1256-1024x670.jpg 1024w\" sizes=\"(max-width: 1920px) 100vw, 1920px\" \/>\t\t\t\t\t\t\t\t\t\t\t\t\t<img width=\"1920\" height=\"1280\" src=\"https:\/\/experiencekrk.com\/wp-content\/uploads\/2019\/08\/IMG_4767_1920x1280.jpg\" class=\"attachment-full size-full\" alt=\"\" loading=\"lazy\" srcset=\"https:\/\/experiencekrk.com\/wp-content\/uploads\/2019\/08\/IMG_4767_1920x1280.jpg 1920w, https:\/\/experiencekrk.com\/wp-content\/uploads\/2019\/08\/IMG_4767_1920x1280-300x200.jpg 300w, https:\/\/experiencekrk.com\/wp-content\/uploads\/2019\/08\/IMG_4767_1920x1280-768x512.jpg 768w, https:\/\/experiencekrk.com\/wp-content\/uploads\/2019\/08\/IMG_4767_1920x1280-1024x683.jpg 1024w\" sizes=\"(max-width: 1920px) 100vw, 1920px\" \/>\t\t\t\t\t\t\t\t\t\t\t\t\t<img width=\"1920\" height=\"1247\" src=\"https:\/\/experiencekrk.com\/wp-content\/uploads\/2019\/08\/IMG_4873_1920x1247.jpg\" class=\"attachment-full size-full\" alt=\"\" loading=\"lazy\" srcset=\"https:\/\/experiencekrk.com\/wp-content\/uploads\/2019\/08\/IMG_4873_1920x1247.jpg 1920w, https:\/\/experiencekrk.com\/wp-content\/uploads\/2019\/08\/IMG_4873_1920x1247-300x195.jpg 300w, https:\/\/experiencekrk.com\/wp-content\/uploads\/2019\/08\/IMG_4873_1920x1247-768x499.jpg 768w, https:\/\/experiencekrk.com\/wp-content\/uploads\/2019\/08\/IMG_4873_1920x1247-1024x665.jpg 1024w\" sizes=\"(max-width: 1920px) 100vw, 1920px\" \/>\t\t\t\t\t\t\t\t\t\t\t\t\t<img width=\"1920\" height=\"1280\" src=\"https:\/\/experiencekrk.com\/wp-content\/uploads\/2019\/08\/IMG_4892_1920x1280.jpg\" class=\"attachment-full size-full\" alt=\"\" loading=\"lazy\" srcset=\"https:\/\/experiencekrk.com\/wp-content\/uploads\/2019\/08\/IMG_4892_1920x1280.jpg 1920w, https:\/\/experiencekrk.com\/wp-content\/uploads\/2019\/08\/IMG_4892_1920x1280-300x200.jpg 300w, https:\/\/experiencekrk.com\/wp-content\/uploads\/2019\/08\/IMG_4892_1920x1280-768x512.jpg 768w, https:\/\/experiencekrk.com\/wp-content\/uploads\/2019\/08\/IMG_4892_1920x1280-1024x683.jpg 1024w\" sizes=\"(max-width: 1920px) 100vw, 1920px\" \/>\t\t\t\t\t\t\t\t\t\t\t\t\t<img width=\"1920\" height=\"1280\" src=\"https:\/\/experiencekrk.com\/wp-content\/uploads\/2019\/08\/FK3A0507_1920x1280.jpg\" class=\"attachment-full size-full\" alt=\"\" loading=\"lazy\" srcset=\"https:\/\/experiencekrk.com\/wp-content\/uploads\/2019\/08\/FK3A0507_1920x1280.jpg 1920w, https:\/\/experiencekrk.com\/wp-content\/uploads\/2019\/08\/FK3A0507_1920x1280-300x200.jpg 300w, https:\/\/experiencekrk.com\/wp-content\/uploads\/2019\/08\/FK3A0507_1920x1280-768x512.jpg 768w, https:\/\/experiencekrk.com\/wp-content\/uploads\/2019\/08\/FK3A0507_1920x1280-1024x683.jpg 1024w\" sizes=\"(max-width: 1920px) 100vw, 1920px\" \/>\t\t\t\t\t\t\t\t\t\t\t\t\t<img width=\"1920\" height=\"1280\" src=\"https:\/\/experiencekrk.com\/wp-content\/uploads\/2019\/08\/IMG_4879_1920x1280.jpg\" class=\"attachment-full size-full\" alt=\"\" loading=\"lazy\" srcset=\"https:\/\/experiencekrk.com\/wp-content\/uploads\/2019\/08\/IMG_4879_1920x1280.jpg 1920w, https:\/\/experiencekrk.com\/wp-content\/uploads\/2019\/08\/IMG_4879_1920x1280-300x200.jpg 300w, https:\/\/experiencekrk.com\/wp-content\/uploads\/2019\/08\/IMG_4879_1920x1280-768x512.jpg 768w, https:\/\/experiencekrk.com\/wp-content\/uploads\/2019\/08\/IMG_4879_1920x1280-1024x683.jpg 1024w\" sizes=\"(max-width: 1920px) 100vw, 1920px\" \/>\t\t\t\t\t\t\t\t\t\t\t\t\t<img width=\"1920\" height=\"1281\" src=\"https:\/\/experiencekrk.com\/wp-content\/uploads\/2019\/08\/IMG_4895_1920x1281.jpg\" class=\"attachment-full size-full\" alt=\"\" loading=\"lazy\" srcset=\"https:\/\/experiencekrk.com\/wp-content\/uploads\/2019\/08\/IMG_4895_1920x1281.jpg 1920w, https:\/\/experiencekrk.com\/wp-content\/uploads\/2019\/08\/IMG_4895_1920x1281-300x200.jpg 300w, https:\/\/experiencekrk.com\/wp-content\/uploads\/2019\/08\/IMG_4895_1920x1281-768x512.jpg 768w, https:\/\/experiencekrk.com\/wp-content\/uploads\/2019\/08\/IMG_4895_1920x1281-1024x683.jpg 1024w\" sizes=\"(max-width: 1920px) 100vw, 1920px\" \/>\t\t\t\t\t\t\t<\/div>\n<\/div>[\/vc_column][\/vc_row][vc_row][vc_column][vc_empty_space height=&#8221;10px&#8221;][\/vc_column][\/vc_row]<\/p>\n","protected":false},"excerpt":{"rendered":"<p>[vc_row][vc_column][\/vc_column][\/vc_row][vc_row][vc_column width=&#8221;1\/2&#8243; css=&#8221;.vc_custom_1559125178706{padding-top: 0px !important;}&#8221;][vc_column_text css=&#8221;.vc_custom_1579882252129{border-top-width: 0px !important;padding-top: 0px !important;}&#8221;]Verpassen Sie nicht die Krker Messe, die gew\u00f6hnlich im August stattfindet. Auf dem Kamplin-Platz erleben Sie eine mystische Reise ins Mittelalter unter der F\u00fchrung der Krker Herz\u00f6ge &#8211; Frankopanen, Krker Ritter, Bogensch\u00fctzen, H\u00e4ndler, Entertainer und Witzbolde. Sie k\u00f6nnen an verschiedenen Workshops kostenlos teilnehmen. Auf dem Platz Vela placa k\u00f6nnen Sie die Auftritte des Krker Blasorchesters und der Folkloregruppen von Korni\u0107, Vrh und Poljice genie\u00dfen. Zahlreiche Interpreten werden Sie auf der Krker Uferpromenade in gute Stimmung versetzen, w\u00e4hrend die Nacht des heiligen&#8230;<\/p>\n","protected":false},"author":1,"featured_media":0,"parent":8442,"menu_order":0,"comment_status":"closed","ping_status":"closed","template":"","meta":[],"yoast_head":"<!-- This site is optimized with the Yoast SEO plugin v16.0.1 - https:\/\/yoast.com\/wordpress\/plugins\/seo\/ -->\n<title>Krker Messe - Experience Krk<\/title>\n<link rel=\"canonical\" href=\"https:\/\/experiencekrk.com\/de\/events-festivals\/krker-messe\/\" \/>\n<meta property=\"og:locale\" content=\"de_DE\" \/>\n<meta property=\"og:type\" content=\"article\" \/>\n<meta property=\"og:title\" content=\"Krker Messe - Experience Krk\" \/>\n<meta property=\"og:description\" content=\"[vc_row][vc_column][\/vc_column][\/vc_row][vc_row][vc_column width=&#8221;1\/2&#8243; css=&#8221;.vc_custom_1559125178706{padding-top: 0px !important;}&#8221;][vc_column_text css=&#8221;.vc_custom_1579882252129{border-top-width: 0px !important;padding-top: 0px !important;}&#8221;]Verpassen Sie nicht die Krker Messe, die gew\u00f6hnlich im August stattfindet. Auf dem Kamplin-Platz erleben Sie eine mystische Reise ins Mittelalter unter der F\u00fchrung der Krker Herz\u00f6ge &#8211; Frankopanen, Krker Ritter, Bogensch\u00fctzen, H\u00e4ndler, Entertainer und Witzbolde. Sie k\u00f6nnen an verschiedenen Workshops kostenlos teilnehmen. Auf dem Platz Vela placa k\u00f6nnen Sie die Auftritte des Krker Blasorchesters und der Folkloregruppen von Korni\u0107, Vrh und Poljice genie\u00dfen. Zahlreiche Interpreten werden Sie auf der Krker Uferpromenade in gute Stimmung versetzen, w\u00e4hrend die Nacht des heiligen...\" \/>\n<meta property=\"og:url\" content=\"https:\/\/experiencekrk.com\/de\/events-festivals\/krker-messe\/\" \/>\n<meta property=\"og:site_name\" content=\"Experience Krk\" \/>\n<meta property=\"article:modified_time\" content=\"2020-01-30T16:54:27+00:00\" \/>\n<meta name=\"twitter:card\" content=\"summary_large_image\" \/>\n<meta name=\"twitter:label1\" content=\"Gesch\u00e4tzte Lesezeit\">\n\t<meta name=\"twitter:data1\" content=\"1\u00a0Minute\">\n<script type=\"application\/ld+json\" class=\"yoast-schema-graph\">{\"@context\":\"https:\/\/schema.org\",\"@graph\":[{\"@type\":\"WebSite\",\"@id\":\"https:\/\/experiencekrk.com\/#website\",\"url\":\"https:\/\/experiencekrk.com\/\",\"name\":\"Experience Krk\",\"description\":\"Cultural Tours, Food &amp; Wine and more\",\"potentialAction\":[{\"@type\":\"SearchAction\",\"target\":\"https:\/\/experiencekrk.com\/?s={search_term_string}\",\"query-input\":\"required name=search_term_string\"}],\"inLanguage\":\"de\"},{\"@type\":\"WebPage\",\"@id\":\"https:\/\/experiencekrk.com\/de\/events-festivals\/krker-messe\/#webpage\",\"url\":\"https:\/\/experiencekrk.com\/de\/events-festivals\/krker-messe\/\",\"name\":\"Krker Messe - Experience Krk\",\"isPartOf\":{\"@id\":\"https:\/\/experiencekrk.com\/#website\"},\"datePublished\":\"2019-08-30T08:59:23+00:00\",\"dateModified\":\"2020-01-30T16:54:27+00:00\",\"breadcrumb\":{\"@id\":\"https:\/\/experiencekrk.com\/de\/events-festivals\/krker-messe\/#breadcrumb\"},\"inLanguage\":\"de\",\"potentialAction\":[{\"@type\":\"ReadAction\",\"target\":[\"https:\/\/experiencekrk.com\/de\/events-festivals\/krker-messe\/\"]}]},{\"@type\":\"BreadcrumbList\",\"@id\":\"https:\/\/experiencekrk.com\/de\/events-festivals\/krker-messe\/#breadcrumb\",\"itemListElement\":[{\"@type\":\"ListItem\",\"position\":1,\"item\":{\"@type\":\"WebPage\",\"@id\":\"https:\/\/experiencekrk.com\/de\/\",\"url\":\"https:\/\/experiencekrk.com\/de\/\",\"name\":\"Home\"}},{\"@type\":\"ListItem\",\"position\":2,\"item\":{\"@type\":\"WebPage\",\"@id\":\"https:\/\/experiencekrk.com\/de\/events-festivals\/\",\"url\":\"https:\/\/experiencekrk.com\/de\/events-festivals\/\",\"name\":\"Veranstaltungen &#038; Festivals\"}},{\"@type\":\"ListItem\",\"position\":3,\"item\":{\"@type\":\"WebPage\",\"@id\":\"https:\/\/experiencekrk.com\/de\/events-festivals\/krker-messe\/\",\"url\":\"https:\/\/experiencekrk.com\/de\/events-festivals\/krker-messe\/\",\"name\":\"Krker Messe\"}}]}]}<\/script>\n<!-- \/ Yoast SEO plugin. -->","_links":{"self":[{"href":"https:\/\/experiencekrk.com\/de\/wp-json\/wp\/v2\/pages\/8450"}],"collection":[{"href":"https:\/\/experiencekrk.com\/de\/wp-json\/wp\/v2\/pages"}],"about":[{"href":"https:\/\/experiencekrk.com\/de\/wp-json\/wp\/v2\/types\/page"}],"author":[{"embeddable":true,"href":"https:\/\/experiencekrk.com\/de\/wp-json\/wp\/v2\/users\/1"}],"replies":[{"embeddable":true,"href":"https:\/\/experiencekrk.com\/de\/wp-json\/wp\/v2\/comments?post=8450"}],"version-history":[{"count":2,"href":"https:\/\/experiencekrk.com\/de\/wp-json\/wp\/v2\/pages\/8450\/revisions"}],"predecessor-version":[{"id":8452,"href":"https:\/\/experiencekrk.com\/de\/wp-json\/wp\/v2\/pages\/8450\/revisions\/8452"}],"up":[{"embeddable":true,"href":"https:\/\/experiencekrk.com\/de\/wp-json\/wp\/v2\/pages\/8442"}],"wp:attachment":[{"href":"https:\/\/experiencekrk.com\/de\/wp-json\/wp\/v2\/media?parent=8450"}],"curies":[{"name":"wp","href":"https:\/\/api.w.org\/{rel}","templated":true}]}}