{"id":8437,"date":"2019-04-29T11:17:27","date_gmt":"2019-04-29T11:17:27","guid":{"rendered":"https:\/\/experiencekrk.com\/dental-tourism\/"},"modified":"2020-01-24T15:58:19","modified_gmt":"2020-01-24T15:58:19","slug":"zahnaerztlicher-tourismus","status":"publish","type":"page","link":"https:\/\/experiencekrk.com\/de\/zahnaerztlicher-tourismus\/","title":{"rendered":"Zahn\u00e4rztlicher Tourismus"},"content":{"rendered":"<p>[vc_row][vc_column]<div class=\"mkdf-section-title-holder\">\n\t<h1 class=\"mkdf-section-title mkdf-section-title-medium\" >\n\tZahn\u00e4rztlicher Tourismus<\/h1>\n<\/div>[vc_column_text]Seien wir ehrlich, die meisten Menschen gehen nicht zum Zahnarzt, weil sie die Erfahrung genie\u00dfen. Der Besuch eines Zahnarztes in Kroatien k\u00f6nnte jedoch eine etwas angenehmere Erfahrung f\u00fcr Sie und Ihren Geldbeutel sein. Die Preise sind im Allgemeinen niedriger als in den meisten europ\u00e4ischen L\u00e4ndern, aber die Qualit\u00e4t des Services ist immer noch \u00e4u\u00dferst hoch.<\/p>\n<p>Au\u00dferdem haben die zahn\u00e4rztlichen Anbieter in der Stadt Krk einen weiteren Vorteil. Das Ziel ist ein wohltuendes Tonikum, das den Stress des Zahnarztbesuchs reduziert, indem es Ihnen erm\u00f6glicht, die sch\u00f6ne Umgebung und alles, was die Stadt zu bieten hat, zu genie\u00dfen. F\u00fcr weitere Informationen brauchen Sie sich nur an eine der Zahnkliniken in Krk zu wenden, die Ihnen gerne behilflich sein werden.[\/vc_column_text][vc_empty_space height=&#8221;40px&#8221;][vc_row_inner css=&#8221;.vc_custom_1560349450376{padding-bottom: 20px !important;}&#8221;][vc_column_inner width=&#8221;1\/2&#8243;][vc_single_image image=&#8221;4151&#8243; img_size=&#8221;full&#8221;][\/vc_column_inner][vc_column_inner width=&#8221;1\/2&#8243;][vc_column_text]<strong>Koki\u0107 Bori\u0107 Zahnklinik<\/strong><br \/>\nTelefon: <a href=\"tel:+38551221283\">+385 51 221 283<\/a><br \/>\nMobil: <a href=\"tel:+385915118444\">+385 91 511 84 44<\/a><br \/>\nAdresse: Ivana Zajca 4, 51500 Krk<br \/>\nE-mail: <a href=\"mailto:info@ordinacija-kokic-boric.hr\">info@ordinacija-kokic-boric.hr<\/a><br \/>\nInternet: <a href=\"http:\/\/www.ordinacija-kokic-boric.hr\" target=\"_blank\" rel=\"noopener noreferrer\">www.ordinacija-kokic-boric.hr<\/a><\/p>\n<p><strong>Zahnarztpraxis Dr. Ton\u010di Babi\u0107<\/strong><br \/>\nTelefon: <a href=\"tel:+38551221032\">+385 51 221 032<\/a><br \/>\nAdresse: P. \u017dgalji\u0107a 12, 51500 Krk[\/vc_column_text][\/vc_column_inner][\/vc_row_inner][vc_row_inner css=&#8221;.vc_custom_1560349540799{padding-bottom: 20px !important;}&#8221;][vc_column_inner width=&#8221;1\/2&#8243; offset=&#8221;vc_hidden-lg&#8221;][vc_single_image image=&#8221;5552&#8243; img_size=&#8221;full&#8221;][\/vc_column_inner][vc_column_inner width=&#8221;1\/2&#8243; offset=&#8221;vc_hidden-lg&#8221;][vc_column_text]<strong>Krk Dent<\/strong><br \/>\nPhone: <a href=\"tel:+38551401653\">+385 51 401 653<\/a><br \/>\nMobile: <a href=\"tel:+385981709022\">+385 98 170 9022<\/a><br \/>\nAddress: Slavka Nikoli\u0107a Street 34, 51500 Krk<br \/>\nE-mail: <a href=\"mailto:karolinapanjako@gmail.com\">karolinapanjako@gmail.com<\/a><br \/>\nWeb: <a href=\"http:\/\/www.krkdent.com\/index_eng.html\" target=\"_blank\" rel=\"noopener noreferrer\">www.krkdent.com<\/a>[\/vc_column_text][\/vc_column_inner][\/vc_row_inner][vc_row_inner css=&#8221;.vc_custom_1560349540799{padding-bottom: 20px !important;}&#8221;][vc_column_inner width=&#8221;1\/2&#8243;][vc_column_text]<strong>Krk Dent<\/strong><br \/>\nTelefon: <a href=\"tel:+38551401653\">+385 51 401 653<\/a><br \/>\nMobil: <a href=\"tel:+385981709022\">+385 98 170 9022<\/a><br \/>\nAdresse: Slavka Nikoli\u0107a Street 34, 51500 Krk<br \/>\nE-mail: <a href=\"mailto:karolinapanjako@gmail.com\">karolinapanjako@gmail.com<\/a><br \/>\nInternet: <a href=\"http:\/\/www.krkdent.com\/index_eng.html\" target=\"_blank\" rel=\"noopener noreferrer\">www.krkdent.com<\/a>[\/vc_column_text][\/vc_column_inner][vc_column_inner width=&#8221;1\/2&#8243;][vc_single_image image=&#8221;5552&#8243; img_size=&#8221;full&#8221;][\/vc_column_inner][\/vc_row_inner][\/vc_column][\/vc_row]<\/p>\n","protected":false},"excerpt":{"rendered":"<p>[vc_row][vc_column][vc_column_text]Seien wir ehrlich, die meisten Menschen gehen nicht zum Zahnarzt, weil sie die Erfahrung genie\u00dfen. Der Besuch eines Zahnarztes in Kroatien k\u00f6nnte jedoch eine etwas angenehmere Erfahrung f\u00fcr Sie und Ihren Geldbeutel sein. Die Preise sind im Allgemeinen niedriger als in den meisten europ\u00e4ischen L\u00e4ndern, aber die Qualit\u00e4t des Services ist immer noch \u00e4u\u00dferst hoch. Au\u00dferdem haben die zahn\u00e4rztlichen Anbieter in der Stadt Krk einen weiteren Vorteil. Das Ziel ist ein wohltuendes Tonikum, das den Stress des Zahnarztbesuchs reduziert, indem es Ihnen erm\u00f6glicht, die sch\u00f6ne Umgebung und alles, was die&#8230;<\/p>\n","protected":false},"author":1,"featured_media":0,"parent":0,"menu_order":0,"comment_status":"closed","ping_status":"closed","template":"","meta":[],"yoast_head":"<!-- This site is optimized with the Yoast SEO plugin v16.0.1 - https:\/\/yoast.com\/wordpress\/plugins\/seo\/ -->\n<title>Zahn\u00e4rztlicher Tourismus - Experience Krk<\/title>\n<link rel=\"canonical\" href=\"https:\/\/experiencekrk.com\/de\/zahnaerztlicher-tourismus\/\" \/>\n<meta property=\"og:locale\" content=\"de_DE\" \/>\n<meta property=\"og:type\" content=\"article\" \/>\n<meta property=\"og:title\" content=\"Zahn\u00e4rztlicher Tourismus - Experience Krk\" \/>\n<meta property=\"og:description\" content=\"[vc_row][vc_column][vc_column_text]Seien wir ehrlich, die meisten Menschen gehen nicht zum Zahnarzt, weil sie die Erfahrung genie\u00dfen. Der Besuch eines Zahnarztes in Kroatien k\u00f6nnte jedoch eine etwas angenehmere Erfahrung f\u00fcr Sie und Ihren Geldbeutel sein. Die Preise sind im Allgemeinen niedriger als in den meisten europ\u00e4ischen L\u00e4ndern, aber die Qualit\u00e4t des Services ist immer noch \u00e4u\u00dferst hoch. Au\u00dferdem haben die zahn\u00e4rztlichen Anbieter in der Stadt Krk einen weiteren Vorteil. Das Ziel ist ein wohltuendes Tonikum, das den Stress des Zahnarztbesuchs reduziert, indem es Ihnen erm\u00f6glicht, die sch\u00f6ne Umgebung und alles, was die...\" \/>\n<meta property=\"og:url\" content=\"https:\/\/experiencekrk.com\/de\/zahnaerztlicher-tourismus\/\" \/>\n<meta property=\"og:site_name\" content=\"Experience Krk\" \/>\n<meta property=\"article:modified_time\" content=\"2020-01-24T15:58:19+00:00\" \/>\n<meta name=\"twitter:card\" content=\"summary_large_image\" \/>\n<meta name=\"twitter:label1\" content=\"Gesch\u00e4tzte Lesezeit\">\n\t<meta name=\"twitter:data1\" content=\"2\u00a0Minuten\">\n<script type=\"application\/ld+json\" class=\"yoast-schema-graph\">{\"@context\":\"https:\/\/schema.org\",\"@graph\":[{\"@type\":\"WebSite\",\"@id\":\"https:\/\/experiencekrk.com\/#website\",\"url\":\"https:\/\/experiencekrk.com\/\",\"name\":\"Experience Krk\",\"description\":\"Cultural Tours, Food &amp; Wine and more\",\"potentialAction\":[{\"@type\":\"SearchAction\",\"target\":\"https:\/\/experiencekrk.com\/?s={search_term_string}\",\"query-input\":\"required name=search_term_string\"}],\"inLanguage\":\"de\"},{\"@type\":\"WebPage\",\"@id\":\"https:\/\/experiencekrk.com\/de\/zahnaerztlicher-tourismus\/#webpage\",\"url\":\"https:\/\/experiencekrk.com\/de\/zahnaerztlicher-tourismus\/\",\"name\":\"Zahn\\u00e4rztlicher Tourismus - Experience Krk\",\"isPartOf\":{\"@id\":\"https:\/\/experiencekrk.com\/#website\"},\"datePublished\":\"2019-04-29T11:17:27+00:00\",\"dateModified\":\"2020-01-24T15:58:19+00:00\",\"breadcrumb\":{\"@id\":\"https:\/\/experiencekrk.com\/de\/zahnaerztlicher-tourismus\/#breadcrumb\"},\"inLanguage\":\"de\",\"potentialAction\":[{\"@type\":\"ReadAction\",\"target\":[\"https:\/\/experiencekrk.com\/de\/zahnaerztlicher-tourismus\/\"]}]},{\"@type\":\"BreadcrumbList\",\"@id\":\"https:\/\/experiencekrk.com\/de\/zahnaerztlicher-tourismus\/#breadcrumb\",\"itemListElement\":[{\"@type\":\"ListItem\",\"position\":1,\"item\":{\"@type\":\"WebPage\",\"@id\":\"https:\/\/experiencekrk.com\/de\/\",\"url\":\"https:\/\/experiencekrk.com\/de\/\",\"name\":\"Home\"}},{\"@type\":\"ListItem\",\"position\":2,\"item\":{\"@type\":\"WebPage\",\"@id\":\"https:\/\/experiencekrk.com\/de\/zahnaerztlicher-tourismus\/\",\"url\":\"https:\/\/experiencekrk.com\/de\/zahnaerztlicher-tourismus\/\",\"name\":\"Zahn\\u00e4rztlicher Tourismus\"}}]}]}<\/script>\n<!-- \/ Yoast SEO plugin. -->","_links":{"self":[{"href":"https:\/\/experiencekrk.com\/de\/wp-json\/wp\/v2\/pages\/8437"}],"collection":[{"href":"https:\/\/experiencekrk.com\/de\/wp-json\/wp\/v2\/pages"}],"about":[{"href":"https:\/\/experiencekrk.com\/de\/wp-json\/wp\/v2\/types\/page"}],"author":[{"embeddable":true,"href":"https:\/\/experiencekrk.com\/de\/wp-json\/wp\/v2\/users\/1"}],"replies":[{"embeddable":true,"href":"https:\/\/experiencekrk.com\/de\/wp-json\/wp\/v2\/comments?post=8437"}],"version-history":[{"count":2,"href":"https:\/\/experiencekrk.com\/de\/wp-json\/wp\/v2\/pages\/8437\/revisions"}],"predecessor-version":[{"id":8440,"href":"https:\/\/experiencekrk.com\/de\/wp-json\/wp\/v2\/pages\/8437\/revisions\/8440"}],"wp:attachment":[{"href":"https:\/\/experiencekrk.com\/de\/wp-json\/wp\/v2\/media?parent=8437"}],"curies":[{"name":"wp","href":"https:\/\/api.w.org\/{rel}","templated":true}]}}