{"id":8433,"date":"2019-04-16T07:13:23","date_gmt":"2019-04-16T07:13:23","guid":{"rendered":"https:\/\/experiencekrk.com\/cycling-vacation\/"},"modified":"2020-03-17T19:05:49","modified_gmt":"2020-03-17T19:05:49","slug":"fahrradurlaub","status":"publish","type":"page","link":"https:\/\/experiencekrk.com\/de\/fahrradurlaub\/","title":{"rendered":"Fahrradurlaub"},"content":{"rendered":"<p>[vc_row][vc_column]<div class=\"mkdf-section-title-holder\">\n\t<h1 class=\"mkdf-section-title mkdf-section-title-medium\" >\n\tFahrradurlaub<\/h1>\n<\/div>[vc_column_text]<span style=\"font-weight: 400;\">Das milde mediterrane Klima, die mit Olivenb\u00e4umen gesprenkelte Landschaft, steinerne Trockenmauern und ein spektakul\u00e4rer Blick aufs Meer machen die Stadt Krk zu einem idealen Ort f\u00fcr einen ganzj\u00e4hrigen Radurlaub. Mieten Sie ein Fahrrad in einem der vielen Fahrradgesch\u00e4fte in der Stadt (falls Sie kein eigenes haben) und erkunden Sie die markierten Wege rund um Krk.<\/span>[\/vc_column_text][vc_empty_space height=&#8221;15px&#8221;]<a href=\"https:\/\/experiencekrk.com\/de\/unterkunfte\/\" target=\"_self\"  class=\"mkdf-btn mkdf-btn-medium mkdf-btn-solid mkdf-btn-hover-solid\"  >\n\t<span class=\"mkdf-btn-text\">JETZT BUCHEN<\/span>\n\t\n\t\t\t<span class=\"mkdf-btn-helper\" ><\/span>\n\t<\/a>[vc_empty_space height=&#8221;15px&#8221;][vc_column_text]<span style=\"font-weight: 400;\">Buchen Sie Ihren Aufenthalt in einem der Fahrradhotels auf der Insel und beginnen Sie Ihr Radabenteuer in der Stadt Krk. Fahren Sie durch die historischen Stra\u00dfen der Stadt, am Meer entlang, \u00fcber die Schotterpfade durch die lokalen Weinberge und probieren Sie die authentische lokale K\u00fcche und die preisgekr\u00f6nten Weine aus dieser Gegend. Nehmen Sie an der <\/span><a href=\"https:\/\/experiencekrk.com\/de\/tour-item\/krk-bike-story\/\"><span style=\"font-weight: 400;\">Krk Bike Story<\/span><\/a><span style=\"font-weight: 400;\"> teil, einer traditionellen Veranstaltung, die im April und Mai stattfindet und die Radfahren und Gastronomie miteinander verbindet.<\/span>[\/vc_column_text][\/vc_column][\/vc_row][vc_row][vc_column][vc_empty_space]<div class=\"mkdf-separator-holder clearfix  mkdf-separator-center mkdf-separator-full-width\">\n\t<div class=\"mkdf-separator\" style=\"border-color: #ebebeb;border-style: solid;border-bottom-width: 1px;margin-top: 20px;margin-bottom: 45px\"><\/div>\n<\/div>\n[vc_column_text]<\/p>\n<h5>Fahrradverleih &amp; Wartung<\/h5>\n<p>[\/vc_column_text][vc_empty_space height=&#8221;10px&#8221;][vc_row_inner][vc_column_inner width=&#8221;1\/2&#8243;][vc_single_image image=&#8221;3301&#8243; img_size=&#8221;full&#8221; alignment=&#8221;center&#8221; style=&#8221;vc_box_rounded&#8221;][\/vc_column_inner][vc_column_inner width=&#8221;1\/2&#8243; css=&#8221;.vc_custom_1555400014106{margin-top: 0px !important;border-top-width: 0px !important;padding-top: 0px !important;}&#8221;][vc_column_text]<\/p>\n<p style=\"text-align: left;\"><strong>Fahrradverband Krk<\/strong> &#8211; ein Fahrradverleih (M\u00f6glichkeit des Verleihs eines elektrischen E-Bike Cube)<br \/>\nMobil: <a href=\"tel:+385996720424\">+385 99 6720 424<\/a><br \/>\nE-mail: <a href=\"mailto:info@cyclingunionkrk.com\">info@cyclingunionkrk.com<\/a><br \/>\nAdresse: <a href=\"https:\/\/goo.gl\/maps\/Y12K5Qw5w5G2\" target=\"_blank\" rel=\"noopener noreferrer\">Omi\u0161aljska 14, 51500 Krk<\/a><\/p>\n<p><strong><br \/>\n<\/strong><span style=\"font-weight: 400;\"><strong>Bike Shop Sport Speed<\/strong> &#8211; Fahrradverleih und -wartung<\/span><br \/>\nTelefon: <a href=\"tel:+38551221587\">+385 51 221 587<\/a><br \/>\nE-mail: <a href=\"mailto:info@bikeshopspeed.com\">info@bikeshopspeed.com<\/a><br \/>\nAdresse: <a href=\"https:\/\/goo.gl\/maps\/wqkpbvqCMBk\" target=\"_blank\" rel=\"noopener noreferrer\">\u0160etali\u0161te Svetog Bernardina 3, 51500 Krk<\/a>[\/vc_column_text][\/vc_column_inner][\/vc_row_inner][\/vc_column][\/vc_row][vc_row][vc_column][vc_empty_space]<div class=\"mkdf-separator-holder clearfix  mkdf-separator-center mkdf-separator-full-width\">\n\t<div class=\"mkdf-separator\" style=\"border-color: #ebebeb;border-style: solid;border-bottom-width: 1px;margin-top: 20px;margin-bottom: 45px\"><\/div>\n<\/div>\n[vc_column_text css=&#8221;.vc_custom_1579880931270{padding-bottom: 32px !important;}&#8221;]<\/p>\n<h5>Empfohlene Fahrradrouten ansehen<\/h5>\n<p>[\/vc_column_text][vc_column_text css=&#8221;.vc_custom_1579881000370{padding-bottom: 32px !important;}&#8221;]Schauen Sie sich einige der empfohlenen Radtouren in Krk an und genie\u00dfen Sie die sch\u00f6ne Landschaft und die frische Seeluft. Sie k\u00f6nnen auch die Krk Bike App auf Ihr Smartphone herunterladen (<span style=\"font-weight: 400;\">(<\/span><a href=\"https:\/\/apps.apple.com\/hr\/app\/krk-bike\/id1277657646\"><span style=\"font-weight: 400;\">iPhone Download-Link oder Android Download-Link<\/span><\/a>). Krk Bike app hat viele n\u00fctzliche Informationen, wie z.B. GPS-Navigation und Fahrradrouten, touristische Informationen \u00fcber bestimmte Sehensw\u00fcrdigkeiten, Notrufnummer&#8230;[\/vc_column_text]<a href=\"https:\/\/experiencekrk.com\/de\/unterkunfte\/\" target=\"_self\"  class=\"mkdf-btn mkdf-btn-medium mkdf-btn-solid mkdf-btn-hover-solid\"  >\n\t<span class=\"mkdf-btn-text\">JETZT BUCHEN<\/span>\n\t\n\t\t\t<span class=\"mkdf-btn-helper\" ><\/span>\n\t<\/a>[vc_empty_space height=&#8221;16px&#8221;][vc_row_inner][vc_column_inner width=&#8221;1\/3&#8243;][vc_raw_html]JTNDaWZyYW1lJTIwc3JjJTNEJTIyaHR0cHMlM0ElMkYlMkZ3d3cuYmlrZW1hcC5uZXQlMkZlbiUyRnIlMkY0OTQ1Mjc0JTJGd2lkZ2V0JTJGJTNGd2lkdGglM0Q0MjUlMjZhbXAlM0JoZWlnaHQlM0Q0MDAlMjZhbXAlM0J1bml0JTNEbWV0cmljJTIyJTIwd2lkdGglM0QlMjI0MjUlMjIlMjBoZWlnaHQlM0QlMjI0MDAlMjIlMjBib3JkZXIlM0QlMjIwJTIyJTIwZnJhbWVib3JkZXIlM0QlMjIwJTIyJTIwbWFyZ2luaGVpZ2h0JTNEJTIyMCUyMiUyMG1hcmdpbndpZHRoJTNEJTIyMCUyMiUyMHNjcm9sbGluZyUzRCUyMm5vJTIyJTNFJTIwJTNDJTJGaWZyYW1lJTNFJTIwJTNDZGl2JTIwc3R5bGUlM0QlMjJtYXJnaW4lM0ElMjAtNHB4JTIwMCUyMDAlMjA1cHglM0IlMjBoZWlnaHQlM0ElMjAxNnB4JTNCJTIwY29sb3IlM0ElMjAlMjM4ODlFQUMlM0IlMjBmb250LWZhbWlseSUzQSUyMHNhbnMtc2VyaWYlM0IlMjBmb250LXNpemUlM0ElMjAxMXB4JTNCJTIyJTNFJTIwJTNDYSUyMGhyZWYlM0QlMjJodHRwcyUzQSUyRiUyRnd3dy5iaWtlbWFwLm5ldCUyRmVuJTJGciUyRjQ5NDUyNzQlMkYlMjIlMjBzdHlsZSUzRCUyMmNvbG9yJTNBJTIzMjJBOUZGJTNCJTIwdGV4dC1kZWNvcmF0aW9uJTNBdW5kZXJsaW5lJTNCJTIyJTIwdGFyZ2V0JTNEJTIyX2JsYW5rJTIyJTIwcmVsJTNEJTIybm9vcGVuZXIlMjIlM0VDeWNsZSUyMFJvdXRlJTIwNDk0NTI3NCUzQyUyRmElM0UlMjAtJTIwdmlhJTIwJTNDYSUyMGhyZWYlM0QlMjJodHRwcyUzQSUyRiUyRnd3dy5iaWtlbWFwLm5ldCUyMiUyMHN0eWxlJTNEJTIyY29sb3IlM0ElMjMyMkE5RkYlM0IlMjB0ZXh0LWRlY29yYXRpb24lM0F1bmRlcmxpbmUlM0IlMjIlMjB0YXJnZXQlM0QlMjJfYmxhbmslMjIlM0VCaWtlbWFwLm5ldCUzQyUyRmElM0UlMjAlM0MlMkZkaXYlM0U=[\/vc_raw_html][\/vc_column_inner][vc_column_inner width=&#8221;1\/3&#8243;][vc_raw_html]JTNDaWZyYW1lJTIwc3JjJTNEJTIyaHR0cHMlM0ElMkYlMkZ3d3cuYmlrZW1hcC5uZXQlMkZlbiUyRnIlMkY0OTQ1Mjc5JTJGd2lkZ2V0JTJGJTNGd2lkdGglM0Q0MjUlMjZhbXAlM0JoZWlnaHQlM0Q0MDAlMjZhbXAlM0J1bml0JTNEbWV0cmljJTIyJTIwd2lkdGglM0QlMjI0MjUlMjIlMjBoZWlnaHQlM0QlMjI0MDAlMjIlMjBib3JkZXIlM0QlMjIwJTIyJTIwZnJhbWVib3JkZXIlM0QlMjIwJTIyJTIwbWFyZ2luaGVpZ2h0JTNEJTIyMCUyMiUyMG1hcmdpbndpZHRoJTNEJTIyMCUyMiUyMHNjcm9sbGluZyUzRCUyMm5vJTIyJTNFJTIwJTNDJTJGaWZyYW1lJTNFJTIwJTNDZGl2JTIwc3R5bGUlM0QlMjJtYXJnaW4lM0ElMjAtNHB4JTIwMCUyMDAlMjA1cHglM0IlMjBoZWlnaHQlM0ElMjAxNnB4JTNCJTIwY29sb3IlM0ElMjAlMjM4ODlFQUMlM0IlMjBmb250LWZhbWlseSUzQSUyMHNhbnMtc2VyaWYlM0IlMjBmb250LXNpemUlM0ElMjAxMXB4JTNCJTIyJTNFJTIwJTNDYSUyMGhyZWYlM0QlMjJodHRwcyUzQSUyRiUyRnd3dy5iaWtlbWFwLm5ldCUyRmVuJTJGciUyRjQ5NDUyNzklMkYlMjIlMjBzdHlsZSUzRCUyMmNvbG9yJTNBJTIzMjJBOUZGJTNCJTIwdGV4dC1kZWNvcmF0aW9uJTNBdW5kZXJsaW5lJTNCJTIyJTIwdGFyZ2V0JTNEJTIyX2JsYW5rJTIyJTIwcmVsJTNEJTIybm9vcGVuZXIlMjIlM0VDeWNsZSUyMFJvdXRlJTIwNDk0NTI3OSUzQyUyRmElM0UlMjAtJTIwdmlhJTIwJTNDYSUyMGhyZWYlM0QlMjJodHRwcyUzQSUyRiUyRnd3dy5iaWtlbWFwLm5ldCUyMiUyMHN0eWxlJTNEJTIyY29sb3IlM0ElMjMyMkE5RkYlM0IlMjB0ZXh0LWRlY29yYXRpb24lM0F1bmRlcmxpbmUlM0IlMjIlMjB0YXJnZXQlM0QlMjJfYmxhbmslMjIlM0VCaWtlbWFwLm5ldCUzQyUyRmElM0UlMjAlM0MlMkZkaXYlM0U=[\/vc_raw_html][\/vc_column_inner][vc_column_inner width=&#8221;1\/3&#8243;][vc_raw_html]JTNDaWZyYW1lJTIwc3JjJTNEJTIyaHR0cHMlM0ElMkYlMkZ3d3cuYmlrZW1hcC5uZXQlMkZlbiUyRnIlMkY0OTQ1Mjg0JTJGd2lkZ2V0JTJGJTNGd2lkdGglM0Q0MjUlMjZhbXAlM0JoZWlnaHQlM0Q0MDAlMjZhbXAlM0J1bml0JTNEbWV0cmljJTIyJTIwd2lkdGglM0QlMjI0MjUlMjIlMjBoZWlnaHQlM0QlMjI0MDAlMjIlMjBib3JkZXIlM0QlMjIwJTIyJTIwZnJhbWVib3JkZXIlM0QlMjIwJTIyJTIwbWFyZ2luaGVpZ2h0JTNEJTIyMCUyMiUyMG1hcmdpbndpZHRoJTNEJTIyMCUyMiUyMHNjcm9sbGluZyUzRCUyMm5vJTIyJTNFJTIwJTNDJTJGaWZyYW1lJTNFJTIwJTNDZGl2JTIwc3R5bGUlM0QlMjJtYXJnaW4lM0ElMjAtNHB4JTIwMCUyMDAlMjA1cHglM0IlMjBoZWlnaHQlM0ElMjAxNnB4JTNCJTIwY29sb3IlM0ElMjAlMjM4ODlFQUMlM0IlMjBmb250LWZhbWlseSUzQSUyMHNhbnMtc2VyaWYlM0IlMjBmb250LXNpemUlM0ElMjAxMXB4JTNCJTIyJTNFJTIwJTNDYSUyMGhyZWYlM0QlMjJodHRwcyUzQSUyRiUyRnd3dy5iaWtlbWFwLm5ldCUyRmVuJTJGciUyRjQ5NDUyODQlMkYlMjIlMjBzdHlsZSUzRCUyMmNvbG9yJTNBJTIzMjJBOUZGJTNCJTIwdGV4dC1kZWNvcmF0aW9uJTNBdW5kZXJsaW5lJTNCJTIyJTIwdGFyZ2V0JTNEJTIyX2JsYW5rJTIyJTIwcmVsJTNEJTIybm9vcGVuZXIlMjIlM0VDeWNsZSUyMFJvdXRlJTIwNDk0NTI4NCUzQyUyRmElM0UlMjAtJTIwdmlhJTIwJTNDYSUyMGhyZWYlM0QlMjJodHRwcyUzQSUyRiUyRnd3dy5iaWtlbWFwLm5ldCUyMiUyMHN0eWxlJTNEJTIyY29sb3IlM0ElMjMyMkE5RkYlM0IlMjB0ZXh0LWRlY29yYXRpb24lM0F1bmRlcmxpbmUlM0IlMjIlMjB0YXJnZXQlM0QlMjJfYmxhbmslMjIlM0VCaWtlbWFwLm5ldCUzQyUyRmElM0UlMjAlM0MlMkZkaXYlM0U=[\/vc_raw_html][\/vc_column_inner][\/vc_row_inner][vc_empty_space][vc_row_inner][vc_column_inner width=&#8221;1\/3&#8243;][vc_raw_html]JTNDaWZyYW1lJTIwc3JjJTNEJTIyaHR0cHMlM0ElMkYlMkZ3d3cuYmlrZW1hcC5uZXQlMkZlbiUyRnIlMkY0OTQ1Mjg4JTJGd2lkZ2V0JTJGJTNGd2lkdGglM0Q0MjUlMjZhbXAlM0JoZWlnaHQlM0Q0MDAlMjZhbXAlM0J1bml0JTNEbWV0cmljJTIyJTIwd2lkdGglM0QlMjI0MjUlMjIlMjBoZWlnaHQlM0QlMjI0MDAlMjIlMjBib3JkZXIlM0QlMjIwJTIyJTIwZnJhbWVib3JkZXIlM0QlMjIwJTIyJTIwbWFyZ2luaGVpZ2h0JTNEJTIyMCUyMiUyMG1hcmdpbndpZHRoJTNEJTIyMCUyMiUyMHNjcm9sbGluZyUzRCUyMm5vJTIyJTNFJTIwJTNDJTJGaWZyYW1lJTNFJTIwJTNDZGl2JTIwc3R5bGUlM0QlMjJtYXJnaW4lM0ElMjAtNHB4JTIwMCUyMDAlMjA1cHglM0IlMjBoZWlnaHQlM0ElMjAxNnB4JTNCJTIwY29sb3IlM0ElMjAlMjM4ODlFQUMlM0IlMjBmb250LWZhbWlseSUzQSUyMHNhbnMtc2VyaWYlM0IlMjBmb250LXNpemUlM0ElMjAxMXB4JTNCJTIyJTNFJTIwJTNDYSUyMGhyZWYlM0QlMjJodHRwcyUzQSUyRiUyRnd3dy5iaWtlbWFwLm5ldCUyRmVuJTJGciUyRjQ5NDUyODglMkYlMjIlMjBzdHlsZSUzRCUyMmNvbG9yJTNBJTIzMjJBOUZGJTNCJTIwdGV4dC1kZWNvcmF0aW9uJTNBdW5kZXJsaW5lJTNCJTIyJTIwdGFyZ2V0JTNEJTIyX2JsYW5rJTIyJTIwcmVsJTNEJTIybm9vcGVuZXIlMjIlM0VDeWNsZSUyMFJvdXRlJTIwNDk0NTI4OCUzQyUyRmElM0UlMjAtJTIwdmlhJTIwJTNDYSUyMGhyZWYlM0QlMjJodHRwcyUzQSUyRiUyRnd3dy5iaWtlbWFwLm5ldCUyMiUyMHN0eWxlJTNEJTIyY29sb3IlM0ElMjMyMkE5RkYlM0IlMjB0ZXh0LWRlY29yYXRpb24lM0F1bmRlcmxpbmUlM0IlMjIlMjB0YXJnZXQlM0QlMjJfYmxhbmslMjIlM0VCaWtlbWFwLm5ldCUzQyUyRmElM0UlMjAlM0MlMkZkaXYlM0U=[\/vc_raw_html][\/vc_column_inner][vc_column_inner width=&#8221;1\/3&#8243;][vc_raw_html]JTNDaWZyYW1lJTIwc3JjJTNEJTIyaHR0cHMlM0ElMkYlMkZ3d3cuYmlrZW1hcC5uZXQlMkZlbiUyRnIlMkY0OTQ1MjkyJTJGd2lkZ2V0JTJGJTNGd2lkdGglM0Q0MjUlMjZhbXAlM0JoZWlnaHQlM0Q0MDAlMjZhbXAlM0J1bml0JTNEbWV0cmljJTIyJTIwd2lkdGglM0QlMjI0MjUlMjIlMjBoZWlnaHQlM0QlMjI0MDAlMjIlMjBib3JkZXIlM0QlMjIwJTIyJTIwZnJhbWVib3JkZXIlM0QlMjIwJTIyJTIwbWFyZ2luaGVpZ2h0JTNEJTIyMCUyMiUyMG1hcmdpbndpZHRoJTNEJTIyMCUyMiUyMHNjcm9sbGluZyUzRCUyMm5vJTIyJTNFJTIwJTNDJTJGaWZyYW1lJTNFJTIwJTNDZGl2JTIwc3R5bGUlM0QlMjJtYXJnaW4lM0ElMjAtNHB4JTIwMCUyMDAlMjA1cHglM0IlMjBoZWlnaHQlM0ElMjAxNnB4JTNCJTIwY29sb3IlM0ElMjAlMjM4ODlFQUMlM0IlMjBmb250LWZhbWlseSUzQSUyMHNhbnMtc2VyaWYlM0IlMjBmb250LXNpemUlM0ElMjAxMXB4JTNCJTIyJTNFJTIwJTNDYSUyMGhyZWYlM0QlMjJodHRwcyUzQSUyRiUyRnd3dy5iaWtlbWFwLm5ldCUyRmVuJTJGciUyRjQ5NDUyOTIlMkYlMjIlMjBzdHlsZSUzRCUyMmNvbG9yJTNBJTIzMjJBOUZGJTNCJTIwdGV4dC1kZWNvcmF0aW9uJTNBdW5kZXJsaW5lJTNCJTIyJTIwdGFyZ2V0JTNEJTIyX2JsYW5rJTIyJTIwcmVsJTNEJTIybm9vcGVuZXIlMjIlM0VDeWNsZSUyMFJvdXRlJTIwNDk0NTI5MiUzQyUyRmElM0UlMjAtJTIwdmlhJTIwJTNDYSUyMGhyZWYlM0QlMjJodHRwcyUzQSUyRiUyRnd3dy5iaWtlbWFwLm5ldCUyMiUyMHN0eWxlJTNEJTIyY29sb3IlM0ElMjMyMkE5RkYlM0IlMjB0ZXh0LWRlY29yYXRpb24lM0F1bmRlcmxpbmUlM0IlMjIlMjB0YXJnZXQlM0QlMjJfYmxhbmslMjIlM0VCaWtlbWFwLm5ldCUzQyUyRmElM0UlMjAlM0MlMkZkaXYlM0U=[\/vc_raw_html][\/vc_column_inner][vc_column_inner width=&#8221;1\/3&#8243;][vc_raw_html]JTNDaWZyYW1lJTIwc3JjJTNEJTIyaHR0cHMlM0ElMkYlMkZ3d3cuYmlrZW1hcC5uZXQlMkZlbiUyRnIlMkY0OTQ1MzAwJTJGd2lkZ2V0JTJGJTNGd2lkdGglM0Q0MjUlMjZhbXAlM0JoZWlnaHQlM0Q0MDAlMjZhbXAlM0J1bml0JTNEbWV0cmljJTIyJTIwd2lkdGglM0QlMjI0MjUlMjIlMjBoZWlnaHQlM0QlMjI0MDAlMjIlMjBib3JkZXIlM0QlMjIwJTIyJTIwZnJhbWVib3JkZXIlM0QlMjIwJTIyJTIwbWFyZ2luaGVpZ2h0JTNEJTIyMCUyMiUyMG1hcmdpbndpZHRoJTNEJTIyMCUyMiUyMHNjcm9sbGluZyUzRCUyMm5vJTIyJTNFJTIwJTNDJTJGaWZyYW1lJTNFJTIwJTNDZGl2JTIwc3R5bGUlM0QlMjJtYXJnaW4lM0ElMjAtNHB4JTIwMCUyMDAlMjA1cHglM0IlMjBoZWlnaHQlM0ElMjAxNnB4JTNCJTIwY29sb3IlM0ElMjAlMjM4ODlFQUMlM0IlMjBmb250LWZhbWlseSUzQSUyMHNhbnMtc2VyaWYlM0IlMjBmb250LXNpemUlM0ElMjAxMXB4JTNCJTIyJTNFJTIwJTNDYSUyMGhyZWYlM0QlMjJodHRwcyUzQSUyRiUyRnd3dy5iaWtlbWFwLm5ldCUyRmVuJTJGciUyRjQ5NDUzMDAlMkYlMjIlMjBzdHlsZSUzRCUyMmNvbG9yJTNBJTIzMjJBOUZGJTNCJTIwdGV4dC1kZWNvcmF0aW9uJTNBdW5kZXJsaW5lJTNCJTIyJTIwdGFyZ2V0JTNEJTIyX2JsYW5rJTIyJTIwcmVsJTNEJTIybm9vcGVuZXIlMjIlM0VDeWNsZSUyMFJvdXRlJTIwNDk0NTMwMCUzQyUyRmElM0UlMjAtJTIwdmlhJTIwJTNDYSUyMGhyZWYlM0QlMjJodHRwcyUzQSUyRiUyRnd3dy5iaWtlbWFwLm5ldCUyMiUyMHN0eWxlJTNEJTIyY29sb3IlM0ElMjMyMkE5RkYlM0IlMjB0ZXh0LWRlY29yYXRpb24lM0F1bmRlcmxpbmUlM0IlMjIlMjB0YXJnZXQlM0QlMjJfYmxhbmslMjIlM0VCaWtlbWFwLm5ldCUzQyUyRmElM0UlMjAlM0MlMkZkaXYlM0U=[\/vc_raw_html][\/vc_column_inner][\/vc_row_inner][\/vc_column][\/vc_row][vc_row][vc_column][vc_empty_space]<div class=\"mkdf-separator-holder clearfix  mkdf-separator-center mkdf-separator-full-width\">\n\t<div class=\"mkdf-separator\" style=\"border-color: #ebebeb;border-bottom-width: 1px;margin-top: 20px\"><\/div>\n<\/div>\n<div class=\"mkdf-section-title-holder\">\n\t<h1 class=\"mkdf-section-title mkdf-section-title-small\" >\n\tEmpfohlene Touren<\/h1>\n<\/div><div class=\"mkdf-tours-list-holder mkdf-tours-gallery-with-hover\">\n\t\t\t\t\t\t<div class=\"mkdf-tours-list-pagination-data\">\n\t\t\t\t<input type=\"hidden\" name=\"order_by\" value=\"menu_order\">\n\t\t\t\t<input type=\"hidden\" name=\"order\" value=\"ASC\">\n\t\t\t\t<input type=\"hidden\" name=\"tour_category\" value=\"cycling\">\n\t\t\t\t<input type=\"hidden\" name=\"number\" value=\"2\">\n\t\t\t\t<input type=\"hidden\" name=\"thumb_size\" value=\"voyage_landscape\">\n\t\t\t\t<input type=\"hidden\" name=\"next_page\" value=\"2\">\n\t\t\t\t<input type=\"hidden\" name=\"tour_type\" value=\"standard\">\n\t\t\t\t<input type=\"hidden\" name=\"image_size\" value=\"landscape\">\n\t\t\t\t<input type=\"hidden\" name=\"text_length\" value=\"90\">\n\t\t\t<\/div>\n\t\t\n\t\t\n\t\t<div class=\"mkdf-tours-list-holder-inner mkdf-two-items\">\n\n\t\t\t\t\n\t<div class=\"mkdf-tour-list-item-inner post-8701 tour-item type-tour-item status-publish has-post-thumbnail hentry tour-category-abenteuerreisen tour-category-radfahren\">\n\t\t<div class=\"mkdf-tours-standard-item post-8701 tour-item type-tour-item status-publish has-post-thumbnail hentry tour-category-abenteuerreisen tour-category-radfahren\">\n\t\t\t<div class=\"mkdf-tours-standard-item-image-holder\">\n\t\t\t<a href=\"https:\/\/experiencekrk.com\/de\/tour-item\/krk-bike-story\/\">\n\t\t\t\t<img width=\"600\" height=\"400\" src=\"https:\/\/experiencekrk.com\/wp-content\/uploads\/2019\/06\/City-of-Krk-krk-bike-story.jpg\" class=\"attachment-voyage_landscape size-voyage_landscape wp-post-image\" alt=\"\" loading=\"lazy\" srcset=\"https:\/\/experiencekrk.com\/wp-content\/uploads\/2019\/06\/City-of-Krk-krk-bike-story.jpg 600w, https:\/\/experiencekrk.com\/wp-content\/uploads\/2019\/06\/City-of-Krk-krk-bike-story-300x200.jpg 300w\" sizes=\"(max-width: 600px) 100vw, 600px\" \/>\n\t\t\t\t\t\t\t\t\t<span class=\"mkdf-tours-standard-item-label-holder\">\n\t\t\t\t\t\t\n\t\t<span class=\"mkdf-tour-item-label\">\n\t\t\t<span class=\"mkdf-tour-item-label-inner\">\n\t\t\t\t\t\t\t<\/span>\n\t\t<\/span>\n\n\t\t\t\t\t\t\t<\/span>\n\t\t\t\t\t\t\t<\/a>\n\t\t<\/div>\n\t\n\t<div class=\"mkdf-tours-standard-item-content-holder\">\n\t\t<div class=\"mkdf-tours-standard-item-title-price-holder\">\n\t\t\t<h5 class=\"mkdf-tour-title\" >\n\t\t\t\t<a href=\"https:\/\/experiencekrk.com\/de\/tour-item\/krk-bike-story\/\">Krk Bike Story<\/a>\n\n\t\t\t\t<span class=\"mkdf-tours-standard-item-price-holder\">\n\t\t\t\t\t\n\t\t<span class=\"mkdf-tours-price-holder\">\n\t\t\t\t\t\t\t<span class=\"mkdf-tours-item-price\">$1<\/span>\n\t\t\t\t\t\t\t\t<\/span>\n\n\t\t\t\t\t\t<\/span>\n\n\t\t\t<\/h5>\n\t\t<\/div>\n\n\t\t<div class=\"mkdf-tours-standard-item-rating\">\n\t\t\t\n\t\t\n\t\t\t\t<\/div>\n\n\t\t\t\t\t<div class=\"mkdf-tours-standard-item-excerpt\">\n\t\t\t\t[vc_row][vc_column][vc_column_text]Krk Bike Story ist eine Fahrrad- und Gastronomieveranstaltung, die traditionell an einem Wochenende im April und an einem Wochenende im Mai auf der Insel Krk stattfindet. Diese Veranstaltung wird von den \u00f6rtlichen Tourismusb\u00fcros auf der Insel Krk organisiert und f\u00fchrt durch die erstaunliche Radlandschaft vom Meer bis zum Mond-Plateau. Es gibt sechs verschiedene organisierte Radtouren, die sich voneinander unterscheiden, von denen f\u00fcr Familien mit Kindern bis hin zu denen f\u00fcr die Radprofis. W\u00e4hrend der organisierten Radtouren haben die Radfahrer die M\u00f6glichkeit, mehr \u00fcber das lokale Kulturerbe zu erfahren und den...\t\t\t<\/div>\n\t\t\n\t\t<div class=\"mkdf-tours-standard-item-bottom-content\">\n\t\t\t\t\t\t\t<div class=\"mkdf-tours-standard-item-bottom-item\">\n\t\t\t\t\t\n\t\t\n\t\t\t<div class=\"mkdf-tour-duration-holder\">\n\t\t\t    <span class=\"mkdf-tour-duration-icon mkdf-tour-info-icon\">\n\t\t\t\t\t<span class=\"lnr lnr-undo\"><\/span>\n\t\t\t    <\/span>\n\t\t\t\t<span class=\"mkdf-tour-info-label\">\n\t\t\t\t\t1\t\t\t\t<\/span>\n\t\t\t<\/div>\n\n\t\t\n\t\t\t\t\t\t<\/div>\n\t\t\t\n\t\t\t\t\t\t\t<div class=\"mkdf-tours-standard-item-bottom-item\">\n\t\t\t\t\t\n\t\t\n\t\t\t<div class=\"mkdf-tour-min-age-holder\">\n\t\t\t    <span class=\"mkdf-tour-min-age-icon mkdf-tour-info-icon\">\n\t\t\t\t    <span class=\"lnr lnr-user\"><\/span>\n\t\t\t    <\/span>\n\n\t\t\t\t<span class=\"mkdf-tour-info-label\">\n\t\t\t\t\t1+\n\t\t\t\t\t\t\t\t\t<\/span>\n\t\t\t<\/div>\n\n\t\t\n\t\t\t\t\t\t<\/div>\n\t\t\t\t\t<\/div>\n\t<\/div>\n<\/div>\t<\/div>\n\t\n\t<div class=\"mkdf-tour-list-item-inner post-8680 tour-item type-tour-item status-publish has-post-thumbnail hentry tour-category-familienurlaub tour-category-radfahren tour-category-wandern\">\n\t\t<div class=\"mkdf-tours-standard-item post-8680 tour-item type-tour-item status-publish has-post-thumbnail hentry tour-category-familienurlaub tour-category-radfahren tour-category-wandern\">\n\t\t\t<div class=\"mkdf-tours-standard-item-image-holder\">\n\t\t\t<a href=\"https:\/\/experiencekrk.com\/de\/tour-item\/familien-aktivurlaub\/\">\n\t\t\t\t<img width=\"600\" height=\"400\" src=\"https:\/\/experiencekrk.com\/wp-content\/uploads\/2019\/04\/City-of-Krk-couple-cycling-on-the-hills-above-Krk.jpg\" class=\"attachment-voyage_landscape size-voyage_landscape wp-post-image\" alt=\"\" loading=\"lazy\" srcset=\"https:\/\/experiencekrk.com\/wp-content\/uploads\/2019\/04\/City-of-Krk-couple-cycling-on-the-hills-above-Krk.jpg 600w, https:\/\/experiencekrk.com\/wp-content\/uploads\/2019\/04\/City-of-Krk-couple-cycling-on-the-hills-above-Krk-300x200.jpg 300w\" sizes=\"(max-width: 600px) 100vw, 600px\" \/>\n\t\t\t\t\t\t\t\t\t<span class=\"mkdf-tours-standard-item-label-holder\">\n\t\t\t\t\t\t\n\t\t<span class=\"mkdf-tour-item-label\">\n\t\t\t<span class=\"mkdf-tour-item-label-inner\">\n\t\t\t\t\t\t\t<\/span>\n\t\t<\/span>\n\n\t\t\t\t\t\t\t<\/span>\n\t\t\t\t\t\t\t<\/a>\n\t\t<\/div>\n\t\n\t<div class=\"mkdf-tours-standard-item-content-holder\">\n\t\t<div class=\"mkdf-tours-standard-item-title-price-holder\">\n\t\t\t<h5 class=\"mkdf-tour-title\" >\n\t\t\t\t<a href=\"https:\/\/experiencekrk.com\/de\/tour-item\/familien-aktivurlaub\/\">Familien-Aktivurlaub<\/a>\n\n\t\t\t\t<span class=\"mkdf-tours-standard-item-price-holder\">\n\t\t\t\t\t\n\t\t<span class=\"mkdf-tours-price-holder\">\n\t\t\t\t\t\t\t<span class=\"mkdf-tours-item-price\">$1<\/span>\n\t\t\t\t\t\t\t\t<\/span>\n\n\t\t\t\t\t\t<\/span>\n\n\t\t\t<\/h5>\n\t\t<\/div>\n\n\t\t<div class=\"mkdf-tours-standard-item-rating\">\n\t\t\t\n\t\t\n\t\t\t\t<\/div>\n\n\t\t\t\t\t<div class=\"mkdf-tours-standard-item-excerpt\">\n\t\t\t\t[vc_row][vc_column][vc_column_text]Verbringen Sie einen aktiven Urlaub mit Ihrer Familie und erkunden Sie die Stadt Krk mit dem Fahrrad. Folgen Sie der 6 km langen Familienroute und fahren Sie entlang der sch\u00f6nen K\u00fcste, der unber\u00fchrten Natur und genie\u00dfen Sie die frische Seeluft. Erkunden Sie versteckte seichte Buchten im Schatten der Kiefernb\u00e4ume. Neben dem Radfahren k\u00f6nnen Sie mit Ihren Kindern im Agrotourismus Dvori Sv.Jurja reiten oder auf den markierten Familien-Themenwegen wandern &#8211; entlang der Goldenen Tropfen des Krker Schatzes, des Karstteich-Wanderweges der Insel Krk oder des Glagolitischen Pfades. Planen Sie Ihren Familienurlaub und...\t\t\t<\/div>\n\t\t\n\t\t<div class=\"mkdf-tours-standard-item-bottom-content\">\n\t\t\t\t\t\t\t<div class=\"mkdf-tours-standard-item-bottom-item\">\n\t\t\t\t\t\n\t\t\n\t\t\t<div class=\"mkdf-tour-duration-holder\">\n\t\t\t    <span class=\"mkdf-tour-duration-icon mkdf-tour-info-icon\">\n\t\t\t\t\t<span class=\"lnr lnr-undo\"><\/span>\n\t\t\t    <\/span>\n\t\t\t\t<span class=\"mkdf-tour-info-label\">\n\t\t\t\t\t1\t\t\t\t<\/span>\n\t\t\t<\/div>\n\n\t\t\n\t\t\t\t\t\t<\/div>\n\t\t\t\n\t\t\t\t\t\t\t<div class=\"mkdf-tours-standard-item-bottom-item\">\n\t\t\t\t\t\n\t\t\n\t\t\t<div class=\"mkdf-tour-min-age-holder\">\n\t\t\t    <span class=\"mkdf-tour-min-age-icon mkdf-tour-info-icon\">\n\t\t\t\t    <span class=\"lnr lnr-user\"><\/span>\n\t\t\t    <\/span>\n\n\t\t\t\t<span class=\"mkdf-tour-info-label\">\n\t\t\t\t\t1+\n\t\t\t\t\t\t\t\t\t<\/span>\n\t\t\t<\/div>\n\n\t\t\n\t\t\t\t\t\t<\/div>\n\t\t\t\t\t<\/div>\n\t<\/div>\n<\/div>\t<\/div>\n\n\t\t\t<div class=\"mkdf-tours-list-grid-sizer\"><\/div>\n\t\t<\/div>\n\n\t\t\n\n\t\t<\/div>[\/vc_column][\/vc_row]<\/p>\n","protected":false},"excerpt":{"rendered":"<p>[vc_row][vc_column][vc_column_text]Das milde mediterrane Klima, die mit Olivenb\u00e4umen gesprenkelte Landschaft, steinerne Trockenmauern und ein spektakul\u00e4rer Blick aufs Meer machen die Stadt Krk zu einem idealen Ort f\u00fcr einen ganzj\u00e4hrigen Radurlaub. Mieten Sie ein Fahrrad in einem der vielen Fahrradgesch\u00e4fte in der Stadt (falls Sie kein eigenes haben) und erkunden Sie die markierten Wege rund um Krk.[\/vc_column_text][vc_empty_space height=&#8221;15px&#8221;][vc_empty_space height=&#8221;15px&#8221;][vc_column_text]Buchen Sie Ihren Aufenthalt in einem der Fahrradhotels auf der Insel und beginnen Sie Ihr Radabenteuer in der Stadt Krk. Fahren Sie durch die historischen Stra\u00dfen der Stadt, am Meer entlang, \u00fcber die Schotterpfade&#8230;<\/p>\n","protected":false},"author":1,"featured_media":0,"parent":0,"menu_order":0,"comment_status":"closed","ping_status":"closed","template":"","meta":[],"yoast_head":"<!-- This site is optimized with the Yoast SEO plugin v16.0.1 - https:\/\/yoast.com\/wordpress\/plugins\/seo\/ -->\n<title>Fahrradurlaub - Experience Krk<\/title>\n<link rel=\"canonical\" href=\"https:\/\/experiencekrk.com\/de\/fahrradurlaub\/\" \/>\n<meta property=\"og:locale\" content=\"de_DE\" \/>\n<meta property=\"og:type\" content=\"article\" \/>\n<meta property=\"og:title\" content=\"Fahrradurlaub - Experience Krk\" \/>\n<meta property=\"og:description\" content=\"[vc_row][vc_column][vc_column_text]Das milde mediterrane Klima, die mit Olivenb\u00e4umen gesprenkelte Landschaft, steinerne Trockenmauern und ein spektakul\u00e4rer Blick aufs Meer machen die Stadt Krk zu einem idealen Ort f\u00fcr einen ganzj\u00e4hrigen Radurlaub. Mieten Sie ein Fahrrad in einem der vielen Fahrradgesch\u00e4fte in der Stadt (falls Sie kein eigenes haben) und erkunden Sie die markierten Wege rund um Krk.[\/vc_column_text][vc_empty_space height=&#8221;15px&#8221;][vc_empty_space height=&#8221;15px&#8221;][vc_column_text]Buchen Sie Ihren Aufenthalt in einem der Fahrradhotels auf der Insel und beginnen Sie Ihr Radabenteuer in der Stadt Krk. Fahren Sie durch die historischen Stra\u00dfen der Stadt, am Meer entlang, \u00fcber die Schotterpfade...\" \/>\n<meta property=\"og:url\" content=\"https:\/\/experiencekrk.com\/de\/fahrradurlaub\/\" \/>\n<meta property=\"og:site_name\" content=\"Experience Krk\" \/>\n<meta property=\"article:modified_time\" content=\"2020-03-17T19:05:49+00:00\" \/>\n<meta name=\"twitter:card\" content=\"summary_large_image\" \/>\n<meta name=\"twitter:label1\" content=\"Gesch\u00e4tzte Lesezeit\">\n\t<meta name=\"twitter:data1\" content=\"6\u00a0Minuten\">\n<script type=\"application\/ld+json\" class=\"yoast-schema-graph\">{\"@context\":\"https:\/\/schema.org\",\"@graph\":[{\"@type\":\"WebSite\",\"@id\":\"https:\/\/experiencekrk.com\/#website\",\"url\":\"https:\/\/experiencekrk.com\/\",\"name\":\"Experience Krk\",\"description\":\"Cultural Tours, Food &amp; Wine and more\",\"potentialAction\":[{\"@type\":\"SearchAction\",\"target\":\"https:\/\/experiencekrk.com\/?s={search_term_string}\",\"query-input\":\"required name=search_term_string\"}],\"inLanguage\":\"de\"},{\"@type\":\"WebPage\",\"@id\":\"https:\/\/experiencekrk.com\/de\/fahrradurlaub\/#webpage\",\"url\":\"https:\/\/experiencekrk.com\/de\/fahrradurlaub\/\",\"name\":\"Fahrradurlaub - Experience Krk\",\"isPartOf\":{\"@id\":\"https:\/\/experiencekrk.com\/#website\"},\"datePublished\":\"2019-04-16T07:13:23+00:00\",\"dateModified\":\"2020-03-17T19:05:49+00:00\",\"breadcrumb\":{\"@id\":\"https:\/\/experiencekrk.com\/de\/fahrradurlaub\/#breadcrumb\"},\"inLanguage\":\"de\",\"potentialAction\":[{\"@type\":\"ReadAction\",\"target\":[\"https:\/\/experiencekrk.com\/de\/fahrradurlaub\/\"]}]},{\"@type\":\"BreadcrumbList\",\"@id\":\"https:\/\/experiencekrk.com\/de\/fahrradurlaub\/#breadcrumb\",\"itemListElement\":[{\"@type\":\"ListItem\",\"position\":1,\"item\":{\"@type\":\"WebPage\",\"@id\":\"https:\/\/experiencekrk.com\/de\/\",\"url\":\"https:\/\/experiencekrk.com\/de\/\",\"name\":\"Home\"}},{\"@type\":\"ListItem\",\"position\":2,\"item\":{\"@type\":\"WebPage\",\"@id\":\"https:\/\/experiencekrk.com\/de\/fahrradurlaub\/\",\"url\":\"https:\/\/experiencekrk.com\/de\/fahrradurlaub\/\",\"name\":\"Fahrradurlaub\"}}]}]}<\/script>\n<!-- \/ Yoast SEO plugin. -->","_links":{"self":[{"href":"https:\/\/experiencekrk.com\/de\/wp-json\/wp\/v2\/pages\/8433"}],"collection":[{"href":"https:\/\/experiencekrk.com\/de\/wp-json\/wp\/v2\/pages"}],"about":[{"href":"https:\/\/experiencekrk.com\/de\/wp-json\/wp\/v2\/types\/page"}],"author":[{"embeddable":true,"href":"https:\/\/experiencekrk.com\/de\/wp-json\/wp\/v2\/users\/1"}],"replies":[{"embeddable":true,"href":"https:\/\/experiencekrk.com\/de\/wp-json\/wp\/v2\/comments?post=8433"}],"version-history":[{"count":3,"href":"https:\/\/experiencekrk.com\/de\/wp-json\/wp\/v2\/pages\/8433\/revisions"}],"predecessor-version":[{"id":10304,"href":"https:\/\/experiencekrk.com\/de\/wp-json\/wp\/v2\/pages\/8433\/revisions\/10304"}],"wp:attachment":[{"href":"https:\/\/experiencekrk.com\/de\/wp-json\/wp\/v2\/media?parent=8433"}],"curies":[{"name":"wp","href":"https:\/\/api.w.org\/{rel}","templated":true}]}}