{"id":8406,"date":"2019-04-30T18:00:42","date_gmt":"2019-04-30T18:00:42","guid":{"rendered":"https:\/\/experiencekrk.com\/abenteuerreisen\/karting-club-krk\/"},"modified":"2020-01-24T13:49:02","modified_gmt":"2020-01-24T13:49:02","slug":"kart-club-krk","status":"publish","type":"page","link":"https:\/\/experiencekrk.com\/de\/abenteuerreisen\/kart-club-krk\/","title":{"rendered":"Kart-Club Krk"},"content":{"rendered":"<p>[vc_row][vc_column]<div class=\"mkdf-section-title-holder\">\n\t<h1 class=\"mkdf-section-title mkdf-section-title-medium\" >\n\tKart-Club Krk <\/h1>\n<\/div>[vc_column_text]<span style=\"font-weight: 400;\">Der Kart-Club Krk befindet sich am Eingang der Stadt Krk, nur 2 km vom Stadtzentrum entfernt. Die Karting-Arena ist normalerweise ge\u00f6ffnet, kann aber manchmal wegen schlechten Wetters geschlossen sein.<\/span>[\/vc_column_text][vc_empty_space][vc_column_text][\/vc_column_text][\/vc_column][\/vc_row][vc_row][vc_column][vc_row_inner][vc_column_inner width=&#8221;1\/2&#8243;][vc_single_image image=&#8221;4708&#8243; img_size=&#8221;full&#8221;][\/vc_column_inner][vc_column_inner width=&#8221;1\/2&#8243;][vc_column_text]<span style=\"font-weight: 400;\">F\u00fcr weitere Informationen \u00fcber die \u00d6ffnungszeiten besuchen Sie das offizielle Facebook-Profil des <\/span><a href=\"https:\/\/www.facebook.com\/kartingklubkrk\/\"><span style=\"font-weight: 400;\">Kart-Club Krk<\/span><\/a><span style=\"font-weight: 400;\">.<\/span><\/p>\n<p>Mobil: <a href=\"tel:+38598449797\">+385 98 44 97 97<\/a><br \/>\nE-mail: <a href=\"mailto:zajednicki.obrt.pavlovic@ri.t-com.hr\">zajednicki.obrt.pavlovic@ri.t-com.hr<\/a>[\/vc_column_text][\/vc_column_inner][\/vc_row_inner][vc_empty_space]<div class=\"mkdf-separator-holder clearfix  mkdf-separator-center mkdf-separator-full-width\">\n\t<div class=\"mkdf-separator\" style=\"border-color: #ebebeb;border-style: solid;border-bottom-width: 1px;margin-top: 20px;margin-bottom: 45px\"><\/div>\n<\/div>\n<div class=\"mkdf-section-title-holder\">\n\t<h1 class=\"mkdf-section-title mkdf-section-title-small\" >\n\tStandort<\/h1>\n<\/div>[vc_row_inner][vc_column_inner][vc_raw_html]JTNDaWZyYW1lJTIwc3JjJTNEJTIyaHR0cHMlM0ElMkYlMkZ3d3cuZ29vZ2xlLmNvbSUyRm1hcHMlMkZlbWJlZCUzRnBiJTNEJTIxMW0xNCUyMTFtOCUyMTFtMyUyMTFkMTEyNzguOTMxMDY3MDkzNjQ3JTIxMmQxNC41NzI0Nzc5NDMzMTEzODIlMjEzZDQ1LjAzMDM1MDA0NjY2MzcwNiUyMTNtMiUyMTFpMTAyNCUyMTJpNzY4JTIxNGYxMy4xJTIxM20zJTIxMW0yJTIxMXMweDAlMjUzQTB4NDE5NjVjMTc3NjUwYjY5NSUyMTJzS0FSVElORyUyQktMVUIlMkJLUkslMjE1ZTAlMjEzbTIlMjExc2VuJTIxMnNociUyMTR2MTU1NjY0Nzk0MzQzMSUyMTVtMiUyMTFzZW4lMjEyc2hyJTIyJTIwd2lkdGglM0QlMjI5MDAlMjIlMjBoZWlnaHQlM0QlMjIzMDAlMjIlMjBmcmFtZWJvcmRlciUzRCUyMjAlMjIlMjBzdHlsZSUzRCUyMmJvcmRlciUzQTAlMjIlMjBhbGxvd2Z1bGxzY3JlZW4lM0UlM0MlMkZpZnJhbWUlM0U=[\/vc_raw_html][\/vc_column_inner][\/vc_row_inner][\/vc_column][\/vc_row]<\/p>\n","protected":false},"excerpt":{"rendered":"<p>[vc_row][vc_column][vc_column_text]Der Kart-Club Krk befindet sich am Eingang der Stadt Krk, nur 2 km vom Stadtzentrum entfernt. Die Karting-Arena ist normalerweise ge\u00f6ffnet, kann aber manchmal wegen schlechten Wetters geschlossen sein.[\/vc_column_text][vc_empty_space][vc_column_text][\/vc_column_text][\/vc_column][\/vc_row][vc_row][vc_column][vc_row_inner][vc_column_inner width=&#8221;1\/2&#8243;][vc_single_image image=&#8221;4708&#8243; img_size=&#8221;full&#8221;][\/vc_column_inner][vc_column_inner width=&#8221;1\/2&#8243;][vc_column_text]F\u00fcr weitere Informationen \u00fcber die \u00d6ffnungszeiten besuchen Sie das offizielle Facebook-Profil des Kart-Club Krk. Mobil: +385 98 44 97 97 E-mail: zajednicki.obrt.pavlovic@ri.t-com.hr[\/vc_column_text][\/vc_column_inner][\/vc_row_inner][vc_empty_space][vc_row_inner][vc_column_inner][vc_raw_html]JTNDaWZyYW1lJTIwc3JjJTNEJTIyaHR0cHMlM0ElMkYlMkZ3d3cuZ29vZ2xlLmNvbSUyRm1hcHMlMkZlbWJlZCUzRnBiJTNEJTIxMW0xNCUyMTFtOCUyMTFtMyUyMTFkMTEyNzguOTMxMDY3MDkzNjQ3JTIxMmQxNC41NzI0Nzc5NDMzMTEzODIlMjEzZDQ1LjAzMDM1MDA0NjY2MzcwNiUyMTNtMiUyMTFpMTAyNCUyMTJpNzY4JTIxNGYxMy4xJTIxM20zJTIxMW0yJTIxMXMweDAlMjUzQTB4NDE5NjVjMTc3NjUwYjY5NSUyMTJzS0FSVElORyUyQktMVUIlMkJLUkslMjE1ZTAlMjEzbTIlMjExc2VuJTIxMnNociUyMTR2MTU1NjY0Nzk0MzQzMSUyMTVtMiUyMTFzZW4lMjEyc2hyJTIyJTIwd2lkdGglM0QlMjI5MDAlMjIlMjBoZWlnaHQlM0QlMjIzMDAlMjIlMjBmcmFtZWJvcmRlciUzRCUyMjAlMjIlMjBzdHlsZSUzRCUyMmJvcmRlciUzQTAlMjIlMjBhbGxvd2Z1bGxzY3JlZW4lM0UlM0MlMkZpZnJhbWUlM0U=[\/vc_raw_html][\/vc_column_inner][\/vc_row_inner][\/vc_column][\/vc_row]<\/p>\n","protected":false},"author":1,"featured_media":0,"parent":8396,"menu_order":0,"comment_status":"closed","ping_status":"closed","template":"","meta":[],"yoast_head":"<!-- This site is optimized with the Yoast SEO plugin v16.0.1 - https:\/\/yoast.com\/wordpress\/plugins\/seo\/ -->\n<title>Kart-Club Krk - Experience Krk<\/title>\n<link rel=\"canonical\" href=\"https:\/\/experiencekrk.com\/de\/abenteuerreisen\/kart-club-krk\/\" \/>\n<meta property=\"og:locale\" content=\"de_DE\" \/>\n<meta property=\"og:type\" content=\"article\" \/>\n<meta property=\"og:title\" content=\"Kart-Club Krk - Experience Krk\" \/>\n<meta property=\"og:description\" content=\"[vc_row][vc_column][vc_column_text]Der Kart-Club Krk befindet sich am Eingang der Stadt Krk, nur 2 km vom Stadtzentrum entfernt. Die Karting-Arena ist normalerweise ge\u00f6ffnet, kann aber manchmal wegen schlechten Wetters geschlossen sein.[\/vc_column_text][vc_empty_space][vc_column_text][\/vc_column_text][\/vc_column][\/vc_row][vc_row][vc_column][vc_row_inner][vc_column_inner width=&#8221;1\/2&#8243;][vc_single_image image=&#8221;4708&#8243; img_size=&#8221;full&#8221;][\/vc_column_inner][vc_column_inner width=&#8221;1\/2&#8243;][vc_column_text]F\u00fcr weitere Informationen \u00fcber die \u00d6ffnungszeiten besuchen Sie das offizielle Facebook-Profil des Kart-Club Krk. Mobil: +385 98 44 97 97 E-mail: zajednicki.obrt.pavlovic@ri.t-com.hr[\/vc_column_text][\/vc_column_inner][\/vc_row_inner][vc_empty_space][vc_row_inner][vc_column_inner][vc_raw_html]JTNDaWZyYW1lJTIwc3JjJTNEJTIyaHR0cHMlM0ElMkYlMkZ3d3cuZ29vZ2xlLmNvbSUyRm1hcHMlMkZlbWJlZCUzRnBiJTNEJTIxMW0xNCUyMTFtOCUyMTFtMyUyMTFkMTEyNzguOTMxMDY3MDkzNjQ3JTIxMmQxNC41NzI0Nzc5NDMzMTEzODIlMjEzZDQ1LjAzMDM1MDA0NjY2MzcwNiUyMTNtMiUyMTFpMTAyNCUyMTJpNzY4JTIxNGYxMy4xJTIxM20zJTIxMW0yJTIxMXMweDAlMjUzQTB4NDE5NjVjMTc3NjUwYjY5NSUyMTJzS0FSVElORyUyQktMVUIlMkJLUkslMjE1ZTAlMjEzbTIlMjExc2VuJTIxMnNociUyMTR2MTU1NjY0Nzk0MzQzMSUyMTVtMiUyMTFzZW4lMjEyc2hyJTIyJTIwd2lkdGglM0QlMjI5MDAlMjIlMjBoZWlnaHQlM0QlMjIzMDAlMjIlMjBmcmFtZWJvcmRlciUzRCUyMjAlMjIlMjBzdHlsZSUzRCUyMmJvcmRlciUzQTAlMjIlMjBhbGxvd2Z1bGxzY3JlZW4lM0UlM0MlMkZpZnJhbWUlM0U=[\/vc_raw_html][\/vc_column_inner][\/vc_row_inner][\/vc_column][\/vc_row]\" \/>\n<meta property=\"og:url\" content=\"https:\/\/experiencekrk.com\/de\/abenteuerreisen\/kart-club-krk\/\" \/>\n<meta property=\"og:site_name\" content=\"Experience Krk\" \/>\n<meta property=\"article:modified_time\" content=\"2020-01-24T13:49:02+00:00\" \/>\n<meta name=\"twitter:card\" content=\"summary_large_image\" \/>\n<meta name=\"twitter:label1\" content=\"Gesch\u00e4tzte Lesezeit\">\n\t<meta name=\"twitter:data1\" content=\"1\u00a0Minute\">\n<script type=\"application\/ld+json\" class=\"yoast-schema-graph\">{\"@context\":\"https:\/\/schema.org\",\"@graph\":[{\"@type\":\"WebSite\",\"@id\":\"https:\/\/experiencekrk.com\/#website\",\"url\":\"https:\/\/experiencekrk.com\/\",\"name\":\"Experience Krk\",\"description\":\"Cultural Tours, Food &amp; Wine and more\",\"potentialAction\":[{\"@type\":\"SearchAction\",\"target\":\"https:\/\/experiencekrk.com\/?s={search_term_string}\",\"query-input\":\"required name=search_term_string\"}],\"inLanguage\":\"de\"},{\"@type\":\"WebPage\",\"@id\":\"https:\/\/experiencekrk.com\/de\/abenteuerreisen\/kart-club-krk\/#webpage\",\"url\":\"https:\/\/experiencekrk.com\/de\/abenteuerreisen\/kart-club-krk\/\",\"name\":\"Kart-Club Krk - Experience Krk\",\"isPartOf\":{\"@id\":\"https:\/\/experiencekrk.com\/#website\"},\"datePublished\":\"2019-04-30T18:00:42+00:00\",\"dateModified\":\"2020-01-24T13:49:02+00:00\",\"breadcrumb\":{\"@id\":\"https:\/\/experiencekrk.com\/de\/abenteuerreisen\/kart-club-krk\/#breadcrumb\"},\"inLanguage\":\"de\",\"potentialAction\":[{\"@type\":\"ReadAction\",\"target\":[\"https:\/\/experiencekrk.com\/de\/abenteuerreisen\/kart-club-krk\/\"]}]},{\"@type\":\"BreadcrumbList\",\"@id\":\"https:\/\/experiencekrk.com\/de\/abenteuerreisen\/kart-club-krk\/#breadcrumb\",\"itemListElement\":[{\"@type\":\"ListItem\",\"position\":1,\"item\":{\"@type\":\"WebPage\",\"@id\":\"https:\/\/experiencekrk.com\/de\/\",\"url\":\"https:\/\/experiencekrk.com\/de\/\",\"name\":\"Home\"}},{\"@type\":\"ListItem\",\"position\":2,\"item\":{\"@type\":\"WebPage\",\"@id\":\"https:\/\/experiencekrk.com\/de\/abenteuerreisen\/\",\"url\":\"https:\/\/experiencekrk.com\/de\/abenteuerreisen\/\",\"name\":\"Abenteuerreisen\"}},{\"@type\":\"ListItem\",\"position\":3,\"item\":{\"@type\":\"WebPage\",\"@id\":\"https:\/\/experiencekrk.com\/de\/abenteuerreisen\/kart-club-krk\/\",\"url\":\"https:\/\/experiencekrk.com\/de\/abenteuerreisen\/kart-club-krk\/\",\"name\":\"Kart-Club Krk\"}}]}]}<\/script>\n<!-- \/ Yoast SEO plugin. -->","_links":{"self":[{"href":"https:\/\/experiencekrk.com\/de\/wp-json\/wp\/v2\/pages\/8406"}],"collection":[{"href":"https:\/\/experiencekrk.com\/de\/wp-json\/wp\/v2\/pages"}],"about":[{"href":"https:\/\/experiencekrk.com\/de\/wp-json\/wp\/v2\/types\/page"}],"author":[{"embeddable":true,"href":"https:\/\/experiencekrk.com\/de\/wp-json\/wp\/v2\/users\/1"}],"replies":[{"embeddable":true,"href":"https:\/\/experiencekrk.com\/de\/wp-json\/wp\/v2\/comments?post=8406"}],"version-history":[{"count":2,"href":"https:\/\/experiencekrk.com\/de\/wp-json\/wp\/v2\/pages\/8406\/revisions"}],"predecessor-version":[{"id":8408,"href":"https:\/\/experiencekrk.com\/de\/wp-json\/wp\/v2\/pages\/8406\/revisions\/8408"}],"up":[{"embeddable":true,"href":"https:\/\/experiencekrk.com\/de\/wp-json\/wp\/v2\/pages\/8396"}],"wp:attachment":[{"href":"https:\/\/experiencekrk.com\/de\/wp-json\/wp\/v2\/media?parent=8406"}],"curies":[{"name":"wp","href":"https:\/\/api.w.org\/{rel}","templated":true}]}}