{"id":8401,"date":"2019-04-30T10:36:58","date_gmt":"2019-04-30T10:36:58","guid":{"rendered":"https:\/\/experiencekrk.com\/abenteuerreisen\/diving-centers\/"},"modified":"2020-01-24T13:44:46","modified_gmt":"2020-01-24T13:44:46","slug":"tauchzentren","status":"publish","type":"page","link":"https:\/\/experiencekrk.com\/de\/abenteuerreisen\/tauchzentren\/","title":{"rendered":"Tauchzentren"},"content":{"rendered":"<p>[vc_row][vc_column]<div class=\"mkdf-section-title-holder\">\n\t<h1 class=\"mkdf-section-title mkdf-section-title-medium\" >\n\tTauchzentrum in der Stadt Krk<\/h1>\n<\/div>[vc_column_text css=&#8221;.vc_custom_1579872953715{padding-bottom: 20px !important;}&#8221;]<span style=\"font-weight: 400;\">Das kristallklare Meer rund um die Insel Krk ist voll von Fischen, Meereslebewesen, versteckten Buchten und versunkenen Schiffswracks. Erfahrene Taucher nehmen Sie mit auf eine Reise, um diese wundersch\u00f6ne Unterwasserwelt zu erkunden und versunkene Schiffswracks wie das griechische Schiff Peltastis zu finden, das in den 1860er Jahren in der N\u00e4he von \u0160ilo sank. Wenn Sie kein erfahrener Taucher sind, k\u00f6nnen Sie in einem der verschiedenen Tauchzentren auf der Insel Tauchkurse buchen.<\/span>[\/vc_column_text][vc_row_inner][vc_column_inner width=&#8221;1\/2&#8243;][vc_column_text css=&#8221;.vc_custom_1579873043639{padding-bottom: 10px !important;}&#8221;]<\/p>\n<h4><b>Tauchklubs<\/b><\/h4>\n<p>[\/vc_column_text][vc_column_text]<strong><b>Tauchclub<\/b> BIOS<\/strong><br \/>\nMobil: <a href=\"tel:+385915053391\">+385 91 505 3391<\/a><br \/>\n<span style=\"font-weight: 400;\">Adresse<\/span>: Senjska bb, 51500 Krk<\/p>\n<p><strong><b>Tauchclub<\/b> PINE DIVER<\/strong><br \/>\n<span style=\"font-weight: 400;\">Telefon<\/span>: <a href=\"tel:+38551863039\">+385 51 863 039<\/a><br \/>\nMobil: <a href=\"tel:+38598408175\">+385 98 408 175<\/a><br \/>\nE-mail: <a href=\"mailto:pine_diver@yahoo.com\">pine_diver@yahoo.com<\/a><br \/>\nVr\u0161ak 66, Pinezi\u0107, 51500 Krk[\/vc_column_text][\/vc_column_inner][vc_column_inner width=&#8221;1\/2&#8243;][vc_single_image image=&#8221;4149&#8243; img_size=&#8221;full&#8221;][\/vc_column_inner][\/vc_row_inner][vc_empty_space][\/vc_column][\/vc_row][vc_row][vc_column offset=&#8221;vc_hidden-sm vc_hidden-xs&#8221;][vc_column_text css=&#8221;.vc_custom_1560246515813{padding-bottom: 10px !important;}&#8221;]<\/p>\n<h4><strong>Diving centers<\/strong><\/h4>\n<p>[\/vc_column_text][vc_row_inner][vc_column_inner width=&#8221;1\/2&#8243;][vc_single_image image=&#8221;6094&#8243; img_size=&#8221;full&#8221;][\/vc_column_inner][vc_column_inner width=&#8221;1\/2&#8243;][vc_column_text]<strong>Diver Krk<\/strong><br \/>\n<span style=\"font-weight: 400;\">Telefon<\/span>: <a href=\"tel:+38551222390\">+385 51 222 390<\/a><br \/>\nMobil: <a href=\"tel:+385912222390\">+385 91 2222 390<\/a><br \/>\n<span style=\"font-weight: 400;\">Adresse<\/span>: Bra\u0107e Juras 9, 51500 Krk<br \/>\nE-mail:\u00a0<a href=\"mailto:info@diver-krk.hr\">info@diver-krk.hr<\/a><br \/>\n<a href=\"http:\/\/www.diver-krk.hr\/\" target=\"_blank\" rel=\"noopener noreferrer\">www.diver-krk.hr<\/a><\/p>\n<p><strong><br \/>\nFun Diving Krk<\/strong><br \/>\n<span style=\"font-weight: 400;\">Telefon<\/span>: <a href=\"tel:+38551222563\">+385 51 222 563<\/a><br \/>\nAdresse: Bra\u0107e Juras 3, 51500 Krk<br \/>\nE-mail:\u00a0<a href=\"mailto:info@fundivingkrk.de\">info@fundivingkrk.de<\/a><br \/>\n<a href=\"http:\/\/www.fun-diving.com\/\" target=\"_blank\" rel=\"noopener noreferrer\">www.fun-diving.com<\/a>[\/vc_column_text][\/vc_column_inner][\/vc_row_inner][vc_empty_space][\/vc_column][\/vc_row][vc_row][vc_column offset=&#8221;vc_hidden-lg vc_hidden-md&#8221;][vc_row_inner][vc_column_inner width=&#8221;1\/2&#8243;][vc_column_text]<strong>Diver Krk<\/strong><br \/>\nPhone: <a href=\"tel:+38551222390\">+385 51 222 390<\/a><br \/>\nMobile:\u00a0<a href=\"tel:+385912222390\">+385 91 2222 390<\/a><br \/>\nAddress: Bra\u0107e Juras 9, 51500 Krk<br \/>\nE-mail:\u00a0<a href=\"mailto:info@diver-krk.hr\">info@diver-krk.hr<\/a><br \/>\n<a href=\"http:\/\/www.diver-krk.hr\/\" target=\"_blank\" rel=\"noopener noreferrer\">www.diver-krk.hr<\/a><\/p>\n<p><strong><br \/>\nFun Diving Krk<\/strong><br \/>\nPhone:\u00a0<a href=\"tel:+38551222563\">+385 51 222 563<\/a><br \/>\nAddress: Bra\u0107e Juras 3, 51500 Krk<br \/>\nE-mail:\u00a0<a href=\"mailto:info@fundivingkrk.de\">info@fundivingkrk.de<\/a><br \/>\n<a href=\"http:\/\/www.fun-diving.com\/\" target=\"_blank\" rel=\"noopener noreferrer\">www.fun-diving.com<\/a>[\/vc_column_text][\/vc_column_inner][vc_column_inner width=&#8221;1\/2&#8243;][vc_single_image image=&#8221;5881&#8243; img_size=&#8221;full&#8221;][\/vc_column_inner][\/vc_row_inner][vc_empty_space][\/vc_column][\/vc_row][vc_row][vc_column][vc_row_inner][vc_column_inner width=&#8221;1\/2&#8243;][vc_column_text]<strong>Correct Diving Krk<\/strong><br \/>\nTelefon: <a href=\"tel:+38551862148\">+385 51 862 148<\/a><br \/>\nMobil: <a href=\"tel:+385917964656\">+385 91 796 4656<\/a><br \/>\nAdresse: Brzac 33, 51500 Krk<br \/>\nE-mail:\u00a0<a href=\"mailto:kontakt@correct-diving.com\">kontakt@correct-diving.com<\/a><br \/>\n<a href=\"http:\/\/www.correct-diving.com\/\" target=\"_blank\" rel=\"noopener noreferrer\">www.correct-diving.com<\/a><\/p>\n<p><strong>Riba T<\/strong><br \/>\nTelefon: <a href=\"tel:+38551863222\">+385 51 863 222<\/a><br \/>\nMobil: <a href=\"tel: +385915301692\">+385 91 530 16 92<\/a><br \/>\nAdresse: Put sv. Fuske 19, Pinezi\u0107, 51500 Krk<br \/>\nE-mail:\u00a0<a href=\"mailto:anton.zuzic1@ri.t-com.hr\">anton.zuzic1@ri.t-com.hr<\/a><br \/>\n<a href=\"http:\/\/www.diving-zuzic.com\/\" target=\"_blank\" rel=\"noopener noreferrer\">www.diving-zuzic.com<\/a>[\/vc_column_text][\/vc_column_inner][vc_column_inner width=&#8221;1\/2&#8243;][vc_single_image image=&#8221;5880&#8243; img_size=&#8221;full&#8221;][\/vc_column_inner][\/vc_row_inner][vc_empty_space][\/vc_column][\/vc_row][vc_row][vc_column offset=&#8221;vc_hidden-sm vc_hidden-xs&#8221;][vc_row_inner][vc_column_inner width=&#8221;1\/2&#8243;][vc_single_image image=&#8221;6093&#8243; img_size=&#8221;full&#8221;][\/vc_column_inner][vc_column_inner width=&#8221;1\/2&#8243;][vc_column_text]<strong>Tauchzentrum Brodogradili\u0161te Krk\u00a0<\/strong><br \/>\nTelefon: <a href=\"tel:+38551221045\">+385 51 221 045\u00a0<\/a><br \/>\nMobil: <a href=\"tel:+385919334837\">+385 91 933 4837<\/a>, \u00a0<a href=\"tel:+385995638036\">+385 99 563 8036<\/a><br \/>\nE-mail:\u00a0 <a href=\"mailto:dariodminic@yahoo.com\">dariodminic@yahoo.com<\/a>; <a href=\"mailto:diving.kozic@gmail.com\">diving.kozic@gmail.com<\/a><br \/>\nInternet: <a href=\"http:\/\/www.brodogradiliste-krk.hr\" target=\"_blank\" rel=\"noopener noreferrer\">www.brodogradiliste-krk.hr<\/a><br \/>\n<span style=\"font-weight: 400;\">Adresse<\/span>: Lukobran 10, 51500 Krk<\/p>\n<p><strong>Dive center Krk<\/strong><br \/>\nTelefon: <a href=\"tel:+38551867303\">+385 51 867 303\u00a0<\/a><br \/>\nMobil: <a href=\"tel:+385989059476\">+385 98 905 9476<\/a><br \/>\nE-mail: <a href=\"mailto:info\u00a9dive-center-krk.de\">info\u00a9dive-center-krk.de<\/a><br \/>\nInternet: <a href=\"http:\/\/www.dive-center-krk.de\" target=\"_blank\" rel=\"noopener noreferrer\">www.dive-center-krk.de<\/a><br \/>\nAdresse: Dunat 50, 51517 Korni\u0107[\/vc_column_text][\/vc_column_inner][\/vc_row_inner][vc_empty_space][\/vc_column][\/vc_row][vc_row][vc_column offset=&#8221;vc_hidden-lg vc_hidden-md&#8221;][vc_row_inner][vc_column_inner width=&#8221;1\/2&#8243;][vc_column_text]<strong>Diving center Brodogradili\u0161te Krk\u00a0<\/strong><br \/>\nPhone: <a href=\"tel:+38551221045\">+385 51 221 045\u00a0<\/a><br \/>\nMobile: <a href=\"tel:+385919334837\">+385 91 933 4837<\/a>, \u00a0<a href=\"tel:+385995638036\">+385 99 563 8036<\/a><br \/>\nE-mail:\u00a0 <a href=\"mailto:dariodminic@yahoo.com\">dariodminic@yahoo.com<\/a>; <a href=\"mailto:diving.kozic@gmail.com\">diving.kozic@gmail.com<\/a><br \/>\nWeb: <a href=\"http:\/\/www.brodogradiliste-krk.hr\" target=\"_blank\" rel=\"noopener noreferrer\">www.brodogradiliste-krk.hr<\/a><br \/>\nAddress: Lukobran 10, 51500 Krk<\/p>\n<p><strong>Dive center Krk<\/strong><br \/>\nPhone: <a href=\"tel:+38551867303\">+385 51 867 303\u00a0<\/a><br \/>\nMob: <a href=\"tel:+385989059476\">+385 98 905 9476<\/a><br \/>\nMail: <a href=\"mailto:info\u00a9dive-center-krk.de\">info\u00a9dive-center-krk.de<\/a><br \/>\nWeb: <a href=\"http:\/\/www.dive-center-krk.de\" target=\"_blank\" rel=\"noopener noreferrer\">www.dive-center-krk.de<\/a><br \/>\nAddress:Dunat 50, 51517 Korni\u0107[\/vc_column_text][\/vc_column_inner][vc_column_inner width=&#8221;1\/2&#8243;][vc_single_image image=&#8221;6093&#8243; img_size=&#8221;full&#8221;][\/vc_column_inner][\/vc_row_inner][vc_empty_space][\/vc_column][\/vc_row][vc_row][vc_column][vc_row_inner][vc_column_inner width=&#8221;1\/2&#8243;][vc_column_text]<strong>Morski mjehuri\u0107<\/strong><br \/>\nMobil: <a href=\"tel:+385915208003\">+385 91 520 8003<\/a><br \/>\nTelefon: <a href=\"tel:+36209343396\">+362 09 343 396<\/a><br \/>\nE-mail:<a href=\"mailto:buborek@buborek.hu\"> buborek@buborek.hu<\/a>; <a href=\"mailto:gezabububorek@gmail.com\">gezabububorek@gmail.com<\/a><br \/>\nInternet: <a href=\"http:\/\/www.buborek.hu\" target=\"_blank\" rel=\"noopener noreferrer\">www.buborek.hu<\/a><br \/>\nAdresse: Bra\u0107e Linardi\u0107a 6, 51500 Krk<\/p>\n<p><strong>Styria-guenisdiving-center<br \/>\n<\/strong>Telefon: <a href=\"tel:+38551221945\">+385 51 221 945<\/a><strong><br \/>\n<\/strong>Mobil: <a href=\"tel:+385989152109\">+385 98 91 52 109 <\/a>\u00a0(Austria): <a href=\"tel:+436643116004\">+43 664 311 6004<\/a><br \/>\nE-mail: <a href=\"mailto:info@styria-guenisdiving-group.com\">info@styria-guenisdiving-group.com<\/a><br \/>\nInternet: <a href=\"http:\/\/www.styria-guenisdiving-center.com\" target=\"_blank\" rel=\"noopener noreferrer\">www.styria-guenisdiving-center.com<\/a><br \/>\nAdresse: Dubrova\u010dka 10, 51500 Krk[\/vc_column_text][\/vc_column_inner][vc_column_inner width=&#8221;1\/2&#8243;][vc_single_image image=&#8221;6091&#8243; img_size=&#8221;full&#8221;][\/vc_column_inner][\/vc_row_inner][vc_empty_space][\/vc_column][\/vc_row]<\/p>\n","protected":false},"excerpt":{"rendered":"<p>[vc_row][vc_column][vc_column_text css=&#8221;.vc_custom_1579872953715{padding-bottom: 20px !important;}&#8221;]Das kristallklare Meer rund um die Insel Krk ist voll von Fischen, Meereslebewesen, versteckten Buchten und versunkenen Schiffswracks. Erfahrene Taucher nehmen Sie mit auf eine Reise, um diese wundersch\u00f6ne Unterwasserwelt zu erkunden und versunkene Schiffswracks wie das griechische Schiff Peltastis zu finden, das in den 1860er Jahren in der N\u00e4he von \u0160ilo sank. Wenn Sie kein erfahrener Taucher sind, k\u00f6nnen Sie in einem der verschiedenen Tauchzentren auf der Insel Tauchkurse buchen.[\/vc_column_text][vc_row_inner][vc_column_inner width=&#8221;1\/2&#8243;][vc_column_text css=&#8221;.vc_custom_1579873043639{padding-bottom: 10px !important;}&#8221;] Tauchklubs [\/vc_column_text][vc_column_text]Tauchclub BIOS Mobil: +385 91 505 3391 Adresse: Senjska bb, 51500&#8230;<\/p>\n","protected":false},"author":1,"featured_media":0,"parent":8396,"menu_order":0,"comment_status":"closed","ping_status":"closed","template":"","meta":[],"yoast_head":"<!-- This site is optimized with the Yoast SEO plugin v16.0.1 - https:\/\/yoast.com\/wordpress\/plugins\/seo\/ -->\n<title>Tauchzentren - Experience Krk<\/title>\n<link rel=\"canonical\" href=\"https:\/\/experiencekrk.com\/de\/abenteuerreisen\/tauchzentren\/\" \/>\n<meta property=\"og:locale\" content=\"de_DE\" \/>\n<meta property=\"og:type\" content=\"article\" \/>\n<meta property=\"og:title\" content=\"Tauchzentren - Experience Krk\" \/>\n<meta property=\"og:description\" content=\"[vc_row][vc_column][vc_column_text css=&#8221;.vc_custom_1579872953715{padding-bottom: 20px !important;}&#8221;]Das kristallklare Meer rund um die Insel Krk ist voll von Fischen, Meereslebewesen, versteckten Buchten und versunkenen Schiffswracks. Erfahrene Taucher nehmen Sie mit auf eine Reise, um diese wundersch\u00f6ne Unterwasserwelt zu erkunden und versunkene Schiffswracks wie das griechische Schiff Peltastis zu finden, das in den 1860er Jahren in der N\u00e4he von \u0160ilo sank. Wenn Sie kein erfahrener Taucher sind, k\u00f6nnen Sie in einem der verschiedenen Tauchzentren auf der Insel Tauchkurse buchen.[\/vc_column_text][vc_row_inner][vc_column_inner width=&#8221;1\/2&#8243;][vc_column_text css=&#8221;.vc_custom_1579873043639{padding-bottom: 10px !important;}&#8221;] Tauchklubs [\/vc_column_text][vc_column_text]Tauchclub BIOS Mobil: +385 91 505 3391 Adresse: Senjska bb, 51500...\" \/>\n<meta property=\"og:url\" content=\"https:\/\/experiencekrk.com\/de\/abenteuerreisen\/tauchzentren\/\" \/>\n<meta property=\"og:site_name\" content=\"Experience Krk\" \/>\n<meta property=\"article:modified_time\" content=\"2020-01-24T13:44:46+00:00\" \/>\n<meta name=\"twitter:card\" content=\"summary_large_image\" \/>\n<meta name=\"twitter:label1\" content=\"Gesch\u00e4tzte Lesezeit\">\n\t<meta name=\"twitter:data1\" content=\"3\u00a0Minuten\">\n<script type=\"application\/ld+json\" class=\"yoast-schema-graph\">{\"@context\":\"https:\/\/schema.org\",\"@graph\":[{\"@type\":\"WebSite\",\"@id\":\"https:\/\/experiencekrk.com\/#website\",\"url\":\"https:\/\/experiencekrk.com\/\",\"name\":\"Experience Krk\",\"description\":\"Cultural Tours, Food &amp; Wine and more\",\"potentialAction\":[{\"@type\":\"SearchAction\",\"target\":\"https:\/\/experiencekrk.com\/?s={search_term_string}\",\"query-input\":\"required name=search_term_string\"}],\"inLanguage\":\"de\"},{\"@type\":\"WebPage\",\"@id\":\"https:\/\/experiencekrk.com\/de\/abenteuerreisen\/tauchzentren\/#webpage\",\"url\":\"https:\/\/experiencekrk.com\/de\/abenteuerreisen\/tauchzentren\/\",\"name\":\"Tauchzentren - Experience Krk\",\"isPartOf\":{\"@id\":\"https:\/\/experiencekrk.com\/#website\"},\"datePublished\":\"2019-04-30T10:36:58+00:00\",\"dateModified\":\"2020-01-24T13:44:46+00:00\",\"breadcrumb\":{\"@id\":\"https:\/\/experiencekrk.com\/de\/abenteuerreisen\/tauchzentren\/#breadcrumb\"},\"inLanguage\":\"de\",\"potentialAction\":[{\"@type\":\"ReadAction\",\"target\":[\"https:\/\/experiencekrk.com\/de\/abenteuerreisen\/tauchzentren\/\"]}]},{\"@type\":\"BreadcrumbList\",\"@id\":\"https:\/\/experiencekrk.com\/de\/abenteuerreisen\/tauchzentren\/#breadcrumb\",\"itemListElement\":[{\"@type\":\"ListItem\",\"position\":1,\"item\":{\"@type\":\"WebPage\",\"@id\":\"https:\/\/experiencekrk.com\/de\/\",\"url\":\"https:\/\/experiencekrk.com\/de\/\",\"name\":\"Home\"}},{\"@type\":\"ListItem\",\"position\":2,\"item\":{\"@type\":\"WebPage\",\"@id\":\"https:\/\/experiencekrk.com\/de\/abenteuerreisen\/\",\"url\":\"https:\/\/experiencekrk.com\/de\/abenteuerreisen\/\",\"name\":\"Abenteuerreisen\"}},{\"@type\":\"ListItem\",\"position\":3,\"item\":{\"@type\":\"WebPage\",\"@id\":\"https:\/\/experiencekrk.com\/de\/abenteuerreisen\/tauchzentren\/\",\"url\":\"https:\/\/experiencekrk.com\/de\/abenteuerreisen\/tauchzentren\/\",\"name\":\"Tauchzentren\"}}]}]}<\/script>\n<!-- \/ Yoast SEO plugin. -->","_links":{"self":[{"href":"https:\/\/experiencekrk.com\/de\/wp-json\/wp\/v2\/pages\/8401"}],"collection":[{"href":"https:\/\/experiencekrk.com\/de\/wp-json\/wp\/v2\/pages"}],"about":[{"href":"https:\/\/experiencekrk.com\/de\/wp-json\/wp\/v2\/types\/page"}],"author":[{"embeddable":true,"href":"https:\/\/experiencekrk.com\/de\/wp-json\/wp\/v2\/users\/1"}],"replies":[{"embeddable":true,"href":"https:\/\/experiencekrk.com\/de\/wp-json\/wp\/v2\/comments?post=8401"}],"version-history":[{"count":2,"href":"https:\/\/experiencekrk.com\/de\/wp-json\/wp\/v2\/pages\/8401\/revisions"}],"predecessor-version":[{"id":8404,"href":"https:\/\/experiencekrk.com\/de\/wp-json\/wp\/v2\/pages\/8401\/revisions\/8404"}],"up":[{"embeddable":true,"href":"https:\/\/experiencekrk.com\/de\/wp-json\/wp\/v2\/pages\/8396"}],"wp:attachment":[{"href":"https:\/\/experiencekrk.com\/de\/wp-json\/wp\/v2\/media?parent=8401"}],"curies":[{"name":"wp","href":"https:\/\/api.w.org\/{rel}","templated":true}]}}